{"id":108643,"date":"2026-04-14T16:36:36","date_gmt":"2026-04-14T14:36:36","guid":{"rendered":"https:\/\/www.koonings.com\/product\/le-papillon-von-modeca-hanne\/"},"modified":"2026-04-14T15:44:55","modified_gmt":"2026-04-14T13:44:55","slug":"le-papillon-von-modeca-hanne","status":"publish","type":"product","link":"https:\/\/www.koonings.com\/de\/product\/le-papillon-von-modeca-hanne\/","title":{"rendered":"Le Papillon von Modeca Hanne"},"content":{"rendered":"<p>Hanne ist ein raffiniert geschnittenes Hochzeitskleid, das komplett aus Spitze besteht. Das Design zeichnet sich durch ein transparentes Korsettmieder, zarte Tr\u00e4ger und lange Spitzen\u00e4rmel aus, die einen romantischen und modischen Look kreieren. F\u00fcr einen engeren Look ist dieses Modell auch ohne \u00c4rmel als Hanne-D erh\u00e4ltlich.  <\/p>\n<p>Dieses elegante Design ist Teil der Le Papillon by Modeca Kollektion und bei Koonings erh\u00e4ltlich.<\/p>\n","protected":false},"featured_media":96783,"template":"","meta":{"_acf_changed":false,"ghostkit_customizer_options":"","ghostkit_custom_css":"","ghostkit_custom_js_head":"","ghostkit_custom_js_foot":"","ghostkit_typography":""},"productdetails":[376],"productneck":[355],"productcolor":[393,392],"maat":[],"productsupplier":[411],"productsleeve":[357,359,362],"productcategory":[18],"productsilhouette":[389],"productstyle":[369,366],"class_list":["post-108643","product","type-product","status-publish","has-post-thumbnail","hentry","productdetails-376","productneck-355","productcolor-393","productcolor-392","productsupplier-le-papillon-by-modeca","productsleeve-357","productsleeve-359","productsleeve-362","productcategory-trouwjurken","productsilhouette-389","productstyle-369","productstyle-366"],"acf":[],"yoast_head":"<!-- This site is optimized with the Yoast SEO plugin v27.3 - https:\/\/yoast.com\/product\/yoast-seo-wordpress\/ -->\n<title>Le Papillon von Modeca Hanne | Koonings<\/title>\n<meta name=\"description\" content=\"Hanne ist ein raffiniert geschnittenes Hochzeitskleid, das komplett aus Spitze besteht. Das Design zeichnet sich durch ein transparentes Korsettmieder, zarte Tr\u00e4ger und lange Spitzen\u00e4rmel aus, die einen romantischen und modischen Look kreieren. F\u00fcr einen engeren Look ist dieses Modell auch ohne \u00c4rmel als Hanne-D erh\u00e4ltlich. Dieses elegante Design ist Teil der Le Papillon by Modeca Kollektion und bei Koonings erh\u00e4ltlich.\" \/>\n<meta name=\"robots\" content=\"index, follow, max-snippet:-1, max-image-preview:large, max-video-preview:-1\" \/>\n<link rel=\"canonical\" href=\"https:\/\/www.koonings.com\/de\/product\/le-papillon-von-modeca-hanne\/\" \/>\n<meta property=\"og:locale\" content=\"de_DE\" \/>\n<meta property=\"og:type\" content=\"article\" \/>\n<meta property=\"og:title\" content=\"Le Papillon von Modeca Hanne | Koonings\" \/>\n<meta property=\"og:description\" content=\"Hanne ist ein raffiniert geschnittenes Hochzeitskleid, das komplett aus Spitze besteht. Das Design zeichnet sich durch ein transparentes Korsettmieder, zarte Tr\u00e4ger und lange Spitzen\u00e4rmel aus, die einen romantischen und modischen Look kreieren. F\u00fcr einen engeren Look ist dieses Modell auch ohne \u00c4rmel als Hanne-D erh\u00e4ltlich. Dieses elegante Design ist Teil der Le Papillon by Modeca Kollektion und bei Koonings erh\u00e4ltlich.\" \/>\n<meta property=\"og:url\" content=\"https:\/\/www.koonings.com\/de\/product\/le-papillon-von-modeca-hanne\/\" \/>\n<meta property=\"og:site_name\" content=\"Koonings\" \/>\n<meta property=\"article:publisher\" content=\"https:\/\/www.facebook.com\/kooningstheweddingpalace\" \/>\n<meta property=\"og:image\" content=\"https:\/\/www.koonings.com\/wp-content\/uploads\/2025\/09\/51082_f16c33bb59c352dc42d4c92f503f249fe18cf5824bbbe4e88e1fad36476ce2bb176956aa.jpeg\" \/>\n\t<meta property=\"og:image:width\" content=\"1520\" \/>\n\t<meta property=\"og:image:height\" content=\"2147\" \/>\n\t<meta property=\"og:image:type\" content=\"image\/jpeg\" \/>\n<meta name=\"twitter:card\" content=\"summary_large_image\" \/>\n<script type=\"application\/ld+json\" class=\"yoast-schema-graph\">{\"@context\":\"https:\\\/\\\/schema.org\",\"@graph\":[{\"@type\":\"WebPage\",\"@id\":\"https:\\\/\\\/www.koonings.com\\\/de\\\/product\\\/le-papillon-von-modeca-hanne\\\/\",\"url\":\"https:\\\/\\\/www.koonings.com\\\/de\\\/product\\\/le-papillon-von-modeca-hanne\\\/\",\"name\":\"Le Papillon von Modeca Hanne | Koonings\",\"isPartOf\":{\"@id\":\"https:\\\/\\\/www.koonings.com\\\/de\\\/#website\"},\"primaryImageOfPage\":{\"@id\":\"https:\\\/\\\/www.koonings.com\\\/de\\\/product\\\/le-papillon-von-modeca-hanne\\\/#primaryimage\"},\"image\":{\"@id\":\"https:\\\/\\\/www.koonings.com\\\/de\\\/product\\\/le-papillon-von-modeca-hanne\\\/#primaryimage\"},\"thumbnailUrl\":\"https:\\\/\\\/www.koonings.com\\\/wp-content\\\/uploads\\\/2025\\\/09\\\/51082_f16c33bb59c352dc42d4c92f503f249fe18cf5824bbbe4e88e1fad36476ce2bb176956aa.jpeg\",\"datePublished\":\"2026-04-14T14:36:36+00:00\",\"description\":\"Hanne ist ein raffiniert geschnittenes Hochzeitskleid, das komplett aus Spitze besteht. Das Design zeichnet sich durch ein transparentes Korsettmieder, zarte Tr\u00e4ger und lange Spitzen\u00e4rmel aus, die einen romantischen und modischen Look kreieren. F\u00fcr einen engeren Look ist dieses Modell auch ohne \u00c4rmel als Hanne-D erh\u00e4ltlich. Dieses elegante Design ist Teil der Le Papillon by Modeca Kollektion und bei Koonings erh\u00e4ltlich.\",\"breadcrumb\":{\"@id\":\"https:\\\/\\\/www.koonings.com\\\/de\\\/product\\\/le-papillon-von-modeca-hanne\\\/#breadcrumb\"},\"inLanguage\":\"de\",\"potentialAction\":[{\"@type\":\"ReadAction\",\"target\":[\"https:\\\/\\\/www.koonings.com\\\/de\\\/product\\\/le-papillon-von-modeca-hanne\\\/\"]}]},{\"@type\":\"ImageObject\",\"inLanguage\":\"de\",\"@id\":\"https:\\\/\\\/www.koonings.com\\\/de\\\/product\\\/le-papillon-von-modeca-hanne\\\/#primaryimage\",\"url\":\"https:\\\/\\\/www.koonings.com\\\/wp-content\\\/uploads\\\/2025\\\/09\\\/51082_f16c33bb59c352dc42d4c92f503f249fe18cf5824bbbe4e88e1fad36476ce2bb176956aa.jpeg\",\"contentUrl\":\"https:\\\/\\\/www.koonings.com\\\/wp-content\\\/uploads\\\/2025\\\/09\\\/51082_f16c33bb59c352dc42d4c92f503f249fe18cf5824bbbe4e88e1fad36476ce2bb176956aa.jpeg\",\"width\":1520,\"height\":2147},{\"@type\":\"BreadcrumbList\",\"@id\":\"https:\\\/\\\/www.koonings.com\\\/de\\\/product\\\/le-papillon-von-modeca-hanne\\\/#breadcrumb\",\"itemListElement\":[{\"@type\":\"ListItem\",\"position\":1,\"name\":\"Home\",\"item\":\"https:\\\/\\\/www.koonings.com\\\/de\\\/\"},{\"@type\":\"ListItem\",\"position\":2,\"name\":\"Le Papillon von Modeca Hanne\"}]},{\"@type\":\"WebSite\",\"@id\":\"https:\\\/\\\/www.koonings.com\\\/de\\\/#website\",\"url\":\"https:\\\/\\\/www.koonings.com\\\/de\\\/\",\"name\":\"Koonings\",\"description\":\"De grootste bruidsmodewinkel ter wereld\",\"publisher\":{\"@id\":\"https:\\\/\\\/www.koonings.com\\\/de\\\/#organization\"},\"potentialAction\":[{\"@type\":\"SearchAction\",\"target\":{\"@type\":\"EntryPoint\",\"urlTemplate\":\"https:\\\/\\\/www.koonings.com\\\/de\\\/?s={search_term_string}\"},\"query-input\":{\"@type\":\"PropertyValueSpecification\",\"valueRequired\":true,\"valueName\":\"search_term_string\"}}],\"inLanguage\":\"de\"},{\"@type\":\"Organization\",\"@id\":\"https:\\\/\\\/www.koonings.com\\\/de\\\/#organization\",\"name\":\"Koonings\",\"url\":\"https:\\\/\\\/www.koonings.com\\\/de\\\/\",\"logo\":{\"@type\":\"ImageObject\",\"inLanguage\":\"de\",\"@id\":\"https:\\\/\\\/www.koonings.com\\\/de\\\/#\\\/schema\\\/logo\\\/image\\\/\",\"url\":\"https:\\\/\\\/www.koonings.com\\\/wp-content\\\/uploads\\\/2024\\\/07\\\/logo.png\",\"contentUrl\":\"https:\\\/\\\/www.koonings.com\\\/wp-content\\\/uploads\\\/2024\\\/07\\\/logo.png\",\"width\":600,\"height\":428,\"caption\":\"Koonings\"},\"image\":{\"@id\":\"https:\\\/\\\/www.koonings.com\\\/de\\\/#\\\/schema\\\/logo\\\/image\\\/\"},\"sameAs\":[\"https:\\\/\\\/www.facebook.com\\\/kooningstheweddingpalace\",\"https:\\\/\\\/www.instagram.com\\\/kooningstheweddingpalace\",\"https:\\\/\\\/www.pinterest.com\\\/koonings\",\"https:\\\/\\\/www.youtube.com\\\/kooningstheweddingpalace\"]}]}<\/script>\n<!-- \/ Yoast SEO plugin. -->","yoast_head_json":{"title":"Le Papillon von Modeca Hanne | Koonings","description":"Hanne ist ein raffiniert geschnittenes Hochzeitskleid, das komplett aus Spitze besteht. Das Design zeichnet sich durch ein transparentes Korsettmieder, zarte Tr\u00e4ger und lange Spitzen\u00e4rmel aus, die einen romantischen und modischen Look kreieren. F\u00fcr einen engeren Look ist dieses Modell auch ohne \u00c4rmel als Hanne-D erh\u00e4ltlich. Dieses elegante Design ist Teil der Le Papillon by Modeca Kollektion und bei Koonings erh\u00e4ltlich.","robots":{"index":"index","follow":"follow","max-snippet":"max-snippet:-1","max-image-preview":"max-image-preview:large","max-video-preview":"max-video-preview:-1"},"canonical":"https:\/\/www.koonings.com\/de\/product\/le-papillon-von-modeca-hanne\/","og_locale":"de_DE","og_type":"article","og_title":"Le Papillon von Modeca Hanne | Koonings","og_description":"Hanne ist ein raffiniert geschnittenes Hochzeitskleid, das komplett aus Spitze besteht. Das Design zeichnet sich durch ein transparentes Korsettmieder, zarte Tr\u00e4ger und lange Spitzen\u00e4rmel aus, die einen romantischen und modischen Look kreieren. F\u00fcr einen engeren Look ist dieses Modell auch ohne \u00c4rmel als Hanne-D erh\u00e4ltlich. Dieses elegante Design ist Teil der Le Papillon by Modeca Kollektion und bei Koonings erh\u00e4ltlich.","og_url":"https:\/\/www.koonings.com\/de\/product\/le-papillon-von-modeca-hanne\/","og_site_name":"Koonings","article_publisher":"https:\/\/www.facebook.com\/kooningstheweddingpalace","og_image":[{"width":1520,"height":2147,"url":"https:\/\/www.koonings.com\/wp-content\/uploads\/2025\/09\/51082_f16c33bb59c352dc42d4c92f503f249fe18cf5824bbbe4e88e1fad36476ce2bb176956aa.jpeg","type":"image\/jpeg"}],"twitter_card":"summary_large_image","schema":{"@context":"https:\/\/schema.org","@graph":[{"@type":"WebPage","@id":"https:\/\/www.koonings.com\/de\/product\/le-papillon-von-modeca-hanne\/","url":"https:\/\/www.koonings.com\/de\/product\/le-papillon-von-modeca-hanne\/","name":"Le Papillon von Modeca Hanne | Koonings","isPartOf":{"@id":"https:\/\/www.koonings.com\/de\/#website"},"primaryImageOfPage":{"@id":"https:\/\/www.koonings.com\/de\/product\/le-papillon-von-modeca-hanne\/#primaryimage"},"image":{"@id":"https:\/\/www.koonings.com\/de\/product\/le-papillon-von-modeca-hanne\/#primaryimage"},"thumbnailUrl":"https:\/\/www.koonings.com\/wp-content\/uploads\/2025\/09\/51082_f16c33bb59c352dc42d4c92f503f249fe18cf5824bbbe4e88e1fad36476ce2bb176956aa.jpeg","datePublished":"2026-04-14T14:36:36+00:00","description":"Hanne ist ein raffiniert geschnittenes Hochzeitskleid, das komplett aus Spitze besteht. Das Design zeichnet sich durch ein transparentes Korsettmieder, zarte Tr\u00e4ger und lange Spitzen\u00e4rmel aus, die einen romantischen und modischen Look kreieren. F\u00fcr einen engeren Look ist dieses Modell auch ohne \u00c4rmel als Hanne-D erh\u00e4ltlich. Dieses elegante Design ist Teil der Le Papillon by Modeca Kollektion und bei Koonings erh\u00e4ltlich.","breadcrumb":{"@id":"https:\/\/www.koonings.com\/de\/product\/le-papillon-von-modeca-hanne\/#breadcrumb"},"inLanguage":"de","potentialAction":[{"@type":"ReadAction","target":["https:\/\/www.koonings.com\/de\/product\/le-papillon-von-modeca-hanne\/"]}]},{"@type":"ImageObject","inLanguage":"de","@id":"https:\/\/www.koonings.com\/de\/product\/le-papillon-von-modeca-hanne\/#primaryimage","url":"https:\/\/www.koonings.com\/wp-content\/uploads\/2025\/09\/51082_f16c33bb59c352dc42d4c92f503f249fe18cf5824bbbe4e88e1fad36476ce2bb176956aa.jpeg","contentUrl":"https:\/\/www.koonings.com\/wp-content\/uploads\/2025\/09\/51082_f16c33bb59c352dc42d4c92f503f249fe18cf5824bbbe4e88e1fad36476ce2bb176956aa.jpeg","width":1520,"height":2147},{"@type":"BreadcrumbList","@id":"https:\/\/www.koonings.com\/de\/product\/le-papillon-von-modeca-hanne\/#breadcrumb","itemListElement":[{"@type":"ListItem","position":1,"name":"Home","item":"https:\/\/www.koonings.com\/de\/"},{"@type":"ListItem","position":2,"name":"Le Papillon von Modeca Hanne"}]},{"@type":"WebSite","@id":"https:\/\/www.koonings.com\/de\/#website","url":"https:\/\/www.koonings.com\/de\/","name":"Koonings","description":"De grootste bruidsmodewinkel ter wereld","publisher":{"@id":"https:\/\/www.koonings.com\/de\/#organization"},"potentialAction":[{"@type":"SearchAction","target":{"@type":"EntryPoint","urlTemplate":"https:\/\/www.koonings.com\/de\/?s={search_term_string}"},"query-input":{"@type":"PropertyValueSpecification","valueRequired":true,"valueName":"search_term_string"}}],"inLanguage":"de"},{"@type":"Organization","@id":"https:\/\/www.koonings.com\/de\/#organization","name":"Koonings","url":"https:\/\/www.koonings.com\/de\/","logo":{"@type":"ImageObject","inLanguage":"de","@id":"https:\/\/www.koonings.com\/de\/#\/schema\/logo\/image\/","url":"https:\/\/www.koonings.com\/wp-content\/uploads\/2024\/07\/logo.png","contentUrl":"https:\/\/www.koonings.com\/wp-content\/uploads\/2024\/07\/logo.png","width":600,"height":428,"caption":"Koonings"},"image":{"@id":"https:\/\/www.koonings.com\/de\/#\/schema\/logo\/image\/"},"sameAs":["https:\/\/www.facebook.com\/kooningstheweddingpalace","https:\/\/www.instagram.com\/kooningstheweddingpalace","https:\/\/www.pinterest.com\/koonings","https:\/\/www.youtube.com\/kooningstheweddingpalace"]}]}},"_links":{"self":[{"href":"https:\/\/www.koonings.com\/de\/wp-json\/wp\/v2\/product\/108643","targetHints":{"allow":["GET"]}}],"collection":[{"href":"https:\/\/www.koonings.com\/de\/wp-json\/wp\/v2\/product"}],"about":[{"href":"https:\/\/www.koonings.com\/de\/wp-json\/wp\/v2\/types\/product"}],"wp:featuredmedia":[{"embeddable":true,"href":"https:\/\/www.koonings.com\/de\/wp-json\/wp\/v2\/media\/96783"}],"wp:attachment":[{"href":"https:\/\/www.koonings.com\/de\/wp-json\/wp\/v2\/media?parent=108643"}],"wp:term":[{"taxonomy":"productdetails","embeddable":true,"href":"https:\/\/www.koonings.com\/de\/wp-json\/wp\/v2\/productdetails?post=108643"},{"taxonomy":"productneck","embeddable":true,"href":"https:\/\/www.koonings.com\/de\/wp-json\/wp\/v2\/productneck?post=108643"},{"taxonomy":"productcolor","embeddable":true,"href":"https:\/\/www.koonings.com\/de\/wp-json\/wp\/v2\/productcolor?post=108643"},{"taxonomy":"maat","embeddable":true,"href":"https:\/\/www.koonings.com\/de\/wp-json\/wp\/v2\/maat?post=108643"},{"taxonomy":"productsupplier","embeddable":true,"href":"https:\/\/www.koonings.com\/de\/wp-json\/wp\/v2\/productsupplier?post=108643"},{"taxonomy":"productsleeve","embeddable":true,"href":"https:\/\/www.koonings.com\/de\/wp-json\/wp\/v2\/productsleeve?post=108643"},{"taxonomy":"productcategory","embeddable":true,"href":"https:\/\/www.koonings.com\/de\/wp-json\/wp\/v2\/productcategory?post=108643"},{"taxonomy":"productsilhouette","embeddable":true,"href":"https:\/\/www.koonings.com\/de\/wp-json\/wp\/v2\/productsilhouette?post=108643"},{"taxonomy":"productstyle","embeddable":true,"href":"https:\/\/www.koonings.com\/de\/wp-json\/wp\/v2\/productstyle?post=108643"}],"curies":[{"name":"wp","href":"https:\/\/api.w.org\/{rel}","templated":true}]}}