{"id":108617,"date":"2026-04-14T16:36:25","date_gmt":"2026-04-14T14:36:25","guid":{"rendered":"https:\/\/www.koonings.com\/product\/herve-paris-nele\/"},"modified":"2026-04-14T15:36:25","modified_gmt":"2026-04-14T13:36:25","slug":"herve-paris-nele","status":"publish","type":"product","link":"https:\/\/www.koonings.com\/de\/product\/herve-paris-nele\/","title":{"rendered":"Herve Paris Nele"},"content":{"rendered":"<p>Dieses Kleid wird alle Blicke auf sich ziehen, und zwar aus den richtigen Gr\u00fcnden. Dieses figurbetonte Spitzenkleid ist oben vollst\u00e4ndig mit Perlen verziert, die dem eleganten Design einen ganz subtilen Schimmer verleihen. Die abnehmbaren langen Illusions\u00e4rmel aus Spitze sorgen f\u00fcr ein dramatisches und romantisches Element, das f\u00fcr einen engeren Look einfach abgenommen werden kann. Auch ohne \u00c4rmel erh\u00e4ltlich f\u00fcr einen schlichten, aber ebenso atemberaubenden Look, aus der Kollektion von Herv\u00e9 Paris.   <\/p>\n","protected":false},"featured_media":108619,"template":"","meta":{"_acf_changed":false,"ghostkit_customizer_options":"","ghostkit_custom_css":"","ghostkit_custom_js_head":"","ghostkit_custom_js_foot":"","ghostkit_typography":""},"productdetails":[376,381],"productneck":[352],"productcolor":[392],"maat":[],"productsupplier":[424],"productsleeve":[357,362],"productcategory":[18],"productsilhouette":[389],"productstyle":[366],"class_list":["post-108617","product","type-product","status-publish","has-post-thumbnail","hentry","productdetails-376","productdetails-381","productneck-352","productcolor-392","productsupplier-herve-paris","productsleeve-357","productsleeve-362","productcategory-trouwjurken","productsilhouette-389","productstyle-366"],"acf":[],"yoast_head":"<!-- This site is optimized with the Yoast SEO plugin v27.3 - https:\/\/yoast.com\/product\/yoast-seo-wordpress\/ -->\n<title>Herve Paris Nele | Koonings<\/title>\n<meta name=\"description\" content=\"Dieses Kleid wird alle Blicke auf sich ziehen, und zwar aus den richtigen Gr\u00fcnden. Dieses figurbetonte Spitzenkleid ist oben vollst\u00e4ndig mit Perlen verziert, die dem eleganten Design einen ganz subtilen Schimmer verleihen. Die abnehmbaren langen Illusions\u00e4rmel aus Spitze sorgen f\u00fcr ein dramatisches und romantisches Element, das f\u00fcr einen engeren Look einfach abgenommen werden kann. Auch ohne \u00c4rmel erh\u00e4ltlich f\u00fcr einen schlichten, aber ebenso atemberaubenden Look, aus der Kollektion von Herv\u00e9 Paris.\" \/>\n<meta name=\"robots\" content=\"index, follow, max-snippet:-1, max-image-preview:large, max-video-preview:-1\" \/>\n<link rel=\"canonical\" href=\"https:\/\/www.koonings.com\/de\/product\/herve-paris-nele\/\" \/>\n<meta property=\"og:locale\" content=\"de_DE\" \/>\n<meta property=\"og:type\" content=\"article\" \/>\n<meta property=\"og:title\" content=\"Herve Paris Nele | Koonings\" \/>\n<meta property=\"og:description\" content=\"Dieses Kleid wird alle Blicke auf sich ziehen, und zwar aus den richtigen Gr\u00fcnden. Dieses figurbetonte Spitzenkleid ist oben vollst\u00e4ndig mit Perlen verziert, die dem eleganten Design einen ganz subtilen Schimmer verleihen. Die abnehmbaren langen Illusions\u00e4rmel aus Spitze sorgen f\u00fcr ein dramatisches und romantisches Element, das f\u00fcr einen engeren Look einfach abgenommen werden kann. Auch ohne \u00c4rmel erh\u00e4ltlich f\u00fcr einen schlichten, aber ebenso atemberaubenden Look, aus der Kollektion von Herv\u00e9 Paris.\" \/>\n<meta property=\"og:url\" content=\"https:\/\/www.koonings.com\/de\/product\/herve-paris-nele\/\" \/>\n<meta property=\"og:site_name\" content=\"Koonings\" \/>\n<meta property=\"article:publisher\" content=\"https:\/\/www.facebook.com\/kooningstheweddingpalace\" \/>\n<meta property=\"og:image\" content=\"https:\/\/www.koonings.com\/wp-content\/uploads\/2025\/11\/51057_e1ba02e68a83b1ce1cff7078aaef6fc7900cda03713ddc3776ef9003521e3697e592fb7e.jpeg\" \/>\n\t<meta property=\"og:image:width\" content=\"1385\" \/>\n\t<meta property=\"og:image:height\" content=\"1956\" \/>\n\t<meta property=\"og:image:type\" content=\"image\/jpeg\" \/>\n<meta name=\"twitter:card\" content=\"summary_large_image\" \/>\n<script type=\"application\/ld+json\" class=\"yoast-schema-graph\">{\"@context\":\"https:\\\/\\\/schema.org\",\"@graph\":[{\"@type\":\"WebPage\",\"@id\":\"https:\\\/\\\/www.koonings.com\\\/de\\\/product\\\/herve-paris-nele\\\/\",\"url\":\"https:\\\/\\\/www.koonings.com\\\/de\\\/product\\\/herve-paris-nele\\\/\",\"name\":\"Herve Paris Nele | Koonings\",\"isPartOf\":{\"@id\":\"https:\\\/\\\/www.koonings.com\\\/de\\\/#website\"},\"primaryImageOfPage\":{\"@id\":\"https:\\\/\\\/www.koonings.com\\\/de\\\/product\\\/herve-paris-nele\\\/#primaryimage\"},\"image\":{\"@id\":\"https:\\\/\\\/www.koonings.com\\\/de\\\/product\\\/herve-paris-nele\\\/#primaryimage\"},\"thumbnailUrl\":\"https:\\\/\\\/www.koonings.com\\\/wp-content\\\/uploads\\\/2025\\\/11\\\/51057_e1ba02e68a83b1ce1cff7078aaef6fc7900cda03713ddc3776ef9003521e3697e592fb7e.jpeg\",\"datePublished\":\"2026-04-14T14:36:25+00:00\",\"description\":\"Dieses Kleid wird alle Blicke auf sich ziehen, und zwar aus den richtigen Gr\u00fcnden. Dieses figurbetonte Spitzenkleid ist oben vollst\u00e4ndig mit Perlen verziert, die dem eleganten Design einen ganz subtilen Schimmer verleihen. Die abnehmbaren langen Illusions\u00e4rmel aus Spitze sorgen f\u00fcr ein dramatisches und romantisches Element, das f\u00fcr einen engeren Look einfach abgenommen werden kann. Auch ohne \u00c4rmel erh\u00e4ltlich f\u00fcr einen schlichten, aber ebenso atemberaubenden Look, aus der Kollektion von Herv\u00e9 Paris.\",\"breadcrumb\":{\"@id\":\"https:\\\/\\\/www.koonings.com\\\/de\\\/product\\\/herve-paris-nele\\\/#breadcrumb\"},\"inLanguage\":\"de\",\"potentialAction\":[{\"@type\":\"ReadAction\",\"target\":[\"https:\\\/\\\/www.koonings.com\\\/de\\\/product\\\/herve-paris-nele\\\/\"]}]},{\"@type\":\"ImageObject\",\"inLanguage\":\"de\",\"@id\":\"https:\\\/\\\/www.koonings.com\\\/de\\\/product\\\/herve-paris-nele\\\/#primaryimage\",\"url\":\"https:\\\/\\\/www.koonings.com\\\/wp-content\\\/uploads\\\/2025\\\/11\\\/51057_e1ba02e68a83b1ce1cff7078aaef6fc7900cda03713ddc3776ef9003521e3697e592fb7e.jpeg\",\"contentUrl\":\"https:\\\/\\\/www.koonings.com\\\/wp-content\\\/uploads\\\/2025\\\/11\\\/51057_e1ba02e68a83b1ce1cff7078aaef6fc7900cda03713ddc3776ef9003521e3697e592fb7e.jpeg\",\"width\":1385,\"height\":1956},{\"@type\":\"BreadcrumbList\",\"@id\":\"https:\\\/\\\/www.koonings.com\\\/de\\\/product\\\/herve-paris-nele\\\/#breadcrumb\",\"itemListElement\":[{\"@type\":\"ListItem\",\"position\":1,\"name\":\"Home\",\"item\":\"https:\\\/\\\/www.koonings.com\\\/de\\\/\"},{\"@type\":\"ListItem\",\"position\":2,\"name\":\"Herve Paris Nele\"}]},{\"@type\":\"WebSite\",\"@id\":\"https:\\\/\\\/www.koonings.com\\\/de\\\/#website\",\"url\":\"https:\\\/\\\/www.koonings.com\\\/de\\\/\",\"name\":\"Koonings\",\"description\":\"De grootste bruidsmodewinkel ter wereld\",\"publisher\":{\"@id\":\"https:\\\/\\\/www.koonings.com\\\/de\\\/#organization\"},\"potentialAction\":[{\"@type\":\"SearchAction\",\"target\":{\"@type\":\"EntryPoint\",\"urlTemplate\":\"https:\\\/\\\/www.koonings.com\\\/de\\\/?s={search_term_string}\"},\"query-input\":{\"@type\":\"PropertyValueSpecification\",\"valueRequired\":true,\"valueName\":\"search_term_string\"}}],\"inLanguage\":\"de\"},{\"@type\":\"Organization\",\"@id\":\"https:\\\/\\\/www.koonings.com\\\/de\\\/#organization\",\"name\":\"Koonings\",\"url\":\"https:\\\/\\\/www.koonings.com\\\/de\\\/\",\"logo\":{\"@type\":\"ImageObject\",\"inLanguage\":\"de\",\"@id\":\"https:\\\/\\\/www.koonings.com\\\/de\\\/#\\\/schema\\\/logo\\\/image\\\/\",\"url\":\"https:\\\/\\\/www.koonings.com\\\/wp-content\\\/uploads\\\/2024\\\/07\\\/logo.png\",\"contentUrl\":\"https:\\\/\\\/www.koonings.com\\\/wp-content\\\/uploads\\\/2024\\\/07\\\/logo.png\",\"width\":600,\"height\":428,\"caption\":\"Koonings\"},\"image\":{\"@id\":\"https:\\\/\\\/www.koonings.com\\\/de\\\/#\\\/schema\\\/logo\\\/image\\\/\"},\"sameAs\":[\"https:\\\/\\\/www.facebook.com\\\/kooningstheweddingpalace\",\"https:\\\/\\\/www.instagram.com\\\/kooningstheweddingpalace\",\"https:\\\/\\\/www.pinterest.com\\\/koonings\",\"https:\\\/\\\/www.youtube.com\\\/kooningstheweddingpalace\"]}]}<\/script>\n<!-- \/ Yoast SEO plugin. -->","yoast_head_json":{"title":"Herve Paris Nele | Koonings","description":"Dieses Kleid wird alle Blicke auf sich ziehen, und zwar aus den richtigen Gr\u00fcnden. Dieses figurbetonte Spitzenkleid ist oben vollst\u00e4ndig mit Perlen verziert, die dem eleganten Design einen ganz subtilen Schimmer verleihen. Die abnehmbaren langen Illusions\u00e4rmel aus Spitze sorgen f\u00fcr ein dramatisches und romantisches Element, das f\u00fcr einen engeren Look einfach abgenommen werden kann. Auch ohne \u00c4rmel erh\u00e4ltlich f\u00fcr einen schlichten, aber ebenso atemberaubenden Look, aus der Kollektion von Herv\u00e9 Paris.","robots":{"index":"index","follow":"follow","max-snippet":"max-snippet:-1","max-image-preview":"max-image-preview:large","max-video-preview":"max-video-preview:-1"},"canonical":"https:\/\/www.koonings.com\/de\/product\/herve-paris-nele\/","og_locale":"de_DE","og_type":"article","og_title":"Herve Paris Nele | Koonings","og_description":"Dieses Kleid wird alle Blicke auf sich ziehen, und zwar aus den richtigen Gr\u00fcnden. Dieses figurbetonte Spitzenkleid ist oben vollst\u00e4ndig mit Perlen verziert, die dem eleganten Design einen ganz subtilen Schimmer verleihen. Die abnehmbaren langen Illusions\u00e4rmel aus Spitze sorgen f\u00fcr ein dramatisches und romantisches Element, das f\u00fcr einen engeren Look einfach abgenommen werden kann. Auch ohne \u00c4rmel erh\u00e4ltlich f\u00fcr einen schlichten, aber ebenso atemberaubenden Look, aus der Kollektion von Herv\u00e9 Paris.","og_url":"https:\/\/www.koonings.com\/de\/product\/herve-paris-nele\/","og_site_name":"Koonings","article_publisher":"https:\/\/www.facebook.com\/kooningstheweddingpalace","og_image":[{"width":1385,"height":1956,"url":"https:\/\/www.koonings.com\/wp-content\/uploads\/2025\/11\/51057_e1ba02e68a83b1ce1cff7078aaef6fc7900cda03713ddc3776ef9003521e3697e592fb7e.jpeg","type":"image\/jpeg"}],"twitter_card":"summary_large_image","schema":{"@context":"https:\/\/schema.org","@graph":[{"@type":"WebPage","@id":"https:\/\/www.koonings.com\/de\/product\/herve-paris-nele\/","url":"https:\/\/www.koonings.com\/de\/product\/herve-paris-nele\/","name":"Herve Paris Nele | Koonings","isPartOf":{"@id":"https:\/\/www.koonings.com\/de\/#website"},"primaryImageOfPage":{"@id":"https:\/\/www.koonings.com\/de\/product\/herve-paris-nele\/#primaryimage"},"image":{"@id":"https:\/\/www.koonings.com\/de\/product\/herve-paris-nele\/#primaryimage"},"thumbnailUrl":"https:\/\/www.koonings.com\/wp-content\/uploads\/2025\/11\/51057_e1ba02e68a83b1ce1cff7078aaef6fc7900cda03713ddc3776ef9003521e3697e592fb7e.jpeg","datePublished":"2026-04-14T14:36:25+00:00","description":"Dieses Kleid wird alle Blicke auf sich ziehen, und zwar aus den richtigen Gr\u00fcnden. Dieses figurbetonte Spitzenkleid ist oben vollst\u00e4ndig mit Perlen verziert, die dem eleganten Design einen ganz subtilen Schimmer verleihen. Die abnehmbaren langen Illusions\u00e4rmel aus Spitze sorgen f\u00fcr ein dramatisches und romantisches Element, das f\u00fcr einen engeren Look einfach abgenommen werden kann. Auch ohne \u00c4rmel erh\u00e4ltlich f\u00fcr einen schlichten, aber ebenso atemberaubenden Look, aus der Kollektion von Herv\u00e9 Paris.","breadcrumb":{"@id":"https:\/\/www.koonings.com\/de\/product\/herve-paris-nele\/#breadcrumb"},"inLanguage":"de","potentialAction":[{"@type":"ReadAction","target":["https:\/\/www.koonings.com\/de\/product\/herve-paris-nele\/"]}]},{"@type":"ImageObject","inLanguage":"de","@id":"https:\/\/www.koonings.com\/de\/product\/herve-paris-nele\/#primaryimage","url":"https:\/\/www.koonings.com\/wp-content\/uploads\/2025\/11\/51057_e1ba02e68a83b1ce1cff7078aaef6fc7900cda03713ddc3776ef9003521e3697e592fb7e.jpeg","contentUrl":"https:\/\/www.koonings.com\/wp-content\/uploads\/2025\/11\/51057_e1ba02e68a83b1ce1cff7078aaef6fc7900cda03713ddc3776ef9003521e3697e592fb7e.jpeg","width":1385,"height":1956},{"@type":"BreadcrumbList","@id":"https:\/\/www.koonings.com\/de\/product\/herve-paris-nele\/#breadcrumb","itemListElement":[{"@type":"ListItem","position":1,"name":"Home","item":"https:\/\/www.koonings.com\/de\/"},{"@type":"ListItem","position":2,"name":"Herve Paris Nele"}]},{"@type":"WebSite","@id":"https:\/\/www.koonings.com\/de\/#website","url":"https:\/\/www.koonings.com\/de\/","name":"Koonings","description":"De grootste bruidsmodewinkel ter wereld","publisher":{"@id":"https:\/\/www.koonings.com\/de\/#organization"},"potentialAction":[{"@type":"SearchAction","target":{"@type":"EntryPoint","urlTemplate":"https:\/\/www.koonings.com\/de\/?s={search_term_string}"},"query-input":{"@type":"PropertyValueSpecification","valueRequired":true,"valueName":"search_term_string"}}],"inLanguage":"de"},{"@type":"Organization","@id":"https:\/\/www.koonings.com\/de\/#organization","name":"Koonings","url":"https:\/\/www.koonings.com\/de\/","logo":{"@type":"ImageObject","inLanguage":"de","@id":"https:\/\/www.koonings.com\/de\/#\/schema\/logo\/image\/","url":"https:\/\/www.koonings.com\/wp-content\/uploads\/2024\/07\/logo.png","contentUrl":"https:\/\/www.koonings.com\/wp-content\/uploads\/2024\/07\/logo.png","width":600,"height":428,"caption":"Koonings"},"image":{"@id":"https:\/\/www.koonings.com\/de\/#\/schema\/logo\/image\/"},"sameAs":["https:\/\/www.facebook.com\/kooningstheweddingpalace","https:\/\/www.instagram.com\/kooningstheweddingpalace","https:\/\/www.pinterest.com\/koonings","https:\/\/www.youtube.com\/kooningstheweddingpalace"]}]}},"_links":{"self":[{"href":"https:\/\/www.koonings.com\/de\/wp-json\/wp\/v2\/product\/108617","targetHints":{"allow":["GET"]}}],"collection":[{"href":"https:\/\/www.koonings.com\/de\/wp-json\/wp\/v2\/product"}],"about":[{"href":"https:\/\/www.koonings.com\/de\/wp-json\/wp\/v2\/types\/product"}],"wp:featuredmedia":[{"embeddable":true,"href":"https:\/\/www.koonings.com\/de\/wp-json\/wp\/v2\/media\/108619"}],"wp:attachment":[{"href":"https:\/\/www.koonings.com\/de\/wp-json\/wp\/v2\/media?parent=108617"}],"wp:term":[{"taxonomy":"productdetails","embeddable":true,"href":"https:\/\/www.koonings.com\/de\/wp-json\/wp\/v2\/productdetails?post=108617"},{"taxonomy":"productneck","embeddable":true,"href":"https:\/\/www.koonings.com\/de\/wp-json\/wp\/v2\/productneck?post=108617"},{"taxonomy":"productcolor","embeddable":true,"href":"https:\/\/www.koonings.com\/de\/wp-json\/wp\/v2\/productcolor?post=108617"},{"taxonomy":"maat","embeddable":true,"href":"https:\/\/www.koonings.com\/de\/wp-json\/wp\/v2\/maat?post=108617"},{"taxonomy":"productsupplier","embeddable":true,"href":"https:\/\/www.koonings.com\/de\/wp-json\/wp\/v2\/productsupplier?post=108617"},{"taxonomy":"productsleeve","embeddable":true,"href":"https:\/\/www.koonings.com\/de\/wp-json\/wp\/v2\/productsleeve?post=108617"},{"taxonomy":"productcategory","embeddable":true,"href":"https:\/\/www.koonings.com\/de\/wp-json\/wp\/v2\/productcategory?post=108617"},{"taxonomy":"productsilhouette","embeddable":true,"href":"https:\/\/www.koonings.com\/de\/wp-json\/wp\/v2\/productsilhouette?post=108617"},{"taxonomy":"productstyle","embeddable":true,"href":"https:\/\/www.koonings.com\/de\/wp-json\/wp\/v2\/productstyle?post=108617"}],"curies":[{"name":"wp","href":"https:\/\/api.w.org\/{rel}","templated":true}]}}