{"id":108608,"date":"2026-04-14T16:36:39","date_gmt":"2026-04-14T14:36:39","guid":{"rendered":"https:\/\/www.koonings.com\/product\/le-papillon-von-modeca-hekla\/"},"modified":"2026-04-14T15:36:36","modified_gmt":"2026-04-14T13:36:36","slug":"le-papillon-von-modeca-hekla","status":"publish","type":"product","link":"https:\/\/www.koonings.com\/de\/product\/le-papillon-von-modeca-hekla\/","title":{"rendered":"Le Papillon von Modeca Hekla"},"content":{"rendered":"<p>Hekla ist ein schickes und raffiniert geschnittenes Chiffonkleid mit rundem Ausschnitt und plissiertem Mieder, das f\u00fcr Struktur und Details sorgt. Abnehmbare, schulterfreie Tr\u00e4ger bieten Vielseitigkeit, w\u00e4hrend Perlendetails den R\u00fccken zieren und zu einem wundersch\u00f6nen Wasserfall-Faltenwurf f\u00fchren, der diesem zeitlosen Design Eleganz und Raffinesse verleiht. <\/p>\n<p>Dieses stilvolle Modell ist Teil der Le Papillon by Modeca Kollektion und bei Koonings erh\u00e4ltlich.<\/p>\n","protected":false},"featured_media":96896,"template":"","meta":{"_acf_changed":false,"ghostkit_customizer_options":"","ghostkit_custom_css":"","ghostkit_custom_js_head":"","ghostkit_custom_js_foot":"","ghostkit_typography":""},"productdetails":[],"productneck":[352],"productcolor":[393,392],"maat":[],"productsupplier":[411],"productsleeve":[357,363],"productcategory":[18],"productsilhouette":[389],"productstyle":[369],"class_list":["post-108608","product","type-product","status-publish","has-post-thumbnail","hentry","productneck-352","productcolor-393","productcolor-392","productsupplier-le-papillon-by-modeca","productsleeve-357","productsleeve-363","productcategory-trouwjurken","productsilhouette-389","productstyle-369"],"acf":[],"yoast_head":"<!-- This site is optimized with the Yoast SEO plugin v27.3 - https:\/\/yoast.com\/product\/yoast-seo-wordpress\/ -->\n<title>Le Papillon von Modeca Hekla | Koonings<\/title>\n<meta name=\"description\" content=\"Hekla ist ein schickes und raffiniert geschnittenes Chiffonkleid mit rundem Ausschnitt und plissiertem Mieder, das f\u00fcr Struktur und Details sorgt. Abnehmbare, schulterfreie Tr\u00e4ger bieten Vielseitigkeit, w\u00e4hrend Perlendetails den R\u00fccken zieren und zu einem wundersch\u00f6nen Wasserfall-Faltenwurf f\u00fchren, der diesem zeitlosen Design Eleganz und Raffinesse verleiht. Dieses stilvolle Modell ist Teil der Le Papillon by Modeca Kollektion und bei Koonings erh\u00e4ltlich.\" \/>\n<meta name=\"robots\" content=\"index, follow, max-snippet:-1, max-image-preview:large, max-video-preview:-1\" \/>\n<link rel=\"canonical\" href=\"https:\/\/www.koonings.com\/de\/product\/le-papillon-von-modeca-hekla\/\" \/>\n<meta property=\"og:locale\" content=\"de_DE\" \/>\n<meta property=\"og:type\" content=\"article\" \/>\n<meta property=\"og:title\" content=\"Le Papillon von Modeca Hekla | Koonings\" \/>\n<meta property=\"og:description\" content=\"Hekla ist ein schickes und raffiniert geschnittenes Chiffonkleid mit rundem Ausschnitt und plissiertem Mieder, das f\u00fcr Struktur und Details sorgt. Abnehmbare, schulterfreie Tr\u00e4ger bieten Vielseitigkeit, w\u00e4hrend Perlendetails den R\u00fccken zieren und zu einem wundersch\u00f6nen Wasserfall-Faltenwurf f\u00fchren, der diesem zeitlosen Design Eleganz und Raffinesse verleiht. Dieses stilvolle Modell ist Teil der Le Papillon by Modeca Kollektion und bei Koonings erh\u00e4ltlich.\" \/>\n<meta property=\"og:url\" content=\"https:\/\/www.koonings.com\/de\/product\/le-papillon-von-modeca-hekla\/\" \/>\n<meta property=\"og:site_name\" content=\"Koonings\" \/>\n<meta property=\"article:publisher\" content=\"https:\/\/www.facebook.com\/kooningstheweddingpalace\" \/>\n<meta property=\"og:image\" content=\"https:\/\/www.koonings.com\/wp-content\/uploads\/2025\/09\/51087_9f3be619782d779f516bc90f1757bbea3bfbd9890f000e5c09401312e7a2851fd62a4bd8.jpeg\" \/>\n\t<meta property=\"og:image:width\" content=\"1783\" \/>\n\t<meta property=\"og:image:height\" content=\"2520\" \/>\n\t<meta property=\"og:image:type\" content=\"image\/jpeg\" \/>\n<meta name=\"twitter:card\" content=\"summary_large_image\" \/>\n<script type=\"application\/ld+json\" class=\"yoast-schema-graph\">{\"@context\":\"https:\\\/\\\/schema.org\",\"@graph\":[{\"@type\":\"WebPage\",\"@id\":\"https:\\\/\\\/www.koonings.com\\\/de\\\/product\\\/le-papillon-von-modeca-hekla\\\/\",\"url\":\"https:\\\/\\\/www.koonings.com\\\/de\\\/product\\\/le-papillon-von-modeca-hekla\\\/\",\"name\":\"Le Papillon von Modeca Hekla | Koonings\",\"isPartOf\":{\"@id\":\"https:\\\/\\\/www.koonings.com\\\/de\\\/#website\"},\"primaryImageOfPage\":{\"@id\":\"https:\\\/\\\/www.koonings.com\\\/de\\\/product\\\/le-papillon-von-modeca-hekla\\\/#primaryimage\"},\"image\":{\"@id\":\"https:\\\/\\\/www.koonings.com\\\/de\\\/product\\\/le-papillon-von-modeca-hekla\\\/#primaryimage\"},\"thumbnailUrl\":\"https:\\\/\\\/www.koonings.com\\\/wp-content\\\/uploads\\\/2025\\\/09\\\/51087_9f3be619782d779f516bc90f1757bbea3bfbd9890f000e5c09401312e7a2851fd62a4bd8.jpeg\",\"datePublished\":\"2026-04-14T14:36:39+00:00\",\"description\":\"Hekla ist ein schickes und raffiniert geschnittenes Chiffonkleid mit rundem Ausschnitt und plissiertem Mieder, das f\u00fcr Struktur und Details sorgt. Abnehmbare, schulterfreie Tr\u00e4ger bieten Vielseitigkeit, w\u00e4hrend Perlendetails den R\u00fccken zieren und zu einem wundersch\u00f6nen Wasserfall-Faltenwurf f\u00fchren, der diesem zeitlosen Design Eleganz und Raffinesse verleiht. Dieses stilvolle Modell ist Teil der Le Papillon by Modeca Kollektion und bei Koonings erh\u00e4ltlich.\",\"breadcrumb\":{\"@id\":\"https:\\\/\\\/www.koonings.com\\\/de\\\/product\\\/le-papillon-von-modeca-hekla\\\/#breadcrumb\"},\"inLanguage\":\"de\",\"potentialAction\":[{\"@type\":\"ReadAction\",\"target\":[\"https:\\\/\\\/www.koonings.com\\\/de\\\/product\\\/le-papillon-von-modeca-hekla\\\/\"]}]},{\"@type\":\"ImageObject\",\"inLanguage\":\"de\",\"@id\":\"https:\\\/\\\/www.koonings.com\\\/de\\\/product\\\/le-papillon-von-modeca-hekla\\\/#primaryimage\",\"url\":\"https:\\\/\\\/www.koonings.com\\\/wp-content\\\/uploads\\\/2025\\\/09\\\/51087_9f3be619782d779f516bc90f1757bbea3bfbd9890f000e5c09401312e7a2851fd62a4bd8.jpeg\",\"contentUrl\":\"https:\\\/\\\/www.koonings.com\\\/wp-content\\\/uploads\\\/2025\\\/09\\\/51087_9f3be619782d779f516bc90f1757bbea3bfbd9890f000e5c09401312e7a2851fd62a4bd8.jpeg\",\"width\":1783,\"height\":2520},{\"@type\":\"BreadcrumbList\",\"@id\":\"https:\\\/\\\/www.koonings.com\\\/de\\\/product\\\/le-papillon-von-modeca-hekla\\\/#breadcrumb\",\"itemListElement\":[{\"@type\":\"ListItem\",\"position\":1,\"name\":\"Home\",\"item\":\"https:\\\/\\\/www.koonings.com\\\/de\\\/\"},{\"@type\":\"ListItem\",\"position\":2,\"name\":\"Le Papillon von Modeca Hekla\"}]},{\"@type\":\"WebSite\",\"@id\":\"https:\\\/\\\/www.koonings.com\\\/de\\\/#website\",\"url\":\"https:\\\/\\\/www.koonings.com\\\/de\\\/\",\"name\":\"Koonings\",\"description\":\"De grootste bruidsmodewinkel ter wereld\",\"publisher\":{\"@id\":\"https:\\\/\\\/www.koonings.com\\\/de\\\/#organization\"},\"potentialAction\":[{\"@type\":\"SearchAction\",\"target\":{\"@type\":\"EntryPoint\",\"urlTemplate\":\"https:\\\/\\\/www.koonings.com\\\/de\\\/?s={search_term_string}\"},\"query-input\":{\"@type\":\"PropertyValueSpecification\",\"valueRequired\":true,\"valueName\":\"search_term_string\"}}],\"inLanguage\":\"de\"},{\"@type\":\"Organization\",\"@id\":\"https:\\\/\\\/www.koonings.com\\\/de\\\/#organization\",\"name\":\"Koonings\",\"url\":\"https:\\\/\\\/www.koonings.com\\\/de\\\/\",\"logo\":{\"@type\":\"ImageObject\",\"inLanguage\":\"de\",\"@id\":\"https:\\\/\\\/www.koonings.com\\\/de\\\/#\\\/schema\\\/logo\\\/image\\\/\",\"url\":\"https:\\\/\\\/www.koonings.com\\\/wp-content\\\/uploads\\\/2024\\\/07\\\/logo.png\",\"contentUrl\":\"https:\\\/\\\/www.koonings.com\\\/wp-content\\\/uploads\\\/2024\\\/07\\\/logo.png\",\"width\":600,\"height\":428,\"caption\":\"Koonings\"},\"image\":{\"@id\":\"https:\\\/\\\/www.koonings.com\\\/de\\\/#\\\/schema\\\/logo\\\/image\\\/\"},\"sameAs\":[\"https:\\\/\\\/www.facebook.com\\\/kooningstheweddingpalace\",\"https:\\\/\\\/www.instagram.com\\\/kooningstheweddingpalace\",\"https:\\\/\\\/www.pinterest.com\\\/koonings\",\"https:\\\/\\\/www.youtube.com\\\/kooningstheweddingpalace\"]}]}<\/script>\n<!-- \/ Yoast SEO plugin. -->","yoast_head_json":{"title":"Le Papillon von Modeca Hekla | Koonings","description":"Hekla ist ein schickes und raffiniert geschnittenes Chiffonkleid mit rundem Ausschnitt und plissiertem Mieder, das f\u00fcr Struktur und Details sorgt. Abnehmbare, schulterfreie Tr\u00e4ger bieten Vielseitigkeit, w\u00e4hrend Perlendetails den R\u00fccken zieren und zu einem wundersch\u00f6nen Wasserfall-Faltenwurf f\u00fchren, der diesem zeitlosen Design Eleganz und Raffinesse verleiht. Dieses stilvolle Modell ist Teil der Le Papillon by Modeca Kollektion und bei Koonings erh\u00e4ltlich.","robots":{"index":"index","follow":"follow","max-snippet":"max-snippet:-1","max-image-preview":"max-image-preview:large","max-video-preview":"max-video-preview:-1"},"canonical":"https:\/\/www.koonings.com\/de\/product\/le-papillon-von-modeca-hekla\/","og_locale":"de_DE","og_type":"article","og_title":"Le Papillon von Modeca Hekla | Koonings","og_description":"Hekla ist ein schickes und raffiniert geschnittenes Chiffonkleid mit rundem Ausschnitt und plissiertem Mieder, das f\u00fcr Struktur und Details sorgt. Abnehmbare, schulterfreie Tr\u00e4ger bieten Vielseitigkeit, w\u00e4hrend Perlendetails den R\u00fccken zieren und zu einem wundersch\u00f6nen Wasserfall-Faltenwurf f\u00fchren, der diesem zeitlosen Design Eleganz und Raffinesse verleiht. Dieses stilvolle Modell ist Teil der Le Papillon by Modeca Kollektion und bei Koonings erh\u00e4ltlich.","og_url":"https:\/\/www.koonings.com\/de\/product\/le-papillon-von-modeca-hekla\/","og_site_name":"Koonings","article_publisher":"https:\/\/www.facebook.com\/kooningstheweddingpalace","og_image":[{"width":1783,"height":2520,"url":"https:\/\/www.koonings.com\/wp-content\/uploads\/2025\/09\/51087_9f3be619782d779f516bc90f1757bbea3bfbd9890f000e5c09401312e7a2851fd62a4bd8.jpeg","type":"image\/jpeg"}],"twitter_card":"summary_large_image","schema":{"@context":"https:\/\/schema.org","@graph":[{"@type":"WebPage","@id":"https:\/\/www.koonings.com\/de\/product\/le-papillon-von-modeca-hekla\/","url":"https:\/\/www.koonings.com\/de\/product\/le-papillon-von-modeca-hekla\/","name":"Le Papillon von Modeca Hekla | Koonings","isPartOf":{"@id":"https:\/\/www.koonings.com\/de\/#website"},"primaryImageOfPage":{"@id":"https:\/\/www.koonings.com\/de\/product\/le-papillon-von-modeca-hekla\/#primaryimage"},"image":{"@id":"https:\/\/www.koonings.com\/de\/product\/le-papillon-von-modeca-hekla\/#primaryimage"},"thumbnailUrl":"https:\/\/www.koonings.com\/wp-content\/uploads\/2025\/09\/51087_9f3be619782d779f516bc90f1757bbea3bfbd9890f000e5c09401312e7a2851fd62a4bd8.jpeg","datePublished":"2026-04-14T14:36:39+00:00","description":"Hekla ist ein schickes und raffiniert geschnittenes Chiffonkleid mit rundem Ausschnitt und plissiertem Mieder, das f\u00fcr Struktur und Details sorgt. Abnehmbare, schulterfreie Tr\u00e4ger bieten Vielseitigkeit, w\u00e4hrend Perlendetails den R\u00fccken zieren und zu einem wundersch\u00f6nen Wasserfall-Faltenwurf f\u00fchren, der diesem zeitlosen Design Eleganz und Raffinesse verleiht. Dieses stilvolle Modell ist Teil der Le Papillon by Modeca Kollektion und bei Koonings erh\u00e4ltlich.","breadcrumb":{"@id":"https:\/\/www.koonings.com\/de\/product\/le-papillon-von-modeca-hekla\/#breadcrumb"},"inLanguage":"de","potentialAction":[{"@type":"ReadAction","target":["https:\/\/www.koonings.com\/de\/product\/le-papillon-von-modeca-hekla\/"]}]},{"@type":"ImageObject","inLanguage":"de","@id":"https:\/\/www.koonings.com\/de\/product\/le-papillon-von-modeca-hekla\/#primaryimage","url":"https:\/\/www.koonings.com\/wp-content\/uploads\/2025\/09\/51087_9f3be619782d779f516bc90f1757bbea3bfbd9890f000e5c09401312e7a2851fd62a4bd8.jpeg","contentUrl":"https:\/\/www.koonings.com\/wp-content\/uploads\/2025\/09\/51087_9f3be619782d779f516bc90f1757bbea3bfbd9890f000e5c09401312e7a2851fd62a4bd8.jpeg","width":1783,"height":2520},{"@type":"BreadcrumbList","@id":"https:\/\/www.koonings.com\/de\/product\/le-papillon-von-modeca-hekla\/#breadcrumb","itemListElement":[{"@type":"ListItem","position":1,"name":"Home","item":"https:\/\/www.koonings.com\/de\/"},{"@type":"ListItem","position":2,"name":"Le Papillon von Modeca Hekla"}]},{"@type":"WebSite","@id":"https:\/\/www.koonings.com\/de\/#website","url":"https:\/\/www.koonings.com\/de\/","name":"Koonings","description":"De grootste bruidsmodewinkel ter wereld","publisher":{"@id":"https:\/\/www.koonings.com\/de\/#organization"},"potentialAction":[{"@type":"SearchAction","target":{"@type":"EntryPoint","urlTemplate":"https:\/\/www.koonings.com\/de\/?s={search_term_string}"},"query-input":{"@type":"PropertyValueSpecification","valueRequired":true,"valueName":"search_term_string"}}],"inLanguage":"de"},{"@type":"Organization","@id":"https:\/\/www.koonings.com\/de\/#organization","name":"Koonings","url":"https:\/\/www.koonings.com\/de\/","logo":{"@type":"ImageObject","inLanguage":"de","@id":"https:\/\/www.koonings.com\/de\/#\/schema\/logo\/image\/","url":"https:\/\/www.koonings.com\/wp-content\/uploads\/2024\/07\/logo.png","contentUrl":"https:\/\/www.koonings.com\/wp-content\/uploads\/2024\/07\/logo.png","width":600,"height":428,"caption":"Koonings"},"image":{"@id":"https:\/\/www.koonings.com\/de\/#\/schema\/logo\/image\/"},"sameAs":["https:\/\/www.facebook.com\/kooningstheweddingpalace","https:\/\/www.instagram.com\/kooningstheweddingpalace","https:\/\/www.pinterest.com\/koonings","https:\/\/www.youtube.com\/kooningstheweddingpalace"]}]}},"_links":{"self":[{"href":"https:\/\/www.koonings.com\/de\/wp-json\/wp\/v2\/product\/108608","targetHints":{"allow":["GET"]}}],"collection":[{"href":"https:\/\/www.koonings.com\/de\/wp-json\/wp\/v2\/product"}],"about":[{"href":"https:\/\/www.koonings.com\/de\/wp-json\/wp\/v2\/types\/product"}],"wp:featuredmedia":[{"embeddable":true,"href":"https:\/\/www.koonings.com\/de\/wp-json\/wp\/v2\/media\/96896"}],"wp:attachment":[{"href":"https:\/\/www.koonings.com\/de\/wp-json\/wp\/v2\/media?parent=108608"}],"wp:term":[{"taxonomy":"productdetails","embeddable":true,"href":"https:\/\/www.koonings.com\/de\/wp-json\/wp\/v2\/productdetails?post=108608"},{"taxonomy":"productneck","embeddable":true,"href":"https:\/\/www.koonings.com\/de\/wp-json\/wp\/v2\/productneck?post=108608"},{"taxonomy":"productcolor","embeddable":true,"href":"https:\/\/www.koonings.com\/de\/wp-json\/wp\/v2\/productcolor?post=108608"},{"taxonomy":"maat","embeddable":true,"href":"https:\/\/www.koonings.com\/de\/wp-json\/wp\/v2\/maat?post=108608"},{"taxonomy":"productsupplier","embeddable":true,"href":"https:\/\/www.koonings.com\/de\/wp-json\/wp\/v2\/productsupplier?post=108608"},{"taxonomy":"productsleeve","embeddable":true,"href":"https:\/\/www.koonings.com\/de\/wp-json\/wp\/v2\/productsleeve?post=108608"},{"taxonomy":"productcategory","embeddable":true,"href":"https:\/\/www.koonings.com\/de\/wp-json\/wp\/v2\/productcategory?post=108608"},{"taxonomy":"productsilhouette","embeddable":true,"href":"https:\/\/www.koonings.com\/de\/wp-json\/wp\/v2\/productsilhouette?post=108608"},{"taxonomy":"productstyle","embeddable":true,"href":"https:\/\/www.koonings.com\/de\/wp-json\/wp\/v2\/productstyle?post=108608"}],"curies":[{"name":"wp","href":"https:\/\/api.w.org\/{rel}","templated":true}]}}