{"id":108533,"date":"2026-04-14T16:36:30","date_gmt":"2026-04-14T14:36:30","guid":{"rendered":"https:\/\/www.koonings.com\/product\/herve-paris-nureen-b-rock-nur-satin\/"},"modified":"2026-04-14T15:36:29","modified_gmt":"2026-04-14T13:36:29","slug":"herve-paris-nureen-b-rock-nur-satin","status":"publish","type":"product","link":"https:\/\/www.koonings.com\/de\/product\/herve-paris-nureen-b-rock-nur-satin\/","title":{"rendered":"Herve Paris Nureen-B Rock nur Satin"},"content":{"rendered":"<p>Ein figurbetonter T\u00fcllrock, der mit zarten Spitzenapplikationen und Perlen am ganzen K\u00f6rper verziert ist. Das Design bietet eine atemberaubende Kombination aus Zartheit und Glamour und ist die perfekte Erg\u00e4nzung zu jedem St\u00fcck aus der Mix &amp; Match Kollektion von Herv\u00e9 Paris f\u00fcr einen modernen und doch zeitlosen Brautlook. <\/p>\n","protected":false},"featured_media":108534,"template":"","meta":{"_acf_changed":false,"ghostkit_customizer_options":"","ghostkit_custom_css":"","ghostkit_custom_js_head":"","ghostkit_custom_js_foot":"","ghostkit_typography":""},"productdetails":[376],"productneck":[356],"productcolor":[392],"maat":[],"productsupplier":[424],"productsleeve":[359],"productcategory":[18],"productsilhouette":[387,389],"productstyle":[371],"class_list":["post-108533","product","type-product","status-publish","has-post-thumbnail","hentry","productdetails-376","productneck-356","productcolor-392","productsupplier-herve-paris","productsleeve-359","productcategory-trouwjurken","productsilhouette-387","productsilhouette-389","productstyle-371"],"acf":[],"yoast_head":"<!-- This site is optimized with the Yoast SEO plugin v27.3 - https:\/\/yoast.com\/product\/yoast-seo-wordpress\/ -->\n<title>Herve Paris Nureen-B Rock nur Satin | Koonings<\/title>\n<meta name=\"description\" content=\"Ein figurbetonter T\u00fcllrock, der mit zarten Spitzenapplikationen und Perlen am ganzen K\u00f6rper verziert ist. Das Design bietet eine atemberaubende Kombination aus Zartheit und Glamour und ist die perfekte Erg\u00e4nzung zu jedem St\u00fcck aus der Mix &amp; Match Kollektion von Herv\u00e9 Paris f\u00fcr einen modernen und doch zeitlosen Brautlook.\" \/>\n<meta name=\"robots\" content=\"index, follow, max-snippet:-1, max-image-preview:large, max-video-preview:-1\" \/>\n<link rel=\"canonical\" href=\"https:\/\/www.koonings.com\/de\/product\/herve-paris-nureen-b-rock-nur-satin\/\" \/>\n<meta property=\"og:locale\" content=\"de_DE\" \/>\n<meta property=\"og:type\" content=\"article\" \/>\n<meta property=\"og:title\" content=\"Herve Paris Nureen-B Rock nur Satin | Koonings\" \/>\n<meta property=\"og:description\" content=\"Ein figurbetonter T\u00fcllrock, der mit zarten Spitzenapplikationen und Perlen am ganzen K\u00f6rper verziert ist. Das Design bietet eine atemberaubende Kombination aus Zartheit und Glamour und ist die perfekte Erg\u00e4nzung zu jedem St\u00fcck aus der Mix &amp; Match Kollektion von Herv\u00e9 Paris f\u00fcr einen modernen und doch zeitlosen Brautlook.\" \/>\n<meta property=\"og:url\" content=\"https:\/\/www.koonings.com\/de\/product\/herve-paris-nureen-b-rock-nur-satin\/\" \/>\n<meta property=\"og:site_name\" content=\"Koonings\" \/>\n<meta property=\"article:publisher\" content=\"https:\/\/www.facebook.com\/kooningstheweddingpalace\" \/>\n<meta property=\"og:image\" content=\"https:\/\/www.koonings.com\/wp-content\/uploads\/2025\/11\/51071_3072393905464d82bd099b6bf7a4e349ca6fe3acfa1130e5cd816d743637e53c43441ae7.jpeg\" \/>\n\t<meta property=\"og:image:width\" content=\"1393\" \/>\n\t<meta property=\"og:image:height\" content=\"1967\" \/>\n\t<meta property=\"og:image:type\" content=\"image\/jpeg\" \/>\n<meta name=\"twitter:card\" content=\"summary_large_image\" \/>\n<script type=\"application\/ld+json\" class=\"yoast-schema-graph\">{\"@context\":\"https:\\\/\\\/schema.org\",\"@graph\":[{\"@type\":\"WebPage\",\"@id\":\"https:\\\/\\\/www.koonings.com\\\/de\\\/product\\\/herve-paris-nureen-b-rock-nur-satin\\\/\",\"url\":\"https:\\\/\\\/www.koonings.com\\\/de\\\/product\\\/herve-paris-nureen-b-rock-nur-satin\\\/\",\"name\":\"Herve Paris Nureen-B Rock nur Satin | Koonings\",\"isPartOf\":{\"@id\":\"https:\\\/\\\/www.koonings.com\\\/de\\\/#website\"},\"primaryImageOfPage\":{\"@id\":\"https:\\\/\\\/www.koonings.com\\\/de\\\/product\\\/herve-paris-nureen-b-rock-nur-satin\\\/#primaryimage\"},\"image\":{\"@id\":\"https:\\\/\\\/www.koonings.com\\\/de\\\/product\\\/herve-paris-nureen-b-rock-nur-satin\\\/#primaryimage\"},\"thumbnailUrl\":\"https:\\\/\\\/www.koonings.com\\\/wp-content\\\/uploads\\\/2025\\\/11\\\/51071_3072393905464d82bd099b6bf7a4e349ca6fe3acfa1130e5cd816d743637e53c43441ae7.jpeg\",\"datePublished\":\"2026-04-14T14:36:30+00:00\",\"description\":\"Ein figurbetonter T\u00fcllrock, der mit zarten Spitzenapplikationen und Perlen am ganzen K\u00f6rper verziert ist. Das Design bietet eine atemberaubende Kombination aus Zartheit und Glamour und ist die perfekte Erg\u00e4nzung zu jedem St\u00fcck aus der Mix & Match Kollektion von Herv\u00e9 Paris f\u00fcr einen modernen und doch zeitlosen Brautlook.\",\"breadcrumb\":{\"@id\":\"https:\\\/\\\/www.koonings.com\\\/de\\\/product\\\/herve-paris-nureen-b-rock-nur-satin\\\/#breadcrumb\"},\"inLanguage\":\"de\",\"potentialAction\":[{\"@type\":\"ReadAction\",\"target\":[\"https:\\\/\\\/www.koonings.com\\\/de\\\/product\\\/herve-paris-nureen-b-rock-nur-satin\\\/\"]}]},{\"@type\":\"ImageObject\",\"inLanguage\":\"de\",\"@id\":\"https:\\\/\\\/www.koonings.com\\\/de\\\/product\\\/herve-paris-nureen-b-rock-nur-satin\\\/#primaryimage\",\"url\":\"https:\\\/\\\/www.koonings.com\\\/wp-content\\\/uploads\\\/2025\\\/11\\\/51071_3072393905464d82bd099b6bf7a4e349ca6fe3acfa1130e5cd816d743637e53c43441ae7.jpeg\",\"contentUrl\":\"https:\\\/\\\/www.koonings.com\\\/wp-content\\\/uploads\\\/2025\\\/11\\\/51071_3072393905464d82bd099b6bf7a4e349ca6fe3acfa1130e5cd816d743637e53c43441ae7.jpeg\",\"width\":1393,\"height\":1967},{\"@type\":\"BreadcrumbList\",\"@id\":\"https:\\\/\\\/www.koonings.com\\\/de\\\/product\\\/herve-paris-nureen-b-rock-nur-satin\\\/#breadcrumb\",\"itemListElement\":[{\"@type\":\"ListItem\",\"position\":1,\"name\":\"Home\",\"item\":\"https:\\\/\\\/www.koonings.com\\\/de\\\/\"},{\"@type\":\"ListItem\",\"position\":2,\"name\":\"Herve Paris Nureen-B Rock nur Satin\"}]},{\"@type\":\"WebSite\",\"@id\":\"https:\\\/\\\/www.koonings.com\\\/de\\\/#website\",\"url\":\"https:\\\/\\\/www.koonings.com\\\/de\\\/\",\"name\":\"Koonings\",\"description\":\"De grootste bruidsmodewinkel ter wereld\",\"publisher\":{\"@id\":\"https:\\\/\\\/www.koonings.com\\\/de\\\/#organization\"},\"potentialAction\":[{\"@type\":\"SearchAction\",\"target\":{\"@type\":\"EntryPoint\",\"urlTemplate\":\"https:\\\/\\\/www.koonings.com\\\/de\\\/?s={search_term_string}\"},\"query-input\":{\"@type\":\"PropertyValueSpecification\",\"valueRequired\":true,\"valueName\":\"search_term_string\"}}],\"inLanguage\":\"de\"},{\"@type\":\"Organization\",\"@id\":\"https:\\\/\\\/www.koonings.com\\\/de\\\/#organization\",\"name\":\"Koonings\",\"url\":\"https:\\\/\\\/www.koonings.com\\\/de\\\/\",\"logo\":{\"@type\":\"ImageObject\",\"inLanguage\":\"de\",\"@id\":\"https:\\\/\\\/www.koonings.com\\\/de\\\/#\\\/schema\\\/logo\\\/image\\\/\",\"url\":\"https:\\\/\\\/www.koonings.com\\\/wp-content\\\/uploads\\\/2024\\\/07\\\/logo.png\",\"contentUrl\":\"https:\\\/\\\/www.koonings.com\\\/wp-content\\\/uploads\\\/2024\\\/07\\\/logo.png\",\"width\":600,\"height\":428,\"caption\":\"Koonings\"},\"image\":{\"@id\":\"https:\\\/\\\/www.koonings.com\\\/de\\\/#\\\/schema\\\/logo\\\/image\\\/\"},\"sameAs\":[\"https:\\\/\\\/www.facebook.com\\\/kooningstheweddingpalace\",\"https:\\\/\\\/www.instagram.com\\\/kooningstheweddingpalace\",\"https:\\\/\\\/www.pinterest.com\\\/koonings\",\"https:\\\/\\\/www.youtube.com\\\/kooningstheweddingpalace\"]}]}<\/script>\n<!-- \/ Yoast SEO plugin. -->","yoast_head_json":{"title":"Herve Paris Nureen-B Rock nur Satin | Koonings","description":"Ein figurbetonter T\u00fcllrock, der mit zarten Spitzenapplikationen und Perlen am ganzen K\u00f6rper verziert ist. Das Design bietet eine atemberaubende Kombination aus Zartheit und Glamour und ist die perfekte Erg\u00e4nzung zu jedem St\u00fcck aus der Mix & Match Kollektion von Herv\u00e9 Paris f\u00fcr einen modernen und doch zeitlosen Brautlook.","robots":{"index":"index","follow":"follow","max-snippet":"max-snippet:-1","max-image-preview":"max-image-preview:large","max-video-preview":"max-video-preview:-1"},"canonical":"https:\/\/www.koonings.com\/de\/product\/herve-paris-nureen-b-rock-nur-satin\/","og_locale":"de_DE","og_type":"article","og_title":"Herve Paris Nureen-B Rock nur Satin | Koonings","og_description":"Ein figurbetonter T\u00fcllrock, der mit zarten Spitzenapplikationen und Perlen am ganzen K\u00f6rper verziert ist. Das Design bietet eine atemberaubende Kombination aus Zartheit und Glamour und ist die perfekte Erg\u00e4nzung zu jedem St\u00fcck aus der Mix & Match Kollektion von Herv\u00e9 Paris f\u00fcr einen modernen und doch zeitlosen Brautlook.","og_url":"https:\/\/www.koonings.com\/de\/product\/herve-paris-nureen-b-rock-nur-satin\/","og_site_name":"Koonings","article_publisher":"https:\/\/www.facebook.com\/kooningstheweddingpalace","og_image":[{"width":1393,"height":1967,"url":"https:\/\/www.koonings.com\/wp-content\/uploads\/2025\/11\/51071_3072393905464d82bd099b6bf7a4e349ca6fe3acfa1130e5cd816d743637e53c43441ae7.jpeg","type":"image\/jpeg"}],"twitter_card":"summary_large_image","schema":{"@context":"https:\/\/schema.org","@graph":[{"@type":"WebPage","@id":"https:\/\/www.koonings.com\/de\/product\/herve-paris-nureen-b-rock-nur-satin\/","url":"https:\/\/www.koonings.com\/de\/product\/herve-paris-nureen-b-rock-nur-satin\/","name":"Herve Paris Nureen-B Rock nur Satin | Koonings","isPartOf":{"@id":"https:\/\/www.koonings.com\/de\/#website"},"primaryImageOfPage":{"@id":"https:\/\/www.koonings.com\/de\/product\/herve-paris-nureen-b-rock-nur-satin\/#primaryimage"},"image":{"@id":"https:\/\/www.koonings.com\/de\/product\/herve-paris-nureen-b-rock-nur-satin\/#primaryimage"},"thumbnailUrl":"https:\/\/www.koonings.com\/wp-content\/uploads\/2025\/11\/51071_3072393905464d82bd099b6bf7a4e349ca6fe3acfa1130e5cd816d743637e53c43441ae7.jpeg","datePublished":"2026-04-14T14:36:30+00:00","description":"Ein figurbetonter T\u00fcllrock, der mit zarten Spitzenapplikationen und Perlen am ganzen K\u00f6rper verziert ist. Das Design bietet eine atemberaubende Kombination aus Zartheit und Glamour und ist die perfekte Erg\u00e4nzung zu jedem St\u00fcck aus der Mix & Match Kollektion von Herv\u00e9 Paris f\u00fcr einen modernen und doch zeitlosen Brautlook.","breadcrumb":{"@id":"https:\/\/www.koonings.com\/de\/product\/herve-paris-nureen-b-rock-nur-satin\/#breadcrumb"},"inLanguage":"de","potentialAction":[{"@type":"ReadAction","target":["https:\/\/www.koonings.com\/de\/product\/herve-paris-nureen-b-rock-nur-satin\/"]}]},{"@type":"ImageObject","inLanguage":"de","@id":"https:\/\/www.koonings.com\/de\/product\/herve-paris-nureen-b-rock-nur-satin\/#primaryimage","url":"https:\/\/www.koonings.com\/wp-content\/uploads\/2025\/11\/51071_3072393905464d82bd099b6bf7a4e349ca6fe3acfa1130e5cd816d743637e53c43441ae7.jpeg","contentUrl":"https:\/\/www.koonings.com\/wp-content\/uploads\/2025\/11\/51071_3072393905464d82bd099b6bf7a4e349ca6fe3acfa1130e5cd816d743637e53c43441ae7.jpeg","width":1393,"height":1967},{"@type":"BreadcrumbList","@id":"https:\/\/www.koonings.com\/de\/product\/herve-paris-nureen-b-rock-nur-satin\/#breadcrumb","itemListElement":[{"@type":"ListItem","position":1,"name":"Home","item":"https:\/\/www.koonings.com\/de\/"},{"@type":"ListItem","position":2,"name":"Herve Paris Nureen-B Rock nur Satin"}]},{"@type":"WebSite","@id":"https:\/\/www.koonings.com\/de\/#website","url":"https:\/\/www.koonings.com\/de\/","name":"Koonings","description":"De grootste bruidsmodewinkel ter wereld","publisher":{"@id":"https:\/\/www.koonings.com\/de\/#organization"},"potentialAction":[{"@type":"SearchAction","target":{"@type":"EntryPoint","urlTemplate":"https:\/\/www.koonings.com\/de\/?s={search_term_string}"},"query-input":{"@type":"PropertyValueSpecification","valueRequired":true,"valueName":"search_term_string"}}],"inLanguage":"de"},{"@type":"Organization","@id":"https:\/\/www.koonings.com\/de\/#organization","name":"Koonings","url":"https:\/\/www.koonings.com\/de\/","logo":{"@type":"ImageObject","inLanguage":"de","@id":"https:\/\/www.koonings.com\/de\/#\/schema\/logo\/image\/","url":"https:\/\/www.koonings.com\/wp-content\/uploads\/2024\/07\/logo.png","contentUrl":"https:\/\/www.koonings.com\/wp-content\/uploads\/2024\/07\/logo.png","width":600,"height":428,"caption":"Koonings"},"image":{"@id":"https:\/\/www.koonings.com\/de\/#\/schema\/logo\/image\/"},"sameAs":["https:\/\/www.facebook.com\/kooningstheweddingpalace","https:\/\/www.instagram.com\/kooningstheweddingpalace","https:\/\/www.pinterest.com\/koonings","https:\/\/www.youtube.com\/kooningstheweddingpalace"]}]}},"_links":{"self":[{"href":"https:\/\/www.koonings.com\/de\/wp-json\/wp\/v2\/product\/108533","targetHints":{"allow":["GET"]}}],"collection":[{"href":"https:\/\/www.koonings.com\/de\/wp-json\/wp\/v2\/product"}],"about":[{"href":"https:\/\/www.koonings.com\/de\/wp-json\/wp\/v2\/types\/product"}],"wp:featuredmedia":[{"embeddable":true,"href":"https:\/\/www.koonings.com\/de\/wp-json\/wp\/v2\/media\/108534"}],"wp:attachment":[{"href":"https:\/\/www.koonings.com\/de\/wp-json\/wp\/v2\/media?parent=108533"}],"wp:term":[{"taxonomy":"productdetails","embeddable":true,"href":"https:\/\/www.koonings.com\/de\/wp-json\/wp\/v2\/productdetails?post=108533"},{"taxonomy":"productneck","embeddable":true,"href":"https:\/\/www.koonings.com\/de\/wp-json\/wp\/v2\/productneck?post=108533"},{"taxonomy":"productcolor","embeddable":true,"href":"https:\/\/www.koonings.com\/de\/wp-json\/wp\/v2\/productcolor?post=108533"},{"taxonomy":"maat","embeddable":true,"href":"https:\/\/www.koonings.com\/de\/wp-json\/wp\/v2\/maat?post=108533"},{"taxonomy":"productsupplier","embeddable":true,"href":"https:\/\/www.koonings.com\/de\/wp-json\/wp\/v2\/productsupplier?post=108533"},{"taxonomy":"productsleeve","embeddable":true,"href":"https:\/\/www.koonings.com\/de\/wp-json\/wp\/v2\/productsleeve?post=108533"},{"taxonomy":"productcategory","embeddable":true,"href":"https:\/\/www.koonings.com\/de\/wp-json\/wp\/v2\/productcategory?post=108533"},{"taxonomy":"productsilhouette","embeddable":true,"href":"https:\/\/www.koonings.com\/de\/wp-json\/wp\/v2\/productsilhouette?post=108533"},{"taxonomy":"productstyle","embeddable":true,"href":"https:\/\/www.koonings.com\/de\/wp-json\/wp\/v2\/productstyle?post=108533"}],"curies":[{"name":"wp","href":"https:\/\/api.w.org\/{rel}","templated":true}]}}