{"id":108518,"date":"2026-04-14T16:38:01","date_gmt":"2026-04-14T14:38:01","guid":{"rendered":"https:\/\/www.koonings.com\/product\/modeca-galina\/"},"modified":"2026-04-14T15:42:52","modified_gmt":"2026-04-14T13:42:52","slug":"modeca-galina","status":"publish","type":"product","link":"https:\/\/www.koonings.com\/de\/product\/modeca-galina\/","title":{"rendered":"Modeca Galina"},"content":{"rendered":"<p>Verlieben Sie sich in das atemberaubende Galina Kleid, ein wahres Symbol der Romantik. Dieses Kleid in A-Linie hat einen weichen T\u00fcllrock, der ein leichtes und luftiges Gef\u00fchl vermittelt. Der tiefe V-Ausschnitt verleiht ihm einen Hauch von modernem Charme, w\u00e4hrend die zarten Bl\u00fctenbl\u00e4tter, die das Mieder und den Rock zieren, dem Design einen weichen, femininen Touch verleihen.<br \/>\nEntdecken Sie Galina sowie die gesamte Kollektion exklusiv bei Koonings.  <\/p>\n","protected":false},"featured_media":95343,"template":"","meta":{"_acf_changed":false,"ghostkit_customizer_options":"","ghostkit_custom_css":"","ghostkit_custom_js_head":"","ghostkit_custom_js_foot":"","ghostkit_typography":""},"productdetails":[376,381],"productneck":[356],"productcolor":[393,392],"maat":[],"productsupplier":[434],"productsleeve":[359],"productcategory":[18],"productsilhouette":[384],"productstyle":[366],"class_list":["post-108518","product","type-product","status-publish","has-post-thumbnail","hentry","productdetails-376","productdetails-381","productneck-356","productcolor-393","productcolor-392","productsupplier-modeca","productsleeve-359","productcategory-trouwjurken","productsilhouette-384","productstyle-366"],"acf":[],"yoast_head":"<!-- This site is optimized with the Yoast SEO plugin v27.3 - https:\/\/yoast.com\/product\/yoast-seo-wordpress\/ -->\n<title>Modeca Galina | Koonings<\/title>\n<meta name=\"description\" content=\"Verlieben Sie sich in das atemberaubende Galina Kleid, ein wahres Symbol der Romantik. Dieses Kleid in A-Linie hat einen weichen T\u00fcllrock, der ein leichtes und luftiges Gef\u00fchl vermittelt. Der tiefe V-Ausschnitt verleiht ihm einen Hauch von modernem Charme, w\u00e4hrend die zarten Bl\u00fctenbl\u00e4tter, die das Mieder und den Rock zieren, dem Design einen weichen, femininen Touch verleihen. Entdecken Sie Galina sowie die gesamte Kollektion exklusiv bei Koonings.\" \/>\n<meta name=\"robots\" content=\"index, follow, max-snippet:-1, max-image-preview:large, max-video-preview:-1\" \/>\n<link rel=\"canonical\" href=\"https:\/\/www.koonings.com\/de\/product\/modeca-galina\/\" \/>\n<meta property=\"og:locale\" content=\"de_DE\" \/>\n<meta property=\"og:type\" content=\"article\" \/>\n<meta property=\"og:title\" content=\"Modeca Galina | Koonings\" \/>\n<meta property=\"og:description\" content=\"Verlieben Sie sich in das atemberaubende Galina Kleid, ein wahres Symbol der Romantik. Dieses Kleid in A-Linie hat einen weichen T\u00fcllrock, der ein leichtes und luftiges Gef\u00fchl vermittelt. Der tiefe V-Ausschnitt verleiht ihm einen Hauch von modernem Charme, w\u00e4hrend die zarten Bl\u00fctenbl\u00e4tter, die das Mieder und den Rock zieren, dem Design einen weichen, femininen Touch verleihen. Entdecken Sie Galina sowie die gesamte Kollektion exklusiv bei Koonings.\" \/>\n<meta property=\"og:url\" content=\"https:\/\/www.koonings.com\/de\/product\/modeca-galina\/\" \/>\n<meta property=\"og:site_name\" content=\"Koonings\" \/>\n<meta property=\"article:publisher\" content=\"https:\/\/www.facebook.com\/kooningstheweddingpalace\" \/>\n<meta property=\"og:image\" content=\"https:\/\/www.koonings.com\/wp-content\/uploads\/2025\/09\/51125_d38a4bc2f52fdd5825b51fa51642598254fc466c976c522d351695446513636a9c573faf.jpeg\" \/>\n\t<meta property=\"og:image:width\" content=\"1789\" \/>\n\t<meta property=\"og:image:height\" content=\"2530\" \/>\n\t<meta property=\"og:image:type\" content=\"image\/jpeg\" \/>\n<meta name=\"twitter:card\" content=\"summary_large_image\" \/>\n<script type=\"application\/ld+json\" class=\"yoast-schema-graph\">{\"@context\":\"https:\\\/\\\/schema.org\",\"@graph\":[{\"@type\":\"WebPage\",\"@id\":\"https:\\\/\\\/www.koonings.com\\\/de\\\/product\\\/modeca-galina\\\/\",\"url\":\"https:\\\/\\\/www.koonings.com\\\/de\\\/product\\\/modeca-galina\\\/\",\"name\":\"Modeca Galina | Koonings\",\"isPartOf\":{\"@id\":\"https:\\\/\\\/www.koonings.com\\\/de\\\/#website\"},\"primaryImageOfPage\":{\"@id\":\"https:\\\/\\\/www.koonings.com\\\/de\\\/product\\\/modeca-galina\\\/#primaryimage\"},\"image\":{\"@id\":\"https:\\\/\\\/www.koonings.com\\\/de\\\/product\\\/modeca-galina\\\/#primaryimage\"},\"thumbnailUrl\":\"https:\\\/\\\/www.koonings.com\\\/wp-content\\\/uploads\\\/2025\\\/09\\\/51125_d38a4bc2f52fdd5825b51fa51642598254fc466c976c522d351695446513636a9c573faf.jpeg\",\"datePublished\":\"2026-04-14T14:38:01+00:00\",\"description\":\"Verlieben Sie sich in das atemberaubende Galina Kleid, ein wahres Symbol der Romantik. Dieses Kleid in A-Linie hat einen weichen T\u00fcllrock, der ein leichtes und luftiges Gef\u00fchl vermittelt. Der tiefe V-Ausschnitt verleiht ihm einen Hauch von modernem Charme, w\u00e4hrend die zarten Bl\u00fctenbl\u00e4tter, die das Mieder und den Rock zieren, dem Design einen weichen, femininen Touch verleihen. Entdecken Sie Galina sowie die gesamte Kollektion exklusiv bei Koonings.\",\"breadcrumb\":{\"@id\":\"https:\\\/\\\/www.koonings.com\\\/de\\\/product\\\/modeca-galina\\\/#breadcrumb\"},\"inLanguage\":\"de\",\"potentialAction\":[{\"@type\":\"ReadAction\",\"target\":[\"https:\\\/\\\/www.koonings.com\\\/de\\\/product\\\/modeca-galina\\\/\"]}]},{\"@type\":\"ImageObject\",\"inLanguage\":\"de\",\"@id\":\"https:\\\/\\\/www.koonings.com\\\/de\\\/product\\\/modeca-galina\\\/#primaryimage\",\"url\":\"https:\\\/\\\/www.koonings.com\\\/wp-content\\\/uploads\\\/2025\\\/09\\\/51125_d38a4bc2f52fdd5825b51fa51642598254fc466c976c522d351695446513636a9c573faf.jpeg\",\"contentUrl\":\"https:\\\/\\\/www.koonings.com\\\/wp-content\\\/uploads\\\/2025\\\/09\\\/51125_d38a4bc2f52fdd5825b51fa51642598254fc466c976c522d351695446513636a9c573faf.jpeg\",\"width\":1789,\"height\":2530},{\"@type\":\"BreadcrumbList\",\"@id\":\"https:\\\/\\\/www.koonings.com\\\/de\\\/product\\\/modeca-galina\\\/#breadcrumb\",\"itemListElement\":[{\"@type\":\"ListItem\",\"position\":1,\"name\":\"Home\",\"item\":\"https:\\\/\\\/www.koonings.com\\\/de\\\/\"},{\"@type\":\"ListItem\",\"position\":2,\"name\":\"Modeca Galina\"}]},{\"@type\":\"WebSite\",\"@id\":\"https:\\\/\\\/www.koonings.com\\\/de\\\/#website\",\"url\":\"https:\\\/\\\/www.koonings.com\\\/de\\\/\",\"name\":\"Koonings\",\"description\":\"De grootste bruidsmodewinkel ter wereld\",\"publisher\":{\"@id\":\"https:\\\/\\\/www.koonings.com\\\/de\\\/#organization\"},\"potentialAction\":[{\"@type\":\"SearchAction\",\"target\":{\"@type\":\"EntryPoint\",\"urlTemplate\":\"https:\\\/\\\/www.koonings.com\\\/de\\\/?s={search_term_string}\"},\"query-input\":{\"@type\":\"PropertyValueSpecification\",\"valueRequired\":true,\"valueName\":\"search_term_string\"}}],\"inLanguage\":\"de\"},{\"@type\":\"Organization\",\"@id\":\"https:\\\/\\\/www.koonings.com\\\/de\\\/#organization\",\"name\":\"Koonings\",\"url\":\"https:\\\/\\\/www.koonings.com\\\/de\\\/\",\"logo\":{\"@type\":\"ImageObject\",\"inLanguage\":\"de\",\"@id\":\"https:\\\/\\\/www.koonings.com\\\/de\\\/#\\\/schema\\\/logo\\\/image\\\/\",\"url\":\"https:\\\/\\\/www.koonings.com\\\/wp-content\\\/uploads\\\/2024\\\/07\\\/logo.png\",\"contentUrl\":\"https:\\\/\\\/www.koonings.com\\\/wp-content\\\/uploads\\\/2024\\\/07\\\/logo.png\",\"width\":600,\"height\":428,\"caption\":\"Koonings\"},\"image\":{\"@id\":\"https:\\\/\\\/www.koonings.com\\\/de\\\/#\\\/schema\\\/logo\\\/image\\\/\"},\"sameAs\":[\"https:\\\/\\\/www.facebook.com\\\/kooningstheweddingpalace\",\"https:\\\/\\\/www.instagram.com\\\/kooningstheweddingpalace\",\"https:\\\/\\\/www.pinterest.com\\\/koonings\",\"https:\\\/\\\/www.youtube.com\\\/kooningstheweddingpalace\"]}]}<\/script>\n<!-- \/ Yoast SEO plugin. -->","yoast_head_json":{"title":"Modeca Galina | Koonings","description":"Verlieben Sie sich in das atemberaubende Galina Kleid, ein wahres Symbol der Romantik. Dieses Kleid in A-Linie hat einen weichen T\u00fcllrock, der ein leichtes und luftiges Gef\u00fchl vermittelt. Der tiefe V-Ausschnitt verleiht ihm einen Hauch von modernem Charme, w\u00e4hrend die zarten Bl\u00fctenbl\u00e4tter, die das Mieder und den Rock zieren, dem Design einen weichen, femininen Touch verleihen. Entdecken Sie Galina sowie die gesamte Kollektion exklusiv bei Koonings.","robots":{"index":"index","follow":"follow","max-snippet":"max-snippet:-1","max-image-preview":"max-image-preview:large","max-video-preview":"max-video-preview:-1"},"canonical":"https:\/\/www.koonings.com\/de\/product\/modeca-galina\/","og_locale":"de_DE","og_type":"article","og_title":"Modeca Galina | Koonings","og_description":"Verlieben Sie sich in das atemberaubende Galina Kleid, ein wahres Symbol der Romantik. Dieses Kleid in A-Linie hat einen weichen T\u00fcllrock, der ein leichtes und luftiges Gef\u00fchl vermittelt. Der tiefe V-Ausschnitt verleiht ihm einen Hauch von modernem Charme, w\u00e4hrend die zarten Bl\u00fctenbl\u00e4tter, die das Mieder und den Rock zieren, dem Design einen weichen, femininen Touch verleihen. Entdecken Sie Galina sowie die gesamte Kollektion exklusiv bei Koonings.","og_url":"https:\/\/www.koonings.com\/de\/product\/modeca-galina\/","og_site_name":"Koonings","article_publisher":"https:\/\/www.facebook.com\/kooningstheweddingpalace","og_image":[{"width":1789,"height":2530,"url":"https:\/\/www.koonings.com\/wp-content\/uploads\/2025\/09\/51125_d38a4bc2f52fdd5825b51fa51642598254fc466c976c522d351695446513636a9c573faf.jpeg","type":"image\/jpeg"}],"twitter_card":"summary_large_image","schema":{"@context":"https:\/\/schema.org","@graph":[{"@type":"WebPage","@id":"https:\/\/www.koonings.com\/de\/product\/modeca-galina\/","url":"https:\/\/www.koonings.com\/de\/product\/modeca-galina\/","name":"Modeca Galina | Koonings","isPartOf":{"@id":"https:\/\/www.koonings.com\/de\/#website"},"primaryImageOfPage":{"@id":"https:\/\/www.koonings.com\/de\/product\/modeca-galina\/#primaryimage"},"image":{"@id":"https:\/\/www.koonings.com\/de\/product\/modeca-galina\/#primaryimage"},"thumbnailUrl":"https:\/\/www.koonings.com\/wp-content\/uploads\/2025\/09\/51125_d38a4bc2f52fdd5825b51fa51642598254fc466c976c522d351695446513636a9c573faf.jpeg","datePublished":"2026-04-14T14:38:01+00:00","description":"Verlieben Sie sich in das atemberaubende Galina Kleid, ein wahres Symbol der Romantik. Dieses Kleid in A-Linie hat einen weichen T\u00fcllrock, der ein leichtes und luftiges Gef\u00fchl vermittelt. Der tiefe V-Ausschnitt verleiht ihm einen Hauch von modernem Charme, w\u00e4hrend die zarten Bl\u00fctenbl\u00e4tter, die das Mieder und den Rock zieren, dem Design einen weichen, femininen Touch verleihen. Entdecken Sie Galina sowie die gesamte Kollektion exklusiv bei Koonings.","breadcrumb":{"@id":"https:\/\/www.koonings.com\/de\/product\/modeca-galina\/#breadcrumb"},"inLanguage":"de","potentialAction":[{"@type":"ReadAction","target":["https:\/\/www.koonings.com\/de\/product\/modeca-galina\/"]}]},{"@type":"ImageObject","inLanguage":"de","@id":"https:\/\/www.koonings.com\/de\/product\/modeca-galina\/#primaryimage","url":"https:\/\/www.koonings.com\/wp-content\/uploads\/2025\/09\/51125_d38a4bc2f52fdd5825b51fa51642598254fc466c976c522d351695446513636a9c573faf.jpeg","contentUrl":"https:\/\/www.koonings.com\/wp-content\/uploads\/2025\/09\/51125_d38a4bc2f52fdd5825b51fa51642598254fc466c976c522d351695446513636a9c573faf.jpeg","width":1789,"height":2530},{"@type":"BreadcrumbList","@id":"https:\/\/www.koonings.com\/de\/product\/modeca-galina\/#breadcrumb","itemListElement":[{"@type":"ListItem","position":1,"name":"Home","item":"https:\/\/www.koonings.com\/de\/"},{"@type":"ListItem","position":2,"name":"Modeca Galina"}]},{"@type":"WebSite","@id":"https:\/\/www.koonings.com\/de\/#website","url":"https:\/\/www.koonings.com\/de\/","name":"Koonings","description":"De grootste bruidsmodewinkel ter wereld","publisher":{"@id":"https:\/\/www.koonings.com\/de\/#organization"},"potentialAction":[{"@type":"SearchAction","target":{"@type":"EntryPoint","urlTemplate":"https:\/\/www.koonings.com\/de\/?s={search_term_string}"},"query-input":{"@type":"PropertyValueSpecification","valueRequired":true,"valueName":"search_term_string"}}],"inLanguage":"de"},{"@type":"Organization","@id":"https:\/\/www.koonings.com\/de\/#organization","name":"Koonings","url":"https:\/\/www.koonings.com\/de\/","logo":{"@type":"ImageObject","inLanguage":"de","@id":"https:\/\/www.koonings.com\/de\/#\/schema\/logo\/image\/","url":"https:\/\/www.koonings.com\/wp-content\/uploads\/2024\/07\/logo.png","contentUrl":"https:\/\/www.koonings.com\/wp-content\/uploads\/2024\/07\/logo.png","width":600,"height":428,"caption":"Koonings"},"image":{"@id":"https:\/\/www.koonings.com\/de\/#\/schema\/logo\/image\/"},"sameAs":["https:\/\/www.facebook.com\/kooningstheweddingpalace","https:\/\/www.instagram.com\/kooningstheweddingpalace","https:\/\/www.pinterest.com\/koonings","https:\/\/www.youtube.com\/kooningstheweddingpalace"]}]}},"_links":{"self":[{"href":"https:\/\/www.koonings.com\/de\/wp-json\/wp\/v2\/product\/108518","targetHints":{"allow":["GET"]}}],"collection":[{"href":"https:\/\/www.koonings.com\/de\/wp-json\/wp\/v2\/product"}],"about":[{"href":"https:\/\/www.koonings.com\/de\/wp-json\/wp\/v2\/types\/product"}],"wp:featuredmedia":[{"embeddable":true,"href":"https:\/\/www.koonings.com\/de\/wp-json\/wp\/v2\/media\/95343"}],"wp:attachment":[{"href":"https:\/\/www.koonings.com\/de\/wp-json\/wp\/v2\/media?parent=108518"}],"wp:term":[{"taxonomy":"productdetails","embeddable":true,"href":"https:\/\/www.koonings.com\/de\/wp-json\/wp\/v2\/productdetails?post=108518"},{"taxonomy":"productneck","embeddable":true,"href":"https:\/\/www.koonings.com\/de\/wp-json\/wp\/v2\/productneck?post=108518"},{"taxonomy":"productcolor","embeddable":true,"href":"https:\/\/www.koonings.com\/de\/wp-json\/wp\/v2\/productcolor?post=108518"},{"taxonomy":"maat","embeddable":true,"href":"https:\/\/www.koonings.com\/de\/wp-json\/wp\/v2\/maat?post=108518"},{"taxonomy":"productsupplier","embeddable":true,"href":"https:\/\/www.koonings.com\/de\/wp-json\/wp\/v2\/productsupplier?post=108518"},{"taxonomy":"productsleeve","embeddable":true,"href":"https:\/\/www.koonings.com\/de\/wp-json\/wp\/v2\/productsleeve?post=108518"},{"taxonomy":"productcategory","embeddable":true,"href":"https:\/\/www.koonings.com\/de\/wp-json\/wp\/v2\/productcategory?post=108518"},{"taxonomy":"productsilhouette","embeddable":true,"href":"https:\/\/www.koonings.com\/de\/wp-json\/wp\/v2\/productsilhouette?post=108518"},{"taxonomy":"productstyle","embeddable":true,"href":"https:\/\/www.koonings.com\/de\/wp-json\/wp\/v2\/productstyle?post=108518"}],"curies":[{"name":"wp","href":"https:\/\/api.w.org\/{rel}","templated":true}]}}