{"id":108513,"date":"2026-04-14T16:38:04","date_gmt":"2026-04-14T14:38:04","guid":{"rendered":"https:\/\/www.koonings.com\/product\/modeca-geegee\/"},"modified":"2026-04-14T15:42:48","modified_gmt":"2026-04-14T13:42:48","slug":"modeca-geegee","status":"publish","type":"product","link":"https:\/\/www.koonings.com\/de\/product\/modeca-geegee\/","title":{"rendered":"Modeca Geegee"},"content":{"rendered":"<p>Dieses figurbetonte Mikado-Kleid zieht mit seinem atemberaubenden Design garantiert alle Blicke auf sich. Der V-Ausschnitt unterstreicht die elegante Silhouette, w\u00e4hrend die raffinierten Spitzenmotive auf dem Mieder einen Hauch von Romantik und Raffinesse verleihen. Der tiefe Schl\u00fcssellochausschnitt am R\u00fccken sorgt f\u00fcr einen subtilen, verf\u00fchrerischen Touch. Der abnehmbare \u00dcberrock sorgt f\u00fcr zwei Looks in einem: ein dramatischer, volumin\u00f6ser Stil f\u00fcr die Zeremonie und ein schlichter, eleganter Look f\u00fcr die Party. F\u00fcr einen schlichteren Stil ist das Kleid auch ohne den \u00dcberrock als Geegee-D erh\u00e4ltlich.<br \/>\nLassen Sie sich von diesem und vielen anderen Kleidern inspirieren, die exklusiv bei Koonings erh\u00e4ltlich sind.    <\/p>\n","protected":false},"featured_media":95410,"template":"","meta":{"_acf_changed":false,"ghostkit_customizer_options":"","ghostkit_custom_css":"","ghostkit_custom_js_head":"","ghostkit_custom_js_foot":"","ghostkit_typography":""},"productdetails":[376,378],"productneck":[356],"productcolor":[393,392],"maat":[],"productsupplier":[434],"productsleeve":[359],"productcategory":[18],"productsilhouette":[389],"productstyle":[369,370],"class_list":["post-108513","product","type-product","status-publish","has-post-thumbnail","hentry","productdetails-376","productdetails-378","productneck-356","productcolor-393","productcolor-392","productsupplier-modeca","productsleeve-359","productcategory-trouwjurken","productsilhouette-389","productstyle-369","productstyle-370"],"acf":[],"yoast_head":"<!-- This site is optimized with the Yoast SEO plugin v27.3 - https:\/\/yoast.com\/product\/yoast-seo-wordpress\/ -->\n<title>Modeca Geegee | Koonings<\/title>\n<meta name=\"description\" content=\"Dieses figurbetonte Mikado-Kleid zieht mit seinem atemberaubenden Design garantiert alle Blicke auf sich. Der V-Ausschnitt unterstreicht die elegante Silhouette, w\u00e4hrend die raffinierten Spitzenmotive auf dem Mieder einen Hauch von Romantik und Raffinesse verleihen. Der tiefe Schl\u00fcssellochausschnitt am R\u00fccken sorgt f\u00fcr einen subtilen, verf\u00fchrerischen Touch. Der abnehmbare \u00dcberrock sorgt f\u00fcr zwei Looks in einem: ein dramatischer, volumin\u00f6ser Stil f\u00fcr die Zeremonie und ein schlichter, eleganter Look f\u00fcr die Party. F\u00fcr einen schlichteren Stil ist das Kleid auch ohne den \u00dcberrock als Geegee-D erh\u00e4ltlich. Lassen Sie sich von diesem und vielen anderen Kleidern inspirieren, die exklusiv bei Koonings erh\u00e4ltlich sind.\" \/>\n<meta name=\"robots\" content=\"index, follow, max-snippet:-1, max-image-preview:large, max-video-preview:-1\" \/>\n<link rel=\"canonical\" href=\"https:\/\/www.koonings.com\/de\/product\/modeca-geegee\/\" \/>\n<meta property=\"og:locale\" content=\"de_DE\" \/>\n<meta property=\"og:type\" content=\"article\" \/>\n<meta property=\"og:title\" content=\"Modeca Geegee | Koonings\" \/>\n<meta property=\"og:description\" content=\"Dieses figurbetonte Mikado-Kleid zieht mit seinem atemberaubenden Design garantiert alle Blicke auf sich. Der V-Ausschnitt unterstreicht die elegante Silhouette, w\u00e4hrend die raffinierten Spitzenmotive auf dem Mieder einen Hauch von Romantik und Raffinesse verleihen. Der tiefe Schl\u00fcssellochausschnitt am R\u00fccken sorgt f\u00fcr einen subtilen, verf\u00fchrerischen Touch. Der abnehmbare \u00dcberrock sorgt f\u00fcr zwei Looks in einem: ein dramatischer, volumin\u00f6ser Stil f\u00fcr die Zeremonie und ein schlichter, eleganter Look f\u00fcr die Party. F\u00fcr einen schlichteren Stil ist das Kleid auch ohne den \u00dcberrock als Geegee-D erh\u00e4ltlich. Lassen Sie sich von diesem und vielen anderen Kleidern inspirieren, die exklusiv bei Koonings erh\u00e4ltlich sind.\" \/>\n<meta property=\"og:url\" content=\"https:\/\/www.koonings.com\/de\/product\/modeca-geegee\/\" \/>\n<meta property=\"og:site_name\" content=\"Koonings\" \/>\n<meta property=\"article:publisher\" content=\"https:\/\/www.facebook.com\/kooningstheweddingpalace\" \/>\n<meta property=\"og:image\" content=\"https:\/\/www.koonings.com\/wp-content\/uploads\/2025\/09\/51128_964d5ca0fcc5be1e4071d3e17cd3b10c03850cd9b0a48d0dcd15ecb456afd2ac0f33aa16.jpeg\" \/>\n\t<meta property=\"og:image:width\" content=\"1475\" \/>\n\t<meta property=\"og:image:height\" content=\"2082\" \/>\n\t<meta property=\"og:image:type\" content=\"image\/jpeg\" \/>\n<meta name=\"twitter:card\" content=\"summary_large_image\" \/>\n<meta name=\"twitter:label1\" content=\"Gesch\u00e4tzte Lesezeit\" \/>\n\t<meta name=\"twitter:data1\" content=\"1\u00a0Minute\" \/>\n<script type=\"application\/ld+json\" class=\"yoast-schema-graph\">{\"@context\":\"https:\\\/\\\/schema.org\",\"@graph\":[{\"@type\":\"WebPage\",\"@id\":\"https:\\\/\\\/www.koonings.com\\\/de\\\/product\\\/modeca-geegee\\\/\",\"url\":\"https:\\\/\\\/www.koonings.com\\\/de\\\/product\\\/modeca-geegee\\\/\",\"name\":\"Modeca Geegee | Koonings\",\"isPartOf\":{\"@id\":\"https:\\\/\\\/www.koonings.com\\\/de\\\/#website\"},\"primaryImageOfPage\":{\"@id\":\"https:\\\/\\\/www.koonings.com\\\/de\\\/product\\\/modeca-geegee\\\/#primaryimage\"},\"image\":{\"@id\":\"https:\\\/\\\/www.koonings.com\\\/de\\\/product\\\/modeca-geegee\\\/#primaryimage\"},\"thumbnailUrl\":\"https:\\\/\\\/www.koonings.com\\\/wp-content\\\/uploads\\\/2025\\\/09\\\/51128_964d5ca0fcc5be1e4071d3e17cd3b10c03850cd9b0a48d0dcd15ecb456afd2ac0f33aa16.jpeg\",\"datePublished\":\"2026-04-14T14:38:04+00:00\",\"description\":\"Dieses figurbetonte Mikado-Kleid zieht mit seinem atemberaubenden Design garantiert alle Blicke auf sich. Der V-Ausschnitt unterstreicht die elegante Silhouette, w\u00e4hrend die raffinierten Spitzenmotive auf dem Mieder einen Hauch von Romantik und Raffinesse verleihen. Der tiefe Schl\u00fcssellochausschnitt am R\u00fccken sorgt f\u00fcr einen subtilen, verf\u00fchrerischen Touch. Der abnehmbare \u00dcberrock sorgt f\u00fcr zwei Looks in einem: ein dramatischer, volumin\u00f6ser Stil f\u00fcr die Zeremonie und ein schlichter, eleganter Look f\u00fcr die Party. F\u00fcr einen schlichteren Stil ist das Kleid auch ohne den \u00dcberrock als Geegee-D erh\u00e4ltlich. Lassen Sie sich von diesem und vielen anderen Kleidern inspirieren, die exklusiv bei Koonings erh\u00e4ltlich sind.\",\"breadcrumb\":{\"@id\":\"https:\\\/\\\/www.koonings.com\\\/de\\\/product\\\/modeca-geegee\\\/#breadcrumb\"},\"inLanguage\":\"de\",\"potentialAction\":[{\"@type\":\"ReadAction\",\"target\":[\"https:\\\/\\\/www.koonings.com\\\/de\\\/product\\\/modeca-geegee\\\/\"]}]},{\"@type\":\"ImageObject\",\"inLanguage\":\"de\",\"@id\":\"https:\\\/\\\/www.koonings.com\\\/de\\\/product\\\/modeca-geegee\\\/#primaryimage\",\"url\":\"https:\\\/\\\/www.koonings.com\\\/wp-content\\\/uploads\\\/2025\\\/09\\\/51128_964d5ca0fcc5be1e4071d3e17cd3b10c03850cd9b0a48d0dcd15ecb456afd2ac0f33aa16.jpeg\",\"contentUrl\":\"https:\\\/\\\/www.koonings.com\\\/wp-content\\\/uploads\\\/2025\\\/09\\\/51128_964d5ca0fcc5be1e4071d3e17cd3b10c03850cd9b0a48d0dcd15ecb456afd2ac0f33aa16.jpeg\",\"width\":1475,\"height\":2082},{\"@type\":\"BreadcrumbList\",\"@id\":\"https:\\\/\\\/www.koonings.com\\\/de\\\/product\\\/modeca-geegee\\\/#breadcrumb\",\"itemListElement\":[{\"@type\":\"ListItem\",\"position\":1,\"name\":\"Home\",\"item\":\"https:\\\/\\\/www.koonings.com\\\/de\\\/\"},{\"@type\":\"ListItem\",\"position\":2,\"name\":\"Modeca Geegee\"}]},{\"@type\":\"WebSite\",\"@id\":\"https:\\\/\\\/www.koonings.com\\\/de\\\/#website\",\"url\":\"https:\\\/\\\/www.koonings.com\\\/de\\\/\",\"name\":\"Koonings\",\"description\":\"De grootste bruidsmodewinkel ter wereld\",\"publisher\":{\"@id\":\"https:\\\/\\\/www.koonings.com\\\/de\\\/#organization\"},\"potentialAction\":[{\"@type\":\"SearchAction\",\"target\":{\"@type\":\"EntryPoint\",\"urlTemplate\":\"https:\\\/\\\/www.koonings.com\\\/de\\\/?s={search_term_string}\"},\"query-input\":{\"@type\":\"PropertyValueSpecification\",\"valueRequired\":true,\"valueName\":\"search_term_string\"}}],\"inLanguage\":\"de\"},{\"@type\":\"Organization\",\"@id\":\"https:\\\/\\\/www.koonings.com\\\/de\\\/#organization\",\"name\":\"Koonings\",\"url\":\"https:\\\/\\\/www.koonings.com\\\/de\\\/\",\"logo\":{\"@type\":\"ImageObject\",\"inLanguage\":\"de\",\"@id\":\"https:\\\/\\\/www.koonings.com\\\/de\\\/#\\\/schema\\\/logo\\\/image\\\/\",\"url\":\"https:\\\/\\\/www.koonings.com\\\/wp-content\\\/uploads\\\/2024\\\/07\\\/logo.png\",\"contentUrl\":\"https:\\\/\\\/www.koonings.com\\\/wp-content\\\/uploads\\\/2024\\\/07\\\/logo.png\",\"width\":600,\"height\":428,\"caption\":\"Koonings\"},\"image\":{\"@id\":\"https:\\\/\\\/www.koonings.com\\\/de\\\/#\\\/schema\\\/logo\\\/image\\\/\"},\"sameAs\":[\"https:\\\/\\\/www.facebook.com\\\/kooningstheweddingpalace\",\"https:\\\/\\\/www.instagram.com\\\/kooningstheweddingpalace\",\"https:\\\/\\\/www.pinterest.com\\\/koonings\",\"https:\\\/\\\/www.youtube.com\\\/kooningstheweddingpalace\"]}]}<\/script>\n<!-- \/ Yoast SEO plugin. -->","yoast_head_json":{"title":"Modeca Geegee | Koonings","description":"Dieses figurbetonte Mikado-Kleid zieht mit seinem atemberaubenden Design garantiert alle Blicke auf sich. Der V-Ausschnitt unterstreicht die elegante Silhouette, w\u00e4hrend die raffinierten Spitzenmotive auf dem Mieder einen Hauch von Romantik und Raffinesse verleihen. Der tiefe Schl\u00fcssellochausschnitt am R\u00fccken sorgt f\u00fcr einen subtilen, verf\u00fchrerischen Touch. Der abnehmbare \u00dcberrock sorgt f\u00fcr zwei Looks in einem: ein dramatischer, volumin\u00f6ser Stil f\u00fcr die Zeremonie und ein schlichter, eleganter Look f\u00fcr die Party. F\u00fcr einen schlichteren Stil ist das Kleid auch ohne den \u00dcberrock als Geegee-D erh\u00e4ltlich. Lassen Sie sich von diesem und vielen anderen Kleidern inspirieren, die exklusiv bei Koonings erh\u00e4ltlich sind.","robots":{"index":"index","follow":"follow","max-snippet":"max-snippet:-1","max-image-preview":"max-image-preview:large","max-video-preview":"max-video-preview:-1"},"canonical":"https:\/\/www.koonings.com\/de\/product\/modeca-geegee\/","og_locale":"de_DE","og_type":"article","og_title":"Modeca Geegee | Koonings","og_description":"Dieses figurbetonte Mikado-Kleid zieht mit seinem atemberaubenden Design garantiert alle Blicke auf sich. Der V-Ausschnitt unterstreicht die elegante Silhouette, w\u00e4hrend die raffinierten Spitzenmotive auf dem Mieder einen Hauch von Romantik und Raffinesse verleihen. Der tiefe Schl\u00fcssellochausschnitt am R\u00fccken sorgt f\u00fcr einen subtilen, verf\u00fchrerischen Touch. Der abnehmbare \u00dcberrock sorgt f\u00fcr zwei Looks in einem: ein dramatischer, volumin\u00f6ser Stil f\u00fcr die Zeremonie und ein schlichter, eleganter Look f\u00fcr die Party. F\u00fcr einen schlichteren Stil ist das Kleid auch ohne den \u00dcberrock als Geegee-D erh\u00e4ltlich. Lassen Sie sich von diesem und vielen anderen Kleidern inspirieren, die exklusiv bei Koonings erh\u00e4ltlich sind.","og_url":"https:\/\/www.koonings.com\/de\/product\/modeca-geegee\/","og_site_name":"Koonings","article_publisher":"https:\/\/www.facebook.com\/kooningstheweddingpalace","og_image":[{"width":1475,"height":2082,"url":"https:\/\/www.koonings.com\/wp-content\/uploads\/2025\/09\/51128_964d5ca0fcc5be1e4071d3e17cd3b10c03850cd9b0a48d0dcd15ecb456afd2ac0f33aa16.jpeg","type":"image\/jpeg"}],"twitter_card":"summary_large_image","twitter_misc":{"Gesch\u00e4tzte Lesezeit":"1\u00a0Minute"},"schema":{"@context":"https:\/\/schema.org","@graph":[{"@type":"WebPage","@id":"https:\/\/www.koonings.com\/de\/product\/modeca-geegee\/","url":"https:\/\/www.koonings.com\/de\/product\/modeca-geegee\/","name":"Modeca Geegee | Koonings","isPartOf":{"@id":"https:\/\/www.koonings.com\/de\/#website"},"primaryImageOfPage":{"@id":"https:\/\/www.koonings.com\/de\/product\/modeca-geegee\/#primaryimage"},"image":{"@id":"https:\/\/www.koonings.com\/de\/product\/modeca-geegee\/#primaryimage"},"thumbnailUrl":"https:\/\/www.koonings.com\/wp-content\/uploads\/2025\/09\/51128_964d5ca0fcc5be1e4071d3e17cd3b10c03850cd9b0a48d0dcd15ecb456afd2ac0f33aa16.jpeg","datePublished":"2026-04-14T14:38:04+00:00","description":"Dieses figurbetonte Mikado-Kleid zieht mit seinem atemberaubenden Design garantiert alle Blicke auf sich. Der V-Ausschnitt unterstreicht die elegante Silhouette, w\u00e4hrend die raffinierten Spitzenmotive auf dem Mieder einen Hauch von Romantik und Raffinesse verleihen. Der tiefe Schl\u00fcssellochausschnitt am R\u00fccken sorgt f\u00fcr einen subtilen, verf\u00fchrerischen Touch. Der abnehmbare \u00dcberrock sorgt f\u00fcr zwei Looks in einem: ein dramatischer, volumin\u00f6ser Stil f\u00fcr die Zeremonie und ein schlichter, eleganter Look f\u00fcr die Party. F\u00fcr einen schlichteren Stil ist das Kleid auch ohne den \u00dcberrock als Geegee-D erh\u00e4ltlich. Lassen Sie sich von diesem und vielen anderen Kleidern inspirieren, die exklusiv bei Koonings erh\u00e4ltlich sind.","breadcrumb":{"@id":"https:\/\/www.koonings.com\/de\/product\/modeca-geegee\/#breadcrumb"},"inLanguage":"de","potentialAction":[{"@type":"ReadAction","target":["https:\/\/www.koonings.com\/de\/product\/modeca-geegee\/"]}]},{"@type":"ImageObject","inLanguage":"de","@id":"https:\/\/www.koonings.com\/de\/product\/modeca-geegee\/#primaryimage","url":"https:\/\/www.koonings.com\/wp-content\/uploads\/2025\/09\/51128_964d5ca0fcc5be1e4071d3e17cd3b10c03850cd9b0a48d0dcd15ecb456afd2ac0f33aa16.jpeg","contentUrl":"https:\/\/www.koonings.com\/wp-content\/uploads\/2025\/09\/51128_964d5ca0fcc5be1e4071d3e17cd3b10c03850cd9b0a48d0dcd15ecb456afd2ac0f33aa16.jpeg","width":1475,"height":2082},{"@type":"BreadcrumbList","@id":"https:\/\/www.koonings.com\/de\/product\/modeca-geegee\/#breadcrumb","itemListElement":[{"@type":"ListItem","position":1,"name":"Home","item":"https:\/\/www.koonings.com\/de\/"},{"@type":"ListItem","position":2,"name":"Modeca Geegee"}]},{"@type":"WebSite","@id":"https:\/\/www.koonings.com\/de\/#website","url":"https:\/\/www.koonings.com\/de\/","name":"Koonings","description":"De grootste bruidsmodewinkel ter wereld","publisher":{"@id":"https:\/\/www.koonings.com\/de\/#organization"},"potentialAction":[{"@type":"SearchAction","target":{"@type":"EntryPoint","urlTemplate":"https:\/\/www.koonings.com\/de\/?s={search_term_string}"},"query-input":{"@type":"PropertyValueSpecification","valueRequired":true,"valueName":"search_term_string"}}],"inLanguage":"de"},{"@type":"Organization","@id":"https:\/\/www.koonings.com\/de\/#organization","name":"Koonings","url":"https:\/\/www.koonings.com\/de\/","logo":{"@type":"ImageObject","inLanguage":"de","@id":"https:\/\/www.koonings.com\/de\/#\/schema\/logo\/image\/","url":"https:\/\/www.koonings.com\/wp-content\/uploads\/2024\/07\/logo.png","contentUrl":"https:\/\/www.koonings.com\/wp-content\/uploads\/2024\/07\/logo.png","width":600,"height":428,"caption":"Koonings"},"image":{"@id":"https:\/\/www.koonings.com\/de\/#\/schema\/logo\/image\/"},"sameAs":["https:\/\/www.facebook.com\/kooningstheweddingpalace","https:\/\/www.instagram.com\/kooningstheweddingpalace","https:\/\/www.pinterest.com\/koonings","https:\/\/www.youtube.com\/kooningstheweddingpalace"]}]}},"_links":{"self":[{"href":"https:\/\/www.koonings.com\/de\/wp-json\/wp\/v2\/product\/108513","targetHints":{"allow":["GET"]}}],"collection":[{"href":"https:\/\/www.koonings.com\/de\/wp-json\/wp\/v2\/product"}],"about":[{"href":"https:\/\/www.koonings.com\/de\/wp-json\/wp\/v2\/types\/product"}],"wp:featuredmedia":[{"embeddable":true,"href":"https:\/\/www.koonings.com\/de\/wp-json\/wp\/v2\/media\/95410"}],"wp:attachment":[{"href":"https:\/\/www.koonings.com\/de\/wp-json\/wp\/v2\/media?parent=108513"}],"wp:term":[{"taxonomy":"productdetails","embeddable":true,"href":"https:\/\/www.koonings.com\/de\/wp-json\/wp\/v2\/productdetails?post=108513"},{"taxonomy":"productneck","embeddable":true,"href":"https:\/\/www.koonings.com\/de\/wp-json\/wp\/v2\/productneck?post=108513"},{"taxonomy":"productcolor","embeddable":true,"href":"https:\/\/www.koonings.com\/de\/wp-json\/wp\/v2\/productcolor?post=108513"},{"taxonomy":"maat","embeddable":true,"href":"https:\/\/www.koonings.com\/de\/wp-json\/wp\/v2\/maat?post=108513"},{"taxonomy":"productsupplier","embeddable":true,"href":"https:\/\/www.koonings.com\/de\/wp-json\/wp\/v2\/productsupplier?post=108513"},{"taxonomy":"productsleeve","embeddable":true,"href":"https:\/\/www.koonings.com\/de\/wp-json\/wp\/v2\/productsleeve?post=108513"},{"taxonomy":"productcategory","embeddable":true,"href":"https:\/\/www.koonings.com\/de\/wp-json\/wp\/v2\/productcategory?post=108513"},{"taxonomy":"productsilhouette","embeddable":true,"href":"https:\/\/www.koonings.com\/de\/wp-json\/wp\/v2\/productsilhouette?post=108513"},{"taxonomy":"productstyle","embeddable":true,"href":"https:\/\/www.koonings.com\/de\/wp-json\/wp\/v2\/productstyle?post=108513"}],"curies":[{"name":"wp","href":"https:\/\/api.w.org\/{rel}","templated":true}]}}