{"id":108503,"date":"2026-04-14T16:36:59","date_gmt":"2026-04-14T14:36:59","guid":{"rendered":"https:\/\/www.koonings.com\/product\/modeca-gaelle\/"},"modified":"2026-04-14T15:43:12","modified_gmt":"2026-04-14T13:43:12","slug":"modeca-gaelle","status":"publish","type":"product","link":"https:\/\/www.koonings.com\/de\/product\/modeca-gaelle\/","title":{"rendered":"Modeca Gaelle"},"content":{"rendered":"<p>Gaelle ist der Inbegriff von moderner Eleganz. Dieses aus glattem Cr\u00eape gefertigte Kleid mit Passform und Faltenwurf betont Ihre Figur mit einer schlanken und raffinierten Passform. Die Illusionsspitze am Mieder, die mit zarten Blumenapplikationen verziert ist, bildet einen romantischen Kontrast zu dem tiefen V-Ausschnitt und den Spitzentr\u00e4gern. Das Kleid ist mit Spitze an der Schleppe f\u00fcr ein besonders raffiniertes Detail versehen, w\u00e4hrend Gaelle-A eine einfache Schleppe f\u00fcr einen stromlinienf\u00f6rmigen und minimalistischen Look bietet. Die gesamte Kollektion ist bei Koonings erh\u00e4ltlich.    <\/p>\n","protected":false},"featured_media":95244,"template":"","meta":{"_acf_changed":false,"ghostkit_customizer_options":"","ghostkit_custom_css":"","ghostkit_custom_js_head":"","ghostkit_custom_js_foot":"","ghostkit_typography":""},"productdetails":[376,381],"productneck":[356],"productcolor":[392],"maat":[],"productsupplier":[434],"productsleeve":[359],"productcategory":[18],"productsilhouette":[387],"productstyle":[366,370],"class_list":["post-108503","product","type-product","status-publish","has-post-thumbnail","hentry","productdetails-376","productdetails-381","productneck-356","productcolor-392","productsupplier-modeca","productsleeve-359","productcategory-trouwjurken","productsilhouette-387","productstyle-366","productstyle-370"],"acf":[],"yoast_head":"<!-- This site is optimized with the Yoast SEO plugin v27.3 - https:\/\/yoast.com\/product\/yoast-seo-wordpress\/ -->\n<title>Modeca Gaelle | Koonings<\/title>\n<meta name=\"description\" content=\"Gaelle ist der Inbegriff von moderner Eleganz. Dieses aus glattem Cr\u00eape gefertigte Kleid mit Passform und Faltenwurf betont Ihre Figur mit einer schlanken und raffinierten Passform. Die Illusionsspitze am Mieder, die mit zarten Blumenapplikationen verziert ist, bildet einen romantischen Kontrast zu dem tiefen V-Ausschnitt und den Spitzentr\u00e4gern. Das Kleid ist mit Spitze an der Schleppe f\u00fcr ein besonders raffiniertes Detail versehen, w\u00e4hrend Gaelle-A eine einfache Schleppe f\u00fcr einen stromlinienf\u00f6rmigen und minimalistischen Look bietet. Die gesamte Kollektion ist bei Koonings erh\u00e4ltlich.\" \/>\n<meta name=\"robots\" content=\"index, follow, max-snippet:-1, max-image-preview:large, max-video-preview:-1\" \/>\n<link rel=\"canonical\" href=\"https:\/\/www.koonings.com\/de\/product\/modeca-gaelle\/\" \/>\n<meta property=\"og:locale\" content=\"de_DE\" \/>\n<meta property=\"og:type\" content=\"article\" \/>\n<meta property=\"og:title\" content=\"Modeca Gaelle | Koonings\" \/>\n<meta property=\"og:description\" content=\"Gaelle ist der Inbegriff von moderner Eleganz. Dieses aus glattem Cr\u00eape gefertigte Kleid mit Passform und Faltenwurf betont Ihre Figur mit einer schlanken und raffinierten Passform. Die Illusionsspitze am Mieder, die mit zarten Blumenapplikationen verziert ist, bildet einen romantischen Kontrast zu dem tiefen V-Ausschnitt und den Spitzentr\u00e4gern. Das Kleid ist mit Spitze an der Schleppe f\u00fcr ein besonders raffiniertes Detail versehen, w\u00e4hrend Gaelle-A eine einfache Schleppe f\u00fcr einen stromlinienf\u00f6rmigen und minimalistischen Look bietet. Die gesamte Kollektion ist bei Koonings erh\u00e4ltlich.\" \/>\n<meta property=\"og:url\" content=\"https:\/\/www.koonings.com\/de\/product\/modeca-gaelle\/\" \/>\n<meta property=\"og:site_name\" content=\"Koonings\" \/>\n<meta property=\"article:publisher\" content=\"https:\/\/www.facebook.com\/kooningstheweddingpalace\" \/>\n<meta property=\"og:image\" content=\"https:\/\/www.koonings.com\/wp-content\/uploads\/2025\/09\/51122_30299ad948eb49f711828b3d9aee034ed435d34b78187cae8085ac62253784b197934694-scaled.jpeg\" \/>\n\t<meta property=\"og:image:width\" content=\"1810\" \/>\n\t<meta property=\"og:image:height\" content=\"2560\" \/>\n\t<meta property=\"og:image:type\" content=\"image\/jpeg\" \/>\n<meta name=\"twitter:card\" content=\"summary_large_image\" \/>\n<script type=\"application\/ld+json\" class=\"yoast-schema-graph\">{\"@context\":\"https:\\\/\\\/schema.org\",\"@graph\":[{\"@type\":\"WebPage\",\"@id\":\"https:\\\/\\\/www.koonings.com\\\/de\\\/product\\\/modeca-gaelle\\\/\",\"url\":\"https:\\\/\\\/www.koonings.com\\\/de\\\/product\\\/modeca-gaelle\\\/\",\"name\":\"Modeca Gaelle | Koonings\",\"isPartOf\":{\"@id\":\"https:\\\/\\\/www.koonings.com\\\/de\\\/#website\"},\"primaryImageOfPage\":{\"@id\":\"https:\\\/\\\/www.koonings.com\\\/de\\\/product\\\/modeca-gaelle\\\/#primaryimage\"},\"image\":{\"@id\":\"https:\\\/\\\/www.koonings.com\\\/de\\\/product\\\/modeca-gaelle\\\/#primaryimage\"},\"thumbnailUrl\":\"https:\\\/\\\/www.koonings.com\\\/wp-content\\\/uploads\\\/2025\\\/09\\\/51122_30299ad948eb49f711828b3d9aee034ed435d34b78187cae8085ac62253784b197934694-scaled.jpeg\",\"datePublished\":\"2026-04-14T14:36:59+00:00\",\"description\":\"Gaelle ist der Inbegriff von moderner Eleganz. Dieses aus glattem Cr\u00eape gefertigte Kleid mit Passform und Faltenwurf betont Ihre Figur mit einer schlanken und raffinierten Passform. Die Illusionsspitze am Mieder, die mit zarten Blumenapplikationen verziert ist, bildet einen romantischen Kontrast zu dem tiefen V-Ausschnitt und den Spitzentr\u00e4gern. Das Kleid ist mit Spitze an der Schleppe f\u00fcr ein besonders raffiniertes Detail versehen, w\u00e4hrend Gaelle-A eine einfache Schleppe f\u00fcr einen stromlinienf\u00f6rmigen und minimalistischen Look bietet. Die gesamte Kollektion ist bei Koonings erh\u00e4ltlich.\",\"breadcrumb\":{\"@id\":\"https:\\\/\\\/www.koonings.com\\\/de\\\/product\\\/modeca-gaelle\\\/#breadcrumb\"},\"inLanguage\":\"de\",\"potentialAction\":[{\"@type\":\"ReadAction\",\"target\":[\"https:\\\/\\\/www.koonings.com\\\/de\\\/product\\\/modeca-gaelle\\\/\"]}]},{\"@type\":\"ImageObject\",\"inLanguage\":\"de\",\"@id\":\"https:\\\/\\\/www.koonings.com\\\/de\\\/product\\\/modeca-gaelle\\\/#primaryimage\",\"url\":\"https:\\\/\\\/www.koonings.com\\\/wp-content\\\/uploads\\\/2025\\\/09\\\/51122_30299ad948eb49f711828b3d9aee034ed435d34b78187cae8085ac62253784b197934694-scaled.jpeg\",\"contentUrl\":\"https:\\\/\\\/www.koonings.com\\\/wp-content\\\/uploads\\\/2025\\\/09\\\/51122_30299ad948eb49f711828b3d9aee034ed435d34b78187cae8085ac62253784b197934694-scaled.jpeg\",\"width\":1810,\"height\":2560},{\"@type\":\"BreadcrumbList\",\"@id\":\"https:\\\/\\\/www.koonings.com\\\/de\\\/product\\\/modeca-gaelle\\\/#breadcrumb\",\"itemListElement\":[{\"@type\":\"ListItem\",\"position\":1,\"name\":\"Home\",\"item\":\"https:\\\/\\\/www.koonings.com\\\/de\\\/\"},{\"@type\":\"ListItem\",\"position\":2,\"name\":\"Modeca Gaelle\"}]},{\"@type\":\"WebSite\",\"@id\":\"https:\\\/\\\/www.koonings.com\\\/de\\\/#website\",\"url\":\"https:\\\/\\\/www.koonings.com\\\/de\\\/\",\"name\":\"Koonings\",\"description\":\"De grootste bruidsmodewinkel ter wereld\",\"publisher\":{\"@id\":\"https:\\\/\\\/www.koonings.com\\\/de\\\/#organization\"},\"potentialAction\":[{\"@type\":\"SearchAction\",\"target\":{\"@type\":\"EntryPoint\",\"urlTemplate\":\"https:\\\/\\\/www.koonings.com\\\/de\\\/?s={search_term_string}\"},\"query-input\":{\"@type\":\"PropertyValueSpecification\",\"valueRequired\":true,\"valueName\":\"search_term_string\"}}],\"inLanguage\":\"de\"},{\"@type\":\"Organization\",\"@id\":\"https:\\\/\\\/www.koonings.com\\\/de\\\/#organization\",\"name\":\"Koonings\",\"url\":\"https:\\\/\\\/www.koonings.com\\\/de\\\/\",\"logo\":{\"@type\":\"ImageObject\",\"inLanguage\":\"de\",\"@id\":\"https:\\\/\\\/www.koonings.com\\\/de\\\/#\\\/schema\\\/logo\\\/image\\\/\",\"url\":\"https:\\\/\\\/www.koonings.com\\\/wp-content\\\/uploads\\\/2024\\\/07\\\/logo.png\",\"contentUrl\":\"https:\\\/\\\/www.koonings.com\\\/wp-content\\\/uploads\\\/2024\\\/07\\\/logo.png\",\"width\":600,\"height\":428,\"caption\":\"Koonings\"},\"image\":{\"@id\":\"https:\\\/\\\/www.koonings.com\\\/de\\\/#\\\/schema\\\/logo\\\/image\\\/\"},\"sameAs\":[\"https:\\\/\\\/www.facebook.com\\\/kooningstheweddingpalace\",\"https:\\\/\\\/www.instagram.com\\\/kooningstheweddingpalace\",\"https:\\\/\\\/www.pinterest.com\\\/koonings\",\"https:\\\/\\\/www.youtube.com\\\/kooningstheweddingpalace\"]}]}<\/script>\n<!-- \/ Yoast SEO plugin. -->","yoast_head_json":{"title":"Modeca Gaelle | Koonings","description":"Gaelle ist der Inbegriff von moderner Eleganz. Dieses aus glattem Cr\u00eape gefertigte Kleid mit Passform und Faltenwurf betont Ihre Figur mit einer schlanken und raffinierten Passform. Die Illusionsspitze am Mieder, die mit zarten Blumenapplikationen verziert ist, bildet einen romantischen Kontrast zu dem tiefen V-Ausschnitt und den Spitzentr\u00e4gern. Das Kleid ist mit Spitze an der Schleppe f\u00fcr ein besonders raffiniertes Detail versehen, w\u00e4hrend Gaelle-A eine einfache Schleppe f\u00fcr einen stromlinienf\u00f6rmigen und minimalistischen Look bietet. Die gesamte Kollektion ist bei Koonings erh\u00e4ltlich.","robots":{"index":"index","follow":"follow","max-snippet":"max-snippet:-1","max-image-preview":"max-image-preview:large","max-video-preview":"max-video-preview:-1"},"canonical":"https:\/\/www.koonings.com\/de\/product\/modeca-gaelle\/","og_locale":"de_DE","og_type":"article","og_title":"Modeca Gaelle | Koonings","og_description":"Gaelle ist der Inbegriff von moderner Eleganz. Dieses aus glattem Cr\u00eape gefertigte Kleid mit Passform und Faltenwurf betont Ihre Figur mit einer schlanken und raffinierten Passform. Die Illusionsspitze am Mieder, die mit zarten Blumenapplikationen verziert ist, bildet einen romantischen Kontrast zu dem tiefen V-Ausschnitt und den Spitzentr\u00e4gern. Das Kleid ist mit Spitze an der Schleppe f\u00fcr ein besonders raffiniertes Detail versehen, w\u00e4hrend Gaelle-A eine einfache Schleppe f\u00fcr einen stromlinienf\u00f6rmigen und minimalistischen Look bietet. Die gesamte Kollektion ist bei Koonings erh\u00e4ltlich.","og_url":"https:\/\/www.koonings.com\/de\/product\/modeca-gaelle\/","og_site_name":"Koonings","article_publisher":"https:\/\/www.facebook.com\/kooningstheweddingpalace","og_image":[{"width":1810,"height":2560,"url":"https:\/\/www.koonings.com\/wp-content\/uploads\/2025\/09\/51122_30299ad948eb49f711828b3d9aee034ed435d34b78187cae8085ac62253784b197934694-scaled.jpeg","type":"image\/jpeg"}],"twitter_card":"summary_large_image","schema":{"@context":"https:\/\/schema.org","@graph":[{"@type":"WebPage","@id":"https:\/\/www.koonings.com\/de\/product\/modeca-gaelle\/","url":"https:\/\/www.koonings.com\/de\/product\/modeca-gaelle\/","name":"Modeca Gaelle | Koonings","isPartOf":{"@id":"https:\/\/www.koonings.com\/de\/#website"},"primaryImageOfPage":{"@id":"https:\/\/www.koonings.com\/de\/product\/modeca-gaelle\/#primaryimage"},"image":{"@id":"https:\/\/www.koonings.com\/de\/product\/modeca-gaelle\/#primaryimage"},"thumbnailUrl":"https:\/\/www.koonings.com\/wp-content\/uploads\/2025\/09\/51122_30299ad948eb49f711828b3d9aee034ed435d34b78187cae8085ac62253784b197934694-scaled.jpeg","datePublished":"2026-04-14T14:36:59+00:00","description":"Gaelle ist der Inbegriff von moderner Eleganz. Dieses aus glattem Cr\u00eape gefertigte Kleid mit Passform und Faltenwurf betont Ihre Figur mit einer schlanken und raffinierten Passform. Die Illusionsspitze am Mieder, die mit zarten Blumenapplikationen verziert ist, bildet einen romantischen Kontrast zu dem tiefen V-Ausschnitt und den Spitzentr\u00e4gern. Das Kleid ist mit Spitze an der Schleppe f\u00fcr ein besonders raffiniertes Detail versehen, w\u00e4hrend Gaelle-A eine einfache Schleppe f\u00fcr einen stromlinienf\u00f6rmigen und minimalistischen Look bietet. Die gesamte Kollektion ist bei Koonings erh\u00e4ltlich.","breadcrumb":{"@id":"https:\/\/www.koonings.com\/de\/product\/modeca-gaelle\/#breadcrumb"},"inLanguage":"de","potentialAction":[{"@type":"ReadAction","target":["https:\/\/www.koonings.com\/de\/product\/modeca-gaelle\/"]}]},{"@type":"ImageObject","inLanguage":"de","@id":"https:\/\/www.koonings.com\/de\/product\/modeca-gaelle\/#primaryimage","url":"https:\/\/www.koonings.com\/wp-content\/uploads\/2025\/09\/51122_30299ad948eb49f711828b3d9aee034ed435d34b78187cae8085ac62253784b197934694-scaled.jpeg","contentUrl":"https:\/\/www.koonings.com\/wp-content\/uploads\/2025\/09\/51122_30299ad948eb49f711828b3d9aee034ed435d34b78187cae8085ac62253784b197934694-scaled.jpeg","width":1810,"height":2560},{"@type":"BreadcrumbList","@id":"https:\/\/www.koonings.com\/de\/product\/modeca-gaelle\/#breadcrumb","itemListElement":[{"@type":"ListItem","position":1,"name":"Home","item":"https:\/\/www.koonings.com\/de\/"},{"@type":"ListItem","position":2,"name":"Modeca Gaelle"}]},{"@type":"WebSite","@id":"https:\/\/www.koonings.com\/de\/#website","url":"https:\/\/www.koonings.com\/de\/","name":"Koonings","description":"De grootste bruidsmodewinkel ter wereld","publisher":{"@id":"https:\/\/www.koonings.com\/de\/#organization"},"potentialAction":[{"@type":"SearchAction","target":{"@type":"EntryPoint","urlTemplate":"https:\/\/www.koonings.com\/de\/?s={search_term_string}"},"query-input":{"@type":"PropertyValueSpecification","valueRequired":true,"valueName":"search_term_string"}}],"inLanguage":"de"},{"@type":"Organization","@id":"https:\/\/www.koonings.com\/de\/#organization","name":"Koonings","url":"https:\/\/www.koonings.com\/de\/","logo":{"@type":"ImageObject","inLanguage":"de","@id":"https:\/\/www.koonings.com\/de\/#\/schema\/logo\/image\/","url":"https:\/\/www.koonings.com\/wp-content\/uploads\/2024\/07\/logo.png","contentUrl":"https:\/\/www.koonings.com\/wp-content\/uploads\/2024\/07\/logo.png","width":600,"height":428,"caption":"Koonings"},"image":{"@id":"https:\/\/www.koonings.com\/de\/#\/schema\/logo\/image\/"},"sameAs":["https:\/\/www.facebook.com\/kooningstheweddingpalace","https:\/\/www.instagram.com\/kooningstheweddingpalace","https:\/\/www.pinterest.com\/koonings","https:\/\/www.youtube.com\/kooningstheweddingpalace"]}]}},"_links":{"self":[{"href":"https:\/\/www.koonings.com\/de\/wp-json\/wp\/v2\/product\/108503","targetHints":{"allow":["GET"]}}],"collection":[{"href":"https:\/\/www.koonings.com\/de\/wp-json\/wp\/v2\/product"}],"about":[{"href":"https:\/\/www.koonings.com\/de\/wp-json\/wp\/v2\/types\/product"}],"wp:featuredmedia":[{"embeddable":true,"href":"https:\/\/www.koonings.com\/de\/wp-json\/wp\/v2\/media\/95244"}],"wp:attachment":[{"href":"https:\/\/www.koonings.com\/de\/wp-json\/wp\/v2\/media?parent=108503"}],"wp:term":[{"taxonomy":"productdetails","embeddable":true,"href":"https:\/\/www.koonings.com\/de\/wp-json\/wp\/v2\/productdetails?post=108503"},{"taxonomy":"productneck","embeddable":true,"href":"https:\/\/www.koonings.com\/de\/wp-json\/wp\/v2\/productneck?post=108503"},{"taxonomy":"productcolor","embeddable":true,"href":"https:\/\/www.koonings.com\/de\/wp-json\/wp\/v2\/productcolor?post=108503"},{"taxonomy":"maat","embeddable":true,"href":"https:\/\/www.koonings.com\/de\/wp-json\/wp\/v2\/maat?post=108503"},{"taxonomy":"productsupplier","embeddable":true,"href":"https:\/\/www.koonings.com\/de\/wp-json\/wp\/v2\/productsupplier?post=108503"},{"taxonomy":"productsleeve","embeddable":true,"href":"https:\/\/www.koonings.com\/de\/wp-json\/wp\/v2\/productsleeve?post=108503"},{"taxonomy":"productcategory","embeddable":true,"href":"https:\/\/www.koonings.com\/de\/wp-json\/wp\/v2\/productcategory?post=108503"},{"taxonomy":"productsilhouette","embeddable":true,"href":"https:\/\/www.koonings.com\/de\/wp-json\/wp\/v2\/productsilhouette?post=108503"},{"taxonomy":"productstyle","embeddable":true,"href":"https:\/\/www.koonings.com\/de\/wp-json\/wp\/v2\/productstyle?post=108503"}],"curies":[{"name":"wp","href":"https:\/\/api.w.org\/{rel}","templated":true}]}}