{"id":108502,"date":"2026-04-14T16:37:01","date_gmt":"2026-04-14T14:37:01","guid":{"rendered":"https:\/\/www.koonings.com\/product\/modeca-galaxie\/"},"modified":"2026-04-14T15:43:05","modified_gmt":"2026-04-14T13:43:05","slug":"modeca-galaxie","status":"publish","type":"product","link":"https:\/\/www.koonings.com\/de\/product\/modeca-galaxie\/","title":{"rendered":"Modeca Galaxie"},"content":{"rendered":"<p>Das Galaxy Kleid strahlt mit seiner sch\u00f6nen A-Linien-Silhouette Eleganz aus. Die Illusionsspitze am Mieder ist mit funkelnden Pailletten und zarten 3D-Blumenapplikationen verziert, die einen atemberaubend romantischen Look kreieren. Der V-Ausschnitt setzt einen schmeichelhaften Akzent, w\u00e4hrend das quer verlaufende T\u00fclldetail auf der R\u00fcckseite dem Design ein einzigartiges und verspieltes Element verleiht. Dieses Kleid schafft die perfekte Balance zwischen zeitloser Sch\u00f6nheit und modernem, bezauberndem Charme. Die gesamte Kollektion ist bei Koonings erh\u00e4ltlich.    <\/p>\n","protected":false},"featured_media":95310,"template":"","meta":{"_acf_changed":false,"ghostkit_customizer_options":"","ghostkit_custom_css":"","ghostkit_custom_js_head":"","ghostkit_custom_js_foot":"","ghostkit_typography":""},"productdetails":[379,376,381],"productneck":[356],"productcolor":[393,392],"maat":[],"productsupplier":[434],"productsleeve":[359],"productcategory":[18],"productsilhouette":[384],"productstyle":[366,370],"class_list":["post-108502","product","type-product","status-publish","has-post-thumbnail","hentry","productdetails-379","productdetails-376","productdetails-381","productneck-356","productcolor-393","productcolor-392","productsupplier-modeca","productsleeve-359","productcategory-trouwjurken","productsilhouette-384","productstyle-366","productstyle-370"],"acf":[],"yoast_head":"<!-- This site is optimized with the Yoast SEO plugin v27.3 - https:\/\/yoast.com\/product\/yoast-seo-wordpress\/ -->\n<title>Modeca Galaxie | Koonings<\/title>\n<meta name=\"description\" content=\"Das Galaxy Kleid strahlt mit seiner sch\u00f6nen A-Linien-Silhouette Eleganz aus. Die Illusionsspitze am Mieder ist mit funkelnden Pailletten und zarten 3D-Blumenapplikationen verziert, die einen atemberaubend romantischen Look kreieren. Der V-Ausschnitt setzt einen schmeichelhaften Akzent, w\u00e4hrend das quer verlaufende T\u00fclldetail auf der R\u00fcckseite dem Design ein einzigartiges und verspieltes Element verleiht. Dieses Kleid schafft die perfekte Balance zwischen zeitloser Sch\u00f6nheit und modernem, bezauberndem Charme. Die gesamte Kollektion ist bei Koonings erh\u00e4ltlich.\" \/>\n<meta name=\"robots\" content=\"index, follow, max-snippet:-1, max-image-preview:large, max-video-preview:-1\" \/>\n<link rel=\"canonical\" href=\"https:\/\/www.koonings.com\/de\/product\/modeca-galaxie\/\" \/>\n<meta property=\"og:locale\" content=\"de_DE\" \/>\n<meta property=\"og:type\" content=\"article\" \/>\n<meta property=\"og:title\" content=\"Modeca Galaxie | Koonings\" \/>\n<meta property=\"og:description\" content=\"Das Galaxy Kleid strahlt mit seiner sch\u00f6nen A-Linien-Silhouette Eleganz aus. Die Illusionsspitze am Mieder ist mit funkelnden Pailletten und zarten 3D-Blumenapplikationen verziert, die einen atemberaubend romantischen Look kreieren. Der V-Ausschnitt setzt einen schmeichelhaften Akzent, w\u00e4hrend das quer verlaufende T\u00fclldetail auf der R\u00fcckseite dem Design ein einzigartiges und verspieltes Element verleiht. Dieses Kleid schafft die perfekte Balance zwischen zeitloser Sch\u00f6nheit und modernem, bezauberndem Charme. Die gesamte Kollektion ist bei Koonings erh\u00e4ltlich.\" \/>\n<meta property=\"og:url\" content=\"https:\/\/www.koonings.com\/de\/product\/modeca-galaxie\/\" \/>\n<meta property=\"og:site_name\" content=\"Koonings\" \/>\n<meta property=\"article:publisher\" content=\"https:\/\/www.facebook.com\/kooningstheweddingpalace\" \/>\n<meta property=\"og:image\" content=\"https:\/\/www.koonings.com\/wp-content\/uploads\/2025\/09\/51124_da3f2ac8c862ccde39ffbbdd87a260617e206b206e0a29610c163337e60ed872ce97e090.jpeg\" \/>\n\t<meta property=\"og:image:width\" content=\"1805\" \/>\n\t<meta property=\"og:image:height\" content=\"2556\" \/>\n\t<meta property=\"og:image:type\" content=\"image\/jpeg\" \/>\n<meta name=\"twitter:card\" content=\"summary_large_image\" \/>\n<script type=\"application\/ld+json\" class=\"yoast-schema-graph\">{\"@context\":\"https:\\\/\\\/schema.org\",\"@graph\":[{\"@type\":\"WebPage\",\"@id\":\"https:\\\/\\\/www.koonings.com\\\/de\\\/product\\\/modeca-galaxie\\\/\",\"url\":\"https:\\\/\\\/www.koonings.com\\\/de\\\/product\\\/modeca-galaxie\\\/\",\"name\":\"Modeca Galaxie | Koonings\",\"isPartOf\":{\"@id\":\"https:\\\/\\\/www.koonings.com\\\/de\\\/#website\"},\"primaryImageOfPage\":{\"@id\":\"https:\\\/\\\/www.koonings.com\\\/de\\\/product\\\/modeca-galaxie\\\/#primaryimage\"},\"image\":{\"@id\":\"https:\\\/\\\/www.koonings.com\\\/de\\\/product\\\/modeca-galaxie\\\/#primaryimage\"},\"thumbnailUrl\":\"https:\\\/\\\/www.koonings.com\\\/wp-content\\\/uploads\\\/2025\\\/09\\\/51124_da3f2ac8c862ccde39ffbbdd87a260617e206b206e0a29610c163337e60ed872ce97e090.jpeg\",\"datePublished\":\"2026-04-14T14:37:01+00:00\",\"description\":\"Das Galaxy Kleid strahlt mit seiner sch\u00f6nen A-Linien-Silhouette Eleganz aus. Die Illusionsspitze am Mieder ist mit funkelnden Pailletten und zarten 3D-Blumenapplikationen verziert, die einen atemberaubend romantischen Look kreieren. Der V-Ausschnitt setzt einen schmeichelhaften Akzent, w\u00e4hrend das quer verlaufende T\u00fclldetail auf der R\u00fcckseite dem Design ein einzigartiges und verspieltes Element verleiht. Dieses Kleid schafft die perfekte Balance zwischen zeitloser Sch\u00f6nheit und modernem, bezauberndem Charme. Die gesamte Kollektion ist bei Koonings erh\u00e4ltlich.\",\"breadcrumb\":{\"@id\":\"https:\\\/\\\/www.koonings.com\\\/de\\\/product\\\/modeca-galaxie\\\/#breadcrumb\"},\"inLanguage\":\"de\",\"potentialAction\":[{\"@type\":\"ReadAction\",\"target\":[\"https:\\\/\\\/www.koonings.com\\\/de\\\/product\\\/modeca-galaxie\\\/\"]}]},{\"@type\":\"ImageObject\",\"inLanguage\":\"de\",\"@id\":\"https:\\\/\\\/www.koonings.com\\\/de\\\/product\\\/modeca-galaxie\\\/#primaryimage\",\"url\":\"https:\\\/\\\/www.koonings.com\\\/wp-content\\\/uploads\\\/2025\\\/09\\\/51124_da3f2ac8c862ccde39ffbbdd87a260617e206b206e0a29610c163337e60ed872ce97e090.jpeg\",\"contentUrl\":\"https:\\\/\\\/www.koonings.com\\\/wp-content\\\/uploads\\\/2025\\\/09\\\/51124_da3f2ac8c862ccde39ffbbdd87a260617e206b206e0a29610c163337e60ed872ce97e090.jpeg\",\"width\":1805,\"height\":2556},{\"@type\":\"BreadcrumbList\",\"@id\":\"https:\\\/\\\/www.koonings.com\\\/de\\\/product\\\/modeca-galaxie\\\/#breadcrumb\",\"itemListElement\":[{\"@type\":\"ListItem\",\"position\":1,\"name\":\"Home\",\"item\":\"https:\\\/\\\/www.koonings.com\\\/de\\\/\"},{\"@type\":\"ListItem\",\"position\":2,\"name\":\"Modeca Galaxie\"}]},{\"@type\":\"WebSite\",\"@id\":\"https:\\\/\\\/www.koonings.com\\\/de\\\/#website\",\"url\":\"https:\\\/\\\/www.koonings.com\\\/de\\\/\",\"name\":\"Koonings\",\"description\":\"De grootste bruidsmodewinkel ter wereld\",\"publisher\":{\"@id\":\"https:\\\/\\\/www.koonings.com\\\/de\\\/#organization\"},\"potentialAction\":[{\"@type\":\"SearchAction\",\"target\":{\"@type\":\"EntryPoint\",\"urlTemplate\":\"https:\\\/\\\/www.koonings.com\\\/de\\\/?s={search_term_string}\"},\"query-input\":{\"@type\":\"PropertyValueSpecification\",\"valueRequired\":true,\"valueName\":\"search_term_string\"}}],\"inLanguage\":\"de\"},{\"@type\":\"Organization\",\"@id\":\"https:\\\/\\\/www.koonings.com\\\/de\\\/#organization\",\"name\":\"Koonings\",\"url\":\"https:\\\/\\\/www.koonings.com\\\/de\\\/\",\"logo\":{\"@type\":\"ImageObject\",\"inLanguage\":\"de\",\"@id\":\"https:\\\/\\\/www.koonings.com\\\/de\\\/#\\\/schema\\\/logo\\\/image\\\/\",\"url\":\"https:\\\/\\\/www.koonings.com\\\/wp-content\\\/uploads\\\/2024\\\/07\\\/logo.png\",\"contentUrl\":\"https:\\\/\\\/www.koonings.com\\\/wp-content\\\/uploads\\\/2024\\\/07\\\/logo.png\",\"width\":600,\"height\":428,\"caption\":\"Koonings\"},\"image\":{\"@id\":\"https:\\\/\\\/www.koonings.com\\\/de\\\/#\\\/schema\\\/logo\\\/image\\\/\"},\"sameAs\":[\"https:\\\/\\\/www.facebook.com\\\/kooningstheweddingpalace\",\"https:\\\/\\\/www.instagram.com\\\/kooningstheweddingpalace\",\"https:\\\/\\\/www.pinterest.com\\\/koonings\",\"https:\\\/\\\/www.youtube.com\\\/kooningstheweddingpalace\"]}]}<\/script>\n<!-- \/ Yoast SEO plugin. -->","yoast_head_json":{"title":"Modeca Galaxie | Koonings","description":"Das Galaxy Kleid strahlt mit seiner sch\u00f6nen A-Linien-Silhouette Eleganz aus. Die Illusionsspitze am Mieder ist mit funkelnden Pailletten und zarten 3D-Blumenapplikationen verziert, die einen atemberaubend romantischen Look kreieren. Der V-Ausschnitt setzt einen schmeichelhaften Akzent, w\u00e4hrend das quer verlaufende T\u00fclldetail auf der R\u00fcckseite dem Design ein einzigartiges und verspieltes Element verleiht. Dieses Kleid schafft die perfekte Balance zwischen zeitloser Sch\u00f6nheit und modernem, bezauberndem Charme. Die gesamte Kollektion ist bei Koonings erh\u00e4ltlich.","robots":{"index":"index","follow":"follow","max-snippet":"max-snippet:-1","max-image-preview":"max-image-preview:large","max-video-preview":"max-video-preview:-1"},"canonical":"https:\/\/www.koonings.com\/de\/product\/modeca-galaxie\/","og_locale":"de_DE","og_type":"article","og_title":"Modeca Galaxie | Koonings","og_description":"Das Galaxy Kleid strahlt mit seiner sch\u00f6nen A-Linien-Silhouette Eleganz aus. Die Illusionsspitze am Mieder ist mit funkelnden Pailletten und zarten 3D-Blumenapplikationen verziert, die einen atemberaubend romantischen Look kreieren. Der V-Ausschnitt setzt einen schmeichelhaften Akzent, w\u00e4hrend das quer verlaufende T\u00fclldetail auf der R\u00fcckseite dem Design ein einzigartiges und verspieltes Element verleiht. Dieses Kleid schafft die perfekte Balance zwischen zeitloser Sch\u00f6nheit und modernem, bezauberndem Charme. Die gesamte Kollektion ist bei Koonings erh\u00e4ltlich.","og_url":"https:\/\/www.koonings.com\/de\/product\/modeca-galaxie\/","og_site_name":"Koonings","article_publisher":"https:\/\/www.facebook.com\/kooningstheweddingpalace","og_image":[{"width":1805,"height":2556,"url":"https:\/\/www.koonings.com\/wp-content\/uploads\/2025\/09\/51124_da3f2ac8c862ccde39ffbbdd87a260617e206b206e0a29610c163337e60ed872ce97e090.jpeg","type":"image\/jpeg"}],"twitter_card":"summary_large_image","schema":{"@context":"https:\/\/schema.org","@graph":[{"@type":"WebPage","@id":"https:\/\/www.koonings.com\/de\/product\/modeca-galaxie\/","url":"https:\/\/www.koonings.com\/de\/product\/modeca-galaxie\/","name":"Modeca Galaxie | Koonings","isPartOf":{"@id":"https:\/\/www.koonings.com\/de\/#website"},"primaryImageOfPage":{"@id":"https:\/\/www.koonings.com\/de\/product\/modeca-galaxie\/#primaryimage"},"image":{"@id":"https:\/\/www.koonings.com\/de\/product\/modeca-galaxie\/#primaryimage"},"thumbnailUrl":"https:\/\/www.koonings.com\/wp-content\/uploads\/2025\/09\/51124_da3f2ac8c862ccde39ffbbdd87a260617e206b206e0a29610c163337e60ed872ce97e090.jpeg","datePublished":"2026-04-14T14:37:01+00:00","description":"Das Galaxy Kleid strahlt mit seiner sch\u00f6nen A-Linien-Silhouette Eleganz aus. Die Illusionsspitze am Mieder ist mit funkelnden Pailletten und zarten 3D-Blumenapplikationen verziert, die einen atemberaubend romantischen Look kreieren. Der V-Ausschnitt setzt einen schmeichelhaften Akzent, w\u00e4hrend das quer verlaufende T\u00fclldetail auf der R\u00fcckseite dem Design ein einzigartiges und verspieltes Element verleiht. Dieses Kleid schafft die perfekte Balance zwischen zeitloser Sch\u00f6nheit und modernem, bezauberndem Charme. Die gesamte Kollektion ist bei Koonings erh\u00e4ltlich.","breadcrumb":{"@id":"https:\/\/www.koonings.com\/de\/product\/modeca-galaxie\/#breadcrumb"},"inLanguage":"de","potentialAction":[{"@type":"ReadAction","target":["https:\/\/www.koonings.com\/de\/product\/modeca-galaxie\/"]}]},{"@type":"ImageObject","inLanguage":"de","@id":"https:\/\/www.koonings.com\/de\/product\/modeca-galaxie\/#primaryimage","url":"https:\/\/www.koonings.com\/wp-content\/uploads\/2025\/09\/51124_da3f2ac8c862ccde39ffbbdd87a260617e206b206e0a29610c163337e60ed872ce97e090.jpeg","contentUrl":"https:\/\/www.koonings.com\/wp-content\/uploads\/2025\/09\/51124_da3f2ac8c862ccde39ffbbdd87a260617e206b206e0a29610c163337e60ed872ce97e090.jpeg","width":1805,"height":2556},{"@type":"BreadcrumbList","@id":"https:\/\/www.koonings.com\/de\/product\/modeca-galaxie\/#breadcrumb","itemListElement":[{"@type":"ListItem","position":1,"name":"Home","item":"https:\/\/www.koonings.com\/de\/"},{"@type":"ListItem","position":2,"name":"Modeca Galaxie"}]},{"@type":"WebSite","@id":"https:\/\/www.koonings.com\/de\/#website","url":"https:\/\/www.koonings.com\/de\/","name":"Koonings","description":"De grootste bruidsmodewinkel ter wereld","publisher":{"@id":"https:\/\/www.koonings.com\/de\/#organization"},"potentialAction":[{"@type":"SearchAction","target":{"@type":"EntryPoint","urlTemplate":"https:\/\/www.koonings.com\/de\/?s={search_term_string}"},"query-input":{"@type":"PropertyValueSpecification","valueRequired":true,"valueName":"search_term_string"}}],"inLanguage":"de"},{"@type":"Organization","@id":"https:\/\/www.koonings.com\/de\/#organization","name":"Koonings","url":"https:\/\/www.koonings.com\/de\/","logo":{"@type":"ImageObject","inLanguage":"de","@id":"https:\/\/www.koonings.com\/de\/#\/schema\/logo\/image\/","url":"https:\/\/www.koonings.com\/wp-content\/uploads\/2024\/07\/logo.png","contentUrl":"https:\/\/www.koonings.com\/wp-content\/uploads\/2024\/07\/logo.png","width":600,"height":428,"caption":"Koonings"},"image":{"@id":"https:\/\/www.koonings.com\/de\/#\/schema\/logo\/image\/"},"sameAs":["https:\/\/www.facebook.com\/kooningstheweddingpalace","https:\/\/www.instagram.com\/kooningstheweddingpalace","https:\/\/www.pinterest.com\/koonings","https:\/\/www.youtube.com\/kooningstheweddingpalace"]}]}},"_links":{"self":[{"href":"https:\/\/www.koonings.com\/de\/wp-json\/wp\/v2\/product\/108502","targetHints":{"allow":["GET"]}}],"collection":[{"href":"https:\/\/www.koonings.com\/de\/wp-json\/wp\/v2\/product"}],"about":[{"href":"https:\/\/www.koonings.com\/de\/wp-json\/wp\/v2\/types\/product"}],"wp:featuredmedia":[{"embeddable":true,"href":"https:\/\/www.koonings.com\/de\/wp-json\/wp\/v2\/media\/95310"}],"wp:attachment":[{"href":"https:\/\/www.koonings.com\/de\/wp-json\/wp\/v2\/media?parent=108502"}],"wp:term":[{"taxonomy":"productdetails","embeddable":true,"href":"https:\/\/www.koonings.com\/de\/wp-json\/wp\/v2\/productdetails?post=108502"},{"taxonomy":"productneck","embeddable":true,"href":"https:\/\/www.koonings.com\/de\/wp-json\/wp\/v2\/productneck?post=108502"},{"taxonomy":"productcolor","embeddable":true,"href":"https:\/\/www.koonings.com\/de\/wp-json\/wp\/v2\/productcolor?post=108502"},{"taxonomy":"maat","embeddable":true,"href":"https:\/\/www.koonings.com\/de\/wp-json\/wp\/v2\/maat?post=108502"},{"taxonomy":"productsupplier","embeddable":true,"href":"https:\/\/www.koonings.com\/de\/wp-json\/wp\/v2\/productsupplier?post=108502"},{"taxonomy":"productsleeve","embeddable":true,"href":"https:\/\/www.koonings.com\/de\/wp-json\/wp\/v2\/productsleeve?post=108502"},{"taxonomy":"productcategory","embeddable":true,"href":"https:\/\/www.koonings.com\/de\/wp-json\/wp\/v2\/productcategory?post=108502"},{"taxonomy":"productsilhouette","embeddable":true,"href":"https:\/\/www.koonings.com\/de\/wp-json\/wp\/v2\/productsilhouette?post=108502"},{"taxonomy":"productstyle","embeddable":true,"href":"https:\/\/www.koonings.com\/de\/wp-json\/wp\/v2\/productstyle?post=108502"}],"curies":[{"name":"wp","href":"https:\/\/api.w.org\/{rel}","templated":true}]}}