{"id":108471,"date":"2026-04-21T18:36:50","date_gmt":"2026-04-21T16:36:50","guid":{"rendered":"https:\/\/www.koonings.com\/product\/le-papillon-von-modeca-hazan\/"},"modified":"2026-04-14T15:36:34","modified_gmt":"2026-04-14T13:36:34","slug":"le-papillon-von-modeca-hazan","status":"publish","type":"product","link":"https:\/\/www.koonings.com\/de\/product\/le-papillon-von-modeca-hazan\/","title":{"rendered":"Le Papillon von Modeca Hazan"},"content":{"rendered":"<p>Hazan ist der Inbegriff von Romantik und Raffinesse. Dieses A-Linien-Kleid aus T\u00fcll hat ein wundersch\u00f6n verziertes Mieder aus floraler Spitze mit einem herzf\u00f6rmigen Ausschnitt, der Ihre nat\u00fcrliche Eleganz unterstreicht. Feine Tr\u00e4ger sorgen f\u00fcr eine zarte Note, w\u00e4hrend der abnehmbare T\u00fcllkragen mit Spitzenapplikationen ein einzigartiges und vielseitiges Detail darstellt. F\u00fcr einen schlichteren, aber ebenso atemberaubenden Look gibt es die Hazan-D Variante ohne Kragen.   <\/p>\n<p>Dieses Design ist Teil der Le Papillon by Modeca Kollektion und bei Koonings erh\u00e4ltlich.<\/p>\n","protected":false},"featured_media":96829,"template":"","meta":{"_acf_changed":false,"ghostkit_customizer_options":"","ghostkit_custom_css":"","ghostkit_custom_js_head":"","ghostkit_custom_js_foot":"","ghostkit_typography":""},"productdetails":[379,376,378,381],"productneck":[354],"productcolor":[393,392],"maat":[],"productsupplier":[411],"productsleeve":[359],"productcategory":[18],"productsilhouette":[384],"productstyle":[366,370],"class_list":["post-108471","product","type-product","status-publish","has-post-thumbnail","hentry","productdetails-379","productdetails-376","productdetails-378","productdetails-381","productneck-354","productcolor-393","productcolor-392","productsupplier-le-papillon-by-modeca","productsleeve-359","productcategory-trouwjurken","productsilhouette-384","productstyle-366","productstyle-370"],"acf":[],"yoast_head":"<!-- This site is optimized with the Yoast SEO plugin v27.3 - https:\/\/yoast.com\/product\/yoast-seo-wordpress\/ -->\n<title>Le Papillon von Modeca Hazan | Koonings<\/title>\n<meta name=\"description\" content=\"Hazan ist der Inbegriff von Romantik und Raffinesse. Dieses A-Linien-Kleid aus T\u00fcll hat ein wundersch\u00f6n verziertes Mieder aus floraler Spitze mit einem herzf\u00f6rmigen Ausschnitt, der Ihre nat\u00fcrliche Eleganz unterstreicht. Feine Tr\u00e4ger sorgen f\u00fcr eine zarte Note, w\u00e4hrend der abnehmbare T\u00fcllkragen mit Spitzenapplikationen ein einzigartiges und vielseitiges Detail darstellt. F\u00fcr einen schlichteren, aber ebenso atemberaubenden Look gibt es die Hazan-D Variante ohne Kragen. Dieses Design ist Teil der Le Papillon by Modeca Kollektion und bei Koonings erh\u00e4ltlich.\" \/>\n<meta name=\"robots\" content=\"index, follow, max-snippet:-1, max-image-preview:large, max-video-preview:-1\" \/>\n<link rel=\"canonical\" href=\"https:\/\/www.koonings.com\/de\/product\/le-papillon-von-modeca-hazan\/\" \/>\n<meta property=\"og:locale\" content=\"de_DE\" \/>\n<meta property=\"og:type\" content=\"article\" \/>\n<meta property=\"og:title\" content=\"Le Papillon von Modeca Hazan | Koonings\" \/>\n<meta property=\"og:description\" content=\"Hazan ist der Inbegriff von Romantik und Raffinesse. Dieses A-Linien-Kleid aus T\u00fcll hat ein wundersch\u00f6n verziertes Mieder aus floraler Spitze mit einem herzf\u00f6rmigen Ausschnitt, der Ihre nat\u00fcrliche Eleganz unterstreicht. Feine Tr\u00e4ger sorgen f\u00fcr eine zarte Note, w\u00e4hrend der abnehmbare T\u00fcllkragen mit Spitzenapplikationen ein einzigartiges und vielseitiges Detail darstellt. F\u00fcr einen schlichteren, aber ebenso atemberaubenden Look gibt es die Hazan-D Variante ohne Kragen. Dieses Design ist Teil der Le Papillon by Modeca Kollektion und bei Koonings erh\u00e4ltlich.\" \/>\n<meta property=\"og:url\" content=\"https:\/\/www.koonings.com\/de\/product\/le-papillon-von-modeca-hazan\/\" \/>\n<meta property=\"og:site_name\" content=\"Koonings\" \/>\n<meta property=\"article:publisher\" content=\"https:\/\/www.facebook.com\/kooningstheweddingpalace\" \/>\n<meta property=\"og:image\" content=\"https:\/\/www.koonings.com\/wp-content\/uploads\/2025\/09\/51084_2c5f34e01b49982b56667f00ed54f1fd21d013e2fc4711066adfad9e745b1553abfd9ee3.jpeg\" \/>\n\t<meta property=\"og:image:width\" content=\"1533\" \/>\n\t<meta property=\"og:image:height\" content=\"2169\" \/>\n\t<meta property=\"og:image:type\" content=\"image\/jpeg\" \/>\n<meta name=\"twitter:card\" content=\"summary_large_image\" \/>\n<script type=\"application\/ld+json\" class=\"yoast-schema-graph\">{\"@context\":\"https:\\\/\\\/schema.org\",\"@graph\":[{\"@type\":\"WebPage\",\"@id\":\"https:\\\/\\\/www.koonings.com\\\/de\\\/product\\\/le-papillon-von-modeca-hazan\\\/\",\"url\":\"https:\\\/\\\/www.koonings.com\\\/de\\\/product\\\/le-papillon-von-modeca-hazan\\\/\",\"name\":\"Le Papillon von Modeca Hazan | Koonings\",\"isPartOf\":{\"@id\":\"https:\\\/\\\/www.koonings.com\\\/de\\\/#website\"},\"primaryImageOfPage\":{\"@id\":\"https:\\\/\\\/www.koonings.com\\\/de\\\/product\\\/le-papillon-von-modeca-hazan\\\/#primaryimage\"},\"image\":{\"@id\":\"https:\\\/\\\/www.koonings.com\\\/de\\\/product\\\/le-papillon-von-modeca-hazan\\\/#primaryimage\"},\"thumbnailUrl\":\"https:\\\/\\\/www.koonings.com\\\/wp-content\\\/uploads\\\/2025\\\/09\\\/51084_2c5f34e01b49982b56667f00ed54f1fd21d013e2fc4711066adfad9e745b1553abfd9ee3.jpeg\",\"datePublished\":\"2026-04-21T16:36:50+00:00\",\"description\":\"Hazan ist der Inbegriff von Romantik und Raffinesse. Dieses A-Linien-Kleid aus T\u00fcll hat ein wundersch\u00f6n verziertes Mieder aus floraler Spitze mit einem herzf\u00f6rmigen Ausschnitt, der Ihre nat\u00fcrliche Eleganz unterstreicht. Feine Tr\u00e4ger sorgen f\u00fcr eine zarte Note, w\u00e4hrend der abnehmbare T\u00fcllkragen mit Spitzenapplikationen ein einzigartiges und vielseitiges Detail darstellt. F\u00fcr einen schlichteren, aber ebenso atemberaubenden Look gibt es die Hazan-D Variante ohne Kragen. Dieses Design ist Teil der Le Papillon by Modeca Kollektion und bei Koonings erh\u00e4ltlich.\",\"breadcrumb\":{\"@id\":\"https:\\\/\\\/www.koonings.com\\\/de\\\/product\\\/le-papillon-von-modeca-hazan\\\/#breadcrumb\"},\"inLanguage\":\"de\",\"potentialAction\":[{\"@type\":\"ReadAction\",\"target\":[\"https:\\\/\\\/www.koonings.com\\\/de\\\/product\\\/le-papillon-von-modeca-hazan\\\/\"]}]},{\"@type\":\"ImageObject\",\"inLanguage\":\"de\",\"@id\":\"https:\\\/\\\/www.koonings.com\\\/de\\\/product\\\/le-papillon-von-modeca-hazan\\\/#primaryimage\",\"url\":\"https:\\\/\\\/www.koonings.com\\\/wp-content\\\/uploads\\\/2025\\\/09\\\/51084_2c5f34e01b49982b56667f00ed54f1fd21d013e2fc4711066adfad9e745b1553abfd9ee3.jpeg\",\"contentUrl\":\"https:\\\/\\\/www.koonings.com\\\/wp-content\\\/uploads\\\/2025\\\/09\\\/51084_2c5f34e01b49982b56667f00ed54f1fd21d013e2fc4711066adfad9e745b1553abfd9ee3.jpeg\",\"width\":1533,\"height\":2169},{\"@type\":\"BreadcrumbList\",\"@id\":\"https:\\\/\\\/www.koonings.com\\\/de\\\/product\\\/le-papillon-von-modeca-hazan\\\/#breadcrumb\",\"itemListElement\":[{\"@type\":\"ListItem\",\"position\":1,\"name\":\"Home\",\"item\":\"https:\\\/\\\/www.koonings.com\\\/de\\\/\"},{\"@type\":\"ListItem\",\"position\":2,\"name\":\"Le Papillon von Modeca Hazan\"}]},{\"@type\":\"WebSite\",\"@id\":\"https:\\\/\\\/www.koonings.com\\\/de\\\/#website\",\"url\":\"https:\\\/\\\/www.koonings.com\\\/de\\\/\",\"name\":\"Koonings\",\"description\":\"De grootste bruidsmodewinkel ter wereld\",\"publisher\":{\"@id\":\"https:\\\/\\\/www.koonings.com\\\/de\\\/#organization\"},\"potentialAction\":[{\"@type\":\"SearchAction\",\"target\":{\"@type\":\"EntryPoint\",\"urlTemplate\":\"https:\\\/\\\/www.koonings.com\\\/de\\\/?s={search_term_string}\"},\"query-input\":{\"@type\":\"PropertyValueSpecification\",\"valueRequired\":true,\"valueName\":\"search_term_string\"}}],\"inLanguage\":\"de\"},{\"@type\":\"Organization\",\"@id\":\"https:\\\/\\\/www.koonings.com\\\/de\\\/#organization\",\"name\":\"Koonings\",\"url\":\"https:\\\/\\\/www.koonings.com\\\/de\\\/\",\"logo\":{\"@type\":\"ImageObject\",\"inLanguage\":\"de\",\"@id\":\"https:\\\/\\\/www.koonings.com\\\/de\\\/#\\\/schema\\\/logo\\\/image\\\/\",\"url\":\"https:\\\/\\\/www.koonings.com\\\/wp-content\\\/uploads\\\/2024\\\/07\\\/logo.png\",\"contentUrl\":\"https:\\\/\\\/www.koonings.com\\\/wp-content\\\/uploads\\\/2024\\\/07\\\/logo.png\",\"width\":600,\"height\":428,\"caption\":\"Koonings\"},\"image\":{\"@id\":\"https:\\\/\\\/www.koonings.com\\\/de\\\/#\\\/schema\\\/logo\\\/image\\\/\"},\"sameAs\":[\"https:\\\/\\\/www.facebook.com\\\/kooningstheweddingpalace\",\"https:\\\/\\\/www.instagram.com\\\/kooningstheweddingpalace\",\"https:\\\/\\\/www.pinterest.com\\\/koonings\",\"https:\\\/\\\/www.youtube.com\\\/kooningstheweddingpalace\"]}]}<\/script>\n<!-- \/ Yoast SEO plugin. -->","yoast_head_json":{"title":"Le Papillon von Modeca Hazan | Koonings","description":"Hazan ist der Inbegriff von Romantik und Raffinesse. Dieses A-Linien-Kleid aus T\u00fcll hat ein wundersch\u00f6n verziertes Mieder aus floraler Spitze mit einem herzf\u00f6rmigen Ausschnitt, der Ihre nat\u00fcrliche Eleganz unterstreicht. Feine Tr\u00e4ger sorgen f\u00fcr eine zarte Note, w\u00e4hrend der abnehmbare T\u00fcllkragen mit Spitzenapplikationen ein einzigartiges und vielseitiges Detail darstellt. F\u00fcr einen schlichteren, aber ebenso atemberaubenden Look gibt es die Hazan-D Variante ohne Kragen. Dieses Design ist Teil der Le Papillon by Modeca Kollektion und bei Koonings erh\u00e4ltlich.","robots":{"index":"index","follow":"follow","max-snippet":"max-snippet:-1","max-image-preview":"max-image-preview:large","max-video-preview":"max-video-preview:-1"},"canonical":"https:\/\/www.koonings.com\/de\/product\/le-papillon-von-modeca-hazan\/","og_locale":"de_DE","og_type":"article","og_title":"Le Papillon von Modeca Hazan | Koonings","og_description":"Hazan ist der Inbegriff von Romantik und Raffinesse. Dieses A-Linien-Kleid aus T\u00fcll hat ein wundersch\u00f6n verziertes Mieder aus floraler Spitze mit einem herzf\u00f6rmigen Ausschnitt, der Ihre nat\u00fcrliche Eleganz unterstreicht. Feine Tr\u00e4ger sorgen f\u00fcr eine zarte Note, w\u00e4hrend der abnehmbare T\u00fcllkragen mit Spitzenapplikationen ein einzigartiges und vielseitiges Detail darstellt. F\u00fcr einen schlichteren, aber ebenso atemberaubenden Look gibt es die Hazan-D Variante ohne Kragen. Dieses Design ist Teil der Le Papillon by Modeca Kollektion und bei Koonings erh\u00e4ltlich.","og_url":"https:\/\/www.koonings.com\/de\/product\/le-papillon-von-modeca-hazan\/","og_site_name":"Koonings","article_publisher":"https:\/\/www.facebook.com\/kooningstheweddingpalace","og_image":[{"width":1533,"height":2169,"url":"https:\/\/www.koonings.com\/wp-content\/uploads\/2025\/09\/51084_2c5f34e01b49982b56667f00ed54f1fd21d013e2fc4711066adfad9e745b1553abfd9ee3.jpeg","type":"image\/jpeg"}],"twitter_card":"summary_large_image","schema":{"@context":"https:\/\/schema.org","@graph":[{"@type":"WebPage","@id":"https:\/\/www.koonings.com\/de\/product\/le-papillon-von-modeca-hazan\/","url":"https:\/\/www.koonings.com\/de\/product\/le-papillon-von-modeca-hazan\/","name":"Le Papillon von Modeca Hazan | Koonings","isPartOf":{"@id":"https:\/\/www.koonings.com\/de\/#website"},"primaryImageOfPage":{"@id":"https:\/\/www.koonings.com\/de\/product\/le-papillon-von-modeca-hazan\/#primaryimage"},"image":{"@id":"https:\/\/www.koonings.com\/de\/product\/le-papillon-von-modeca-hazan\/#primaryimage"},"thumbnailUrl":"https:\/\/www.koonings.com\/wp-content\/uploads\/2025\/09\/51084_2c5f34e01b49982b56667f00ed54f1fd21d013e2fc4711066adfad9e745b1553abfd9ee3.jpeg","datePublished":"2026-04-21T16:36:50+00:00","description":"Hazan ist der Inbegriff von Romantik und Raffinesse. Dieses A-Linien-Kleid aus T\u00fcll hat ein wundersch\u00f6n verziertes Mieder aus floraler Spitze mit einem herzf\u00f6rmigen Ausschnitt, der Ihre nat\u00fcrliche Eleganz unterstreicht. Feine Tr\u00e4ger sorgen f\u00fcr eine zarte Note, w\u00e4hrend der abnehmbare T\u00fcllkragen mit Spitzenapplikationen ein einzigartiges und vielseitiges Detail darstellt. F\u00fcr einen schlichteren, aber ebenso atemberaubenden Look gibt es die Hazan-D Variante ohne Kragen. Dieses Design ist Teil der Le Papillon by Modeca Kollektion und bei Koonings erh\u00e4ltlich.","breadcrumb":{"@id":"https:\/\/www.koonings.com\/de\/product\/le-papillon-von-modeca-hazan\/#breadcrumb"},"inLanguage":"de","potentialAction":[{"@type":"ReadAction","target":["https:\/\/www.koonings.com\/de\/product\/le-papillon-von-modeca-hazan\/"]}]},{"@type":"ImageObject","inLanguage":"de","@id":"https:\/\/www.koonings.com\/de\/product\/le-papillon-von-modeca-hazan\/#primaryimage","url":"https:\/\/www.koonings.com\/wp-content\/uploads\/2025\/09\/51084_2c5f34e01b49982b56667f00ed54f1fd21d013e2fc4711066adfad9e745b1553abfd9ee3.jpeg","contentUrl":"https:\/\/www.koonings.com\/wp-content\/uploads\/2025\/09\/51084_2c5f34e01b49982b56667f00ed54f1fd21d013e2fc4711066adfad9e745b1553abfd9ee3.jpeg","width":1533,"height":2169},{"@type":"BreadcrumbList","@id":"https:\/\/www.koonings.com\/de\/product\/le-papillon-von-modeca-hazan\/#breadcrumb","itemListElement":[{"@type":"ListItem","position":1,"name":"Home","item":"https:\/\/www.koonings.com\/de\/"},{"@type":"ListItem","position":2,"name":"Le Papillon von Modeca Hazan"}]},{"@type":"WebSite","@id":"https:\/\/www.koonings.com\/de\/#website","url":"https:\/\/www.koonings.com\/de\/","name":"Koonings","description":"De grootste bruidsmodewinkel ter wereld","publisher":{"@id":"https:\/\/www.koonings.com\/de\/#organization"},"potentialAction":[{"@type":"SearchAction","target":{"@type":"EntryPoint","urlTemplate":"https:\/\/www.koonings.com\/de\/?s={search_term_string}"},"query-input":{"@type":"PropertyValueSpecification","valueRequired":true,"valueName":"search_term_string"}}],"inLanguage":"de"},{"@type":"Organization","@id":"https:\/\/www.koonings.com\/de\/#organization","name":"Koonings","url":"https:\/\/www.koonings.com\/de\/","logo":{"@type":"ImageObject","inLanguage":"de","@id":"https:\/\/www.koonings.com\/de\/#\/schema\/logo\/image\/","url":"https:\/\/www.koonings.com\/wp-content\/uploads\/2024\/07\/logo.png","contentUrl":"https:\/\/www.koonings.com\/wp-content\/uploads\/2024\/07\/logo.png","width":600,"height":428,"caption":"Koonings"},"image":{"@id":"https:\/\/www.koonings.com\/de\/#\/schema\/logo\/image\/"},"sameAs":["https:\/\/www.facebook.com\/kooningstheweddingpalace","https:\/\/www.instagram.com\/kooningstheweddingpalace","https:\/\/www.pinterest.com\/koonings","https:\/\/www.youtube.com\/kooningstheweddingpalace"]}]}},"_links":{"self":[{"href":"https:\/\/www.koonings.com\/de\/wp-json\/wp\/v2\/product\/108471","targetHints":{"allow":["GET"]}}],"collection":[{"href":"https:\/\/www.koonings.com\/de\/wp-json\/wp\/v2\/product"}],"about":[{"href":"https:\/\/www.koonings.com\/de\/wp-json\/wp\/v2\/types\/product"}],"wp:featuredmedia":[{"embeddable":true,"href":"https:\/\/www.koonings.com\/de\/wp-json\/wp\/v2\/media\/96829"}],"wp:attachment":[{"href":"https:\/\/www.koonings.com\/de\/wp-json\/wp\/v2\/media?parent=108471"}],"wp:term":[{"taxonomy":"productdetails","embeddable":true,"href":"https:\/\/www.koonings.com\/de\/wp-json\/wp\/v2\/productdetails?post=108471"},{"taxonomy":"productneck","embeddable":true,"href":"https:\/\/www.koonings.com\/de\/wp-json\/wp\/v2\/productneck?post=108471"},{"taxonomy":"productcolor","embeddable":true,"href":"https:\/\/www.koonings.com\/de\/wp-json\/wp\/v2\/productcolor?post=108471"},{"taxonomy":"maat","embeddable":true,"href":"https:\/\/www.koonings.com\/de\/wp-json\/wp\/v2\/maat?post=108471"},{"taxonomy":"productsupplier","embeddable":true,"href":"https:\/\/www.koonings.com\/de\/wp-json\/wp\/v2\/productsupplier?post=108471"},{"taxonomy":"productsleeve","embeddable":true,"href":"https:\/\/www.koonings.com\/de\/wp-json\/wp\/v2\/productsleeve?post=108471"},{"taxonomy":"productcategory","embeddable":true,"href":"https:\/\/www.koonings.com\/de\/wp-json\/wp\/v2\/productcategory?post=108471"},{"taxonomy":"productsilhouette","embeddable":true,"href":"https:\/\/www.koonings.com\/de\/wp-json\/wp\/v2\/productsilhouette?post=108471"},{"taxonomy":"productstyle","embeddable":true,"href":"https:\/\/www.koonings.com\/de\/wp-json\/wp\/v2\/productstyle?post=108471"}],"curies":[{"name":"wp","href":"https:\/\/api.w.org\/{rel}","templated":true}]}}