{"id":108466,"date":"2026-04-14T16:36:36","date_gmt":"2026-04-14T14:36:36","guid":{"rendered":"https:\/\/www.koonings.com\/product\/le-papillon-von-modeca-harva\/"},"modified":"2026-04-14T15:36:34","modified_gmt":"2026-04-14T13:36:34","slug":"le-papillon-von-modeca-harva","status":"publish","type":"product","link":"https:\/\/www.koonings.com\/de\/product\/le-papillon-von-modeca-harva\/","title":{"rendered":"Le Papillon von Modeca Harva"},"content":{"rendered":"<p>Harva ist ein wundersch\u00f6nes tailliertes Hochzeitskleid aus luxuri\u00f6sem Cr\u00eape. Das tr\u00e4gerlose Modell ist oben mit plissiertem Satin verziert, der f\u00fcr einen eleganten und raffinierten Look sorgt. Die schulterfreien Schleifen verleihen dem Kleid einen Hauch von Weiblichkeit, w\u00e4hrend die Spitze an der Schleppe die Eleganz des Kleides unterstreicht.  <\/p>\n<p>Dieses Modell ist in mehreren Varianten erh\u00e4ltlich:<\/p>\n<p>Harva-D: Ohne die Schleifen, f\u00fcr einen minimalistischen und klassischen Look.<\/p>\n<p>Harva-A: Mit Schleifen und einer glatten Schleppe, f\u00fcr einen schicken und eleganten Look.<\/p>\n<p>Harva-DA: ohne Schleifen und mit einer glatten Schleppe, f\u00fcr ein schlichtes und modernes Design.<\/p>\n<p>Dieses vielseitige Design ist Teil der Le Papillon by Modeca Kollektion und bei Koonings erh\u00e4ltlich.<\/p>\n","protected":false},"featured_media":96804,"template":"","meta":{"_acf_changed":false,"ghostkit_customizer_options":"","ghostkit_custom_css":"","ghostkit_custom_js_head":"","ghostkit_custom_js_foot":"","ghostkit_typography":""},"productdetails":[],"productneck":[354],"productcolor":[392],"maat":[],"productsupplier":[411],"productsleeve":[363],"productcategory":[18],"productsilhouette":[389],"productstyle":[369,365],"class_list":["post-108466","product","type-product","status-publish","has-post-thumbnail","hentry","productneck-354","productcolor-392","productsupplier-le-papillon-by-modeca","productsleeve-363","productcategory-trouwjurken","productsilhouette-389","productstyle-369","productstyle-365"],"acf":[],"yoast_head":"<!-- This site is optimized with the Yoast SEO plugin v27.3 - https:\/\/yoast.com\/product\/yoast-seo-wordpress\/ -->\n<title>Le Papillon von Modeca Harva | Koonings<\/title>\n<meta name=\"description\" content=\"Harva ist ein wundersch\u00f6nes tailliertes Hochzeitskleid aus luxuri\u00f6sem Cr\u00eape. Das tr\u00e4gerlose Modell ist oben mit plissiertem Satin verziert, der f\u00fcr einen eleganten und raffinierten Look sorgt. Die schulterfreien Schleifen verleihen dem Kleid einen Hauch von Weiblichkeit, w\u00e4hrend die Spitze an der Schleppe die Eleganz des Kleides unterstreicht. Dieses Modell ist in mehreren Varianten erh\u00e4ltlich: Harva-D: Ohne die Schleifen, f\u00fcr einen minimalistischen und klassischen Look. Harva-A: Mit Schleifen und einer glatten Schleppe, f\u00fcr einen schicken und eleganten Look. Harva-DA: ohne Schleifen und mit einer glatten Schleppe, f\u00fcr ein schlichtes und modernes Design. Dieses vielseitige Design ist Teil der Le Papillon by Modeca Kollektion und bei Koonings erh\u00e4ltlich.\" \/>\n<meta name=\"robots\" content=\"index, follow, max-snippet:-1, max-image-preview:large, max-video-preview:-1\" \/>\n<link rel=\"canonical\" href=\"https:\/\/www.koonings.com\/de\/product\/le-papillon-von-modeca-harva\/\" \/>\n<meta property=\"og:locale\" content=\"de_DE\" \/>\n<meta property=\"og:type\" content=\"article\" \/>\n<meta property=\"og:title\" content=\"Le Papillon von Modeca Harva | Koonings\" \/>\n<meta property=\"og:description\" content=\"Harva ist ein wundersch\u00f6nes tailliertes Hochzeitskleid aus luxuri\u00f6sem Cr\u00eape. Das tr\u00e4gerlose Modell ist oben mit plissiertem Satin verziert, der f\u00fcr einen eleganten und raffinierten Look sorgt. Die schulterfreien Schleifen verleihen dem Kleid einen Hauch von Weiblichkeit, w\u00e4hrend die Spitze an der Schleppe die Eleganz des Kleides unterstreicht. Dieses Modell ist in mehreren Varianten erh\u00e4ltlich: Harva-D: Ohne die Schleifen, f\u00fcr einen minimalistischen und klassischen Look. Harva-A: Mit Schleifen und einer glatten Schleppe, f\u00fcr einen schicken und eleganten Look. Harva-DA: ohne Schleifen und mit einer glatten Schleppe, f\u00fcr ein schlichtes und modernes Design. Dieses vielseitige Design ist Teil der Le Papillon by Modeca Kollektion und bei Koonings erh\u00e4ltlich.\" \/>\n<meta property=\"og:url\" content=\"https:\/\/www.koonings.com\/de\/product\/le-papillon-von-modeca-harva\/\" \/>\n<meta property=\"og:site_name\" content=\"Koonings\" \/>\n<meta property=\"article:publisher\" content=\"https:\/\/www.facebook.com\/kooningstheweddingpalace\" \/>\n<meta property=\"og:image\" content=\"https:\/\/www.koonings.com\/wp-content\/uploads\/2025\/09\/51083_3cc7e85b8beb7abd0395e4590f5a454c7b632c757d3b67e2f743a08f594c4f067c45ef52.jpeg\" \/>\n\t<meta property=\"og:image:width\" content=\"1534\" \/>\n\t<meta property=\"og:image:height\" content=\"2169\" \/>\n\t<meta property=\"og:image:type\" content=\"image\/jpeg\" \/>\n<meta name=\"twitter:card\" content=\"summary_large_image\" \/>\n<meta name=\"twitter:label1\" content=\"Gesch\u00e4tzte Lesezeit\" \/>\n\t<meta name=\"twitter:data1\" content=\"1\u00a0Minute\" \/>\n<script type=\"application\/ld+json\" class=\"yoast-schema-graph\">{\"@context\":\"https:\\\/\\\/schema.org\",\"@graph\":[{\"@type\":\"WebPage\",\"@id\":\"https:\\\/\\\/www.koonings.com\\\/de\\\/product\\\/le-papillon-von-modeca-harva\\\/\",\"url\":\"https:\\\/\\\/www.koonings.com\\\/de\\\/product\\\/le-papillon-von-modeca-harva\\\/\",\"name\":\"Le Papillon von Modeca Harva | Koonings\",\"isPartOf\":{\"@id\":\"https:\\\/\\\/www.koonings.com\\\/de\\\/#website\"},\"primaryImageOfPage\":{\"@id\":\"https:\\\/\\\/www.koonings.com\\\/de\\\/product\\\/le-papillon-von-modeca-harva\\\/#primaryimage\"},\"image\":{\"@id\":\"https:\\\/\\\/www.koonings.com\\\/de\\\/product\\\/le-papillon-von-modeca-harva\\\/#primaryimage\"},\"thumbnailUrl\":\"https:\\\/\\\/www.koonings.com\\\/wp-content\\\/uploads\\\/2025\\\/09\\\/51083_3cc7e85b8beb7abd0395e4590f5a454c7b632c757d3b67e2f743a08f594c4f067c45ef52.jpeg\",\"datePublished\":\"2026-04-14T14:36:36+00:00\",\"description\":\"Harva ist ein wundersch\u00f6nes tailliertes Hochzeitskleid aus luxuri\u00f6sem Cr\u00eape. Das tr\u00e4gerlose Modell ist oben mit plissiertem Satin verziert, der f\u00fcr einen eleganten und raffinierten Look sorgt. Die schulterfreien Schleifen verleihen dem Kleid einen Hauch von Weiblichkeit, w\u00e4hrend die Spitze an der Schleppe die Eleganz des Kleides unterstreicht. Dieses Modell ist in mehreren Varianten erh\u00e4ltlich: Harva-D: Ohne die Schleifen, f\u00fcr einen minimalistischen und klassischen Look. Harva-A: Mit Schleifen und einer glatten Schleppe, f\u00fcr einen schicken und eleganten Look. Harva-DA: ohne Schleifen und mit einer glatten Schleppe, f\u00fcr ein schlichtes und modernes Design. Dieses vielseitige Design ist Teil der Le Papillon by Modeca Kollektion und bei Koonings erh\u00e4ltlich.\",\"breadcrumb\":{\"@id\":\"https:\\\/\\\/www.koonings.com\\\/de\\\/product\\\/le-papillon-von-modeca-harva\\\/#breadcrumb\"},\"inLanguage\":\"de\",\"potentialAction\":[{\"@type\":\"ReadAction\",\"target\":[\"https:\\\/\\\/www.koonings.com\\\/de\\\/product\\\/le-papillon-von-modeca-harva\\\/\"]}]},{\"@type\":\"ImageObject\",\"inLanguage\":\"de\",\"@id\":\"https:\\\/\\\/www.koonings.com\\\/de\\\/product\\\/le-papillon-von-modeca-harva\\\/#primaryimage\",\"url\":\"https:\\\/\\\/www.koonings.com\\\/wp-content\\\/uploads\\\/2025\\\/09\\\/51083_3cc7e85b8beb7abd0395e4590f5a454c7b632c757d3b67e2f743a08f594c4f067c45ef52.jpeg\",\"contentUrl\":\"https:\\\/\\\/www.koonings.com\\\/wp-content\\\/uploads\\\/2025\\\/09\\\/51083_3cc7e85b8beb7abd0395e4590f5a454c7b632c757d3b67e2f743a08f594c4f067c45ef52.jpeg\",\"width\":1534,\"height\":2169},{\"@type\":\"BreadcrumbList\",\"@id\":\"https:\\\/\\\/www.koonings.com\\\/de\\\/product\\\/le-papillon-von-modeca-harva\\\/#breadcrumb\",\"itemListElement\":[{\"@type\":\"ListItem\",\"position\":1,\"name\":\"Home\",\"item\":\"https:\\\/\\\/www.koonings.com\\\/de\\\/\"},{\"@type\":\"ListItem\",\"position\":2,\"name\":\"Le Papillon von Modeca Harva\"}]},{\"@type\":\"WebSite\",\"@id\":\"https:\\\/\\\/www.koonings.com\\\/de\\\/#website\",\"url\":\"https:\\\/\\\/www.koonings.com\\\/de\\\/\",\"name\":\"Koonings\",\"description\":\"De grootste bruidsmodewinkel ter wereld\",\"publisher\":{\"@id\":\"https:\\\/\\\/www.koonings.com\\\/de\\\/#organization\"},\"potentialAction\":[{\"@type\":\"SearchAction\",\"target\":{\"@type\":\"EntryPoint\",\"urlTemplate\":\"https:\\\/\\\/www.koonings.com\\\/de\\\/?s={search_term_string}\"},\"query-input\":{\"@type\":\"PropertyValueSpecification\",\"valueRequired\":true,\"valueName\":\"search_term_string\"}}],\"inLanguage\":\"de\"},{\"@type\":\"Organization\",\"@id\":\"https:\\\/\\\/www.koonings.com\\\/de\\\/#organization\",\"name\":\"Koonings\",\"url\":\"https:\\\/\\\/www.koonings.com\\\/de\\\/\",\"logo\":{\"@type\":\"ImageObject\",\"inLanguage\":\"de\",\"@id\":\"https:\\\/\\\/www.koonings.com\\\/de\\\/#\\\/schema\\\/logo\\\/image\\\/\",\"url\":\"https:\\\/\\\/www.koonings.com\\\/wp-content\\\/uploads\\\/2024\\\/07\\\/logo.png\",\"contentUrl\":\"https:\\\/\\\/www.koonings.com\\\/wp-content\\\/uploads\\\/2024\\\/07\\\/logo.png\",\"width\":600,\"height\":428,\"caption\":\"Koonings\"},\"image\":{\"@id\":\"https:\\\/\\\/www.koonings.com\\\/de\\\/#\\\/schema\\\/logo\\\/image\\\/\"},\"sameAs\":[\"https:\\\/\\\/www.facebook.com\\\/kooningstheweddingpalace\",\"https:\\\/\\\/www.instagram.com\\\/kooningstheweddingpalace\",\"https:\\\/\\\/www.pinterest.com\\\/koonings\",\"https:\\\/\\\/www.youtube.com\\\/kooningstheweddingpalace\"]}]}<\/script>\n<!-- \/ Yoast SEO plugin. -->","yoast_head_json":{"title":"Le Papillon von Modeca Harva | Koonings","description":"Harva ist ein wundersch\u00f6nes tailliertes Hochzeitskleid aus luxuri\u00f6sem Cr\u00eape. Das tr\u00e4gerlose Modell ist oben mit plissiertem Satin verziert, der f\u00fcr einen eleganten und raffinierten Look sorgt. Die schulterfreien Schleifen verleihen dem Kleid einen Hauch von Weiblichkeit, w\u00e4hrend die Spitze an der Schleppe die Eleganz des Kleides unterstreicht. Dieses Modell ist in mehreren Varianten erh\u00e4ltlich: Harva-D: Ohne die Schleifen, f\u00fcr einen minimalistischen und klassischen Look. Harva-A: Mit Schleifen und einer glatten Schleppe, f\u00fcr einen schicken und eleganten Look. Harva-DA: ohne Schleifen und mit einer glatten Schleppe, f\u00fcr ein schlichtes und modernes Design. Dieses vielseitige Design ist Teil der Le Papillon by Modeca Kollektion und bei Koonings erh\u00e4ltlich.","robots":{"index":"index","follow":"follow","max-snippet":"max-snippet:-1","max-image-preview":"max-image-preview:large","max-video-preview":"max-video-preview:-1"},"canonical":"https:\/\/www.koonings.com\/de\/product\/le-papillon-von-modeca-harva\/","og_locale":"de_DE","og_type":"article","og_title":"Le Papillon von Modeca Harva | Koonings","og_description":"Harva ist ein wundersch\u00f6nes tailliertes Hochzeitskleid aus luxuri\u00f6sem Cr\u00eape. Das tr\u00e4gerlose Modell ist oben mit plissiertem Satin verziert, der f\u00fcr einen eleganten und raffinierten Look sorgt. Die schulterfreien Schleifen verleihen dem Kleid einen Hauch von Weiblichkeit, w\u00e4hrend die Spitze an der Schleppe die Eleganz des Kleides unterstreicht. Dieses Modell ist in mehreren Varianten erh\u00e4ltlich: Harva-D: Ohne die Schleifen, f\u00fcr einen minimalistischen und klassischen Look. Harva-A: Mit Schleifen und einer glatten Schleppe, f\u00fcr einen schicken und eleganten Look. Harva-DA: ohne Schleifen und mit einer glatten Schleppe, f\u00fcr ein schlichtes und modernes Design. Dieses vielseitige Design ist Teil der Le Papillon by Modeca Kollektion und bei Koonings erh\u00e4ltlich.","og_url":"https:\/\/www.koonings.com\/de\/product\/le-papillon-von-modeca-harva\/","og_site_name":"Koonings","article_publisher":"https:\/\/www.facebook.com\/kooningstheweddingpalace","og_image":[{"width":1534,"height":2169,"url":"https:\/\/www.koonings.com\/wp-content\/uploads\/2025\/09\/51083_3cc7e85b8beb7abd0395e4590f5a454c7b632c757d3b67e2f743a08f594c4f067c45ef52.jpeg","type":"image\/jpeg"}],"twitter_card":"summary_large_image","twitter_misc":{"Gesch\u00e4tzte Lesezeit":"1\u00a0Minute"},"schema":{"@context":"https:\/\/schema.org","@graph":[{"@type":"WebPage","@id":"https:\/\/www.koonings.com\/de\/product\/le-papillon-von-modeca-harva\/","url":"https:\/\/www.koonings.com\/de\/product\/le-papillon-von-modeca-harva\/","name":"Le Papillon von Modeca Harva | Koonings","isPartOf":{"@id":"https:\/\/www.koonings.com\/de\/#website"},"primaryImageOfPage":{"@id":"https:\/\/www.koonings.com\/de\/product\/le-papillon-von-modeca-harva\/#primaryimage"},"image":{"@id":"https:\/\/www.koonings.com\/de\/product\/le-papillon-von-modeca-harva\/#primaryimage"},"thumbnailUrl":"https:\/\/www.koonings.com\/wp-content\/uploads\/2025\/09\/51083_3cc7e85b8beb7abd0395e4590f5a454c7b632c757d3b67e2f743a08f594c4f067c45ef52.jpeg","datePublished":"2026-04-14T14:36:36+00:00","description":"Harva ist ein wundersch\u00f6nes tailliertes Hochzeitskleid aus luxuri\u00f6sem Cr\u00eape. Das tr\u00e4gerlose Modell ist oben mit plissiertem Satin verziert, der f\u00fcr einen eleganten und raffinierten Look sorgt. Die schulterfreien Schleifen verleihen dem Kleid einen Hauch von Weiblichkeit, w\u00e4hrend die Spitze an der Schleppe die Eleganz des Kleides unterstreicht. Dieses Modell ist in mehreren Varianten erh\u00e4ltlich: Harva-D: Ohne die Schleifen, f\u00fcr einen minimalistischen und klassischen Look. Harva-A: Mit Schleifen und einer glatten Schleppe, f\u00fcr einen schicken und eleganten Look. Harva-DA: ohne Schleifen und mit einer glatten Schleppe, f\u00fcr ein schlichtes und modernes Design. Dieses vielseitige Design ist Teil der Le Papillon by Modeca Kollektion und bei Koonings erh\u00e4ltlich.","breadcrumb":{"@id":"https:\/\/www.koonings.com\/de\/product\/le-papillon-von-modeca-harva\/#breadcrumb"},"inLanguage":"de","potentialAction":[{"@type":"ReadAction","target":["https:\/\/www.koonings.com\/de\/product\/le-papillon-von-modeca-harva\/"]}]},{"@type":"ImageObject","inLanguage":"de","@id":"https:\/\/www.koonings.com\/de\/product\/le-papillon-von-modeca-harva\/#primaryimage","url":"https:\/\/www.koonings.com\/wp-content\/uploads\/2025\/09\/51083_3cc7e85b8beb7abd0395e4590f5a454c7b632c757d3b67e2f743a08f594c4f067c45ef52.jpeg","contentUrl":"https:\/\/www.koonings.com\/wp-content\/uploads\/2025\/09\/51083_3cc7e85b8beb7abd0395e4590f5a454c7b632c757d3b67e2f743a08f594c4f067c45ef52.jpeg","width":1534,"height":2169},{"@type":"BreadcrumbList","@id":"https:\/\/www.koonings.com\/de\/product\/le-papillon-von-modeca-harva\/#breadcrumb","itemListElement":[{"@type":"ListItem","position":1,"name":"Home","item":"https:\/\/www.koonings.com\/de\/"},{"@type":"ListItem","position":2,"name":"Le Papillon von Modeca Harva"}]},{"@type":"WebSite","@id":"https:\/\/www.koonings.com\/de\/#website","url":"https:\/\/www.koonings.com\/de\/","name":"Koonings","description":"De grootste bruidsmodewinkel ter wereld","publisher":{"@id":"https:\/\/www.koonings.com\/de\/#organization"},"potentialAction":[{"@type":"SearchAction","target":{"@type":"EntryPoint","urlTemplate":"https:\/\/www.koonings.com\/de\/?s={search_term_string}"},"query-input":{"@type":"PropertyValueSpecification","valueRequired":true,"valueName":"search_term_string"}}],"inLanguage":"de"},{"@type":"Organization","@id":"https:\/\/www.koonings.com\/de\/#organization","name":"Koonings","url":"https:\/\/www.koonings.com\/de\/","logo":{"@type":"ImageObject","inLanguage":"de","@id":"https:\/\/www.koonings.com\/de\/#\/schema\/logo\/image\/","url":"https:\/\/www.koonings.com\/wp-content\/uploads\/2024\/07\/logo.png","contentUrl":"https:\/\/www.koonings.com\/wp-content\/uploads\/2024\/07\/logo.png","width":600,"height":428,"caption":"Koonings"},"image":{"@id":"https:\/\/www.koonings.com\/de\/#\/schema\/logo\/image\/"},"sameAs":["https:\/\/www.facebook.com\/kooningstheweddingpalace","https:\/\/www.instagram.com\/kooningstheweddingpalace","https:\/\/www.pinterest.com\/koonings","https:\/\/www.youtube.com\/kooningstheweddingpalace"]}]}},"_links":{"self":[{"href":"https:\/\/www.koonings.com\/de\/wp-json\/wp\/v2\/product\/108466","targetHints":{"allow":["GET"]}}],"collection":[{"href":"https:\/\/www.koonings.com\/de\/wp-json\/wp\/v2\/product"}],"about":[{"href":"https:\/\/www.koonings.com\/de\/wp-json\/wp\/v2\/types\/product"}],"wp:featuredmedia":[{"embeddable":true,"href":"https:\/\/www.koonings.com\/de\/wp-json\/wp\/v2\/media\/96804"}],"wp:attachment":[{"href":"https:\/\/www.koonings.com\/de\/wp-json\/wp\/v2\/media?parent=108466"}],"wp:term":[{"taxonomy":"productdetails","embeddable":true,"href":"https:\/\/www.koonings.com\/de\/wp-json\/wp\/v2\/productdetails?post=108466"},{"taxonomy":"productneck","embeddable":true,"href":"https:\/\/www.koonings.com\/de\/wp-json\/wp\/v2\/productneck?post=108466"},{"taxonomy":"productcolor","embeddable":true,"href":"https:\/\/www.koonings.com\/de\/wp-json\/wp\/v2\/productcolor?post=108466"},{"taxonomy":"maat","embeddable":true,"href":"https:\/\/www.koonings.com\/de\/wp-json\/wp\/v2\/maat?post=108466"},{"taxonomy":"productsupplier","embeddable":true,"href":"https:\/\/www.koonings.com\/de\/wp-json\/wp\/v2\/productsupplier?post=108466"},{"taxonomy":"productsleeve","embeddable":true,"href":"https:\/\/www.koonings.com\/de\/wp-json\/wp\/v2\/productsleeve?post=108466"},{"taxonomy":"productcategory","embeddable":true,"href":"https:\/\/www.koonings.com\/de\/wp-json\/wp\/v2\/productcategory?post=108466"},{"taxonomy":"productsilhouette","embeddable":true,"href":"https:\/\/www.koonings.com\/de\/wp-json\/wp\/v2\/productsilhouette?post=108466"},{"taxonomy":"productstyle","embeddable":true,"href":"https:\/\/www.koonings.com\/de\/wp-json\/wp\/v2\/productstyle?post=108466"}],"curies":[{"name":"wp","href":"https:\/\/api.w.org\/{rel}","templated":true}]}}