{"id":108463,"date":"2026-05-06T15:36:32","date_gmt":"2026-05-06T13:36:32","guid":{"rendered":"https:\/\/www.koonings.com\/product\/modeca-geerda\/"},"modified":"2026-04-14T15:39:58","modified_gmt":"2026-04-14T13:39:58","slug":"modeca-geerda","status":"publish","type":"product","link":"https:\/\/www.koonings.com\/de\/product\/modeca-geerda\/","title":{"rendered":"Modeca Geerda"},"content":{"rendered":"<p>Dieses taillierte Kleid aus Cr\u00eape ist der Inbegriff moderner Raffinesse. Der tiefe Ausschnitt sorgt f\u00fcr einen k\u00fchnen und doch eleganten Look, w\u00e4hrend die dezente Schleife um die Taille Ihre Figur wunderbar betont. Die abnehmbare Schleppe aus T\u00fcll, die mit Spitzenapplikationen verziert ist, sorgt f\u00fcr einen vertr\u00e4umten und dramatischen Effekt &#8211; perfekt, um stilvoll zum Altar zu schreiten. F\u00fcr einen minimalistischeren Look ist das Kleid auch ohne Schleppe als Geerda-D erh\u00e4ltlich.<br \/>\nEntdecken Sie dieses und viele andere Traumkleider bei Koonings.   <\/p>\n","protected":false},"featured_media":95439,"template":"","meta":{"_acf_changed":false,"ghostkit_customizer_options":"","ghostkit_custom_css":"","ghostkit_custom_js_head":"","ghostkit_custom_js_foot":"","ghostkit_typography":""},"productdetails":[376,381],"productneck":[356],"productcolor":[393,392],"maat":[],"productsupplier":[434],"productsleeve":[359],"productcategory":[18],"productsilhouette":[389],"productstyle":[365,370],"class_list":["post-108463","product","type-product","status-publish","has-post-thumbnail","hentry","productdetails-376","productdetails-381","productneck-356","productcolor-393","productcolor-392","productsupplier-modeca","productsleeve-359","productcategory-trouwjurken","productsilhouette-389","productstyle-365","productstyle-370"],"acf":[],"yoast_head":"<!-- This site is optimized with the Yoast SEO plugin v27.3 - https:\/\/yoast.com\/product\/yoast-seo-wordpress\/ -->\n<title>Modeca Geerda | Koonings<\/title>\n<meta name=\"description\" content=\"Dieses taillierte Kleid aus Cr\u00eape ist der Inbegriff moderner Raffinesse. Der tiefe Ausschnitt sorgt f\u00fcr einen k\u00fchnen und doch eleganten Look, w\u00e4hrend die dezente Schleife um die Taille Ihre Figur wunderbar betont. Die abnehmbare Schleppe aus T\u00fcll, die mit Spitzenapplikationen verziert ist, sorgt f\u00fcr einen vertr\u00e4umten und dramatischen Effekt - perfekt, um stilvoll zum Altar zu schreiten. F\u00fcr einen minimalistischeren Look ist das Kleid auch ohne Schleppe als Geerda-D erh\u00e4ltlich. Entdecken Sie dieses und viele andere Traumkleider bei Koonings.\" \/>\n<meta name=\"robots\" content=\"index, follow, max-snippet:-1, max-image-preview:large, max-video-preview:-1\" \/>\n<link rel=\"canonical\" href=\"https:\/\/www.koonings.com\/de\/product\/modeca-geerda\/\" \/>\n<meta property=\"og:locale\" content=\"de_DE\" \/>\n<meta property=\"og:type\" content=\"article\" \/>\n<meta property=\"og:title\" content=\"Modeca Geerda | Koonings\" \/>\n<meta property=\"og:description\" content=\"Dieses taillierte Kleid aus Cr\u00eape ist der Inbegriff moderner Raffinesse. Der tiefe Ausschnitt sorgt f\u00fcr einen k\u00fchnen und doch eleganten Look, w\u00e4hrend die dezente Schleife um die Taille Ihre Figur wunderbar betont. Die abnehmbare Schleppe aus T\u00fcll, die mit Spitzenapplikationen verziert ist, sorgt f\u00fcr einen vertr\u00e4umten und dramatischen Effekt - perfekt, um stilvoll zum Altar zu schreiten. F\u00fcr einen minimalistischeren Look ist das Kleid auch ohne Schleppe als Geerda-D erh\u00e4ltlich. Entdecken Sie dieses und viele andere Traumkleider bei Koonings.\" \/>\n<meta property=\"og:url\" content=\"https:\/\/www.koonings.com\/de\/product\/modeca-geerda\/\" \/>\n<meta property=\"og:site_name\" content=\"Koonings\" \/>\n<meta property=\"article:publisher\" content=\"https:\/\/www.facebook.com\/kooningstheweddingpalace\" \/>\n<meta property=\"og:image\" content=\"https:\/\/www.koonings.com\/wp-content\/uploads\/2025\/09\/51129_bb7ca15fc71f8992dc9b92f84e88062a5288a60193256e7443c3fc3c3eedc626f3b8fd50.jpeg\" \/>\n\t<meta property=\"og:image:width\" content=\"1132\" \/>\n\t<meta property=\"og:image:height\" content=\"1602\" \/>\n\t<meta property=\"og:image:type\" content=\"image\/jpeg\" \/>\n<meta name=\"twitter:card\" content=\"summary_large_image\" \/>\n<script type=\"application\/ld+json\" class=\"yoast-schema-graph\">{\"@context\":\"https:\\\/\\\/schema.org\",\"@graph\":[{\"@type\":\"WebPage\",\"@id\":\"https:\\\/\\\/www.koonings.com\\\/de\\\/product\\\/modeca-geerda\\\/\",\"url\":\"https:\\\/\\\/www.koonings.com\\\/de\\\/product\\\/modeca-geerda\\\/\",\"name\":\"Modeca Geerda | Koonings\",\"isPartOf\":{\"@id\":\"https:\\\/\\\/www.koonings.com\\\/de\\\/#website\"},\"primaryImageOfPage\":{\"@id\":\"https:\\\/\\\/www.koonings.com\\\/de\\\/product\\\/modeca-geerda\\\/#primaryimage\"},\"image\":{\"@id\":\"https:\\\/\\\/www.koonings.com\\\/de\\\/product\\\/modeca-geerda\\\/#primaryimage\"},\"thumbnailUrl\":\"https:\\\/\\\/www.koonings.com\\\/wp-content\\\/uploads\\\/2025\\\/09\\\/51129_bb7ca15fc71f8992dc9b92f84e88062a5288a60193256e7443c3fc3c3eedc626f3b8fd50.jpeg\",\"datePublished\":\"2026-05-06T13:36:32+00:00\",\"description\":\"Dieses taillierte Kleid aus Cr\u00eape ist der Inbegriff moderner Raffinesse. Der tiefe Ausschnitt sorgt f\u00fcr einen k\u00fchnen und doch eleganten Look, w\u00e4hrend die dezente Schleife um die Taille Ihre Figur wunderbar betont. Die abnehmbare Schleppe aus T\u00fcll, die mit Spitzenapplikationen verziert ist, sorgt f\u00fcr einen vertr\u00e4umten und dramatischen Effekt - perfekt, um stilvoll zum Altar zu schreiten. F\u00fcr einen minimalistischeren Look ist das Kleid auch ohne Schleppe als Geerda-D erh\u00e4ltlich. Entdecken Sie dieses und viele andere Traumkleider bei Koonings.\",\"breadcrumb\":{\"@id\":\"https:\\\/\\\/www.koonings.com\\\/de\\\/product\\\/modeca-geerda\\\/#breadcrumb\"},\"inLanguage\":\"de\",\"potentialAction\":[{\"@type\":\"ReadAction\",\"target\":[\"https:\\\/\\\/www.koonings.com\\\/de\\\/product\\\/modeca-geerda\\\/\"]}]},{\"@type\":\"ImageObject\",\"inLanguage\":\"de\",\"@id\":\"https:\\\/\\\/www.koonings.com\\\/de\\\/product\\\/modeca-geerda\\\/#primaryimage\",\"url\":\"https:\\\/\\\/www.koonings.com\\\/wp-content\\\/uploads\\\/2025\\\/09\\\/51129_bb7ca15fc71f8992dc9b92f84e88062a5288a60193256e7443c3fc3c3eedc626f3b8fd50.jpeg\",\"contentUrl\":\"https:\\\/\\\/www.koonings.com\\\/wp-content\\\/uploads\\\/2025\\\/09\\\/51129_bb7ca15fc71f8992dc9b92f84e88062a5288a60193256e7443c3fc3c3eedc626f3b8fd50.jpeg\",\"width\":1132,\"height\":1602},{\"@type\":\"BreadcrumbList\",\"@id\":\"https:\\\/\\\/www.koonings.com\\\/de\\\/product\\\/modeca-geerda\\\/#breadcrumb\",\"itemListElement\":[{\"@type\":\"ListItem\",\"position\":1,\"name\":\"Home\",\"item\":\"https:\\\/\\\/www.koonings.com\\\/de\\\/\"},{\"@type\":\"ListItem\",\"position\":2,\"name\":\"Modeca Geerda\"}]},{\"@type\":\"WebSite\",\"@id\":\"https:\\\/\\\/www.koonings.com\\\/de\\\/#website\",\"url\":\"https:\\\/\\\/www.koonings.com\\\/de\\\/\",\"name\":\"Koonings\",\"description\":\"De grootste bruidsmodewinkel ter wereld\",\"publisher\":{\"@id\":\"https:\\\/\\\/www.koonings.com\\\/de\\\/#organization\"},\"potentialAction\":[{\"@type\":\"SearchAction\",\"target\":{\"@type\":\"EntryPoint\",\"urlTemplate\":\"https:\\\/\\\/www.koonings.com\\\/de\\\/?s={search_term_string}\"},\"query-input\":{\"@type\":\"PropertyValueSpecification\",\"valueRequired\":true,\"valueName\":\"search_term_string\"}}],\"inLanguage\":\"de\"},{\"@type\":\"Organization\",\"@id\":\"https:\\\/\\\/www.koonings.com\\\/de\\\/#organization\",\"name\":\"Koonings\",\"url\":\"https:\\\/\\\/www.koonings.com\\\/de\\\/\",\"logo\":{\"@type\":\"ImageObject\",\"inLanguage\":\"de\",\"@id\":\"https:\\\/\\\/www.koonings.com\\\/de\\\/#\\\/schema\\\/logo\\\/image\\\/\",\"url\":\"https:\\\/\\\/www.koonings.com\\\/wp-content\\\/uploads\\\/2024\\\/07\\\/logo.png\",\"contentUrl\":\"https:\\\/\\\/www.koonings.com\\\/wp-content\\\/uploads\\\/2024\\\/07\\\/logo.png\",\"width\":600,\"height\":428,\"caption\":\"Koonings\"},\"image\":{\"@id\":\"https:\\\/\\\/www.koonings.com\\\/de\\\/#\\\/schema\\\/logo\\\/image\\\/\"},\"sameAs\":[\"https:\\\/\\\/www.facebook.com\\\/kooningstheweddingpalace\",\"https:\\\/\\\/www.instagram.com\\\/kooningstheweddingpalace\",\"https:\\\/\\\/www.pinterest.com\\\/koonings\",\"https:\\\/\\\/www.youtube.com\\\/kooningstheweddingpalace\"]}]}<\/script>\n<!-- \/ Yoast SEO plugin. -->","yoast_head_json":{"title":"Modeca Geerda | Koonings","description":"Dieses taillierte Kleid aus Cr\u00eape ist der Inbegriff moderner Raffinesse. Der tiefe Ausschnitt sorgt f\u00fcr einen k\u00fchnen und doch eleganten Look, w\u00e4hrend die dezente Schleife um die Taille Ihre Figur wunderbar betont. Die abnehmbare Schleppe aus T\u00fcll, die mit Spitzenapplikationen verziert ist, sorgt f\u00fcr einen vertr\u00e4umten und dramatischen Effekt - perfekt, um stilvoll zum Altar zu schreiten. F\u00fcr einen minimalistischeren Look ist das Kleid auch ohne Schleppe als Geerda-D erh\u00e4ltlich. Entdecken Sie dieses und viele andere Traumkleider bei Koonings.","robots":{"index":"index","follow":"follow","max-snippet":"max-snippet:-1","max-image-preview":"max-image-preview:large","max-video-preview":"max-video-preview:-1"},"canonical":"https:\/\/www.koonings.com\/de\/product\/modeca-geerda\/","og_locale":"de_DE","og_type":"article","og_title":"Modeca Geerda | Koonings","og_description":"Dieses taillierte Kleid aus Cr\u00eape ist der Inbegriff moderner Raffinesse. Der tiefe Ausschnitt sorgt f\u00fcr einen k\u00fchnen und doch eleganten Look, w\u00e4hrend die dezente Schleife um die Taille Ihre Figur wunderbar betont. Die abnehmbare Schleppe aus T\u00fcll, die mit Spitzenapplikationen verziert ist, sorgt f\u00fcr einen vertr\u00e4umten und dramatischen Effekt - perfekt, um stilvoll zum Altar zu schreiten. F\u00fcr einen minimalistischeren Look ist das Kleid auch ohne Schleppe als Geerda-D erh\u00e4ltlich. Entdecken Sie dieses und viele andere Traumkleider bei Koonings.","og_url":"https:\/\/www.koonings.com\/de\/product\/modeca-geerda\/","og_site_name":"Koonings","article_publisher":"https:\/\/www.facebook.com\/kooningstheweddingpalace","og_image":[{"width":1132,"height":1602,"url":"https:\/\/www.koonings.com\/wp-content\/uploads\/2025\/09\/51129_bb7ca15fc71f8992dc9b92f84e88062a5288a60193256e7443c3fc3c3eedc626f3b8fd50.jpeg","type":"image\/jpeg"}],"twitter_card":"summary_large_image","schema":{"@context":"https:\/\/schema.org","@graph":[{"@type":"WebPage","@id":"https:\/\/www.koonings.com\/de\/product\/modeca-geerda\/","url":"https:\/\/www.koonings.com\/de\/product\/modeca-geerda\/","name":"Modeca Geerda | Koonings","isPartOf":{"@id":"https:\/\/www.koonings.com\/de\/#website"},"primaryImageOfPage":{"@id":"https:\/\/www.koonings.com\/de\/product\/modeca-geerda\/#primaryimage"},"image":{"@id":"https:\/\/www.koonings.com\/de\/product\/modeca-geerda\/#primaryimage"},"thumbnailUrl":"https:\/\/www.koonings.com\/wp-content\/uploads\/2025\/09\/51129_bb7ca15fc71f8992dc9b92f84e88062a5288a60193256e7443c3fc3c3eedc626f3b8fd50.jpeg","datePublished":"2026-05-06T13:36:32+00:00","description":"Dieses taillierte Kleid aus Cr\u00eape ist der Inbegriff moderner Raffinesse. Der tiefe Ausschnitt sorgt f\u00fcr einen k\u00fchnen und doch eleganten Look, w\u00e4hrend die dezente Schleife um die Taille Ihre Figur wunderbar betont. Die abnehmbare Schleppe aus T\u00fcll, die mit Spitzenapplikationen verziert ist, sorgt f\u00fcr einen vertr\u00e4umten und dramatischen Effekt - perfekt, um stilvoll zum Altar zu schreiten. F\u00fcr einen minimalistischeren Look ist das Kleid auch ohne Schleppe als Geerda-D erh\u00e4ltlich. Entdecken Sie dieses und viele andere Traumkleider bei Koonings.","breadcrumb":{"@id":"https:\/\/www.koonings.com\/de\/product\/modeca-geerda\/#breadcrumb"},"inLanguage":"de","potentialAction":[{"@type":"ReadAction","target":["https:\/\/www.koonings.com\/de\/product\/modeca-geerda\/"]}]},{"@type":"ImageObject","inLanguage":"de","@id":"https:\/\/www.koonings.com\/de\/product\/modeca-geerda\/#primaryimage","url":"https:\/\/www.koonings.com\/wp-content\/uploads\/2025\/09\/51129_bb7ca15fc71f8992dc9b92f84e88062a5288a60193256e7443c3fc3c3eedc626f3b8fd50.jpeg","contentUrl":"https:\/\/www.koonings.com\/wp-content\/uploads\/2025\/09\/51129_bb7ca15fc71f8992dc9b92f84e88062a5288a60193256e7443c3fc3c3eedc626f3b8fd50.jpeg","width":1132,"height":1602},{"@type":"BreadcrumbList","@id":"https:\/\/www.koonings.com\/de\/product\/modeca-geerda\/#breadcrumb","itemListElement":[{"@type":"ListItem","position":1,"name":"Home","item":"https:\/\/www.koonings.com\/de\/"},{"@type":"ListItem","position":2,"name":"Modeca Geerda"}]},{"@type":"WebSite","@id":"https:\/\/www.koonings.com\/de\/#website","url":"https:\/\/www.koonings.com\/de\/","name":"Koonings","description":"De grootste bruidsmodewinkel ter wereld","publisher":{"@id":"https:\/\/www.koonings.com\/de\/#organization"},"potentialAction":[{"@type":"SearchAction","target":{"@type":"EntryPoint","urlTemplate":"https:\/\/www.koonings.com\/de\/?s={search_term_string}"},"query-input":{"@type":"PropertyValueSpecification","valueRequired":true,"valueName":"search_term_string"}}],"inLanguage":"de"},{"@type":"Organization","@id":"https:\/\/www.koonings.com\/de\/#organization","name":"Koonings","url":"https:\/\/www.koonings.com\/de\/","logo":{"@type":"ImageObject","inLanguage":"de","@id":"https:\/\/www.koonings.com\/de\/#\/schema\/logo\/image\/","url":"https:\/\/www.koonings.com\/wp-content\/uploads\/2024\/07\/logo.png","contentUrl":"https:\/\/www.koonings.com\/wp-content\/uploads\/2024\/07\/logo.png","width":600,"height":428,"caption":"Koonings"},"image":{"@id":"https:\/\/www.koonings.com\/de\/#\/schema\/logo\/image\/"},"sameAs":["https:\/\/www.facebook.com\/kooningstheweddingpalace","https:\/\/www.instagram.com\/kooningstheweddingpalace","https:\/\/www.pinterest.com\/koonings","https:\/\/www.youtube.com\/kooningstheweddingpalace"]}]}},"_links":{"self":[{"href":"https:\/\/www.koonings.com\/de\/wp-json\/wp\/v2\/product\/108463","targetHints":{"allow":["GET"]}}],"collection":[{"href":"https:\/\/www.koonings.com\/de\/wp-json\/wp\/v2\/product"}],"about":[{"href":"https:\/\/www.koonings.com\/de\/wp-json\/wp\/v2\/types\/product"}],"wp:featuredmedia":[{"embeddable":true,"href":"https:\/\/www.koonings.com\/de\/wp-json\/wp\/v2\/media\/95439"}],"wp:attachment":[{"href":"https:\/\/www.koonings.com\/de\/wp-json\/wp\/v2\/media?parent=108463"}],"wp:term":[{"taxonomy":"productdetails","embeddable":true,"href":"https:\/\/www.koonings.com\/de\/wp-json\/wp\/v2\/productdetails?post=108463"},{"taxonomy":"productneck","embeddable":true,"href":"https:\/\/www.koonings.com\/de\/wp-json\/wp\/v2\/productneck?post=108463"},{"taxonomy":"productcolor","embeddable":true,"href":"https:\/\/www.koonings.com\/de\/wp-json\/wp\/v2\/productcolor?post=108463"},{"taxonomy":"maat","embeddable":true,"href":"https:\/\/www.koonings.com\/de\/wp-json\/wp\/v2\/maat?post=108463"},{"taxonomy":"productsupplier","embeddable":true,"href":"https:\/\/www.koonings.com\/de\/wp-json\/wp\/v2\/productsupplier?post=108463"},{"taxonomy":"productsleeve","embeddable":true,"href":"https:\/\/www.koonings.com\/de\/wp-json\/wp\/v2\/productsleeve?post=108463"},{"taxonomy":"productcategory","embeddable":true,"href":"https:\/\/www.koonings.com\/de\/wp-json\/wp\/v2\/productcategory?post=108463"},{"taxonomy":"productsilhouette","embeddable":true,"href":"https:\/\/www.koonings.com\/de\/wp-json\/wp\/v2\/productsilhouette?post=108463"},{"taxonomy":"productstyle","embeddable":true,"href":"https:\/\/www.koonings.com\/de\/wp-json\/wp\/v2\/productstyle?post=108463"}],"curies":[{"name":"wp","href":"https:\/\/api.w.org\/{rel}","templated":true}]}}