{"id":108460,"date":"2026-04-14T16:36:57","date_gmt":"2026-04-14T14:36:57","guid":{"rendered":"https:\/\/www.koonings.com\/product\/modeca-kurven-jolie\/"},"modified":"2026-04-14T15:40:37","modified_gmt":"2026-04-14T13:40:37","slug":"modeca-kurven-jolie","status":"publish","type":"product","link":"https:\/\/www.koonings.com\/de\/product\/modeca-kurven-jolie\/","title":{"rendered":"Modeca Kurven Jolie"},"content":{"rendered":"<p>Jolie &#8211; wo zeitlose Eleganz auf moderne Raffinesse trifft. Dieses Mikado-Ballkleid von Modeca Curves umarmt Ihre Kurven mit Struktur und Eleganz. Mit einem schmeichelhaften schulterfreien Ausschnitt und klaren Linien ist Jolie der Inbegriff von raffinierter Sch\u00f6nheit. Der volle Rock sorgt f\u00fcr Dramatik, ohne zu erdr\u00fccken, w\u00e4hrend die versteckten Taschen einen praktischen Touch bieten. Eine umwerfende Wahl f\u00fcr die selbstbewusste, kurvige Braut, die den klassischen Stil mit einem modernen Twist liebt.<br \/>\nEntdecken Sie Jolie und die gesamte Modeca Curves Kollektion bei Koonings.    <\/p>\n","protected":false},"featured_media":96347,"template":"","meta":{"_acf_changed":false,"ghostkit_customizer_options":"","ghostkit_custom_css":"","ghostkit_custom_js_head":"","ghostkit_custom_js_foot":"","ghostkit_typography":""},"productdetails":[],"productneck":[352],"productcolor":[392],"maat":[375],"productsupplier":[439],"productsleeve":[363],"productcategory":[18],"productsilhouette":[388],"productstyle":[365,366],"class_list":["post-108460","product","type-product","status-publish","has-post-thumbnail","hentry","productneck-352","productcolor-392","maat-375","productsupplier-modeca-curves","productsleeve-363","productcategory-trouwjurken","productsilhouette-388","productstyle-365","productstyle-366"],"acf":[],"yoast_head":"<!-- This site is optimized with the Yoast SEO plugin v27.3 - https:\/\/yoast.com\/product\/yoast-seo-wordpress\/ -->\n<title>Modeca Kurven Jolie | Koonings<\/title>\n<meta name=\"description\" content=\"Jolie - wo zeitlose Eleganz auf moderne Raffinesse trifft. Dieses Mikado-Ballkleid von Modeca Curves umarmt Ihre Kurven mit Struktur und Eleganz. Mit einem schmeichelhaften schulterfreien Ausschnitt und klaren Linien ist Jolie der Inbegriff von raffinierter Sch\u00f6nheit. Der volle Rock sorgt f\u00fcr Dramatik, ohne zu erdr\u00fccken, w\u00e4hrend die versteckten Taschen einen praktischen Touch bieten. Eine umwerfende Wahl f\u00fcr die selbstbewusste, kurvige Braut, die den klassischen Stil mit einem modernen Twist liebt. Entdecken Sie Jolie und die gesamte Modeca Curves Kollektion bei Koonings.\" \/>\n<meta name=\"robots\" content=\"index, follow, max-snippet:-1, max-image-preview:large, max-video-preview:-1\" \/>\n<link rel=\"canonical\" href=\"https:\/\/www.koonings.com\/de\/product\/modeca-kurven-jolie\/\" \/>\n<meta property=\"og:locale\" content=\"de_DE\" \/>\n<meta property=\"og:type\" content=\"article\" \/>\n<meta property=\"og:title\" content=\"Modeca Kurven Jolie | Koonings\" \/>\n<meta property=\"og:description\" content=\"Jolie - wo zeitlose Eleganz auf moderne Raffinesse trifft. Dieses Mikado-Ballkleid von Modeca Curves umarmt Ihre Kurven mit Struktur und Eleganz. Mit einem schmeichelhaften schulterfreien Ausschnitt und klaren Linien ist Jolie der Inbegriff von raffinierter Sch\u00f6nheit. Der volle Rock sorgt f\u00fcr Dramatik, ohne zu erdr\u00fccken, w\u00e4hrend die versteckten Taschen einen praktischen Touch bieten. Eine umwerfende Wahl f\u00fcr die selbstbewusste, kurvige Braut, die den klassischen Stil mit einem modernen Twist liebt. Entdecken Sie Jolie und die gesamte Modeca Curves Kollektion bei Koonings.\" \/>\n<meta property=\"og:url\" content=\"https:\/\/www.koonings.com\/de\/product\/modeca-kurven-jolie\/\" \/>\n<meta property=\"og:site_name\" content=\"Koonings\" \/>\n<meta property=\"article:publisher\" content=\"https:\/\/www.facebook.com\/kooningstheweddingpalace\" \/>\n<meta property=\"og:image\" content=\"https:\/\/www.koonings.com\/wp-content\/uploads\/2025\/09\/51119_59b290d7a9429f5b51bfb9b0d33709e6faf541d88be16e8661e7f22a3d054dbf1fabc3b6.jpeg\" \/>\n\t<meta property=\"og:image:width\" content=\"1439\" \/>\n\t<meta property=\"og:image:height\" content=\"2030\" \/>\n\t<meta property=\"og:image:type\" content=\"image\/jpeg\" \/>\n<meta name=\"twitter:card\" content=\"summary_large_image\" \/>\n<script type=\"application\/ld+json\" class=\"yoast-schema-graph\">{\"@context\":\"https:\\\/\\\/schema.org\",\"@graph\":[{\"@type\":\"WebPage\",\"@id\":\"https:\\\/\\\/www.koonings.com\\\/de\\\/product\\\/modeca-kurven-jolie\\\/\",\"url\":\"https:\\\/\\\/www.koonings.com\\\/de\\\/product\\\/modeca-kurven-jolie\\\/\",\"name\":\"Modeca Kurven Jolie | Koonings\",\"isPartOf\":{\"@id\":\"https:\\\/\\\/www.koonings.com\\\/de\\\/#website\"},\"primaryImageOfPage\":{\"@id\":\"https:\\\/\\\/www.koonings.com\\\/de\\\/product\\\/modeca-kurven-jolie\\\/#primaryimage\"},\"image\":{\"@id\":\"https:\\\/\\\/www.koonings.com\\\/de\\\/product\\\/modeca-kurven-jolie\\\/#primaryimage\"},\"thumbnailUrl\":\"https:\\\/\\\/www.koonings.com\\\/wp-content\\\/uploads\\\/2025\\\/09\\\/51119_59b290d7a9429f5b51bfb9b0d33709e6faf541d88be16e8661e7f22a3d054dbf1fabc3b6.jpeg\",\"datePublished\":\"2026-04-14T14:36:57+00:00\",\"description\":\"Jolie - wo zeitlose Eleganz auf moderne Raffinesse trifft. Dieses Mikado-Ballkleid von Modeca Curves umarmt Ihre Kurven mit Struktur und Eleganz. Mit einem schmeichelhaften schulterfreien Ausschnitt und klaren Linien ist Jolie der Inbegriff von raffinierter Sch\u00f6nheit. Der volle Rock sorgt f\u00fcr Dramatik, ohne zu erdr\u00fccken, w\u00e4hrend die versteckten Taschen einen praktischen Touch bieten. Eine umwerfende Wahl f\u00fcr die selbstbewusste, kurvige Braut, die den klassischen Stil mit einem modernen Twist liebt. Entdecken Sie Jolie und die gesamte Modeca Curves Kollektion bei Koonings.\",\"breadcrumb\":{\"@id\":\"https:\\\/\\\/www.koonings.com\\\/de\\\/product\\\/modeca-kurven-jolie\\\/#breadcrumb\"},\"inLanguage\":\"de\",\"potentialAction\":[{\"@type\":\"ReadAction\",\"target\":[\"https:\\\/\\\/www.koonings.com\\\/de\\\/product\\\/modeca-kurven-jolie\\\/\"]}]},{\"@type\":\"ImageObject\",\"inLanguage\":\"de\",\"@id\":\"https:\\\/\\\/www.koonings.com\\\/de\\\/product\\\/modeca-kurven-jolie\\\/#primaryimage\",\"url\":\"https:\\\/\\\/www.koonings.com\\\/wp-content\\\/uploads\\\/2025\\\/09\\\/51119_59b290d7a9429f5b51bfb9b0d33709e6faf541d88be16e8661e7f22a3d054dbf1fabc3b6.jpeg\",\"contentUrl\":\"https:\\\/\\\/www.koonings.com\\\/wp-content\\\/uploads\\\/2025\\\/09\\\/51119_59b290d7a9429f5b51bfb9b0d33709e6faf541d88be16e8661e7f22a3d054dbf1fabc3b6.jpeg\",\"width\":1439,\"height\":2030},{\"@type\":\"BreadcrumbList\",\"@id\":\"https:\\\/\\\/www.koonings.com\\\/de\\\/product\\\/modeca-kurven-jolie\\\/#breadcrumb\",\"itemListElement\":[{\"@type\":\"ListItem\",\"position\":1,\"name\":\"Home\",\"item\":\"https:\\\/\\\/www.koonings.com\\\/de\\\/\"},{\"@type\":\"ListItem\",\"position\":2,\"name\":\"Modeca Kurven Jolie\"}]},{\"@type\":\"WebSite\",\"@id\":\"https:\\\/\\\/www.koonings.com\\\/de\\\/#website\",\"url\":\"https:\\\/\\\/www.koonings.com\\\/de\\\/\",\"name\":\"Koonings\",\"description\":\"De grootste bruidsmodewinkel ter wereld\",\"publisher\":{\"@id\":\"https:\\\/\\\/www.koonings.com\\\/de\\\/#organization\"},\"potentialAction\":[{\"@type\":\"SearchAction\",\"target\":{\"@type\":\"EntryPoint\",\"urlTemplate\":\"https:\\\/\\\/www.koonings.com\\\/de\\\/?s={search_term_string}\"},\"query-input\":{\"@type\":\"PropertyValueSpecification\",\"valueRequired\":true,\"valueName\":\"search_term_string\"}}],\"inLanguage\":\"de\"},{\"@type\":\"Organization\",\"@id\":\"https:\\\/\\\/www.koonings.com\\\/de\\\/#organization\",\"name\":\"Koonings\",\"url\":\"https:\\\/\\\/www.koonings.com\\\/de\\\/\",\"logo\":{\"@type\":\"ImageObject\",\"inLanguage\":\"de\",\"@id\":\"https:\\\/\\\/www.koonings.com\\\/de\\\/#\\\/schema\\\/logo\\\/image\\\/\",\"url\":\"https:\\\/\\\/www.koonings.com\\\/wp-content\\\/uploads\\\/2024\\\/07\\\/logo.png\",\"contentUrl\":\"https:\\\/\\\/www.koonings.com\\\/wp-content\\\/uploads\\\/2024\\\/07\\\/logo.png\",\"width\":600,\"height\":428,\"caption\":\"Koonings\"},\"image\":{\"@id\":\"https:\\\/\\\/www.koonings.com\\\/de\\\/#\\\/schema\\\/logo\\\/image\\\/\"},\"sameAs\":[\"https:\\\/\\\/www.facebook.com\\\/kooningstheweddingpalace\",\"https:\\\/\\\/www.instagram.com\\\/kooningstheweddingpalace\",\"https:\\\/\\\/www.pinterest.com\\\/koonings\",\"https:\\\/\\\/www.youtube.com\\\/kooningstheweddingpalace\"]}]}<\/script>\n<!-- \/ Yoast SEO plugin. -->","yoast_head_json":{"title":"Modeca Kurven Jolie | Koonings","description":"Jolie - wo zeitlose Eleganz auf moderne Raffinesse trifft. Dieses Mikado-Ballkleid von Modeca Curves umarmt Ihre Kurven mit Struktur und Eleganz. Mit einem schmeichelhaften schulterfreien Ausschnitt und klaren Linien ist Jolie der Inbegriff von raffinierter Sch\u00f6nheit. Der volle Rock sorgt f\u00fcr Dramatik, ohne zu erdr\u00fccken, w\u00e4hrend die versteckten Taschen einen praktischen Touch bieten. Eine umwerfende Wahl f\u00fcr die selbstbewusste, kurvige Braut, die den klassischen Stil mit einem modernen Twist liebt. Entdecken Sie Jolie und die gesamte Modeca Curves Kollektion bei Koonings.","robots":{"index":"index","follow":"follow","max-snippet":"max-snippet:-1","max-image-preview":"max-image-preview:large","max-video-preview":"max-video-preview:-1"},"canonical":"https:\/\/www.koonings.com\/de\/product\/modeca-kurven-jolie\/","og_locale":"de_DE","og_type":"article","og_title":"Modeca Kurven Jolie | Koonings","og_description":"Jolie - wo zeitlose Eleganz auf moderne Raffinesse trifft. Dieses Mikado-Ballkleid von Modeca Curves umarmt Ihre Kurven mit Struktur und Eleganz. Mit einem schmeichelhaften schulterfreien Ausschnitt und klaren Linien ist Jolie der Inbegriff von raffinierter Sch\u00f6nheit. Der volle Rock sorgt f\u00fcr Dramatik, ohne zu erdr\u00fccken, w\u00e4hrend die versteckten Taschen einen praktischen Touch bieten. Eine umwerfende Wahl f\u00fcr die selbstbewusste, kurvige Braut, die den klassischen Stil mit einem modernen Twist liebt. Entdecken Sie Jolie und die gesamte Modeca Curves Kollektion bei Koonings.","og_url":"https:\/\/www.koonings.com\/de\/product\/modeca-kurven-jolie\/","og_site_name":"Koonings","article_publisher":"https:\/\/www.facebook.com\/kooningstheweddingpalace","og_image":[{"width":1439,"height":2030,"url":"https:\/\/www.koonings.com\/wp-content\/uploads\/2025\/09\/51119_59b290d7a9429f5b51bfb9b0d33709e6faf541d88be16e8661e7f22a3d054dbf1fabc3b6.jpeg","type":"image\/jpeg"}],"twitter_card":"summary_large_image","schema":{"@context":"https:\/\/schema.org","@graph":[{"@type":"WebPage","@id":"https:\/\/www.koonings.com\/de\/product\/modeca-kurven-jolie\/","url":"https:\/\/www.koonings.com\/de\/product\/modeca-kurven-jolie\/","name":"Modeca Kurven Jolie | Koonings","isPartOf":{"@id":"https:\/\/www.koonings.com\/de\/#website"},"primaryImageOfPage":{"@id":"https:\/\/www.koonings.com\/de\/product\/modeca-kurven-jolie\/#primaryimage"},"image":{"@id":"https:\/\/www.koonings.com\/de\/product\/modeca-kurven-jolie\/#primaryimage"},"thumbnailUrl":"https:\/\/www.koonings.com\/wp-content\/uploads\/2025\/09\/51119_59b290d7a9429f5b51bfb9b0d33709e6faf541d88be16e8661e7f22a3d054dbf1fabc3b6.jpeg","datePublished":"2026-04-14T14:36:57+00:00","description":"Jolie - wo zeitlose Eleganz auf moderne Raffinesse trifft. Dieses Mikado-Ballkleid von Modeca Curves umarmt Ihre Kurven mit Struktur und Eleganz. Mit einem schmeichelhaften schulterfreien Ausschnitt und klaren Linien ist Jolie der Inbegriff von raffinierter Sch\u00f6nheit. Der volle Rock sorgt f\u00fcr Dramatik, ohne zu erdr\u00fccken, w\u00e4hrend die versteckten Taschen einen praktischen Touch bieten. Eine umwerfende Wahl f\u00fcr die selbstbewusste, kurvige Braut, die den klassischen Stil mit einem modernen Twist liebt. Entdecken Sie Jolie und die gesamte Modeca Curves Kollektion bei Koonings.","breadcrumb":{"@id":"https:\/\/www.koonings.com\/de\/product\/modeca-kurven-jolie\/#breadcrumb"},"inLanguage":"de","potentialAction":[{"@type":"ReadAction","target":["https:\/\/www.koonings.com\/de\/product\/modeca-kurven-jolie\/"]}]},{"@type":"ImageObject","inLanguage":"de","@id":"https:\/\/www.koonings.com\/de\/product\/modeca-kurven-jolie\/#primaryimage","url":"https:\/\/www.koonings.com\/wp-content\/uploads\/2025\/09\/51119_59b290d7a9429f5b51bfb9b0d33709e6faf541d88be16e8661e7f22a3d054dbf1fabc3b6.jpeg","contentUrl":"https:\/\/www.koonings.com\/wp-content\/uploads\/2025\/09\/51119_59b290d7a9429f5b51bfb9b0d33709e6faf541d88be16e8661e7f22a3d054dbf1fabc3b6.jpeg","width":1439,"height":2030},{"@type":"BreadcrumbList","@id":"https:\/\/www.koonings.com\/de\/product\/modeca-kurven-jolie\/#breadcrumb","itemListElement":[{"@type":"ListItem","position":1,"name":"Home","item":"https:\/\/www.koonings.com\/de\/"},{"@type":"ListItem","position":2,"name":"Modeca Kurven Jolie"}]},{"@type":"WebSite","@id":"https:\/\/www.koonings.com\/de\/#website","url":"https:\/\/www.koonings.com\/de\/","name":"Koonings","description":"De grootste bruidsmodewinkel ter wereld","publisher":{"@id":"https:\/\/www.koonings.com\/de\/#organization"},"potentialAction":[{"@type":"SearchAction","target":{"@type":"EntryPoint","urlTemplate":"https:\/\/www.koonings.com\/de\/?s={search_term_string}"},"query-input":{"@type":"PropertyValueSpecification","valueRequired":true,"valueName":"search_term_string"}}],"inLanguage":"de"},{"@type":"Organization","@id":"https:\/\/www.koonings.com\/de\/#organization","name":"Koonings","url":"https:\/\/www.koonings.com\/de\/","logo":{"@type":"ImageObject","inLanguage":"de","@id":"https:\/\/www.koonings.com\/de\/#\/schema\/logo\/image\/","url":"https:\/\/www.koonings.com\/wp-content\/uploads\/2024\/07\/logo.png","contentUrl":"https:\/\/www.koonings.com\/wp-content\/uploads\/2024\/07\/logo.png","width":600,"height":428,"caption":"Koonings"},"image":{"@id":"https:\/\/www.koonings.com\/de\/#\/schema\/logo\/image\/"},"sameAs":["https:\/\/www.facebook.com\/kooningstheweddingpalace","https:\/\/www.instagram.com\/kooningstheweddingpalace","https:\/\/www.pinterest.com\/koonings","https:\/\/www.youtube.com\/kooningstheweddingpalace"]}]}},"_links":{"self":[{"href":"https:\/\/www.koonings.com\/de\/wp-json\/wp\/v2\/product\/108460","targetHints":{"allow":["GET"]}}],"collection":[{"href":"https:\/\/www.koonings.com\/de\/wp-json\/wp\/v2\/product"}],"about":[{"href":"https:\/\/www.koonings.com\/de\/wp-json\/wp\/v2\/types\/product"}],"wp:featuredmedia":[{"embeddable":true,"href":"https:\/\/www.koonings.com\/de\/wp-json\/wp\/v2\/media\/96347"}],"wp:attachment":[{"href":"https:\/\/www.koonings.com\/de\/wp-json\/wp\/v2\/media?parent=108460"}],"wp:term":[{"taxonomy":"productdetails","embeddable":true,"href":"https:\/\/www.koonings.com\/de\/wp-json\/wp\/v2\/productdetails?post=108460"},{"taxonomy":"productneck","embeddable":true,"href":"https:\/\/www.koonings.com\/de\/wp-json\/wp\/v2\/productneck?post=108460"},{"taxonomy":"productcolor","embeddable":true,"href":"https:\/\/www.koonings.com\/de\/wp-json\/wp\/v2\/productcolor?post=108460"},{"taxonomy":"maat","embeddable":true,"href":"https:\/\/www.koonings.com\/de\/wp-json\/wp\/v2\/maat?post=108460"},{"taxonomy":"productsupplier","embeddable":true,"href":"https:\/\/www.koonings.com\/de\/wp-json\/wp\/v2\/productsupplier?post=108460"},{"taxonomy":"productsleeve","embeddable":true,"href":"https:\/\/www.koonings.com\/de\/wp-json\/wp\/v2\/productsleeve?post=108460"},{"taxonomy":"productcategory","embeddable":true,"href":"https:\/\/www.koonings.com\/de\/wp-json\/wp\/v2\/productcategory?post=108460"},{"taxonomy":"productsilhouette","embeddable":true,"href":"https:\/\/www.koonings.com\/de\/wp-json\/wp\/v2\/productsilhouette?post=108460"},{"taxonomy":"productstyle","embeddable":true,"href":"https:\/\/www.koonings.com\/de\/wp-json\/wp\/v2\/productstyle?post=108460"}],"curies":[{"name":"wp","href":"https:\/\/api.w.org\/{rel}","templated":true}]}}