{"id":108457,"date":"2026-04-21T18:38:21","date_gmt":"2026-04-21T16:38:21","guid":{"rendered":"https:\/\/www.koonings.com\/product\/modeca-genf-d\/"},"modified":"2026-04-14T15:39:53","modified_gmt":"2026-04-14T13:39:53","slug":"modeca-genf-d","status":"publish","type":"product","link":"https:\/\/www.koonings.com\/de\/product\/modeca-genf-d\/","title":{"rendered":"Modeca Genf-D"},"content":{"rendered":"<p>Romantik wird lebendig in dem Geneva Kleid, einem A-Linien-Design f\u00fcr die moderne Braut, die Eleganz mit einem Hauch von Glitzer liebt. Der flie\u00dfende Chiffonrock mit Schlitz sorgt f\u00fcr einen l\u00e4ssigen und doch raffinierten Look. Das Spitzenmieder mit Pailletten und 3D-Bl\u00fctenbl\u00e4ttern sorgt f\u00fcr das perfekte Funkeln, damit Sie an Ihrem Hochzeitstag gl\u00e4nzen. Ein Rollkragenbolero vervollst\u00e4ndigt den Look. F\u00fcr eine entspanntere, aber ebenso bezaubernde Variante gibt es das Geneva D, ohne Bolero.<br \/>\nEntdecken Sie Geneva und die gesamte Kollektion bei Koonings.    <\/p>\n","protected":false},"featured_media":95485,"template":"","meta":{"_acf_changed":false,"ghostkit_customizer_options":"","ghostkit_custom_css":"","ghostkit_custom_js_head":"","ghostkit_custom_js_foot":"","ghostkit_typography":""},"productdetails":[376,378],"productneck":[354],"productcolor":[392],"maat":[],"productsupplier":[434],"productsleeve":[357],"productcategory":[18],"productsilhouette":[384],"productstyle":[366,370],"class_list":["post-108457","product","type-product","status-publish","has-post-thumbnail","hentry","productdetails-376","productdetails-378","productneck-354","productcolor-392","productsupplier-modeca","productsleeve-357","productcategory-trouwjurken","productsilhouette-384","productstyle-366","productstyle-370"],"acf":[],"yoast_head":"<!-- This site is optimized with the Yoast SEO plugin v27.3 - https:\/\/yoast.com\/product\/yoast-seo-wordpress\/ -->\n<title>Modeca Genf-D | Koonings<\/title>\n<meta name=\"description\" content=\"Romantik wird lebendig in dem Geneva Kleid, einem A-Linien-Design f\u00fcr die moderne Braut, die Eleganz mit einem Hauch von Glitzer liebt. Der flie\u00dfende Chiffonrock mit Schlitz sorgt f\u00fcr einen l\u00e4ssigen und doch raffinierten Look. Das Spitzenmieder mit Pailletten und 3D-Bl\u00fctenbl\u00e4ttern sorgt f\u00fcr das perfekte Funkeln, damit Sie an Ihrem Hochzeitstag gl\u00e4nzen. Ein Rollkragenbolero vervollst\u00e4ndigt den Look. F\u00fcr eine entspanntere, aber ebenso bezaubernde Variante gibt es das Geneva D, ohne Bolero. Entdecken Sie Geneva und die gesamte Kollektion bei Koonings.\" \/>\n<meta name=\"robots\" content=\"index, follow, max-snippet:-1, max-image-preview:large, max-video-preview:-1\" \/>\n<link rel=\"canonical\" href=\"https:\/\/www.koonings.com\/de\/product\/modeca-genf-d\/\" \/>\n<meta property=\"og:locale\" content=\"de_DE\" \/>\n<meta property=\"og:type\" content=\"article\" \/>\n<meta property=\"og:title\" content=\"Modeca Genf-D | Koonings\" \/>\n<meta property=\"og:description\" content=\"Romantik wird lebendig in dem Geneva Kleid, einem A-Linien-Design f\u00fcr die moderne Braut, die Eleganz mit einem Hauch von Glitzer liebt. Der flie\u00dfende Chiffonrock mit Schlitz sorgt f\u00fcr einen l\u00e4ssigen und doch raffinierten Look. Das Spitzenmieder mit Pailletten und 3D-Bl\u00fctenbl\u00e4ttern sorgt f\u00fcr das perfekte Funkeln, damit Sie an Ihrem Hochzeitstag gl\u00e4nzen. Ein Rollkragenbolero vervollst\u00e4ndigt den Look. F\u00fcr eine entspanntere, aber ebenso bezaubernde Variante gibt es das Geneva D, ohne Bolero. Entdecken Sie Geneva und die gesamte Kollektion bei Koonings.\" \/>\n<meta property=\"og:url\" content=\"https:\/\/www.koonings.com\/de\/product\/modeca-genf-d\/\" \/>\n<meta property=\"og:site_name\" content=\"Koonings\" \/>\n<meta property=\"article:publisher\" content=\"https:\/\/www.facebook.com\/kooningstheweddingpalace\" \/>\n<meta property=\"og:image\" content=\"https:\/\/www.koonings.com\/wp-content\/uploads\/2025\/09\/51131_1542a5eb72e525b6ca4434d74041eae03533fcc100fe7926115755c28e142d71518dc579.jpeg\" \/>\n\t<meta property=\"og:image:width\" content=\"1644\" \/>\n\t<meta property=\"og:image:height\" content=\"2326\" \/>\n\t<meta property=\"og:image:type\" content=\"image\/jpeg\" \/>\n<meta name=\"twitter:card\" content=\"summary_large_image\" \/>\n<script type=\"application\/ld+json\" class=\"yoast-schema-graph\">{\"@context\":\"https:\\\/\\\/schema.org\",\"@graph\":[{\"@type\":\"WebPage\",\"@id\":\"https:\\\/\\\/www.koonings.com\\\/de\\\/product\\\/modeca-genf-d\\\/\",\"url\":\"https:\\\/\\\/www.koonings.com\\\/de\\\/product\\\/modeca-genf-d\\\/\",\"name\":\"Modeca Genf-D | Koonings\",\"isPartOf\":{\"@id\":\"https:\\\/\\\/www.koonings.com\\\/de\\\/#website\"},\"primaryImageOfPage\":{\"@id\":\"https:\\\/\\\/www.koonings.com\\\/de\\\/product\\\/modeca-genf-d\\\/#primaryimage\"},\"image\":{\"@id\":\"https:\\\/\\\/www.koonings.com\\\/de\\\/product\\\/modeca-genf-d\\\/#primaryimage\"},\"thumbnailUrl\":\"https:\\\/\\\/www.koonings.com\\\/wp-content\\\/uploads\\\/2025\\\/09\\\/51131_1542a5eb72e525b6ca4434d74041eae03533fcc100fe7926115755c28e142d71518dc579.jpeg\",\"datePublished\":\"2026-04-21T16:38:21+00:00\",\"description\":\"Romantik wird lebendig in dem Geneva Kleid, einem A-Linien-Design f\u00fcr die moderne Braut, die Eleganz mit einem Hauch von Glitzer liebt. Der flie\u00dfende Chiffonrock mit Schlitz sorgt f\u00fcr einen l\u00e4ssigen und doch raffinierten Look. Das Spitzenmieder mit Pailletten und 3D-Bl\u00fctenbl\u00e4ttern sorgt f\u00fcr das perfekte Funkeln, damit Sie an Ihrem Hochzeitstag gl\u00e4nzen. Ein Rollkragenbolero vervollst\u00e4ndigt den Look. F\u00fcr eine entspanntere, aber ebenso bezaubernde Variante gibt es das Geneva D, ohne Bolero. Entdecken Sie Geneva und die gesamte Kollektion bei Koonings.\",\"breadcrumb\":{\"@id\":\"https:\\\/\\\/www.koonings.com\\\/de\\\/product\\\/modeca-genf-d\\\/#breadcrumb\"},\"inLanguage\":\"de\",\"potentialAction\":[{\"@type\":\"ReadAction\",\"target\":[\"https:\\\/\\\/www.koonings.com\\\/de\\\/product\\\/modeca-genf-d\\\/\"]}]},{\"@type\":\"ImageObject\",\"inLanguage\":\"de\",\"@id\":\"https:\\\/\\\/www.koonings.com\\\/de\\\/product\\\/modeca-genf-d\\\/#primaryimage\",\"url\":\"https:\\\/\\\/www.koonings.com\\\/wp-content\\\/uploads\\\/2025\\\/09\\\/51131_1542a5eb72e525b6ca4434d74041eae03533fcc100fe7926115755c28e142d71518dc579.jpeg\",\"contentUrl\":\"https:\\\/\\\/www.koonings.com\\\/wp-content\\\/uploads\\\/2025\\\/09\\\/51131_1542a5eb72e525b6ca4434d74041eae03533fcc100fe7926115755c28e142d71518dc579.jpeg\",\"width\":1644,\"height\":2326},{\"@type\":\"BreadcrumbList\",\"@id\":\"https:\\\/\\\/www.koonings.com\\\/de\\\/product\\\/modeca-genf-d\\\/#breadcrumb\",\"itemListElement\":[{\"@type\":\"ListItem\",\"position\":1,\"name\":\"Home\",\"item\":\"https:\\\/\\\/www.koonings.com\\\/de\\\/\"},{\"@type\":\"ListItem\",\"position\":2,\"name\":\"Modeca Genf-D\"}]},{\"@type\":\"WebSite\",\"@id\":\"https:\\\/\\\/www.koonings.com\\\/de\\\/#website\",\"url\":\"https:\\\/\\\/www.koonings.com\\\/de\\\/\",\"name\":\"Koonings\",\"description\":\"De grootste bruidsmodewinkel ter wereld\",\"publisher\":{\"@id\":\"https:\\\/\\\/www.koonings.com\\\/de\\\/#organization\"},\"potentialAction\":[{\"@type\":\"SearchAction\",\"target\":{\"@type\":\"EntryPoint\",\"urlTemplate\":\"https:\\\/\\\/www.koonings.com\\\/de\\\/?s={search_term_string}\"},\"query-input\":{\"@type\":\"PropertyValueSpecification\",\"valueRequired\":true,\"valueName\":\"search_term_string\"}}],\"inLanguage\":\"de\"},{\"@type\":\"Organization\",\"@id\":\"https:\\\/\\\/www.koonings.com\\\/de\\\/#organization\",\"name\":\"Koonings\",\"url\":\"https:\\\/\\\/www.koonings.com\\\/de\\\/\",\"logo\":{\"@type\":\"ImageObject\",\"inLanguage\":\"de\",\"@id\":\"https:\\\/\\\/www.koonings.com\\\/de\\\/#\\\/schema\\\/logo\\\/image\\\/\",\"url\":\"https:\\\/\\\/www.koonings.com\\\/wp-content\\\/uploads\\\/2024\\\/07\\\/logo.png\",\"contentUrl\":\"https:\\\/\\\/www.koonings.com\\\/wp-content\\\/uploads\\\/2024\\\/07\\\/logo.png\",\"width\":600,\"height\":428,\"caption\":\"Koonings\"},\"image\":{\"@id\":\"https:\\\/\\\/www.koonings.com\\\/de\\\/#\\\/schema\\\/logo\\\/image\\\/\"},\"sameAs\":[\"https:\\\/\\\/www.facebook.com\\\/kooningstheweddingpalace\",\"https:\\\/\\\/www.instagram.com\\\/kooningstheweddingpalace\",\"https:\\\/\\\/www.pinterest.com\\\/koonings\",\"https:\\\/\\\/www.youtube.com\\\/kooningstheweddingpalace\"]}]}<\/script>\n<!-- \/ Yoast SEO plugin. -->","yoast_head_json":{"title":"Modeca Genf-D | Koonings","description":"Romantik wird lebendig in dem Geneva Kleid, einem A-Linien-Design f\u00fcr die moderne Braut, die Eleganz mit einem Hauch von Glitzer liebt. Der flie\u00dfende Chiffonrock mit Schlitz sorgt f\u00fcr einen l\u00e4ssigen und doch raffinierten Look. Das Spitzenmieder mit Pailletten und 3D-Bl\u00fctenbl\u00e4ttern sorgt f\u00fcr das perfekte Funkeln, damit Sie an Ihrem Hochzeitstag gl\u00e4nzen. Ein Rollkragenbolero vervollst\u00e4ndigt den Look. F\u00fcr eine entspanntere, aber ebenso bezaubernde Variante gibt es das Geneva D, ohne Bolero. Entdecken Sie Geneva und die gesamte Kollektion bei Koonings.","robots":{"index":"index","follow":"follow","max-snippet":"max-snippet:-1","max-image-preview":"max-image-preview:large","max-video-preview":"max-video-preview:-1"},"canonical":"https:\/\/www.koonings.com\/de\/product\/modeca-genf-d\/","og_locale":"de_DE","og_type":"article","og_title":"Modeca Genf-D | Koonings","og_description":"Romantik wird lebendig in dem Geneva Kleid, einem A-Linien-Design f\u00fcr die moderne Braut, die Eleganz mit einem Hauch von Glitzer liebt. Der flie\u00dfende Chiffonrock mit Schlitz sorgt f\u00fcr einen l\u00e4ssigen und doch raffinierten Look. Das Spitzenmieder mit Pailletten und 3D-Bl\u00fctenbl\u00e4ttern sorgt f\u00fcr das perfekte Funkeln, damit Sie an Ihrem Hochzeitstag gl\u00e4nzen. Ein Rollkragenbolero vervollst\u00e4ndigt den Look. F\u00fcr eine entspanntere, aber ebenso bezaubernde Variante gibt es das Geneva D, ohne Bolero. Entdecken Sie Geneva und die gesamte Kollektion bei Koonings.","og_url":"https:\/\/www.koonings.com\/de\/product\/modeca-genf-d\/","og_site_name":"Koonings","article_publisher":"https:\/\/www.facebook.com\/kooningstheweddingpalace","og_image":[{"width":1644,"height":2326,"url":"https:\/\/www.koonings.com\/wp-content\/uploads\/2025\/09\/51131_1542a5eb72e525b6ca4434d74041eae03533fcc100fe7926115755c28e142d71518dc579.jpeg","type":"image\/jpeg"}],"twitter_card":"summary_large_image","schema":{"@context":"https:\/\/schema.org","@graph":[{"@type":"WebPage","@id":"https:\/\/www.koonings.com\/de\/product\/modeca-genf-d\/","url":"https:\/\/www.koonings.com\/de\/product\/modeca-genf-d\/","name":"Modeca Genf-D | Koonings","isPartOf":{"@id":"https:\/\/www.koonings.com\/de\/#website"},"primaryImageOfPage":{"@id":"https:\/\/www.koonings.com\/de\/product\/modeca-genf-d\/#primaryimage"},"image":{"@id":"https:\/\/www.koonings.com\/de\/product\/modeca-genf-d\/#primaryimage"},"thumbnailUrl":"https:\/\/www.koonings.com\/wp-content\/uploads\/2025\/09\/51131_1542a5eb72e525b6ca4434d74041eae03533fcc100fe7926115755c28e142d71518dc579.jpeg","datePublished":"2026-04-21T16:38:21+00:00","description":"Romantik wird lebendig in dem Geneva Kleid, einem A-Linien-Design f\u00fcr die moderne Braut, die Eleganz mit einem Hauch von Glitzer liebt. Der flie\u00dfende Chiffonrock mit Schlitz sorgt f\u00fcr einen l\u00e4ssigen und doch raffinierten Look. Das Spitzenmieder mit Pailletten und 3D-Bl\u00fctenbl\u00e4ttern sorgt f\u00fcr das perfekte Funkeln, damit Sie an Ihrem Hochzeitstag gl\u00e4nzen. Ein Rollkragenbolero vervollst\u00e4ndigt den Look. F\u00fcr eine entspanntere, aber ebenso bezaubernde Variante gibt es das Geneva D, ohne Bolero. Entdecken Sie Geneva und die gesamte Kollektion bei Koonings.","breadcrumb":{"@id":"https:\/\/www.koonings.com\/de\/product\/modeca-genf-d\/#breadcrumb"},"inLanguage":"de","potentialAction":[{"@type":"ReadAction","target":["https:\/\/www.koonings.com\/de\/product\/modeca-genf-d\/"]}]},{"@type":"ImageObject","inLanguage":"de","@id":"https:\/\/www.koonings.com\/de\/product\/modeca-genf-d\/#primaryimage","url":"https:\/\/www.koonings.com\/wp-content\/uploads\/2025\/09\/51131_1542a5eb72e525b6ca4434d74041eae03533fcc100fe7926115755c28e142d71518dc579.jpeg","contentUrl":"https:\/\/www.koonings.com\/wp-content\/uploads\/2025\/09\/51131_1542a5eb72e525b6ca4434d74041eae03533fcc100fe7926115755c28e142d71518dc579.jpeg","width":1644,"height":2326},{"@type":"BreadcrumbList","@id":"https:\/\/www.koonings.com\/de\/product\/modeca-genf-d\/#breadcrumb","itemListElement":[{"@type":"ListItem","position":1,"name":"Home","item":"https:\/\/www.koonings.com\/de\/"},{"@type":"ListItem","position":2,"name":"Modeca Genf-D"}]},{"@type":"WebSite","@id":"https:\/\/www.koonings.com\/de\/#website","url":"https:\/\/www.koonings.com\/de\/","name":"Koonings","description":"De grootste bruidsmodewinkel ter wereld","publisher":{"@id":"https:\/\/www.koonings.com\/de\/#organization"},"potentialAction":[{"@type":"SearchAction","target":{"@type":"EntryPoint","urlTemplate":"https:\/\/www.koonings.com\/de\/?s={search_term_string}"},"query-input":{"@type":"PropertyValueSpecification","valueRequired":true,"valueName":"search_term_string"}}],"inLanguage":"de"},{"@type":"Organization","@id":"https:\/\/www.koonings.com\/de\/#organization","name":"Koonings","url":"https:\/\/www.koonings.com\/de\/","logo":{"@type":"ImageObject","inLanguage":"de","@id":"https:\/\/www.koonings.com\/de\/#\/schema\/logo\/image\/","url":"https:\/\/www.koonings.com\/wp-content\/uploads\/2024\/07\/logo.png","contentUrl":"https:\/\/www.koonings.com\/wp-content\/uploads\/2024\/07\/logo.png","width":600,"height":428,"caption":"Koonings"},"image":{"@id":"https:\/\/www.koonings.com\/de\/#\/schema\/logo\/image\/"},"sameAs":["https:\/\/www.facebook.com\/kooningstheweddingpalace","https:\/\/www.instagram.com\/kooningstheweddingpalace","https:\/\/www.pinterest.com\/koonings","https:\/\/www.youtube.com\/kooningstheweddingpalace"]}]}},"_links":{"self":[{"href":"https:\/\/www.koonings.com\/de\/wp-json\/wp\/v2\/product\/108457","targetHints":{"allow":["GET"]}}],"collection":[{"href":"https:\/\/www.koonings.com\/de\/wp-json\/wp\/v2\/product"}],"about":[{"href":"https:\/\/www.koonings.com\/de\/wp-json\/wp\/v2\/types\/product"}],"wp:featuredmedia":[{"embeddable":true,"href":"https:\/\/www.koonings.com\/de\/wp-json\/wp\/v2\/media\/95485"}],"wp:attachment":[{"href":"https:\/\/www.koonings.com\/de\/wp-json\/wp\/v2\/media?parent=108457"}],"wp:term":[{"taxonomy":"productdetails","embeddable":true,"href":"https:\/\/www.koonings.com\/de\/wp-json\/wp\/v2\/productdetails?post=108457"},{"taxonomy":"productneck","embeddable":true,"href":"https:\/\/www.koonings.com\/de\/wp-json\/wp\/v2\/productneck?post=108457"},{"taxonomy":"productcolor","embeddable":true,"href":"https:\/\/www.koonings.com\/de\/wp-json\/wp\/v2\/productcolor?post=108457"},{"taxonomy":"maat","embeddable":true,"href":"https:\/\/www.koonings.com\/de\/wp-json\/wp\/v2\/maat?post=108457"},{"taxonomy":"productsupplier","embeddable":true,"href":"https:\/\/www.koonings.com\/de\/wp-json\/wp\/v2\/productsupplier?post=108457"},{"taxonomy":"productsleeve","embeddable":true,"href":"https:\/\/www.koonings.com\/de\/wp-json\/wp\/v2\/productsleeve?post=108457"},{"taxonomy":"productcategory","embeddable":true,"href":"https:\/\/www.koonings.com\/de\/wp-json\/wp\/v2\/productcategory?post=108457"},{"taxonomy":"productsilhouette","embeddable":true,"href":"https:\/\/www.koonings.com\/de\/wp-json\/wp\/v2\/productsilhouette?post=108457"},{"taxonomy":"productstyle","embeddable":true,"href":"https:\/\/www.koonings.com\/de\/wp-json\/wp\/v2\/productstyle?post=108457"}],"curies":[{"name":"wp","href":"https:\/\/api.w.org\/{rel}","templated":true}]}}