{"id":108441,"date":"2026-04-14T16:38:03","date_gmt":"2026-04-14T14:38:03","guid":{"rendered":"https:\/\/www.koonings.com\/product\/modeca-gamze\/"},"modified":"2026-04-14T15:36:56","modified_gmt":"2026-04-14T13:36:56","slug":"modeca-gamze","status":"publish","type":"product","link":"https:\/\/www.koonings.com\/de\/product\/modeca-gamze\/","title":{"rendered":"Modeca Gamze"},"content":{"rendered":"<p>Dieses Kleid ist Liebe auf den ersten Blick! Das Gamze Kleid hat eine elegante A-Linien-Silhouette aus weichem Chiffon. Der Illusionsausschnitt in Sweetheart-Form und die mit zarten Bl\u00fctenbl\u00e4ttern verzierten Fl\u00fcgel\u00e4rmel strahlen pure Romantik aus. Ein Spitzenband um die Taille sorgt f\u00fcr die perfekte Raffinesse und betont wundersch\u00f6n Ihre Figur. Der V-R\u00fccken verleiht dem Kleid einen modernen, femininen Touch, w\u00e4hrend die Spitze an der Schleppe ein vertr\u00e4umtes Detail ist, das alle Blicke auf sich zieht. F\u00fcr einen schlichteren Look gibt es auch das Gamze-A mit einer einfachen Schleppe.<br \/>\nEntdecken Sie dieses Kleid und die gesamte Kollektion bei Koonings.     <\/p>\n","protected":false},"featured_media":95368,"template":"","meta":{"_acf_changed":false,"ghostkit_customizer_options":"","ghostkit_custom_css":"","ghostkit_custom_js_head":"","ghostkit_custom_js_foot":"","ghostkit_typography":""},"productdetails":[376],"productneck":[351],"productcolor":[392],"maat":[],"productsupplier":[434],"productsleeve":[361],"productcategory":[18],"productsilhouette":[384],"productstyle":[369,366],"class_list":["post-108441","product","type-product","status-publish","has-post-thumbnail","hentry","productdetails-376","productneck-351","productcolor-392","productsupplier-modeca","productsleeve-361","productcategory-trouwjurken","productsilhouette-384","productstyle-369","productstyle-366"],"acf":[],"yoast_head":"<!-- This site is optimized with the Yoast SEO plugin v27.3 - https:\/\/yoast.com\/product\/yoast-seo-wordpress\/ -->\n<title>Modeca Gamze | Koonings<\/title>\n<meta name=\"description\" content=\"Dieses Kleid ist Liebe auf den ersten Blick! Das Gamze Kleid hat eine elegante A-Linien-Silhouette aus weichem Chiffon. Der Illusionsausschnitt in Sweetheart-Form und die mit zarten Bl\u00fctenbl\u00e4ttern verzierten Fl\u00fcgel\u00e4rmel strahlen pure Romantik aus. Ein Spitzenband um die Taille sorgt f\u00fcr die perfekte Raffinesse und betont wundersch\u00f6n Ihre Figur. Der V-R\u00fccken verleiht dem Kleid einen modernen, femininen Touch, w\u00e4hrend die Spitze an der Schleppe ein vertr\u00e4umtes Detail ist, das alle Blicke auf sich zieht. F\u00fcr einen schlichteren Look gibt es auch das Gamze-A mit einer einfachen Schleppe. Entdecken Sie dieses Kleid und die gesamte Kollektion bei Koonings.\" \/>\n<meta name=\"robots\" content=\"index, follow, max-snippet:-1, max-image-preview:large, max-video-preview:-1\" \/>\n<link rel=\"canonical\" href=\"https:\/\/www.koonings.com\/de\/product\/modeca-gamze\/\" \/>\n<meta property=\"og:locale\" content=\"de_DE\" \/>\n<meta property=\"og:type\" content=\"article\" \/>\n<meta property=\"og:title\" content=\"Modeca Gamze | Koonings\" \/>\n<meta property=\"og:description\" content=\"Dieses Kleid ist Liebe auf den ersten Blick! Das Gamze Kleid hat eine elegante A-Linien-Silhouette aus weichem Chiffon. Der Illusionsausschnitt in Sweetheart-Form und die mit zarten Bl\u00fctenbl\u00e4ttern verzierten Fl\u00fcgel\u00e4rmel strahlen pure Romantik aus. Ein Spitzenband um die Taille sorgt f\u00fcr die perfekte Raffinesse und betont wundersch\u00f6n Ihre Figur. Der V-R\u00fccken verleiht dem Kleid einen modernen, femininen Touch, w\u00e4hrend die Spitze an der Schleppe ein vertr\u00e4umtes Detail ist, das alle Blicke auf sich zieht. F\u00fcr einen schlichteren Look gibt es auch das Gamze-A mit einer einfachen Schleppe. Entdecken Sie dieses Kleid und die gesamte Kollektion bei Koonings.\" \/>\n<meta property=\"og:url\" content=\"https:\/\/www.koonings.com\/de\/product\/modeca-gamze\/\" \/>\n<meta property=\"og:site_name\" content=\"Koonings\" \/>\n<meta property=\"article:publisher\" content=\"https:\/\/www.facebook.com\/kooningstheweddingpalace\" \/>\n<meta property=\"og:image\" content=\"https:\/\/www.koonings.com\/wp-content\/uploads\/2025\/09\/51126_4b0ec185ebbbc857b7e0972b9c82748a14e6a7b89ef513154d7c811e5404ae3bc6b9c6ba.jpeg\" \/>\n\t<meta property=\"og:image:width\" content=\"1693\" \/>\n\t<meta property=\"og:image:height\" content=\"2394\" \/>\n\t<meta property=\"og:image:type\" content=\"image\/jpeg\" \/>\n<meta name=\"twitter:card\" content=\"summary_large_image\" \/>\n<meta name=\"twitter:label1\" content=\"Gesch\u00e4tzte Lesezeit\" \/>\n\t<meta name=\"twitter:data1\" content=\"1\u00a0Minute\" \/>\n<script type=\"application\/ld+json\" class=\"yoast-schema-graph\">{\"@context\":\"https:\\\/\\\/schema.org\",\"@graph\":[{\"@type\":\"WebPage\",\"@id\":\"https:\\\/\\\/www.koonings.com\\\/de\\\/product\\\/modeca-gamze\\\/\",\"url\":\"https:\\\/\\\/www.koonings.com\\\/de\\\/product\\\/modeca-gamze\\\/\",\"name\":\"Modeca Gamze | Koonings\",\"isPartOf\":{\"@id\":\"https:\\\/\\\/www.koonings.com\\\/de\\\/#website\"},\"primaryImageOfPage\":{\"@id\":\"https:\\\/\\\/www.koonings.com\\\/de\\\/product\\\/modeca-gamze\\\/#primaryimage\"},\"image\":{\"@id\":\"https:\\\/\\\/www.koonings.com\\\/de\\\/product\\\/modeca-gamze\\\/#primaryimage\"},\"thumbnailUrl\":\"https:\\\/\\\/www.koonings.com\\\/wp-content\\\/uploads\\\/2025\\\/09\\\/51126_4b0ec185ebbbc857b7e0972b9c82748a14e6a7b89ef513154d7c811e5404ae3bc6b9c6ba.jpeg\",\"datePublished\":\"2026-04-14T14:38:03+00:00\",\"description\":\"Dieses Kleid ist Liebe auf den ersten Blick! Das Gamze Kleid hat eine elegante A-Linien-Silhouette aus weichem Chiffon. Der Illusionsausschnitt in Sweetheart-Form und die mit zarten Bl\u00fctenbl\u00e4ttern verzierten Fl\u00fcgel\u00e4rmel strahlen pure Romantik aus. Ein Spitzenband um die Taille sorgt f\u00fcr die perfekte Raffinesse und betont wundersch\u00f6n Ihre Figur. Der V-R\u00fccken verleiht dem Kleid einen modernen, femininen Touch, w\u00e4hrend die Spitze an der Schleppe ein vertr\u00e4umtes Detail ist, das alle Blicke auf sich zieht. F\u00fcr einen schlichteren Look gibt es auch das Gamze-A mit einer einfachen Schleppe. Entdecken Sie dieses Kleid und die gesamte Kollektion bei Koonings.\",\"breadcrumb\":{\"@id\":\"https:\\\/\\\/www.koonings.com\\\/de\\\/product\\\/modeca-gamze\\\/#breadcrumb\"},\"inLanguage\":\"de\",\"potentialAction\":[{\"@type\":\"ReadAction\",\"target\":[\"https:\\\/\\\/www.koonings.com\\\/de\\\/product\\\/modeca-gamze\\\/\"]}]},{\"@type\":\"ImageObject\",\"inLanguage\":\"de\",\"@id\":\"https:\\\/\\\/www.koonings.com\\\/de\\\/product\\\/modeca-gamze\\\/#primaryimage\",\"url\":\"https:\\\/\\\/www.koonings.com\\\/wp-content\\\/uploads\\\/2025\\\/09\\\/51126_4b0ec185ebbbc857b7e0972b9c82748a14e6a7b89ef513154d7c811e5404ae3bc6b9c6ba.jpeg\",\"contentUrl\":\"https:\\\/\\\/www.koonings.com\\\/wp-content\\\/uploads\\\/2025\\\/09\\\/51126_4b0ec185ebbbc857b7e0972b9c82748a14e6a7b89ef513154d7c811e5404ae3bc6b9c6ba.jpeg\",\"width\":1693,\"height\":2394},{\"@type\":\"BreadcrumbList\",\"@id\":\"https:\\\/\\\/www.koonings.com\\\/de\\\/product\\\/modeca-gamze\\\/#breadcrumb\",\"itemListElement\":[{\"@type\":\"ListItem\",\"position\":1,\"name\":\"Home\",\"item\":\"https:\\\/\\\/www.koonings.com\\\/de\\\/\"},{\"@type\":\"ListItem\",\"position\":2,\"name\":\"Modeca Gamze\"}]},{\"@type\":\"WebSite\",\"@id\":\"https:\\\/\\\/www.koonings.com\\\/de\\\/#website\",\"url\":\"https:\\\/\\\/www.koonings.com\\\/de\\\/\",\"name\":\"Koonings\",\"description\":\"De grootste bruidsmodewinkel ter wereld\",\"publisher\":{\"@id\":\"https:\\\/\\\/www.koonings.com\\\/de\\\/#organization\"},\"potentialAction\":[{\"@type\":\"SearchAction\",\"target\":{\"@type\":\"EntryPoint\",\"urlTemplate\":\"https:\\\/\\\/www.koonings.com\\\/de\\\/?s={search_term_string}\"},\"query-input\":{\"@type\":\"PropertyValueSpecification\",\"valueRequired\":true,\"valueName\":\"search_term_string\"}}],\"inLanguage\":\"de\"},{\"@type\":\"Organization\",\"@id\":\"https:\\\/\\\/www.koonings.com\\\/de\\\/#organization\",\"name\":\"Koonings\",\"url\":\"https:\\\/\\\/www.koonings.com\\\/de\\\/\",\"logo\":{\"@type\":\"ImageObject\",\"inLanguage\":\"de\",\"@id\":\"https:\\\/\\\/www.koonings.com\\\/de\\\/#\\\/schema\\\/logo\\\/image\\\/\",\"url\":\"https:\\\/\\\/www.koonings.com\\\/wp-content\\\/uploads\\\/2024\\\/07\\\/logo.png\",\"contentUrl\":\"https:\\\/\\\/www.koonings.com\\\/wp-content\\\/uploads\\\/2024\\\/07\\\/logo.png\",\"width\":600,\"height\":428,\"caption\":\"Koonings\"},\"image\":{\"@id\":\"https:\\\/\\\/www.koonings.com\\\/de\\\/#\\\/schema\\\/logo\\\/image\\\/\"},\"sameAs\":[\"https:\\\/\\\/www.facebook.com\\\/kooningstheweddingpalace\",\"https:\\\/\\\/www.instagram.com\\\/kooningstheweddingpalace\",\"https:\\\/\\\/www.pinterest.com\\\/koonings\",\"https:\\\/\\\/www.youtube.com\\\/kooningstheweddingpalace\"]}]}<\/script>\n<!-- \/ Yoast SEO plugin. -->","yoast_head_json":{"title":"Modeca Gamze | Koonings","description":"Dieses Kleid ist Liebe auf den ersten Blick! Das Gamze Kleid hat eine elegante A-Linien-Silhouette aus weichem Chiffon. Der Illusionsausschnitt in Sweetheart-Form und die mit zarten Bl\u00fctenbl\u00e4ttern verzierten Fl\u00fcgel\u00e4rmel strahlen pure Romantik aus. Ein Spitzenband um die Taille sorgt f\u00fcr die perfekte Raffinesse und betont wundersch\u00f6n Ihre Figur. Der V-R\u00fccken verleiht dem Kleid einen modernen, femininen Touch, w\u00e4hrend die Spitze an der Schleppe ein vertr\u00e4umtes Detail ist, das alle Blicke auf sich zieht. F\u00fcr einen schlichteren Look gibt es auch das Gamze-A mit einer einfachen Schleppe. Entdecken Sie dieses Kleid und die gesamte Kollektion bei Koonings.","robots":{"index":"index","follow":"follow","max-snippet":"max-snippet:-1","max-image-preview":"max-image-preview:large","max-video-preview":"max-video-preview:-1"},"canonical":"https:\/\/www.koonings.com\/de\/product\/modeca-gamze\/","og_locale":"de_DE","og_type":"article","og_title":"Modeca Gamze | Koonings","og_description":"Dieses Kleid ist Liebe auf den ersten Blick! Das Gamze Kleid hat eine elegante A-Linien-Silhouette aus weichem Chiffon. Der Illusionsausschnitt in Sweetheart-Form und die mit zarten Bl\u00fctenbl\u00e4ttern verzierten Fl\u00fcgel\u00e4rmel strahlen pure Romantik aus. Ein Spitzenband um die Taille sorgt f\u00fcr die perfekte Raffinesse und betont wundersch\u00f6n Ihre Figur. Der V-R\u00fccken verleiht dem Kleid einen modernen, femininen Touch, w\u00e4hrend die Spitze an der Schleppe ein vertr\u00e4umtes Detail ist, das alle Blicke auf sich zieht. F\u00fcr einen schlichteren Look gibt es auch das Gamze-A mit einer einfachen Schleppe. Entdecken Sie dieses Kleid und die gesamte Kollektion bei Koonings.","og_url":"https:\/\/www.koonings.com\/de\/product\/modeca-gamze\/","og_site_name":"Koonings","article_publisher":"https:\/\/www.facebook.com\/kooningstheweddingpalace","og_image":[{"width":1693,"height":2394,"url":"https:\/\/www.koonings.com\/wp-content\/uploads\/2025\/09\/51126_4b0ec185ebbbc857b7e0972b9c82748a14e6a7b89ef513154d7c811e5404ae3bc6b9c6ba.jpeg","type":"image\/jpeg"}],"twitter_card":"summary_large_image","twitter_misc":{"Gesch\u00e4tzte Lesezeit":"1\u00a0Minute"},"schema":{"@context":"https:\/\/schema.org","@graph":[{"@type":"WebPage","@id":"https:\/\/www.koonings.com\/de\/product\/modeca-gamze\/","url":"https:\/\/www.koonings.com\/de\/product\/modeca-gamze\/","name":"Modeca Gamze | Koonings","isPartOf":{"@id":"https:\/\/www.koonings.com\/de\/#website"},"primaryImageOfPage":{"@id":"https:\/\/www.koonings.com\/de\/product\/modeca-gamze\/#primaryimage"},"image":{"@id":"https:\/\/www.koonings.com\/de\/product\/modeca-gamze\/#primaryimage"},"thumbnailUrl":"https:\/\/www.koonings.com\/wp-content\/uploads\/2025\/09\/51126_4b0ec185ebbbc857b7e0972b9c82748a14e6a7b89ef513154d7c811e5404ae3bc6b9c6ba.jpeg","datePublished":"2026-04-14T14:38:03+00:00","description":"Dieses Kleid ist Liebe auf den ersten Blick! Das Gamze Kleid hat eine elegante A-Linien-Silhouette aus weichem Chiffon. Der Illusionsausschnitt in Sweetheart-Form und die mit zarten Bl\u00fctenbl\u00e4ttern verzierten Fl\u00fcgel\u00e4rmel strahlen pure Romantik aus. Ein Spitzenband um die Taille sorgt f\u00fcr die perfekte Raffinesse und betont wundersch\u00f6n Ihre Figur. Der V-R\u00fccken verleiht dem Kleid einen modernen, femininen Touch, w\u00e4hrend die Spitze an der Schleppe ein vertr\u00e4umtes Detail ist, das alle Blicke auf sich zieht. F\u00fcr einen schlichteren Look gibt es auch das Gamze-A mit einer einfachen Schleppe. Entdecken Sie dieses Kleid und die gesamte Kollektion bei Koonings.","breadcrumb":{"@id":"https:\/\/www.koonings.com\/de\/product\/modeca-gamze\/#breadcrumb"},"inLanguage":"de","potentialAction":[{"@type":"ReadAction","target":["https:\/\/www.koonings.com\/de\/product\/modeca-gamze\/"]}]},{"@type":"ImageObject","inLanguage":"de","@id":"https:\/\/www.koonings.com\/de\/product\/modeca-gamze\/#primaryimage","url":"https:\/\/www.koonings.com\/wp-content\/uploads\/2025\/09\/51126_4b0ec185ebbbc857b7e0972b9c82748a14e6a7b89ef513154d7c811e5404ae3bc6b9c6ba.jpeg","contentUrl":"https:\/\/www.koonings.com\/wp-content\/uploads\/2025\/09\/51126_4b0ec185ebbbc857b7e0972b9c82748a14e6a7b89ef513154d7c811e5404ae3bc6b9c6ba.jpeg","width":1693,"height":2394},{"@type":"BreadcrumbList","@id":"https:\/\/www.koonings.com\/de\/product\/modeca-gamze\/#breadcrumb","itemListElement":[{"@type":"ListItem","position":1,"name":"Home","item":"https:\/\/www.koonings.com\/de\/"},{"@type":"ListItem","position":2,"name":"Modeca Gamze"}]},{"@type":"WebSite","@id":"https:\/\/www.koonings.com\/de\/#website","url":"https:\/\/www.koonings.com\/de\/","name":"Koonings","description":"De grootste bruidsmodewinkel ter wereld","publisher":{"@id":"https:\/\/www.koonings.com\/de\/#organization"},"potentialAction":[{"@type":"SearchAction","target":{"@type":"EntryPoint","urlTemplate":"https:\/\/www.koonings.com\/de\/?s={search_term_string}"},"query-input":{"@type":"PropertyValueSpecification","valueRequired":true,"valueName":"search_term_string"}}],"inLanguage":"de"},{"@type":"Organization","@id":"https:\/\/www.koonings.com\/de\/#organization","name":"Koonings","url":"https:\/\/www.koonings.com\/de\/","logo":{"@type":"ImageObject","inLanguage":"de","@id":"https:\/\/www.koonings.com\/de\/#\/schema\/logo\/image\/","url":"https:\/\/www.koonings.com\/wp-content\/uploads\/2024\/07\/logo.png","contentUrl":"https:\/\/www.koonings.com\/wp-content\/uploads\/2024\/07\/logo.png","width":600,"height":428,"caption":"Koonings"},"image":{"@id":"https:\/\/www.koonings.com\/de\/#\/schema\/logo\/image\/"},"sameAs":["https:\/\/www.facebook.com\/kooningstheweddingpalace","https:\/\/www.instagram.com\/kooningstheweddingpalace","https:\/\/www.pinterest.com\/koonings","https:\/\/www.youtube.com\/kooningstheweddingpalace"]}]}},"_links":{"self":[{"href":"https:\/\/www.koonings.com\/de\/wp-json\/wp\/v2\/product\/108441","targetHints":{"allow":["GET"]}}],"collection":[{"href":"https:\/\/www.koonings.com\/de\/wp-json\/wp\/v2\/product"}],"about":[{"href":"https:\/\/www.koonings.com\/de\/wp-json\/wp\/v2\/types\/product"}],"wp:featuredmedia":[{"embeddable":true,"href":"https:\/\/www.koonings.com\/de\/wp-json\/wp\/v2\/media\/95368"}],"wp:attachment":[{"href":"https:\/\/www.koonings.com\/de\/wp-json\/wp\/v2\/media?parent=108441"}],"wp:term":[{"taxonomy":"productdetails","embeddable":true,"href":"https:\/\/www.koonings.com\/de\/wp-json\/wp\/v2\/productdetails?post=108441"},{"taxonomy":"productneck","embeddable":true,"href":"https:\/\/www.koonings.com\/de\/wp-json\/wp\/v2\/productneck?post=108441"},{"taxonomy":"productcolor","embeddable":true,"href":"https:\/\/www.koonings.com\/de\/wp-json\/wp\/v2\/productcolor?post=108441"},{"taxonomy":"maat","embeddable":true,"href":"https:\/\/www.koonings.com\/de\/wp-json\/wp\/v2\/maat?post=108441"},{"taxonomy":"productsupplier","embeddable":true,"href":"https:\/\/www.koonings.com\/de\/wp-json\/wp\/v2\/productsupplier?post=108441"},{"taxonomy":"productsleeve","embeddable":true,"href":"https:\/\/www.koonings.com\/de\/wp-json\/wp\/v2\/productsleeve?post=108441"},{"taxonomy":"productcategory","embeddable":true,"href":"https:\/\/www.koonings.com\/de\/wp-json\/wp\/v2\/productcategory?post=108441"},{"taxonomy":"productsilhouette","embeddable":true,"href":"https:\/\/www.koonings.com\/de\/wp-json\/wp\/v2\/productsilhouette?post=108441"},{"taxonomy":"productstyle","embeddable":true,"href":"https:\/\/www.koonings.com\/de\/wp-json\/wp\/v2\/productstyle?post=108441"}],"curies":[{"name":"wp","href":"https:\/\/api.w.org\/{rel}","templated":true}]}}