{"id":108431,"date":"2026-04-14T16:38:07","date_gmt":"2026-04-14T14:38:07","guid":{"rendered":"https:\/\/www.koonings.com\/product\/modeca-geralyn\/"},"modified":"2026-04-14T15:39:38","modified_gmt":"2026-04-14T13:39:38","slug":"modeca-geralyn","status":"publish","type":"product","link":"https:\/\/www.koonings.com\/de\/product\/modeca-geralyn\/","title":{"rendered":"Modeca Geralyn"},"content":{"rendered":"<p>Geralyn ist ein Kleid, das m\u00fchelose Romantik verk\u00f6rpert, mit allen Details, die sich eine Braut w\u00fcnschen kann. Dieses tr\u00e4gerlose Kleid in A-Linie hat einen herzf\u00f6rmigen Ausschnitt, der das drapierte Mieder wundersch\u00f6n erg\u00e4nzt und eine schmeichelhafte Passform bietet. Spitzenapplikationen zieren das Mieder und gehen elegant in den glitzernden T\u00fcllrock \u00fcber, der Ihrem Brautkleid einen \u00e4therischen Glanz verleiht. Entdecken Sie Geralyn und die gesamte Kollektion bei Koonings.   <\/p>\n","protected":false},"featured_media":95543,"template":"","meta":{"_acf_changed":false,"ghostkit_customizer_options":"","ghostkit_custom_css":"","ghostkit_custom_js_head":"","ghostkit_custom_js_foot":"","ghostkit_typography":""},"productdetails":[376,381],"productneck":[354,355],"productcolor":[393,392],"maat":[],"productsupplier":[434],"productsleeve":[],"productcategory":[18],"productsilhouette":[384],"productstyle":[366],"class_list":["post-108431","product","type-product","status-publish","has-post-thumbnail","hentry","productdetails-376","productdetails-381","productneck-354","productneck-355","productcolor-393","productcolor-392","productsupplier-modeca","productcategory-trouwjurken","productsilhouette-384","productstyle-366"],"acf":[],"yoast_head":"<!-- This site is optimized with the Yoast SEO plugin v27.3 - https:\/\/yoast.com\/product\/yoast-seo-wordpress\/ -->\n<title>Modeca Geralyn | Koonings<\/title>\n<meta name=\"description\" content=\"Geralyn ist ein Kleid, das m\u00fchelose Romantik verk\u00f6rpert, mit allen Details, die sich eine Braut w\u00fcnschen kann. Dieses tr\u00e4gerlose Kleid in A-Linie hat einen herzf\u00f6rmigen Ausschnitt, der das drapierte Mieder wundersch\u00f6n erg\u00e4nzt und eine schmeichelhafte Passform bietet. Spitzenapplikationen zieren das Mieder und gehen elegant in den glitzernden T\u00fcllrock \u00fcber, der Ihrem Brautkleid einen \u00e4therischen Glanz verleiht. Entdecken Sie Geralyn und die gesamte Kollektion bei Koonings.\" \/>\n<meta name=\"robots\" content=\"index, follow, max-snippet:-1, max-image-preview:large, max-video-preview:-1\" \/>\n<link rel=\"canonical\" href=\"https:\/\/www.koonings.com\/de\/product\/modeca-geralyn\/\" \/>\n<meta property=\"og:locale\" content=\"de_DE\" \/>\n<meta property=\"og:type\" content=\"article\" \/>\n<meta property=\"og:title\" content=\"Modeca Geralyn | Koonings\" \/>\n<meta property=\"og:description\" content=\"Geralyn ist ein Kleid, das m\u00fchelose Romantik verk\u00f6rpert, mit allen Details, die sich eine Braut w\u00fcnschen kann. Dieses tr\u00e4gerlose Kleid in A-Linie hat einen herzf\u00f6rmigen Ausschnitt, der das drapierte Mieder wundersch\u00f6n erg\u00e4nzt und eine schmeichelhafte Passform bietet. Spitzenapplikationen zieren das Mieder und gehen elegant in den glitzernden T\u00fcllrock \u00fcber, der Ihrem Brautkleid einen \u00e4therischen Glanz verleiht. Entdecken Sie Geralyn und die gesamte Kollektion bei Koonings.\" \/>\n<meta property=\"og:url\" content=\"https:\/\/www.koonings.com\/de\/product\/modeca-geralyn\/\" \/>\n<meta property=\"og:site_name\" content=\"Koonings\" \/>\n<meta property=\"article:publisher\" content=\"https:\/\/www.facebook.com\/kooningstheweddingpalace\" \/>\n<meta property=\"og:image\" content=\"https:\/\/www.koonings.com\/wp-content\/uploads\/2025\/09\/51133_5fb4c893d1c240b205a8a417b11a85e8de4846d013e04c64b4c206c5bb4041081982a8f2.jpeg\" \/>\n\t<meta property=\"og:image:width\" content=\"1648\" \/>\n\t<meta property=\"og:image:height\" content=\"2328\" \/>\n\t<meta property=\"og:image:type\" content=\"image\/jpeg\" \/>\n<meta name=\"twitter:card\" content=\"summary_large_image\" \/>\n<script type=\"application\/ld+json\" class=\"yoast-schema-graph\">{\"@context\":\"https:\\\/\\\/schema.org\",\"@graph\":[{\"@type\":\"WebPage\",\"@id\":\"https:\\\/\\\/www.koonings.com\\\/de\\\/product\\\/modeca-geralyn\\\/\",\"url\":\"https:\\\/\\\/www.koonings.com\\\/de\\\/product\\\/modeca-geralyn\\\/\",\"name\":\"Modeca Geralyn | Koonings\",\"isPartOf\":{\"@id\":\"https:\\\/\\\/www.koonings.com\\\/de\\\/#website\"},\"primaryImageOfPage\":{\"@id\":\"https:\\\/\\\/www.koonings.com\\\/de\\\/product\\\/modeca-geralyn\\\/#primaryimage\"},\"image\":{\"@id\":\"https:\\\/\\\/www.koonings.com\\\/de\\\/product\\\/modeca-geralyn\\\/#primaryimage\"},\"thumbnailUrl\":\"https:\\\/\\\/www.koonings.com\\\/wp-content\\\/uploads\\\/2025\\\/09\\\/51133_5fb4c893d1c240b205a8a417b11a85e8de4846d013e04c64b4c206c5bb4041081982a8f2.jpeg\",\"datePublished\":\"2026-04-14T14:38:07+00:00\",\"description\":\"Geralyn ist ein Kleid, das m\u00fchelose Romantik verk\u00f6rpert, mit allen Details, die sich eine Braut w\u00fcnschen kann. Dieses tr\u00e4gerlose Kleid in A-Linie hat einen herzf\u00f6rmigen Ausschnitt, der das drapierte Mieder wundersch\u00f6n erg\u00e4nzt und eine schmeichelhafte Passform bietet. Spitzenapplikationen zieren das Mieder und gehen elegant in den glitzernden T\u00fcllrock \u00fcber, der Ihrem Brautkleid einen \u00e4therischen Glanz verleiht. Entdecken Sie Geralyn und die gesamte Kollektion bei Koonings.\",\"breadcrumb\":{\"@id\":\"https:\\\/\\\/www.koonings.com\\\/de\\\/product\\\/modeca-geralyn\\\/#breadcrumb\"},\"inLanguage\":\"de\",\"potentialAction\":[{\"@type\":\"ReadAction\",\"target\":[\"https:\\\/\\\/www.koonings.com\\\/de\\\/product\\\/modeca-geralyn\\\/\"]}]},{\"@type\":\"ImageObject\",\"inLanguage\":\"de\",\"@id\":\"https:\\\/\\\/www.koonings.com\\\/de\\\/product\\\/modeca-geralyn\\\/#primaryimage\",\"url\":\"https:\\\/\\\/www.koonings.com\\\/wp-content\\\/uploads\\\/2025\\\/09\\\/51133_5fb4c893d1c240b205a8a417b11a85e8de4846d013e04c64b4c206c5bb4041081982a8f2.jpeg\",\"contentUrl\":\"https:\\\/\\\/www.koonings.com\\\/wp-content\\\/uploads\\\/2025\\\/09\\\/51133_5fb4c893d1c240b205a8a417b11a85e8de4846d013e04c64b4c206c5bb4041081982a8f2.jpeg\",\"width\":1648,\"height\":2328},{\"@type\":\"BreadcrumbList\",\"@id\":\"https:\\\/\\\/www.koonings.com\\\/de\\\/product\\\/modeca-geralyn\\\/#breadcrumb\",\"itemListElement\":[{\"@type\":\"ListItem\",\"position\":1,\"name\":\"Home\",\"item\":\"https:\\\/\\\/www.koonings.com\\\/de\\\/\"},{\"@type\":\"ListItem\",\"position\":2,\"name\":\"Modeca Geralyn\"}]},{\"@type\":\"WebSite\",\"@id\":\"https:\\\/\\\/www.koonings.com\\\/de\\\/#website\",\"url\":\"https:\\\/\\\/www.koonings.com\\\/de\\\/\",\"name\":\"Koonings\",\"description\":\"De grootste bruidsmodewinkel ter wereld\",\"publisher\":{\"@id\":\"https:\\\/\\\/www.koonings.com\\\/de\\\/#organization\"},\"potentialAction\":[{\"@type\":\"SearchAction\",\"target\":{\"@type\":\"EntryPoint\",\"urlTemplate\":\"https:\\\/\\\/www.koonings.com\\\/de\\\/?s={search_term_string}\"},\"query-input\":{\"@type\":\"PropertyValueSpecification\",\"valueRequired\":true,\"valueName\":\"search_term_string\"}}],\"inLanguage\":\"de\"},{\"@type\":\"Organization\",\"@id\":\"https:\\\/\\\/www.koonings.com\\\/de\\\/#organization\",\"name\":\"Koonings\",\"url\":\"https:\\\/\\\/www.koonings.com\\\/de\\\/\",\"logo\":{\"@type\":\"ImageObject\",\"inLanguage\":\"de\",\"@id\":\"https:\\\/\\\/www.koonings.com\\\/de\\\/#\\\/schema\\\/logo\\\/image\\\/\",\"url\":\"https:\\\/\\\/www.koonings.com\\\/wp-content\\\/uploads\\\/2024\\\/07\\\/logo.png\",\"contentUrl\":\"https:\\\/\\\/www.koonings.com\\\/wp-content\\\/uploads\\\/2024\\\/07\\\/logo.png\",\"width\":600,\"height\":428,\"caption\":\"Koonings\"},\"image\":{\"@id\":\"https:\\\/\\\/www.koonings.com\\\/de\\\/#\\\/schema\\\/logo\\\/image\\\/\"},\"sameAs\":[\"https:\\\/\\\/www.facebook.com\\\/kooningstheweddingpalace\",\"https:\\\/\\\/www.instagram.com\\\/kooningstheweddingpalace\",\"https:\\\/\\\/www.pinterest.com\\\/koonings\",\"https:\\\/\\\/www.youtube.com\\\/kooningstheweddingpalace\"]}]}<\/script>\n<!-- \/ Yoast SEO plugin. -->","yoast_head_json":{"title":"Modeca Geralyn | Koonings","description":"Geralyn ist ein Kleid, das m\u00fchelose Romantik verk\u00f6rpert, mit allen Details, die sich eine Braut w\u00fcnschen kann. Dieses tr\u00e4gerlose Kleid in A-Linie hat einen herzf\u00f6rmigen Ausschnitt, der das drapierte Mieder wundersch\u00f6n erg\u00e4nzt und eine schmeichelhafte Passform bietet. Spitzenapplikationen zieren das Mieder und gehen elegant in den glitzernden T\u00fcllrock \u00fcber, der Ihrem Brautkleid einen \u00e4therischen Glanz verleiht. Entdecken Sie Geralyn und die gesamte Kollektion bei Koonings.","robots":{"index":"index","follow":"follow","max-snippet":"max-snippet:-1","max-image-preview":"max-image-preview:large","max-video-preview":"max-video-preview:-1"},"canonical":"https:\/\/www.koonings.com\/de\/product\/modeca-geralyn\/","og_locale":"de_DE","og_type":"article","og_title":"Modeca Geralyn | Koonings","og_description":"Geralyn ist ein Kleid, das m\u00fchelose Romantik verk\u00f6rpert, mit allen Details, die sich eine Braut w\u00fcnschen kann. Dieses tr\u00e4gerlose Kleid in A-Linie hat einen herzf\u00f6rmigen Ausschnitt, der das drapierte Mieder wundersch\u00f6n erg\u00e4nzt und eine schmeichelhafte Passform bietet. Spitzenapplikationen zieren das Mieder und gehen elegant in den glitzernden T\u00fcllrock \u00fcber, der Ihrem Brautkleid einen \u00e4therischen Glanz verleiht. Entdecken Sie Geralyn und die gesamte Kollektion bei Koonings.","og_url":"https:\/\/www.koonings.com\/de\/product\/modeca-geralyn\/","og_site_name":"Koonings","article_publisher":"https:\/\/www.facebook.com\/kooningstheweddingpalace","og_image":[{"width":1648,"height":2328,"url":"https:\/\/www.koonings.com\/wp-content\/uploads\/2025\/09\/51133_5fb4c893d1c240b205a8a417b11a85e8de4846d013e04c64b4c206c5bb4041081982a8f2.jpeg","type":"image\/jpeg"}],"twitter_card":"summary_large_image","schema":{"@context":"https:\/\/schema.org","@graph":[{"@type":"WebPage","@id":"https:\/\/www.koonings.com\/de\/product\/modeca-geralyn\/","url":"https:\/\/www.koonings.com\/de\/product\/modeca-geralyn\/","name":"Modeca Geralyn | Koonings","isPartOf":{"@id":"https:\/\/www.koonings.com\/de\/#website"},"primaryImageOfPage":{"@id":"https:\/\/www.koonings.com\/de\/product\/modeca-geralyn\/#primaryimage"},"image":{"@id":"https:\/\/www.koonings.com\/de\/product\/modeca-geralyn\/#primaryimage"},"thumbnailUrl":"https:\/\/www.koonings.com\/wp-content\/uploads\/2025\/09\/51133_5fb4c893d1c240b205a8a417b11a85e8de4846d013e04c64b4c206c5bb4041081982a8f2.jpeg","datePublished":"2026-04-14T14:38:07+00:00","description":"Geralyn ist ein Kleid, das m\u00fchelose Romantik verk\u00f6rpert, mit allen Details, die sich eine Braut w\u00fcnschen kann. Dieses tr\u00e4gerlose Kleid in A-Linie hat einen herzf\u00f6rmigen Ausschnitt, der das drapierte Mieder wundersch\u00f6n erg\u00e4nzt und eine schmeichelhafte Passform bietet. Spitzenapplikationen zieren das Mieder und gehen elegant in den glitzernden T\u00fcllrock \u00fcber, der Ihrem Brautkleid einen \u00e4therischen Glanz verleiht. Entdecken Sie Geralyn und die gesamte Kollektion bei Koonings.","breadcrumb":{"@id":"https:\/\/www.koonings.com\/de\/product\/modeca-geralyn\/#breadcrumb"},"inLanguage":"de","potentialAction":[{"@type":"ReadAction","target":["https:\/\/www.koonings.com\/de\/product\/modeca-geralyn\/"]}]},{"@type":"ImageObject","inLanguage":"de","@id":"https:\/\/www.koonings.com\/de\/product\/modeca-geralyn\/#primaryimage","url":"https:\/\/www.koonings.com\/wp-content\/uploads\/2025\/09\/51133_5fb4c893d1c240b205a8a417b11a85e8de4846d013e04c64b4c206c5bb4041081982a8f2.jpeg","contentUrl":"https:\/\/www.koonings.com\/wp-content\/uploads\/2025\/09\/51133_5fb4c893d1c240b205a8a417b11a85e8de4846d013e04c64b4c206c5bb4041081982a8f2.jpeg","width":1648,"height":2328},{"@type":"BreadcrumbList","@id":"https:\/\/www.koonings.com\/de\/product\/modeca-geralyn\/#breadcrumb","itemListElement":[{"@type":"ListItem","position":1,"name":"Home","item":"https:\/\/www.koonings.com\/de\/"},{"@type":"ListItem","position":2,"name":"Modeca Geralyn"}]},{"@type":"WebSite","@id":"https:\/\/www.koonings.com\/de\/#website","url":"https:\/\/www.koonings.com\/de\/","name":"Koonings","description":"De grootste bruidsmodewinkel ter wereld","publisher":{"@id":"https:\/\/www.koonings.com\/de\/#organization"},"potentialAction":[{"@type":"SearchAction","target":{"@type":"EntryPoint","urlTemplate":"https:\/\/www.koonings.com\/de\/?s={search_term_string}"},"query-input":{"@type":"PropertyValueSpecification","valueRequired":true,"valueName":"search_term_string"}}],"inLanguage":"de"},{"@type":"Organization","@id":"https:\/\/www.koonings.com\/de\/#organization","name":"Koonings","url":"https:\/\/www.koonings.com\/de\/","logo":{"@type":"ImageObject","inLanguage":"de","@id":"https:\/\/www.koonings.com\/de\/#\/schema\/logo\/image\/","url":"https:\/\/www.koonings.com\/wp-content\/uploads\/2024\/07\/logo.png","contentUrl":"https:\/\/www.koonings.com\/wp-content\/uploads\/2024\/07\/logo.png","width":600,"height":428,"caption":"Koonings"},"image":{"@id":"https:\/\/www.koonings.com\/de\/#\/schema\/logo\/image\/"},"sameAs":["https:\/\/www.facebook.com\/kooningstheweddingpalace","https:\/\/www.instagram.com\/kooningstheweddingpalace","https:\/\/www.pinterest.com\/koonings","https:\/\/www.youtube.com\/kooningstheweddingpalace"]}]}},"_links":{"self":[{"href":"https:\/\/www.koonings.com\/de\/wp-json\/wp\/v2\/product\/108431","targetHints":{"allow":["GET"]}}],"collection":[{"href":"https:\/\/www.koonings.com\/de\/wp-json\/wp\/v2\/product"}],"about":[{"href":"https:\/\/www.koonings.com\/de\/wp-json\/wp\/v2\/types\/product"}],"wp:featuredmedia":[{"embeddable":true,"href":"https:\/\/www.koonings.com\/de\/wp-json\/wp\/v2\/media\/95543"}],"wp:attachment":[{"href":"https:\/\/www.koonings.com\/de\/wp-json\/wp\/v2\/media?parent=108431"}],"wp:term":[{"taxonomy":"productdetails","embeddable":true,"href":"https:\/\/www.koonings.com\/de\/wp-json\/wp\/v2\/productdetails?post=108431"},{"taxonomy":"productneck","embeddable":true,"href":"https:\/\/www.koonings.com\/de\/wp-json\/wp\/v2\/productneck?post=108431"},{"taxonomy":"productcolor","embeddable":true,"href":"https:\/\/www.koonings.com\/de\/wp-json\/wp\/v2\/productcolor?post=108431"},{"taxonomy":"maat","embeddable":true,"href":"https:\/\/www.koonings.com\/de\/wp-json\/wp\/v2\/maat?post=108431"},{"taxonomy":"productsupplier","embeddable":true,"href":"https:\/\/www.koonings.com\/de\/wp-json\/wp\/v2\/productsupplier?post=108431"},{"taxonomy":"productsleeve","embeddable":true,"href":"https:\/\/www.koonings.com\/de\/wp-json\/wp\/v2\/productsleeve?post=108431"},{"taxonomy":"productcategory","embeddable":true,"href":"https:\/\/www.koonings.com\/de\/wp-json\/wp\/v2\/productcategory?post=108431"},{"taxonomy":"productsilhouette","embeddable":true,"href":"https:\/\/www.koonings.com\/de\/wp-json\/wp\/v2\/productsilhouette?post=108431"},{"taxonomy":"productstyle","embeddable":true,"href":"https:\/\/www.koonings.com\/de\/wp-json\/wp\/v2\/productstyle?post=108431"}],"curies":[{"name":"wp","href":"https:\/\/api.w.org\/{rel}","templated":true}]}}