{"id":108426,"date":"2026-04-14T16:38:04","date_gmt":"2026-04-14T14:38:04","guid":{"rendered":"https:\/\/www.koonings.com\/product\/modeca-gaura-d\/"},"modified":"2026-04-14T15:36:56","modified_gmt":"2026-04-14T13:36:56","slug":"modeca-gaura-d","status":"publish","type":"product","link":"https:\/\/www.koonings.com\/de\/product\/modeca-gaura-d\/","title":{"rendered":"Modeca Gaura-D"},"content":{"rendered":"<p>F\u00fchlen Sie sich an Ihrem gro\u00dfen Tag in dem atemberaubenden Gaura Kleid, einer perfekten Mischung aus Raffinesse und Romantik, von Ihrer besten Seite. Das aus luxuri\u00f6sem Cr\u00eape gefertigte Kleid in Passform und Faltenwurf hat ein wundersch\u00f6n drapiertes Mieder, das Ihre Figur elegant betont. Das abnehmbare Cape aus T\u00fcll, das mit zarten Bl\u00fctenbl\u00e4ttern verziert ist, verleiht dem Kleid einen dramatischen und doch femininen Touch und sorgt f\u00fcr einen unvergesslichen Look, wenn Sie zum Altar schreiten. F\u00fcr einen schlankeren Look gibt es das Gaura-D ohne das Cape, w\u00e4hrend das Cape auch separat als Gaura-FL erh\u00e4ltlich ist, ideal f\u00fcr die Braut, die ihrem Hochzeitstag etwas mehr Magie verleihen m\u00f6chte.<br \/>\nEntdecken Sie dieses und viele andere Kleider aus der Kollektion bei Koonings.   <\/p>\n","protected":false},"featured_media":95385,"template":"","meta":{"_acf_changed":false,"ghostkit_customizer_options":"","ghostkit_custom_css":"","ghostkit_custom_js_head":"","ghostkit_custom_js_foot":"","ghostkit_typography":""},"productdetails":[379,381],"productneck":[352],"productcolor":[392],"maat":[],"productsupplier":[434],"productsleeve":[359],"productcategory":[18],"productsilhouette":[389],"productstyle":[365],"class_list":["post-108426","product","type-product","status-publish","has-post-thumbnail","hentry","productdetails-379","productdetails-381","productneck-352","productcolor-392","productsupplier-modeca","productsleeve-359","productcategory-trouwjurken","productsilhouette-389","productstyle-365"],"acf":[],"yoast_head":"<!-- This site is optimized with the Yoast SEO plugin v27.3 - https:\/\/yoast.com\/product\/yoast-seo-wordpress\/ -->\n<title>Modeca Gaura-D | Koonings<\/title>\n<meta name=\"description\" content=\"F\u00fchlen Sie sich an Ihrem gro\u00dfen Tag in dem atemberaubenden Gaura Kleid, einer perfekten Mischung aus Raffinesse und Romantik, von Ihrer besten Seite. Das aus luxuri\u00f6sem Cr\u00eape gefertigte Kleid mit Passform und Faltenwurf hat ein wundersch\u00f6n drapiertes Mieder, das Ihre Figur elegant betont. Das abnehmbare Cape aus T\u00fcll, das mit zarten Bl\u00fctenbl\u00e4ttern verziert ist, verleiht dem Kleid einen dramatischen und doch femininen Touch und sorgt f\u00fcr einen unvergesslichen Look, wenn Sie zum Altar schreiten. F\u00fcr einen schlankeren Look gibt es das Gaura-D ohne das Cape, w\u00e4hrend das Cape auch separat als Gaura-FL erh\u00e4ltlich ist, ideal f\u00fcr die Braut, die ihrem Hochzeitstag etwas mehr Magie verleihen m\u00f6chte. Entdecken Sie dieses und viele andere Kleider aus der Kollektion bei Koonings.\" \/>\n<meta name=\"robots\" content=\"index, follow, max-snippet:-1, max-image-preview:large, max-video-preview:-1\" \/>\n<link rel=\"canonical\" href=\"https:\/\/www.koonings.com\/de\/product\/modeca-gaura-d\/\" \/>\n<meta property=\"og:locale\" content=\"de_DE\" \/>\n<meta property=\"og:type\" content=\"article\" \/>\n<meta property=\"og:title\" content=\"Modeca Gaura-D | Koonings\" \/>\n<meta property=\"og:description\" content=\"F\u00fchlen Sie sich an Ihrem gro\u00dfen Tag in dem atemberaubenden Gaura Kleid, einer perfekten Mischung aus Raffinesse und Romantik, von Ihrer besten Seite. Das aus luxuri\u00f6sem Cr\u00eape gefertigte Kleid mit Passform und Faltenwurf hat ein wundersch\u00f6n drapiertes Mieder, das Ihre Figur elegant betont. Das abnehmbare Cape aus T\u00fcll, das mit zarten Bl\u00fctenbl\u00e4ttern verziert ist, verleiht dem Kleid einen dramatischen und doch femininen Touch und sorgt f\u00fcr einen unvergesslichen Look, wenn Sie zum Altar schreiten. F\u00fcr einen schlankeren Look gibt es das Gaura-D ohne das Cape, w\u00e4hrend das Cape auch separat als Gaura-FL erh\u00e4ltlich ist, ideal f\u00fcr die Braut, die ihrem Hochzeitstag etwas mehr Magie verleihen m\u00f6chte. Entdecken Sie dieses und viele andere Kleider aus der Kollektion bei Koonings.\" \/>\n<meta property=\"og:url\" content=\"https:\/\/www.koonings.com\/de\/product\/modeca-gaura-d\/\" \/>\n<meta property=\"og:site_name\" content=\"Koonings\" \/>\n<meta property=\"article:publisher\" content=\"https:\/\/www.facebook.com\/kooningstheweddingpalace\" \/>\n<meta property=\"og:image\" content=\"https:\/\/www.koonings.com\/wp-content\/uploads\/2025\/09\/51127_474658ba8f1c0684a888ee11a2eee36bb88a765a1851ad22e102cd2e7c730471fe33d64e-scaled.jpeg\" \/>\n\t<meta property=\"og:image:width\" content=\"1808\" \/>\n\t<meta property=\"og:image:height\" content=\"2560\" \/>\n\t<meta property=\"og:image:type\" content=\"image\/jpeg\" \/>\n<meta name=\"twitter:card\" content=\"summary_large_image\" \/>\n<meta name=\"twitter:label1\" content=\"Gesch\u00e4tzte Lesezeit\" \/>\n\t<meta name=\"twitter:data1\" content=\"1\u00a0Minute\" \/>\n<script type=\"application\/ld+json\" class=\"yoast-schema-graph\">{\"@context\":\"https:\\\/\\\/schema.org\",\"@graph\":[{\"@type\":\"WebPage\",\"@id\":\"https:\\\/\\\/www.koonings.com\\\/de\\\/product\\\/modeca-gaura-d\\\/\",\"url\":\"https:\\\/\\\/www.koonings.com\\\/de\\\/product\\\/modeca-gaura-d\\\/\",\"name\":\"Modeca Gaura-D | Koonings\",\"isPartOf\":{\"@id\":\"https:\\\/\\\/www.koonings.com\\\/de\\\/#website\"},\"primaryImageOfPage\":{\"@id\":\"https:\\\/\\\/www.koonings.com\\\/de\\\/product\\\/modeca-gaura-d\\\/#primaryimage\"},\"image\":{\"@id\":\"https:\\\/\\\/www.koonings.com\\\/de\\\/product\\\/modeca-gaura-d\\\/#primaryimage\"},\"thumbnailUrl\":\"https:\\\/\\\/www.koonings.com\\\/wp-content\\\/uploads\\\/2025\\\/09\\\/51127_474658ba8f1c0684a888ee11a2eee36bb88a765a1851ad22e102cd2e7c730471fe33d64e-scaled.jpeg\",\"datePublished\":\"2026-04-14T14:38:04+00:00\",\"description\":\"F\u00fchlen Sie sich an Ihrem gro\u00dfen Tag in dem atemberaubenden Gaura Kleid, einer perfekten Mischung aus Raffinesse und Romantik, von Ihrer besten Seite. Das aus luxuri\u00f6sem Cr\u00eape gefertigte Kleid mit Passform und Faltenwurf hat ein wundersch\u00f6n drapiertes Mieder, das Ihre Figur elegant betont. Das abnehmbare Cape aus T\u00fcll, das mit zarten Bl\u00fctenbl\u00e4ttern verziert ist, verleiht dem Kleid einen dramatischen und doch femininen Touch und sorgt f\u00fcr einen unvergesslichen Look, wenn Sie zum Altar schreiten. F\u00fcr einen schlankeren Look gibt es das Gaura-D ohne das Cape, w\u00e4hrend das Cape auch separat als Gaura-FL erh\u00e4ltlich ist, ideal f\u00fcr die Braut, die ihrem Hochzeitstag etwas mehr Magie verleihen m\u00f6chte. Entdecken Sie dieses und viele andere Kleider aus der Kollektion bei Koonings.\",\"breadcrumb\":{\"@id\":\"https:\\\/\\\/www.koonings.com\\\/de\\\/product\\\/modeca-gaura-d\\\/#breadcrumb\"},\"inLanguage\":\"de\",\"potentialAction\":[{\"@type\":\"ReadAction\",\"target\":[\"https:\\\/\\\/www.koonings.com\\\/de\\\/product\\\/modeca-gaura-d\\\/\"]}]},{\"@type\":\"ImageObject\",\"inLanguage\":\"de\",\"@id\":\"https:\\\/\\\/www.koonings.com\\\/de\\\/product\\\/modeca-gaura-d\\\/#primaryimage\",\"url\":\"https:\\\/\\\/www.koonings.com\\\/wp-content\\\/uploads\\\/2025\\\/09\\\/51127_474658ba8f1c0684a888ee11a2eee36bb88a765a1851ad22e102cd2e7c730471fe33d64e-scaled.jpeg\",\"contentUrl\":\"https:\\\/\\\/www.koonings.com\\\/wp-content\\\/uploads\\\/2025\\\/09\\\/51127_474658ba8f1c0684a888ee11a2eee36bb88a765a1851ad22e102cd2e7c730471fe33d64e-scaled.jpeg\",\"width\":1808,\"height\":2560},{\"@type\":\"BreadcrumbList\",\"@id\":\"https:\\\/\\\/www.koonings.com\\\/de\\\/product\\\/modeca-gaura-d\\\/#breadcrumb\",\"itemListElement\":[{\"@type\":\"ListItem\",\"position\":1,\"name\":\"Home\",\"item\":\"https:\\\/\\\/www.koonings.com\\\/de\\\/\"},{\"@type\":\"ListItem\",\"position\":2,\"name\":\"Modeca Gaura-D\"}]},{\"@type\":\"WebSite\",\"@id\":\"https:\\\/\\\/www.koonings.com\\\/de\\\/#website\",\"url\":\"https:\\\/\\\/www.koonings.com\\\/de\\\/\",\"name\":\"Koonings\",\"description\":\"De grootste bruidsmodewinkel ter wereld\",\"publisher\":{\"@id\":\"https:\\\/\\\/www.koonings.com\\\/de\\\/#organization\"},\"potentialAction\":[{\"@type\":\"SearchAction\",\"target\":{\"@type\":\"EntryPoint\",\"urlTemplate\":\"https:\\\/\\\/www.koonings.com\\\/de\\\/?s={search_term_string}\"},\"query-input\":{\"@type\":\"PropertyValueSpecification\",\"valueRequired\":true,\"valueName\":\"search_term_string\"}}],\"inLanguage\":\"de\"},{\"@type\":\"Organization\",\"@id\":\"https:\\\/\\\/www.koonings.com\\\/de\\\/#organization\",\"name\":\"Koonings\",\"url\":\"https:\\\/\\\/www.koonings.com\\\/de\\\/\",\"logo\":{\"@type\":\"ImageObject\",\"inLanguage\":\"de\",\"@id\":\"https:\\\/\\\/www.koonings.com\\\/de\\\/#\\\/schema\\\/logo\\\/image\\\/\",\"url\":\"https:\\\/\\\/www.koonings.com\\\/wp-content\\\/uploads\\\/2024\\\/07\\\/logo.png\",\"contentUrl\":\"https:\\\/\\\/www.koonings.com\\\/wp-content\\\/uploads\\\/2024\\\/07\\\/logo.png\",\"width\":600,\"height\":428,\"caption\":\"Koonings\"},\"image\":{\"@id\":\"https:\\\/\\\/www.koonings.com\\\/de\\\/#\\\/schema\\\/logo\\\/image\\\/\"},\"sameAs\":[\"https:\\\/\\\/www.facebook.com\\\/kooningstheweddingpalace\",\"https:\\\/\\\/www.instagram.com\\\/kooningstheweddingpalace\",\"https:\\\/\\\/www.pinterest.com\\\/koonings\",\"https:\\\/\\\/www.youtube.com\\\/kooningstheweddingpalace\"]}]}<\/script>\n<!-- \/ Yoast SEO plugin. -->","yoast_head_json":{"title":"Modeca Gaura-D | Koonings","description":"F\u00fchlen Sie sich an Ihrem gro\u00dfen Tag in dem atemberaubenden Gaura Kleid, einer perfekten Mischung aus Raffinesse und Romantik, von Ihrer besten Seite. Das aus luxuri\u00f6sem Cr\u00eape gefertigte Kleid mit Passform und Faltenwurf hat ein wundersch\u00f6n drapiertes Mieder, das Ihre Figur elegant betont. Das abnehmbare Cape aus T\u00fcll, das mit zarten Bl\u00fctenbl\u00e4ttern verziert ist, verleiht dem Kleid einen dramatischen und doch femininen Touch und sorgt f\u00fcr einen unvergesslichen Look, wenn Sie zum Altar schreiten. F\u00fcr einen schlankeren Look gibt es das Gaura-D ohne das Cape, w\u00e4hrend das Cape auch separat als Gaura-FL erh\u00e4ltlich ist, ideal f\u00fcr die Braut, die ihrem Hochzeitstag etwas mehr Magie verleihen m\u00f6chte. Entdecken Sie dieses und viele andere Kleider aus der Kollektion bei Koonings.","robots":{"index":"index","follow":"follow","max-snippet":"max-snippet:-1","max-image-preview":"max-image-preview:large","max-video-preview":"max-video-preview:-1"},"canonical":"https:\/\/www.koonings.com\/de\/product\/modeca-gaura-d\/","og_locale":"de_DE","og_type":"article","og_title":"Modeca Gaura-D | Koonings","og_description":"F\u00fchlen Sie sich an Ihrem gro\u00dfen Tag in dem atemberaubenden Gaura Kleid, einer perfekten Mischung aus Raffinesse und Romantik, von Ihrer besten Seite. Das aus luxuri\u00f6sem Cr\u00eape gefertigte Kleid mit Passform und Faltenwurf hat ein wundersch\u00f6n drapiertes Mieder, das Ihre Figur elegant betont. Das abnehmbare Cape aus T\u00fcll, das mit zarten Bl\u00fctenbl\u00e4ttern verziert ist, verleiht dem Kleid einen dramatischen und doch femininen Touch und sorgt f\u00fcr einen unvergesslichen Look, wenn Sie zum Altar schreiten. F\u00fcr einen schlankeren Look gibt es das Gaura-D ohne das Cape, w\u00e4hrend das Cape auch separat als Gaura-FL erh\u00e4ltlich ist, ideal f\u00fcr die Braut, die ihrem Hochzeitstag etwas mehr Magie verleihen m\u00f6chte. Entdecken Sie dieses und viele andere Kleider aus der Kollektion bei Koonings.","og_url":"https:\/\/www.koonings.com\/de\/product\/modeca-gaura-d\/","og_site_name":"Koonings","article_publisher":"https:\/\/www.facebook.com\/kooningstheweddingpalace","og_image":[{"width":1808,"height":2560,"url":"https:\/\/www.koonings.com\/wp-content\/uploads\/2025\/09\/51127_474658ba8f1c0684a888ee11a2eee36bb88a765a1851ad22e102cd2e7c730471fe33d64e-scaled.jpeg","type":"image\/jpeg"}],"twitter_card":"summary_large_image","twitter_misc":{"Gesch\u00e4tzte Lesezeit":"1\u00a0Minute"},"schema":{"@context":"https:\/\/schema.org","@graph":[{"@type":"WebPage","@id":"https:\/\/www.koonings.com\/de\/product\/modeca-gaura-d\/","url":"https:\/\/www.koonings.com\/de\/product\/modeca-gaura-d\/","name":"Modeca Gaura-D | Koonings","isPartOf":{"@id":"https:\/\/www.koonings.com\/de\/#website"},"primaryImageOfPage":{"@id":"https:\/\/www.koonings.com\/de\/product\/modeca-gaura-d\/#primaryimage"},"image":{"@id":"https:\/\/www.koonings.com\/de\/product\/modeca-gaura-d\/#primaryimage"},"thumbnailUrl":"https:\/\/www.koonings.com\/wp-content\/uploads\/2025\/09\/51127_474658ba8f1c0684a888ee11a2eee36bb88a765a1851ad22e102cd2e7c730471fe33d64e-scaled.jpeg","datePublished":"2026-04-14T14:38:04+00:00","description":"F\u00fchlen Sie sich an Ihrem gro\u00dfen Tag in dem atemberaubenden Gaura Kleid, einer perfekten Mischung aus Raffinesse und Romantik, von Ihrer besten Seite. Das aus luxuri\u00f6sem Cr\u00eape gefertigte Kleid mit Passform und Faltenwurf hat ein wundersch\u00f6n drapiertes Mieder, das Ihre Figur elegant betont. Das abnehmbare Cape aus T\u00fcll, das mit zarten Bl\u00fctenbl\u00e4ttern verziert ist, verleiht dem Kleid einen dramatischen und doch femininen Touch und sorgt f\u00fcr einen unvergesslichen Look, wenn Sie zum Altar schreiten. F\u00fcr einen schlankeren Look gibt es das Gaura-D ohne das Cape, w\u00e4hrend das Cape auch separat als Gaura-FL erh\u00e4ltlich ist, ideal f\u00fcr die Braut, die ihrem Hochzeitstag etwas mehr Magie verleihen m\u00f6chte. Entdecken Sie dieses und viele andere Kleider aus der Kollektion bei Koonings.","breadcrumb":{"@id":"https:\/\/www.koonings.com\/de\/product\/modeca-gaura-d\/#breadcrumb"},"inLanguage":"de","potentialAction":[{"@type":"ReadAction","target":["https:\/\/www.koonings.com\/de\/product\/modeca-gaura-d\/"]}]},{"@type":"ImageObject","inLanguage":"de","@id":"https:\/\/www.koonings.com\/de\/product\/modeca-gaura-d\/#primaryimage","url":"https:\/\/www.koonings.com\/wp-content\/uploads\/2025\/09\/51127_474658ba8f1c0684a888ee11a2eee36bb88a765a1851ad22e102cd2e7c730471fe33d64e-scaled.jpeg","contentUrl":"https:\/\/www.koonings.com\/wp-content\/uploads\/2025\/09\/51127_474658ba8f1c0684a888ee11a2eee36bb88a765a1851ad22e102cd2e7c730471fe33d64e-scaled.jpeg","width":1808,"height":2560},{"@type":"BreadcrumbList","@id":"https:\/\/www.koonings.com\/de\/product\/modeca-gaura-d\/#breadcrumb","itemListElement":[{"@type":"ListItem","position":1,"name":"Home","item":"https:\/\/www.koonings.com\/de\/"},{"@type":"ListItem","position":2,"name":"Modeca Gaura-D"}]},{"@type":"WebSite","@id":"https:\/\/www.koonings.com\/de\/#website","url":"https:\/\/www.koonings.com\/de\/","name":"Koonings","description":"De grootste bruidsmodewinkel ter wereld","publisher":{"@id":"https:\/\/www.koonings.com\/de\/#organization"},"potentialAction":[{"@type":"SearchAction","target":{"@type":"EntryPoint","urlTemplate":"https:\/\/www.koonings.com\/de\/?s={search_term_string}"},"query-input":{"@type":"PropertyValueSpecification","valueRequired":true,"valueName":"search_term_string"}}],"inLanguage":"de"},{"@type":"Organization","@id":"https:\/\/www.koonings.com\/de\/#organization","name":"Koonings","url":"https:\/\/www.koonings.com\/de\/","logo":{"@type":"ImageObject","inLanguage":"de","@id":"https:\/\/www.koonings.com\/de\/#\/schema\/logo\/image\/","url":"https:\/\/www.koonings.com\/wp-content\/uploads\/2024\/07\/logo.png","contentUrl":"https:\/\/www.koonings.com\/wp-content\/uploads\/2024\/07\/logo.png","width":600,"height":428,"caption":"Koonings"},"image":{"@id":"https:\/\/www.koonings.com\/de\/#\/schema\/logo\/image\/"},"sameAs":["https:\/\/www.facebook.com\/kooningstheweddingpalace","https:\/\/www.instagram.com\/kooningstheweddingpalace","https:\/\/www.pinterest.com\/koonings","https:\/\/www.youtube.com\/kooningstheweddingpalace"]}]}},"_links":{"self":[{"href":"https:\/\/www.koonings.com\/de\/wp-json\/wp\/v2\/product\/108426","targetHints":{"allow":["GET"]}}],"collection":[{"href":"https:\/\/www.koonings.com\/de\/wp-json\/wp\/v2\/product"}],"about":[{"href":"https:\/\/www.koonings.com\/de\/wp-json\/wp\/v2\/types\/product"}],"wp:featuredmedia":[{"embeddable":true,"href":"https:\/\/www.koonings.com\/de\/wp-json\/wp\/v2\/media\/95385"}],"wp:attachment":[{"href":"https:\/\/www.koonings.com\/de\/wp-json\/wp\/v2\/media?parent=108426"}],"wp:term":[{"taxonomy":"productdetails","embeddable":true,"href":"https:\/\/www.koonings.com\/de\/wp-json\/wp\/v2\/productdetails?post=108426"},{"taxonomy":"productneck","embeddable":true,"href":"https:\/\/www.koonings.com\/de\/wp-json\/wp\/v2\/productneck?post=108426"},{"taxonomy":"productcolor","embeddable":true,"href":"https:\/\/www.koonings.com\/de\/wp-json\/wp\/v2\/productcolor?post=108426"},{"taxonomy":"maat","embeddable":true,"href":"https:\/\/www.koonings.com\/de\/wp-json\/wp\/v2\/maat?post=108426"},{"taxonomy":"productsupplier","embeddable":true,"href":"https:\/\/www.koonings.com\/de\/wp-json\/wp\/v2\/productsupplier?post=108426"},{"taxonomy":"productsleeve","embeddable":true,"href":"https:\/\/www.koonings.com\/de\/wp-json\/wp\/v2\/productsleeve?post=108426"},{"taxonomy":"productcategory","embeddable":true,"href":"https:\/\/www.koonings.com\/de\/wp-json\/wp\/v2\/productcategory?post=108426"},{"taxonomy":"productsilhouette","embeddable":true,"href":"https:\/\/www.koonings.com\/de\/wp-json\/wp\/v2\/productsilhouette?post=108426"},{"taxonomy":"productstyle","embeddable":true,"href":"https:\/\/www.koonings.com\/de\/wp-json\/wp\/v2\/productstyle?post=108426"}],"curies":[{"name":"wp","href":"https:\/\/api.w.org\/{rel}","templated":true}]}}