{"id":108420,"date":"2026-04-14T16:36:55","date_gmt":"2026-04-14T14:36:55","guid":{"rendered":"https:\/\/www.koonings.com\/product\/modeca-kurven-jemina\/"},"modified":"2026-04-14T15:39:16","modified_gmt":"2026-04-14T13:39:16","slug":"modeca-kurven-jemina","status":"publish","type":"product","link":"https:\/\/www.koonings.com\/de\/product\/modeca-kurven-jemina\/","title":{"rendered":"Modeca Kurven Jemina"},"content":{"rendered":"<p>Jemina &#8211; sexy und doch schlicht. Dieses Mikado-Ballkleid von Modeca Curves hat einen tiefen V-Ausschnitt, der Ihre Kurven wunderbar umschmeichelt. Jemina wurde mit praktischen Taschen und einer schlanken Silhouette entworfen und verbindet moderne Raffinesse mit klassischer Eleganz. Perfekt f\u00fcr die kurvige Braut, die an ihrem gro\u00dfen Tag ein selbstbewusstes und schickes Statement abgeben m\u00f6chte.<br \/>\nEntdecken Sie Jemina und die gesamte Modeca Curves Kollektion bei Koonings.   <\/p>\n","protected":false},"featured_media":96258,"template":"","meta":{"_acf_changed":false,"ghostkit_customizer_options":"","ghostkit_custom_css":"","ghostkit_custom_js_head":"","ghostkit_custom_js_foot":"","ghostkit_typography":""},"productdetails":[],"productneck":[356],"productcolor":[392],"maat":[375],"productsupplier":[439],"productsleeve":[359],"productcategory":[18],"productsilhouette":[384],"productstyle":[365,371],"class_list":["post-108420","product","type-product","status-publish","has-post-thumbnail","hentry","productneck-356","productcolor-392","maat-375","productsupplier-modeca-curves","productsleeve-359","productcategory-trouwjurken","productsilhouette-384","productstyle-365","productstyle-371"],"acf":[],"yoast_head":"<!-- This site is optimized with the Yoast SEO plugin v27.3 - https:\/\/yoast.com\/product\/yoast-seo-wordpress\/ -->\n<title>Modeca Kurven Jemina | Koonings<\/title>\n<meta name=\"description\" content=\"Jemina - sexy und doch schlicht. Dieses Mikado-Ballkleid von Modeca Curves hat einen tiefen V-Ausschnitt, der Ihre Kurven wunderbar umschmeichelt. Jemina wurde mit praktischen Taschen und einer schlanken Silhouette entworfen und verbindet moderne Raffinesse mit klassischer Eleganz. Perfekt f\u00fcr die kurvige Braut, die an ihrem gro\u00dfen Tag ein selbstbewusstes und schickes Statement abgeben m\u00f6chte. Entdecken Sie Jemina und die gesamte Modeca Curves Kollektion bei Koonings.\" \/>\n<meta name=\"robots\" content=\"index, follow, max-snippet:-1, max-image-preview:large, max-video-preview:-1\" \/>\n<link rel=\"canonical\" href=\"https:\/\/www.koonings.com\/de\/product\/modeca-kurven-jemina\/\" \/>\n<meta property=\"og:locale\" content=\"de_DE\" \/>\n<meta property=\"og:type\" content=\"article\" \/>\n<meta property=\"og:title\" content=\"Modeca Kurven Jemina | Koonings\" \/>\n<meta property=\"og:description\" content=\"Jemina - sexy und doch schlicht. Dieses Mikado-Ballkleid von Modeca Curves hat einen tiefen V-Ausschnitt, der Ihre Kurven wunderbar umschmeichelt. Jemina wurde mit praktischen Taschen und einer schlanken Silhouette entworfen und verbindet moderne Raffinesse mit klassischer Eleganz. Perfekt f\u00fcr die kurvige Braut, die an ihrem gro\u00dfen Tag ein selbstbewusstes und schickes Statement abgeben m\u00f6chte. Entdecken Sie Jemina und die gesamte Modeca Curves Kollektion bei Koonings.\" \/>\n<meta property=\"og:url\" content=\"https:\/\/www.koonings.com\/de\/product\/modeca-kurven-jemina\/\" \/>\n<meta property=\"og:site_name\" content=\"Koonings\" \/>\n<meta property=\"article:publisher\" content=\"https:\/\/www.facebook.com\/kooningstheweddingpalace\" \/>\n<meta property=\"og:image\" content=\"https:\/\/www.koonings.com\/wp-content\/uploads\/2025\/09\/51113_3215f2ef280086c005446b3ee7a45a04a56b491fa66126f7d08f3d6adbdd6964ee459417-scaled.jpeg\" \/>\n\t<meta property=\"og:image:width\" content=\"1920\" \/>\n\t<meta property=\"og:image:height\" content=\"2560\" \/>\n\t<meta property=\"og:image:type\" content=\"image\/jpeg\" \/>\n<meta name=\"twitter:card\" content=\"summary_large_image\" \/>\n<script type=\"application\/ld+json\" class=\"yoast-schema-graph\">{\"@context\":\"https:\\\/\\\/schema.org\",\"@graph\":[{\"@type\":\"WebPage\",\"@id\":\"https:\\\/\\\/www.koonings.com\\\/de\\\/product\\\/modeca-kurven-jemina\\\/\",\"url\":\"https:\\\/\\\/www.koonings.com\\\/de\\\/product\\\/modeca-kurven-jemina\\\/\",\"name\":\"Modeca Kurven Jemina | Koonings\",\"isPartOf\":{\"@id\":\"https:\\\/\\\/www.koonings.com\\\/de\\\/#website\"},\"primaryImageOfPage\":{\"@id\":\"https:\\\/\\\/www.koonings.com\\\/de\\\/product\\\/modeca-kurven-jemina\\\/#primaryimage\"},\"image\":{\"@id\":\"https:\\\/\\\/www.koonings.com\\\/de\\\/product\\\/modeca-kurven-jemina\\\/#primaryimage\"},\"thumbnailUrl\":\"https:\\\/\\\/www.koonings.com\\\/wp-content\\\/uploads\\\/2025\\\/09\\\/51113_3215f2ef280086c005446b3ee7a45a04a56b491fa66126f7d08f3d6adbdd6964ee459417-scaled.jpeg\",\"datePublished\":\"2026-04-14T14:36:55+00:00\",\"description\":\"Jemina - sexy und doch schlicht. Dieses Mikado-Ballkleid von Modeca Curves hat einen tiefen V-Ausschnitt, der Ihre Kurven wunderbar umschmeichelt. Jemina wurde mit praktischen Taschen und einer schlanken Silhouette entworfen und verbindet moderne Raffinesse mit klassischer Eleganz. Perfekt f\u00fcr die kurvige Braut, die an ihrem gro\u00dfen Tag ein selbstbewusstes und schickes Statement abgeben m\u00f6chte. Entdecken Sie Jemina und die gesamte Modeca Curves Kollektion bei Koonings.\",\"breadcrumb\":{\"@id\":\"https:\\\/\\\/www.koonings.com\\\/de\\\/product\\\/modeca-kurven-jemina\\\/#breadcrumb\"},\"inLanguage\":\"de\",\"potentialAction\":[{\"@type\":\"ReadAction\",\"target\":[\"https:\\\/\\\/www.koonings.com\\\/de\\\/product\\\/modeca-kurven-jemina\\\/\"]}]},{\"@type\":\"ImageObject\",\"inLanguage\":\"de\",\"@id\":\"https:\\\/\\\/www.koonings.com\\\/de\\\/product\\\/modeca-kurven-jemina\\\/#primaryimage\",\"url\":\"https:\\\/\\\/www.koonings.com\\\/wp-content\\\/uploads\\\/2025\\\/09\\\/51113_3215f2ef280086c005446b3ee7a45a04a56b491fa66126f7d08f3d6adbdd6964ee459417-scaled.jpeg\",\"contentUrl\":\"https:\\\/\\\/www.koonings.com\\\/wp-content\\\/uploads\\\/2025\\\/09\\\/51113_3215f2ef280086c005446b3ee7a45a04a56b491fa66126f7d08f3d6adbdd6964ee459417-scaled.jpeg\",\"width\":1920,\"height\":2560},{\"@type\":\"BreadcrumbList\",\"@id\":\"https:\\\/\\\/www.koonings.com\\\/de\\\/product\\\/modeca-kurven-jemina\\\/#breadcrumb\",\"itemListElement\":[{\"@type\":\"ListItem\",\"position\":1,\"name\":\"Home\",\"item\":\"https:\\\/\\\/www.koonings.com\\\/de\\\/\"},{\"@type\":\"ListItem\",\"position\":2,\"name\":\"Modeca Kurven Jemina\"}]},{\"@type\":\"WebSite\",\"@id\":\"https:\\\/\\\/www.koonings.com\\\/de\\\/#website\",\"url\":\"https:\\\/\\\/www.koonings.com\\\/de\\\/\",\"name\":\"Koonings\",\"description\":\"De grootste bruidsmodewinkel ter wereld\",\"publisher\":{\"@id\":\"https:\\\/\\\/www.koonings.com\\\/de\\\/#organization\"},\"potentialAction\":[{\"@type\":\"SearchAction\",\"target\":{\"@type\":\"EntryPoint\",\"urlTemplate\":\"https:\\\/\\\/www.koonings.com\\\/de\\\/?s={search_term_string}\"},\"query-input\":{\"@type\":\"PropertyValueSpecification\",\"valueRequired\":true,\"valueName\":\"search_term_string\"}}],\"inLanguage\":\"de\"},{\"@type\":\"Organization\",\"@id\":\"https:\\\/\\\/www.koonings.com\\\/de\\\/#organization\",\"name\":\"Koonings\",\"url\":\"https:\\\/\\\/www.koonings.com\\\/de\\\/\",\"logo\":{\"@type\":\"ImageObject\",\"inLanguage\":\"de\",\"@id\":\"https:\\\/\\\/www.koonings.com\\\/de\\\/#\\\/schema\\\/logo\\\/image\\\/\",\"url\":\"https:\\\/\\\/www.koonings.com\\\/wp-content\\\/uploads\\\/2024\\\/07\\\/logo.png\",\"contentUrl\":\"https:\\\/\\\/www.koonings.com\\\/wp-content\\\/uploads\\\/2024\\\/07\\\/logo.png\",\"width\":600,\"height\":428,\"caption\":\"Koonings\"},\"image\":{\"@id\":\"https:\\\/\\\/www.koonings.com\\\/de\\\/#\\\/schema\\\/logo\\\/image\\\/\"},\"sameAs\":[\"https:\\\/\\\/www.facebook.com\\\/kooningstheweddingpalace\",\"https:\\\/\\\/www.instagram.com\\\/kooningstheweddingpalace\",\"https:\\\/\\\/www.pinterest.com\\\/koonings\",\"https:\\\/\\\/www.youtube.com\\\/kooningstheweddingpalace\"]}]}<\/script>\n<!-- \/ Yoast SEO plugin. -->","yoast_head_json":{"title":"Modeca Kurven Jemina | Koonings","description":"Jemina - sexy und doch schlicht. Dieses Mikado-Ballkleid von Modeca Curves hat einen tiefen V-Ausschnitt, der Ihre Kurven wunderbar umschmeichelt. Jemina wurde mit praktischen Taschen und einer schlanken Silhouette entworfen und verbindet moderne Raffinesse mit klassischer Eleganz. Perfekt f\u00fcr die kurvige Braut, die an ihrem gro\u00dfen Tag ein selbstbewusstes und schickes Statement abgeben m\u00f6chte. Entdecken Sie Jemina und die gesamte Modeca Curves Kollektion bei Koonings.","robots":{"index":"index","follow":"follow","max-snippet":"max-snippet:-1","max-image-preview":"max-image-preview:large","max-video-preview":"max-video-preview:-1"},"canonical":"https:\/\/www.koonings.com\/de\/product\/modeca-kurven-jemina\/","og_locale":"de_DE","og_type":"article","og_title":"Modeca Kurven Jemina | Koonings","og_description":"Jemina - sexy und doch schlicht. Dieses Mikado-Ballkleid von Modeca Curves hat einen tiefen V-Ausschnitt, der Ihre Kurven wunderbar umschmeichelt. Jemina wurde mit praktischen Taschen und einer schlanken Silhouette entworfen und verbindet moderne Raffinesse mit klassischer Eleganz. Perfekt f\u00fcr die kurvige Braut, die an ihrem gro\u00dfen Tag ein selbstbewusstes und schickes Statement abgeben m\u00f6chte. Entdecken Sie Jemina und die gesamte Modeca Curves Kollektion bei Koonings.","og_url":"https:\/\/www.koonings.com\/de\/product\/modeca-kurven-jemina\/","og_site_name":"Koonings","article_publisher":"https:\/\/www.facebook.com\/kooningstheweddingpalace","og_image":[{"width":1920,"height":2560,"url":"https:\/\/www.koonings.com\/wp-content\/uploads\/2025\/09\/51113_3215f2ef280086c005446b3ee7a45a04a56b491fa66126f7d08f3d6adbdd6964ee459417-scaled.jpeg","type":"image\/jpeg"}],"twitter_card":"summary_large_image","schema":{"@context":"https:\/\/schema.org","@graph":[{"@type":"WebPage","@id":"https:\/\/www.koonings.com\/de\/product\/modeca-kurven-jemina\/","url":"https:\/\/www.koonings.com\/de\/product\/modeca-kurven-jemina\/","name":"Modeca Kurven Jemina | Koonings","isPartOf":{"@id":"https:\/\/www.koonings.com\/de\/#website"},"primaryImageOfPage":{"@id":"https:\/\/www.koonings.com\/de\/product\/modeca-kurven-jemina\/#primaryimage"},"image":{"@id":"https:\/\/www.koonings.com\/de\/product\/modeca-kurven-jemina\/#primaryimage"},"thumbnailUrl":"https:\/\/www.koonings.com\/wp-content\/uploads\/2025\/09\/51113_3215f2ef280086c005446b3ee7a45a04a56b491fa66126f7d08f3d6adbdd6964ee459417-scaled.jpeg","datePublished":"2026-04-14T14:36:55+00:00","description":"Jemina - sexy und doch schlicht. Dieses Mikado-Ballkleid von Modeca Curves hat einen tiefen V-Ausschnitt, der Ihre Kurven wunderbar umschmeichelt. Jemina wurde mit praktischen Taschen und einer schlanken Silhouette entworfen und verbindet moderne Raffinesse mit klassischer Eleganz. Perfekt f\u00fcr die kurvige Braut, die an ihrem gro\u00dfen Tag ein selbstbewusstes und schickes Statement abgeben m\u00f6chte. Entdecken Sie Jemina und die gesamte Modeca Curves Kollektion bei Koonings.","breadcrumb":{"@id":"https:\/\/www.koonings.com\/de\/product\/modeca-kurven-jemina\/#breadcrumb"},"inLanguage":"de","potentialAction":[{"@type":"ReadAction","target":["https:\/\/www.koonings.com\/de\/product\/modeca-kurven-jemina\/"]}]},{"@type":"ImageObject","inLanguage":"de","@id":"https:\/\/www.koonings.com\/de\/product\/modeca-kurven-jemina\/#primaryimage","url":"https:\/\/www.koonings.com\/wp-content\/uploads\/2025\/09\/51113_3215f2ef280086c005446b3ee7a45a04a56b491fa66126f7d08f3d6adbdd6964ee459417-scaled.jpeg","contentUrl":"https:\/\/www.koonings.com\/wp-content\/uploads\/2025\/09\/51113_3215f2ef280086c005446b3ee7a45a04a56b491fa66126f7d08f3d6adbdd6964ee459417-scaled.jpeg","width":1920,"height":2560},{"@type":"BreadcrumbList","@id":"https:\/\/www.koonings.com\/de\/product\/modeca-kurven-jemina\/#breadcrumb","itemListElement":[{"@type":"ListItem","position":1,"name":"Home","item":"https:\/\/www.koonings.com\/de\/"},{"@type":"ListItem","position":2,"name":"Modeca Kurven Jemina"}]},{"@type":"WebSite","@id":"https:\/\/www.koonings.com\/de\/#website","url":"https:\/\/www.koonings.com\/de\/","name":"Koonings","description":"De grootste bruidsmodewinkel ter wereld","publisher":{"@id":"https:\/\/www.koonings.com\/de\/#organization"},"potentialAction":[{"@type":"SearchAction","target":{"@type":"EntryPoint","urlTemplate":"https:\/\/www.koonings.com\/de\/?s={search_term_string}"},"query-input":{"@type":"PropertyValueSpecification","valueRequired":true,"valueName":"search_term_string"}}],"inLanguage":"de"},{"@type":"Organization","@id":"https:\/\/www.koonings.com\/de\/#organization","name":"Koonings","url":"https:\/\/www.koonings.com\/de\/","logo":{"@type":"ImageObject","inLanguage":"de","@id":"https:\/\/www.koonings.com\/de\/#\/schema\/logo\/image\/","url":"https:\/\/www.koonings.com\/wp-content\/uploads\/2024\/07\/logo.png","contentUrl":"https:\/\/www.koonings.com\/wp-content\/uploads\/2024\/07\/logo.png","width":600,"height":428,"caption":"Koonings"},"image":{"@id":"https:\/\/www.koonings.com\/de\/#\/schema\/logo\/image\/"},"sameAs":["https:\/\/www.facebook.com\/kooningstheweddingpalace","https:\/\/www.instagram.com\/kooningstheweddingpalace","https:\/\/www.pinterest.com\/koonings","https:\/\/www.youtube.com\/kooningstheweddingpalace"]}]}},"_links":{"self":[{"href":"https:\/\/www.koonings.com\/de\/wp-json\/wp\/v2\/product\/108420","targetHints":{"allow":["GET"]}}],"collection":[{"href":"https:\/\/www.koonings.com\/de\/wp-json\/wp\/v2\/product"}],"about":[{"href":"https:\/\/www.koonings.com\/de\/wp-json\/wp\/v2\/types\/product"}],"wp:featuredmedia":[{"embeddable":true,"href":"https:\/\/www.koonings.com\/de\/wp-json\/wp\/v2\/media\/96258"}],"wp:attachment":[{"href":"https:\/\/www.koonings.com\/de\/wp-json\/wp\/v2\/media?parent=108420"}],"wp:term":[{"taxonomy":"productdetails","embeddable":true,"href":"https:\/\/www.koonings.com\/de\/wp-json\/wp\/v2\/productdetails?post=108420"},{"taxonomy":"productneck","embeddable":true,"href":"https:\/\/www.koonings.com\/de\/wp-json\/wp\/v2\/productneck?post=108420"},{"taxonomy":"productcolor","embeddable":true,"href":"https:\/\/www.koonings.com\/de\/wp-json\/wp\/v2\/productcolor?post=108420"},{"taxonomy":"maat","embeddable":true,"href":"https:\/\/www.koonings.com\/de\/wp-json\/wp\/v2\/maat?post=108420"},{"taxonomy":"productsupplier","embeddable":true,"href":"https:\/\/www.koonings.com\/de\/wp-json\/wp\/v2\/productsupplier?post=108420"},{"taxonomy":"productsleeve","embeddable":true,"href":"https:\/\/www.koonings.com\/de\/wp-json\/wp\/v2\/productsleeve?post=108420"},{"taxonomy":"productcategory","embeddable":true,"href":"https:\/\/www.koonings.com\/de\/wp-json\/wp\/v2\/productcategory?post=108420"},{"taxonomy":"productsilhouette","embeddable":true,"href":"https:\/\/www.koonings.com\/de\/wp-json\/wp\/v2\/productsilhouette?post=108420"},{"taxonomy":"productstyle","embeddable":true,"href":"https:\/\/www.koonings.com\/de\/wp-json\/wp\/v2\/productstyle?post=108420"}],"curies":[{"name":"wp","href":"https:\/\/api.w.org\/{rel}","templated":true}]}}