{"id":108414,"date":"2026-04-14T16:38:08","date_gmt":"2026-04-14T14:38:08","guid":{"rendered":"https:\/\/www.koonings.com\/product\/modeca-gerlinde\/"},"modified":"2026-04-14T15:37:01","modified_gmt":"2026-04-14T13:37:01","slug":"modeca-gerlinde","status":"publish","type":"product","link":"https:\/\/www.koonings.com\/de\/product\/modeca-gerlinde\/","title":{"rendered":"Modeca Gerlinde"},"content":{"rendered":"<p>Gerlinde ist die perfekte Wahl f\u00fcr die Braut, die sich an ihrem besonderen Tag sowohl Komfort als auch Sch\u00f6nheit w\u00fcnscht. Dieses atemberaubende Ballkleid aus Satin verf\u00fcgt \u00fcber einen schulterfreien Ausschnitt und ein drapiertes Mieder. Taschen sorgen f\u00fcr einen praktischen und doch stilvollen Touch, w\u00e4hrend eine Reihe von Kn\u00f6pfen am R\u00fccken ein subtiles und doch auff\u00e4lliges Detail darstellt, das den klassischen Charme des Kleides unterstreicht. F\u00fcr Br\u00e4ute, die eine etwas andere Textur bevorzugen, ist dieses Kleid auch in Mikado als Gerlinde-A erh\u00e4ltlich. Entdecken Sie Gerlinde und die gesamte Kollektion bei Koonings.    <\/p>\n","protected":false},"featured_media":95605,"template":"","meta":{"_acf_changed":false,"ghostkit_customizer_options":"","ghostkit_custom_css":"","ghostkit_custom_js_head":"","ghostkit_custom_js_foot":"","ghostkit_typography":""},"productdetails":[],"productneck":[354],"productcolor":[392],"maat":[],"productsupplier":[434],"productsleeve":[363],"productcategory":[18],"productsilhouette":[388],"productstyle":[365],"class_list":["post-108414","product","type-product","status-publish","has-post-thumbnail","hentry","productneck-354","productcolor-392","productsupplier-modeca","productsleeve-363","productcategory-trouwjurken","productsilhouette-388","productstyle-365"],"acf":[],"yoast_head":"<!-- This site is optimized with the Yoast SEO plugin v27.3 - https:\/\/yoast.com\/product\/yoast-seo-wordpress\/ -->\n<title>Modeca Gerlinde | Koonings<\/title>\n<meta name=\"description\" content=\"Gerlinde ist die perfekte Wahl f\u00fcr die Braut, die sich an ihrem besonderen Tag sowohl Komfort als auch Sch\u00f6nheit w\u00fcnscht. Dieses atemberaubende Ballkleid aus Satin verf\u00fcgt \u00fcber einen schulterfreien Ausschnitt und ein drapiertes Mieder. Taschen sorgen f\u00fcr einen praktischen und doch stilvollen Touch, w\u00e4hrend eine Reihe von Kn\u00f6pfen am R\u00fccken ein subtiles und doch auff\u00e4lliges Detail darstellt, das den klassischen Charme des Kleides unterstreicht. F\u00fcr Br\u00e4ute, die eine etwas andere Textur bevorzugen, ist dieses Kleid auch in Mikado als Gerlinde-A erh\u00e4ltlich. Entdecken Sie Gerlinde und die gesamte Kollektion bei Koonings.\" \/>\n<meta name=\"robots\" content=\"index, follow, max-snippet:-1, max-image-preview:large, max-video-preview:-1\" \/>\n<link rel=\"canonical\" href=\"https:\/\/www.koonings.com\/de\/product\/modeca-gerlinde\/\" \/>\n<meta property=\"og:locale\" content=\"de_DE\" \/>\n<meta property=\"og:type\" content=\"article\" \/>\n<meta property=\"og:title\" content=\"Modeca Gerlinde | Koonings\" \/>\n<meta property=\"og:description\" content=\"Gerlinde ist die perfekte Wahl f\u00fcr die Braut, die sich an ihrem besonderen Tag sowohl Komfort als auch Sch\u00f6nheit w\u00fcnscht. Dieses atemberaubende Ballkleid aus Satin verf\u00fcgt \u00fcber einen schulterfreien Ausschnitt und ein drapiertes Mieder. Taschen sorgen f\u00fcr einen praktischen und doch stilvollen Touch, w\u00e4hrend eine Reihe von Kn\u00f6pfen am R\u00fccken ein subtiles und doch auff\u00e4lliges Detail darstellt, das den klassischen Charme des Kleides unterstreicht. F\u00fcr Br\u00e4ute, die eine etwas andere Textur bevorzugen, ist dieses Kleid auch in Mikado als Gerlinde-A erh\u00e4ltlich. Entdecken Sie Gerlinde und die gesamte Kollektion bei Koonings.\" \/>\n<meta property=\"og:url\" content=\"https:\/\/www.koonings.com\/de\/product\/modeca-gerlinde\/\" \/>\n<meta property=\"og:site_name\" content=\"Koonings\" \/>\n<meta property=\"article:publisher\" content=\"https:\/\/www.facebook.com\/kooningstheweddingpalace\" \/>\n<meta property=\"og:image\" content=\"https:\/\/www.koonings.com\/wp-content\/uploads\/2025\/09\/51135_e58aea78259e1e998f58de24012853619ea956bd7e68dd9186ea2c981e45e55584f932a1-scaled.jpeg\" \/>\n\t<meta property=\"og:image:width\" content=\"1810\" \/>\n\t<meta property=\"og:image:height\" content=\"2560\" \/>\n\t<meta property=\"og:image:type\" content=\"image\/jpeg\" \/>\n<meta name=\"twitter:card\" content=\"summary_large_image\" \/>\n<meta name=\"twitter:label1\" content=\"Gesch\u00e4tzte Lesezeit\" \/>\n\t<meta name=\"twitter:data1\" content=\"1\u00a0Minute\" \/>\n<script type=\"application\/ld+json\" class=\"yoast-schema-graph\">{\"@context\":\"https:\\\/\\\/schema.org\",\"@graph\":[{\"@type\":\"WebPage\",\"@id\":\"https:\\\/\\\/www.koonings.com\\\/de\\\/product\\\/modeca-gerlinde\\\/\",\"url\":\"https:\\\/\\\/www.koonings.com\\\/de\\\/product\\\/modeca-gerlinde\\\/\",\"name\":\"Modeca Gerlinde | Koonings\",\"isPartOf\":{\"@id\":\"https:\\\/\\\/www.koonings.com\\\/de\\\/#website\"},\"primaryImageOfPage\":{\"@id\":\"https:\\\/\\\/www.koonings.com\\\/de\\\/product\\\/modeca-gerlinde\\\/#primaryimage\"},\"image\":{\"@id\":\"https:\\\/\\\/www.koonings.com\\\/de\\\/product\\\/modeca-gerlinde\\\/#primaryimage\"},\"thumbnailUrl\":\"https:\\\/\\\/www.koonings.com\\\/wp-content\\\/uploads\\\/2025\\\/09\\\/51135_e58aea78259e1e998f58de24012853619ea956bd7e68dd9186ea2c981e45e55584f932a1-scaled.jpeg\",\"datePublished\":\"2026-04-14T14:38:08+00:00\",\"description\":\"Gerlinde ist die perfekte Wahl f\u00fcr die Braut, die sich an ihrem besonderen Tag sowohl Komfort als auch Sch\u00f6nheit w\u00fcnscht. Dieses atemberaubende Ballkleid aus Satin verf\u00fcgt \u00fcber einen schulterfreien Ausschnitt und ein drapiertes Mieder. Taschen sorgen f\u00fcr einen praktischen und doch stilvollen Touch, w\u00e4hrend eine Reihe von Kn\u00f6pfen am R\u00fccken ein subtiles und doch auff\u00e4lliges Detail darstellt, das den klassischen Charme des Kleides unterstreicht. F\u00fcr Br\u00e4ute, die eine etwas andere Textur bevorzugen, ist dieses Kleid auch in Mikado als Gerlinde-A erh\u00e4ltlich. Entdecken Sie Gerlinde und die gesamte Kollektion bei Koonings.\",\"breadcrumb\":{\"@id\":\"https:\\\/\\\/www.koonings.com\\\/de\\\/product\\\/modeca-gerlinde\\\/#breadcrumb\"},\"inLanguage\":\"de\",\"potentialAction\":[{\"@type\":\"ReadAction\",\"target\":[\"https:\\\/\\\/www.koonings.com\\\/de\\\/product\\\/modeca-gerlinde\\\/\"]}]},{\"@type\":\"ImageObject\",\"inLanguage\":\"de\",\"@id\":\"https:\\\/\\\/www.koonings.com\\\/de\\\/product\\\/modeca-gerlinde\\\/#primaryimage\",\"url\":\"https:\\\/\\\/www.koonings.com\\\/wp-content\\\/uploads\\\/2025\\\/09\\\/51135_e58aea78259e1e998f58de24012853619ea956bd7e68dd9186ea2c981e45e55584f932a1-scaled.jpeg\",\"contentUrl\":\"https:\\\/\\\/www.koonings.com\\\/wp-content\\\/uploads\\\/2025\\\/09\\\/51135_e58aea78259e1e998f58de24012853619ea956bd7e68dd9186ea2c981e45e55584f932a1-scaled.jpeg\",\"width\":1810,\"height\":2560},{\"@type\":\"BreadcrumbList\",\"@id\":\"https:\\\/\\\/www.koonings.com\\\/de\\\/product\\\/modeca-gerlinde\\\/#breadcrumb\",\"itemListElement\":[{\"@type\":\"ListItem\",\"position\":1,\"name\":\"Home\",\"item\":\"https:\\\/\\\/www.koonings.com\\\/de\\\/\"},{\"@type\":\"ListItem\",\"position\":2,\"name\":\"Modeca Gerlinde\"}]},{\"@type\":\"WebSite\",\"@id\":\"https:\\\/\\\/www.koonings.com\\\/de\\\/#website\",\"url\":\"https:\\\/\\\/www.koonings.com\\\/de\\\/\",\"name\":\"Koonings\",\"description\":\"De grootste bruidsmodewinkel ter wereld\",\"publisher\":{\"@id\":\"https:\\\/\\\/www.koonings.com\\\/de\\\/#organization\"},\"potentialAction\":[{\"@type\":\"SearchAction\",\"target\":{\"@type\":\"EntryPoint\",\"urlTemplate\":\"https:\\\/\\\/www.koonings.com\\\/de\\\/?s={search_term_string}\"},\"query-input\":{\"@type\":\"PropertyValueSpecification\",\"valueRequired\":true,\"valueName\":\"search_term_string\"}}],\"inLanguage\":\"de\"},{\"@type\":\"Organization\",\"@id\":\"https:\\\/\\\/www.koonings.com\\\/de\\\/#organization\",\"name\":\"Koonings\",\"url\":\"https:\\\/\\\/www.koonings.com\\\/de\\\/\",\"logo\":{\"@type\":\"ImageObject\",\"inLanguage\":\"de\",\"@id\":\"https:\\\/\\\/www.koonings.com\\\/de\\\/#\\\/schema\\\/logo\\\/image\\\/\",\"url\":\"https:\\\/\\\/www.koonings.com\\\/wp-content\\\/uploads\\\/2024\\\/07\\\/logo.png\",\"contentUrl\":\"https:\\\/\\\/www.koonings.com\\\/wp-content\\\/uploads\\\/2024\\\/07\\\/logo.png\",\"width\":600,\"height\":428,\"caption\":\"Koonings\"},\"image\":{\"@id\":\"https:\\\/\\\/www.koonings.com\\\/de\\\/#\\\/schema\\\/logo\\\/image\\\/\"},\"sameAs\":[\"https:\\\/\\\/www.facebook.com\\\/kooningstheweddingpalace\",\"https:\\\/\\\/www.instagram.com\\\/kooningstheweddingpalace\",\"https:\\\/\\\/www.pinterest.com\\\/koonings\",\"https:\\\/\\\/www.youtube.com\\\/kooningstheweddingpalace\"]}]}<\/script>\n<!-- \/ Yoast SEO plugin. -->","yoast_head_json":{"title":"Modeca Gerlinde | Koonings","description":"Gerlinde ist die perfekte Wahl f\u00fcr die Braut, die sich an ihrem besonderen Tag sowohl Komfort als auch Sch\u00f6nheit w\u00fcnscht. Dieses atemberaubende Ballkleid aus Satin verf\u00fcgt \u00fcber einen schulterfreien Ausschnitt und ein drapiertes Mieder. Taschen sorgen f\u00fcr einen praktischen und doch stilvollen Touch, w\u00e4hrend eine Reihe von Kn\u00f6pfen am R\u00fccken ein subtiles und doch auff\u00e4lliges Detail darstellt, das den klassischen Charme des Kleides unterstreicht. F\u00fcr Br\u00e4ute, die eine etwas andere Textur bevorzugen, ist dieses Kleid auch in Mikado als Gerlinde-A erh\u00e4ltlich. Entdecken Sie Gerlinde und die gesamte Kollektion bei Koonings.","robots":{"index":"index","follow":"follow","max-snippet":"max-snippet:-1","max-image-preview":"max-image-preview:large","max-video-preview":"max-video-preview:-1"},"canonical":"https:\/\/www.koonings.com\/de\/product\/modeca-gerlinde\/","og_locale":"de_DE","og_type":"article","og_title":"Modeca Gerlinde | Koonings","og_description":"Gerlinde ist die perfekte Wahl f\u00fcr die Braut, die sich an ihrem besonderen Tag sowohl Komfort als auch Sch\u00f6nheit w\u00fcnscht. Dieses atemberaubende Ballkleid aus Satin verf\u00fcgt \u00fcber einen schulterfreien Ausschnitt und ein drapiertes Mieder. Taschen sorgen f\u00fcr einen praktischen und doch stilvollen Touch, w\u00e4hrend eine Reihe von Kn\u00f6pfen am R\u00fccken ein subtiles und doch auff\u00e4lliges Detail darstellt, das den klassischen Charme des Kleides unterstreicht. F\u00fcr Br\u00e4ute, die eine etwas andere Textur bevorzugen, ist dieses Kleid auch in Mikado als Gerlinde-A erh\u00e4ltlich. Entdecken Sie Gerlinde und die gesamte Kollektion bei Koonings.","og_url":"https:\/\/www.koonings.com\/de\/product\/modeca-gerlinde\/","og_site_name":"Koonings","article_publisher":"https:\/\/www.facebook.com\/kooningstheweddingpalace","og_image":[{"width":1810,"height":2560,"url":"https:\/\/www.koonings.com\/wp-content\/uploads\/2025\/09\/51135_e58aea78259e1e998f58de24012853619ea956bd7e68dd9186ea2c981e45e55584f932a1-scaled.jpeg","type":"image\/jpeg"}],"twitter_card":"summary_large_image","twitter_misc":{"Gesch\u00e4tzte Lesezeit":"1\u00a0Minute"},"schema":{"@context":"https:\/\/schema.org","@graph":[{"@type":"WebPage","@id":"https:\/\/www.koonings.com\/de\/product\/modeca-gerlinde\/","url":"https:\/\/www.koonings.com\/de\/product\/modeca-gerlinde\/","name":"Modeca Gerlinde | Koonings","isPartOf":{"@id":"https:\/\/www.koonings.com\/de\/#website"},"primaryImageOfPage":{"@id":"https:\/\/www.koonings.com\/de\/product\/modeca-gerlinde\/#primaryimage"},"image":{"@id":"https:\/\/www.koonings.com\/de\/product\/modeca-gerlinde\/#primaryimage"},"thumbnailUrl":"https:\/\/www.koonings.com\/wp-content\/uploads\/2025\/09\/51135_e58aea78259e1e998f58de24012853619ea956bd7e68dd9186ea2c981e45e55584f932a1-scaled.jpeg","datePublished":"2026-04-14T14:38:08+00:00","description":"Gerlinde ist die perfekte Wahl f\u00fcr die Braut, die sich an ihrem besonderen Tag sowohl Komfort als auch Sch\u00f6nheit w\u00fcnscht. Dieses atemberaubende Ballkleid aus Satin verf\u00fcgt \u00fcber einen schulterfreien Ausschnitt und ein drapiertes Mieder. Taschen sorgen f\u00fcr einen praktischen und doch stilvollen Touch, w\u00e4hrend eine Reihe von Kn\u00f6pfen am R\u00fccken ein subtiles und doch auff\u00e4lliges Detail darstellt, das den klassischen Charme des Kleides unterstreicht. F\u00fcr Br\u00e4ute, die eine etwas andere Textur bevorzugen, ist dieses Kleid auch in Mikado als Gerlinde-A erh\u00e4ltlich. Entdecken Sie Gerlinde und die gesamte Kollektion bei Koonings.","breadcrumb":{"@id":"https:\/\/www.koonings.com\/de\/product\/modeca-gerlinde\/#breadcrumb"},"inLanguage":"de","potentialAction":[{"@type":"ReadAction","target":["https:\/\/www.koonings.com\/de\/product\/modeca-gerlinde\/"]}]},{"@type":"ImageObject","inLanguage":"de","@id":"https:\/\/www.koonings.com\/de\/product\/modeca-gerlinde\/#primaryimage","url":"https:\/\/www.koonings.com\/wp-content\/uploads\/2025\/09\/51135_e58aea78259e1e998f58de24012853619ea956bd7e68dd9186ea2c981e45e55584f932a1-scaled.jpeg","contentUrl":"https:\/\/www.koonings.com\/wp-content\/uploads\/2025\/09\/51135_e58aea78259e1e998f58de24012853619ea956bd7e68dd9186ea2c981e45e55584f932a1-scaled.jpeg","width":1810,"height":2560},{"@type":"BreadcrumbList","@id":"https:\/\/www.koonings.com\/de\/product\/modeca-gerlinde\/#breadcrumb","itemListElement":[{"@type":"ListItem","position":1,"name":"Home","item":"https:\/\/www.koonings.com\/de\/"},{"@type":"ListItem","position":2,"name":"Modeca Gerlinde"}]},{"@type":"WebSite","@id":"https:\/\/www.koonings.com\/de\/#website","url":"https:\/\/www.koonings.com\/de\/","name":"Koonings","description":"De grootste bruidsmodewinkel ter wereld","publisher":{"@id":"https:\/\/www.koonings.com\/de\/#organization"},"potentialAction":[{"@type":"SearchAction","target":{"@type":"EntryPoint","urlTemplate":"https:\/\/www.koonings.com\/de\/?s={search_term_string}"},"query-input":{"@type":"PropertyValueSpecification","valueRequired":true,"valueName":"search_term_string"}}],"inLanguage":"de"},{"@type":"Organization","@id":"https:\/\/www.koonings.com\/de\/#organization","name":"Koonings","url":"https:\/\/www.koonings.com\/de\/","logo":{"@type":"ImageObject","inLanguage":"de","@id":"https:\/\/www.koonings.com\/de\/#\/schema\/logo\/image\/","url":"https:\/\/www.koonings.com\/wp-content\/uploads\/2024\/07\/logo.png","contentUrl":"https:\/\/www.koonings.com\/wp-content\/uploads\/2024\/07\/logo.png","width":600,"height":428,"caption":"Koonings"},"image":{"@id":"https:\/\/www.koonings.com\/de\/#\/schema\/logo\/image\/"},"sameAs":["https:\/\/www.facebook.com\/kooningstheweddingpalace","https:\/\/www.instagram.com\/kooningstheweddingpalace","https:\/\/www.pinterest.com\/koonings","https:\/\/www.youtube.com\/kooningstheweddingpalace"]}]}},"_links":{"self":[{"href":"https:\/\/www.koonings.com\/de\/wp-json\/wp\/v2\/product\/108414","targetHints":{"allow":["GET"]}}],"collection":[{"href":"https:\/\/www.koonings.com\/de\/wp-json\/wp\/v2\/product"}],"about":[{"href":"https:\/\/www.koonings.com\/de\/wp-json\/wp\/v2\/types\/product"}],"wp:featuredmedia":[{"embeddable":true,"href":"https:\/\/www.koonings.com\/de\/wp-json\/wp\/v2\/media\/95605"}],"wp:attachment":[{"href":"https:\/\/www.koonings.com\/de\/wp-json\/wp\/v2\/media?parent=108414"}],"wp:term":[{"taxonomy":"productdetails","embeddable":true,"href":"https:\/\/www.koonings.com\/de\/wp-json\/wp\/v2\/productdetails?post=108414"},{"taxonomy":"productneck","embeddable":true,"href":"https:\/\/www.koonings.com\/de\/wp-json\/wp\/v2\/productneck?post=108414"},{"taxonomy":"productcolor","embeddable":true,"href":"https:\/\/www.koonings.com\/de\/wp-json\/wp\/v2\/productcolor?post=108414"},{"taxonomy":"maat","embeddable":true,"href":"https:\/\/www.koonings.com\/de\/wp-json\/wp\/v2\/maat?post=108414"},{"taxonomy":"productsupplier","embeddable":true,"href":"https:\/\/www.koonings.com\/de\/wp-json\/wp\/v2\/productsupplier?post=108414"},{"taxonomy":"productsleeve","embeddable":true,"href":"https:\/\/www.koonings.com\/de\/wp-json\/wp\/v2\/productsleeve?post=108414"},{"taxonomy":"productcategory","embeddable":true,"href":"https:\/\/www.koonings.com\/de\/wp-json\/wp\/v2\/productcategory?post=108414"},{"taxonomy":"productsilhouette","embeddable":true,"href":"https:\/\/www.koonings.com\/de\/wp-json\/wp\/v2\/productsilhouette?post=108414"},{"taxonomy":"productstyle","embeddable":true,"href":"https:\/\/www.koonings.com\/de\/wp-json\/wp\/v2\/productstyle?post=108414"}],"curies":[{"name":"wp","href":"https:\/\/api.w.org\/{rel}","templated":true}]}}