{"id":108413,"date":"2026-04-14T16:36:54","date_gmt":"2026-04-14T14:36:54","guid":{"rendered":"https:\/\/www.koonings.com\/product\/modeca-kurven-janneke-d\/"},"modified":"2026-04-14T15:36:50","modified_gmt":"2026-04-14T13:36:50","slug":"modeca-kurven-janneke-d","status":"publish","type":"product","link":"https:\/\/www.koonings.com\/de\/product\/modeca-kurven-janneke-d\/","title":{"rendered":"Modeca Kurven Janneke-D"},"content":{"rendered":"<p>Joanna &#8211; perfekt f\u00fcr die kurvige Braut, die Schlichtheit mit Wirkung liebt. Dieses minimalistische Ballkleid aus dem luxuri\u00f6sen Hause Mikado steht f\u00fcr klare Linien und selbstbewusste Eleganz. Die strukturierte Baskettentaille betont Ihre Silhouette, w\u00e4hrend die versteckten Taschen einen modernen Touch verleihen. Eine Reihe von Kn\u00f6pfen am R\u00fccken sorgt f\u00fcr genau die richtige Menge an klassischen Brautdetails.<br \/>\nEntdecken Sie Janneke und die gesamte Modeca Curves Kollektion bei Koonings.   <\/p>\n","protected":false},"featured_media":96237,"template":"","meta":{"_acf_changed":false,"ghostkit_customizer_options":"","ghostkit_custom_css":"","ghostkit_custom_js_head":"","ghostkit_custom_js_foot":"","ghostkit_typography":""},"productdetails":[],"productneck":[356],"productcolor":[392],"maat":[375],"productsupplier":[439],"productsleeve":[359],"productcategory":[18],"productsilhouette":[388],"productstyle":[365],"class_list":["post-108413","product","type-product","status-publish","has-post-thumbnail","hentry","productneck-356","productcolor-392","maat-375","productsupplier-modeca-curves","productsleeve-359","productcategory-trouwjurken","productsilhouette-388","productstyle-365"],"acf":[],"yoast_head":"<!-- This site is optimized with the Yoast SEO plugin v27.3 - https:\/\/yoast.com\/product\/yoast-seo-wordpress\/ -->\n<title>Modeca Kurven Janneke-D | Koonings<\/title>\n<meta name=\"description\" content=\"Joanna - perfekt f\u00fcr die kurvige Braut, die Schlichtheit mit Wirkung liebt. Dieses minimalistische Ballkleid aus dem luxuri\u00f6sen Hause Mikado steht f\u00fcr klare Linien und selbstbewusste Eleganz. Die strukturierte Baskettentaille betont Ihre Silhouette, w\u00e4hrend die versteckten Taschen einen modernen Touch verleihen. Eine Reihe von Kn\u00f6pfen am R\u00fccken sorgt f\u00fcr das richtige Ma\u00df an klassischen Brautdetails. Entdecken Sie Janneke und die gesamte Modeca Curves Kollektion bei Koonings.\" \/>\n<meta name=\"robots\" content=\"index, follow, max-snippet:-1, max-image-preview:large, max-video-preview:-1\" \/>\n<link rel=\"canonical\" href=\"https:\/\/www.koonings.com\/de\/product\/modeca-kurven-janneke-d\/\" \/>\n<meta property=\"og:locale\" content=\"de_DE\" \/>\n<meta property=\"og:type\" content=\"article\" \/>\n<meta property=\"og:title\" content=\"Modeca Kurven Janneke-D | Koonings\" \/>\n<meta property=\"og:description\" content=\"Joanna - perfekt f\u00fcr die kurvige Braut, die Schlichtheit mit Wirkung liebt. Dieses minimalistische Ballkleid aus dem luxuri\u00f6sen Hause Mikado steht f\u00fcr klare Linien und selbstbewusste Eleganz. Die strukturierte Baskettentaille betont Ihre Silhouette, w\u00e4hrend die versteckten Taschen einen modernen Touch verleihen. Eine Reihe von Kn\u00f6pfen am R\u00fccken sorgt f\u00fcr das richtige Ma\u00df an klassischen Brautdetails. Entdecken Sie Janneke und die gesamte Modeca Curves Kollektion bei Koonings.\" \/>\n<meta property=\"og:url\" content=\"https:\/\/www.koonings.com\/de\/product\/modeca-kurven-janneke-d\/\" \/>\n<meta property=\"og:site_name\" content=\"Koonings\" \/>\n<meta property=\"article:publisher\" content=\"https:\/\/www.facebook.com\/kooningstheweddingpalace\" \/>\n<meta property=\"og:image\" content=\"https:\/\/www.koonings.com\/wp-content\/uploads\/2025\/09\/51112_6d1e59244afeebe3e73cd83e1e3a3b6d9650c0463a9f0a7e06a6ab268b3dc93827237b16.jpeg\" \/>\n\t<meta property=\"og:image:width\" content=\"1475\" \/>\n\t<meta property=\"og:image:height\" content=\"2083\" \/>\n\t<meta property=\"og:image:type\" content=\"image\/jpeg\" \/>\n<meta name=\"twitter:card\" content=\"summary_large_image\" \/>\n<script type=\"application\/ld+json\" class=\"yoast-schema-graph\">{\"@context\":\"https:\\\/\\\/schema.org\",\"@graph\":[{\"@type\":\"WebPage\",\"@id\":\"https:\\\/\\\/www.koonings.com\\\/de\\\/product\\\/modeca-kurven-janneke-d\\\/\",\"url\":\"https:\\\/\\\/www.koonings.com\\\/de\\\/product\\\/modeca-kurven-janneke-d\\\/\",\"name\":\"Modeca Kurven Janneke-D | Koonings\",\"isPartOf\":{\"@id\":\"https:\\\/\\\/www.koonings.com\\\/de\\\/#website\"},\"primaryImageOfPage\":{\"@id\":\"https:\\\/\\\/www.koonings.com\\\/de\\\/product\\\/modeca-kurven-janneke-d\\\/#primaryimage\"},\"image\":{\"@id\":\"https:\\\/\\\/www.koonings.com\\\/de\\\/product\\\/modeca-kurven-janneke-d\\\/#primaryimage\"},\"thumbnailUrl\":\"https:\\\/\\\/www.koonings.com\\\/wp-content\\\/uploads\\\/2025\\\/09\\\/51112_6d1e59244afeebe3e73cd83e1e3a3b6d9650c0463a9f0a7e06a6ab268b3dc93827237b16.jpeg\",\"datePublished\":\"2026-04-14T14:36:54+00:00\",\"description\":\"Joanna - perfekt f\u00fcr die kurvige Braut, die Schlichtheit mit Wirkung liebt. Dieses minimalistische Ballkleid aus dem luxuri\u00f6sen Hause Mikado steht f\u00fcr klare Linien und selbstbewusste Eleganz. Die strukturierte Baskettentaille betont Ihre Silhouette, w\u00e4hrend die versteckten Taschen einen modernen Touch verleihen. Eine Reihe von Kn\u00f6pfen am R\u00fccken sorgt f\u00fcr das richtige Ma\u00df an klassischen Brautdetails. Entdecken Sie Janneke und die gesamte Modeca Curves Kollektion bei Koonings.\",\"breadcrumb\":{\"@id\":\"https:\\\/\\\/www.koonings.com\\\/de\\\/product\\\/modeca-kurven-janneke-d\\\/#breadcrumb\"},\"inLanguage\":\"de\",\"potentialAction\":[{\"@type\":\"ReadAction\",\"target\":[\"https:\\\/\\\/www.koonings.com\\\/de\\\/product\\\/modeca-kurven-janneke-d\\\/\"]}]},{\"@type\":\"ImageObject\",\"inLanguage\":\"de\",\"@id\":\"https:\\\/\\\/www.koonings.com\\\/de\\\/product\\\/modeca-kurven-janneke-d\\\/#primaryimage\",\"url\":\"https:\\\/\\\/www.koonings.com\\\/wp-content\\\/uploads\\\/2025\\\/09\\\/51112_6d1e59244afeebe3e73cd83e1e3a3b6d9650c0463a9f0a7e06a6ab268b3dc93827237b16.jpeg\",\"contentUrl\":\"https:\\\/\\\/www.koonings.com\\\/wp-content\\\/uploads\\\/2025\\\/09\\\/51112_6d1e59244afeebe3e73cd83e1e3a3b6d9650c0463a9f0a7e06a6ab268b3dc93827237b16.jpeg\",\"width\":1475,\"height\":2083},{\"@type\":\"BreadcrumbList\",\"@id\":\"https:\\\/\\\/www.koonings.com\\\/de\\\/product\\\/modeca-kurven-janneke-d\\\/#breadcrumb\",\"itemListElement\":[{\"@type\":\"ListItem\",\"position\":1,\"name\":\"Home\",\"item\":\"https:\\\/\\\/www.koonings.com\\\/de\\\/\"},{\"@type\":\"ListItem\",\"position\":2,\"name\":\"Modeca Kurven Janneke-D\"}]},{\"@type\":\"WebSite\",\"@id\":\"https:\\\/\\\/www.koonings.com\\\/de\\\/#website\",\"url\":\"https:\\\/\\\/www.koonings.com\\\/de\\\/\",\"name\":\"Koonings\",\"description\":\"De grootste bruidsmodewinkel ter wereld\",\"publisher\":{\"@id\":\"https:\\\/\\\/www.koonings.com\\\/de\\\/#organization\"},\"potentialAction\":[{\"@type\":\"SearchAction\",\"target\":{\"@type\":\"EntryPoint\",\"urlTemplate\":\"https:\\\/\\\/www.koonings.com\\\/de\\\/?s={search_term_string}\"},\"query-input\":{\"@type\":\"PropertyValueSpecification\",\"valueRequired\":true,\"valueName\":\"search_term_string\"}}],\"inLanguage\":\"de\"},{\"@type\":\"Organization\",\"@id\":\"https:\\\/\\\/www.koonings.com\\\/de\\\/#organization\",\"name\":\"Koonings\",\"url\":\"https:\\\/\\\/www.koonings.com\\\/de\\\/\",\"logo\":{\"@type\":\"ImageObject\",\"inLanguage\":\"de\",\"@id\":\"https:\\\/\\\/www.koonings.com\\\/de\\\/#\\\/schema\\\/logo\\\/image\\\/\",\"url\":\"https:\\\/\\\/www.koonings.com\\\/wp-content\\\/uploads\\\/2024\\\/07\\\/logo.png\",\"contentUrl\":\"https:\\\/\\\/www.koonings.com\\\/wp-content\\\/uploads\\\/2024\\\/07\\\/logo.png\",\"width\":600,\"height\":428,\"caption\":\"Koonings\"},\"image\":{\"@id\":\"https:\\\/\\\/www.koonings.com\\\/de\\\/#\\\/schema\\\/logo\\\/image\\\/\"},\"sameAs\":[\"https:\\\/\\\/www.facebook.com\\\/kooningstheweddingpalace\",\"https:\\\/\\\/www.instagram.com\\\/kooningstheweddingpalace\",\"https:\\\/\\\/www.pinterest.com\\\/koonings\",\"https:\\\/\\\/www.youtube.com\\\/kooningstheweddingpalace\"]}]}<\/script>\n<!-- \/ Yoast SEO plugin. -->","yoast_head_json":{"title":"Modeca Kurven Janneke-D | Koonings","description":"Joanna - perfekt f\u00fcr die kurvige Braut, die Schlichtheit mit Wirkung liebt. Dieses minimalistische Ballkleid aus dem luxuri\u00f6sen Hause Mikado steht f\u00fcr klare Linien und selbstbewusste Eleganz. Die strukturierte Baskettentaille betont Ihre Silhouette, w\u00e4hrend die versteckten Taschen einen modernen Touch verleihen. Eine Reihe von Kn\u00f6pfen am R\u00fccken sorgt f\u00fcr das richtige Ma\u00df an klassischen Brautdetails. Entdecken Sie Janneke und die gesamte Modeca Curves Kollektion bei Koonings.","robots":{"index":"index","follow":"follow","max-snippet":"max-snippet:-1","max-image-preview":"max-image-preview:large","max-video-preview":"max-video-preview:-1"},"canonical":"https:\/\/www.koonings.com\/de\/product\/modeca-kurven-janneke-d\/","og_locale":"de_DE","og_type":"article","og_title":"Modeca Kurven Janneke-D | Koonings","og_description":"Joanna - perfekt f\u00fcr die kurvige Braut, die Schlichtheit mit Wirkung liebt. Dieses minimalistische Ballkleid aus dem luxuri\u00f6sen Hause Mikado steht f\u00fcr klare Linien und selbstbewusste Eleganz. Die strukturierte Baskettentaille betont Ihre Silhouette, w\u00e4hrend die versteckten Taschen einen modernen Touch verleihen. Eine Reihe von Kn\u00f6pfen am R\u00fccken sorgt f\u00fcr das richtige Ma\u00df an klassischen Brautdetails. Entdecken Sie Janneke und die gesamte Modeca Curves Kollektion bei Koonings.","og_url":"https:\/\/www.koonings.com\/de\/product\/modeca-kurven-janneke-d\/","og_site_name":"Koonings","article_publisher":"https:\/\/www.facebook.com\/kooningstheweddingpalace","og_image":[{"width":1475,"height":2083,"url":"https:\/\/www.koonings.com\/wp-content\/uploads\/2025\/09\/51112_6d1e59244afeebe3e73cd83e1e3a3b6d9650c0463a9f0a7e06a6ab268b3dc93827237b16.jpeg","type":"image\/jpeg"}],"twitter_card":"summary_large_image","schema":{"@context":"https:\/\/schema.org","@graph":[{"@type":"WebPage","@id":"https:\/\/www.koonings.com\/de\/product\/modeca-kurven-janneke-d\/","url":"https:\/\/www.koonings.com\/de\/product\/modeca-kurven-janneke-d\/","name":"Modeca Kurven Janneke-D | Koonings","isPartOf":{"@id":"https:\/\/www.koonings.com\/de\/#website"},"primaryImageOfPage":{"@id":"https:\/\/www.koonings.com\/de\/product\/modeca-kurven-janneke-d\/#primaryimage"},"image":{"@id":"https:\/\/www.koonings.com\/de\/product\/modeca-kurven-janneke-d\/#primaryimage"},"thumbnailUrl":"https:\/\/www.koonings.com\/wp-content\/uploads\/2025\/09\/51112_6d1e59244afeebe3e73cd83e1e3a3b6d9650c0463a9f0a7e06a6ab268b3dc93827237b16.jpeg","datePublished":"2026-04-14T14:36:54+00:00","description":"Joanna - perfekt f\u00fcr die kurvige Braut, die Schlichtheit mit Wirkung liebt. Dieses minimalistische Ballkleid aus dem luxuri\u00f6sen Hause Mikado steht f\u00fcr klare Linien und selbstbewusste Eleganz. Die strukturierte Baskettentaille betont Ihre Silhouette, w\u00e4hrend die versteckten Taschen einen modernen Touch verleihen. Eine Reihe von Kn\u00f6pfen am R\u00fccken sorgt f\u00fcr das richtige Ma\u00df an klassischen Brautdetails. Entdecken Sie Janneke und die gesamte Modeca Curves Kollektion bei Koonings.","breadcrumb":{"@id":"https:\/\/www.koonings.com\/de\/product\/modeca-kurven-janneke-d\/#breadcrumb"},"inLanguage":"de","potentialAction":[{"@type":"ReadAction","target":["https:\/\/www.koonings.com\/de\/product\/modeca-kurven-janneke-d\/"]}]},{"@type":"ImageObject","inLanguage":"de","@id":"https:\/\/www.koonings.com\/de\/product\/modeca-kurven-janneke-d\/#primaryimage","url":"https:\/\/www.koonings.com\/wp-content\/uploads\/2025\/09\/51112_6d1e59244afeebe3e73cd83e1e3a3b6d9650c0463a9f0a7e06a6ab268b3dc93827237b16.jpeg","contentUrl":"https:\/\/www.koonings.com\/wp-content\/uploads\/2025\/09\/51112_6d1e59244afeebe3e73cd83e1e3a3b6d9650c0463a9f0a7e06a6ab268b3dc93827237b16.jpeg","width":1475,"height":2083},{"@type":"BreadcrumbList","@id":"https:\/\/www.koonings.com\/de\/product\/modeca-kurven-janneke-d\/#breadcrumb","itemListElement":[{"@type":"ListItem","position":1,"name":"Home","item":"https:\/\/www.koonings.com\/de\/"},{"@type":"ListItem","position":2,"name":"Modeca Kurven Janneke-D"}]},{"@type":"WebSite","@id":"https:\/\/www.koonings.com\/de\/#website","url":"https:\/\/www.koonings.com\/de\/","name":"Koonings","description":"De grootste bruidsmodewinkel ter wereld","publisher":{"@id":"https:\/\/www.koonings.com\/de\/#organization"},"potentialAction":[{"@type":"SearchAction","target":{"@type":"EntryPoint","urlTemplate":"https:\/\/www.koonings.com\/de\/?s={search_term_string}"},"query-input":{"@type":"PropertyValueSpecification","valueRequired":true,"valueName":"search_term_string"}}],"inLanguage":"de"},{"@type":"Organization","@id":"https:\/\/www.koonings.com\/de\/#organization","name":"Koonings","url":"https:\/\/www.koonings.com\/de\/","logo":{"@type":"ImageObject","inLanguage":"de","@id":"https:\/\/www.koonings.com\/de\/#\/schema\/logo\/image\/","url":"https:\/\/www.koonings.com\/wp-content\/uploads\/2024\/07\/logo.png","contentUrl":"https:\/\/www.koonings.com\/wp-content\/uploads\/2024\/07\/logo.png","width":600,"height":428,"caption":"Koonings"},"image":{"@id":"https:\/\/www.koonings.com\/de\/#\/schema\/logo\/image\/"},"sameAs":["https:\/\/www.facebook.com\/kooningstheweddingpalace","https:\/\/www.instagram.com\/kooningstheweddingpalace","https:\/\/www.pinterest.com\/koonings","https:\/\/www.youtube.com\/kooningstheweddingpalace"]}]}},"_links":{"self":[{"href":"https:\/\/www.koonings.com\/de\/wp-json\/wp\/v2\/product\/108413","targetHints":{"allow":["GET"]}}],"collection":[{"href":"https:\/\/www.koonings.com\/de\/wp-json\/wp\/v2\/product"}],"about":[{"href":"https:\/\/www.koonings.com\/de\/wp-json\/wp\/v2\/types\/product"}],"wp:featuredmedia":[{"embeddable":true,"href":"https:\/\/www.koonings.com\/de\/wp-json\/wp\/v2\/media\/96237"}],"wp:attachment":[{"href":"https:\/\/www.koonings.com\/de\/wp-json\/wp\/v2\/media?parent=108413"}],"wp:term":[{"taxonomy":"productdetails","embeddable":true,"href":"https:\/\/www.koonings.com\/de\/wp-json\/wp\/v2\/productdetails?post=108413"},{"taxonomy":"productneck","embeddable":true,"href":"https:\/\/www.koonings.com\/de\/wp-json\/wp\/v2\/productneck?post=108413"},{"taxonomy":"productcolor","embeddable":true,"href":"https:\/\/www.koonings.com\/de\/wp-json\/wp\/v2\/productcolor?post=108413"},{"taxonomy":"maat","embeddable":true,"href":"https:\/\/www.koonings.com\/de\/wp-json\/wp\/v2\/maat?post=108413"},{"taxonomy":"productsupplier","embeddable":true,"href":"https:\/\/www.koonings.com\/de\/wp-json\/wp\/v2\/productsupplier?post=108413"},{"taxonomy":"productsleeve","embeddable":true,"href":"https:\/\/www.koonings.com\/de\/wp-json\/wp\/v2\/productsleeve?post=108413"},{"taxonomy":"productcategory","embeddable":true,"href":"https:\/\/www.koonings.com\/de\/wp-json\/wp\/v2\/productcategory?post=108413"},{"taxonomy":"productsilhouette","embeddable":true,"href":"https:\/\/www.koonings.com\/de\/wp-json\/wp\/v2\/productsilhouette?post=108413"},{"taxonomy":"productstyle","embeddable":true,"href":"https:\/\/www.koonings.com\/de\/wp-json\/wp\/v2\/productstyle?post=108413"}],"curies":[{"name":"wp","href":"https:\/\/api.w.org\/{rel}","templated":true}]}}