{"id":107077,"date":"2026-05-06T15:36:18","date_gmt":"2026-05-06T13:36:18","guid":{"rendered":"https:\/\/www.koonings.com\/product\/le-papillon-von-modeca-hemilly-a\/"},"modified":"2026-04-14T15:42:43","modified_gmt":"2026-04-14T13:42:43","slug":"le-papillon-von-modeca-hemilly-a","status":"publish","type":"product","link":"https:\/\/www.koonings.com\/de\/product\/le-papillon-von-modeca-hemilly-a\/","title":{"rendered":"Le Papillon von Modeca Hemilly-A"},"content":{"rendered":"<p>Hemilly ist ein A-Linien-Kleid aus der Kollektion von Le Papillon by Modeca und erh\u00e4ltlich bei Koonings. Das Kleid hat ein Mieder aus Illusionsspitze mit abnehmbaren langen \u00c4rmeln und einen flie\u00dfenden Chiffonrock. Details aus Spitze verzieren die Schleppe und sorgen f\u00fcr einen romantischen Effekt. Das Kleid ist auch in mehreren Varianten erh\u00e4ltlich: ohne lange \u00c4rmel als Hemilly-D, mit abnehmbaren \u00c4rmeln und einer einfachen Schleppe als Hemilly-A und ohne \u00c4rmel und einem einfachen Rock als Hemilly-DA.   <\/p>\n","protected":false},"featured_media":107078,"template":"","meta":{"_acf_changed":false,"ghostkit_customizer_options":"","ghostkit_custom_css":"","ghostkit_custom_js_head":"","ghostkit_custom_js_foot":"","ghostkit_typography":""},"productdetails":[379,376,381],"productneck":[350],"productcolor":[393,392],"maat":[],"productsupplier":[411],"productsleeve":[362],"productcategory":[18],"productsilhouette":[384],"productstyle":[369],"class_list":["post-107077","product","type-product","status-publish","has-post-thumbnail","hentry","productdetails-379","productdetails-376","productdetails-381","productneck-350","productcolor-393","productcolor-392","productsupplier-le-papillon-by-modeca","productsleeve-362","productcategory-trouwjurken","productsilhouette-384","productstyle-369"],"acf":[],"yoast_head":"<!-- This site is optimized with the Yoast SEO plugin v27.3 - https:\/\/yoast.com\/product\/yoast-seo-wordpress\/ -->\n<title>Le Papillon von Modeca Hemilly-A | Koonings<\/title>\n<meta name=\"description\" content=\"Hemilly ist ein A-Linien-Kleid aus der Kollektion von Le Papillon by Modeca und erh\u00e4ltlich bei Koonings. Das Kleid hat ein Mieder aus Illusionsspitze mit abnehmbaren langen \u00c4rmeln und einen flie\u00dfenden Chiffonrock. Details aus Spitze verzieren die Schleppe und sorgen f\u00fcr einen romantischen Effekt. Das Kleid ist auch in mehreren Varianten erh\u00e4ltlich: ohne lange \u00c4rmel als Hemilly-D, mit abnehmbaren \u00c4rmeln und einer einfachen Schleppe als Hemilly-A und ohne \u00c4rmel und einem einfachen Rock als Hemilly-DA.\" \/>\n<meta name=\"robots\" content=\"index, follow, max-snippet:-1, max-image-preview:large, max-video-preview:-1\" \/>\n<link rel=\"canonical\" href=\"https:\/\/www.koonings.com\/de\/product\/le-papillon-von-modeca-hemilly-a\/\" \/>\n<meta property=\"og:locale\" content=\"de_DE\" \/>\n<meta property=\"og:type\" content=\"article\" \/>\n<meta property=\"og:title\" content=\"Le Papillon von Modeca Hemilly-A | Koonings\" \/>\n<meta property=\"og:description\" content=\"Hemilly ist ein A-Linien-Kleid aus der Kollektion von Le Papillon by Modeca und erh\u00e4ltlich bei Koonings. Das Kleid hat ein Mieder aus Illusionsspitze mit abnehmbaren langen \u00c4rmeln und einen flie\u00dfenden Chiffonrock. Details aus Spitze verzieren die Schleppe und sorgen f\u00fcr einen romantischen Effekt. Das Kleid ist auch in mehreren Varianten erh\u00e4ltlich: ohne lange \u00c4rmel als Hemilly-D, mit abnehmbaren \u00c4rmeln und einer einfachen Schleppe als Hemilly-A und ohne \u00c4rmel und einem einfachen Rock als Hemilly-DA.\" \/>\n<meta property=\"og:url\" content=\"https:\/\/www.koonings.com\/de\/product\/le-papillon-von-modeca-hemilly-a\/\" \/>\n<meta property=\"og:site_name\" content=\"Koonings\" \/>\n<meta property=\"article:publisher\" content=\"https:\/\/www.facebook.com\/kooningstheweddingpalace\" \/>\n<meta property=\"og:image\" content=\"https:\/\/www.koonings.com\/wp-content\/uploads\/2025\/12\/51102_94f09c37dd951bcf8f6e268e506174b22dd2d5818491160f7253876ac90b5526f68c2c2f.jpeg\" \/>\n\t<meta property=\"og:image:width\" content=\"1718\" \/>\n\t<meta property=\"og:image:height\" content=\"2429\" \/>\n\t<meta property=\"og:image:type\" content=\"image\/jpeg\" \/>\n<meta name=\"twitter:card\" content=\"summary_large_image\" \/>\n<script type=\"application\/ld+json\" class=\"yoast-schema-graph\">{\"@context\":\"https:\\\/\\\/schema.org\",\"@graph\":[{\"@type\":\"WebPage\",\"@id\":\"https:\\\/\\\/www.koonings.com\\\/de\\\/product\\\/le-papillon-von-modeca-hemilly-a\\\/\",\"url\":\"https:\\\/\\\/www.koonings.com\\\/de\\\/product\\\/le-papillon-von-modeca-hemilly-a\\\/\",\"name\":\"Le Papillon von Modeca Hemilly-A | Koonings\",\"isPartOf\":{\"@id\":\"https:\\\/\\\/www.koonings.com\\\/de\\\/#website\"},\"primaryImageOfPage\":{\"@id\":\"https:\\\/\\\/www.koonings.com\\\/de\\\/product\\\/le-papillon-von-modeca-hemilly-a\\\/#primaryimage\"},\"image\":{\"@id\":\"https:\\\/\\\/www.koonings.com\\\/de\\\/product\\\/le-papillon-von-modeca-hemilly-a\\\/#primaryimage\"},\"thumbnailUrl\":\"https:\\\/\\\/www.koonings.com\\\/wp-content\\\/uploads\\\/2025\\\/12\\\/51102_94f09c37dd951bcf8f6e268e506174b22dd2d5818491160f7253876ac90b5526f68c2c2f.jpeg\",\"datePublished\":\"2026-05-06T13:36:18+00:00\",\"description\":\"Hemilly ist ein A-Linien-Kleid aus der Kollektion von Le Papillon by Modeca und erh\u00e4ltlich bei Koonings. Das Kleid hat ein Mieder aus Illusionsspitze mit abnehmbaren langen \u00c4rmeln und einen flie\u00dfenden Chiffonrock. Details aus Spitze verzieren die Schleppe und sorgen f\u00fcr einen romantischen Effekt. Das Kleid ist auch in mehreren Varianten erh\u00e4ltlich: ohne lange \u00c4rmel als Hemilly-D, mit abnehmbaren \u00c4rmeln und einer einfachen Schleppe als Hemilly-A und ohne \u00c4rmel und einem einfachen Rock als Hemilly-DA.\",\"breadcrumb\":{\"@id\":\"https:\\\/\\\/www.koonings.com\\\/de\\\/product\\\/le-papillon-von-modeca-hemilly-a\\\/#breadcrumb\"},\"inLanguage\":\"de\",\"potentialAction\":[{\"@type\":\"ReadAction\",\"target\":[\"https:\\\/\\\/www.koonings.com\\\/de\\\/product\\\/le-papillon-von-modeca-hemilly-a\\\/\"]}]},{\"@type\":\"ImageObject\",\"inLanguage\":\"de\",\"@id\":\"https:\\\/\\\/www.koonings.com\\\/de\\\/product\\\/le-papillon-von-modeca-hemilly-a\\\/#primaryimage\",\"url\":\"https:\\\/\\\/www.koonings.com\\\/wp-content\\\/uploads\\\/2025\\\/12\\\/51102_94f09c37dd951bcf8f6e268e506174b22dd2d5818491160f7253876ac90b5526f68c2c2f.jpeg\",\"contentUrl\":\"https:\\\/\\\/www.koonings.com\\\/wp-content\\\/uploads\\\/2025\\\/12\\\/51102_94f09c37dd951bcf8f6e268e506174b22dd2d5818491160f7253876ac90b5526f68c2c2f.jpeg\",\"width\":1718,\"height\":2429},{\"@type\":\"BreadcrumbList\",\"@id\":\"https:\\\/\\\/www.koonings.com\\\/de\\\/product\\\/le-papillon-von-modeca-hemilly-a\\\/#breadcrumb\",\"itemListElement\":[{\"@type\":\"ListItem\",\"position\":1,\"name\":\"Home\",\"item\":\"https:\\\/\\\/www.koonings.com\\\/de\\\/\"},{\"@type\":\"ListItem\",\"position\":2,\"name\":\"Le Papillon von Modeca Hemilly-A\"}]},{\"@type\":\"WebSite\",\"@id\":\"https:\\\/\\\/www.koonings.com\\\/de\\\/#website\",\"url\":\"https:\\\/\\\/www.koonings.com\\\/de\\\/\",\"name\":\"Koonings\",\"description\":\"De grootste bruidsmodewinkel ter wereld\",\"publisher\":{\"@id\":\"https:\\\/\\\/www.koonings.com\\\/de\\\/#organization\"},\"potentialAction\":[{\"@type\":\"SearchAction\",\"target\":{\"@type\":\"EntryPoint\",\"urlTemplate\":\"https:\\\/\\\/www.koonings.com\\\/de\\\/?s={search_term_string}\"},\"query-input\":{\"@type\":\"PropertyValueSpecification\",\"valueRequired\":true,\"valueName\":\"search_term_string\"}}],\"inLanguage\":\"de\"},{\"@type\":\"Organization\",\"@id\":\"https:\\\/\\\/www.koonings.com\\\/de\\\/#organization\",\"name\":\"Koonings\",\"url\":\"https:\\\/\\\/www.koonings.com\\\/de\\\/\",\"logo\":{\"@type\":\"ImageObject\",\"inLanguage\":\"de\",\"@id\":\"https:\\\/\\\/www.koonings.com\\\/de\\\/#\\\/schema\\\/logo\\\/image\\\/\",\"url\":\"https:\\\/\\\/www.koonings.com\\\/wp-content\\\/uploads\\\/2024\\\/07\\\/logo.png\",\"contentUrl\":\"https:\\\/\\\/www.koonings.com\\\/wp-content\\\/uploads\\\/2024\\\/07\\\/logo.png\",\"width\":600,\"height\":428,\"caption\":\"Koonings\"},\"image\":{\"@id\":\"https:\\\/\\\/www.koonings.com\\\/de\\\/#\\\/schema\\\/logo\\\/image\\\/\"},\"sameAs\":[\"https:\\\/\\\/www.facebook.com\\\/kooningstheweddingpalace\",\"https:\\\/\\\/www.instagram.com\\\/kooningstheweddingpalace\",\"https:\\\/\\\/www.pinterest.com\\\/koonings\",\"https:\\\/\\\/www.youtube.com\\\/kooningstheweddingpalace\"]}]}<\/script>\n<!-- \/ Yoast SEO plugin. -->","yoast_head_json":{"title":"Le Papillon von Modeca Hemilly-A | Koonings","description":"Hemilly ist ein A-Linien-Kleid aus der Kollektion von Le Papillon by Modeca und erh\u00e4ltlich bei Koonings. Das Kleid hat ein Mieder aus Illusionsspitze mit abnehmbaren langen \u00c4rmeln und einen flie\u00dfenden Chiffonrock. Details aus Spitze verzieren die Schleppe und sorgen f\u00fcr einen romantischen Effekt. Das Kleid ist auch in mehreren Varianten erh\u00e4ltlich: ohne lange \u00c4rmel als Hemilly-D, mit abnehmbaren \u00c4rmeln und einer einfachen Schleppe als Hemilly-A und ohne \u00c4rmel und einem einfachen Rock als Hemilly-DA.","robots":{"index":"index","follow":"follow","max-snippet":"max-snippet:-1","max-image-preview":"max-image-preview:large","max-video-preview":"max-video-preview:-1"},"canonical":"https:\/\/www.koonings.com\/de\/product\/le-papillon-von-modeca-hemilly-a\/","og_locale":"de_DE","og_type":"article","og_title":"Le Papillon von Modeca Hemilly-A | Koonings","og_description":"Hemilly ist ein A-Linien-Kleid aus der Kollektion von Le Papillon by Modeca und erh\u00e4ltlich bei Koonings. Das Kleid hat ein Mieder aus Illusionsspitze mit abnehmbaren langen \u00c4rmeln und einen flie\u00dfenden Chiffonrock. Details aus Spitze verzieren die Schleppe und sorgen f\u00fcr einen romantischen Effekt. Das Kleid ist auch in mehreren Varianten erh\u00e4ltlich: ohne lange \u00c4rmel als Hemilly-D, mit abnehmbaren \u00c4rmeln und einer einfachen Schleppe als Hemilly-A und ohne \u00c4rmel und einem einfachen Rock als Hemilly-DA.","og_url":"https:\/\/www.koonings.com\/de\/product\/le-papillon-von-modeca-hemilly-a\/","og_site_name":"Koonings","article_publisher":"https:\/\/www.facebook.com\/kooningstheweddingpalace","og_image":[{"width":1718,"height":2429,"url":"https:\/\/www.koonings.com\/wp-content\/uploads\/2025\/12\/51102_94f09c37dd951bcf8f6e268e506174b22dd2d5818491160f7253876ac90b5526f68c2c2f.jpeg","type":"image\/jpeg"}],"twitter_card":"summary_large_image","schema":{"@context":"https:\/\/schema.org","@graph":[{"@type":"WebPage","@id":"https:\/\/www.koonings.com\/de\/product\/le-papillon-von-modeca-hemilly-a\/","url":"https:\/\/www.koonings.com\/de\/product\/le-papillon-von-modeca-hemilly-a\/","name":"Le Papillon von Modeca Hemilly-A | Koonings","isPartOf":{"@id":"https:\/\/www.koonings.com\/de\/#website"},"primaryImageOfPage":{"@id":"https:\/\/www.koonings.com\/de\/product\/le-papillon-von-modeca-hemilly-a\/#primaryimage"},"image":{"@id":"https:\/\/www.koonings.com\/de\/product\/le-papillon-von-modeca-hemilly-a\/#primaryimage"},"thumbnailUrl":"https:\/\/www.koonings.com\/wp-content\/uploads\/2025\/12\/51102_94f09c37dd951bcf8f6e268e506174b22dd2d5818491160f7253876ac90b5526f68c2c2f.jpeg","datePublished":"2026-05-06T13:36:18+00:00","description":"Hemilly ist ein A-Linien-Kleid aus der Kollektion von Le Papillon by Modeca und erh\u00e4ltlich bei Koonings. Das Kleid hat ein Mieder aus Illusionsspitze mit abnehmbaren langen \u00c4rmeln und einen flie\u00dfenden Chiffonrock. Details aus Spitze verzieren die Schleppe und sorgen f\u00fcr einen romantischen Effekt. Das Kleid ist auch in mehreren Varianten erh\u00e4ltlich: ohne lange \u00c4rmel als Hemilly-D, mit abnehmbaren \u00c4rmeln und einer einfachen Schleppe als Hemilly-A und ohne \u00c4rmel und einem einfachen Rock als Hemilly-DA.","breadcrumb":{"@id":"https:\/\/www.koonings.com\/de\/product\/le-papillon-von-modeca-hemilly-a\/#breadcrumb"},"inLanguage":"de","potentialAction":[{"@type":"ReadAction","target":["https:\/\/www.koonings.com\/de\/product\/le-papillon-von-modeca-hemilly-a\/"]}]},{"@type":"ImageObject","inLanguage":"de","@id":"https:\/\/www.koonings.com\/de\/product\/le-papillon-von-modeca-hemilly-a\/#primaryimage","url":"https:\/\/www.koonings.com\/wp-content\/uploads\/2025\/12\/51102_94f09c37dd951bcf8f6e268e506174b22dd2d5818491160f7253876ac90b5526f68c2c2f.jpeg","contentUrl":"https:\/\/www.koonings.com\/wp-content\/uploads\/2025\/12\/51102_94f09c37dd951bcf8f6e268e506174b22dd2d5818491160f7253876ac90b5526f68c2c2f.jpeg","width":1718,"height":2429},{"@type":"BreadcrumbList","@id":"https:\/\/www.koonings.com\/de\/product\/le-papillon-von-modeca-hemilly-a\/#breadcrumb","itemListElement":[{"@type":"ListItem","position":1,"name":"Home","item":"https:\/\/www.koonings.com\/de\/"},{"@type":"ListItem","position":2,"name":"Le Papillon von Modeca Hemilly-A"}]},{"@type":"WebSite","@id":"https:\/\/www.koonings.com\/de\/#website","url":"https:\/\/www.koonings.com\/de\/","name":"Koonings","description":"De grootste bruidsmodewinkel ter wereld","publisher":{"@id":"https:\/\/www.koonings.com\/de\/#organization"},"potentialAction":[{"@type":"SearchAction","target":{"@type":"EntryPoint","urlTemplate":"https:\/\/www.koonings.com\/de\/?s={search_term_string}"},"query-input":{"@type":"PropertyValueSpecification","valueRequired":true,"valueName":"search_term_string"}}],"inLanguage":"de"},{"@type":"Organization","@id":"https:\/\/www.koonings.com\/de\/#organization","name":"Koonings","url":"https:\/\/www.koonings.com\/de\/","logo":{"@type":"ImageObject","inLanguage":"de","@id":"https:\/\/www.koonings.com\/de\/#\/schema\/logo\/image\/","url":"https:\/\/www.koonings.com\/wp-content\/uploads\/2024\/07\/logo.png","contentUrl":"https:\/\/www.koonings.com\/wp-content\/uploads\/2024\/07\/logo.png","width":600,"height":428,"caption":"Koonings"},"image":{"@id":"https:\/\/www.koonings.com\/de\/#\/schema\/logo\/image\/"},"sameAs":["https:\/\/www.facebook.com\/kooningstheweddingpalace","https:\/\/www.instagram.com\/kooningstheweddingpalace","https:\/\/www.pinterest.com\/koonings","https:\/\/www.youtube.com\/kooningstheweddingpalace"]}]}},"_links":{"self":[{"href":"https:\/\/www.koonings.com\/de\/wp-json\/wp\/v2\/product\/107077","targetHints":{"allow":["GET"]}}],"collection":[{"href":"https:\/\/www.koonings.com\/de\/wp-json\/wp\/v2\/product"}],"about":[{"href":"https:\/\/www.koonings.com\/de\/wp-json\/wp\/v2\/types\/product"}],"wp:featuredmedia":[{"embeddable":true,"href":"https:\/\/www.koonings.com\/de\/wp-json\/wp\/v2\/media\/107078"}],"wp:attachment":[{"href":"https:\/\/www.koonings.com\/de\/wp-json\/wp\/v2\/media?parent=107077"}],"wp:term":[{"taxonomy":"productdetails","embeddable":true,"href":"https:\/\/www.koonings.com\/de\/wp-json\/wp\/v2\/productdetails?post=107077"},{"taxonomy":"productneck","embeddable":true,"href":"https:\/\/www.koonings.com\/de\/wp-json\/wp\/v2\/productneck?post=107077"},{"taxonomy":"productcolor","embeddable":true,"href":"https:\/\/www.koonings.com\/de\/wp-json\/wp\/v2\/productcolor?post=107077"},{"taxonomy":"maat","embeddable":true,"href":"https:\/\/www.koonings.com\/de\/wp-json\/wp\/v2\/maat?post=107077"},{"taxonomy":"productsupplier","embeddable":true,"href":"https:\/\/www.koonings.com\/de\/wp-json\/wp\/v2\/productsupplier?post=107077"},{"taxonomy":"productsleeve","embeddable":true,"href":"https:\/\/www.koonings.com\/de\/wp-json\/wp\/v2\/productsleeve?post=107077"},{"taxonomy":"productcategory","embeddable":true,"href":"https:\/\/www.koonings.com\/de\/wp-json\/wp\/v2\/productcategory?post=107077"},{"taxonomy":"productsilhouette","embeddable":true,"href":"https:\/\/www.koonings.com\/de\/wp-json\/wp\/v2\/productsilhouette?post=107077"},{"taxonomy":"productstyle","embeddable":true,"href":"https:\/\/www.koonings.com\/de\/wp-json\/wp\/v2\/productstyle?post=107077"}],"curies":[{"name":"wp","href":"https:\/\/api.w.org\/{rel}","templated":true}]}}