{"id":107058,"date":"2026-05-06T15:36:17","date_gmt":"2026-05-06T13:36:17","guid":{"rendered":"https:\/\/www.koonings.com\/product\/le-papillon-von-modeca-hortense\/"},"modified":"2026-04-14T15:42:36","modified_gmt":"2026-04-14T13:42:36","slug":"le-papillon-von-modeca-hortense","status":"publish","type":"product","link":"https:\/\/www.koonings.com\/de\/product\/le-papillon-von-modeca-hortense\/","title":{"rendered":"Le Papillon von Modeca Hortense"},"content":{"rendered":"<p>Ein schickes kurzes Taftkleid mit elegantem Rundhalsausschnitt und plissiertem Mieder. Der auff\u00e4llige \u00dcberrock, der mit einer gro\u00dfen Schleife abschlie\u00dft, verleiht dem Kleid einen verspielten und dennoch stilvollen Look. F\u00fcr einen schlichteren und raffinierteren Look ist dieses Modell auch ohne \u00dcberrock als Hortense-D erh\u00e4ltlich.  <\/p>\n<p>Dieses Design stammt aus der Kollektion Le Papillon by Modeca und ist exklusiv bei Koonings erh\u00e4ltlich.<\/p>\n","protected":false},"featured_media":97186,"template":"","meta":{"_acf_changed":false,"ghostkit_customizer_options":"","ghostkit_custom_css":"","ghostkit_custom_js_head":"","ghostkit_custom_js_foot":"","ghostkit_typography":""},"productdetails":[],"productneck":[354],"productcolor":[392],"maat":[],"productsupplier":[411],"productsleeve":[],"productcategory":[18],"productsilhouette":[384,388],"productstyle":[372,366],"class_list":["post-107058","product","type-product","status-publish","has-post-thumbnail","hentry","productneck-354","productcolor-392","productsupplier-le-papillon-by-modeca","productcategory-trouwjurken","productsilhouette-384","productsilhouette-388","productstyle-372","productstyle-366"],"acf":[],"yoast_head":"<!-- This site is optimized with the Yoast SEO plugin v27.3 - https:\/\/yoast.com\/product\/yoast-seo-wordpress\/ -->\n<title>Le Papillon von Modeca Hortense | Koonings<\/title>\n<meta name=\"description\" content=\"Ein schickes kurzes Taftkleid mit elegantem Rundhalsausschnitt und plissiertem Mieder. Der auff\u00e4llige \u00dcberrock, der mit einer gro\u00dfen Schleife abschlie\u00dft, verleiht dem Kleid einen verspielten und dennoch stilvollen Look. F\u00fcr einen schlichteren und raffinierteren Look ist dieses Modell auch ohne \u00dcberrock als Hortense-D erh\u00e4ltlich. Dieses Design stammt aus der Kollektion Le Papillon by Modeca und ist exklusiv bei Koonings erh\u00e4ltlich.\" \/>\n<meta name=\"robots\" content=\"index, follow, max-snippet:-1, max-image-preview:large, max-video-preview:-1\" \/>\n<link rel=\"canonical\" href=\"https:\/\/www.koonings.com\/de\/product\/le-papillon-von-modeca-hortense\/\" \/>\n<meta property=\"og:locale\" content=\"de_DE\" \/>\n<meta property=\"og:type\" content=\"article\" \/>\n<meta property=\"og:title\" content=\"Le Papillon von Modeca Hortense | Koonings\" \/>\n<meta property=\"og:description\" content=\"Ein schickes kurzes Taftkleid mit elegantem Rundhalsausschnitt und plissiertem Mieder. Der auff\u00e4llige \u00dcberrock, der mit einer gro\u00dfen Schleife abschlie\u00dft, verleiht dem Kleid einen verspielten und dennoch stilvollen Look. F\u00fcr einen schlichteren und raffinierteren Look ist dieses Modell auch ohne \u00dcberrock als Hortense-D erh\u00e4ltlich. Dieses Design stammt aus der Kollektion Le Papillon by Modeca und ist exklusiv bei Koonings erh\u00e4ltlich.\" \/>\n<meta property=\"og:url\" content=\"https:\/\/www.koonings.com\/de\/product\/le-papillon-von-modeca-hortense\/\" \/>\n<meta property=\"og:site_name\" content=\"Koonings\" \/>\n<meta property=\"article:publisher\" content=\"https:\/\/www.facebook.com\/kooningstheweddingpalace\" \/>\n<meta property=\"og:image\" content=\"https:\/\/www.koonings.com\/wp-content\/uploads\/2025\/09\/51101_ebf2ab035102686a38e68a741889cc16d0e320fec33106b199fe3a5a276baa34e964c02e.jpeg\" \/>\n\t<meta property=\"og:image:width\" content=\"1514\" \/>\n\t<meta property=\"og:image:height\" content=\"2140\" \/>\n\t<meta property=\"og:image:type\" content=\"image\/jpeg\" \/>\n<meta name=\"twitter:card\" content=\"summary_large_image\" \/>\n<script type=\"application\/ld+json\" class=\"yoast-schema-graph\">{\"@context\":\"https:\\\/\\\/schema.org\",\"@graph\":[{\"@type\":\"WebPage\",\"@id\":\"https:\\\/\\\/www.koonings.com\\\/de\\\/product\\\/le-papillon-von-modeca-hortense\\\/\",\"url\":\"https:\\\/\\\/www.koonings.com\\\/de\\\/product\\\/le-papillon-von-modeca-hortense\\\/\",\"name\":\"Le Papillon von Modeca Hortense | Koonings\",\"isPartOf\":{\"@id\":\"https:\\\/\\\/www.koonings.com\\\/de\\\/#website\"},\"primaryImageOfPage\":{\"@id\":\"https:\\\/\\\/www.koonings.com\\\/de\\\/product\\\/le-papillon-von-modeca-hortense\\\/#primaryimage\"},\"image\":{\"@id\":\"https:\\\/\\\/www.koonings.com\\\/de\\\/product\\\/le-papillon-von-modeca-hortense\\\/#primaryimage\"},\"thumbnailUrl\":\"https:\\\/\\\/www.koonings.com\\\/wp-content\\\/uploads\\\/2025\\\/09\\\/51101_ebf2ab035102686a38e68a741889cc16d0e320fec33106b199fe3a5a276baa34e964c02e.jpeg\",\"datePublished\":\"2026-05-06T13:36:17+00:00\",\"description\":\"Ein schickes kurzes Taftkleid mit elegantem Rundhalsausschnitt und plissiertem Mieder. Der auff\u00e4llige \u00dcberrock, der mit einer gro\u00dfen Schleife abschlie\u00dft, verleiht dem Kleid einen verspielten und dennoch stilvollen Look. F\u00fcr einen schlichteren und raffinierteren Look ist dieses Modell auch ohne \u00dcberrock als Hortense-D erh\u00e4ltlich. Dieses Design stammt aus der Kollektion Le Papillon by Modeca und ist exklusiv bei Koonings erh\u00e4ltlich.\",\"breadcrumb\":{\"@id\":\"https:\\\/\\\/www.koonings.com\\\/de\\\/product\\\/le-papillon-von-modeca-hortense\\\/#breadcrumb\"},\"inLanguage\":\"de\",\"potentialAction\":[{\"@type\":\"ReadAction\",\"target\":[\"https:\\\/\\\/www.koonings.com\\\/de\\\/product\\\/le-papillon-von-modeca-hortense\\\/\"]}]},{\"@type\":\"ImageObject\",\"inLanguage\":\"de\",\"@id\":\"https:\\\/\\\/www.koonings.com\\\/de\\\/product\\\/le-papillon-von-modeca-hortense\\\/#primaryimage\",\"url\":\"https:\\\/\\\/www.koonings.com\\\/wp-content\\\/uploads\\\/2025\\\/09\\\/51101_ebf2ab035102686a38e68a741889cc16d0e320fec33106b199fe3a5a276baa34e964c02e.jpeg\",\"contentUrl\":\"https:\\\/\\\/www.koonings.com\\\/wp-content\\\/uploads\\\/2025\\\/09\\\/51101_ebf2ab035102686a38e68a741889cc16d0e320fec33106b199fe3a5a276baa34e964c02e.jpeg\",\"width\":1514,\"height\":2140},{\"@type\":\"BreadcrumbList\",\"@id\":\"https:\\\/\\\/www.koonings.com\\\/de\\\/product\\\/le-papillon-von-modeca-hortense\\\/#breadcrumb\",\"itemListElement\":[{\"@type\":\"ListItem\",\"position\":1,\"name\":\"Home\",\"item\":\"https:\\\/\\\/www.koonings.com\\\/de\\\/\"},{\"@type\":\"ListItem\",\"position\":2,\"name\":\"Le Papillon von Modeca Hortense\"}]},{\"@type\":\"WebSite\",\"@id\":\"https:\\\/\\\/www.koonings.com\\\/de\\\/#website\",\"url\":\"https:\\\/\\\/www.koonings.com\\\/de\\\/\",\"name\":\"Koonings\",\"description\":\"De grootste bruidsmodewinkel ter wereld\",\"publisher\":{\"@id\":\"https:\\\/\\\/www.koonings.com\\\/de\\\/#organization\"},\"potentialAction\":[{\"@type\":\"SearchAction\",\"target\":{\"@type\":\"EntryPoint\",\"urlTemplate\":\"https:\\\/\\\/www.koonings.com\\\/de\\\/?s={search_term_string}\"},\"query-input\":{\"@type\":\"PropertyValueSpecification\",\"valueRequired\":true,\"valueName\":\"search_term_string\"}}],\"inLanguage\":\"de\"},{\"@type\":\"Organization\",\"@id\":\"https:\\\/\\\/www.koonings.com\\\/de\\\/#organization\",\"name\":\"Koonings\",\"url\":\"https:\\\/\\\/www.koonings.com\\\/de\\\/\",\"logo\":{\"@type\":\"ImageObject\",\"inLanguage\":\"de\",\"@id\":\"https:\\\/\\\/www.koonings.com\\\/de\\\/#\\\/schema\\\/logo\\\/image\\\/\",\"url\":\"https:\\\/\\\/www.koonings.com\\\/wp-content\\\/uploads\\\/2024\\\/07\\\/logo.png\",\"contentUrl\":\"https:\\\/\\\/www.koonings.com\\\/wp-content\\\/uploads\\\/2024\\\/07\\\/logo.png\",\"width\":600,\"height\":428,\"caption\":\"Koonings\"},\"image\":{\"@id\":\"https:\\\/\\\/www.koonings.com\\\/de\\\/#\\\/schema\\\/logo\\\/image\\\/\"},\"sameAs\":[\"https:\\\/\\\/www.facebook.com\\\/kooningstheweddingpalace\",\"https:\\\/\\\/www.instagram.com\\\/kooningstheweddingpalace\",\"https:\\\/\\\/www.pinterest.com\\\/koonings\",\"https:\\\/\\\/www.youtube.com\\\/kooningstheweddingpalace\"]}]}<\/script>\n<!-- \/ Yoast SEO plugin. -->","yoast_head_json":{"title":"Le Papillon von Modeca Hortense | Koonings","description":"Ein schickes kurzes Taftkleid mit elegantem Rundhalsausschnitt und plissiertem Mieder. Der auff\u00e4llige \u00dcberrock, der mit einer gro\u00dfen Schleife abschlie\u00dft, verleiht dem Kleid einen verspielten und dennoch stilvollen Look. F\u00fcr einen schlichteren und raffinierteren Look ist dieses Modell auch ohne \u00dcberrock als Hortense-D erh\u00e4ltlich. Dieses Design stammt aus der Kollektion Le Papillon by Modeca und ist exklusiv bei Koonings erh\u00e4ltlich.","robots":{"index":"index","follow":"follow","max-snippet":"max-snippet:-1","max-image-preview":"max-image-preview:large","max-video-preview":"max-video-preview:-1"},"canonical":"https:\/\/www.koonings.com\/de\/product\/le-papillon-von-modeca-hortense\/","og_locale":"de_DE","og_type":"article","og_title":"Le Papillon von Modeca Hortense | Koonings","og_description":"Ein schickes kurzes Taftkleid mit elegantem Rundhalsausschnitt und plissiertem Mieder. Der auff\u00e4llige \u00dcberrock, der mit einer gro\u00dfen Schleife abschlie\u00dft, verleiht dem Kleid einen verspielten und dennoch stilvollen Look. F\u00fcr einen schlichteren und raffinierteren Look ist dieses Modell auch ohne \u00dcberrock als Hortense-D erh\u00e4ltlich. Dieses Design stammt aus der Kollektion Le Papillon by Modeca und ist exklusiv bei Koonings erh\u00e4ltlich.","og_url":"https:\/\/www.koonings.com\/de\/product\/le-papillon-von-modeca-hortense\/","og_site_name":"Koonings","article_publisher":"https:\/\/www.facebook.com\/kooningstheweddingpalace","og_image":[{"width":1514,"height":2140,"url":"https:\/\/www.koonings.com\/wp-content\/uploads\/2025\/09\/51101_ebf2ab035102686a38e68a741889cc16d0e320fec33106b199fe3a5a276baa34e964c02e.jpeg","type":"image\/jpeg"}],"twitter_card":"summary_large_image","schema":{"@context":"https:\/\/schema.org","@graph":[{"@type":"WebPage","@id":"https:\/\/www.koonings.com\/de\/product\/le-papillon-von-modeca-hortense\/","url":"https:\/\/www.koonings.com\/de\/product\/le-papillon-von-modeca-hortense\/","name":"Le Papillon von Modeca Hortense | Koonings","isPartOf":{"@id":"https:\/\/www.koonings.com\/de\/#website"},"primaryImageOfPage":{"@id":"https:\/\/www.koonings.com\/de\/product\/le-papillon-von-modeca-hortense\/#primaryimage"},"image":{"@id":"https:\/\/www.koonings.com\/de\/product\/le-papillon-von-modeca-hortense\/#primaryimage"},"thumbnailUrl":"https:\/\/www.koonings.com\/wp-content\/uploads\/2025\/09\/51101_ebf2ab035102686a38e68a741889cc16d0e320fec33106b199fe3a5a276baa34e964c02e.jpeg","datePublished":"2026-05-06T13:36:17+00:00","description":"Ein schickes kurzes Taftkleid mit elegantem Rundhalsausschnitt und plissiertem Mieder. Der auff\u00e4llige \u00dcberrock, der mit einer gro\u00dfen Schleife abschlie\u00dft, verleiht dem Kleid einen verspielten und dennoch stilvollen Look. F\u00fcr einen schlichteren und raffinierteren Look ist dieses Modell auch ohne \u00dcberrock als Hortense-D erh\u00e4ltlich. Dieses Design stammt aus der Kollektion Le Papillon by Modeca und ist exklusiv bei Koonings erh\u00e4ltlich.","breadcrumb":{"@id":"https:\/\/www.koonings.com\/de\/product\/le-papillon-von-modeca-hortense\/#breadcrumb"},"inLanguage":"de","potentialAction":[{"@type":"ReadAction","target":["https:\/\/www.koonings.com\/de\/product\/le-papillon-von-modeca-hortense\/"]}]},{"@type":"ImageObject","inLanguage":"de","@id":"https:\/\/www.koonings.com\/de\/product\/le-papillon-von-modeca-hortense\/#primaryimage","url":"https:\/\/www.koonings.com\/wp-content\/uploads\/2025\/09\/51101_ebf2ab035102686a38e68a741889cc16d0e320fec33106b199fe3a5a276baa34e964c02e.jpeg","contentUrl":"https:\/\/www.koonings.com\/wp-content\/uploads\/2025\/09\/51101_ebf2ab035102686a38e68a741889cc16d0e320fec33106b199fe3a5a276baa34e964c02e.jpeg","width":1514,"height":2140},{"@type":"BreadcrumbList","@id":"https:\/\/www.koonings.com\/de\/product\/le-papillon-von-modeca-hortense\/#breadcrumb","itemListElement":[{"@type":"ListItem","position":1,"name":"Home","item":"https:\/\/www.koonings.com\/de\/"},{"@type":"ListItem","position":2,"name":"Le Papillon von Modeca Hortense"}]},{"@type":"WebSite","@id":"https:\/\/www.koonings.com\/de\/#website","url":"https:\/\/www.koonings.com\/de\/","name":"Koonings","description":"De grootste bruidsmodewinkel ter wereld","publisher":{"@id":"https:\/\/www.koonings.com\/de\/#organization"},"potentialAction":[{"@type":"SearchAction","target":{"@type":"EntryPoint","urlTemplate":"https:\/\/www.koonings.com\/de\/?s={search_term_string}"},"query-input":{"@type":"PropertyValueSpecification","valueRequired":true,"valueName":"search_term_string"}}],"inLanguage":"de"},{"@type":"Organization","@id":"https:\/\/www.koonings.com\/de\/#organization","name":"Koonings","url":"https:\/\/www.koonings.com\/de\/","logo":{"@type":"ImageObject","inLanguage":"de","@id":"https:\/\/www.koonings.com\/de\/#\/schema\/logo\/image\/","url":"https:\/\/www.koonings.com\/wp-content\/uploads\/2024\/07\/logo.png","contentUrl":"https:\/\/www.koonings.com\/wp-content\/uploads\/2024\/07\/logo.png","width":600,"height":428,"caption":"Koonings"},"image":{"@id":"https:\/\/www.koonings.com\/de\/#\/schema\/logo\/image\/"},"sameAs":["https:\/\/www.facebook.com\/kooningstheweddingpalace","https:\/\/www.instagram.com\/kooningstheweddingpalace","https:\/\/www.pinterest.com\/koonings","https:\/\/www.youtube.com\/kooningstheweddingpalace"]}]}},"_links":{"self":[{"href":"https:\/\/www.koonings.com\/de\/wp-json\/wp\/v2\/product\/107058","targetHints":{"allow":["GET"]}}],"collection":[{"href":"https:\/\/www.koonings.com\/de\/wp-json\/wp\/v2\/product"}],"about":[{"href":"https:\/\/www.koonings.com\/de\/wp-json\/wp\/v2\/types\/product"}],"wp:featuredmedia":[{"embeddable":true,"href":"https:\/\/www.koonings.com\/de\/wp-json\/wp\/v2\/media\/97186"}],"wp:attachment":[{"href":"https:\/\/www.koonings.com\/de\/wp-json\/wp\/v2\/media?parent=107058"}],"wp:term":[{"taxonomy":"productdetails","embeddable":true,"href":"https:\/\/www.koonings.com\/de\/wp-json\/wp\/v2\/productdetails?post=107058"},{"taxonomy":"productneck","embeddable":true,"href":"https:\/\/www.koonings.com\/de\/wp-json\/wp\/v2\/productneck?post=107058"},{"taxonomy":"productcolor","embeddable":true,"href":"https:\/\/www.koonings.com\/de\/wp-json\/wp\/v2\/productcolor?post=107058"},{"taxonomy":"maat","embeddable":true,"href":"https:\/\/www.koonings.com\/de\/wp-json\/wp\/v2\/maat?post=107058"},{"taxonomy":"productsupplier","embeddable":true,"href":"https:\/\/www.koonings.com\/de\/wp-json\/wp\/v2\/productsupplier?post=107058"},{"taxonomy":"productsleeve","embeddable":true,"href":"https:\/\/www.koonings.com\/de\/wp-json\/wp\/v2\/productsleeve?post=107058"},{"taxonomy":"productcategory","embeddable":true,"href":"https:\/\/www.koonings.com\/de\/wp-json\/wp\/v2\/productcategory?post=107058"},{"taxonomy":"productsilhouette","embeddable":true,"href":"https:\/\/www.koonings.com\/de\/wp-json\/wp\/v2\/productsilhouette?post=107058"},{"taxonomy":"productstyle","embeddable":true,"href":"https:\/\/www.koonings.com\/de\/wp-json\/wp\/v2\/productstyle?post=107058"}],"curies":[{"name":"wp","href":"https:\/\/api.w.org\/{rel}","templated":true}]}}