{"id":107051,"date":"2026-05-06T15:36:16","date_gmt":"2026-05-06T13:36:16","guid":{"rendered":"https:\/\/www.koonings.com\/product\/le-papillon-von-modeca-hind\/"},"modified":"2026-04-14T15:41:59","modified_gmt":"2026-04-14T13:41:59","slug":"le-papillon-von-modeca-hind","status":"publish","type":"product","link":"https:\/\/www.koonings.com\/de\/product\/le-papillon-von-modeca-hind\/","title":{"rendered":"Le Papillon von Modeca Hind"},"content":{"rendered":"<p>Ein k\u00fchnes Kleid in A-Linie mit einem tr\u00e4gerlosen, tief ausgeschnittenen herzf\u00f6rmigen Ausschnitt, der Selbstbewusstsein ausstrahlt. Das plissierte Mieder aus glitzerndem T\u00fcll verleiht ihm Tiefe und Struktur, w\u00e4hrend perlenbesetzte Spitzen den schimmernden T\u00fcllrock zieren. Das Ergebnis ist ein bezaubernder und unvergesslicher Look &#8211; perfekt f\u00fcr die Braut, die Eleganz mit K\u00fchnheit verbinden m\u00f6chte.  <\/p>\n<p>Dieses besondere Design ist Teil der Kollektion Le Papillon by Modeca und bei Koonings erh\u00e4ltlich.<\/p>\n","protected":false},"featured_media":97144,"template":"","meta":{"_acf_changed":false,"ghostkit_customizer_options":"","ghostkit_custom_css":"","ghostkit_custom_js_head":"","ghostkit_custom_js_foot":"","ghostkit_typography":""},"productdetails":[379,376,378,381],"productneck":[355],"productcolor":[393,392],"maat":[],"productsupplier":[411],"productsleeve":[363],"productcategory":[18],"productsilhouette":[384],"productstyle":[366,370],"class_list":["post-107051","product","type-product","status-publish","has-post-thumbnail","hentry","productdetails-379","productdetails-376","productdetails-378","productdetails-381","productneck-355","productcolor-393","productcolor-392","productsupplier-le-papillon-by-modeca","productsleeve-363","productcategory-trouwjurken","productsilhouette-384","productstyle-366","productstyle-370"],"acf":[],"yoast_head":"<!-- This site is optimized with the Yoast SEO plugin v27.3 - https:\/\/yoast.com\/product\/yoast-seo-wordpress\/ -->\n<title>Le Papillon von Modeca Hind | Koonings<\/title>\n<meta name=\"description\" content=\"Ein k\u00fchnes Kleid in A-Linie mit einem tr\u00e4gerlosen, tief ausgeschnittenen herzf\u00f6rmigen Ausschnitt, der Selbstbewusstsein ausstrahlt. Das plissierte Mieder aus glitzerndem T\u00fcll verleiht ihm Tiefe und Struktur, w\u00e4hrend perlenbesetzte Spitzen den schimmernden T\u00fcllrock zieren. Das Ergebnis ist ein bezaubernder und unvergesslicher Look - perfekt f\u00fcr die Braut, die Eleganz mit K\u00fchnheit verbinden m\u00f6chte. Dieses besondere Design ist Teil der Kollektion Le Papillon by Modeca und bei Koonings erh\u00e4ltlich.\" \/>\n<meta name=\"robots\" content=\"index, follow, max-snippet:-1, max-image-preview:large, max-video-preview:-1\" \/>\n<link rel=\"canonical\" href=\"https:\/\/www.koonings.com\/de\/product\/le-papillon-von-modeca-hind\/\" \/>\n<meta property=\"og:locale\" content=\"de_DE\" \/>\n<meta property=\"og:type\" content=\"article\" \/>\n<meta property=\"og:title\" content=\"Le Papillon von Modeca Hind | Koonings\" \/>\n<meta property=\"og:description\" content=\"Ein k\u00fchnes Kleid in A-Linie mit einem tr\u00e4gerlosen, tief ausgeschnittenen herzf\u00f6rmigen Ausschnitt, der Selbstbewusstsein ausstrahlt. Das plissierte Mieder aus glitzerndem T\u00fcll verleiht ihm Tiefe und Struktur, w\u00e4hrend perlenbesetzte Spitzen den schimmernden T\u00fcllrock zieren. Das Ergebnis ist ein bezaubernder und unvergesslicher Look - perfekt f\u00fcr die Braut, die Eleganz mit K\u00fchnheit verbinden m\u00f6chte. Dieses besondere Design ist Teil der Kollektion Le Papillon by Modeca und bei Koonings erh\u00e4ltlich.\" \/>\n<meta property=\"og:url\" content=\"https:\/\/www.koonings.com\/de\/product\/le-papillon-von-modeca-hind\/\" \/>\n<meta property=\"og:site_name\" content=\"Koonings\" \/>\n<meta property=\"article:publisher\" content=\"https:\/\/www.facebook.com\/kooningstheweddingpalace\" \/>\n<meta property=\"og:image\" content=\"https:\/\/www.koonings.com\/wp-content\/uploads\/2025\/09\/51099_1aedab839acf20bdf07ee60b4757c8a1c65952c64305a0a8da35db4c155737869cfae3a6.jpeg\" \/>\n\t<meta property=\"og:image:width\" content=\"1540\" \/>\n\t<meta property=\"og:image:height\" content=\"2176\" \/>\n\t<meta property=\"og:image:type\" content=\"image\/jpeg\" \/>\n<meta name=\"twitter:card\" content=\"summary_large_image\" \/>\n<script type=\"application\/ld+json\" class=\"yoast-schema-graph\">{\"@context\":\"https:\\\/\\\/schema.org\",\"@graph\":[{\"@type\":\"WebPage\",\"@id\":\"https:\\\/\\\/www.koonings.com\\\/de\\\/product\\\/le-papillon-von-modeca-hind\\\/\",\"url\":\"https:\\\/\\\/www.koonings.com\\\/de\\\/product\\\/le-papillon-von-modeca-hind\\\/\",\"name\":\"Le Papillon von Modeca Hind | Koonings\",\"isPartOf\":{\"@id\":\"https:\\\/\\\/www.koonings.com\\\/de\\\/#website\"},\"primaryImageOfPage\":{\"@id\":\"https:\\\/\\\/www.koonings.com\\\/de\\\/product\\\/le-papillon-von-modeca-hind\\\/#primaryimage\"},\"image\":{\"@id\":\"https:\\\/\\\/www.koonings.com\\\/de\\\/product\\\/le-papillon-von-modeca-hind\\\/#primaryimage\"},\"thumbnailUrl\":\"https:\\\/\\\/www.koonings.com\\\/wp-content\\\/uploads\\\/2025\\\/09\\\/51099_1aedab839acf20bdf07ee60b4757c8a1c65952c64305a0a8da35db4c155737869cfae3a6.jpeg\",\"datePublished\":\"2026-05-06T13:36:16+00:00\",\"description\":\"Ein k\u00fchnes Kleid in A-Linie mit einem tr\u00e4gerlosen, tief ausgeschnittenen herzf\u00f6rmigen Ausschnitt, der Selbstbewusstsein ausstrahlt. Das plissierte Mieder aus glitzerndem T\u00fcll verleiht ihm Tiefe und Struktur, w\u00e4hrend perlenbesetzte Spitzen den schimmernden T\u00fcllrock zieren. Das Ergebnis ist ein bezaubernder und unvergesslicher Look - perfekt f\u00fcr die Braut, die Eleganz mit K\u00fchnheit verbinden m\u00f6chte. Dieses besondere Design ist Teil der Kollektion Le Papillon by Modeca und bei Koonings erh\u00e4ltlich.\",\"breadcrumb\":{\"@id\":\"https:\\\/\\\/www.koonings.com\\\/de\\\/product\\\/le-papillon-von-modeca-hind\\\/#breadcrumb\"},\"inLanguage\":\"de\",\"potentialAction\":[{\"@type\":\"ReadAction\",\"target\":[\"https:\\\/\\\/www.koonings.com\\\/de\\\/product\\\/le-papillon-von-modeca-hind\\\/\"]}]},{\"@type\":\"ImageObject\",\"inLanguage\":\"de\",\"@id\":\"https:\\\/\\\/www.koonings.com\\\/de\\\/product\\\/le-papillon-von-modeca-hind\\\/#primaryimage\",\"url\":\"https:\\\/\\\/www.koonings.com\\\/wp-content\\\/uploads\\\/2025\\\/09\\\/51099_1aedab839acf20bdf07ee60b4757c8a1c65952c64305a0a8da35db4c155737869cfae3a6.jpeg\",\"contentUrl\":\"https:\\\/\\\/www.koonings.com\\\/wp-content\\\/uploads\\\/2025\\\/09\\\/51099_1aedab839acf20bdf07ee60b4757c8a1c65952c64305a0a8da35db4c155737869cfae3a6.jpeg\",\"width\":1540,\"height\":2176},{\"@type\":\"BreadcrumbList\",\"@id\":\"https:\\\/\\\/www.koonings.com\\\/de\\\/product\\\/le-papillon-von-modeca-hind\\\/#breadcrumb\",\"itemListElement\":[{\"@type\":\"ListItem\",\"position\":1,\"name\":\"Home\",\"item\":\"https:\\\/\\\/www.koonings.com\\\/de\\\/\"},{\"@type\":\"ListItem\",\"position\":2,\"name\":\"Le Papillon von Modeca Hind\"}]},{\"@type\":\"WebSite\",\"@id\":\"https:\\\/\\\/www.koonings.com\\\/de\\\/#website\",\"url\":\"https:\\\/\\\/www.koonings.com\\\/de\\\/\",\"name\":\"Koonings\",\"description\":\"De grootste bruidsmodewinkel ter wereld\",\"publisher\":{\"@id\":\"https:\\\/\\\/www.koonings.com\\\/de\\\/#organization\"},\"potentialAction\":[{\"@type\":\"SearchAction\",\"target\":{\"@type\":\"EntryPoint\",\"urlTemplate\":\"https:\\\/\\\/www.koonings.com\\\/de\\\/?s={search_term_string}\"},\"query-input\":{\"@type\":\"PropertyValueSpecification\",\"valueRequired\":true,\"valueName\":\"search_term_string\"}}],\"inLanguage\":\"de\"},{\"@type\":\"Organization\",\"@id\":\"https:\\\/\\\/www.koonings.com\\\/de\\\/#organization\",\"name\":\"Koonings\",\"url\":\"https:\\\/\\\/www.koonings.com\\\/de\\\/\",\"logo\":{\"@type\":\"ImageObject\",\"inLanguage\":\"de\",\"@id\":\"https:\\\/\\\/www.koonings.com\\\/de\\\/#\\\/schema\\\/logo\\\/image\\\/\",\"url\":\"https:\\\/\\\/www.koonings.com\\\/wp-content\\\/uploads\\\/2024\\\/07\\\/logo.png\",\"contentUrl\":\"https:\\\/\\\/www.koonings.com\\\/wp-content\\\/uploads\\\/2024\\\/07\\\/logo.png\",\"width\":600,\"height\":428,\"caption\":\"Koonings\"},\"image\":{\"@id\":\"https:\\\/\\\/www.koonings.com\\\/de\\\/#\\\/schema\\\/logo\\\/image\\\/\"},\"sameAs\":[\"https:\\\/\\\/www.facebook.com\\\/kooningstheweddingpalace\",\"https:\\\/\\\/www.instagram.com\\\/kooningstheweddingpalace\",\"https:\\\/\\\/www.pinterest.com\\\/koonings\",\"https:\\\/\\\/www.youtube.com\\\/kooningstheweddingpalace\"]}]}<\/script>\n<!-- \/ Yoast SEO plugin. -->","yoast_head_json":{"title":"Le Papillon von Modeca Hind | Koonings","description":"Ein k\u00fchnes Kleid in A-Linie mit einem tr\u00e4gerlosen, tief ausgeschnittenen herzf\u00f6rmigen Ausschnitt, der Selbstbewusstsein ausstrahlt. Das plissierte Mieder aus glitzerndem T\u00fcll verleiht ihm Tiefe und Struktur, w\u00e4hrend perlenbesetzte Spitzen den schimmernden T\u00fcllrock zieren. Das Ergebnis ist ein bezaubernder und unvergesslicher Look - perfekt f\u00fcr die Braut, die Eleganz mit K\u00fchnheit verbinden m\u00f6chte. Dieses besondere Design ist Teil der Kollektion Le Papillon by Modeca und bei Koonings erh\u00e4ltlich.","robots":{"index":"index","follow":"follow","max-snippet":"max-snippet:-1","max-image-preview":"max-image-preview:large","max-video-preview":"max-video-preview:-1"},"canonical":"https:\/\/www.koonings.com\/de\/product\/le-papillon-von-modeca-hind\/","og_locale":"de_DE","og_type":"article","og_title":"Le Papillon von Modeca Hind | Koonings","og_description":"Ein k\u00fchnes Kleid in A-Linie mit einem tr\u00e4gerlosen, tief ausgeschnittenen herzf\u00f6rmigen Ausschnitt, der Selbstbewusstsein ausstrahlt. Das plissierte Mieder aus glitzerndem T\u00fcll verleiht ihm Tiefe und Struktur, w\u00e4hrend perlenbesetzte Spitzen den schimmernden T\u00fcllrock zieren. Das Ergebnis ist ein bezaubernder und unvergesslicher Look - perfekt f\u00fcr die Braut, die Eleganz mit K\u00fchnheit verbinden m\u00f6chte. Dieses besondere Design ist Teil der Kollektion Le Papillon by Modeca und bei Koonings erh\u00e4ltlich.","og_url":"https:\/\/www.koonings.com\/de\/product\/le-papillon-von-modeca-hind\/","og_site_name":"Koonings","article_publisher":"https:\/\/www.facebook.com\/kooningstheweddingpalace","og_image":[{"width":1540,"height":2176,"url":"https:\/\/www.koonings.com\/wp-content\/uploads\/2025\/09\/51099_1aedab839acf20bdf07ee60b4757c8a1c65952c64305a0a8da35db4c155737869cfae3a6.jpeg","type":"image\/jpeg"}],"twitter_card":"summary_large_image","schema":{"@context":"https:\/\/schema.org","@graph":[{"@type":"WebPage","@id":"https:\/\/www.koonings.com\/de\/product\/le-papillon-von-modeca-hind\/","url":"https:\/\/www.koonings.com\/de\/product\/le-papillon-von-modeca-hind\/","name":"Le Papillon von Modeca Hind | Koonings","isPartOf":{"@id":"https:\/\/www.koonings.com\/de\/#website"},"primaryImageOfPage":{"@id":"https:\/\/www.koonings.com\/de\/product\/le-papillon-von-modeca-hind\/#primaryimage"},"image":{"@id":"https:\/\/www.koonings.com\/de\/product\/le-papillon-von-modeca-hind\/#primaryimage"},"thumbnailUrl":"https:\/\/www.koonings.com\/wp-content\/uploads\/2025\/09\/51099_1aedab839acf20bdf07ee60b4757c8a1c65952c64305a0a8da35db4c155737869cfae3a6.jpeg","datePublished":"2026-05-06T13:36:16+00:00","description":"Ein k\u00fchnes Kleid in A-Linie mit einem tr\u00e4gerlosen, tief ausgeschnittenen herzf\u00f6rmigen Ausschnitt, der Selbstbewusstsein ausstrahlt. Das plissierte Mieder aus glitzerndem T\u00fcll verleiht ihm Tiefe und Struktur, w\u00e4hrend perlenbesetzte Spitzen den schimmernden T\u00fcllrock zieren. Das Ergebnis ist ein bezaubernder und unvergesslicher Look - perfekt f\u00fcr die Braut, die Eleganz mit K\u00fchnheit verbinden m\u00f6chte. Dieses besondere Design ist Teil der Kollektion Le Papillon by Modeca und bei Koonings erh\u00e4ltlich.","breadcrumb":{"@id":"https:\/\/www.koonings.com\/de\/product\/le-papillon-von-modeca-hind\/#breadcrumb"},"inLanguage":"de","potentialAction":[{"@type":"ReadAction","target":["https:\/\/www.koonings.com\/de\/product\/le-papillon-von-modeca-hind\/"]}]},{"@type":"ImageObject","inLanguage":"de","@id":"https:\/\/www.koonings.com\/de\/product\/le-papillon-von-modeca-hind\/#primaryimage","url":"https:\/\/www.koonings.com\/wp-content\/uploads\/2025\/09\/51099_1aedab839acf20bdf07ee60b4757c8a1c65952c64305a0a8da35db4c155737869cfae3a6.jpeg","contentUrl":"https:\/\/www.koonings.com\/wp-content\/uploads\/2025\/09\/51099_1aedab839acf20bdf07ee60b4757c8a1c65952c64305a0a8da35db4c155737869cfae3a6.jpeg","width":1540,"height":2176},{"@type":"BreadcrumbList","@id":"https:\/\/www.koonings.com\/de\/product\/le-papillon-von-modeca-hind\/#breadcrumb","itemListElement":[{"@type":"ListItem","position":1,"name":"Home","item":"https:\/\/www.koonings.com\/de\/"},{"@type":"ListItem","position":2,"name":"Le Papillon von Modeca Hind"}]},{"@type":"WebSite","@id":"https:\/\/www.koonings.com\/de\/#website","url":"https:\/\/www.koonings.com\/de\/","name":"Koonings","description":"De grootste bruidsmodewinkel ter wereld","publisher":{"@id":"https:\/\/www.koonings.com\/de\/#organization"},"potentialAction":[{"@type":"SearchAction","target":{"@type":"EntryPoint","urlTemplate":"https:\/\/www.koonings.com\/de\/?s={search_term_string}"},"query-input":{"@type":"PropertyValueSpecification","valueRequired":true,"valueName":"search_term_string"}}],"inLanguage":"de"},{"@type":"Organization","@id":"https:\/\/www.koonings.com\/de\/#organization","name":"Koonings","url":"https:\/\/www.koonings.com\/de\/","logo":{"@type":"ImageObject","inLanguage":"de","@id":"https:\/\/www.koonings.com\/de\/#\/schema\/logo\/image\/","url":"https:\/\/www.koonings.com\/wp-content\/uploads\/2024\/07\/logo.png","contentUrl":"https:\/\/www.koonings.com\/wp-content\/uploads\/2024\/07\/logo.png","width":600,"height":428,"caption":"Koonings"},"image":{"@id":"https:\/\/www.koonings.com\/de\/#\/schema\/logo\/image\/"},"sameAs":["https:\/\/www.facebook.com\/kooningstheweddingpalace","https:\/\/www.instagram.com\/kooningstheweddingpalace","https:\/\/www.pinterest.com\/koonings","https:\/\/www.youtube.com\/kooningstheweddingpalace"]}]}},"_links":{"self":[{"href":"https:\/\/www.koonings.com\/de\/wp-json\/wp\/v2\/product\/107051","targetHints":{"allow":["GET"]}}],"collection":[{"href":"https:\/\/www.koonings.com\/de\/wp-json\/wp\/v2\/product"}],"about":[{"href":"https:\/\/www.koonings.com\/de\/wp-json\/wp\/v2\/types\/product"}],"wp:featuredmedia":[{"embeddable":true,"href":"https:\/\/www.koonings.com\/de\/wp-json\/wp\/v2\/media\/97144"}],"wp:attachment":[{"href":"https:\/\/www.koonings.com\/de\/wp-json\/wp\/v2\/media?parent=107051"}],"wp:term":[{"taxonomy":"productdetails","embeddable":true,"href":"https:\/\/www.koonings.com\/de\/wp-json\/wp\/v2\/productdetails?post=107051"},{"taxonomy":"productneck","embeddable":true,"href":"https:\/\/www.koonings.com\/de\/wp-json\/wp\/v2\/productneck?post=107051"},{"taxonomy":"productcolor","embeddable":true,"href":"https:\/\/www.koonings.com\/de\/wp-json\/wp\/v2\/productcolor?post=107051"},{"taxonomy":"maat","embeddable":true,"href":"https:\/\/www.koonings.com\/de\/wp-json\/wp\/v2\/maat?post=107051"},{"taxonomy":"productsupplier","embeddable":true,"href":"https:\/\/www.koonings.com\/de\/wp-json\/wp\/v2\/productsupplier?post=107051"},{"taxonomy":"productsleeve","embeddable":true,"href":"https:\/\/www.koonings.com\/de\/wp-json\/wp\/v2\/productsleeve?post=107051"},{"taxonomy":"productcategory","embeddable":true,"href":"https:\/\/www.koonings.com\/de\/wp-json\/wp\/v2\/productcategory?post=107051"},{"taxonomy":"productsilhouette","embeddable":true,"href":"https:\/\/www.koonings.com\/de\/wp-json\/wp\/v2\/productsilhouette?post=107051"},{"taxonomy":"productstyle","embeddable":true,"href":"https:\/\/www.koonings.com\/de\/wp-json\/wp\/v2\/productstyle?post=107051"}],"curies":[{"name":"wp","href":"https:\/\/api.w.org\/{rel}","templated":true}]}}