{"id":107048,"date":"2026-05-06T15:36:16","date_gmt":"2026-05-06T13:36:16","guid":{"rendered":"https:\/\/www.koonings.com\/product\/le-papillon-von-modeca-hilma\/"},"modified":"2026-04-14T15:39:31","modified_gmt":"2026-04-14T13:39:31","slug":"le-papillon-von-modeca-hilma","status":"publish","type":"product","link":"https:\/\/www.koonings.com\/de\/product\/le-papillon-von-modeca-hilma\/","title":{"rendered":"Le Papillon von Modeca Hilma"},"content":{"rendered":"<p>Ein dramatisches Ballkleid aus mattem Satin mit einem tiefen Ausschnitt und einer niedrigen Taille, die eine k\u00fchne und schmeichelhafte Silhouette schafft. Versteckte Taschen sind praktisch, w\u00e4hrend die abnehmbare Schleife am R\u00fccken ein echter Blickfang ist, der f\u00fcr Glamour und Charme sorgt. Perfekt f\u00fcr die Braut, die mit einem klaren und eleganten Design ein Statement setzen m\u00f6chte.  <\/p>\n<p>Dieses Modell ist auch ohne den Bogen als Hilma-D erh\u00e4ltlich.<br \/>\nAus der Le Papillon by Modeca Kollektion, exklusiv bei Koonings erh\u00e4ltlich.<\/p>\n","protected":false},"featured_media":97127,"template":"","meta":{"_acf_changed":false,"ghostkit_customizer_options":"","ghostkit_custom_css":"","ghostkit_custom_js_head":"","ghostkit_custom_js_foot":"","ghostkit_typography":""},"productdetails":[],"productneck":[355],"productcolor":[392],"maat":[],"productsupplier":[411],"productsleeve":[359],"productcategory":[18],"productsilhouette":[388],"productstyle":[369,372],"class_list":["post-107048","product","type-product","status-publish","has-post-thumbnail","hentry","productneck-355","productcolor-392","productsupplier-le-papillon-by-modeca","productsleeve-359","productcategory-trouwjurken","productsilhouette-388","productstyle-369","productstyle-372"],"acf":[],"yoast_head":"<!-- This site is optimized with the Yoast SEO plugin v27.3 - https:\/\/yoast.com\/product\/yoast-seo-wordpress\/ -->\n<title>Le Papillon von Modeca Hilma | Koonings<\/title>\n<meta name=\"description\" content=\"Ein dramatisches Ballkleid aus mattem Satin mit einem tiefen Ausschnitt und einer niedrigen Taille, die eine k\u00fchne und schmeichelhafte Silhouette schafft. Versteckte Taschen sind praktisch, w\u00e4hrend die abnehmbare Schleife am R\u00fccken ein echter Blickfang ist, der f\u00fcr Glamour und Charme sorgt. Perfekt f\u00fcr die Braut, die mit einem klaren und eleganten Design ein Statement setzen m\u00f6chte. Dieses Modell ist auch ohne den Bogen als Hilma-D erh\u00e4ltlich. Aus der Le Papillon by Modeca Kollektion, exklusiv bei Koonings erh\u00e4ltlich.\" \/>\n<meta name=\"robots\" content=\"index, follow, max-snippet:-1, max-image-preview:large, max-video-preview:-1\" \/>\n<link rel=\"canonical\" href=\"https:\/\/www.koonings.com\/de\/product\/le-papillon-von-modeca-hilma\/\" \/>\n<meta property=\"og:locale\" content=\"de_DE\" \/>\n<meta property=\"og:type\" content=\"article\" \/>\n<meta property=\"og:title\" content=\"Le Papillon von Modeca Hilma | Koonings\" \/>\n<meta property=\"og:description\" content=\"Ein dramatisches Ballkleid aus mattem Satin mit einem tiefen Ausschnitt und einer niedrigen Taille, die eine k\u00fchne und schmeichelhafte Silhouette schafft. Versteckte Taschen sind praktisch, w\u00e4hrend die abnehmbare Schleife am R\u00fccken ein echter Blickfang ist, der f\u00fcr Glamour und Charme sorgt. Perfekt f\u00fcr die Braut, die mit einem klaren und eleganten Design ein Statement setzen m\u00f6chte. Dieses Modell ist auch ohne den Bogen als Hilma-D erh\u00e4ltlich. Aus der Le Papillon by Modeca Kollektion, exklusiv bei Koonings erh\u00e4ltlich.\" \/>\n<meta property=\"og:url\" content=\"https:\/\/www.koonings.com\/de\/product\/le-papillon-von-modeca-hilma\/\" \/>\n<meta property=\"og:site_name\" content=\"Koonings\" \/>\n<meta property=\"article:publisher\" content=\"https:\/\/www.facebook.com\/kooningstheweddingpalace\" \/>\n<meta property=\"og:image\" content=\"https:\/\/www.koonings.com\/wp-content\/uploads\/2025\/09\/51098_e168f2ef0b69e157f53cf976c142462857ce1507b3bc2416311e468a487a3395239cf2d8.jpeg\" \/>\n\t<meta property=\"og:image:width\" content=\"1404\" \/>\n\t<meta property=\"og:image:height\" content=\"1988\" \/>\n\t<meta property=\"og:image:type\" content=\"image\/jpeg\" \/>\n<meta name=\"twitter:card\" content=\"summary_large_image\" \/>\n<script type=\"application\/ld+json\" class=\"yoast-schema-graph\">{\"@context\":\"https:\\\/\\\/schema.org\",\"@graph\":[{\"@type\":\"WebPage\",\"@id\":\"https:\\\/\\\/www.koonings.com\\\/de\\\/product\\\/le-papillon-von-modeca-hilma\\\/\",\"url\":\"https:\\\/\\\/www.koonings.com\\\/de\\\/product\\\/le-papillon-von-modeca-hilma\\\/\",\"name\":\"Le Papillon von Modeca Hilma | Koonings\",\"isPartOf\":{\"@id\":\"https:\\\/\\\/www.koonings.com\\\/de\\\/#website\"},\"primaryImageOfPage\":{\"@id\":\"https:\\\/\\\/www.koonings.com\\\/de\\\/product\\\/le-papillon-von-modeca-hilma\\\/#primaryimage\"},\"image\":{\"@id\":\"https:\\\/\\\/www.koonings.com\\\/de\\\/product\\\/le-papillon-von-modeca-hilma\\\/#primaryimage\"},\"thumbnailUrl\":\"https:\\\/\\\/www.koonings.com\\\/wp-content\\\/uploads\\\/2025\\\/09\\\/51098_e168f2ef0b69e157f53cf976c142462857ce1507b3bc2416311e468a487a3395239cf2d8.jpeg\",\"datePublished\":\"2026-05-06T13:36:16+00:00\",\"description\":\"Ein dramatisches Ballkleid aus mattem Satin mit einem tiefen Ausschnitt und einer niedrigen Taille, die eine k\u00fchne und schmeichelhafte Silhouette schafft. Versteckte Taschen sind praktisch, w\u00e4hrend die abnehmbare Schleife am R\u00fccken ein echter Blickfang ist, der f\u00fcr Glamour und Charme sorgt. Perfekt f\u00fcr die Braut, die mit einem klaren und eleganten Design ein Statement setzen m\u00f6chte. Dieses Modell ist auch ohne den Bogen als Hilma-D erh\u00e4ltlich. Aus der Le Papillon by Modeca Kollektion, exklusiv bei Koonings erh\u00e4ltlich.\",\"breadcrumb\":{\"@id\":\"https:\\\/\\\/www.koonings.com\\\/de\\\/product\\\/le-papillon-von-modeca-hilma\\\/#breadcrumb\"},\"inLanguage\":\"de\",\"potentialAction\":[{\"@type\":\"ReadAction\",\"target\":[\"https:\\\/\\\/www.koonings.com\\\/de\\\/product\\\/le-papillon-von-modeca-hilma\\\/\"]}]},{\"@type\":\"ImageObject\",\"inLanguage\":\"de\",\"@id\":\"https:\\\/\\\/www.koonings.com\\\/de\\\/product\\\/le-papillon-von-modeca-hilma\\\/#primaryimage\",\"url\":\"https:\\\/\\\/www.koonings.com\\\/wp-content\\\/uploads\\\/2025\\\/09\\\/51098_e168f2ef0b69e157f53cf976c142462857ce1507b3bc2416311e468a487a3395239cf2d8.jpeg\",\"contentUrl\":\"https:\\\/\\\/www.koonings.com\\\/wp-content\\\/uploads\\\/2025\\\/09\\\/51098_e168f2ef0b69e157f53cf976c142462857ce1507b3bc2416311e468a487a3395239cf2d8.jpeg\",\"width\":1404,\"height\":1988},{\"@type\":\"BreadcrumbList\",\"@id\":\"https:\\\/\\\/www.koonings.com\\\/de\\\/product\\\/le-papillon-von-modeca-hilma\\\/#breadcrumb\",\"itemListElement\":[{\"@type\":\"ListItem\",\"position\":1,\"name\":\"Home\",\"item\":\"https:\\\/\\\/www.koonings.com\\\/de\\\/\"},{\"@type\":\"ListItem\",\"position\":2,\"name\":\"Le Papillon von Modeca Hilma\"}]},{\"@type\":\"WebSite\",\"@id\":\"https:\\\/\\\/www.koonings.com\\\/de\\\/#website\",\"url\":\"https:\\\/\\\/www.koonings.com\\\/de\\\/\",\"name\":\"Koonings\",\"description\":\"De grootste bruidsmodewinkel ter wereld\",\"publisher\":{\"@id\":\"https:\\\/\\\/www.koonings.com\\\/de\\\/#organization\"},\"potentialAction\":[{\"@type\":\"SearchAction\",\"target\":{\"@type\":\"EntryPoint\",\"urlTemplate\":\"https:\\\/\\\/www.koonings.com\\\/de\\\/?s={search_term_string}\"},\"query-input\":{\"@type\":\"PropertyValueSpecification\",\"valueRequired\":true,\"valueName\":\"search_term_string\"}}],\"inLanguage\":\"de\"},{\"@type\":\"Organization\",\"@id\":\"https:\\\/\\\/www.koonings.com\\\/de\\\/#organization\",\"name\":\"Koonings\",\"url\":\"https:\\\/\\\/www.koonings.com\\\/de\\\/\",\"logo\":{\"@type\":\"ImageObject\",\"inLanguage\":\"de\",\"@id\":\"https:\\\/\\\/www.koonings.com\\\/de\\\/#\\\/schema\\\/logo\\\/image\\\/\",\"url\":\"https:\\\/\\\/www.koonings.com\\\/wp-content\\\/uploads\\\/2024\\\/07\\\/logo.png\",\"contentUrl\":\"https:\\\/\\\/www.koonings.com\\\/wp-content\\\/uploads\\\/2024\\\/07\\\/logo.png\",\"width\":600,\"height\":428,\"caption\":\"Koonings\"},\"image\":{\"@id\":\"https:\\\/\\\/www.koonings.com\\\/de\\\/#\\\/schema\\\/logo\\\/image\\\/\"},\"sameAs\":[\"https:\\\/\\\/www.facebook.com\\\/kooningstheweddingpalace\",\"https:\\\/\\\/www.instagram.com\\\/kooningstheweddingpalace\",\"https:\\\/\\\/www.pinterest.com\\\/koonings\",\"https:\\\/\\\/www.youtube.com\\\/kooningstheweddingpalace\"]}]}<\/script>\n<!-- \/ Yoast SEO plugin. -->","yoast_head_json":{"title":"Le Papillon von Modeca Hilma | Koonings","description":"Ein dramatisches Ballkleid aus mattem Satin mit einem tiefen Ausschnitt und einer niedrigen Taille, die eine k\u00fchne und schmeichelhafte Silhouette schafft. Versteckte Taschen sind praktisch, w\u00e4hrend die abnehmbare Schleife am R\u00fccken ein echter Blickfang ist, der f\u00fcr Glamour und Charme sorgt. Perfekt f\u00fcr die Braut, die mit einem klaren und eleganten Design ein Statement setzen m\u00f6chte. Dieses Modell ist auch ohne den Bogen als Hilma-D erh\u00e4ltlich. Aus der Le Papillon by Modeca Kollektion, exklusiv bei Koonings erh\u00e4ltlich.","robots":{"index":"index","follow":"follow","max-snippet":"max-snippet:-1","max-image-preview":"max-image-preview:large","max-video-preview":"max-video-preview:-1"},"canonical":"https:\/\/www.koonings.com\/de\/product\/le-papillon-von-modeca-hilma\/","og_locale":"de_DE","og_type":"article","og_title":"Le Papillon von Modeca Hilma | Koonings","og_description":"Ein dramatisches Ballkleid aus mattem Satin mit einem tiefen Ausschnitt und einer niedrigen Taille, die eine k\u00fchne und schmeichelhafte Silhouette schafft. Versteckte Taschen sind praktisch, w\u00e4hrend die abnehmbare Schleife am R\u00fccken ein echter Blickfang ist, der f\u00fcr Glamour und Charme sorgt. Perfekt f\u00fcr die Braut, die mit einem klaren und eleganten Design ein Statement setzen m\u00f6chte. Dieses Modell ist auch ohne den Bogen als Hilma-D erh\u00e4ltlich. Aus der Le Papillon by Modeca Kollektion, exklusiv bei Koonings erh\u00e4ltlich.","og_url":"https:\/\/www.koonings.com\/de\/product\/le-papillon-von-modeca-hilma\/","og_site_name":"Koonings","article_publisher":"https:\/\/www.facebook.com\/kooningstheweddingpalace","og_image":[{"width":1404,"height":1988,"url":"https:\/\/www.koonings.com\/wp-content\/uploads\/2025\/09\/51098_e168f2ef0b69e157f53cf976c142462857ce1507b3bc2416311e468a487a3395239cf2d8.jpeg","type":"image\/jpeg"}],"twitter_card":"summary_large_image","schema":{"@context":"https:\/\/schema.org","@graph":[{"@type":"WebPage","@id":"https:\/\/www.koonings.com\/de\/product\/le-papillon-von-modeca-hilma\/","url":"https:\/\/www.koonings.com\/de\/product\/le-papillon-von-modeca-hilma\/","name":"Le Papillon von Modeca Hilma | Koonings","isPartOf":{"@id":"https:\/\/www.koonings.com\/de\/#website"},"primaryImageOfPage":{"@id":"https:\/\/www.koonings.com\/de\/product\/le-papillon-von-modeca-hilma\/#primaryimage"},"image":{"@id":"https:\/\/www.koonings.com\/de\/product\/le-papillon-von-modeca-hilma\/#primaryimage"},"thumbnailUrl":"https:\/\/www.koonings.com\/wp-content\/uploads\/2025\/09\/51098_e168f2ef0b69e157f53cf976c142462857ce1507b3bc2416311e468a487a3395239cf2d8.jpeg","datePublished":"2026-05-06T13:36:16+00:00","description":"Ein dramatisches Ballkleid aus mattem Satin mit einem tiefen Ausschnitt und einer niedrigen Taille, die eine k\u00fchne und schmeichelhafte Silhouette schafft. Versteckte Taschen sind praktisch, w\u00e4hrend die abnehmbare Schleife am R\u00fccken ein echter Blickfang ist, der f\u00fcr Glamour und Charme sorgt. Perfekt f\u00fcr die Braut, die mit einem klaren und eleganten Design ein Statement setzen m\u00f6chte. Dieses Modell ist auch ohne den Bogen als Hilma-D erh\u00e4ltlich. Aus der Le Papillon by Modeca Kollektion, exklusiv bei Koonings erh\u00e4ltlich.","breadcrumb":{"@id":"https:\/\/www.koonings.com\/de\/product\/le-papillon-von-modeca-hilma\/#breadcrumb"},"inLanguage":"de","potentialAction":[{"@type":"ReadAction","target":["https:\/\/www.koonings.com\/de\/product\/le-papillon-von-modeca-hilma\/"]}]},{"@type":"ImageObject","inLanguage":"de","@id":"https:\/\/www.koonings.com\/de\/product\/le-papillon-von-modeca-hilma\/#primaryimage","url":"https:\/\/www.koonings.com\/wp-content\/uploads\/2025\/09\/51098_e168f2ef0b69e157f53cf976c142462857ce1507b3bc2416311e468a487a3395239cf2d8.jpeg","contentUrl":"https:\/\/www.koonings.com\/wp-content\/uploads\/2025\/09\/51098_e168f2ef0b69e157f53cf976c142462857ce1507b3bc2416311e468a487a3395239cf2d8.jpeg","width":1404,"height":1988},{"@type":"BreadcrumbList","@id":"https:\/\/www.koonings.com\/de\/product\/le-papillon-von-modeca-hilma\/#breadcrumb","itemListElement":[{"@type":"ListItem","position":1,"name":"Home","item":"https:\/\/www.koonings.com\/de\/"},{"@type":"ListItem","position":2,"name":"Le Papillon von Modeca Hilma"}]},{"@type":"WebSite","@id":"https:\/\/www.koonings.com\/de\/#website","url":"https:\/\/www.koonings.com\/de\/","name":"Koonings","description":"De grootste bruidsmodewinkel ter wereld","publisher":{"@id":"https:\/\/www.koonings.com\/de\/#organization"},"potentialAction":[{"@type":"SearchAction","target":{"@type":"EntryPoint","urlTemplate":"https:\/\/www.koonings.com\/de\/?s={search_term_string}"},"query-input":{"@type":"PropertyValueSpecification","valueRequired":true,"valueName":"search_term_string"}}],"inLanguage":"de"},{"@type":"Organization","@id":"https:\/\/www.koonings.com\/de\/#organization","name":"Koonings","url":"https:\/\/www.koonings.com\/de\/","logo":{"@type":"ImageObject","inLanguage":"de","@id":"https:\/\/www.koonings.com\/de\/#\/schema\/logo\/image\/","url":"https:\/\/www.koonings.com\/wp-content\/uploads\/2024\/07\/logo.png","contentUrl":"https:\/\/www.koonings.com\/wp-content\/uploads\/2024\/07\/logo.png","width":600,"height":428,"caption":"Koonings"},"image":{"@id":"https:\/\/www.koonings.com\/de\/#\/schema\/logo\/image\/"},"sameAs":["https:\/\/www.facebook.com\/kooningstheweddingpalace","https:\/\/www.instagram.com\/kooningstheweddingpalace","https:\/\/www.pinterest.com\/koonings","https:\/\/www.youtube.com\/kooningstheweddingpalace"]}]}},"_links":{"self":[{"href":"https:\/\/www.koonings.com\/de\/wp-json\/wp\/v2\/product\/107048","targetHints":{"allow":["GET"]}}],"collection":[{"href":"https:\/\/www.koonings.com\/de\/wp-json\/wp\/v2\/product"}],"about":[{"href":"https:\/\/www.koonings.com\/de\/wp-json\/wp\/v2\/types\/product"}],"wp:featuredmedia":[{"embeddable":true,"href":"https:\/\/www.koonings.com\/de\/wp-json\/wp\/v2\/media\/97127"}],"wp:attachment":[{"href":"https:\/\/www.koonings.com\/de\/wp-json\/wp\/v2\/media?parent=107048"}],"wp:term":[{"taxonomy":"productdetails","embeddable":true,"href":"https:\/\/www.koonings.com\/de\/wp-json\/wp\/v2\/productdetails?post=107048"},{"taxonomy":"productneck","embeddable":true,"href":"https:\/\/www.koonings.com\/de\/wp-json\/wp\/v2\/productneck?post=107048"},{"taxonomy":"productcolor","embeddable":true,"href":"https:\/\/www.koonings.com\/de\/wp-json\/wp\/v2\/productcolor?post=107048"},{"taxonomy":"maat","embeddable":true,"href":"https:\/\/www.koonings.com\/de\/wp-json\/wp\/v2\/maat?post=107048"},{"taxonomy":"productsupplier","embeddable":true,"href":"https:\/\/www.koonings.com\/de\/wp-json\/wp\/v2\/productsupplier?post=107048"},{"taxonomy":"productsleeve","embeddable":true,"href":"https:\/\/www.koonings.com\/de\/wp-json\/wp\/v2\/productsleeve?post=107048"},{"taxonomy":"productcategory","embeddable":true,"href":"https:\/\/www.koonings.com\/de\/wp-json\/wp\/v2\/productcategory?post=107048"},{"taxonomy":"productsilhouette","embeddable":true,"href":"https:\/\/www.koonings.com\/de\/wp-json\/wp\/v2\/productsilhouette?post=107048"},{"taxonomy":"productstyle","embeddable":true,"href":"https:\/\/www.koonings.com\/de\/wp-json\/wp\/v2\/productstyle?post=107048"}],"curies":[{"name":"wp","href":"https:\/\/api.w.org\/{rel}","templated":true}]}}