{"id":107044,"date":"2026-05-06T15:36:15","date_gmt":"2026-05-06T13:36:15","guid":{"rendered":"https:\/\/www.koonings.com\/product\/le-papillon-von-modeca-hildred\/"},"modified":"2026-04-14T15:39:32","modified_gmt":"2026-04-14T13:39:32","slug":"le-papillon-von-modeca-hildred","status":"publish","type":"product","link":"https:\/\/www.koonings.com\/de\/product\/le-papillon-von-modeca-hildred\/","title":{"rendered":"Le Papillon von Modeca Hildred"},"content":{"rendered":"<p>Ein raffiniert geschnittenes Kleid aus Cr\u00eape mit quadratischem Ausschnitt und einem R\u00fccken aus Illusionsspitze, der mit einem eleganten Wasserfall-Falten-Detail abschlie\u00dft. Die Spitzendetails an der Schleppe sorgen f\u00fcr einen romantischen und raffinierten Look, w\u00e4hrend die klaren Linien eine zeitlose Silhouette schaffen. F\u00fcr einen minimalistischeren Look ist dieses Modell auch mit einer glatten Schleppe als Hildred-A erh\u00e4ltlich.  <\/p>\n<p>Dieses Design geh\u00f6rt zu der Kollektion Le Papillon von Modeca und ist bei Koonings erh\u00e4ltlich.<\/p>\n","protected":false},"featured_media":97106,"template":"","meta":{"_acf_changed":false,"ghostkit_customizer_options":"","ghostkit_custom_css":"","ghostkit_custom_js_head":"","ghostkit_custom_js_foot":"","ghostkit_typography":""},"productdetails":[376],"productneck":[352],"productcolor":[392],"maat":[],"productsupplier":[411],"productsleeve":[359],"productcategory":[18],"productsilhouette":[387,389],"productstyle":[365,366],"class_list":["post-107044","product","type-product","status-publish","has-post-thumbnail","hentry","productdetails-376","productneck-352","productcolor-392","productsupplier-le-papillon-by-modeca","productsleeve-359","productcategory-trouwjurken","productsilhouette-387","productsilhouette-389","productstyle-365","productstyle-366"],"acf":[],"yoast_head":"<!-- This site is optimized with the Yoast SEO plugin v27.3 - https:\/\/yoast.com\/product\/yoast-seo-wordpress\/ -->\n<title>Le Papillon von Modeca Hildred | Koonings<\/title>\n<meta name=\"description\" content=\"Ein raffiniert geschnittenes Kleid aus Cr\u00eape mit quadratischem Ausschnitt und einem R\u00fccken aus Illusionsspitze, der mit einem eleganten Wasserfall-Falten-Detail abschlie\u00dft. Die Spitzendetails an der Schleppe sorgen f\u00fcr einen romantischen und raffinierten Look, w\u00e4hrend die klaren Linien eine zeitlose Silhouette schaffen. F\u00fcr einen minimalistischeren Look ist dieses Modell auch mit einer glatten Schleppe als Hildred-A erh\u00e4ltlich. Dieses Design geh\u00f6rt zu der Kollektion Le Papillon von Modeca und ist bei Koonings erh\u00e4ltlich.\" \/>\n<meta name=\"robots\" content=\"index, follow, max-snippet:-1, max-image-preview:large, max-video-preview:-1\" \/>\n<link rel=\"canonical\" href=\"https:\/\/www.koonings.com\/de\/product\/le-papillon-von-modeca-hildred\/\" \/>\n<meta property=\"og:locale\" content=\"de_DE\" \/>\n<meta property=\"og:type\" content=\"article\" \/>\n<meta property=\"og:title\" content=\"Le Papillon von Modeca Hildred | Koonings\" \/>\n<meta property=\"og:description\" content=\"Ein raffiniert geschnittenes Kleid aus Cr\u00eape mit quadratischem Ausschnitt und einem R\u00fccken aus Illusionsspitze, der mit einem eleganten Wasserfall-Falten-Detail abschlie\u00dft. Die Spitzendetails an der Schleppe sorgen f\u00fcr einen romantischen und raffinierten Look, w\u00e4hrend die klaren Linien eine zeitlose Silhouette schaffen. F\u00fcr einen minimalistischeren Look ist dieses Modell auch mit einer glatten Schleppe als Hildred-A erh\u00e4ltlich. Dieses Design geh\u00f6rt zu der Kollektion Le Papillon von Modeca und ist bei Koonings erh\u00e4ltlich.\" \/>\n<meta property=\"og:url\" content=\"https:\/\/www.koonings.com\/de\/product\/le-papillon-von-modeca-hildred\/\" \/>\n<meta property=\"og:site_name\" content=\"Koonings\" \/>\n<meta property=\"article:publisher\" content=\"https:\/\/www.facebook.com\/kooningstheweddingpalace\" \/>\n<meta property=\"og:image\" content=\"https:\/\/www.koonings.com\/wp-content\/uploads\/2025\/09\/51097_059cdaa742312c0b957aa1912bbd77b38106ed9323add85154ab9c80be25629dd95fbd87.jpeg\" \/>\n\t<meta property=\"og:image:width\" content=\"1660\" \/>\n\t<meta property=\"og:image:height\" content=\"2349\" \/>\n\t<meta property=\"og:image:type\" content=\"image\/jpeg\" \/>\n<meta name=\"twitter:card\" content=\"summary_large_image\" \/>\n<script type=\"application\/ld+json\" class=\"yoast-schema-graph\">{\"@context\":\"https:\\\/\\\/schema.org\",\"@graph\":[{\"@type\":\"WebPage\",\"@id\":\"https:\\\/\\\/www.koonings.com\\\/de\\\/product\\\/le-papillon-von-modeca-hildred\\\/\",\"url\":\"https:\\\/\\\/www.koonings.com\\\/de\\\/product\\\/le-papillon-von-modeca-hildred\\\/\",\"name\":\"Le Papillon von Modeca Hildred | Koonings\",\"isPartOf\":{\"@id\":\"https:\\\/\\\/www.koonings.com\\\/de\\\/#website\"},\"primaryImageOfPage\":{\"@id\":\"https:\\\/\\\/www.koonings.com\\\/de\\\/product\\\/le-papillon-von-modeca-hildred\\\/#primaryimage\"},\"image\":{\"@id\":\"https:\\\/\\\/www.koonings.com\\\/de\\\/product\\\/le-papillon-von-modeca-hildred\\\/#primaryimage\"},\"thumbnailUrl\":\"https:\\\/\\\/www.koonings.com\\\/wp-content\\\/uploads\\\/2025\\\/09\\\/51097_059cdaa742312c0b957aa1912bbd77b38106ed9323add85154ab9c80be25629dd95fbd87.jpeg\",\"datePublished\":\"2026-05-06T13:36:15+00:00\",\"description\":\"Ein raffiniert geschnittenes Kleid aus Cr\u00eape mit quadratischem Ausschnitt und einem R\u00fccken aus Illusionsspitze, der mit einem eleganten Wasserfall-Falten-Detail abschlie\u00dft. Die Spitzendetails an der Schleppe sorgen f\u00fcr einen romantischen und raffinierten Look, w\u00e4hrend die klaren Linien eine zeitlose Silhouette schaffen. F\u00fcr einen minimalistischeren Look ist dieses Modell auch mit einer glatten Schleppe als Hildred-A erh\u00e4ltlich. Dieses Design geh\u00f6rt zu der Kollektion Le Papillon von Modeca und ist bei Koonings erh\u00e4ltlich.\",\"breadcrumb\":{\"@id\":\"https:\\\/\\\/www.koonings.com\\\/de\\\/product\\\/le-papillon-von-modeca-hildred\\\/#breadcrumb\"},\"inLanguage\":\"de\",\"potentialAction\":[{\"@type\":\"ReadAction\",\"target\":[\"https:\\\/\\\/www.koonings.com\\\/de\\\/product\\\/le-papillon-von-modeca-hildred\\\/\"]}]},{\"@type\":\"ImageObject\",\"inLanguage\":\"de\",\"@id\":\"https:\\\/\\\/www.koonings.com\\\/de\\\/product\\\/le-papillon-von-modeca-hildred\\\/#primaryimage\",\"url\":\"https:\\\/\\\/www.koonings.com\\\/wp-content\\\/uploads\\\/2025\\\/09\\\/51097_059cdaa742312c0b957aa1912bbd77b38106ed9323add85154ab9c80be25629dd95fbd87.jpeg\",\"contentUrl\":\"https:\\\/\\\/www.koonings.com\\\/wp-content\\\/uploads\\\/2025\\\/09\\\/51097_059cdaa742312c0b957aa1912bbd77b38106ed9323add85154ab9c80be25629dd95fbd87.jpeg\",\"width\":1660,\"height\":2349},{\"@type\":\"BreadcrumbList\",\"@id\":\"https:\\\/\\\/www.koonings.com\\\/de\\\/product\\\/le-papillon-von-modeca-hildred\\\/#breadcrumb\",\"itemListElement\":[{\"@type\":\"ListItem\",\"position\":1,\"name\":\"Home\",\"item\":\"https:\\\/\\\/www.koonings.com\\\/de\\\/\"},{\"@type\":\"ListItem\",\"position\":2,\"name\":\"Le Papillon von Modeca Hildred\"}]},{\"@type\":\"WebSite\",\"@id\":\"https:\\\/\\\/www.koonings.com\\\/de\\\/#website\",\"url\":\"https:\\\/\\\/www.koonings.com\\\/de\\\/\",\"name\":\"Koonings\",\"description\":\"De grootste bruidsmodewinkel ter wereld\",\"publisher\":{\"@id\":\"https:\\\/\\\/www.koonings.com\\\/de\\\/#organization\"},\"potentialAction\":[{\"@type\":\"SearchAction\",\"target\":{\"@type\":\"EntryPoint\",\"urlTemplate\":\"https:\\\/\\\/www.koonings.com\\\/de\\\/?s={search_term_string}\"},\"query-input\":{\"@type\":\"PropertyValueSpecification\",\"valueRequired\":true,\"valueName\":\"search_term_string\"}}],\"inLanguage\":\"de\"},{\"@type\":\"Organization\",\"@id\":\"https:\\\/\\\/www.koonings.com\\\/de\\\/#organization\",\"name\":\"Koonings\",\"url\":\"https:\\\/\\\/www.koonings.com\\\/de\\\/\",\"logo\":{\"@type\":\"ImageObject\",\"inLanguage\":\"de\",\"@id\":\"https:\\\/\\\/www.koonings.com\\\/de\\\/#\\\/schema\\\/logo\\\/image\\\/\",\"url\":\"https:\\\/\\\/www.koonings.com\\\/wp-content\\\/uploads\\\/2024\\\/07\\\/logo.png\",\"contentUrl\":\"https:\\\/\\\/www.koonings.com\\\/wp-content\\\/uploads\\\/2024\\\/07\\\/logo.png\",\"width\":600,\"height\":428,\"caption\":\"Koonings\"},\"image\":{\"@id\":\"https:\\\/\\\/www.koonings.com\\\/de\\\/#\\\/schema\\\/logo\\\/image\\\/\"},\"sameAs\":[\"https:\\\/\\\/www.facebook.com\\\/kooningstheweddingpalace\",\"https:\\\/\\\/www.instagram.com\\\/kooningstheweddingpalace\",\"https:\\\/\\\/www.pinterest.com\\\/koonings\",\"https:\\\/\\\/www.youtube.com\\\/kooningstheweddingpalace\"]}]}<\/script>\n<!-- \/ Yoast SEO plugin. -->","yoast_head_json":{"title":"Le Papillon von Modeca Hildred | Koonings","description":"Ein raffiniert geschnittenes Kleid aus Cr\u00eape mit quadratischem Ausschnitt und einem R\u00fccken aus Illusionsspitze, der mit einem eleganten Wasserfall-Falten-Detail abschlie\u00dft. Die Spitzendetails an der Schleppe sorgen f\u00fcr einen romantischen und raffinierten Look, w\u00e4hrend die klaren Linien eine zeitlose Silhouette schaffen. F\u00fcr einen minimalistischeren Look ist dieses Modell auch mit einer glatten Schleppe als Hildred-A erh\u00e4ltlich. Dieses Design geh\u00f6rt zu der Kollektion Le Papillon von Modeca und ist bei Koonings erh\u00e4ltlich.","robots":{"index":"index","follow":"follow","max-snippet":"max-snippet:-1","max-image-preview":"max-image-preview:large","max-video-preview":"max-video-preview:-1"},"canonical":"https:\/\/www.koonings.com\/de\/product\/le-papillon-von-modeca-hildred\/","og_locale":"de_DE","og_type":"article","og_title":"Le Papillon von Modeca Hildred | Koonings","og_description":"Ein raffiniert geschnittenes Kleid aus Cr\u00eape mit quadratischem Ausschnitt und einem R\u00fccken aus Illusionsspitze, der mit einem eleganten Wasserfall-Falten-Detail abschlie\u00dft. Die Spitzendetails an der Schleppe sorgen f\u00fcr einen romantischen und raffinierten Look, w\u00e4hrend die klaren Linien eine zeitlose Silhouette schaffen. F\u00fcr einen minimalistischeren Look ist dieses Modell auch mit einer glatten Schleppe als Hildred-A erh\u00e4ltlich. Dieses Design geh\u00f6rt zu der Kollektion Le Papillon von Modeca und ist bei Koonings erh\u00e4ltlich.","og_url":"https:\/\/www.koonings.com\/de\/product\/le-papillon-von-modeca-hildred\/","og_site_name":"Koonings","article_publisher":"https:\/\/www.facebook.com\/kooningstheweddingpalace","og_image":[{"width":1660,"height":2349,"url":"https:\/\/www.koonings.com\/wp-content\/uploads\/2025\/09\/51097_059cdaa742312c0b957aa1912bbd77b38106ed9323add85154ab9c80be25629dd95fbd87.jpeg","type":"image\/jpeg"}],"twitter_card":"summary_large_image","schema":{"@context":"https:\/\/schema.org","@graph":[{"@type":"WebPage","@id":"https:\/\/www.koonings.com\/de\/product\/le-papillon-von-modeca-hildred\/","url":"https:\/\/www.koonings.com\/de\/product\/le-papillon-von-modeca-hildred\/","name":"Le Papillon von Modeca Hildred | Koonings","isPartOf":{"@id":"https:\/\/www.koonings.com\/de\/#website"},"primaryImageOfPage":{"@id":"https:\/\/www.koonings.com\/de\/product\/le-papillon-von-modeca-hildred\/#primaryimage"},"image":{"@id":"https:\/\/www.koonings.com\/de\/product\/le-papillon-von-modeca-hildred\/#primaryimage"},"thumbnailUrl":"https:\/\/www.koonings.com\/wp-content\/uploads\/2025\/09\/51097_059cdaa742312c0b957aa1912bbd77b38106ed9323add85154ab9c80be25629dd95fbd87.jpeg","datePublished":"2026-05-06T13:36:15+00:00","description":"Ein raffiniert geschnittenes Kleid aus Cr\u00eape mit quadratischem Ausschnitt und einem R\u00fccken aus Illusionsspitze, der mit einem eleganten Wasserfall-Falten-Detail abschlie\u00dft. Die Spitzendetails an der Schleppe sorgen f\u00fcr einen romantischen und raffinierten Look, w\u00e4hrend die klaren Linien eine zeitlose Silhouette schaffen. F\u00fcr einen minimalistischeren Look ist dieses Modell auch mit einer glatten Schleppe als Hildred-A erh\u00e4ltlich. Dieses Design geh\u00f6rt zu der Kollektion Le Papillon von Modeca und ist bei Koonings erh\u00e4ltlich.","breadcrumb":{"@id":"https:\/\/www.koonings.com\/de\/product\/le-papillon-von-modeca-hildred\/#breadcrumb"},"inLanguage":"de","potentialAction":[{"@type":"ReadAction","target":["https:\/\/www.koonings.com\/de\/product\/le-papillon-von-modeca-hildred\/"]}]},{"@type":"ImageObject","inLanguage":"de","@id":"https:\/\/www.koonings.com\/de\/product\/le-papillon-von-modeca-hildred\/#primaryimage","url":"https:\/\/www.koonings.com\/wp-content\/uploads\/2025\/09\/51097_059cdaa742312c0b957aa1912bbd77b38106ed9323add85154ab9c80be25629dd95fbd87.jpeg","contentUrl":"https:\/\/www.koonings.com\/wp-content\/uploads\/2025\/09\/51097_059cdaa742312c0b957aa1912bbd77b38106ed9323add85154ab9c80be25629dd95fbd87.jpeg","width":1660,"height":2349},{"@type":"BreadcrumbList","@id":"https:\/\/www.koonings.com\/de\/product\/le-papillon-von-modeca-hildred\/#breadcrumb","itemListElement":[{"@type":"ListItem","position":1,"name":"Home","item":"https:\/\/www.koonings.com\/de\/"},{"@type":"ListItem","position":2,"name":"Le Papillon von Modeca Hildred"}]},{"@type":"WebSite","@id":"https:\/\/www.koonings.com\/de\/#website","url":"https:\/\/www.koonings.com\/de\/","name":"Koonings","description":"De grootste bruidsmodewinkel ter wereld","publisher":{"@id":"https:\/\/www.koonings.com\/de\/#organization"},"potentialAction":[{"@type":"SearchAction","target":{"@type":"EntryPoint","urlTemplate":"https:\/\/www.koonings.com\/de\/?s={search_term_string}"},"query-input":{"@type":"PropertyValueSpecification","valueRequired":true,"valueName":"search_term_string"}}],"inLanguage":"de"},{"@type":"Organization","@id":"https:\/\/www.koonings.com\/de\/#organization","name":"Koonings","url":"https:\/\/www.koonings.com\/de\/","logo":{"@type":"ImageObject","inLanguage":"de","@id":"https:\/\/www.koonings.com\/de\/#\/schema\/logo\/image\/","url":"https:\/\/www.koonings.com\/wp-content\/uploads\/2024\/07\/logo.png","contentUrl":"https:\/\/www.koonings.com\/wp-content\/uploads\/2024\/07\/logo.png","width":600,"height":428,"caption":"Koonings"},"image":{"@id":"https:\/\/www.koonings.com\/de\/#\/schema\/logo\/image\/"},"sameAs":["https:\/\/www.facebook.com\/kooningstheweddingpalace","https:\/\/www.instagram.com\/kooningstheweddingpalace","https:\/\/www.pinterest.com\/koonings","https:\/\/www.youtube.com\/kooningstheweddingpalace"]}]}},"_links":{"self":[{"href":"https:\/\/www.koonings.com\/de\/wp-json\/wp\/v2\/product\/107044","targetHints":{"allow":["GET"]}}],"collection":[{"href":"https:\/\/www.koonings.com\/de\/wp-json\/wp\/v2\/product"}],"about":[{"href":"https:\/\/www.koonings.com\/de\/wp-json\/wp\/v2\/types\/product"}],"wp:featuredmedia":[{"embeddable":true,"href":"https:\/\/www.koonings.com\/de\/wp-json\/wp\/v2\/media\/97106"}],"wp:attachment":[{"href":"https:\/\/www.koonings.com\/de\/wp-json\/wp\/v2\/media?parent=107044"}],"wp:term":[{"taxonomy":"productdetails","embeddable":true,"href":"https:\/\/www.koonings.com\/de\/wp-json\/wp\/v2\/productdetails?post=107044"},{"taxonomy":"productneck","embeddable":true,"href":"https:\/\/www.koonings.com\/de\/wp-json\/wp\/v2\/productneck?post=107044"},{"taxonomy":"productcolor","embeddable":true,"href":"https:\/\/www.koonings.com\/de\/wp-json\/wp\/v2\/productcolor?post=107044"},{"taxonomy":"maat","embeddable":true,"href":"https:\/\/www.koonings.com\/de\/wp-json\/wp\/v2\/maat?post=107044"},{"taxonomy":"productsupplier","embeddable":true,"href":"https:\/\/www.koonings.com\/de\/wp-json\/wp\/v2\/productsupplier?post=107044"},{"taxonomy":"productsleeve","embeddable":true,"href":"https:\/\/www.koonings.com\/de\/wp-json\/wp\/v2\/productsleeve?post=107044"},{"taxonomy":"productcategory","embeddable":true,"href":"https:\/\/www.koonings.com\/de\/wp-json\/wp\/v2\/productcategory?post=107044"},{"taxonomy":"productsilhouette","embeddable":true,"href":"https:\/\/www.koonings.com\/de\/wp-json\/wp\/v2\/productsilhouette?post=107044"},{"taxonomy":"productstyle","embeddable":true,"href":"https:\/\/www.koonings.com\/de\/wp-json\/wp\/v2\/productstyle?post=107044"}],"curies":[{"name":"wp","href":"https:\/\/api.w.org\/{rel}","templated":true}]}}