{"id":107038,"date":"2026-05-06T15:36:14","date_gmt":"2026-05-06T13:36:14","guid":{"rendered":"https:\/\/www.koonings.com\/product\/le-papillon-von-modeca-hilary-d\/"},"modified":"2026-04-14T15:39:31","modified_gmt":"2026-04-14T13:39:31","slug":"le-papillon-von-modeca-hilary-d","status":"publish","type":"product","link":"https:\/\/www.koonings.com\/de\/product\/le-papillon-von-modeca-hilary-d\/","title":{"rendered":"Le Papillon von Modeca Hilary-D"},"content":{"rendered":"<p>Ein schickes Kleid aus Cr\u00eape in Passform und Faltenwurf mit einem plissierten Mieder und einem eleganten Schlitz. Die abnehmbaren floralen Tr\u00e4ger verleihen dem Kleid einen Hauch von Weiblichkeit und Raffinesse. Die klaren Linien und das minimalistische Design machen das Kleid perfekt f\u00fcr die moderne Braut. F\u00fcr einen eleganten und raffinierten Look ist dieses Modell auch ohne die Tr\u00e4ger als Hilary-D erh\u00e4ltlich.  <\/p>\n<p>Dieses Design stammt aus der Kollektion Le Papillon von Modeca und ist bei Koonings erh\u00e4ltlich.<\/p>\n","protected":false},"featured_media":97060,"template":"","meta":{"_acf_changed":false,"ghostkit_customizer_options":"","ghostkit_custom_css":"","ghostkit_custom_js_head":"","ghostkit_custom_js_foot":"","ghostkit_typography":""},"productdetails":[378],"productneck":[355],"productcolor":[393,392],"maat":[],"productsupplier":[411],"productsleeve":[357,359],"productcategory":[18],"productsilhouette":[389],"productstyle":[365],"class_list":["post-107038","product","type-product","status-publish","has-post-thumbnail","hentry","productdetails-378","productneck-355","productcolor-393","productcolor-392","productsupplier-le-papillon-by-modeca","productsleeve-357","productsleeve-359","productcategory-trouwjurken","productsilhouette-389","productstyle-365"],"acf":[],"yoast_head":"<!-- This site is optimized with the Yoast SEO plugin v27.3 - https:\/\/yoast.com\/product\/yoast-seo-wordpress\/ -->\n<title>Le Papillon von Modeca Hilary-D | Koonings<\/title>\n<meta name=\"description\" content=\"Ein schickes Kleid aus Cr\u00eape in Passform und Faltenwurf mit einem plissierten Mieder und einem eleganten Schlitz. Die abnehmbaren floralen Tr\u00e4ger verleihen dem Kleid einen Hauch von Weiblichkeit und Raffinesse. Die klaren Linien und das minimalistische Design machen das Kleid perfekt f\u00fcr die moderne Braut. F\u00fcr einen eleganten und raffinierten Look ist dieses Modell auch ohne die Tr\u00e4ger als Hilary-D erh\u00e4ltlich. Dieses Design stammt aus der Kollektion Le Papillon von Modeca und ist bei Koonings erh\u00e4ltlich.\" \/>\n<meta name=\"robots\" content=\"index, follow, max-snippet:-1, max-image-preview:large, max-video-preview:-1\" \/>\n<link rel=\"canonical\" href=\"https:\/\/www.koonings.com\/de\/product\/le-papillon-von-modeca-hilary-d\/\" \/>\n<meta property=\"og:locale\" content=\"de_DE\" \/>\n<meta property=\"og:type\" content=\"article\" \/>\n<meta property=\"og:title\" content=\"Le Papillon von Modeca Hilary-D | Koonings\" \/>\n<meta property=\"og:description\" content=\"Ein schickes Kleid aus Cr\u00eape in Passform und Faltenwurf mit einem plissierten Mieder und einem eleganten Schlitz. Die abnehmbaren floralen Tr\u00e4ger verleihen dem Kleid einen Hauch von Weiblichkeit und Raffinesse. Die klaren Linien und das minimalistische Design machen das Kleid perfekt f\u00fcr die moderne Braut. F\u00fcr einen eleganten und raffinierten Look ist dieses Modell auch ohne die Tr\u00e4ger als Hilary-D erh\u00e4ltlich. Dieses Design stammt aus der Kollektion Le Papillon von Modeca und ist bei Koonings erh\u00e4ltlich.\" \/>\n<meta property=\"og:url\" content=\"https:\/\/www.koonings.com\/de\/product\/le-papillon-von-modeca-hilary-d\/\" \/>\n<meta property=\"og:site_name\" content=\"Koonings\" \/>\n<meta property=\"article:publisher\" content=\"https:\/\/www.facebook.com\/kooningstheweddingpalace\" \/>\n<meta property=\"og:image\" content=\"https:\/\/www.koonings.com\/wp-content\/uploads\/2025\/09\/51095_8d885c1eea81115840c9886fd35ee975e527020916679e0df2dc5bd3beb858f1598cf8b0.jpeg\" \/>\n\t<meta property=\"og:image:width\" content=\"1316\" \/>\n\t<meta property=\"og:image:height\" content=\"1859\" \/>\n\t<meta property=\"og:image:type\" content=\"image\/jpeg\" \/>\n<meta name=\"twitter:card\" content=\"summary_large_image\" \/>\n<script type=\"application\/ld+json\" class=\"yoast-schema-graph\">{\"@context\":\"https:\\\/\\\/schema.org\",\"@graph\":[{\"@type\":\"WebPage\",\"@id\":\"https:\\\/\\\/www.koonings.com\\\/de\\\/product\\\/le-papillon-von-modeca-hilary-d\\\/\",\"url\":\"https:\\\/\\\/www.koonings.com\\\/de\\\/product\\\/le-papillon-von-modeca-hilary-d\\\/\",\"name\":\"Le Papillon von Modeca Hilary-D | Koonings\",\"isPartOf\":{\"@id\":\"https:\\\/\\\/www.koonings.com\\\/de\\\/#website\"},\"primaryImageOfPage\":{\"@id\":\"https:\\\/\\\/www.koonings.com\\\/de\\\/product\\\/le-papillon-von-modeca-hilary-d\\\/#primaryimage\"},\"image\":{\"@id\":\"https:\\\/\\\/www.koonings.com\\\/de\\\/product\\\/le-papillon-von-modeca-hilary-d\\\/#primaryimage\"},\"thumbnailUrl\":\"https:\\\/\\\/www.koonings.com\\\/wp-content\\\/uploads\\\/2025\\\/09\\\/51095_8d885c1eea81115840c9886fd35ee975e527020916679e0df2dc5bd3beb858f1598cf8b0.jpeg\",\"datePublished\":\"2026-05-06T13:36:14+00:00\",\"description\":\"Ein schickes Kleid aus Cr\u00eape in Passform und Faltenwurf mit einem plissierten Mieder und einem eleganten Schlitz. Die abnehmbaren floralen Tr\u00e4ger verleihen dem Kleid einen Hauch von Weiblichkeit und Raffinesse. Die klaren Linien und das minimalistische Design machen das Kleid perfekt f\u00fcr die moderne Braut. F\u00fcr einen eleganten und raffinierten Look ist dieses Modell auch ohne die Tr\u00e4ger als Hilary-D erh\u00e4ltlich. Dieses Design stammt aus der Kollektion Le Papillon von Modeca und ist bei Koonings erh\u00e4ltlich.\",\"breadcrumb\":{\"@id\":\"https:\\\/\\\/www.koonings.com\\\/de\\\/product\\\/le-papillon-von-modeca-hilary-d\\\/#breadcrumb\"},\"inLanguage\":\"de\",\"potentialAction\":[{\"@type\":\"ReadAction\",\"target\":[\"https:\\\/\\\/www.koonings.com\\\/de\\\/product\\\/le-papillon-von-modeca-hilary-d\\\/\"]}]},{\"@type\":\"ImageObject\",\"inLanguage\":\"de\",\"@id\":\"https:\\\/\\\/www.koonings.com\\\/de\\\/product\\\/le-papillon-von-modeca-hilary-d\\\/#primaryimage\",\"url\":\"https:\\\/\\\/www.koonings.com\\\/wp-content\\\/uploads\\\/2025\\\/09\\\/51095_8d885c1eea81115840c9886fd35ee975e527020916679e0df2dc5bd3beb858f1598cf8b0.jpeg\",\"contentUrl\":\"https:\\\/\\\/www.koonings.com\\\/wp-content\\\/uploads\\\/2025\\\/09\\\/51095_8d885c1eea81115840c9886fd35ee975e527020916679e0df2dc5bd3beb858f1598cf8b0.jpeg\",\"width\":1316,\"height\":1859},{\"@type\":\"BreadcrumbList\",\"@id\":\"https:\\\/\\\/www.koonings.com\\\/de\\\/product\\\/le-papillon-von-modeca-hilary-d\\\/#breadcrumb\",\"itemListElement\":[{\"@type\":\"ListItem\",\"position\":1,\"name\":\"Home\",\"item\":\"https:\\\/\\\/www.koonings.com\\\/de\\\/\"},{\"@type\":\"ListItem\",\"position\":2,\"name\":\"Le Papillon von Modeca Hilary-D\"}]},{\"@type\":\"WebSite\",\"@id\":\"https:\\\/\\\/www.koonings.com\\\/de\\\/#website\",\"url\":\"https:\\\/\\\/www.koonings.com\\\/de\\\/\",\"name\":\"Koonings\",\"description\":\"De grootste bruidsmodewinkel ter wereld\",\"publisher\":{\"@id\":\"https:\\\/\\\/www.koonings.com\\\/de\\\/#organization\"},\"potentialAction\":[{\"@type\":\"SearchAction\",\"target\":{\"@type\":\"EntryPoint\",\"urlTemplate\":\"https:\\\/\\\/www.koonings.com\\\/de\\\/?s={search_term_string}\"},\"query-input\":{\"@type\":\"PropertyValueSpecification\",\"valueRequired\":true,\"valueName\":\"search_term_string\"}}],\"inLanguage\":\"de\"},{\"@type\":\"Organization\",\"@id\":\"https:\\\/\\\/www.koonings.com\\\/de\\\/#organization\",\"name\":\"Koonings\",\"url\":\"https:\\\/\\\/www.koonings.com\\\/de\\\/\",\"logo\":{\"@type\":\"ImageObject\",\"inLanguage\":\"de\",\"@id\":\"https:\\\/\\\/www.koonings.com\\\/de\\\/#\\\/schema\\\/logo\\\/image\\\/\",\"url\":\"https:\\\/\\\/www.koonings.com\\\/wp-content\\\/uploads\\\/2024\\\/07\\\/logo.png\",\"contentUrl\":\"https:\\\/\\\/www.koonings.com\\\/wp-content\\\/uploads\\\/2024\\\/07\\\/logo.png\",\"width\":600,\"height\":428,\"caption\":\"Koonings\"},\"image\":{\"@id\":\"https:\\\/\\\/www.koonings.com\\\/de\\\/#\\\/schema\\\/logo\\\/image\\\/\"},\"sameAs\":[\"https:\\\/\\\/www.facebook.com\\\/kooningstheweddingpalace\",\"https:\\\/\\\/www.instagram.com\\\/kooningstheweddingpalace\",\"https:\\\/\\\/www.pinterest.com\\\/koonings\",\"https:\\\/\\\/www.youtube.com\\\/kooningstheweddingpalace\"]}]}<\/script>\n<!-- \/ Yoast SEO plugin. -->","yoast_head_json":{"title":"Le Papillon von Modeca Hilary-D | Koonings","description":"Ein schickes Kleid aus Cr\u00eape in Passform und Faltenwurf mit einem plissierten Mieder und einem eleganten Schlitz. Die abnehmbaren floralen Tr\u00e4ger verleihen dem Kleid einen Hauch von Weiblichkeit und Raffinesse. Die klaren Linien und das minimalistische Design machen das Kleid perfekt f\u00fcr die moderne Braut. F\u00fcr einen eleganten und raffinierten Look ist dieses Modell auch ohne die Tr\u00e4ger als Hilary-D erh\u00e4ltlich. Dieses Design stammt aus der Kollektion Le Papillon von Modeca und ist bei Koonings erh\u00e4ltlich.","robots":{"index":"index","follow":"follow","max-snippet":"max-snippet:-1","max-image-preview":"max-image-preview:large","max-video-preview":"max-video-preview:-1"},"canonical":"https:\/\/www.koonings.com\/de\/product\/le-papillon-von-modeca-hilary-d\/","og_locale":"de_DE","og_type":"article","og_title":"Le Papillon von Modeca Hilary-D | Koonings","og_description":"Ein schickes Kleid aus Cr\u00eape in Passform und Faltenwurf mit einem plissierten Mieder und einem eleganten Schlitz. Die abnehmbaren floralen Tr\u00e4ger verleihen dem Kleid einen Hauch von Weiblichkeit und Raffinesse. Die klaren Linien und das minimalistische Design machen das Kleid perfekt f\u00fcr die moderne Braut. F\u00fcr einen eleganten und raffinierten Look ist dieses Modell auch ohne die Tr\u00e4ger als Hilary-D erh\u00e4ltlich. Dieses Design stammt aus der Kollektion Le Papillon von Modeca und ist bei Koonings erh\u00e4ltlich.","og_url":"https:\/\/www.koonings.com\/de\/product\/le-papillon-von-modeca-hilary-d\/","og_site_name":"Koonings","article_publisher":"https:\/\/www.facebook.com\/kooningstheweddingpalace","og_image":[{"width":1316,"height":1859,"url":"https:\/\/www.koonings.com\/wp-content\/uploads\/2025\/09\/51095_8d885c1eea81115840c9886fd35ee975e527020916679e0df2dc5bd3beb858f1598cf8b0.jpeg","type":"image\/jpeg"}],"twitter_card":"summary_large_image","schema":{"@context":"https:\/\/schema.org","@graph":[{"@type":"WebPage","@id":"https:\/\/www.koonings.com\/de\/product\/le-papillon-von-modeca-hilary-d\/","url":"https:\/\/www.koonings.com\/de\/product\/le-papillon-von-modeca-hilary-d\/","name":"Le Papillon von Modeca Hilary-D | Koonings","isPartOf":{"@id":"https:\/\/www.koonings.com\/de\/#website"},"primaryImageOfPage":{"@id":"https:\/\/www.koonings.com\/de\/product\/le-papillon-von-modeca-hilary-d\/#primaryimage"},"image":{"@id":"https:\/\/www.koonings.com\/de\/product\/le-papillon-von-modeca-hilary-d\/#primaryimage"},"thumbnailUrl":"https:\/\/www.koonings.com\/wp-content\/uploads\/2025\/09\/51095_8d885c1eea81115840c9886fd35ee975e527020916679e0df2dc5bd3beb858f1598cf8b0.jpeg","datePublished":"2026-05-06T13:36:14+00:00","description":"Ein schickes Kleid aus Cr\u00eape in Passform und Faltenwurf mit einem plissierten Mieder und einem eleganten Schlitz. Die abnehmbaren floralen Tr\u00e4ger verleihen dem Kleid einen Hauch von Weiblichkeit und Raffinesse. Die klaren Linien und das minimalistische Design machen das Kleid perfekt f\u00fcr die moderne Braut. F\u00fcr einen eleganten und raffinierten Look ist dieses Modell auch ohne die Tr\u00e4ger als Hilary-D erh\u00e4ltlich. Dieses Design stammt aus der Kollektion Le Papillon von Modeca und ist bei Koonings erh\u00e4ltlich.","breadcrumb":{"@id":"https:\/\/www.koonings.com\/de\/product\/le-papillon-von-modeca-hilary-d\/#breadcrumb"},"inLanguage":"de","potentialAction":[{"@type":"ReadAction","target":["https:\/\/www.koonings.com\/de\/product\/le-papillon-von-modeca-hilary-d\/"]}]},{"@type":"ImageObject","inLanguage":"de","@id":"https:\/\/www.koonings.com\/de\/product\/le-papillon-von-modeca-hilary-d\/#primaryimage","url":"https:\/\/www.koonings.com\/wp-content\/uploads\/2025\/09\/51095_8d885c1eea81115840c9886fd35ee975e527020916679e0df2dc5bd3beb858f1598cf8b0.jpeg","contentUrl":"https:\/\/www.koonings.com\/wp-content\/uploads\/2025\/09\/51095_8d885c1eea81115840c9886fd35ee975e527020916679e0df2dc5bd3beb858f1598cf8b0.jpeg","width":1316,"height":1859},{"@type":"BreadcrumbList","@id":"https:\/\/www.koonings.com\/de\/product\/le-papillon-von-modeca-hilary-d\/#breadcrumb","itemListElement":[{"@type":"ListItem","position":1,"name":"Home","item":"https:\/\/www.koonings.com\/de\/"},{"@type":"ListItem","position":2,"name":"Le Papillon von Modeca Hilary-D"}]},{"@type":"WebSite","@id":"https:\/\/www.koonings.com\/de\/#website","url":"https:\/\/www.koonings.com\/de\/","name":"Koonings","description":"De grootste bruidsmodewinkel ter wereld","publisher":{"@id":"https:\/\/www.koonings.com\/de\/#organization"},"potentialAction":[{"@type":"SearchAction","target":{"@type":"EntryPoint","urlTemplate":"https:\/\/www.koonings.com\/de\/?s={search_term_string}"},"query-input":{"@type":"PropertyValueSpecification","valueRequired":true,"valueName":"search_term_string"}}],"inLanguage":"de"},{"@type":"Organization","@id":"https:\/\/www.koonings.com\/de\/#organization","name":"Koonings","url":"https:\/\/www.koonings.com\/de\/","logo":{"@type":"ImageObject","inLanguage":"de","@id":"https:\/\/www.koonings.com\/de\/#\/schema\/logo\/image\/","url":"https:\/\/www.koonings.com\/wp-content\/uploads\/2024\/07\/logo.png","contentUrl":"https:\/\/www.koonings.com\/wp-content\/uploads\/2024\/07\/logo.png","width":600,"height":428,"caption":"Koonings"},"image":{"@id":"https:\/\/www.koonings.com\/de\/#\/schema\/logo\/image\/"},"sameAs":["https:\/\/www.facebook.com\/kooningstheweddingpalace","https:\/\/www.instagram.com\/kooningstheweddingpalace","https:\/\/www.pinterest.com\/koonings","https:\/\/www.youtube.com\/kooningstheweddingpalace"]}]}},"_links":{"self":[{"href":"https:\/\/www.koonings.com\/de\/wp-json\/wp\/v2\/product\/107038","targetHints":{"allow":["GET"]}}],"collection":[{"href":"https:\/\/www.koonings.com\/de\/wp-json\/wp\/v2\/product"}],"about":[{"href":"https:\/\/www.koonings.com\/de\/wp-json\/wp\/v2\/types\/product"}],"wp:featuredmedia":[{"embeddable":true,"href":"https:\/\/www.koonings.com\/de\/wp-json\/wp\/v2\/media\/97060"}],"wp:attachment":[{"href":"https:\/\/www.koonings.com\/de\/wp-json\/wp\/v2\/media?parent=107038"}],"wp:term":[{"taxonomy":"productdetails","embeddable":true,"href":"https:\/\/www.koonings.com\/de\/wp-json\/wp\/v2\/productdetails?post=107038"},{"taxonomy":"productneck","embeddable":true,"href":"https:\/\/www.koonings.com\/de\/wp-json\/wp\/v2\/productneck?post=107038"},{"taxonomy":"productcolor","embeddable":true,"href":"https:\/\/www.koonings.com\/de\/wp-json\/wp\/v2\/productcolor?post=107038"},{"taxonomy":"maat","embeddable":true,"href":"https:\/\/www.koonings.com\/de\/wp-json\/wp\/v2\/maat?post=107038"},{"taxonomy":"productsupplier","embeddable":true,"href":"https:\/\/www.koonings.com\/de\/wp-json\/wp\/v2\/productsupplier?post=107038"},{"taxonomy":"productsleeve","embeddable":true,"href":"https:\/\/www.koonings.com\/de\/wp-json\/wp\/v2\/productsleeve?post=107038"},{"taxonomy":"productcategory","embeddable":true,"href":"https:\/\/www.koonings.com\/de\/wp-json\/wp\/v2\/productcategory?post=107038"},{"taxonomy":"productsilhouette","embeddable":true,"href":"https:\/\/www.koonings.com\/de\/wp-json\/wp\/v2\/productsilhouette?post=107038"},{"taxonomy":"productstyle","embeddable":true,"href":"https:\/\/www.koonings.com\/de\/wp-json\/wp\/v2\/productstyle?post=107038"}],"curies":[{"name":"wp","href":"https:\/\/api.w.org\/{rel}","templated":true}]}}