{"id":107032,"date":"2026-05-06T15:36:13","date_gmt":"2026-05-06T13:36:13","guid":{"rendered":"https:\/\/www.koonings.com\/product\/le-papillon-von-modeca-hesper\/"},"modified":"2026-04-14T15:39:39","modified_gmt":"2026-04-14T13:39:39","slug":"le-papillon-von-modeca-hesper","status":"publish","type":"product","link":"https:\/\/www.koonings.com\/de\/product\/le-papillon-von-modeca-hesper\/","title":{"rendered":"Le Papillon von Modeca Hesper"},"content":{"rendered":"<p>Ein atemberaubendes Kleid in figurbetonter Passform mit einem tief ausgeschnittenen, herzf\u00f6rmigen Ausschnitt und einem bezaubernden Rock aus glitzerndem T\u00fcll. Das gesamte Kleid ist mit wundersch\u00f6ner floraler Spitze verziert, die die perfekte Balance zwischen Romantik und Raffinesse schafft. Der offene R\u00fccken verleiht dem Kleid eine k\u00fchne Note und unterstreicht die sinnliche Eleganz, w\u00e4hrend das Gesamtdesign sowohl zeitlos als auch modern bleibt. Ideal f\u00fcr die Braut, die sich einen unvergesslichen und bezaubernden Look w\u00fcnscht.   <\/p>\n<p>Dieses Design stammt aus der Kollektion Le Papillon von Modeca und ist bei Koonings erh\u00e4ltlich.<\/p>\n","protected":false},"featured_media":97022,"template":"","meta":{"_acf_changed":false,"ghostkit_customizer_options":"","ghostkit_custom_css":"","ghostkit_custom_js_head":"","ghostkit_custom_js_foot":"","ghostkit_typography":""},"productdetails":[376,381],"productneck":[355],"productcolor":[393,392],"maat":[],"productsupplier":[411],"productsleeve":[359],"productcategory":[18],"productsilhouette":[387,389],"productstyle":[366],"class_list":["post-107032","product","type-product","status-publish","has-post-thumbnail","hentry","productdetails-376","productdetails-381","productneck-355","productcolor-393","productcolor-392","productsupplier-le-papillon-by-modeca","productsleeve-359","productcategory-trouwjurken","productsilhouette-387","productsilhouette-389","productstyle-366"],"acf":[],"yoast_head":"<!-- This site is optimized with the Yoast SEO plugin v27.3 - https:\/\/yoast.com\/product\/yoast-seo-wordpress\/ -->\n<title>Le Papillon von Modeca Hesper | Koonings<\/title>\n<meta name=\"description\" content=\"Ein atemberaubendes Kleid in figurbetonter Passform mit einem tief ausgeschnittenen, herzf\u00f6rmigen Ausschnitt und einem bezaubernden Rock aus glitzerndem T\u00fcll. Das gesamte Kleid ist mit wundersch\u00f6ner floraler Spitze verziert, die die perfekte Balance zwischen Romantik und Raffinesse schafft. Der offene R\u00fccken verleiht dem Kleid eine k\u00fchne Note und unterstreicht die sinnliche Eleganz, w\u00e4hrend das Gesamtdesign sowohl zeitlos als auch modern bleibt. Ideal f\u00fcr die Braut, die sich einen unvergesslichen und bezaubernden Look w\u00fcnscht. Dieses Design stammt aus der Kollektion Le Papillon von Modeca und ist bei Koonings erh\u00e4ltlich.\" \/>\n<meta name=\"robots\" content=\"index, follow, max-snippet:-1, max-image-preview:large, max-video-preview:-1\" \/>\n<link rel=\"canonical\" href=\"https:\/\/www.koonings.com\/de\/product\/le-papillon-von-modeca-hesper\/\" \/>\n<meta property=\"og:locale\" content=\"de_DE\" \/>\n<meta property=\"og:type\" content=\"article\" \/>\n<meta property=\"og:title\" content=\"Le Papillon von Modeca Hesper | Koonings\" \/>\n<meta property=\"og:description\" content=\"Ein atemberaubendes Kleid in figurbetonter Passform mit einem tief ausgeschnittenen, herzf\u00f6rmigen Ausschnitt und einem bezaubernden Rock aus glitzerndem T\u00fcll. Das gesamte Kleid ist mit wundersch\u00f6ner floraler Spitze verziert, die die perfekte Balance zwischen Romantik und Raffinesse schafft. Der offene R\u00fccken verleiht dem Kleid eine k\u00fchne Note und unterstreicht die sinnliche Eleganz, w\u00e4hrend das Gesamtdesign sowohl zeitlos als auch modern bleibt. Ideal f\u00fcr die Braut, die sich einen unvergesslichen und bezaubernden Look w\u00fcnscht. Dieses Design stammt aus der Kollektion Le Papillon von Modeca und ist bei Koonings erh\u00e4ltlich.\" \/>\n<meta property=\"og:url\" content=\"https:\/\/www.koonings.com\/de\/product\/le-papillon-von-modeca-hesper\/\" \/>\n<meta property=\"og:site_name\" content=\"Koonings\" \/>\n<meta property=\"article:publisher\" content=\"https:\/\/www.facebook.com\/kooningstheweddingpalace\" \/>\n<meta property=\"og:image\" content=\"https:\/\/www.koonings.com\/wp-content\/uploads\/2025\/09\/51093_5bb788043417027fce63e7a3a8fff6d1800822cec75399ed5b0341d9be4bf5671821a9cc.jpeg\" \/>\n\t<meta property=\"og:image:width\" content=\"1754\" \/>\n\t<meta property=\"og:image:height\" content=\"2482\" \/>\n\t<meta property=\"og:image:type\" content=\"image\/jpeg\" \/>\n<meta name=\"twitter:card\" content=\"summary_large_image\" \/>\n<script type=\"application\/ld+json\" class=\"yoast-schema-graph\">{\"@context\":\"https:\\\/\\\/schema.org\",\"@graph\":[{\"@type\":\"WebPage\",\"@id\":\"https:\\\/\\\/www.koonings.com\\\/de\\\/product\\\/le-papillon-von-modeca-hesper\\\/\",\"url\":\"https:\\\/\\\/www.koonings.com\\\/de\\\/product\\\/le-papillon-von-modeca-hesper\\\/\",\"name\":\"Le Papillon von Modeca Hesper | Koonings\",\"isPartOf\":{\"@id\":\"https:\\\/\\\/www.koonings.com\\\/de\\\/#website\"},\"primaryImageOfPage\":{\"@id\":\"https:\\\/\\\/www.koonings.com\\\/de\\\/product\\\/le-papillon-von-modeca-hesper\\\/#primaryimage\"},\"image\":{\"@id\":\"https:\\\/\\\/www.koonings.com\\\/de\\\/product\\\/le-papillon-von-modeca-hesper\\\/#primaryimage\"},\"thumbnailUrl\":\"https:\\\/\\\/www.koonings.com\\\/wp-content\\\/uploads\\\/2025\\\/09\\\/51093_5bb788043417027fce63e7a3a8fff6d1800822cec75399ed5b0341d9be4bf5671821a9cc.jpeg\",\"datePublished\":\"2026-05-06T13:36:13+00:00\",\"description\":\"Ein atemberaubendes Kleid in figurbetonter Passform mit einem tief ausgeschnittenen, herzf\u00f6rmigen Ausschnitt und einem bezaubernden Rock aus glitzerndem T\u00fcll. Das gesamte Kleid ist mit wundersch\u00f6ner floraler Spitze verziert, die die perfekte Balance zwischen Romantik und Raffinesse schafft. Der offene R\u00fccken verleiht dem Kleid eine k\u00fchne Note und unterstreicht die sinnliche Eleganz, w\u00e4hrend das Gesamtdesign sowohl zeitlos als auch modern bleibt. Ideal f\u00fcr die Braut, die sich einen unvergesslichen und bezaubernden Look w\u00fcnscht. Dieses Design stammt aus der Kollektion Le Papillon von Modeca und ist bei Koonings erh\u00e4ltlich.\",\"breadcrumb\":{\"@id\":\"https:\\\/\\\/www.koonings.com\\\/de\\\/product\\\/le-papillon-von-modeca-hesper\\\/#breadcrumb\"},\"inLanguage\":\"de\",\"potentialAction\":[{\"@type\":\"ReadAction\",\"target\":[\"https:\\\/\\\/www.koonings.com\\\/de\\\/product\\\/le-papillon-von-modeca-hesper\\\/\"]}]},{\"@type\":\"ImageObject\",\"inLanguage\":\"de\",\"@id\":\"https:\\\/\\\/www.koonings.com\\\/de\\\/product\\\/le-papillon-von-modeca-hesper\\\/#primaryimage\",\"url\":\"https:\\\/\\\/www.koonings.com\\\/wp-content\\\/uploads\\\/2025\\\/09\\\/51093_5bb788043417027fce63e7a3a8fff6d1800822cec75399ed5b0341d9be4bf5671821a9cc.jpeg\",\"contentUrl\":\"https:\\\/\\\/www.koonings.com\\\/wp-content\\\/uploads\\\/2025\\\/09\\\/51093_5bb788043417027fce63e7a3a8fff6d1800822cec75399ed5b0341d9be4bf5671821a9cc.jpeg\",\"width\":1754,\"height\":2482},{\"@type\":\"BreadcrumbList\",\"@id\":\"https:\\\/\\\/www.koonings.com\\\/de\\\/product\\\/le-papillon-von-modeca-hesper\\\/#breadcrumb\",\"itemListElement\":[{\"@type\":\"ListItem\",\"position\":1,\"name\":\"Home\",\"item\":\"https:\\\/\\\/www.koonings.com\\\/de\\\/\"},{\"@type\":\"ListItem\",\"position\":2,\"name\":\"Le Papillon von Modeca Hesper\"}]},{\"@type\":\"WebSite\",\"@id\":\"https:\\\/\\\/www.koonings.com\\\/de\\\/#website\",\"url\":\"https:\\\/\\\/www.koonings.com\\\/de\\\/\",\"name\":\"Koonings\",\"description\":\"De grootste bruidsmodewinkel ter wereld\",\"publisher\":{\"@id\":\"https:\\\/\\\/www.koonings.com\\\/de\\\/#organization\"},\"potentialAction\":[{\"@type\":\"SearchAction\",\"target\":{\"@type\":\"EntryPoint\",\"urlTemplate\":\"https:\\\/\\\/www.koonings.com\\\/de\\\/?s={search_term_string}\"},\"query-input\":{\"@type\":\"PropertyValueSpecification\",\"valueRequired\":true,\"valueName\":\"search_term_string\"}}],\"inLanguage\":\"de\"},{\"@type\":\"Organization\",\"@id\":\"https:\\\/\\\/www.koonings.com\\\/de\\\/#organization\",\"name\":\"Koonings\",\"url\":\"https:\\\/\\\/www.koonings.com\\\/de\\\/\",\"logo\":{\"@type\":\"ImageObject\",\"inLanguage\":\"de\",\"@id\":\"https:\\\/\\\/www.koonings.com\\\/de\\\/#\\\/schema\\\/logo\\\/image\\\/\",\"url\":\"https:\\\/\\\/www.koonings.com\\\/wp-content\\\/uploads\\\/2024\\\/07\\\/logo.png\",\"contentUrl\":\"https:\\\/\\\/www.koonings.com\\\/wp-content\\\/uploads\\\/2024\\\/07\\\/logo.png\",\"width\":600,\"height\":428,\"caption\":\"Koonings\"},\"image\":{\"@id\":\"https:\\\/\\\/www.koonings.com\\\/de\\\/#\\\/schema\\\/logo\\\/image\\\/\"},\"sameAs\":[\"https:\\\/\\\/www.facebook.com\\\/kooningstheweddingpalace\",\"https:\\\/\\\/www.instagram.com\\\/kooningstheweddingpalace\",\"https:\\\/\\\/www.pinterest.com\\\/koonings\",\"https:\\\/\\\/www.youtube.com\\\/kooningstheweddingpalace\"]}]}<\/script>\n<!-- \/ Yoast SEO plugin. -->","yoast_head_json":{"title":"Le Papillon von Modeca Hesper | Koonings","description":"Ein atemberaubendes Kleid in figurbetonter Passform mit einem tief ausgeschnittenen, herzf\u00f6rmigen Ausschnitt und einem bezaubernden Rock aus glitzerndem T\u00fcll. Das gesamte Kleid ist mit wundersch\u00f6ner floraler Spitze verziert, die die perfekte Balance zwischen Romantik und Raffinesse schafft. Der offene R\u00fccken verleiht dem Kleid eine k\u00fchne Note und unterstreicht die sinnliche Eleganz, w\u00e4hrend das Gesamtdesign sowohl zeitlos als auch modern bleibt. Ideal f\u00fcr die Braut, die sich einen unvergesslichen und bezaubernden Look w\u00fcnscht. Dieses Design stammt aus der Kollektion Le Papillon von Modeca und ist bei Koonings erh\u00e4ltlich.","robots":{"index":"index","follow":"follow","max-snippet":"max-snippet:-1","max-image-preview":"max-image-preview:large","max-video-preview":"max-video-preview:-1"},"canonical":"https:\/\/www.koonings.com\/de\/product\/le-papillon-von-modeca-hesper\/","og_locale":"de_DE","og_type":"article","og_title":"Le Papillon von Modeca Hesper | Koonings","og_description":"Ein atemberaubendes Kleid in figurbetonter Passform mit einem tief ausgeschnittenen, herzf\u00f6rmigen Ausschnitt und einem bezaubernden Rock aus glitzerndem T\u00fcll. Das gesamte Kleid ist mit wundersch\u00f6ner floraler Spitze verziert, die die perfekte Balance zwischen Romantik und Raffinesse schafft. Der offene R\u00fccken verleiht dem Kleid eine k\u00fchne Note und unterstreicht die sinnliche Eleganz, w\u00e4hrend das Gesamtdesign sowohl zeitlos als auch modern bleibt. Ideal f\u00fcr die Braut, die sich einen unvergesslichen und bezaubernden Look w\u00fcnscht. Dieses Design stammt aus der Kollektion Le Papillon von Modeca und ist bei Koonings erh\u00e4ltlich.","og_url":"https:\/\/www.koonings.com\/de\/product\/le-papillon-von-modeca-hesper\/","og_site_name":"Koonings","article_publisher":"https:\/\/www.facebook.com\/kooningstheweddingpalace","og_image":[{"width":1754,"height":2482,"url":"https:\/\/www.koonings.com\/wp-content\/uploads\/2025\/09\/51093_5bb788043417027fce63e7a3a8fff6d1800822cec75399ed5b0341d9be4bf5671821a9cc.jpeg","type":"image\/jpeg"}],"twitter_card":"summary_large_image","schema":{"@context":"https:\/\/schema.org","@graph":[{"@type":"WebPage","@id":"https:\/\/www.koonings.com\/de\/product\/le-papillon-von-modeca-hesper\/","url":"https:\/\/www.koonings.com\/de\/product\/le-papillon-von-modeca-hesper\/","name":"Le Papillon von Modeca Hesper | Koonings","isPartOf":{"@id":"https:\/\/www.koonings.com\/de\/#website"},"primaryImageOfPage":{"@id":"https:\/\/www.koonings.com\/de\/product\/le-papillon-von-modeca-hesper\/#primaryimage"},"image":{"@id":"https:\/\/www.koonings.com\/de\/product\/le-papillon-von-modeca-hesper\/#primaryimage"},"thumbnailUrl":"https:\/\/www.koonings.com\/wp-content\/uploads\/2025\/09\/51093_5bb788043417027fce63e7a3a8fff6d1800822cec75399ed5b0341d9be4bf5671821a9cc.jpeg","datePublished":"2026-05-06T13:36:13+00:00","description":"Ein atemberaubendes Kleid in figurbetonter Passform mit einem tief ausgeschnittenen, herzf\u00f6rmigen Ausschnitt und einem bezaubernden Rock aus glitzerndem T\u00fcll. Das gesamte Kleid ist mit wundersch\u00f6ner floraler Spitze verziert, die die perfekte Balance zwischen Romantik und Raffinesse schafft. Der offene R\u00fccken verleiht dem Kleid eine k\u00fchne Note und unterstreicht die sinnliche Eleganz, w\u00e4hrend das Gesamtdesign sowohl zeitlos als auch modern bleibt. Ideal f\u00fcr die Braut, die sich einen unvergesslichen und bezaubernden Look w\u00fcnscht. Dieses Design stammt aus der Kollektion Le Papillon von Modeca und ist bei Koonings erh\u00e4ltlich.","breadcrumb":{"@id":"https:\/\/www.koonings.com\/de\/product\/le-papillon-von-modeca-hesper\/#breadcrumb"},"inLanguage":"de","potentialAction":[{"@type":"ReadAction","target":["https:\/\/www.koonings.com\/de\/product\/le-papillon-von-modeca-hesper\/"]}]},{"@type":"ImageObject","inLanguage":"de","@id":"https:\/\/www.koonings.com\/de\/product\/le-papillon-von-modeca-hesper\/#primaryimage","url":"https:\/\/www.koonings.com\/wp-content\/uploads\/2025\/09\/51093_5bb788043417027fce63e7a3a8fff6d1800822cec75399ed5b0341d9be4bf5671821a9cc.jpeg","contentUrl":"https:\/\/www.koonings.com\/wp-content\/uploads\/2025\/09\/51093_5bb788043417027fce63e7a3a8fff6d1800822cec75399ed5b0341d9be4bf5671821a9cc.jpeg","width":1754,"height":2482},{"@type":"BreadcrumbList","@id":"https:\/\/www.koonings.com\/de\/product\/le-papillon-von-modeca-hesper\/#breadcrumb","itemListElement":[{"@type":"ListItem","position":1,"name":"Home","item":"https:\/\/www.koonings.com\/de\/"},{"@type":"ListItem","position":2,"name":"Le Papillon von Modeca Hesper"}]},{"@type":"WebSite","@id":"https:\/\/www.koonings.com\/de\/#website","url":"https:\/\/www.koonings.com\/de\/","name":"Koonings","description":"De grootste bruidsmodewinkel ter wereld","publisher":{"@id":"https:\/\/www.koonings.com\/de\/#organization"},"potentialAction":[{"@type":"SearchAction","target":{"@type":"EntryPoint","urlTemplate":"https:\/\/www.koonings.com\/de\/?s={search_term_string}"},"query-input":{"@type":"PropertyValueSpecification","valueRequired":true,"valueName":"search_term_string"}}],"inLanguage":"de"},{"@type":"Organization","@id":"https:\/\/www.koonings.com\/de\/#organization","name":"Koonings","url":"https:\/\/www.koonings.com\/de\/","logo":{"@type":"ImageObject","inLanguage":"de","@id":"https:\/\/www.koonings.com\/de\/#\/schema\/logo\/image\/","url":"https:\/\/www.koonings.com\/wp-content\/uploads\/2024\/07\/logo.png","contentUrl":"https:\/\/www.koonings.com\/wp-content\/uploads\/2024\/07\/logo.png","width":600,"height":428,"caption":"Koonings"},"image":{"@id":"https:\/\/www.koonings.com\/de\/#\/schema\/logo\/image\/"},"sameAs":["https:\/\/www.facebook.com\/kooningstheweddingpalace","https:\/\/www.instagram.com\/kooningstheweddingpalace","https:\/\/www.pinterest.com\/koonings","https:\/\/www.youtube.com\/kooningstheweddingpalace"]}]}},"_links":{"self":[{"href":"https:\/\/www.koonings.com\/de\/wp-json\/wp\/v2\/product\/107032","targetHints":{"allow":["GET"]}}],"collection":[{"href":"https:\/\/www.koonings.com\/de\/wp-json\/wp\/v2\/product"}],"about":[{"href":"https:\/\/www.koonings.com\/de\/wp-json\/wp\/v2\/types\/product"}],"wp:featuredmedia":[{"embeddable":true,"href":"https:\/\/www.koonings.com\/de\/wp-json\/wp\/v2\/media\/97022"}],"wp:attachment":[{"href":"https:\/\/www.koonings.com\/de\/wp-json\/wp\/v2\/media?parent=107032"}],"wp:term":[{"taxonomy":"productdetails","embeddable":true,"href":"https:\/\/www.koonings.com\/de\/wp-json\/wp\/v2\/productdetails?post=107032"},{"taxonomy":"productneck","embeddable":true,"href":"https:\/\/www.koonings.com\/de\/wp-json\/wp\/v2\/productneck?post=107032"},{"taxonomy":"productcolor","embeddable":true,"href":"https:\/\/www.koonings.com\/de\/wp-json\/wp\/v2\/productcolor?post=107032"},{"taxonomy":"maat","embeddable":true,"href":"https:\/\/www.koonings.com\/de\/wp-json\/wp\/v2\/maat?post=107032"},{"taxonomy":"productsupplier","embeddable":true,"href":"https:\/\/www.koonings.com\/de\/wp-json\/wp\/v2\/productsupplier?post=107032"},{"taxonomy":"productsleeve","embeddable":true,"href":"https:\/\/www.koonings.com\/de\/wp-json\/wp\/v2\/productsleeve?post=107032"},{"taxonomy":"productcategory","embeddable":true,"href":"https:\/\/www.koonings.com\/de\/wp-json\/wp\/v2\/productcategory?post=107032"},{"taxonomy":"productsilhouette","embeddable":true,"href":"https:\/\/www.koonings.com\/de\/wp-json\/wp\/v2\/productsilhouette?post=107032"},{"taxonomy":"productstyle","embeddable":true,"href":"https:\/\/www.koonings.com\/de\/wp-json\/wp\/v2\/productstyle?post=107032"}],"curies":[{"name":"wp","href":"https:\/\/api.w.org\/{rel}","templated":true}]}}