{"id":98704,"date":"2025-02-20T16:42:30","date_gmt":"2025-02-20T15:42:30","guid":{"rendered":"https:\/\/www.koonings.com\/inspiration\/einzigartiges-brautmodengeschaeft-in-maasmechelen\/"},"modified":"2025-09-29T12:30:31","modified_gmt":"2025-09-29T10:30:31","slug":"einzigartiges-brautmodengeschaeft-in-maasmechelen","status":"publish","type":"page","link":"https:\/\/www.koonings.com\/de\/inspiration\/einzigartiges-brautmodengeschaeft-in-maasmechelen\/","title":{"rendered":"Einzigartiges Brautmodengesch\u00e4ft in Maasmechelen"},"content":{"rendered":"\r\n\r\n<div class=\"eye-element fullwidth-row alignfull style-both bg--none  alignfull \" style=\" \">\r\n\r\n    <div class=\"container\">\r\n        <div class=\"row\">\r\n            <div class=\"col-12\">\r\n                <div class=\"acf-innerblocks-container\">\n\n<h1 class=\"wp-block-heading has-text-align-center\" id=\"unieke-bruidswinkel-in-maasmechelen\">Einzigartiges Brautmodengesch\u00e4ft in Maasmechelen<\/h1>\n\n\n\n<p class=\"has-text-align-center\">Tr\u00e4umen Sie vom perfekten Hochzeitskleid und suchen Sie ein einzigartiges Brautmodengesch\u00e4ft in Maasmechelen? <a href=\"https:\/\/www.koonings.com\/de\/valkenburg\/\">Koonings The Wedding Castle<\/a> im bezaubernden Kasteel Oost in Valkenburg bietet die umfangreichste <a href=\"https:\/\/www.koonings.com\/de\/inspiration\/brautmode-in-suedlimburg\/\">Kollektion an Brautkleidern in S\u00fcdlimburg<\/a>. Bei uns geht es darum, das Kleid zu finden, das Ihre Liebe und Pers\u00f6nlichkeit widerspiegelt. <\/p>\n\n\n\r\n<div class=\"eye-element bsbutton text-center \" >\r\n\t        <a class=\"btn btn-gold\" href=\"\/afspraak-maken\"\r\n           target=\"\">Vereinbare jetzt deinen Termin<\/a>\r\n\t<\/div>\n<\/div>\r\n            <\/div>\r\n        <\/div>\r\n    <\/div>\r\n\r\n<\/div>\r\n\r\n    \r\n\r\n<div class=\"eye-element fullwidth-row alignfull style-both bg--none  alignfull \" style=\" \">\r\n\r\n    <div class=\"container\">\r\n        <div class=\"row\">\r\n            <div class=\"col-12\">\r\n                <div class=\"acf-innerblocks-container\">\n\n<div class=\"ghostkit-grid ghostkit-grid-gap-md\"><div class=\"ghostkit-grid-inner\">\n<div class=\"ghostkit-col ghostkit-col-md-12 ghostkit-col-6\"><div class=\"ghostkit-col-content is-layout-flow wp-block-ghostkit-grid-column-is-layout-flow\">\n<h2 class=\"wp-block-heading\" id=\"een-magische-ervaring-bij-koonings-the-wedding-castle\">Ein magisches Erlebnis in Koonings The Wedding Castle<\/h2>\n\n\n\n<p>Heiraten ist ein einmaliges Erlebnis und wir machen Ihre Suche nach dem idealen Kleid genauso besonders. In unserem einzigartigen Brautmodengesch\u00e4ft werden Sie herzlich empfangen und von erfahrenen Stylisten beraten, f\u00fcr die Ihr Stil und Ihre W\u00fcnsche an erster Stelle stehen. Ob Sie ein zeitloses Prinzessinnenkleid, eine raffinierte moderne Kreation oder ein b\u00f6hmisches Traumkleid suchen, wir haben eine gro\u00dfe Auswahl an exklusiven Designs.  <\/p>\n\n\n\n<p>Mit Tausenden von Kleidern von renommierten Marken und Designern bieten wir Ihnen eine unvergleichliche Auswahl. Unser Ziel ist es, dass Sie an Ihrem gro\u00dfen Tag gl\u00e4nzen und das Kleid finden, das perfekt zu Ihnen passt. <\/p>\n\n\n\r\n<div class=\"eye-element bsbutton text-start \" >\r\n\t        <a class=\"btn btn-primary\" href=\"\/moodboard-maken\/\"\r\n           target=\"\">Erstellen Sie Ihr eigenes Moodboard f\u00fcr Ihr Brautkleid<\/a>\r\n\t<\/div><\/div><\/div>\n\n\n\n<div class=\"ghostkit-col ghostkit-col-md-12 ghostkit-col-6\"><div class=\"ghostkit-col-content is-layout-flow wp-block-ghostkit-grid-column-is-layout-flow\">\r\n<div class=\"eye-element images style-default variant-1 multi-image\">\r\n\r\n\t        <div class=\"composition\">\r\n\t\t\t                <div class=\"image-0\">\r\n                    <img decoding=\"async\" class=\"img-fluid\" src=\"https:\/\/www.koonings.com\/wp-content\/uploads\/2024\/07\/WDS_9795-200x300.jpg\" srcset=\"https:\/\/www.koonings.com\/wp-content\/uploads\/2024\/07\/WDS_9795-200x300.jpg 200w, https:\/\/www.koonings.com\/wp-content\/uploads\/2024\/07\/WDS_9795-683x1024.jpg 683w, https:\/\/www.koonings.com\/wp-content\/uploads\/2024\/07\/WDS_9795-768x1152.jpg 768w, https:\/\/www.koonings.com\/wp-content\/uploads\/2024\/07\/WDS_9795-1024x1536.jpg 1024w, https:\/\/www.koonings.com\/wp-content\/uploads\/2024\/07\/WDS_9795-1365x2048.jpg 1365w, https:\/\/www.koonings.com\/wp-content\/uploads\/2024\/07\/WDS_9795-scaled.jpg 1707w\" alt=\"\">\r\n                <\/div>\r\n\t\t\t\r\n            <div class=\"swiper images-swiper\">\r\n\r\n\t\t\t\t\r\n                <div class=\"swiper-wrapper\">\r\n\t\t\t\t\t                        <li class=\"swiper-slide\">\r\n                            <img decoding=\"async\" class=\" img-fluid\" src=\"https:\/\/www.koonings.com\/wp-content\/uploads\/2024\/07\/foto1WDS_0170-kopie-1024x683.jpg\" srcset=\"https:\/\/www.koonings.com\/wp-content\/uploads\/2024\/07\/foto1WDS_0170-kopie-scaled.jpg\" alt=\"\">\r\n                        <\/li>\r\n\t\t\t\t\t                <\/div>\r\n\r\n                <div class=\"swiper-pagination\"><\/div>\r\n\r\n                <div class=\"swiper-button-prev\"><\/div>\r\n                <div class=\"swiper-button-next\"><\/div>\r\n\r\n            <\/div>\r\n\r\n        <\/div>\r\n\t\r\n\t<\/div><\/div><\/div>\n<\/div><\/div>\n\n<\/div>\r\n            <\/div>\r\n        <\/div>\r\n    <\/div>\r\n\r\n<\/div>\r\n\r\n    \r\n\r\n<div class=\"eye-element fullwidth-row alignfull style-both bg--none  alignfull \" style=\" \">\r\n\r\n    <div class=\"container\">\r\n        <div class=\"row\">\r\n            <div class=\"col-12\">\r\n                <div class=\"acf-innerblocks-container\">\n\n<h2 class=\"wp-block-heading\" id=\"waarom-koonings-de-perfecte-keuze-is-voor-bruiden-uit-maasmechelen\">Warum Koonings die perfekte Wahl f\u00fcr Br\u00e4ute aus Maasmechelen ist<\/h2>\n\n\n\n<ul start=\"1\" class=\"wp-block-list\">\n<li><strong>Gr\u00f6\u00dfte Hochzeitskollektion in Limburg<\/strong> &#8211; Von klassischen bis zu trendigen Kleidern, wir haben f\u00fcr jeden etwas.<\/li>\n\n\n\n<li><strong>Einzigartiges Erlebnis<\/strong> &#8211; Die Location im m\u00e4rchenhaften Schloss Ost wird Ihren Anprobe-Moment unvergesslich machen.<\/li>\n\n\n\n<li><strong>Professionelle Beratung<\/strong> &#8211; Unsere fachkundigen Stylisten begleiten Sie mit pers\u00f6nlicher Aufmerksamkeit.<\/li>\n\n\n\n<li><strong>Schnell erreichbar<\/strong> &#8211; Innerhalb von 25 Minuten k\u00f6nnen Sie von Maasmechelen aus bequem zu unserem Brautmodengesch\u00e4ft in Valkenburg fahren.<\/li>\n\n\n\n<li><strong>Bekannt aus dem Fernsehen<\/strong> &#8211; Koonings ist das Brautmodengesch\u00e4ft aus <em>Say Yes to the Dress<\/em> und <em>Married at First Sight<\/em>.<\/li>\n<\/ul>\n\n<\/div>\r\n            <\/div>\r\n        <\/div>\r\n    <\/div>\r\n\r\n<\/div>\r\n\r\n    \r\n\r\n<div class=\"eye-element fullwidth-row alignfull style-both bg--lightgray  alignfull \" style=\" \">\r\n\r\n    <div class=\"container\">\r\n        <div class=\"row\">\r\n            <div class=\"col-12\">\r\n                <div class=\"acf-innerblocks-container\">\n\n<h2 class=\"wp-block-heading has-text-align-center\" id=\"zo-bereik-je-koonings-bruidsmode-vanuit-maasmechelen\">Wie Sie Koonings Bridalwear von Maasmechelen aus erreichen<\/h2>\n\n\n\n<p class=\"has-text-align-center\">Von Maasmechelen aus erreichen Sie das Brautmodengesch\u00e4ft Koonings im Handumdrehen. Fahren Sie \u00fcber die E314 und die A79 nach Valkenburg, nehmen Sie die Ausfahrt 4 und folgen Sie der Beschilderung nach Kasteel Oost. Sie k\u00f6nnen auf dem ger\u00e4umigen und kostenlosen Parkplatz in der N\u00e4he des Brautmodengesch\u00e4fts parken. Planen Sie Ihre Route ganz einfach mit <a href=\"https:\/\/www.google.com\/maps\/dir\/\/Oosterweg+30,+6301+PX+Valkenburg\/@50.8618028,5.7593203,12z\/data=!4m8!4m7!1m0!1m5!1m1!1s0x47c09556dd064395:0x4979aaf79c0c47c4!2m2!1d5.8418127!2d50.8618943\" target=\"_blank\" rel=\"noreferrer noopener\">Google Maps<\/a> und finden Sie selbst heraus, warum sich so viele Br\u00e4ute f\u00fcr Koonings entscheiden.   <\/p>\n\n\n\n<div class=\"ghostkit-google-maps\" style=\"min-height:350px\" data-lat=\"50.8620043\" data-lng=\"5.841919500000001\" data-zoom=\"10\" data-show-zoom-buttons=\"true\" data-show-map-type-buttons=\"true\" data-show-street-view-button=\"true\" data-show-fullscreen-button=\"true\" data-option-scroll-wheel=\"true\" data-option-draggable=\"true\" data-styles=\"\"><div class=\"ghostkit-google-maps-marker\" data-title=\"Koonings The Wedding Castle\" data-lat=\"40.7127753\" data-lng=\"-74.0059728\" data-address=\"1356 Broadway, New York, NY 10018, Verenigde Staten\"><div class=\"ghostkit-pro-google-maps-marker-info-window-text\" style=\"display:none\"><p>Oosterweg 36<br>6301 PX Valkenburg<\/p><\/div><\/div><\/div>\n\n<\/div>\r\n            <\/div>\r\n        <\/div>\r\n    <\/div>\r\n\r\n<\/div>\r\n\r\n    \r\n\r\n<div class=\"eye-element fullwidth-row alignfull style-both bg--none  alignfull \" style=\" \">\r\n\r\n    <div class=\"container\">\r\n        <div class=\"row\">\r\n            <div class=\"col-12\">\r\n                <div class=\"acf-innerblocks-container\">\n\n<div class=\"ghostkit-grid ghostkit-grid-gap-md\"><div class=\"ghostkit-grid-inner\">\n<div class=\"ghostkit-col ghostkit-col-md-12 ghostkit-col-6\"><div class=\"ghostkit-col-content is-layout-flow wp-block-ghostkit-grid-column-is-layout-flow\">\r\n<div class=\"eye-block empty-space empty-space--large pt-md-5 pb-md-5 pt-4 pb-4\" ><\/div>\n\n\n<h2 class=\"wp-block-heading\" id=\"bruidsdroom\">Hochzeitstraum<\/h2>\n\n\n\n<p>Tr\u00e4umen Sie von einem Hochzeitskleid, das perfekt zu Ihnen passt? Dann schauen Sie bei Koonings The Wedding Castle vorbei und lassen Sie sich von unserer wundersch\u00f6nen Brautmodenkollektion verzaubern. Egal, ob Sie aus Maasmechelen, <a href=\"https:\/\/www.koonings.com\/de\/inspiration\/brautmodengeschaeft-luettich\/\">L\u00fcttich<\/a> oder der Region S\u00fcd-Limburg kommen, wir helfen Ihnen gerne, das Kleid Ihrer Tr\u00e4ume zu finden. Vereinbaren Sie noch heute einen Termin und erleben Sie den Zauber von Koonings!   <\/p>\n\n\n\r\n<div class=\"eye-element bsbutton text-start \" >\r\n\t        <a class=\"btn btn-primary\" href=\"\/bruid\/trouwjurken\"\r\n           target=\"\">Die Kollektion der Brautkleider ansehen<\/a>\r\n\t<\/div>\n\n\n<h2 class=\"wp-block-heading\" id=\"compleet-bruidsmodeaanbod-voor-de-hele-bruiloft\">Komplettes Angebot an Brautmode f\u00fcr die gesamte Hochzeit<\/h2>\n\n\n\n<p>Bei Koonings finden Sie nicht nur Brautkleider, sondern auch das perfekte Hochzeitsoutfit f\u00fcr den Br\u00e4utigam, die Trauzeugen und die Kinder. Sie werden in der Region Maasmechelen keine gr\u00f6\u00dfere Kollektion finden. Von stilvollen Ma\u00dfanz\u00fcgen \u00fcber schicke Accessoires bis hin zu eleganten Outfits f\u00fcr die kleinsten G\u00e4ste &#8211; wir helfen jedem, an Ihrem besonderen Tag perfekt auszusehen.  <\/p>\n<\/div><\/div>\n\n\n\n<div class=\"ghostkit-col ghostkit-col-md-12 ghostkit-col-6\"><div class=\"ghostkit-col-content is-layout-flow wp-block-ghostkit-grid-column-is-layout-flow\">\r\n<div class=\"eye-element images style-default variant-1 multi-image\">\r\n\r\n\t        <div class=\"composition\">\r\n\t\t\t                <div class=\"image-0\">\r\n                    <img decoding=\"async\" class=\"img-fluid\" src=\"https:\/\/www.koonings.com\/wp-content\/uploads\/2024\/08\/koonings-trouwpak-wilvorst-431107-40-trouwkostuum-a-1-212x300.jpg\" srcset=\"https:\/\/www.koonings.com\/wp-content\/uploads\/2024\/08\/koonings-trouwpak-wilvorst-431107-40-trouwkostuum-a-1-212x300.jpg 212w, https:\/\/www.koonings.com\/wp-content\/uploads\/2024\/08\/koonings-trouwpak-wilvorst-431107-40-trouwkostuum-a-1-724x1024.jpg 724w, https:\/\/www.koonings.com\/wp-content\/uploads\/2024\/08\/koonings-trouwpak-wilvorst-431107-40-trouwkostuum-a-1-768x1087.jpg 768w, https:\/\/www.koonings.com\/wp-content\/uploads\/2024\/08\/koonings-trouwpak-wilvorst-431107-40-trouwkostuum-a-1-1086x1536.jpg 1086w, https:\/\/www.koonings.com\/wp-content\/uploads\/2024\/08\/koonings-trouwpak-wilvorst-431107-40-trouwkostuum-a-1.jpg 1311w\" alt=\"\">\r\n                <\/div>\r\n\t\t\t\r\n            <div class=\"swiper images-swiper\">\r\n\r\n\t\t\t\t\r\n                <div class=\"swiper-wrapper\">\r\n\t\t\t\t\t                        <li class=\"swiper-slide\">\r\n                            <img decoding=\"async\" class=\" img-fluid\" src=\"https:\/\/www.koonings.com\/wp-content\/uploads\/2024\/07\/herenpakken-1024x671.png\" srcset=\"https:\/\/www.koonings.com\/wp-content\/uploads\/2024\/07\/herenpakken.png\" alt=\"Koonings herenpakken\">\r\n                        <\/li>\r\n\t\t\t\t\t                <\/div>\r\n\r\n                <div class=\"swiper-pagination\"><\/div>\r\n\r\n                <div class=\"swiper-button-prev\"><\/div>\r\n                <div class=\"swiper-button-next\"><\/div>\r\n\r\n            <\/div>\r\n\r\n        <\/div>\r\n\t\r\n\t<\/div><\/div><\/div>\n<\/div><\/div>\n\n<\/div>\r\n            <\/div>\r\n        <\/div>\r\n    <\/div>\r\n\r\n<\/div>\r\n\r\n    \r\n\r\n<div class=\"eye-element fullwidth-row alignfull style-both bg--none  alignfull \" style=\" \">\r\n\r\n    <div class=\"container\">\r\n        <div class=\"row\">\r\n            <div class=\"col-12\">\r\n                <div class=\"acf-innerblocks-container\">\n\n<h2 class=\"wp-block-heading has-text-align-center\" id=\"plan-jouw-bezoek-aan-koonings-the-wedding-castle\">Planen Sie Ihren Besuch bei Koonings The Wedding Castle<\/h2>\n\n\n\n<p class=\"has-text-align-center\">Sind Sie bereit, Ihr Traumkleid zu finden? Kommen Sie bei Koonings The Wedding Castle vorbei und entdecken Sie die sch\u00f6nste Brautmode in einer inspirierenden Umgebung. Ob Sie nun aus Maasmechelen, Lanaken oder einer anderen belgischen Stadt kommen, wir freuen uns, Sie bei uns begr\u00fc\u00dfen zu d\u00fcrfen. Vereinbaren Sie noch heute einen Termin und erleben Sie den Zauber von Koonings!   <\/p>\n\n\n\r\n<div class=\"eye-element bsbutton text-center \" >\r\n\t        <a class=\"btn btn-gold\" href=\"\/afspraak-maken\"\r\n           target=\"\">Vereinbare jetzt deinen Termin<\/a>\r\n\t<\/div>\n<\/div>\r\n            <\/div>\r\n        <\/div>\r\n    <\/div>\r\n\r\n<\/div>\r\n\r\n    ","protected":false},"excerpt":{"rendered":"","protected":false},"author":2,"featured_media":0,"parent":16091,"menu_order":0,"comment_status":"closed","ping_status":"closed","template":"","meta":{"_acf_changed":false,"ghostkit_customizer_options":"","ghostkit_custom_css":"","ghostkit_custom_js_head":"","ghostkit_custom_js_foot":"","ghostkit_typography":"","footnotes":""},"class_list":["post-98704","page","type-page","status-publish","hentry"],"acf":[],"yoast_head":"<!-- This site is optimized with the Yoast SEO plugin v27.3 - https:\/\/yoast.com\/product\/yoast-seo-wordpress\/ -->\n<title>Einzigartiges Brautmodengesch\u00e4ft in Maasmechelen | Koonings<\/title>\n<meta name=\"description\" content=\"Sind Sie auf der Suche nach dem perfekten Brautkleid in einem einzigartigen Brautmodengesch\u00e4ft in Maasmechelen? Bei Koonings The Wedding Castle finden Sie die gr\u00f6\u00dfte Kollektion an Brautkleidern.\" \/>\n<meta name=\"robots\" content=\"index, follow, max-snippet:-1, max-image-preview:large, max-video-preview:-1\" \/>\n<link rel=\"canonical\" href=\"https:\/\/www.koonings.com\/de\/inspiration\/einzigartiges-brautmodengeschaeft-in-maasmechelen\/\" \/>\n<meta property=\"og:locale\" content=\"de_DE\" \/>\n<meta property=\"og:type\" content=\"article\" \/>\n<meta property=\"og:title\" content=\"Einzigartiges Brautmodengesch\u00e4ft in Maasmechelen | Koonings\" \/>\n<meta property=\"og:description\" content=\"Sind Sie auf der Suche nach dem perfekten Brautkleid in einem einzigartigen Brautmodengesch\u00e4ft in Maasmechelen? Bei Koonings The Wedding Castle finden Sie die gr\u00f6\u00dfte Kollektion an Brautkleidern.\" \/>\n<meta property=\"og:url\" content=\"https:\/\/www.koonings.com\/de\/inspiration\/einzigartiges-brautmodengeschaeft-in-maasmechelen\/\" \/>\n<meta property=\"og:site_name\" content=\"Koonings\" \/>\n<meta property=\"article:publisher\" content=\"https:\/\/www.facebook.com\/kooningstheweddingpalace\" \/>\n<meta property=\"article:modified_time\" content=\"2025-09-29T10:30:31+00:00\" \/>\n<meta property=\"og:image\" content=\"https:\/\/www.koonings.com\/wp-content\/uploads\/2024\/06\/palace-hero-screenshot-1024x575.png\" \/>\n\t<meta property=\"og:image:width\" content=\"1024\" \/>\n\t<meta property=\"og:image:height\" content=\"575\" \/>\n\t<meta property=\"og:image:type\" content=\"image\/png\" \/>\n<meta name=\"twitter:card\" content=\"summary_large_image\" \/>\n<meta name=\"twitter:label1\" content=\"Gesch\u00e4tzte Lesezeit\" \/>\n\t<meta name=\"twitter:data1\" content=\"3\u00a0Minuten\" \/>\n<script type=\"application\/ld+json\" class=\"yoast-schema-graph\">{\"@context\":\"https:\\\/\\\/schema.org\",\"@graph\":[{\"@type\":\"WebPage\",\"@id\":\"https:\\\/\\\/www.koonings.com\\\/de\\\/inspiration\\\/einzigartiges-brautmodengeschaeft-in-maasmechelen\\\/\",\"url\":\"https:\\\/\\\/www.koonings.com\\\/de\\\/inspiration\\\/einzigartiges-brautmodengeschaeft-in-maasmechelen\\\/\",\"name\":\"Einzigartiges Brautmodengesch\u00e4ft in Maasmechelen | Koonings\",\"isPartOf\":{\"@id\":\"https:\\\/\\\/www.koonings.com\\\/de\\\/#website\"},\"datePublished\":\"2025-02-20T15:42:30+00:00\",\"dateModified\":\"2025-09-29T10:30:31+00:00\",\"description\":\"Sind Sie auf der Suche nach dem perfekten Brautkleid in einem einzigartigen Brautmodengesch\u00e4ft in Maasmechelen? Bei Koonings The Wedding Castle finden Sie die gr\u00f6\u00dfte Kollektion an Brautkleidern.\",\"breadcrumb\":{\"@id\":\"https:\\\/\\\/www.koonings.com\\\/de\\\/inspiration\\\/einzigartiges-brautmodengeschaeft-in-maasmechelen\\\/#breadcrumb\"},\"inLanguage\":\"de\",\"potentialAction\":[{\"@type\":\"ReadAction\",\"target\":[\"https:\\\/\\\/www.koonings.com\\\/de\\\/inspiration\\\/einzigartiges-brautmodengeschaeft-in-maasmechelen\\\/\"]}]},{\"@type\":\"BreadcrumbList\",\"@id\":\"https:\\\/\\\/www.koonings.com\\\/de\\\/inspiration\\\/einzigartiges-brautmodengeschaeft-in-maasmechelen\\\/#breadcrumb\",\"itemListElement\":[{\"@type\":\"ListItem\",\"position\":1,\"name\":\"Home\",\"item\":\"https:\\\/\\\/www.koonings.com\\\/de\\\/\"},{\"@type\":\"ListItem\",\"position\":2,\"name\":\"Inspiration\",\"item\":\"https:\\\/\\\/www.koonings.com\\\/de\\\/inspiration\\\/\"},{\"@type\":\"ListItem\",\"position\":3,\"name\":\"Einzigartiges Brautmodengesch\u00e4ft in Maasmechelen\"}]},{\"@type\":\"WebSite\",\"@id\":\"https:\\\/\\\/www.koonings.com\\\/de\\\/#website\",\"url\":\"https:\\\/\\\/www.koonings.com\\\/de\\\/\",\"name\":\"Koonings\",\"description\":\"De grootste bruidsmodewinkel ter wereld\",\"publisher\":{\"@id\":\"https:\\\/\\\/www.koonings.com\\\/de\\\/#organization\"},\"potentialAction\":[{\"@type\":\"SearchAction\",\"target\":{\"@type\":\"EntryPoint\",\"urlTemplate\":\"https:\\\/\\\/www.koonings.com\\\/de\\\/?s={search_term_string}\"},\"query-input\":{\"@type\":\"PropertyValueSpecification\",\"valueRequired\":true,\"valueName\":\"search_term_string\"}}],\"inLanguage\":\"de\"},{\"@type\":\"Organization\",\"@id\":\"https:\\\/\\\/www.koonings.com\\\/de\\\/#organization\",\"name\":\"Koonings\",\"url\":\"https:\\\/\\\/www.koonings.com\\\/de\\\/\",\"logo\":{\"@type\":\"ImageObject\",\"inLanguage\":\"de\",\"@id\":\"https:\\\/\\\/www.koonings.com\\\/de\\\/#\\\/schema\\\/logo\\\/image\\\/\",\"url\":\"https:\\\/\\\/www.koonings.com\\\/wp-content\\\/uploads\\\/2024\\\/07\\\/logo.png\",\"contentUrl\":\"https:\\\/\\\/www.koonings.com\\\/wp-content\\\/uploads\\\/2024\\\/07\\\/logo.png\",\"width\":600,\"height\":428,\"caption\":\"Koonings\"},\"image\":{\"@id\":\"https:\\\/\\\/www.koonings.com\\\/de\\\/#\\\/schema\\\/logo\\\/image\\\/\"},\"sameAs\":[\"https:\\\/\\\/www.facebook.com\\\/kooningstheweddingpalace\",\"https:\\\/\\\/www.instagram.com\\\/kooningstheweddingpalace\",\"https:\\\/\\\/www.pinterest.com\\\/koonings\",\"https:\\\/\\\/www.youtube.com\\\/kooningstheweddingpalace\"]}]}<\/script>\n<!-- \/ Yoast SEO plugin. -->","yoast_head_json":{"title":"Einzigartiges Brautmodengesch\u00e4ft in Maasmechelen | Koonings","description":"Sind Sie auf der Suche nach dem perfekten Brautkleid in einem einzigartigen Brautmodengesch\u00e4ft in Maasmechelen? Bei Koonings The Wedding Castle finden Sie die gr\u00f6\u00dfte Kollektion an Brautkleidern.","robots":{"index":"index","follow":"follow","max-snippet":"max-snippet:-1","max-image-preview":"max-image-preview:large","max-video-preview":"max-video-preview:-1"},"canonical":"https:\/\/www.koonings.com\/de\/inspiration\/einzigartiges-brautmodengeschaeft-in-maasmechelen\/","og_locale":"de_DE","og_type":"article","og_title":"Einzigartiges Brautmodengesch\u00e4ft in Maasmechelen | Koonings","og_description":"Sind Sie auf der Suche nach dem perfekten Brautkleid in einem einzigartigen Brautmodengesch\u00e4ft in Maasmechelen? Bei Koonings The Wedding Castle finden Sie die gr\u00f6\u00dfte Kollektion an Brautkleidern.","og_url":"https:\/\/www.koonings.com\/de\/inspiration\/einzigartiges-brautmodengeschaeft-in-maasmechelen\/","og_site_name":"Koonings","article_publisher":"https:\/\/www.facebook.com\/kooningstheweddingpalace","article_modified_time":"2025-09-29T10:30:31+00:00","og_image":[{"width":1024,"height":575,"url":"https:\/\/www.koonings.com\/wp-content\/uploads\/2024\/06\/palace-hero-screenshot-1024x575.png","type":"image\/png"}],"twitter_card":"summary_large_image","twitter_misc":{"Gesch\u00e4tzte Lesezeit":"3\u00a0Minuten"},"schema":{"@context":"https:\/\/schema.org","@graph":[{"@type":"WebPage","@id":"https:\/\/www.koonings.com\/de\/inspiration\/einzigartiges-brautmodengeschaeft-in-maasmechelen\/","url":"https:\/\/www.koonings.com\/de\/inspiration\/einzigartiges-brautmodengeschaeft-in-maasmechelen\/","name":"Einzigartiges Brautmodengesch\u00e4ft in Maasmechelen | Koonings","isPartOf":{"@id":"https:\/\/www.koonings.com\/de\/#website"},"datePublished":"2025-02-20T15:42:30+00:00","dateModified":"2025-09-29T10:30:31+00:00","description":"Sind Sie auf der Suche nach dem perfekten Brautkleid in einem einzigartigen Brautmodengesch\u00e4ft in Maasmechelen? Bei Koonings The Wedding Castle finden Sie die gr\u00f6\u00dfte Kollektion an Brautkleidern.","breadcrumb":{"@id":"https:\/\/www.koonings.com\/de\/inspiration\/einzigartiges-brautmodengeschaeft-in-maasmechelen\/#breadcrumb"},"inLanguage":"de","potentialAction":[{"@type":"ReadAction","target":["https:\/\/www.koonings.com\/de\/inspiration\/einzigartiges-brautmodengeschaeft-in-maasmechelen\/"]}]},{"@type":"BreadcrumbList","@id":"https:\/\/www.koonings.com\/de\/inspiration\/einzigartiges-brautmodengeschaeft-in-maasmechelen\/#breadcrumb","itemListElement":[{"@type":"ListItem","position":1,"name":"Home","item":"https:\/\/www.koonings.com\/de\/"},{"@type":"ListItem","position":2,"name":"Inspiration","item":"https:\/\/www.koonings.com\/de\/inspiration\/"},{"@type":"ListItem","position":3,"name":"Einzigartiges Brautmodengesch\u00e4ft in Maasmechelen"}]},{"@type":"WebSite","@id":"https:\/\/www.koonings.com\/de\/#website","url":"https:\/\/www.koonings.com\/de\/","name":"Koonings","description":"De grootste bruidsmodewinkel ter wereld","publisher":{"@id":"https:\/\/www.koonings.com\/de\/#organization"},"potentialAction":[{"@type":"SearchAction","target":{"@type":"EntryPoint","urlTemplate":"https:\/\/www.koonings.com\/de\/?s={search_term_string}"},"query-input":{"@type":"PropertyValueSpecification","valueRequired":true,"valueName":"search_term_string"}}],"inLanguage":"de"},{"@type":"Organization","@id":"https:\/\/www.koonings.com\/de\/#organization","name":"Koonings","url":"https:\/\/www.koonings.com\/de\/","logo":{"@type":"ImageObject","inLanguage":"de","@id":"https:\/\/www.koonings.com\/de\/#\/schema\/logo\/image\/","url":"https:\/\/www.koonings.com\/wp-content\/uploads\/2024\/07\/logo.png","contentUrl":"https:\/\/www.koonings.com\/wp-content\/uploads\/2024\/07\/logo.png","width":600,"height":428,"caption":"Koonings"},"image":{"@id":"https:\/\/www.koonings.com\/de\/#\/schema\/logo\/image\/"},"sameAs":["https:\/\/www.facebook.com\/kooningstheweddingpalace","https:\/\/www.instagram.com\/kooningstheweddingpalace","https:\/\/www.pinterest.com\/koonings","https:\/\/www.youtube.com\/kooningstheweddingpalace"]}]}},"_links":{"self":[{"href":"https:\/\/www.koonings.com\/de\/wp-json\/wp\/v2\/pages\/98704","targetHints":{"allow":["GET"]}}],"collection":[{"href":"https:\/\/www.koonings.com\/de\/wp-json\/wp\/v2\/pages"}],"about":[{"href":"https:\/\/www.koonings.com\/de\/wp-json\/wp\/v2\/types\/page"}],"author":[{"embeddable":true,"href":"https:\/\/www.koonings.com\/de\/wp-json\/wp\/v2\/users\/2"}],"replies":[{"embeddable":true,"href":"https:\/\/www.koonings.com\/de\/wp-json\/wp\/v2\/comments?post=98704"}],"version-history":[{"count":1,"href":"https:\/\/www.koonings.com\/de\/wp-json\/wp\/v2\/pages\/98704\/revisions"}],"predecessor-version":[{"id":98705,"href":"https:\/\/www.koonings.com\/de\/wp-json\/wp\/v2\/pages\/98704\/revisions\/98705"}],"up":[{"embeddable":true,"href":"https:\/\/www.koonings.com\/de\/wp-json\/wp\/v2\/pages\/16091"}],"wp:attachment":[{"href":"https:\/\/www.koonings.com\/de\/wp-json\/wp\/v2\/media?parent=98704"}],"curies":[{"name":"wp","href":"https:\/\/api.w.org\/{rel}","templated":true}]}}