{"id":98699,"date":"2025-01-16T12:08:50","date_gmt":"2025-01-16T11:08:50","guid":{"rendered":"https:\/\/www.koonings.com\/inspiration\/brautmodengeschaeft-landgraaf\/"},"modified":"2025-09-29T12:29:22","modified_gmt":"2025-09-29T10:29:22","slug":"brautmodengeschaeft-landgraaf","status":"publish","type":"page","link":"https:\/\/www.koonings.com\/de\/inspiration\/brautmodengeschaeft-landgraaf\/","title":{"rendered":"Brautmodengesch\u00e4ft Landgraaf"},"content":{"rendered":"\r\n\r\n<div class=\"eye-element fullwidth-row alignfull style-both bg--none  alignfull \" style=\" \">\r\n\r\n    <div class=\"container\">\r\n        <div class=\"row\">\r\n            <div class=\"col-12\">\r\n                <div class=\"acf-innerblocks-container\">\n\n<h1 class=\"wp-block-heading has-text-align-center\" id=\"bruidswinkel-landgraaf\">Brautmodengesch\u00e4ft Landgraaf<\/h1>\n\n\n\n<p class=\"has-text-align-center\">Sind Sie auf der Suche nach einem Brautmodengesch\u00e4ft in Landgraaf? Nur 15 Autominuten von Landgraaf entfernt finden Sie <a href=\"https:\/\/www.koonings.com\/de\/valkenburg\/\">Koonings The Wedding Castle<\/a>, das im bezaubernden Kasteel Oost in Valkenburg liegt. Hier entdecken Sie in einer inspirierenden und romantischen Umgebung die gr\u00f6\u00dfte <a href=\"https:\/\/www.koonings.com\/de\/braut\/hochzeitskleider\/\">Kollektion an Brautkleidern<\/a> in Limburg. Ein Besuch in unserem Brautmodengesch\u00e4ft ist mehr als ein Einkaufsbummel &#8211; es ist ein unvergessliches Erlebnis.   <\/p>\n\n\n\r\n<div class=\"eye-element bsbutton text-center \" >\r\n\t        <a class=\"btn btn-gold\" href=\"\/afspraak-maken\"\r\n           target=\"\">Vereinbare jetzt deinen Termin<\/a>\r\n\t<\/div>\n<\/div>\r\n            <\/div>\r\n        <\/div>\r\n    <\/div>\r\n\r\n<\/div>\r\n\r\n    \r\n\r\n<div class=\"eye-element fullwidth-row alignfull style-both bg--none  alignfull \" style=\" \">\r\n\r\n    <div class=\"container\">\r\n        <div class=\"row\">\r\n            <div class=\"col-12\">\r\n                <div class=\"acf-innerblocks-container\">\n\n<div class=\"ghostkit-grid ghostkit-grid-gap-md\"><div class=\"ghostkit-grid-inner\">\n<div class=\"ghostkit-col ghostkit-col-md-12 ghostkit-col-6\"><div class=\"ghostkit-col-content is-layout-flow wp-block-ghostkit-grid-column-is-layout-flow\">\n<h2 class=\"wp-block-heading\" id=\"een-unieke-ervaring-voor-bruiden-uit-landgraaf\">Ein einzigartiges Erlebnis f\u00fcr Br\u00e4ute aus Landgraaf<\/h2>\n\n\n\n<p>Bei Koonings The Wedding Castle dreht sich alles um Ihren perfekten Brautlook. Unser historisches Schloss bietet eine stimmungsvolle Kulisse, in der Sie in aller Ruhe unsere umfangreiche Kollektion an Brautkleidern anprobieren k\u00f6nnen. Von klassischen Prinzessinnenkleidern bis hin zu modernen und gewagten Designs &#8211; wir haben Kleider in jedem Stil und jeder Gr\u00f6\u00dfe, damit sich jede Braut besonders f\u00fchlt.  <\/p>\n\n\n\n<p>Was Koonings so besonders macht, ist nicht nur die Gr\u00f6\u00dfe unserer Kollektion, sondern auch die pers\u00f6nliche Betreuung, die Sie erhalten. Unsere erfahrenen Stylisten gehen auf Ihre W\u00fcnsche ein und helfen Ihnen bei jedem Schritt, damit Sie Ihr ideales Hochzeitskleid finden. Und das alles in einer Umgebung, die Luxus und Ruhe ausstrahlt.  <\/p>\n\n\n\r\n<div class=\"eye-element bsbutton text-start \" >\r\n\t        <a class=\"btn btn-primary\" href=\"\/moodboard-maken\/\"\r\n           target=\"\">Erstellen Sie Ihr eigenes Moodboard f\u00fcr Ihr Brautkleid<\/a>\r\n\t<\/div><\/div><\/div>\n\n\n\n<div class=\"ghostkit-col ghostkit-col-md-12 ghostkit-col-6\"><div class=\"ghostkit-col-content is-layout-flow wp-block-ghostkit-grid-column-is-layout-flow\">\r\n<div class=\"eye-element images style-default variant-1 multi-image\">\r\n\r\n\t        <div class=\"composition\">\r\n\t\t\t                <div class=\"image-0\">\r\n                    <img decoding=\"async\" class=\"img-fluid\" src=\"https:\/\/www.koonings.com\/wp-content\/uploads\/2024\/07\/WDS_9086-2-200x300.jpg\" srcset=\"https:\/\/www.koonings.com\/wp-content\/uploads\/2024\/07\/WDS_9086-2-200x300.jpg 200w, https:\/\/www.koonings.com\/wp-content\/uploads\/2024\/07\/WDS_9086-2-683x1024.jpg 683w, https:\/\/www.koonings.com\/wp-content\/uploads\/2024\/07\/WDS_9086-2-768x1152.jpg 768w, https:\/\/www.koonings.com\/wp-content\/uploads\/2024\/07\/WDS_9086-2-1024x1536.jpg 1024w, https:\/\/www.koonings.com\/wp-content\/uploads\/2024\/07\/WDS_9086-2-1365x2048.jpg 1365w, https:\/\/www.koonings.com\/wp-content\/uploads\/2024\/07\/WDS_9086-2-scaled.jpg 1707w\" alt=\"\">\r\n                <\/div>\r\n\t\t\t\r\n            <div class=\"swiper images-swiper\">\r\n\r\n\t\t\t\t\r\n                <div class=\"swiper-wrapper\">\r\n\t\t\t\t\t                        <li class=\"swiper-slide\">\r\n                            <img decoding=\"async\" class=\" img-fluid\" src=\"https:\/\/www.koonings.com\/wp-content\/uploads\/2024\/07\/foto1WDS_0170-kopie-1024x683.jpg\" srcset=\"https:\/\/www.koonings.com\/wp-content\/uploads\/2024\/07\/foto1WDS_0170-kopie-scaled.jpg\" alt=\"\">\r\n                        <\/li>\r\n\t\t\t\t\t                <\/div>\r\n\r\n                <div class=\"swiper-pagination\"><\/div>\r\n\r\n                <div class=\"swiper-button-prev\"><\/div>\r\n                <div class=\"swiper-button-next\"><\/div>\r\n\r\n            <\/div>\r\n\r\n        <\/div>\r\n\t\r\n\t<\/div><\/div><\/div>\n<\/div><\/div>\n\n<\/div>\r\n            <\/div>\r\n        <\/div>\r\n    <\/div>\r\n\r\n<\/div>\r\n\r\n    \r\n\r\n<div class=\"eye-element fullwidth-row alignfull style-both bg--none  alignfull \" style=\" \">\r\n\r\n    <div class=\"container\">\r\n        <div class=\"row\">\r\n            <div class=\"col-12\">\r\n                <div class=\"acf-innerblocks-container\">\n\n<h2 class=\"wp-block-heading\" id=\"de-voordelen-van-koonings-voor-bruiden-uit-landgraaf\">Die Vorteile von Koonings f\u00fcr Br\u00e4ute von Landgraaf<\/h2>\n\n\n\n<ul start=\"1\" class=\"wp-block-list\">\n<li><strong>Gr\u00f6\u00dfte Kollektion in Limburg<\/strong>: Mit Tausenden von Brautkleidern bieten wir die gr\u00f6\u00dfte Kollektion in Limburg.<\/li>\n\n\n\n<li><strong>Exklusiver Veranstaltungsort<\/strong>: Das wundersch\u00f6ne historische Schloss Ost bietet eine einzigartige und inspirierende Kulisse.<\/li>\n\n\n\n<li><strong>Erfahrene Stylisten<\/strong>: Unsere Experten h\u00f6ren sich Ihre W\u00fcnsche an, denken mit Ihnen mit und helfen Ihnen Schritt f\u00fcr Schritt, Ihr Traumkleid zu finden.<\/li>\n\n\n\n<li><strong>In der N\u00e4he von Landgraaf<\/strong>: Innerhalb einer 15-min\u00fctigen Fahrt k\u00f6nnen Sie das Brautmodengesch\u00e4ft The Wedding Castle erreichen.<\/li>\n\n\n\n<li><strong>Ein vertrauensw\u00fcrdiger Name<\/strong>: Als Teil von Koonings, bekannt aus Fernsehsendungen wie <em>Say Yes to the Dress<\/em>, garantieren wir Qualit\u00e4t und Service.<\/li>\n<\/ul>\n\n<\/div>\r\n            <\/div>\r\n        <\/div>\r\n    <\/div>\r\n\r\n<\/div>\r\n\r\n    \r\n\r\n<div class=\"eye-element fullwidth-row alignfull style-both bg--lightgray  alignfull \" style=\" \">\r\n\r\n    <div class=\"container\">\r\n        <div class=\"row\">\r\n            <div class=\"col-12\">\r\n                <div class=\"acf-innerblocks-container\">\n\n<h2 class=\"wp-block-heading has-text-align-center\" id=\"routebeschrijving-van-landgraaf-naar-koonings-the-wedding-castle\">Anfahrtsbeschreibung von Landgraaf nach Koonings The Wedding Castle<\/h2>\n\n\n\n<p class=\"has-text-align-center\">Koonings The Wedding Castle ist von Landgraaf aus leicht zu erreichen. Folgen Sie der N281 in Richtung Valkenburg und nehmen Sie dann die Ausfahrt nach Kasteel Oost. Von dort aus weisen Ihnen die Schilder den Weg zu unserem historischen Schloss. F\u00fcr eine detaillierte Route k\u00f6nnen Sie <a href=\"https:\/\/www.google.com\/maps\/dir\/\/Oosterweg+30,+6301+PX+Valkenburg\/@50.8618028,5.7593203,22964m\/data=!3m1!1e3!4m8!4m7!1m0!1m5!1m1!1s0x47c09556dd064395:0x4979aaf79c0c47c4!2m2!1d5.8418127!2d50.8618943?entry=ttu&amp;g_ep=EgoyMDI1MDExMC4wIKXMDSoASAFQAw%3D%3D\" target=\"_blank\" rel=\"noreferrer noopener\">Google Maps<\/a> verwenden. Das Parken auf unserem ger\u00e4umigen Parkplatz ist kostenlos.    <\/p>\n\n\n\n<div class=\"ghostkit-google-maps\" style=\"min-height:350px\" data-lat=\"50.8620043\" data-lng=\"5.841919500000001\" data-zoom=\"10\" data-show-zoom-buttons=\"true\" data-show-map-type-buttons=\"true\" data-show-street-view-button=\"true\" data-show-fullscreen-button=\"true\" data-option-scroll-wheel=\"true\" data-option-draggable=\"true\" data-styles=\"\"><div class=\"ghostkit-google-maps-marker\" data-title=\"Koonings The Wedding Castle\" data-lat=\"50.8620043\" data-lng=\"5.841919499999999\" data-address=\"Oost, Oosterweg 36, 6301 PX Valkenburg, Nederland\"><div class=\"ghostkit-pro-google-maps-marker-info-window-text\" style=\"display:none\"><p>Oosterweg 36<br>6301 PX Valkenburg<\/p><\/div><\/div><\/div>\n\n<\/div>\r\n            <\/div>\r\n        <\/div>\r\n    <\/div>\r\n\r\n<\/div>\r\n\r\n    \r\n\r\n<div class=\"eye-element fullwidth-row alignfull style-both bg--none  alignfull \" style=\" \">\r\n\r\n    <div class=\"container\">\r\n        <div class=\"row\">\r\n            <div class=\"col-12\">\r\n                <div class=\"acf-innerblocks-container\">\n\n<div class=\"ghostkit-grid ghostkit-grid-gap-md\"><div class=\"ghostkit-grid-inner\">\n<div class=\"ghostkit-col ghostkit-col-md-12 ghostkit-col-6\"><div class=\"ghostkit-col-content is-layout-flow wp-block-ghostkit-grid-column-is-layout-flow\">\r\n<div class=\"eye-block empty-space empty-space--large pt-md-5 pb-md-5 pt-4 pb-4\" ><\/div>\n\n\n<h2 class=\"wp-block-heading\" id=\"van-bruid-tot-bruidegom-alles-om-jullie-bruiloft-compleet-te-maken\">Von der Braut bis zum Br\u00e4utigam, alles, was Ihre Hochzeit komplett macht<\/h2>\n\n\n\n<p>Bei Koonings finden Sie nicht nur die sch\u00f6nsten Brautkleider, sondern auch ein <a href=\"https:\/\/www.koonings.com\/de\/braeutigam\/hochzeitsanzuege\/\">komplettes Outfit f\u00fcr den Br\u00e4utigam<\/a> und andere <a href=\"https:\/\/www.koonings.com\/de\/hochzeitskollektion\/gaeste\/damenmode\/\">Hochzeitsg\u00e4ste<\/a>. Wir bieten eine umfangreiche Kollektion an stilvollen Anz\u00fcgen und Accessoires f\u00fcr M\u00e4nner sowie niedliche <a href=\"https:\/\/www.koonings.com\/de\/hochzeitskollektion\/kinder\/\">Kleidung f\u00fcr Kinder<\/a>, die an Ihrem gro\u00dfen Tag eine Rolle spielen. Auf diese Weise sorgen wir daf\u00fcr, dass jeder auf Ihrer Hochzeit gl\u00e4nzt.  <\/p>\n<\/div><\/div>\n\n\n\n<div class=\"ghostkit-col ghostkit-col-md-12 ghostkit-col-6\"><div class=\"ghostkit-col-content is-layout-flow wp-block-ghostkit-grid-column-is-layout-flow\">\r\n<div class=\"eye-element images style-default variant-1 multi-image\">\r\n\r\n\t        <div class=\"composition\">\r\n\t\t\t                <div class=\"image-0\">\r\n                    <img decoding=\"async\" class=\"img-fluid\" src=\"https:\/\/www.koonings.com\/wp-content\/uploads\/2024\/08\/koonings-trouwpak-wilvorst-green-wedding-trouwkostuum-gw-look7-a.jpg-212x300.webp\" srcset=\"https:\/\/www.koonings.com\/wp-content\/uploads\/2024\/08\/koonings-trouwpak-wilvorst-green-wedding-trouwkostuum-gw-look7-a.jpg-212x300.webp 212w, https:\/\/www.koonings.com\/wp-content\/uploads\/2024\/08\/koonings-trouwpak-wilvorst-green-wedding-trouwkostuum-gw-look7-a.jpg.webp 459w\" alt=\"\">\r\n                <\/div>\r\n\t\t\t\r\n            <div class=\"swiper images-swiper\">\r\n\r\n\t\t\t\t\r\n                <div class=\"swiper-wrapper\">\r\n\t\t\t\t\t                        <li class=\"swiper-slide\">\r\n                            <img decoding=\"async\" class=\" img-fluid\" src=\"https:\/\/www.koonings.com\/wp-content\/uploads\/2024\/07\/herenpakken-1024x671.png\" srcset=\"https:\/\/www.koonings.com\/wp-content\/uploads\/2024\/07\/herenpakken.png\" alt=\"Koonings herenpakken\">\r\n                        <\/li>\r\n\t\t\t\t\t                <\/div>\r\n\r\n                <div class=\"swiper-pagination\"><\/div>\r\n\r\n                <div class=\"swiper-button-prev\"><\/div>\r\n                <div class=\"swiper-button-next\"><\/div>\r\n\r\n            <\/div>\r\n\r\n        <\/div>\r\n\t\r\n\t<\/div><\/div><\/div>\n<\/div><\/div>\n\n<\/div>\r\n            <\/div>\r\n        <\/div>\r\n    <\/div>\r\n\r\n<\/div>\r\n\r\n    \r\n\r\n<div class=\"eye-element fullwidth-row alignfull style-both bg--none  alignfull \" style=\" \">\r\n\r\n    <div class=\"container\">\r\n        <div class=\"row\">\r\n            <div class=\"col-12\">\r\n                <div class=\"acf-innerblocks-container\">\n\n<h2 class=\"wp-block-heading has-text-align-center\" id=\"plan-jouw-bezoek\">Planen Sie Ihren Besuch<\/h2>\n\n\n\n<p class=\"has-text-align-center\">Ihre Suche nach Brautmode beginnt bei Koonings The Wedding Castle, mit der gr\u00f6\u00dften Kollektion an <a href=\"https:\/\/www.koonings.com\/de\/inspiration\/brautmode-in-suedlimburg\/\">Brautmode in Limburg<\/a>. Von Landgraaf aus sind Sie innerhalb von 15 Minuten in Valkenburg, wo Sie eine Welt der Hochzeitsmode in einer zauberhaften Umgebung entdecken werden. Vereinbaren Sie noch heute einen Termin und lassen Sie uns Ihnen helfen, das perfekte Kleid f\u00fcr Ihren gro\u00dfen Tag zu finden. Wir freuen uns darauf, Sie zu empfangen!   <\/p>\n\n\n\r\n<div class=\"eye-element bsbutton text-center \" >\r\n\t        <a class=\"btn btn-gold\" href=\"\/afspraak-maken\"\r\n           target=\"\">Vereinbare jetzt deinen Termin<\/a>\r\n\t<\/div>\n<\/div>\r\n            <\/div>\r\n        <\/div>\r\n    <\/div>\r\n\r\n<\/div>\r\n\r\n    ","protected":false},"excerpt":{"rendered":"","protected":false},"author":2,"featured_media":0,"parent":16091,"menu_order":0,"comment_status":"closed","ping_status":"closed","template":"","meta":{"_acf_changed":false,"ghostkit_customizer_options":"","ghostkit_custom_css":"","ghostkit_custom_js_head":"","ghostkit_custom_js_foot":"","ghostkit_typography":"","footnotes":""},"class_list":["post-98699","page","type-page","status-publish","hentry"],"acf":[],"yoast_head":"<!-- This site is optimized with the Yoast SEO plugin v27.3 - https:\/\/yoast.com\/product\/yoast-seo-wordpress\/ -->\n<title>Brautmodengesch\u00e4ft Landgraaf | Koonings<\/title>\n<meta name=\"description\" content=\"Sind Sie auf der Suche nach einem Brautmodengesch\u00e4ft in Landgraaf? Nur 15 Autominuten von Landgraaf entfernt finden Sie das Brautmodengesch\u00e4ft Koonings The Wedding Castle.\" \/>\n<meta name=\"robots\" content=\"index, follow, max-snippet:-1, max-image-preview:large, max-video-preview:-1\" \/>\n<link rel=\"canonical\" href=\"https:\/\/www.koonings.com\/de\/inspiration\/brautmodengeschaeft-landgraaf\/\" \/>\n<meta property=\"og:locale\" content=\"de_DE\" \/>\n<meta property=\"og:type\" content=\"article\" \/>\n<meta property=\"og:title\" content=\"Brautmodengesch\u00e4ft Landgraaf | Koonings\" \/>\n<meta property=\"og:description\" content=\"Sind Sie auf der Suche nach einem Brautmodengesch\u00e4ft in Landgraaf? Nur 15 Autominuten von Landgraaf entfernt finden Sie das Brautmodengesch\u00e4ft Koonings The Wedding Castle.\" \/>\n<meta property=\"og:url\" content=\"https:\/\/www.koonings.com\/de\/inspiration\/brautmodengeschaeft-landgraaf\/\" \/>\n<meta property=\"og:site_name\" content=\"Koonings\" \/>\n<meta property=\"article:publisher\" content=\"https:\/\/www.facebook.com\/kooningstheweddingpalace\" \/>\n<meta property=\"article:modified_time\" content=\"2025-09-29T10:29:22+00:00\" \/>\n<meta property=\"og:image\" content=\"https:\/\/www.koonings.com\/wp-content\/uploads\/2024\/06\/palace-hero-screenshot-1024x575.png\" \/>\n\t<meta property=\"og:image:width\" content=\"1024\" \/>\n\t<meta property=\"og:image:height\" content=\"575\" \/>\n\t<meta property=\"og:image:type\" content=\"image\/png\" \/>\n<meta name=\"twitter:card\" content=\"summary_large_image\" \/>\n<meta name=\"twitter:label1\" content=\"Gesch\u00e4tzte Lesezeit\" \/>\n\t<meta name=\"twitter:data1\" content=\"3\u00a0Minuten\" \/>\n<script type=\"application\/ld+json\" class=\"yoast-schema-graph\">{\"@context\":\"https:\\\/\\\/schema.org\",\"@graph\":[{\"@type\":\"WebPage\",\"@id\":\"https:\\\/\\\/www.koonings.com\\\/de\\\/inspiration\\\/brautmodengeschaeft-landgraaf\\\/\",\"url\":\"https:\\\/\\\/www.koonings.com\\\/de\\\/inspiration\\\/brautmodengeschaeft-landgraaf\\\/\",\"name\":\"Brautmodengesch\u00e4ft Landgraaf | Koonings\",\"isPartOf\":{\"@id\":\"https:\\\/\\\/www.koonings.com\\\/de\\\/#website\"},\"datePublished\":\"2025-01-16T11:08:50+00:00\",\"dateModified\":\"2025-09-29T10:29:22+00:00\",\"description\":\"Sind Sie auf der Suche nach einem Brautmodengesch\u00e4ft in Landgraaf? Nur 15 Autominuten von Landgraaf entfernt finden Sie das Brautmodengesch\u00e4ft Koonings The Wedding Castle.\",\"breadcrumb\":{\"@id\":\"https:\\\/\\\/www.koonings.com\\\/de\\\/inspiration\\\/brautmodengeschaeft-landgraaf\\\/#breadcrumb\"},\"inLanguage\":\"de\",\"potentialAction\":[{\"@type\":\"ReadAction\",\"target\":[\"https:\\\/\\\/www.koonings.com\\\/de\\\/inspiration\\\/brautmodengeschaeft-landgraaf\\\/\"]}]},{\"@type\":\"BreadcrumbList\",\"@id\":\"https:\\\/\\\/www.koonings.com\\\/de\\\/inspiration\\\/brautmodengeschaeft-landgraaf\\\/#breadcrumb\",\"itemListElement\":[{\"@type\":\"ListItem\",\"position\":1,\"name\":\"Home\",\"item\":\"https:\\\/\\\/www.koonings.com\\\/de\\\/\"},{\"@type\":\"ListItem\",\"position\":2,\"name\":\"Inspiration\",\"item\":\"https:\\\/\\\/www.koonings.com\\\/de\\\/inspiration\\\/\"},{\"@type\":\"ListItem\",\"position\":3,\"name\":\"Brautmodengesch\u00e4ft Landgraaf\"}]},{\"@type\":\"WebSite\",\"@id\":\"https:\\\/\\\/www.koonings.com\\\/de\\\/#website\",\"url\":\"https:\\\/\\\/www.koonings.com\\\/de\\\/\",\"name\":\"Koonings\",\"description\":\"De grootste bruidsmodewinkel ter wereld\",\"publisher\":{\"@id\":\"https:\\\/\\\/www.koonings.com\\\/de\\\/#organization\"},\"potentialAction\":[{\"@type\":\"SearchAction\",\"target\":{\"@type\":\"EntryPoint\",\"urlTemplate\":\"https:\\\/\\\/www.koonings.com\\\/de\\\/?s={search_term_string}\"},\"query-input\":{\"@type\":\"PropertyValueSpecification\",\"valueRequired\":true,\"valueName\":\"search_term_string\"}}],\"inLanguage\":\"de\"},{\"@type\":\"Organization\",\"@id\":\"https:\\\/\\\/www.koonings.com\\\/de\\\/#organization\",\"name\":\"Koonings\",\"url\":\"https:\\\/\\\/www.koonings.com\\\/de\\\/\",\"logo\":{\"@type\":\"ImageObject\",\"inLanguage\":\"de\",\"@id\":\"https:\\\/\\\/www.koonings.com\\\/de\\\/#\\\/schema\\\/logo\\\/image\\\/\",\"url\":\"https:\\\/\\\/www.koonings.com\\\/wp-content\\\/uploads\\\/2024\\\/07\\\/logo.png\",\"contentUrl\":\"https:\\\/\\\/www.koonings.com\\\/wp-content\\\/uploads\\\/2024\\\/07\\\/logo.png\",\"width\":600,\"height\":428,\"caption\":\"Koonings\"},\"image\":{\"@id\":\"https:\\\/\\\/www.koonings.com\\\/de\\\/#\\\/schema\\\/logo\\\/image\\\/\"},\"sameAs\":[\"https:\\\/\\\/www.facebook.com\\\/kooningstheweddingpalace\",\"https:\\\/\\\/www.instagram.com\\\/kooningstheweddingpalace\",\"https:\\\/\\\/www.pinterest.com\\\/koonings\",\"https:\\\/\\\/www.youtube.com\\\/kooningstheweddingpalace\"]}]}<\/script>\n<!-- \/ Yoast SEO plugin. -->","yoast_head_json":{"title":"Brautmodengesch\u00e4ft Landgraaf | Koonings","description":"Sind Sie auf der Suche nach einem Brautmodengesch\u00e4ft in Landgraaf? Nur 15 Autominuten von Landgraaf entfernt finden Sie das Brautmodengesch\u00e4ft Koonings The Wedding Castle.","robots":{"index":"index","follow":"follow","max-snippet":"max-snippet:-1","max-image-preview":"max-image-preview:large","max-video-preview":"max-video-preview:-1"},"canonical":"https:\/\/www.koonings.com\/de\/inspiration\/brautmodengeschaeft-landgraaf\/","og_locale":"de_DE","og_type":"article","og_title":"Brautmodengesch\u00e4ft Landgraaf | Koonings","og_description":"Sind Sie auf der Suche nach einem Brautmodengesch\u00e4ft in Landgraaf? Nur 15 Autominuten von Landgraaf entfernt finden Sie das Brautmodengesch\u00e4ft Koonings The Wedding Castle.","og_url":"https:\/\/www.koonings.com\/de\/inspiration\/brautmodengeschaeft-landgraaf\/","og_site_name":"Koonings","article_publisher":"https:\/\/www.facebook.com\/kooningstheweddingpalace","article_modified_time":"2025-09-29T10:29:22+00:00","og_image":[{"width":1024,"height":575,"url":"https:\/\/www.koonings.com\/wp-content\/uploads\/2024\/06\/palace-hero-screenshot-1024x575.png","type":"image\/png"}],"twitter_card":"summary_large_image","twitter_misc":{"Gesch\u00e4tzte Lesezeit":"3\u00a0Minuten"},"schema":{"@context":"https:\/\/schema.org","@graph":[{"@type":"WebPage","@id":"https:\/\/www.koonings.com\/de\/inspiration\/brautmodengeschaeft-landgraaf\/","url":"https:\/\/www.koonings.com\/de\/inspiration\/brautmodengeschaeft-landgraaf\/","name":"Brautmodengesch\u00e4ft Landgraaf | Koonings","isPartOf":{"@id":"https:\/\/www.koonings.com\/de\/#website"},"datePublished":"2025-01-16T11:08:50+00:00","dateModified":"2025-09-29T10:29:22+00:00","description":"Sind Sie auf der Suche nach einem Brautmodengesch\u00e4ft in Landgraaf? Nur 15 Autominuten von Landgraaf entfernt finden Sie das Brautmodengesch\u00e4ft Koonings The Wedding Castle.","breadcrumb":{"@id":"https:\/\/www.koonings.com\/de\/inspiration\/brautmodengeschaeft-landgraaf\/#breadcrumb"},"inLanguage":"de","potentialAction":[{"@type":"ReadAction","target":["https:\/\/www.koonings.com\/de\/inspiration\/brautmodengeschaeft-landgraaf\/"]}]},{"@type":"BreadcrumbList","@id":"https:\/\/www.koonings.com\/de\/inspiration\/brautmodengeschaeft-landgraaf\/#breadcrumb","itemListElement":[{"@type":"ListItem","position":1,"name":"Home","item":"https:\/\/www.koonings.com\/de\/"},{"@type":"ListItem","position":2,"name":"Inspiration","item":"https:\/\/www.koonings.com\/de\/inspiration\/"},{"@type":"ListItem","position":3,"name":"Brautmodengesch\u00e4ft Landgraaf"}]},{"@type":"WebSite","@id":"https:\/\/www.koonings.com\/de\/#website","url":"https:\/\/www.koonings.com\/de\/","name":"Koonings","description":"De grootste bruidsmodewinkel ter wereld","publisher":{"@id":"https:\/\/www.koonings.com\/de\/#organization"},"potentialAction":[{"@type":"SearchAction","target":{"@type":"EntryPoint","urlTemplate":"https:\/\/www.koonings.com\/de\/?s={search_term_string}"},"query-input":{"@type":"PropertyValueSpecification","valueRequired":true,"valueName":"search_term_string"}}],"inLanguage":"de"},{"@type":"Organization","@id":"https:\/\/www.koonings.com\/de\/#organization","name":"Koonings","url":"https:\/\/www.koonings.com\/de\/","logo":{"@type":"ImageObject","inLanguage":"de","@id":"https:\/\/www.koonings.com\/de\/#\/schema\/logo\/image\/","url":"https:\/\/www.koonings.com\/wp-content\/uploads\/2024\/07\/logo.png","contentUrl":"https:\/\/www.koonings.com\/wp-content\/uploads\/2024\/07\/logo.png","width":600,"height":428,"caption":"Koonings"},"image":{"@id":"https:\/\/www.koonings.com\/de\/#\/schema\/logo\/image\/"},"sameAs":["https:\/\/www.facebook.com\/kooningstheweddingpalace","https:\/\/www.instagram.com\/kooningstheweddingpalace","https:\/\/www.pinterest.com\/koonings","https:\/\/www.youtube.com\/kooningstheweddingpalace"]}]}},"_links":{"self":[{"href":"https:\/\/www.koonings.com\/de\/wp-json\/wp\/v2\/pages\/98699","targetHints":{"allow":["GET"]}}],"collection":[{"href":"https:\/\/www.koonings.com\/de\/wp-json\/wp\/v2\/pages"}],"about":[{"href":"https:\/\/www.koonings.com\/de\/wp-json\/wp\/v2\/types\/page"}],"author":[{"embeddable":true,"href":"https:\/\/www.koonings.com\/de\/wp-json\/wp\/v2\/users\/2"}],"replies":[{"embeddable":true,"href":"https:\/\/www.koonings.com\/de\/wp-json\/wp\/v2\/comments?post=98699"}],"version-history":[{"count":1,"href":"https:\/\/www.koonings.com\/de\/wp-json\/wp\/v2\/pages\/98699\/revisions"}],"predecessor-version":[{"id":98700,"href":"https:\/\/www.koonings.com\/de\/wp-json\/wp\/v2\/pages\/98699\/revisions\/98700"}],"up":[{"embeddable":true,"href":"https:\/\/www.koonings.com\/de\/wp-json\/wp\/v2\/pages\/16091"}],"wp:attachment":[{"href":"https:\/\/www.koonings.com\/de\/wp-json\/wp\/v2\/media?parent=98699"}],"curies":[{"name":"wp","href":"https:\/\/api.w.org\/{rel}","templated":true}]}}