{"id":98589,"date":"2025-02-19T16:29:48","date_gmt":"2025-02-19T15:29:48","guid":{"rendered":"https:\/\/www.koonings.com\/inspiration\/brautmode-in-sittard\/"},"modified":"2025-09-29T12:16:29","modified_gmt":"2025-09-29T10:16:29","slug":"brautmode-in-sittard","status":"publish","type":"page","link":"https:\/\/www.koonings.com\/de\/inspiration\/brautmode-in-sittard\/","title":{"rendered":"Brautmode in Sittard"},"content":{"rendered":"\r\n\r\n<div class=\"eye-element fullwidth-row alignfull style-both bg--none  alignfull \" style=\" \">\r\n\r\n    <div class=\"container\">\r\n        <div class=\"row\">\r\n            <div class=\"col-12\">\r\n                <div class=\"acf-innerblocks-container\">\n\n<h1 class=\"wp-block-heading has-text-align-center\" id=\"bruidsmode-in-sittard\">Brautmode in Sittard<\/h1>\n\n\n\n<p class=\"has-text-align-center\">Sind Sie auf der Suche nach dem perfekten Hochzeitskleid in Sittard? Die gr\u00f6\u00dfte Kollektion an Brautmode finden Sie nur 30 Autominuten von Sittard entfernt.  Im m\u00e4rchenhaften Schloss Ost finden Sie die <a href=\"https:\/\/www.koonings.com\/de\/valkenburg\/\">Brautmodenboutique Koonings the Wedding Castle<\/a>. Hier machen wir Ihre Suche nach dem perfekten Kleid zu einem unvergesslichen Erlebnis. <\/p>\n\n\n\r\n<div class=\"eye-element bsbutton text-center \" >\r\n\t        <a class=\"btn btn-gold\" href=\"\/afspraak-maken\"\r\n           target=\"\">Vereinbare jetzt deinen Termin<\/a>\r\n\t<\/div>\n<\/div>\r\n            <\/div>\r\n        <\/div>\r\n    <\/div>\r\n\r\n<\/div>\r\n\r\n    \r\n\r\n<div class=\"eye-element fullwidth-row alignfull style-both bg--none  alignfull \" style=\" \">\r\n\r\n    <div class=\"container\">\r\n        <div class=\"row\">\r\n            <div class=\"col-12\">\r\n                <div class=\"acf-innerblocks-container\">\n\n<div class=\"ghostkit-grid ghostkit-grid-gap-md\"><div class=\"ghostkit-grid-inner\">\n<div class=\"ghostkit-col ghostkit-col-md-12 ghostkit-col-6\"><div class=\"ghostkit-col-content is-layout-flow wp-block-ghostkit-grid-column-is-layout-flow\">\r\n<div class=\"eye-block empty-space empty-space--small pt-md-3 pb-md-3 pt-2 pb-2\" ><\/div>\n\n\n<h2 class=\"wp-block-heading\" id=\"de-ultieme-bruidsmode-ervaring-in-de-buurt-van-sittard\">Das ultimative Brautmodenerlebnis in der N\u00e4he von Sittard<\/h2>\n\n\n\n<p>Bei Koonings dreht sich alles um Ihr Hochzeitserlebnis. Sobald Sie das Kasteel Oost betreten, tauchen Sie in eine Welt voller Stil und pers\u00f6nlicher Aufmerksamkeit ein. Ob Sie nun ein klassisches Prinzessinnenkleid, ein modernes und elegantes Hochzeitskleid oder ein b\u00f6hmisches Traumkleid suchen, wir haben f\u00fcr jede Braut das Richtige.    <\/p>\n\n\n\n<p>Bei Tausenden von Brautkleidern von exklusiven Marken und Designern finden Sie garantiert ein Kleid, das zu Ihrem Stil und Ihrer Pers\u00f6nlichkeit passt. Unsere erfahrenen Stylisten stehen Ihnen mit fachkundiger Beratung zur Seite, um Ihr Traumkleid zu finden. <\/p>\n\n\n\r\n<div class=\"eye-element bsbutton text-start \" >\r\n\t        <a class=\"btn btn-primary\" href=\"\/moodboard-maken\/\"\r\n           target=\"\">Erstellen Sie Ihr eigenes Moodboard<\/a>\r\n\t<\/div><\/div><\/div>\n\n\n\n<div class=\"ghostkit-col ghostkit-col-md-12 ghostkit-col-6\"><div class=\"ghostkit-col-content is-layout-flow wp-block-ghostkit-grid-column-is-layout-flow\">\r\n<div class=\"eye-element images style-default variant-1 multi-image\">\r\n\r\n\t        <div class=\"composition\">\r\n\t\t\t                <div class=\"image-0\">\r\n                    <img decoding=\"async\" class=\"img-fluid\" src=\"https:\/\/www.koonings.com\/wp-content\/uploads\/2024\/07\/thumbnail_IMG_9798-225x300.jpg\" srcset=\"https:\/\/www.koonings.com\/wp-content\/uploads\/2024\/07\/thumbnail_IMG_9798-225x300.jpg 225w, https:\/\/www.koonings.com\/wp-content\/uploads\/2024\/07\/thumbnail_IMG_9798-768x1024.jpg 768w, https:\/\/www.koonings.com\/wp-content\/uploads\/2024\/07\/thumbnail_IMG_9798-1152x1536.jpg 1152w, https:\/\/www.koonings.com\/wp-content\/uploads\/2024\/07\/thumbnail_IMG_9798.jpg 1440w\" alt=\"\">\r\n                <\/div>\r\n\t\t\t\r\n            <div class=\"swiper images-swiper\">\r\n\r\n\t\t\t\t\r\n                <div class=\"swiper-wrapper\">\r\n\t\t\t\t\t                        <li class=\"swiper-slide\">\r\n                            <img decoding=\"async\" class=\" img-fluid\" src=\"https:\/\/www.koonings.com\/wp-content\/uploads\/2024\/07\/Wit-Baron-van-Mettecoven-1024x576.jpg\" srcset=\"https:\/\/www.koonings.com\/wp-content\/uploads\/2024\/07\/Wit-Baron-van-Mettecoven-scaled.jpg\" alt=\"\">\r\n                        <\/li>\r\n\t\t\t\t\t                        <li class=\"swiper-slide\">\r\n                            <img decoding=\"async\" class=\" img-fluid\" src=\"https:\/\/www.koonings.com\/wp-content\/uploads\/2024\/07\/KOO_castle_dronebeeld-1024x573.jpg\" srcset=\"https:\/\/www.koonings.com\/wp-content\/uploads\/2024\/07\/KOO_castle_dronebeeld.jpg\" alt=\"\">\r\n                        <\/li>\r\n\t\t\t\t\t                        <li class=\"swiper-slide\">\r\n                            <img decoding=\"async\" class=\" img-fluid\" src=\"https:\/\/www.koonings.com\/wp-content\/uploads\/2024\/07\/foto1WDS_0170-kopie-1024x683.jpg\" srcset=\"https:\/\/www.koonings.com\/wp-content\/uploads\/2024\/07\/foto1WDS_0170-kopie-scaled.jpg\" alt=\"\">\r\n                        <\/li>\r\n\t\t\t\t\t                <\/div>\r\n\r\n                <div class=\"swiper-pagination\"><\/div>\r\n\r\n                <div class=\"swiper-button-prev\"><\/div>\r\n                <div class=\"swiper-button-next\"><\/div>\r\n\r\n            <\/div>\r\n\r\n        <\/div>\r\n\t\r\n\t<\/div><\/div><\/div>\n<\/div><\/div>\n\n<\/div>\r\n            <\/div>\r\n        <\/div>\r\n    <\/div>\r\n\r\n<\/div>\r\n\r\n    \r\n\r\n<div class=\"eye-element fullwidth-row alignfull style-both bg--lightgray  alignfull \" style=\" \">\r\n\r\n    <div class=\"container\">\r\n        <div class=\"row\">\r\n            <div class=\"col-12\">\r\n                <div class=\"acf-innerblocks-container\">\n\n<h2 class=\"wp-block-heading\" id=\"waarom-bruiden-uit-sittard-voor-koonings-kiezen\">Warum Br\u00e4ute aus Sittard Koonings w\u00e4hlen<\/h2>\n\n\n\n<div class=\"ghostkit-grid ghostkit-grid-gap-md\"><div class=\"ghostkit-grid-inner\">\n<div class=\"ghostkit-col ghostkit-col-lg-12 ghostkit-col-2 is-layout-flow wp-block-ghostkit-grid-column-is-layout-flow\"><div class=\"ghostkit-col-content\"><\/div><\/div>\n\n\n\n<div class=\"ghostkit-col ghostkit-col-lg-12 ghostkit-col-8\"><div class=\"ghostkit-col-content is-layout-flow wp-block-ghostkit-grid-column-is-layout-flow\">\n<ol start=\"1\" class=\"wp-block-list\">\n<li><strong><a href=\"https:\/\/www.koonings.com\/de\/inspiration\/brautmode-in-suedlimburg\/\">Die gr\u00f6\u00dfte Kollektion an Brautkleidern in Limburg<\/a><\/strong> &#8211; Eine un\u00fcbertroffene Auswahl an Brautkleidern f\u00fcr jeden Stil.<\/li>\n\n\n\n<li><strong>Einzigartiger Ort<\/strong> &#8211; Das romantische Schloss Ost macht Ihren passenden Moment zu etwas ganz Besonderem.<\/li>\n\n\n\n<li><strong>Fachkundige Beratung<\/strong> &#8211; Unsere Stylisten stehen Ihnen mit ihrer ganzen Aufmerksamkeit und Expertise zur Seite.<\/li>\n\n\n\n<li><strong>Leicht zu erreichen<\/strong> &#8211; Innerhalb von 30 Minuten k\u00f6nnen Sie von Sittard aus zu unserem exklusiven Brautmodengesch\u00e4ft fahren.<\/li>\n\n\n\n<li><strong>Bekannt aus dem Fernsehen<\/strong> &#8211; Koonings ist das Brautmodengesch\u00e4ft aus <em>Say Yes to the Dress<\/em> und <em>Married at First Sight<\/em>.<\/li>\n<\/ol>\n<\/div><\/div>\n\n\n\n<div class=\"ghostkit-col ghostkit-col-lg-12 ghostkit-col-2 is-layout-flow wp-block-ghostkit-grid-column-is-layout-flow\"><div class=\"ghostkit-col-content\"><\/div><\/div>\n<\/div><\/div>\n\n<\/div>\r\n            <\/div>\r\n        <\/div>\r\n    <\/div>\r\n\r\n<\/div>\r\n\r\n    \r\n\r\n<div class=\"eye-element fullwidth-row alignfull style-both bg--none  alignfull \" style=\" \">\r\n\r\n    <div class=\"container\">\r\n        <div class=\"row\">\r\n            <div class=\"col-12\">\r\n                <div class=\"acf-innerblocks-container\">\n\n<h2 class=\"wp-block-heading\" id=\"routebeschrijving-van-sittard-naar-bruidsmodezaak-koonings-in-valkenburg\">Wegbeschreibung von Sittard zum Brautmodengesch\u00e4ft Koonings in Valkenburg<\/h2>\n\n\n\n<p>Von Sittard aus k\u00f6nnen Sie \u00fcber die Autobahnen A2 und A79 bequem nach Valkenburg fahren. Nehmen Sie die Ausfahrt 4 und folgen Sie der Beschilderung nach Kasteel Oost. An unserem Standort gibt es ausreichend kostenlose Parkpl\u00e4tze. Planen Sie Ihre Route ganz einfach \u00fcber <a href=\"https:\/\/www.google.com\/maps\/dir\/\/Oosterweg+30,+6301+PX+Valkenburg\/@51.4686976,5.7638912,12z\/data=!4m8!4m7!1m0!1m5!1m1!1s0x47c09556dd064395:0x4979aaf79c0c47c4!2m2!1d5.8418127!2d50.8618943\" target=\"_blank\" rel=\"noreferrer noopener\">Google Maps<\/a> und entdecken Sie unsere Kollektion selbst.   <\/p>\n\n\n\n<div class=\"ghostkit-grid ghostkit-grid-gap-md\"><div class=\"ghostkit-grid-inner\">\n<div class=\"ghostkit-col ghostkit-col-lg-12 ghostkit-col-2 is-layout-flow wp-block-ghostkit-grid-column-is-layout-flow\"><div class=\"ghostkit-col-content\"><\/div><\/div>\n\n\n\n<div class=\"ghostkit-col ghostkit-col-lg-12 ghostkit-col-8\"><div class=\"ghostkit-col-content is-layout-flow wp-block-ghostkit-grid-column-is-layout-flow\">\n<div class=\"ghostkit-google-maps\" style=\"min-height:350px\" data-lat=\"51.259032721107396\" data-lng=\"5.7598854798944865\" data-zoom=\"8\" data-show-zoom-buttons=\"true\" data-show-map-type-buttons=\"true\" data-show-street-view-button=\"true\" data-show-fullscreen-button=\"true\" data-option-scroll-wheel=\"true\" data-option-draggable=\"true\" data-styles=\"\"><div class=\"ghostkit-google-maps-marker\" data-title=\"Koonings The Wedding Castle\" data-lat=\"50.8620043\" data-lng=\"5.841919499999999\" data-address=\"Oost, Oosterweg 36, 6301 PX Valkenburg, Nederland\"><div class=\"ghostkit-pro-google-maps-marker-info-window-text\" style=\"display:none\"><p>Kasteel Oost, Oosterweg 30, 6301 PX Valkenburg<\/p><\/div><\/div><\/div>\n<\/div><\/div>\n\n\n\n<div class=\"ghostkit-col ghostkit-col-lg-12 ghostkit-col-2 is-layout-flow wp-block-ghostkit-grid-column-is-layout-flow\"><div class=\"ghostkit-col-content\"><\/div><\/div>\n<\/div><\/div>\n\n<\/div>\r\n            <\/div>\r\n        <\/div>\r\n    <\/div>\r\n\r\n<\/div>\r\n\r\n    \r\n\r\n<div class=\"eye-element fullwidth-row alignfull style-both bg--lightgray  alignfull \" style=\" \">\r\n\r\n    <div class=\"container\">\r\n        <div class=\"row\">\r\n            <div class=\"col-12\">\r\n                <div class=\"acf-innerblocks-container\">\n\n<div class=\"ghostkit-grid ghostkit-grid-gap-md\"><div class=\"ghostkit-grid-inner\">\n<div class=\"ghostkit-col ghostkit-col-md-12 ghostkit-col-6\"><div class=\"ghostkit-col-content is-layout-flow wp-block-ghostkit-grid-column-is-layout-flow\">\n<h2 class=\"wp-block-heading\" id=\"maak-jouw-trouwdromen-waar\">Erf\u00fcllen Sie sich Ihre Hochzeitstr\u00e4ume<\/h2>\n\n\n\n<p>Tr\u00e4umen Sie von einem Hochzeitskleid, das perfekt zu Ihnen passt? Vereinbaren Sie einen Termin im gr\u00f6\u00dften Brautmodengesch\u00e4ft in der N\u00e4he von Sittard und lassen Sie sich von unserer wundersch\u00f6nen Kollektion verzaubern. Egal, ob Sie aus <a href=\"https:\/\/www.koonings.com\/inspiratie\/bruidsmode-in-geleen\/\">Geleen<\/a>, <a href=\"https:\/\/www.koonings.com\/inspiratie\/bruidswinkel-roermond\/\">Roermond<\/a> oder sonst wo in der Region kommen, wir helfen Ihnen gerne, Ihr Traumkleid zu finden. Kommen Sie vorbei und erleben Sie den Zauber von Koonings!   <\/p>\n\n\n\r\n<div class=\"eye-element bsbutton text-start \" >\r\n\t        <a class=\"btn btn-primary\" href=\"\/bruid\/trouwjurken\"\r\n           target=\"\">Die Kollektion der Brautkleider ansehen<\/a>\r\n\t<\/div>\n\n\r\n<div class=\"eye-block empty-space empty-space--small pt-md-3 pb-md-3 pt-2 pb-2\" ><\/div>\n\n\n<h2 class=\"wp-block-heading\" id=\"bruidsmode-voor-het-hele-gezelschap\">Brautmode f\u00fcr die ganze Party<\/h2>\n\n\n\n<p>Zus\u00e4tzlich zu den Brautkleidern bietet Koonings eine umfangreiche Kollektion an Brautmode f\u00fcr den Br\u00e4utigam, die Trauzeugen und die Kinder. Von stilvollen Ma\u00dfanz\u00fcgen bis hin zu niedlichen Outfits f\u00fcr die kleinsten G\u00e4ste &#8211; wir sorgen daf\u00fcr, dass Ihre gesamte Hochzeitsgesellschaft an Ihrem gro\u00dfen Tag perfekt aussieht. <\/p>\n<\/div><\/div>\n\n\n\n<div class=\"ghostkit-col ghostkit-col-md-12 ghostkit-col-6\"><div class=\"ghostkit-col-content is-layout-flow wp-block-ghostkit-grid-column-is-layout-flow\">\r\n<div class=\"eye-element images style-default variant-1 multi-image\">\r\n\r\n\t        <div class=\"composition\">\r\n\t\t\t                <div class=\"image-0\">\r\n                    <img decoding=\"async\" class=\"img-fluid\" src=\"https:\/\/www.koonings.com\/wp-content\/uploads\/2024\/08\/koonings-trouwpak-wilvorst-green-wedding-trouwkostuum-gw-look2-a-212x300.jpg\" srcset=\"https:\/\/www.koonings.com\/wp-content\/uploads\/2024\/08\/koonings-trouwpak-wilvorst-green-wedding-trouwkostuum-gw-look2-a-212x300.jpg 212w, https:\/\/www.koonings.com\/wp-content\/uploads\/2024\/08\/koonings-trouwpak-wilvorst-green-wedding-trouwkostuum-gw-look2-a.jpg 679w\" alt=\"\">\r\n                <\/div>\r\n\t\t\t\r\n            <div class=\"swiper images-swiper\">\r\n\r\n\t\t\t\t\r\n                <div class=\"swiper-wrapper\">\r\n\t\t\t\t\t                        <li class=\"swiper-slide\">\r\n                            <img decoding=\"async\" class=\" img-fluid\" src=\"https:\/\/www.koonings.com\/wp-content\/uploads\/2024\/07\/herenpakken-1024x671.png\" srcset=\"https:\/\/www.koonings.com\/wp-content\/uploads\/2024\/07\/herenpakken.png\" alt=\"Koonings herenpakken\">\r\n                        <\/li>\r\n\t\t\t\t\t                <\/div>\r\n\r\n                <div class=\"swiper-pagination\"><\/div>\r\n\r\n                <div class=\"swiper-button-prev\"><\/div>\r\n                <div class=\"swiper-button-next\"><\/div>\r\n\r\n            <\/div>\r\n\r\n        <\/div>\r\n\t\r\n\t<\/div><\/div><\/div>\n<\/div><\/div>\n\n<\/div>\r\n            <\/div>\r\n        <\/div>\r\n    <\/div>\r\n\r\n<\/div>\r\n\r\n    \r\n\r\n<div class=\"eye-element fullwidth-row alignfull style-both bg--none  alignfull \" style=\" \">\r\n\r\n    <div class=\"container\">\r\n        <div class=\"row\">\r\n            <div class=\"col-12\">\r\n                <div class=\"acf-innerblocks-container\">\n\n<h2 class=\"wp-block-heading has-text-align-center\" id=\"plan-jouw-pasafspraak\">Planen Sie Ihren Anpassungstermin<\/h2>\n\n\n\n<p class=\"has-text-align-center\">Warten Sie nicht l\u00e4nger! Vereinbaren Sie einen Termin bei Koonings The Wedding Castle und erleben Sie selbst, warum wir die beste Wahl f\u00fcr Brautmode in der N\u00e4he von Sittard sind. Wir freuen uns darauf, Sie an Ihrem gro\u00dfen Tag zum Strahlen zu bringen!  <\/p>\n\n\n\r\n<div class=\"eye-element bsbutton text-center \" >\r\n\t        <a class=\"btn btn-gold\" href=\"\/afspraak-maken\"\r\n           target=\"\">Vereinbare jetzt deinen Termin<\/a>\r\n\t<\/div>\n<\/div>\r\n            <\/div>\r\n        <\/div>\r\n    <\/div>\r\n\r\n<\/div>\r\n\r\n    ","protected":false},"excerpt":{"rendered":"","protected":false},"author":2,"featured_media":0,"parent":16091,"menu_order":0,"comment_status":"closed","ping_status":"closed","template":"","meta":{"_acf_changed":false,"ghostkit_customizer_options":"","ghostkit_custom_css":"","ghostkit_custom_js_head":"","ghostkit_custom_js_foot":"","ghostkit_typography":"","footnotes":""},"class_list":["post-98589","page","type-page","status-publish","hentry"],"acf":[],"yoast_head":"<!-- This site is optimized with the Yoast SEO plugin v26.8 - https:\/\/yoast.com\/product\/yoast-seo-wordpress\/ -->\n<title>Brautmode in Sittard | Koonings<\/title>\n<meta name=\"description\" content=\"Sind Sie auf der Suche nach dem perfekten Hochzeitskleid in Sittard? Die gr\u00f6\u00dfte Kollektion an Brautmode finden Sie nur 30 Autominuten von Sittard entfernt.\" \/>\n<meta name=\"robots\" content=\"index, follow, max-snippet:-1, max-image-preview:large, max-video-preview:-1\" \/>\n<link rel=\"canonical\" href=\"https:\/\/www.koonings.com\/de\/inspiration\/brautmode-in-sittard\/\" \/>\n<meta property=\"og:locale\" content=\"de_DE\" \/>\n<meta property=\"og:type\" content=\"article\" \/>\n<meta property=\"og:title\" content=\"Brautmode in Sittard | Koonings\" \/>\n<meta property=\"og:description\" content=\"Sind Sie auf der Suche nach dem perfekten Hochzeitskleid in Sittard? Die gr\u00f6\u00dfte Kollektion an Brautmode finden Sie nur 30 Autominuten von Sittard entfernt.\" \/>\n<meta property=\"og:url\" content=\"https:\/\/www.koonings.com\/de\/inspiration\/brautmode-in-sittard\/\" \/>\n<meta property=\"og:site_name\" content=\"Koonings\" \/>\n<meta property=\"article:publisher\" content=\"https:\/\/www.facebook.com\/kooningstheweddingpalace\" \/>\n<meta property=\"article:modified_time\" content=\"2025-09-29T10:16:29+00:00\" \/>\n<meta property=\"og:image\" content=\"https:\/\/www.koonings.com\/wp-content\/uploads\/2024\/06\/palace-hero-screenshot-1024x575.png\" \/>\n\t<meta property=\"og:image:width\" content=\"1024\" \/>\n\t<meta property=\"og:image:height\" content=\"575\" \/>\n\t<meta property=\"og:image:type\" content=\"image\/png\" \/>\n<meta name=\"twitter:card\" content=\"summary_large_image\" \/>\n<meta name=\"twitter:label1\" content=\"Gesch\u00e4tzte Lesezeit\" \/>\n\t<meta name=\"twitter:data1\" content=\"2\u00a0Minuten\" \/>\n<script type=\"application\/ld+json\" class=\"yoast-schema-graph\">{\"@context\":\"https:\/\/schema.org\",\"@graph\":[{\"@type\":\"WebPage\",\"@id\":\"https:\/\/www.koonings.com\/de\/inspiration\/brautmode-in-sittard\/\",\"url\":\"https:\/\/www.koonings.com\/de\/inspiration\/brautmode-in-sittard\/\",\"name\":\"Brautmode in Sittard | Koonings\",\"isPartOf\":{\"@id\":\"https:\/\/www.koonings.com\/de\/#website\"},\"datePublished\":\"2025-02-19T15:29:48+00:00\",\"dateModified\":\"2025-09-29T10:16:29+00:00\",\"description\":\"Sind Sie auf der Suche nach dem perfekten Hochzeitskleid in Sittard? Die gr\u00f6\u00dfte Kollektion an Brautmode finden Sie nur 30 Autominuten von Sittard entfernt.\",\"breadcrumb\":{\"@id\":\"https:\/\/www.koonings.com\/de\/inspiration\/brautmode-in-sittard\/#breadcrumb\"},\"inLanguage\":\"de\",\"potentialAction\":[{\"@type\":\"ReadAction\",\"target\":[\"https:\/\/www.koonings.com\/de\/inspiration\/brautmode-in-sittard\/\"]}]},{\"@type\":\"BreadcrumbList\",\"@id\":\"https:\/\/www.koonings.com\/de\/inspiration\/brautmode-in-sittard\/#breadcrumb\",\"itemListElement\":[{\"@type\":\"ListItem\",\"position\":1,\"name\":\"Home\",\"item\":\"https:\/\/www.koonings.com\/de\/\"},{\"@type\":\"ListItem\",\"position\":2,\"name\":\"Inspiration\",\"item\":\"https:\/\/www.koonings.com\/de\/inspiration\/\"},{\"@type\":\"ListItem\",\"position\":3,\"name\":\"Brautmode in Sittard\"}]},{\"@type\":\"WebSite\",\"@id\":\"https:\/\/www.koonings.com\/de\/#website\",\"url\":\"https:\/\/www.koonings.com\/de\/\",\"name\":\"Koonings\",\"description\":\"De grootste bruidsmodewinkel ter wereld\",\"publisher\":{\"@id\":\"https:\/\/www.koonings.com\/de\/#organization\"},\"potentialAction\":[{\"@type\":\"SearchAction\",\"target\":{\"@type\":\"EntryPoint\",\"urlTemplate\":\"https:\/\/www.koonings.com\/de\/?s={search_term_string}\"},\"query-input\":{\"@type\":\"PropertyValueSpecification\",\"valueRequired\":true,\"valueName\":\"search_term_string\"}}],\"inLanguage\":\"de\"},{\"@type\":\"Organization\",\"@id\":\"https:\/\/www.koonings.com\/de\/#organization\",\"name\":\"Koonings\",\"url\":\"https:\/\/www.koonings.com\/de\/\",\"logo\":{\"@type\":\"ImageObject\",\"inLanguage\":\"de\",\"@id\":\"https:\/\/www.koonings.com\/de\/#\/schema\/logo\/image\/\",\"url\":\"https:\/\/www.koonings.com\/wp-content\/uploads\/2024\/07\/logo.png\",\"contentUrl\":\"https:\/\/www.koonings.com\/wp-content\/uploads\/2024\/07\/logo.png\",\"width\":600,\"height\":428,\"caption\":\"Koonings\"},\"image\":{\"@id\":\"https:\/\/www.koonings.com\/de\/#\/schema\/logo\/image\/\"},\"sameAs\":[\"https:\/\/www.facebook.com\/kooningstheweddingpalace\",\"https:\/\/www.instagram.com\/kooningstheweddingpalace\",\"https:\/\/www.pinterest.com\/koonings\",\"https:\/\/www.youtube.com\/kooningstheweddingpalace\"]}]}<\/script>\n<!-- \/ Yoast SEO plugin. -->","yoast_head_json":{"title":"Brautmode in Sittard | Koonings","description":"Sind Sie auf der Suche nach dem perfekten Hochzeitskleid in Sittard? Die gr\u00f6\u00dfte Kollektion an Brautmode finden Sie nur 30 Autominuten von Sittard entfernt.","robots":{"index":"index","follow":"follow","max-snippet":"max-snippet:-1","max-image-preview":"max-image-preview:large","max-video-preview":"max-video-preview:-1"},"canonical":"https:\/\/www.koonings.com\/de\/inspiration\/brautmode-in-sittard\/","og_locale":"de_DE","og_type":"article","og_title":"Brautmode in Sittard | Koonings","og_description":"Sind Sie auf der Suche nach dem perfekten Hochzeitskleid in Sittard? Die gr\u00f6\u00dfte Kollektion an Brautmode finden Sie nur 30 Autominuten von Sittard entfernt.","og_url":"https:\/\/www.koonings.com\/de\/inspiration\/brautmode-in-sittard\/","og_site_name":"Koonings","article_publisher":"https:\/\/www.facebook.com\/kooningstheweddingpalace","article_modified_time":"2025-09-29T10:16:29+00:00","og_image":[{"width":1024,"height":575,"url":"https:\/\/www.koonings.com\/wp-content\/uploads\/2024\/06\/palace-hero-screenshot-1024x575.png","type":"image\/png"}],"twitter_card":"summary_large_image","twitter_misc":{"Gesch\u00e4tzte Lesezeit":"2\u00a0Minuten"},"schema":{"@context":"https:\/\/schema.org","@graph":[{"@type":"WebPage","@id":"https:\/\/www.koonings.com\/de\/inspiration\/brautmode-in-sittard\/","url":"https:\/\/www.koonings.com\/de\/inspiration\/brautmode-in-sittard\/","name":"Brautmode in Sittard | Koonings","isPartOf":{"@id":"https:\/\/www.koonings.com\/de\/#website"},"datePublished":"2025-02-19T15:29:48+00:00","dateModified":"2025-09-29T10:16:29+00:00","description":"Sind Sie auf der Suche nach dem perfekten Hochzeitskleid in Sittard? Die gr\u00f6\u00dfte Kollektion an Brautmode finden Sie nur 30 Autominuten von Sittard entfernt.","breadcrumb":{"@id":"https:\/\/www.koonings.com\/de\/inspiration\/brautmode-in-sittard\/#breadcrumb"},"inLanguage":"de","potentialAction":[{"@type":"ReadAction","target":["https:\/\/www.koonings.com\/de\/inspiration\/brautmode-in-sittard\/"]}]},{"@type":"BreadcrumbList","@id":"https:\/\/www.koonings.com\/de\/inspiration\/brautmode-in-sittard\/#breadcrumb","itemListElement":[{"@type":"ListItem","position":1,"name":"Home","item":"https:\/\/www.koonings.com\/de\/"},{"@type":"ListItem","position":2,"name":"Inspiration","item":"https:\/\/www.koonings.com\/de\/inspiration\/"},{"@type":"ListItem","position":3,"name":"Brautmode in Sittard"}]},{"@type":"WebSite","@id":"https:\/\/www.koonings.com\/de\/#website","url":"https:\/\/www.koonings.com\/de\/","name":"Koonings","description":"De grootste bruidsmodewinkel ter wereld","publisher":{"@id":"https:\/\/www.koonings.com\/de\/#organization"},"potentialAction":[{"@type":"SearchAction","target":{"@type":"EntryPoint","urlTemplate":"https:\/\/www.koonings.com\/de\/?s={search_term_string}"},"query-input":{"@type":"PropertyValueSpecification","valueRequired":true,"valueName":"search_term_string"}}],"inLanguage":"de"},{"@type":"Organization","@id":"https:\/\/www.koonings.com\/de\/#organization","name":"Koonings","url":"https:\/\/www.koonings.com\/de\/","logo":{"@type":"ImageObject","inLanguage":"de","@id":"https:\/\/www.koonings.com\/de\/#\/schema\/logo\/image\/","url":"https:\/\/www.koonings.com\/wp-content\/uploads\/2024\/07\/logo.png","contentUrl":"https:\/\/www.koonings.com\/wp-content\/uploads\/2024\/07\/logo.png","width":600,"height":428,"caption":"Koonings"},"image":{"@id":"https:\/\/www.koonings.com\/de\/#\/schema\/logo\/image\/"},"sameAs":["https:\/\/www.facebook.com\/kooningstheweddingpalace","https:\/\/www.instagram.com\/kooningstheweddingpalace","https:\/\/www.pinterest.com\/koonings","https:\/\/www.youtube.com\/kooningstheweddingpalace"]}]}},"_links":{"self":[{"href":"https:\/\/www.koonings.com\/de\/wp-json\/wp\/v2\/pages\/98589","targetHints":{"allow":["GET"]}}],"collection":[{"href":"https:\/\/www.koonings.com\/de\/wp-json\/wp\/v2\/pages"}],"about":[{"href":"https:\/\/www.koonings.com\/de\/wp-json\/wp\/v2\/types\/page"}],"author":[{"embeddable":true,"href":"https:\/\/www.koonings.com\/de\/wp-json\/wp\/v2\/users\/2"}],"replies":[{"embeddable":true,"href":"https:\/\/www.koonings.com\/de\/wp-json\/wp\/v2\/comments?post=98589"}],"version-history":[{"count":3,"href":"https:\/\/www.koonings.com\/de\/wp-json\/wp\/v2\/pages\/98589\/revisions"}],"predecessor-version":[{"id":98594,"href":"https:\/\/www.koonings.com\/de\/wp-json\/wp\/v2\/pages\/98589\/revisions\/98594"}],"up":[{"embeddable":true,"href":"https:\/\/www.koonings.com\/de\/wp-json\/wp\/v2\/pages\/16091"}],"wp:attachment":[{"href":"https:\/\/www.koonings.com\/de\/wp-json\/wp\/v2\/media?parent=98589"}],"curies":[{"name":"wp","href":"https:\/\/api.w.org\/{rel}","templated":true}]}}