{"id":98576,"date":"2025-01-09T17:02:13","date_gmt":"2025-01-09T16:02:13","guid":{"rendered":"https:\/\/www.koonings.com\/inspiration\/brautmode-in-suedlimburg\/"},"modified":"2025-09-29T12:14:21","modified_gmt":"2025-09-29T10:14:21","slug":"brautmode-in-suedlimburg","status":"publish","type":"page","link":"https:\/\/www.koonings.com\/de\/inspiration\/brautmode-in-suedlimburg\/","title":{"rendered":"Brautmode in S\u00fcdlimburg"},"content":{"rendered":"\r\n\r\n<div class=\"eye-element fullwidth-row alignfull style-both bg--none  alignfull \" style=\" \">\r\n\r\n    <div class=\"container\">\r\n        <div class=\"row\">\r\n            <div class=\"col-12\">\r\n                <div class=\"acf-innerblocks-container\">\n\n<h1 class=\"wp-block-heading has-text-align-center\" id=\"bruidsmode-in-zuid-limburg\">Brautmode in S\u00fcdlimburg<\/h1>\n\n\n\n<p class=\"has-text-align-center\">Willkommen bei <a href=\"https:\/\/www.koonings.com\/de\/valkenburg\/\">Koonings The Wedding Castle<\/a>, S\u00fcdlimburgs gr\u00f6\u00dftem und bezauberndstem Brautmodengesch\u00e4ft. Im historischen Kasteel Oost in Valkenburg erwartet Sie ein unvergleichliches Erlebnis f\u00fcr jede zuk\u00fcnftige Braut. Mit einer <a href=\"https:\/\/www.koonings.com\/de\/braut\/hochzeitskleider\/\">atemberaubenden Kollektion von Brautkleidern<\/a> und einem Team von erfahrenen Stylisten helfen wir Ihnen, das perfekte Brautkleid zu finden. Egal, ob Sie aus Limburg, S\u00fcdlimburg oder einer der umliegenden St\u00e4dte kommen, Koonings ist Ihre Adresse f\u00fcr alles, was mit Brautkleidern zu tun hat.   <\/p>\n\n\n\r\n<div class=\"eye-element bsbutton text-center \" >\r\n\t        <a class=\"btn btn-gold\" href=\"\/afspraak-maken\"\r\n           target=\"\">Vereinbare jetzt deinen Termin<\/a>\r\n\t<\/div>\n<\/div>\r\n            <\/div>\r\n        <\/div>\r\n    <\/div>\r\n\r\n<\/div>\r\n\r\n    \r\n\r\n<div class=\"eye-element fullwidth-row alignfull style-both bg--none  alignfull \" style=\" \">\r\n\r\n    <div class=\"container\">\r\n        <div class=\"row\">\r\n            <div class=\"col-12\">\r\n                <div class=\"acf-innerblocks-container\">\n\n<div class=\"ghostkit-grid ghostkit-grid-gap-md\"><div class=\"ghostkit-grid-inner\">\n<div class=\"ghostkit-col ghostkit-col-md-12 ghostkit-col-6\"><div class=\"ghostkit-col-content is-layout-flow wp-block-ghostkit-grid-column-is-layout-flow\">\n<h2 class=\"wp-block-heading\" id=\"de-grootste-collectie-van-limburg\">Die gr\u00f6\u00dfte Sammlung in Limburg<\/h2>\n\n\n\n<p>Bei Koonings The Wedding Castle finden Sie die gr\u00f6\u00dfte Kollektion an Brautkleidern in Limburg. Als Teil von Koonings bringen wir jahrelanges Wissen und Erfahrung in der Welt der Br\u00e4ute mit. Koonings ist ein bekannter Name in der Branche und bekannt aus Sendungen wie <em>Say Yes to the Dress<\/em> und <em>Married at First Sight<\/em>. Unser Hauptstandort in Deurne ist sogar das gr\u00f6\u00dfte Brautmodengesch\u00e4ft der Welt. In der neuesten Filiale von Koonings in Valkenburg erhalten Sie den gleichen unvergleichlichen Service und das gleiche Fachwissen, das Br\u00e4ute von Koonings erwarten.    <\/p>\n\n\n\n<p>Koonings wird von <a href=\"https:\/\/www.koonings.com\/de\/ueber-uns\/ramona-koonings\/\">Ramona Koonings<\/a> geleitet, einer leidenschaftlichen und erfahrenen Unternehmerin im Bereich Brautmode. Neben ihrer Arbeit als Inhaberin entwirft sie auch ihre eigene Linie von Brautkleidern, die exklusiv bei Koonings erh\u00e4ltlich sind. Ihre Entw\u00fcrfe spiegeln ihr Engagement f\u00fcr Qualit\u00e4t, Stil und die einzigartigen Bed\u00fcrfnisse einer jeden Braut wider.  <\/p>\n\n\n\r\n<div class=\"eye-element bsbutton text-start \" >\r\n\t        <a class=\"btn btn-primary\" href=\"\/bruid\/trouwjurken\"\r\n           target=\"\">Die Kollektion der Brautkleider ansehen<\/a>\r\n\t<\/div><\/div><\/div>\n\n\n\n<div class=\"ghostkit-col ghostkit-col-md-12 ghostkit-col-6\"><div class=\"ghostkit-col-content is-layout-flow wp-block-ghostkit-grid-column-is-layout-flow\">\r\n<div class=\"eye-element images style-default variant-1 multi-image\">\r\n\r\n\t        <div class=\"composition\">\r\n\t\t\t                <div class=\"image-0\">\r\n                    <img decoding=\"async\" class=\"img-fluid\" src=\"https:\/\/www.koonings.com\/wp-content\/uploads\/2024\/07\/foto1bWDS_9275-205x300.jpg\" srcset=\"https:\/\/www.koonings.com\/wp-content\/uploads\/2024\/07\/foto1bWDS_9275-205x300.jpg 205w, https:\/\/www.koonings.com\/wp-content\/uploads\/2024\/07\/foto1bWDS_9275-699x1024.jpg 699w, https:\/\/www.koonings.com\/wp-content\/uploads\/2024\/07\/foto1bWDS_9275-768x1124.jpg 768w, https:\/\/www.koonings.com\/wp-content\/uploads\/2024\/07\/foto1bWDS_9275-1049x1536.jpg 1049w, https:\/\/www.koonings.com\/wp-content\/uploads\/2024\/07\/foto1bWDS_9275-1399x2048.jpg 1399w, https:\/\/www.koonings.com\/wp-content\/uploads\/2024\/07\/foto1bWDS_9275-scaled.jpg 1748w\" alt=\"\">\r\n                <\/div>\r\n\t\t\t\r\n            <div class=\"swiper images-swiper\">\r\n\r\n\t\t\t\t\r\n                <div class=\"swiper-wrapper\">\r\n\t\t\t\t\t                        <li class=\"swiper-slide\">\r\n                            <img decoding=\"async\" class=\" img-fluid\" src=\"https:\/\/www.koonings.com\/wp-content\/uploads\/2024\/07\/foto1WDS_0170-kopie-1024x683.jpg\" srcset=\"https:\/\/www.koonings.com\/wp-content\/uploads\/2024\/07\/foto1WDS_0170-kopie-scaled.jpg\" alt=\"\">\r\n                        <\/li>\r\n\t\t\t\t\t                <\/div>\r\n\r\n                <div class=\"swiper-pagination\"><\/div>\r\n\r\n                <div class=\"swiper-button-prev\"><\/div>\r\n                <div class=\"swiper-button-next\"><\/div>\r\n\r\n            <\/div>\r\n\r\n        <\/div>\r\n\t\r\n\t<\/div><\/div><\/div>\n<\/div><\/div>\n\n<\/div>\r\n            <\/div>\r\n        <\/div>\r\n    <\/div>\r\n\r\n<\/div>\r\n\r\n    \r\n\r\n<div class=\"eye-element fullwidth-row alignfull style-both bg--lightgray  alignfull \" style=\" \">\r\n\r\n    <div class=\"container\">\r\n        <div class=\"row\">\r\n            <div class=\"col-12\">\r\n                <div class=\"acf-innerblocks-container\">\n\n<h2 class=\"wp-block-heading has-text-align-center\" id=\"de-perfecte-bruidsjurk-in-zuid-limburg\">Das perfekte Hochzeitskleid in S\u00fcdlimburg<\/h2>\n\n\n\n<p class=\"has-text-align-center\">Bei Koonings The Wedding Castle dreht sich alles um Sie. Unser Schloss in Valkenburg bietet einen magischen Rahmen, in dem Sie in aller Ruhe Brautkleider anprobieren und Ihren einzigartigen Stil entdecken k\u00f6nnen. Ob Sie nun von einem klassischen Prinzessinnenkleid, einem modernen, eleganten Kleid oder etwas dazwischen tr\u00e4umen. Mit einem von Ihnen zusammengestellten <a href=\"https:\/\/www.koonings.com\/de\/moodboard-erstellen\/\">Moodboard f\u00fcr Brautkleider<\/a> wissen wir genau, wonach Sie suchen. Und mit unserer umfangreichen Kollektion und dem Zugang zu den 4.500 zus\u00e4tzlichen Kleidern in unserer Niederlassung in Deurne finden Sie garantiert Ihr Traumkleid unter all den Topmarken und exklusiven Designs.      <\/p>\n\n\n\n<p class=\"has-text-align-center\">Dank unseres Standorts in S\u00fcdlimburg sind wir f\u00fcr Br\u00e4ute aus der ganzen Region erreichbar. Nicht nur Br\u00e4ute aus Maastricht, Heerlen und Landgraaf, sondern auch aus dem belgischen L\u00fcttich und mehreren deutschen St\u00e4dten wissen, wie sie uns finden k\u00f6nnen. <\/p>\n\n\n\r\n<div class=\"eye-element bsbutton text-center \" >\r\n\t        <a class=\"btn btn-primary\" href=\"\/moodboard-maken\/\"\r\n           target=\"\">Erstellen Sie Ihr eigenes Moodboard<\/a>\r\n\t<\/div>\n<\/div>\r\n            <\/div>\r\n        <\/div>\r\n    <\/div>\r\n\r\n<\/div>\r\n\r\n    \r\n\r\n<div class=\"eye-element fullwidth-row alignfull style-both bg--none  alignfull \" style=\" \">\r\n\r\n    <div class=\"container\">\r\n        <div class=\"row\">\r\n            <div class=\"col-12\">\r\n                <div class=\"acf-innerblocks-container\">\n\n<h2 class=\"wp-block-heading\" id=\"waarom-koonings-in-valkenburg\">Warum Koonings in Valkenburg?<\/h2>\n\n\n\n<div class=\"ghostkit-grid ghostkit-grid-gap-md\"><div class=\"ghostkit-grid-inner\">\n<div class=\"ghostkit-col ghostkit-col-lg-12 ghostkit-col-2 is-layout-flow wp-block-ghostkit-grid-column-is-layout-flow\"><div class=\"ghostkit-col-content\"><\/div><\/div>\n\n\n\n<div class=\"ghostkit-col ghostkit-col-lg-12 ghostkit-col-8\"><div class=\"ghostkit-col-content is-layout-flow wp-block-ghostkit-grid-column-is-layout-flow\">\n<ol start=\"1\" class=\"wp-block-list\">\n<li><strong>Einzigartige Lage<\/strong>: Unser Brautmodengesch\u00e4ft in Valkenburg ist nicht nur ein Gesch\u00e4ft, sondern ein unvergessliches Erlebnis, bei dem Sie auch im <a href=\"https:\/\/monrevevalkenburg.com\/\" target=\"_blank\" rel=\"noreferrer noopener\">Luxusrestaurant Mon R\u00eave<\/a> speisen, im Hotel Kasteel Oost \u00fcbernachten oder sogar Ihre Hochzeit feiern k\u00f6nnen. Im Herzen von S\u00fcdlimburg gelegen, strahlt dieser Ort Romantik und Erhabenheit aus. <\/li>\n\n\n\n<li><strong>Umfangreichste Kollektion<\/strong>: Mit Tausenden von Brautkleidern bekannter Marken haben wir f\u00fcr jede Braut etwas Sch\u00f6nes.<\/li>\n\n\n\n<li><strong>Erfahrene Stylisten<\/strong>: Unser Team ist bereit, Sie von Ihrem ersten Termin bis zu dem Moment zu begleiten, an dem Sie Ihr Traumkleid gefunden haben.<\/li>\n\n\n\n<li><strong>Erreichbarkeit<\/strong>: Unser Brautmodengesch\u00e4ft in Valkenburg ist von ganz Limburg und den umliegenden Regionen aus leicht zu erreichen.<\/li>\n\n\n\n<li><strong>Erfahrung<\/strong>: Als Teil von Koonings bringen wir die Expertise des gr\u00f6\u00dften Brautmodengesch\u00e4fts der Welt nach S\u00fcdlimburg.<\/li>\n\n\n\n<li><strong>Exklusive Designs<\/strong>: Dank der <a href=\"https:\/\/www.koonings.com\/de\/braut\/hochzeitskleider\/?supplier=ramona-koonings-couture\">eigenen Brautkleidlinie von Ramona Koonings<\/a> bieten wir einzigartige und stilvolle Auswahlm\u00f6glichkeiten f\u00fcr jede Braut.<\/li>\n<\/ol>\n<\/div><\/div>\n\n\n\n<div class=\"ghostkit-col ghostkit-col-lg-12 ghostkit-col-2 is-layout-flow wp-block-ghostkit-grid-column-is-layout-flow\"><div class=\"ghostkit-col-content\"><\/div><\/div>\n<\/div><\/div>\n\n<\/div>\r\n            <\/div>\r\n        <\/div>\r\n    <\/div>\r\n\r\n<\/div>\r\n\r\n    \r\n\r\n<div class=\"eye-element fullwidth-row alignfull style-both bg--none  alignfull \" style=\" \">\r\n\r\n    <div class=\"container\">\r\n        <div class=\"row\">\r\n            <div class=\"col-12\">\r\n                <div class=\"acf-innerblocks-container\">\n\n<h2 class=\"wp-block-heading\" id=\"bruidsmode-voor-elke-bruid\">Brautmode f\u00fcr jede Braut<\/h2>\n\n\n\n<p>Unsere Kollektion ist so zusammengestellt, dass sie zu jedem Stil und jeder Vorliebe passt. Von zeitloser Eleganz bis hin zu <a href=\"https:\/\/www.koonings.com\/de\/braut\/hochzeitskleider\/\">unkonventionellem Chic<\/a>&#8211; wir haben Kleider f\u00fcr jede Pers\u00f6nlichkeit und jedes Hochzeitsthema. Wir bieten auch Accessoires wie Schleier, Schmuck und Schuhe an, um Ihren Look zu vervollst\u00e4ndigen. Zuk\u00fcnftige Br\u00e4ute aus S\u00fcdlimburg, Valkenburg und dem Rest von Limburg k\u00f6nnen sich auf ein pers\u00f6nliches und luxuri\u00f6ses Erlebnis bei Koonings verlassen.   <\/p>\n\n\n\n<h3 class=\"wp-block-heading\" id=\"bruidsmode-maastricht\">Brautmode Maastricht<\/h3>\n\n\n\n<p>Sind Sie auf der Suche nach <a href=\"https:\/\/www.koonings.com\/de\/inspiration\/brautmode-in-maastricht\/\">Brautmode in Maastricht<\/a>? Koonings The Wedding Castle in Valkenburg ist nur 15 Autominuten von Maastricht entfernt. Dank unserer einzigartigen Lage und unserer umfangreichen Kollektion sind wir eine beliebte Wahl f\u00fcr Br\u00e4ute aus dieser sch\u00f6nen Stadt. Finden Sie heraus, wie wir Ihnen helfen k\u00f6nnen, Ihr Traumkleid zu finden, und vereinbaren Sie noch heute einen Termin mit uns.   <br\/><\/p>\n\n\n\n<h3 class=\"wp-block-heading\" id=\"bruidswinkel-in-de-buurt-van-heerlen\">Brautmodengesch\u00e4ft in der N\u00e4he von Heerlen<\/h3>\n\n\n\n<p>F\u00fcr Br\u00e4ute, die ein <a href=\"https:\/\/www.koonings.com\/de\/inspiration\/brautmodengeschaeft-heerlen\/\">Brautmodengesch\u00e4ft in Heerlen<\/a> suchen, bietet Koonings die perfekte Mischung aus Stil und Service. Nur 20 Minuten von Valkenburg entfernt, in Kasteel Oost, finden Sie die gr\u00f6\u00dfte Kollektion an Brautkleidern in Limburg. Lassen Sie sich von unserer exklusiven Kollektion inspirieren und genie\u00dfen Sie einen Tag voller pers\u00f6nlicher Aufmerksamkeit.  <\/p>\n\n\n\n<h3 class=\"wp-block-heading\" id=\"bruidsmode-nabij-landgraaf\">Brautmode in der N\u00e4he von Landgraaf<\/h3>\n\n\n\n<p>Tr\u00e4umen Sie von einem Hochzeitskleid, das Ihren Stil widerspiegelt? Koonings ist der ideale Ort f\u00fcr <a href=\"https:\/\/www.koonings.com\/inspiratie\/bruidswinkel-landgraaf\/\">Brautmode in Landgraaf<\/a>. Es ist nur eine kurze Fahrt nach Valkenburg, wo Sie in der bezaubernden Atmosph\u00e4re von Kasteel Oost eine unvergleichliche Auswahl an Brautkleidern finden.  <\/p>\n\n\n\n<h3 class=\"wp-block-heading\" id=\"bruidsmode-bij-luik\">Brautmode in der N\u00e4he von L\u00fcttich<\/h3>\n\n\n\n<p>Koonings <a href=\"https:\/\/www.koonings.com\/de\/inspiration\/brautmodengeschaeft-luettich\/\">Brautmode ist auch eine ausgezeichnete Wahl f\u00fcr Br\u00e4ute aus L\u00fcttich<\/a>, Belgien. Nur eine halbe Stunde Autofahrt und Sie sind in unserem m\u00e4rchenhaften Brautmodengesch\u00e4ft in Valkenburg. Finden Sie heraus, warum sich so viele Br\u00e4ute aus L\u00fcttich f\u00fcr Koonings entscheiden.  <\/p>\n\n\n\n<h3 class=\"wp-block-heading\" id=\"bruidsmode-geleen\">Braut Geleen<\/h3>\n\n\n\n<p>Sind Sie auf der Suche nach <a href=\"https:\/\/www.koonings.com\/inspiratie\/bruidsmode-in-geleen\/\">Brautmode in Geleen<\/a>? Nur 25 Autominuten entfernt, im sch\u00f6nen Valkenburg, finden Sie das Brautmodengesch\u00e4ft Koonings The Wedding Castle, das sich im stimmungsvollen Kasteel Oost befindet. Hier entdecken Sie die gr\u00f6\u00dfte Brautmodenkollektion Limburgs und k\u00f6nnen in einer bezaubernden Umgebung nach Ihrem Traumkleid suchen.  <\/p>\n\n\n\n<h3 class=\"wp-block-heading\" id=\"bruidswinkel-nabij-roermond\">Brautmodengesch\u00e4ft in der N\u00e4he von Roermond<\/h3>\n\n\n\n<p>Sind Sie auf der Suche nach einem <a href=\"https:\/\/www.koonings.com\/inspiratie\/bruidswinkel-roermond\/\">Brautmodengesch\u00e4ft in Roermond<\/a>? Innerhalb von 35 Minuten stehen Sie vor der gr\u00f6\u00dften Brautmodenkollektion Limburgs. Im malerischen Valkenburg befindet sich das Brautmodengesch\u00e4ft Koonings The Wedding Castle im majest\u00e4tischen Kasteel Oost. Hier finden Sie garantiert das Hochzeitskleid Ihrer Tr\u00e4ume.   <\/p>\n\n\n\r\n\r\n<div class=\"eye-element fullwidth-row alignfull style-both bg--none  alignfull \" style=\" \">\r\n\r\n    <div class=\"container\">\r\n        <div class=\"row\">\r\n            <div class=\"col-12\">\r\n                <div class=\"acf-innerblocks-container\">\n\n<h2 class=\"wp-block-heading has-text-align-center\" id=\"plan-jouw-pasafspraak\">Planen Sie Ihren Anpassungstermin<\/h2>\n\n\n\n<p class=\"has-text-align-center\">Bei Koonings The Wedding Castle machen wir Ihre Suche nach dem perfekten Hochzeitskleid zu einem unvergesslichen Erlebnis. Egal, ob Sie aus Maastricht, Heerlen, Landgraaf oder L\u00fcttich kommen, wir sind bereit, Sie an Ihrem gro\u00dfen Tag gl\u00e4nzen zu lassen. Vereinbaren Sie noch heute einen Termin und finden Sie heraus, warum wir die beste Wahl f\u00fcr Brautmode in S\u00fcdlimburg sind.  <\/p>\n\n\n\r\n<div class=\"eye-element bsbutton text-center \" >\r\n\t        <a class=\"btn btn-gold\" href=\"\/afspraak-maken\"\r\n           target=\"\">Vereinbare jetzt deinen Termin<\/a>\r\n\t<\/div>\n<\/div>\r\n            <\/div>\r\n        <\/div>\r\n    <\/div>\r\n\r\n<\/div>\r\n\r\n    \n<\/div>\r\n            <\/div>\r\n        <\/div>\r\n    <\/div>\r\n\r\n<\/div>\r\n\r\n    ","protected":false},"excerpt":{"rendered":"","protected":false},"author":2,"featured_media":0,"parent":16091,"menu_order":0,"comment_status":"closed","ping_status":"closed","template":"","meta":{"_acf_changed":false,"ghostkit_customizer_options":"","ghostkit_custom_css":"","ghostkit_custom_js_head":"","ghostkit_custom_js_foot":"","ghostkit_typography":"","footnotes":""},"class_list":["post-98576","page","type-page","status-publish","hentry"],"acf":[],"yoast_head":"<!-- This site is optimized with the Yoast SEO plugin v27.3 - https:\/\/yoast.com\/product\/yoast-seo-wordpress\/ -->\n<title>Brautmode in S\u00fcdlimburg | Koonings<\/title>\n<meta name=\"description\" content=\"Sind Sie aus Limburg, S\u00fcdlimburg oder einer der umliegenden St\u00e4dte? Koonings ist Ihre Adresse f\u00fcr alles rund um die Braut.\" \/>\n<meta name=\"robots\" content=\"index, follow, max-snippet:-1, max-image-preview:large, max-video-preview:-1\" \/>\n<link rel=\"canonical\" href=\"https:\/\/www.koonings.com\/de\/inspiration\/brautmode-in-suedlimburg\/\" \/>\n<meta property=\"og:locale\" content=\"de_DE\" \/>\n<meta property=\"og:type\" content=\"article\" \/>\n<meta property=\"og:title\" content=\"Brautmode in S\u00fcdlimburg | Koonings\" \/>\n<meta property=\"og:description\" content=\"Sind Sie aus Limburg, S\u00fcdlimburg oder einer der umliegenden St\u00e4dte? Koonings ist Ihre Adresse f\u00fcr alles rund um die Braut.\" \/>\n<meta property=\"og:url\" content=\"https:\/\/www.koonings.com\/de\/inspiration\/brautmode-in-suedlimburg\/\" \/>\n<meta property=\"og:site_name\" content=\"Koonings\" \/>\n<meta property=\"article:publisher\" content=\"https:\/\/www.facebook.com\/kooningstheweddingpalace\" \/>\n<meta property=\"article:modified_time\" content=\"2025-09-29T10:14:21+00:00\" \/>\n<meta property=\"og:image\" content=\"https:\/\/www.koonings.com\/wp-content\/uploads\/2024\/06\/palace-hero-screenshot-1024x575.png\" \/>\n\t<meta property=\"og:image:width\" content=\"1024\" \/>\n\t<meta property=\"og:image:height\" content=\"575\" \/>\n\t<meta property=\"og:image:type\" content=\"image\/png\" \/>\n<meta name=\"twitter:card\" content=\"summary_large_image\" \/>\n<meta name=\"twitter:label1\" content=\"Gesch\u00e4tzte Lesezeit\" \/>\n\t<meta name=\"twitter:data1\" content=\"5\u00a0Minuten\" \/>\n<script type=\"application\/ld+json\" class=\"yoast-schema-graph\">{\"@context\":\"https:\\\/\\\/schema.org\",\"@graph\":[{\"@type\":\"WebPage\",\"@id\":\"https:\\\/\\\/www.koonings.com\\\/de\\\/inspiration\\\/brautmode-in-suedlimburg\\\/\",\"url\":\"https:\\\/\\\/www.koonings.com\\\/de\\\/inspiration\\\/brautmode-in-suedlimburg\\\/\",\"name\":\"Brautmode in S\u00fcdlimburg | Koonings\",\"isPartOf\":{\"@id\":\"https:\\\/\\\/www.koonings.com\\\/de\\\/#website\"},\"datePublished\":\"2025-01-09T16:02:13+00:00\",\"dateModified\":\"2025-09-29T10:14:21+00:00\",\"description\":\"Sind Sie aus Limburg, S\u00fcdlimburg oder einer der umliegenden St\u00e4dte? Koonings ist Ihre Adresse f\u00fcr alles rund um die Braut.\",\"breadcrumb\":{\"@id\":\"https:\\\/\\\/www.koonings.com\\\/de\\\/inspiration\\\/brautmode-in-suedlimburg\\\/#breadcrumb\"},\"inLanguage\":\"de\",\"potentialAction\":[{\"@type\":\"ReadAction\",\"target\":[\"https:\\\/\\\/www.koonings.com\\\/de\\\/inspiration\\\/brautmode-in-suedlimburg\\\/\"]}]},{\"@type\":\"BreadcrumbList\",\"@id\":\"https:\\\/\\\/www.koonings.com\\\/de\\\/inspiration\\\/brautmode-in-suedlimburg\\\/#breadcrumb\",\"itemListElement\":[{\"@type\":\"ListItem\",\"position\":1,\"name\":\"Home\",\"item\":\"https:\\\/\\\/www.koonings.com\\\/de\\\/\"},{\"@type\":\"ListItem\",\"position\":2,\"name\":\"Inspiration\",\"item\":\"https:\\\/\\\/www.koonings.com\\\/de\\\/inspiration\\\/\"},{\"@type\":\"ListItem\",\"position\":3,\"name\":\"Brautmode in S\u00fcdlimburg\"}]},{\"@type\":\"WebSite\",\"@id\":\"https:\\\/\\\/www.koonings.com\\\/de\\\/#website\",\"url\":\"https:\\\/\\\/www.koonings.com\\\/de\\\/\",\"name\":\"Koonings\",\"description\":\"De grootste bruidsmodewinkel ter wereld\",\"publisher\":{\"@id\":\"https:\\\/\\\/www.koonings.com\\\/de\\\/#organization\"},\"potentialAction\":[{\"@type\":\"SearchAction\",\"target\":{\"@type\":\"EntryPoint\",\"urlTemplate\":\"https:\\\/\\\/www.koonings.com\\\/de\\\/?s={search_term_string}\"},\"query-input\":{\"@type\":\"PropertyValueSpecification\",\"valueRequired\":true,\"valueName\":\"search_term_string\"}}],\"inLanguage\":\"de\"},{\"@type\":\"Organization\",\"@id\":\"https:\\\/\\\/www.koonings.com\\\/de\\\/#organization\",\"name\":\"Koonings\",\"url\":\"https:\\\/\\\/www.koonings.com\\\/de\\\/\",\"logo\":{\"@type\":\"ImageObject\",\"inLanguage\":\"de\",\"@id\":\"https:\\\/\\\/www.koonings.com\\\/de\\\/#\\\/schema\\\/logo\\\/image\\\/\",\"url\":\"https:\\\/\\\/www.koonings.com\\\/wp-content\\\/uploads\\\/2024\\\/07\\\/logo.png\",\"contentUrl\":\"https:\\\/\\\/www.koonings.com\\\/wp-content\\\/uploads\\\/2024\\\/07\\\/logo.png\",\"width\":600,\"height\":428,\"caption\":\"Koonings\"},\"image\":{\"@id\":\"https:\\\/\\\/www.koonings.com\\\/de\\\/#\\\/schema\\\/logo\\\/image\\\/\"},\"sameAs\":[\"https:\\\/\\\/www.facebook.com\\\/kooningstheweddingpalace\",\"https:\\\/\\\/www.instagram.com\\\/kooningstheweddingpalace\",\"https:\\\/\\\/www.pinterest.com\\\/koonings\",\"https:\\\/\\\/www.youtube.com\\\/kooningstheweddingpalace\"]}]}<\/script>\n<!-- \/ Yoast SEO plugin. -->","yoast_head_json":{"title":"Brautmode in S\u00fcdlimburg | Koonings","description":"Sind Sie aus Limburg, S\u00fcdlimburg oder einer der umliegenden St\u00e4dte? Koonings ist Ihre Adresse f\u00fcr alles rund um die Braut.","robots":{"index":"index","follow":"follow","max-snippet":"max-snippet:-1","max-image-preview":"max-image-preview:large","max-video-preview":"max-video-preview:-1"},"canonical":"https:\/\/www.koonings.com\/de\/inspiration\/brautmode-in-suedlimburg\/","og_locale":"de_DE","og_type":"article","og_title":"Brautmode in S\u00fcdlimburg | Koonings","og_description":"Sind Sie aus Limburg, S\u00fcdlimburg oder einer der umliegenden St\u00e4dte? Koonings ist Ihre Adresse f\u00fcr alles rund um die Braut.","og_url":"https:\/\/www.koonings.com\/de\/inspiration\/brautmode-in-suedlimburg\/","og_site_name":"Koonings","article_publisher":"https:\/\/www.facebook.com\/kooningstheweddingpalace","article_modified_time":"2025-09-29T10:14:21+00:00","og_image":[{"width":1024,"height":575,"url":"https:\/\/www.koonings.com\/wp-content\/uploads\/2024\/06\/palace-hero-screenshot-1024x575.png","type":"image\/png"}],"twitter_card":"summary_large_image","twitter_misc":{"Gesch\u00e4tzte Lesezeit":"5\u00a0Minuten"},"schema":{"@context":"https:\/\/schema.org","@graph":[{"@type":"WebPage","@id":"https:\/\/www.koonings.com\/de\/inspiration\/brautmode-in-suedlimburg\/","url":"https:\/\/www.koonings.com\/de\/inspiration\/brautmode-in-suedlimburg\/","name":"Brautmode in S\u00fcdlimburg | Koonings","isPartOf":{"@id":"https:\/\/www.koonings.com\/de\/#website"},"datePublished":"2025-01-09T16:02:13+00:00","dateModified":"2025-09-29T10:14:21+00:00","description":"Sind Sie aus Limburg, S\u00fcdlimburg oder einer der umliegenden St\u00e4dte? Koonings ist Ihre Adresse f\u00fcr alles rund um die Braut.","breadcrumb":{"@id":"https:\/\/www.koonings.com\/de\/inspiration\/brautmode-in-suedlimburg\/#breadcrumb"},"inLanguage":"de","potentialAction":[{"@type":"ReadAction","target":["https:\/\/www.koonings.com\/de\/inspiration\/brautmode-in-suedlimburg\/"]}]},{"@type":"BreadcrumbList","@id":"https:\/\/www.koonings.com\/de\/inspiration\/brautmode-in-suedlimburg\/#breadcrumb","itemListElement":[{"@type":"ListItem","position":1,"name":"Home","item":"https:\/\/www.koonings.com\/de\/"},{"@type":"ListItem","position":2,"name":"Inspiration","item":"https:\/\/www.koonings.com\/de\/inspiration\/"},{"@type":"ListItem","position":3,"name":"Brautmode in S\u00fcdlimburg"}]},{"@type":"WebSite","@id":"https:\/\/www.koonings.com\/de\/#website","url":"https:\/\/www.koonings.com\/de\/","name":"Koonings","description":"De grootste bruidsmodewinkel ter wereld","publisher":{"@id":"https:\/\/www.koonings.com\/de\/#organization"},"potentialAction":[{"@type":"SearchAction","target":{"@type":"EntryPoint","urlTemplate":"https:\/\/www.koonings.com\/de\/?s={search_term_string}"},"query-input":{"@type":"PropertyValueSpecification","valueRequired":true,"valueName":"search_term_string"}}],"inLanguage":"de"},{"@type":"Organization","@id":"https:\/\/www.koonings.com\/de\/#organization","name":"Koonings","url":"https:\/\/www.koonings.com\/de\/","logo":{"@type":"ImageObject","inLanguage":"de","@id":"https:\/\/www.koonings.com\/de\/#\/schema\/logo\/image\/","url":"https:\/\/www.koonings.com\/wp-content\/uploads\/2024\/07\/logo.png","contentUrl":"https:\/\/www.koonings.com\/wp-content\/uploads\/2024\/07\/logo.png","width":600,"height":428,"caption":"Koonings"},"image":{"@id":"https:\/\/www.koonings.com\/de\/#\/schema\/logo\/image\/"},"sameAs":["https:\/\/www.facebook.com\/kooningstheweddingpalace","https:\/\/www.instagram.com\/kooningstheweddingpalace","https:\/\/www.pinterest.com\/koonings","https:\/\/www.youtube.com\/kooningstheweddingpalace"]}]}},"_links":{"self":[{"href":"https:\/\/www.koonings.com\/de\/wp-json\/wp\/v2\/pages\/98576","targetHints":{"allow":["GET"]}}],"collection":[{"href":"https:\/\/www.koonings.com\/de\/wp-json\/wp\/v2\/pages"}],"about":[{"href":"https:\/\/www.koonings.com\/de\/wp-json\/wp\/v2\/types\/page"}],"author":[{"embeddable":true,"href":"https:\/\/www.koonings.com\/de\/wp-json\/wp\/v2\/users\/2"}],"replies":[{"embeddable":true,"href":"https:\/\/www.koonings.com\/de\/wp-json\/wp\/v2\/comments?post=98576"}],"version-history":[{"count":1,"href":"https:\/\/www.koonings.com\/de\/wp-json\/wp\/v2\/pages\/98576\/revisions"}],"predecessor-version":[{"id":98577,"href":"https:\/\/www.koonings.com\/de\/wp-json\/wp\/v2\/pages\/98576\/revisions\/98577"}],"up":[{"embeddable":true,"href":"https:\/\/www.koonings.com\/de\/wp-json\/wp\/v2\/pages\/16091"}],"wp:attachment":[{"href":"https:\/\/www.koonings.com\/de\/wp-json\/wp\/v2\/media?parent=98576"}],"curies":[{"name":"wp","href":"https:\/\/api.w.org\/{rel}","templated":true}]}}