{"id":98526,"date":"2025-01-10T13:36:17","date_gmt":"2025-01-10T12:36:17","guid":{"rendered":"https:\/\/www.koonings.com\/inspiration\/brautmode-in-maastricht\/"},"modified":"2025-09-29T12:06:27","modified_gmt":"2025-09-29T10:06:27","slug":"brautmode-in-maastricht","status":"publish","type":"page","link":"https:\/\/www.koonings.com\/de\/inspiration\/brautmode-in-maastricht\/","title":{"rendered":"Brautmode in Maastricht"},"content":{"rendered":"\r\n\r\n<div class=\"eye-element fullwidth-row alignfull style-both bg--none  alignfull \" style=\" \">\r\n\r\n    <div class=\"container\">\r\n        <div class=\"row\">\r\n            <div class=\"col-12\">\r\n                <div class=\"acf-innerblocks-container\">\n\n<h1 class=\"wp-block-heading has-text-align-center\" id=\"bruidsmode-in-maastricht\">Brautmode in Maastricht<\/h1>\n\n\n\n<p class=\"has-text-align-center\">Suchen Sie nach Brautmode in Maastricht? <a href=\"https:\/\/www.koonings.com\/de\/valkenburg\/\">Koonings The Wedding Castle in Valkenburg<\/a> ist Ihr ideales Ziel! Nur 15 Autominuten vom Zentrum Maastrichts entfernt finden Sie hier die gr\u00f6\u00dfte Kollektion an Brautkleidern in Limburg. In der bezaubernden Atmosph\u00e4re des historischen Kasteel Oost sind wir bereit, Ihr Traumkleid Wirklichkeit werden zu lassen.  <\/p>\n\n\n\r\n<div class=\"eye-element bsbutton text-center \" >\r\n\t        <a class=\"btn btn-gold\" href=\"\/afspraak-maken\"\r\n           target=\"\">Vereinbare jetzt deinen Termin<\/a>\r\n\t<\/div>\n<\/div>\r\n            <\/div>\r\n        <\/div>\r\n    <\/div>\r\n\r\n<\/div>\r\n\r\n    \r\n\r\n<div class=\"eye-element fullwidth-row alignfull style-both bg--none  alignfull \" style=\" \">\r\n\r\n    <div class=\"container\">\r\n        <div class=\"row\">\r\n            <div class=\"col-12\">\r\n                <div class=\"acf-innerblocks-container\">\n\n<div class=\"ghostkit-grid ghostkit-grid-gap-md\"><div class=\"ghostkit-grid-inner\">\n<div class=\"ghostkit-col ghostkit-col-md-12 ghostkit-col-6\"><div class=\"ghostkit-col-content is-layout-flow wp-block-ghostkit-grid-column-is-layout-flow\">\r\n<div class=\"eye-block empty-space empty-space--small pt-md-3 pb-md-3 pt-2 pb-2\" ><\/div>\n\n\n<h2 class=\"wp-block-heading\" id=\"koonings-the-wedding-castle-een-unieke-ervaring\">Koonings The Wedding Castle: ein einzigartiges Erlebnis<\/h2>\n\n\n\n<p>Koonings The Wedding Castle ist mehr als ein Brautmodengesch\u00e4ft &#8211; es ist ein einzigartiges Erlebnis. Unser Schloss im sch\u00f6nen Valkenburg bietet den perfekten Rahmen, um in aller Ruhe Brautkleider anzuprobieren und Ihren einzigartigen Stil zu entdecken. Ganz gleich, ob Sie ein <a href=\"https:\/\/www.koonings.com\/de\/braut\/hochzeitskleider\/\">klassisches Prinzessinnenkleid<\/a>, einen <a href=\"https:\/\/www.koonings.com\/de\/braut\/hochzeitskleider\/\">modernen Boho-Stil<\/a> oder etwas dazwischen suchen, wir haben das Brautkleid, das perfekt zu Ihnen passt.  <\/p>\n\n\n\n<p>Mit Tausenden von Brautkleidern bekannter Marken und exklusiven Designs ist unsere Kollektion in S\u00fcdlimburg un\u00fcbertroffen. Au\u00dferdem k\u00f6nnen Sie sich auf die fachkundige Beratung durch unser erfahrenes Team von Stylisten verlassen, das Sie mit pers\u00f6nlicher Aufmerksamkeit begleitet. <\/p>\n\n\n\r\n<div class=\"eye-element bsbutton text-start \" >\r\n\t        <a class=\"btn btn-primary\" href=\"\/moodboard-maken\/\"\r\n           target=\"\">Erstellen Sie Ihr eigenes Moodboard<\/a>\r\n\t<\/div><\/div><\/div>\n\n\n\n<div class=\"ghostkit-col ghostkit-col-md-12 ghostkit-col-6\"><div class=\"ghostkit-col-content is-layout-flow wp-block-ghostkit-grid-column-is-layout-flow\">\r\n<div class=\"eye-element images style-default variant-1 multi-image\">\r\n\r\n\t        <div class=\"composition\">\r\n\t\t\t                <div class=\"image-0\">\r\n                    <img decoding=\"async\" class=\"img-fluid\" src=\"https:\/\/www.koonings.com\/wp-content\/uploads\/2024\/07\/thumbnail_IMG_9798-225x300.jpg\" srcset=\"https:\/\/www.koonings.com\/wp-content\/uploads\/2024\/07\/thumbnail_IMG_9798-225x300.jpg 225w, https:\/\/www.koonings.com\/wp-content\/uploads\/2024\/07\/thumbnail_IMG_9798-768x1024.jpg 768w, https:\/\/www.koonings.com\/wp-content\/uploads\/2024\/07\/thumbnail_IMG_9798-1152x1536.jpg 1152w, https:\/\/www.koonings.com\/wp-content\/uploads\/2024\/07\/thumbnail_IMG_9798.jpg 1440w\" alt=\"\">\r\n                <\/div>\r\n\t\t\t\r\n            <div class=\"swiper images-swiper\">\r\n\r\n\t\t\t\t\r\n                <div class=\"swiper-wrapper\">\r\n\t\t\t\t\t                        <li class=\"swiper-slide\">\r\n                            <img decoding=\"async\" class=\" img-fluid\" src=\"https:\/\/www.koonings.com\/wp-content\/uploads\/2024\/07\/Wit-Baron-van-Mettecoven-1024x576.jpg\" srcset=\"https:\/\/www.koonings.com\/wp-content\/uploads\/2024\/07\/Wit-Baron-van-Mettecoven-scaled.jpg\" alt=\"\">\r\n                        <\/li>\r\n\t\t\t\t\t                        <li class=\"swiper-slide\">\r\n                            <img decoding=\"async\" class=\" img-fluid\" src=\"https:\/\/www.koonings.com\/wp-content\/uploads\/2024\/07\/KOO_castle_dronebeeld-1024x573.jpg\" srcset=\"https:\/\/www.koonings.com\/wp-content\/uploads\/2024\/07\/KOO_castle_dronebeeld.jpg\" alt=\"\">\r\n                        <\/li>\r\n\t\t\t\t\t                        <li class=\"swiper-slide\">\r\n                            <img decoding=\"async\" class=\" img-fluid\" src=\"https:\/\/www.koonings.com\/wp-content\/uploads\/2024\/07\/foto1WDS_0170-kopie-1024x683.jpg\" srcset=\"https:\/\/www.koonings.com\/wp-content\/uploads\/2024\/07\/foto1WDS_0170-kopie-scaled.jpg\" alt=\"\">\r\n                        <\/li>\r\n\t\t\t\t\t                <\/div>\r\n\r\n                <div class=\"swiper-pagination\"><\/div>\r\n\r\n                <div class=\"swiper-button-prev\"><\/div>\r\n                <div class=\"swiper-button-next\"><\/div>\r\n\r\n            <\/div>\r\n\r\n        <\/div>\r\n\t\r\n\t<\/div><\/div><\/div>\n<\/div><\/div>\n\n<\/div>\r\n            <\/div>\r\n        <\/div>\r\n    <\/div>\r\n\r\n<\/div>\r\n\r\n    \r\n\r\n<div class=\"eye-element fullwidth-row alignfull style-both bg--lightgray  alignfull \" style=\" \">\r\n\r\n    <div class=\"container\">\r\n        <div class=\"row\">\r\n            <div class=\"col-12\">\r\n                <div class=\"acf-innerblocks-container\">\n\n<h2 class=\"wp-block-heading\" id=\"waarom-bruiden-uit-maastricht-voor-koonings-kiezen\">Warum Br\u00e4ute aus Maastricht Koonings w\u00e4hlen<\/h2>\n\n\n\n<div class=\"ghostkit-grid ghostkit-grid-gap-md\"><div class=\"ghostkit-grid-inner\">\n<div class=\"ghostkit-col ghostkit-col-lg-12 ghostkit-col-2 is-layout-flow wp-block-ghostkit-grid-column-is-layout-flow\"><div class=\"ghostkit-col-content\"><\/div><\/div>\n\n\n\n<div class=\"ghostkit-col ghostkit-col-lg-12 ghostkit-col-8\"><div class=\"ghostkit-col-content is-layout-flow wp-block-ghostkit-grid-column-is-layout-flow\">\n<ol start=\"1\" class=\"wp-block-list\">\n<li><strong>Gr\u00f6\u00dfte Kollektion in Limburg<\/strong>: Entdecken Sie die riesige Kollektion an Brautkleidern, von zeitlos elegant bis trendy und einzigartig.<\/li>\n\n\n\n<li><strong>Historischer Veranstaltungsort<\/strong>: Probieren Sie Ihr Hochzeitskleid im romantischen Kasteel Oost in Valkenburg an und erleben Sie ein unvergessliches Erlebnis.<\/li>\n\n\n\n<li><strong>Fachkundige Beratung<\/strong>: Unsere Stylisten sind Experten darin, Ihnen dabei zu helfen, das perfekte Kleid zu finden, das zu Ihrer Pers\u00f6nlichkeit und Ihrem Stil passt.<\/li>\n\n\n\n<li><strong>Leicht zu erreichen<\/strong>: Das Brautmodengesch\u00e4ft Koonings The Wedding Castle ist nur 15 Autominuten von Maastricht entfernt und verf\u00fcgt \u00fcber ausreichend kostenlose Parkpl\u00e4tze.<\/li>\n\n\n\n<li><strong>Jahrelange Erfahrung<\/strong>: Als Teil von Koonings, bekannt f\u00fcr <em>Say Yes to the Dress<\/em> und <em>Married at First Sight<\/em>, bieten wir unvergleichliche Qualit\u00e4t und Wissen.<\/li>\n<\/ol>\n<\/div><\/div>\n\n\n\n<div class=\"ghostkit-col ghostkit-col-lg-12 ghostkit-col-2 is-layout-flow wp-block-ghostkit-grid-column-is-layout-flow\"><div class=\"ghostkit-col-content\"><\/div><\/div>\n<\/div><\/div>\n\n<\/div>\r\n            <\/div>\r\n        <\/div>\r\n    <\/div>\r\n\r\n<\/div>\r\n\r\n    \r\n\r\n<div class=\"eye-element fullwidth-row alignfull style-both bg--none  alignfull \" style=\" \">\r\n\r\n    <div class=\"container\">\r\n        <div class=\"row\">\r\n            <div class=\"col-12\">\r\n                <div class=\"acf-innerblocks-container\">\n\n<h2 class=\"wp-block-heading\" id=\"routebeschrijving-van-maastricht-naar-koonings-the-wedding-castle\">Wegbeschreibung von Maastricht nach Koonings The Wedding Castle<\/h2>\n\n\n\n<p>Das Brautmodengesch\u00e4ft Koonings The Wedding Castle ist von Maastricht aus leicht zu erreichen. Folgen Sie der A79 in Richtung Valkenburg und nehmen Sie die Ausfahrt 4 (Valkenburg). Von dort aus sind es nur ein paar Minuten Fahrt bis zum Kasteel Oost, wo Sie kostenlos parken k\u00f6nnen. Sehen Sie sich die genaue <a href=\"https:\/\/www.google.com\/maps\/dir\/\/Oosterweg+30,+6301+PX+Valkenburg\/@51.4686976,5.7638912,12z\/data=!4m8!4m7!1m0!1m5!1m1!1s0x47c09556dd064395:0x4979aaf79c0c47c4!2m2!1d5.8418127!2d50.8618943\" target=\"_blank\" rel=\"noreferrer noopener\">Route auf Google Maps<\/a> an und planen Sie Ihren Besuch noch heute.   <\/p>\n\n\n\n<div class=\"ghostkit-grid ghostkit-grid-gap-md\"><div class=\"ghostkit-grid-inner\">\n<div class=\"ghostkit-col ghostkit-col-lg-12 ghostkit-col-2 is-layout-flow wp-block-ghostkit-grid-column-is-layout-flow\"><div class=\"ghostkit-col-content\"><\/div><\/div>\n\n\n\n<div class=\"ghostkit-col ghostkit-col-lg-12 ghostkit-col-8\"><div class=\"ghostkit-col-content is-layout-flow wp-block-ghostkit-grid-column-is-layout-flow\">\n<div class=\"ghostkit-google-maps\" style=\"min-height:350px\" data-lat=\"51.259032721107396\" data-lng=\"5.7598854798944865\" data-zoom=\"8\" data-show-zoom-buttons=\"true\" data-show-map-type-buttons=\"true\" data-show-street-view-button=\"true\" data-show-fullscreen-button=\"true\" data-option-scroll-wheel=\"true\" data-option-draggable=\"true\" data-styles=\"\"><div class=\"ghostkit-google-maps-marker\" data-title=\"Koonings The Wedding Castle\" data-lat=\"50.8620043\" data-lng=\"5.841919499999999\" data-address=\"Oost, Oosterweg 36, 6301 PX Valkenburg, Nederland\"><div class=\"ghostkit-pro-google-maps-marker-info-window-text\" style=\"display:none\"><p>Kasteel Oost, Oosterweg 30, 6301 PX Valkenburg<\/p><\/div><\/div><\/div>\n<\/div><\/div>\n\n\n\n<div class=\"ghostkit-col ghostkit-col-lg-12 ghostkit-col-2 is-layout-flow wp-block-ghostkit-grid-column-is-layout-flow\"><div class=\"ghostkit-col-content\"><\/div><\/div>\n<\/div><\/div>\n\n<\/div>\r\n            <\/div>\r\n        <\/div>\r\n    <\/div>\r\n\r\n<\/div>\r\n\r\n    \r\n\r\n<div class=\"eye-element fullwidth-row alignfull style-both bg--lightgray  alignfull \" style=\" \">\r\n\r\n    <div class=\"container\">\r\n        <div class=\"row\">\r\n            <div class=\"col-12\">\r\n                <div class=\"acf-innerblocks-container\">\n\n<div class=\"ghostkit-grid ghostkit-grid-gap-md\"><div class=\"ghostkit-grid-inner\">\n<div class=\"ghostkit-col ghostkit-col-md-12 ghostkit-col-6\"><div class=\"ghostkit-col-content is-layout-flow wp-block-ghostkit-grid-column-is-layout-flow\">\n<h2 class=\"wp-block-heading\" id=\"maak-jouw-bruidsdroom-waar\">Erf\u00fcllen Sie sich Ihren Hochzeitstraum<\/h2>\n\n\n\n<p>Bei Koonings dreht sich alles um Sie und Ihre Brauttr\u00e4ume. Ob Sie aus Maastricht oder einer umliegenden Stadt kommen, wir machen Ihre Suche nach dem perfekten Brautkleid unvergesslich. Finden Sie heraus, warum sich so viele Br\u00e4ute f\u00fcr Koonings entscheiden und vereinbaren Sie noch heute einen Termin.  <\/p>\n\n\n\n<p>Neben Brautkleidern bietet Koonings auch eine umfangreiche Kollektion an <a href=\"https:\/\/www.koonings.com\/de\/braeutigam\/hochzeitsanzuege\/\">Brautmode f\u00fcr den Br\u00e4utigam<\/a>, die Trauzeugen und die <a href=\"https:\/\/www.koonings.com\/de\/hochzeitskollektion\/kinder\/\">Kinder<\/a>. Von stilvollen Anz\u00fcgen bis hin zu passenden Accessoires f\u00fcr die Herren sorgen wir daf\u00fcr, dass jeder an Ihrem gro\u00dfen Tag gut aussieht. Selbst f\u00fcr die kleinsten G\u00e4ste, wie Blumenm\u00e4dchen und Ringtr\u00e4ger, haben wir eine wunderbare Auswahl an Outfits, die perfekt zum Stil Ihrer Hochzeit passen. Bei Koonings finden Sie alles, was Sie brauchen, um Ihre gesamte Hochzeitsgesellschaft stilvoll einzukleiden.   <\/p>\n\n\n\r\n<div class=\"eye-element bsbutton text-start \" >\r\n\t        <a class=\"btn btn-primary\" href=\"\/bruid\/trouwjurken\"\r\n           target=\"\">Die Kollektion der Brautkleider ansehen<\/a>\r\n\t<\/div><\/div><\/div>\n\n\n\n<div class=\"ghostkit-col ghostkit-col-md-12 ghostkit-col-6\"><div class=\"ghostkit-col-content is-layout-flow wp-block-ghostkit-grid-column-is-layout-flow\">\r\n<div class=\"eye-element images style-default variant-1 multi-image\">\r\n\r\n\t        <div class=\"composition\">\r\n\t\t\t                <div class=\"image-0\">\r\n                    <img decoding=\"async\" class=\"img-fluid\" src=\"https:\/\/www.koonings.com\/wp-content\/uploads\/2024\/08\/koonings-trouwpak-wilvorst-green-wedding-trouwkostuum-gw-look2-a-212x300.jpg\" srcset=\"https:\/\/www.koonings.com\/wp-content\/uploads\/2024\/08\/koonings-trouwpak-wilvorst-green-wedding-trouwkostuum-gw-look2-a-212x300.jpg 212w, https:\/\/www.koonings.com\/wp-content\/uploads\/2024\/08\/koonings-trouwpak-wilvorst-green-wedding-trouwkostuum-gw-look2-a.jpg 679w\" alt=\"\">\r\n                <\/div>\r\n\t\t\t\r\n            <div class=\"swiper images-swiper\">\r\n\r\n\t\t\t\t\r\n                <div class=\"swiper-wrapper\">\r\n\t\t\t\t\t                        <li class=\"swiper-slide\">\r\n                            <img decoding=\"async\" class=\" img-fluid\" src=\"https:\/\/www.koonings.com\/wp-content\/uploads\/2024\/07\/herenpakken-1024x671.png\" srcset=\"https:\/\/www.koonings.com\/wp-content\/uploads\/2024\/07\/herenpakken.png\" alt=\"Koonings herenpakken\">\r\n                        <\/li>\r\n\t\t\t\t\t                <\/div>\r\n\r\n                <div class=\"swiper-pagination\"><\/div>\r\n\r\n                <div class=\"swiper-button-prev\"><\/div>\r\n                <div class=\"swiper-button-next\"><\/div>\r\n\r\n            <\/div>\r\n\r\n        <\/div>\r\n\t\r\n\t<\/div><\/div><\/div>\n<\/div><\/div>\n\n<\/div>\r\n            <\/div>\r\n        <\/div>\r\n    <\/div>\r\n\r\n<\/div>\r\n\r\n    \r\n\r\n<div class=\"eye-element fullwidth-row alignfull style-both bg--none  alignfull \" style=\" \">\r\n\r\n    <div class=\"container\">\r\n        <div class=\"row\">\r\n            <div class=\"col-12\">\r\n                <div class=\"acf-innerblocks-container\">\n\n<h2 class=\"wp-block-heading has-text-align-center\" id=\"plan-jouw-pasafspraak\">Planen Sie Ihren Anpassungstermin<\/h2>\n\n\n\n<p class=\"has-text-align-center\">Warten Sie nicht l\u00e4nger! Vereinbaren Sie einen Termin bei Koonings The Wedding Castle und erleben Sie selbst, warum wir die beste Wahl f\u00fcr <a href=\"https:\/\/www.koonings.com\/inspiratie\/bruidsmode-in-zuid-limburg\/\">Brautmode in S\u00fcdlimburg<\/a> sind. Wir freuen uns darauf, Sie an Ihrem gro\u00dfen Tag zum Strahlen zu bringen!  <\/p>\n\n\n\r\n<div class=\"eye-element bsbutton text-center \" >\r\n\t        <a class=\"btn btn-gold\" href=\"\/afspraak-maken\"\r\n           target=\"\">Vereinbare jetzt deinen Termin<\/a>\r\n\t<\/div>\n<\/div>\r\n            <\/div>\r\n        <\/div>\r\n    <\/div>\r\n\r\n<\/div>\r\n\r\n    ","protected":false},"excerpt":{"rendered":"","protected":false},"author":2,"featured_media":0,"parent":16091,"menu_order":0,"comment_status":"closed","ping_status":"closed","template":"","meta":{"_acf_changed":false,"ghostkit_customizer_options":"","ghostkit_custom_css":"","ghostkit_custom_js_head":"","ghostkit_custom_js_foot":"","ghostkit_typography":"","footnotes":""},"class_list":["post-98526","page","type-page","status-publish","hentry"],"acf":[],"yoast_head":"<!-- This site is optimized with the Yoast SEO plugin v27.3 - https:\/\/yoast.com\/product\/yoast-seo-wordpress\/ -->\n<title>Brautmode in Maastricht | Koonings<\/title>\n<meta name=\"description\" content=\"Suchen Sie nach Brautmode in Maastricht? Nur 15 Autominuten von Maastricht entfernt finden Sie die gr\u00f6\u00dfte Kollektion an Brautkleidern in Limburg.\" \/>\n<meta name=\"robots\" content=\"index, follow, max-snippet:-1, max-image-preview:large, max-video-preview:-1\" \/>\n<link rel=\"canonical\" href=\"https:\/\/www.koonings.com\/de\/inspiration\/brautmode-in-maastricht\/\" \/>\n<meta property=\"og:locale\" content=\"de_DE\" \/>\n<meta property=\"og:type\" content=\"article\" \/>\n<meta property=\"og:title\" content=\"Brautmode in Maastricht | Koonings\" \/>\n<meta property=\"og:description\" content=\"Suchen Sie nach Brautmode in Maastricht? Nur 15 Autominuten von Maastricht entfernt finden Sie die gr\u00f6\u00dfte Kollektion an Brautkleidern in Limburg.\" \/>\n<meta property=\"og:url\" content=\"https:\/\/www.koonings.com\/de\/inspiration\/brautmode-in-maastricht\/\" \/>\n<meta property=\"og:site_name\" content=\"Koonings\" \/>\n<meta property=\"article:publisher\" content=\"https:\/\/www.facebook.com\/kooningstheweddingpalace\" \/>\n<meta property=\"article:modified_time\" content=\"2025-09-29T10:06:27+00:00\" \/>\n<meta property=\"og:image\" content=\"https:\/\/www.koonings.com\/wp-content\/uploads\/2024\/06\/palace-hero-screenshot-1024x575.png\" \/>\n\t<meta property=\"og:image:width\" content=\"1024\" \/>\n\t<meta property=\"og:image:height\" content=\"575\" \/>\n\t<meta property=\"og:image:type\" content=\"image\/png\" \/>\n<meta name=\"twitter:card\" content=\"summary_large_image\" \/>\n<meta name=\"twitter:label1\" content=\"Gesch\u00e4tzte Lesezeit\" \/>\n\t<meta name=\"twitter:data1\" content=\"3\u00a0Minuten\" \/>\n<script type=\"application\/ld+json\" class=\"yoast-schema-graph\">{\"@context\":\"https:\\\/\\\/schema.org\",\"@graph\":[{\"@type\":\"WebPage\",\"@id\":\"https:\\\/\\\/www.koonings.com\\\/de\\\/inspiration\\\/brautmode-in-maastricht\\\/\",\"url\":\"https:\\\/\\\/www.koonings.com\\\/de\\\/inspiration\\\/brautmode-in-maastricht\\\/\",\"name\":\"Brautmode in Maastricht | Koonings\",\"isPartOf\":{\"@id\":\"https:\\\/\\\/www.koonings.com\\\/de\\\/#website\"},\"datePublished\":\"2025-01-10T12:36:17+00:00\",\"dateModified\":\"2025-09-29T10:06:27+00:00\",\"description\":\"Suchen Sie nach Brautmode in Maastricht? Nur 15 Autominuten von Maastricht entfernt finden Sie die gr\u00f6\u00dfte Kollektion an Brautkleidern in Limburg.\",\"breadcrumb\":{\"@id\":\"https:\\\/\\\/www.koonings.com\\\/de\\\/inspiration\\\/brautmode-in-maastricht\\\/#breadcrumb\"},\"inLanguage\":\"de\",\"potentialAction\":[{\"@type\":\"ReadAction\",\"target\":[\"https:\\\/\\\/www.koonings.com\\\/de\\\/inspiration\\\/brautmode-in-maastricht\\\/\"]}]},{\"@type\":\"BreadcrumbList\",\"@id\":\"https:\\\/\\\/www.koonings.com\\\/de\\\/inspiration\\\/brautmode-in-maastricht\\\/#breadcrumb\",\"itemListElement\":[{\"@type\":\"ListItem\",\"position\":1,\"name\":\"Home\",\"item\":\"https:\\\/\\\/www.koonings.com\\\/de\\\/\"},{\"@type\":\"ListItem\",\"position\":2,\"name\":\"Inspiration\",\"item\":\"https:\\\/\\\/www.koonings.com\\\/de\\\/inspiration\\\/\"},{\"@type\":\"ListItem\",\"position\":3,\"name\":\"Brautmode in Maastricht\"}]},{\"@type\":\"WebSite\",\"@id\":\"https:\\\/\\\/www.koonings.com\\\/de\\\/#website\",\"url\":\"https:\\\/\\\/www.koonings.com\\\/de\\\/\",\"name\":\"Koonings\",\"description\":\"De grootste bruidsmodewinkel ter wereld\",\"publisher\":{\"@id\":\"https:\\\/\\\/www.koonings.com\\\/de\\\/#organization\"},\"potentialAction\":[{\"@type\":\"SearchAction\",\"target\":{\"@type\":\"EntryPoint\",\"urlTemplate\":\"https:\\\/\\\/www.koonings.com\\\/de\\\/?s={search_term_string}\"},\"query-input\":{\"@type\":\"PropertyValueSpecification\",\"valueRequired\":true,\"valueName\":\"search_term_string\"}}],\"inLanguage\":\"de\"},{\"@type\":\"Organization\",\"@id\":\"https:\\\/\\\/www.koonings.com\\\/de\\\/#organization\",\"name\":\"Koonings\",\"url\":\"https:\\\/\\\/www.koonings.com\\\/de\\\/\",\"logo\":{\"@type\":\"ImageObject\",\"inLanguage\":\"de\",\"@id\":\"https:\\\/\\\/www.koonings.com\\\/de\\\/#\\\/schema\\\/logo\\\/image\\\/\",\"url\":\"https:\\\/\\\/www.koonings.com\\\/wp-content\\\/uploads\\\/2024\\\/07\\\/logo.png\",\"contentUrl\":\"https:\\\/\\\/www.koonings.com\\\/wp-content\\\/uploads\\\/2024\\\/07\\\/logo.png\",\"width\":600,\"height\":428,\"caption\":\"Koonings\"},\"image\":{\"@id\":\"https:\\\/\\\/www.koonings.com\\\/de\\\/#\\\/schema\\\/logo\\\/image\\\/\"},\"sameAs\":[\"https:\\\/\\\/www.facebook.com\\\/kooningstheweddingpalace\",\"https:\\\/\\\/www.instagram.com\\\/kooningstheweddingpalace\",\"https:\\\/\\\/www.pinterest.com\\\/koonings\",\"https:\\\/\\\/www.youtube.com\\\/kooningstheweddingpalace\"]}]}<\/script>\n<!-- \/ Yoast SEO plugin. -->","yoast_head_json":{"title":"Brautmode in Maastricht | Koonings","description":"Suchen Sie nach Brautmode in Maastricht? Nur 15 Autominuten von Maastricht entfernt finden Sie die gr\u00f6\u00dfte Kollektion an Brautkleidern in Limburg.","robots":{"index":"index","follow":"follow","max-snippet":"max-snippet:-1","max-image-preview":"max-image-preview:large","max-video-preview":"max-video-preview:-1"},"canonical":"https:\/\/www.koonings.com\/de\/inspiration\/brautmode-in-maastricht\/","og_locale":"de_DE","og_type":"article","og_title":"Brautmode in Maastricht | Koonings","og_description":"Suchen Sie nach Brautmode in Maastricht? Nur 15 Autominuten von Maastricht entfernt finden Sie die gr\u00f6\u00dfte Kollektion an Brautkleidern in Limburg.","og_url":"https:\/\/www.koonings.com\/de\/inspiration\/brautmode-in-maastricht\/","og_site_name":"Koonings","article_publisher":"https:\/\/www.facebook.com\/kooningstheweddingpalace","article_modified_time":"2025-09-29T10:06:27+00:00","og_image":[{"width":1024,"height":575,"url":"https:\/\/www.koonings.com\/wp-content\/uploads\/2024\/06\/palace-hero-screenshot-1024x575.png","type":"image\/png"}],"twitter_card":"summary_large_image","twitter_misc":{"Gesch\u00e4tzte Lesezeit":"3\u00a0Minuten"},"schema":{"@context":"https:\/\/schema.org","@graph":[{"@type":"WebPage","@id":"https:\/\/www.koonings.com\/de\/inspiration\/brautmode-in-maastricht\/","url":"https:\/\/www.koonings.com\/de\/inspiration\/brautmode-in-maastricht\/","name":"Brautmode in Maastricht | Koonings","isPartOf":{"@id":"https:\/\/www.koonings.com\/de\/#website"},"datePublished":"2025-01-10T12:36:17+00:00","dateModified":"2025-09-29T10:06:27+00:00","description":"Suchen Sie nach Brautmode in Maastricht? Nur 15 Autominuten von Maastricht entfernt finden Sie die gr\u00f6\u00dfte Kollektion an Brautkleidern in Limburg.","breadcrumb":{"@id":"https:\/\/www.koonings.com\/de\/inspiration\/brautmode-in-maastricht\/#breadcrumb"},"inLanguage":"de","potentialAction":[{"@type":"ReadAction","target":["https:\/\/www.koonings.com\/de\/inspiration\/brautmode-in-maastricht\/"]}]},{"@type":"BreadcrumbList","@id":"https:\/\/www.koonings.com\/de\/inspiration\/brautmode-in-maastricht\/#breadcrumb","itemListElement":[{"@type":"ListItem","position":1,"name":"Home","item":"https:\/\/www.koonings.com\/de\/"},{"@type":"ListItem","position":2,"name":"Inspiration","item":"https:\/\/www.koonings.com\/de\/inspiration\/"},{"@type":"ListItem","position":3,"name":"Brautmode in Maastricht"}]},{"@type":"WebSite","@id":"https:\/\/www.koonings.com\/de\/#website","url":"https:\/\/www.koonings.com\/de\/","name":"Koonings","description":"De grootste bruidsmodewinkel ter wereld","publisher":{"@id":"https:\/\/www.koonings.com\/de\/#organization"},"potentialAction":[{"@type":"SearchAction","target":{"@type":"EntryPoint","urlTemplate":"https:\/\/www.koonings.com\/de\/?s={search_term_string}"},"query-input":{"@type":"PropertyValueSpecification","valueRequired":true,"valueName":"search_term_string"}}],"inLanguage":"de"},{"@type":"Organization","@id":"https:\/\/www.koonings.com\/de\/#organization","name":"Koonings","url":"https:\/\/www.koonings.com\/de\/","logo":{"@type":"ImageObject","inLanguage":"de","@id":"https:\/\/www.koonings.com\/de\/#\/schema\/logo\/image\/","url":"https:\/\/www.koonings.com\/wp-content\/uploads\/2024\/07\/logo.png","contentUrl":"https:\/\/www.koonings.com\/wp-content\/uploads\/2024\/07\/logo.png","width":600,"height":428,"caption":"Koonings"},"image":{"@id":"https:\/\/www.koonings.com\/de\/#\/schema\/logo\/image\/"},"sameAs":["https:\/\/www.facebook.com\/kooningstheweddingpalace","https:\/\/www.instagram.com\/kooningstheweddingpalace","https:\/\/www.pinterest.com\/koonings","https:\/\/www.youtube.com\/kooningstheweddingpalace"]}]}},"_links":{"self":[{"href":"https:\/\/www.koonings.com\/de\/wp-json\/wp\/v2\/pages\/98526","targetHints":{"allow":["GET"]}}],"collection":[{"href":"https:\/\/www.koonings.com\/de\/wp-json\/wp\/v2\/pages"}],"about":[{"href":"https:\/\/www.koonings.com\/de\/wp-json\/wp\/v2\/types\/page"}],"author":[{"embeddable":true,"href":"https:\/\/www.koonings.com\/de\/wp-json\/wp\/v2\/users\/2"}],"replies":[{"embeddable":true,"href":"https:\/\/www.koonings.com\/de\/wp-json\/wp\/v2\/comments?post=98526"}],"version-history":[{"count":1,"href":"https:\/\/www.koonings.com\/de\/wp-json\/wp\/v2\/pages\/98526\/revisions"}],"predecessor-version":[{"id":98527,"href":"https:\/\/www.koonings.com\/de\/wp-json\/wp\/v2\/pages\/98526\/revisions\/98527"}],"up":[{"embeddable":true,"href":"https:\/\/www.koonings.com\/de\/wp-json\/wp\/v2\/pages\/16091"}],"wp:attachment":[{"href":"https:\/\/www.koonings.com\/de\/wp-json\/wp\/v2\/media?parent=98526"}],"curies":[{"name":"wp","href":"https:\/\/api.w.org\/{rel}","templated":true}]}}