{"id":98498,"date":"2025-02-18T14:08:29","date_gmt":"2025-02-18T13:08:29","guid":{"rendered":"https:\/\/www.koonings.com\/inspiration\/brautmode-echt\/"},"modified":"2025-09-29T12:03:21","modified_gmt":"2025-09-29T10:03:21","slug":"brautmode-echt","status":"publish","type":"page","link":"https:\/\/www.koonings.com\/de\/inspiration\/brautmode-echt\/","title":{"rendered":"Brautmode Echt"},"content":{"rendered":"\r\n\r\n<div class=\"eye-element fullwidth-row alignfull style-both bg--none  alignfull \" style=\" \">\r\n\r\n    <div class=\"container\">\r\n        <div class=\"row\">\r\n            <div class=\"col-12\">\r\n                <div class=\"acf-innerblocks-container\">\n\n<h1 class=\"wp-block-heading has-text-align-center\" id=\"bruidsmodewinkel-bij-echt\">Brautmodengesch\u00e4ft in der N\u00e4he von Echt<\/h1>\n\n\n\n<p class=\"has-text-align-center\">Wenn Sie auf der Suche nach Brautmode in der N\u00e4he von Echt sind, dann ist <a href=\"https:\/\/www.koonings.com\/de\/valkenburg\/\">Koonings The Wedding Castle in Valkenburg<\/a> die richtige Adresse f\u00fcr Sie! Nur 25 Autominuten entfernt finden Sie die gr\u00f6\u00dfte und exklusivste Kollektion an Brautkleidern in Limburg. In der wundersch\u00f6nen Umgebung von Kasteel Oost wird Ihre Suche nach dem perfekten Kleid zu einem unvergesslichen Erlebnis.   <\/p>\n\n\n\r\n<div class=\"eye-element bsbutton text-center \" >\r\n\t        <a class=\"btn btn-gold\" href=\"\/afspraak-maken\"\r\n           target=\"\">Vereinbare jetzt deinen Termin<\/a>\r\n\t<\/div>\n<\/div>\r\n            <\/div>\r\n        <\/div>\r\n    <\/div>\r\n\r\n<\/div>\r\n\r\n    \r\n\r\n<div class=\"eye-element fullwidth-row alignfull style-both bg--none  alignfull \" style=\" \">\r\n\r\n    <div class=\"container\">\r\n        <div class=\"row\">\r\n            <div class=\"col-12\">\r\n                <div class=\"acf-innerblocks-container\">\n\n<div class=\"ghostkit-grid ghostkit-grid-gap-md\"><div class=\"ghostkit-grid-inner\">\n<div class=\"ghostkit-col ghostkit-col-md-12 ghostkit-col-6\"><div class=\"ghostkit-col-content is-layout-flow wp-block-ghostkit-grid-column-is-layout-flow\">\r\n<div class=\"eye-block empty-space empty-space--small pt-md-3 pb-md-3 pt-2 pb-2\" ><\/div>\n\n\n<h2 class=\"wp-block-heading\" id=\"mooiste-collectie-trouwjurken-nabij-echt\">Die sch\u00f6nste Kollektion an Brautkleidern in der N\u00e4he von Echt<\/h2>\n\n\n\n<p>Bei Koonings dreht sich alles darum, Ihre Hochzeitstr\u00e4ume wahr werden zu lassen. Unser attraktiver Standort in Kasteel Oost bietet einen einzigartigen Rahmen, in dem Sie anprobieren und herausfinden k\u00f6nnen, welches Hochzeitskleid am besten zu Ihnen passt. Ob Sie sich f\u00fcr einen klassischen Look, einen modernen Stil oder ein verspieltes Boh\u00e8me-Kleid entscheiden, wir haben das perfekte Kleid f\u00fcr Sie.  <\/p>\n\n\n\n<p>Mit Tausenden von Kleidern von Topmarken und exklusiven Kollektionen haben Sie garantiert eine gro\u00dfe Auswahl. Unser erfahrenes Team von Stylisten wird Sie mit pers\u00f6nlicher Aufmerksamkeit und Expertise beraten, damit Sie an Ihrem gro\u00dfen Tag strahlend aussehen. <\/p>\n\n\n\r\n<div class=\"eye-element bsbutton text-start \" >\r\n\t        <a class=\"btn btn-primary\" href=\"\/moodboard-maken\/\"\r\n           target=\"\">Erstellen Sie Ihr eigenes Moodboard<\/a>\r\n\t<\/div><\/div><\/div>\n\n\n\n<div class=\"ghostkit-col ghostkit-col-md-12 ghostkit-col-6\"><div class=\"ghostkit-col-content is-layout-flow wp-block-ghostkit-grid-column-is-layout-flow\">\r\n<div class=\"eye-element images style-default variant-1 multi-image\">\r\n\r\n\t        <div class=\"composition\">\r\n\t\t\t                <div class=\"image-0\">\r\n                    <img decoding=\"async\" class=\"img-fluid\" src=\"https:\/\/www.koonings.com\/wp-content\/uploads\/2024\/07\/thumbnail_IMG_9798-225x300.jpg\" srcset=\"https:\/\/www.koonings.com\/wp-content\/uploads\/2024\/07\/thumbnail_IMG_9798-225x300.jpg 225w, https:\/\/www.koonings.com\/wp-content\/uploads\/2024\/07\/thumbnail_IMG_9798-768x1024.jpg 768w, https:\/\/www.koonings.com\/wp-content\/uploads\/2024\/07\/thumbnail_IMG_9798-1152x1536.jpg 1152w, https:\/\/www.koonings.com\/wp-content\/uploads\/2024\/07\/thumbnail_IMG_9798.jpg 1440w\" alt=\"\">\r\n                <\/div>\r\n\t\t\t\r\n            <div class=\"swiper images-swiper\">\r\n\r\n\t\t\t\t\r\n                <div class=\"swiper-wrapper\">\r\n\t\t\t\t\t                        <li class=\"swiper-slide\">\r\n                            <img decoding=\"async\" class=\" img-fluid\" src=\"https:\/\/www.koonings.com\/wp-content\/uploads\/2024\/07\/Wit-Baron-van-Mettecoven-1024x576.jpg\" srcset=\"https:\/\/www.koonings.com\/wp-content\/uploads\/2024\/07\/Wit-Baron-van-Mettecoven-scaled.jpg\" alt=\"\">\r\n                        <\/li>\r\n\t\t\t\t\t                        <li class=\"swiper-slide\">\r\n                            <img decoding=\"async\" class=\" img-fluid\" src=\"https:\/\/www.koonings.com\/wp-content\/uploads\/2024\/07\/KOO_castle_dronebeeld-1024x573.jpg\" srcset=\"https:\/\/www.koonings.com\/wp-content\/uploads\/2024\/07\/KOO_castle_dronebeeld.jpg\" alt=\"\">\r\n                        <\/li>\r\n\t\t\t\t\t                        <li class=\"swiper-slide\">\r\n                            <img decoding=\"async\" class=\" img-fluid\" src=\"https:\/\/www.koonings.com\/wp-content\/uploads\/2024\/07\/foto1WDS_0170-kopie-1024x683.jpg\" srcset=\"https:\/\/www.koonings.com\/wp-content\/uploads\/2024\/07\/foto1WDS_0170-kopie-scaled.jpg\" alt=\"\">\r\n                        <\/li>\r\n\t\t\t\t\t                <\/div>\r\n\r\n                <div class=\"swiper-pagination\"><\/div>\r\n\r\n                <div class=\"swiper-button-prev\"><\/div>\r\n                <div class=\"swiper-button-next\"><\/div>\r\n\r\n            <\/div>\r\n\r\n        <\/div>\r\n\t\r\n\t<\/div><\/div><\/div>\n<\/div><\/div>\n\n<\/div>\r\n            <\/div>\r\n        <\/div>\r\n    <\/div>\r\n\r\n<\/div>\r\n\r\n    \r\n\r\n<div class=\"eye-element fullwidth-row alignfull style-both bg--lightgray  alignfull \" style=\" \">\r\n\r\n    <div class=\"container\">\r\n        <div class=\"row\">\r\n            <div class=\"col-12\">\r\n                <div class=\"acf-innerblocks-container\">\n\n<h2 class=\"wp-block-heading\" id=\"waarom-bruiden-uit-echt-naar-koonings-komen\">Warum Br\u00e4ute aus Echt zu Koonings kommen<\/h2>\n\n\n\n<div class=\"ghostkit-grid ghostkit-grid-gap-md\"><div class=\"ghostkit-grid-inner\">\n<div class=\"ghostkit-col ghostkit-col-lg-12 ghostkit-col-2 is-layout-flow wp-block-ghostkit-grid-column-is-layout-flow\"><div class=\"ghostkit-col-content\"><\/div><\/div>\n\n\n\n<div class=\"ghostkit-col ghostkit-col-lg-12 ghostkit-col-8\"><div class=\"ghostkit-col-content is-layout-flow wp-block-ghostkit-grid-column-is-layout-flow\">\n<ol start=\"1\" class=\"wp-block-list\">\n<li><strong>Gr\u00f6\u00dfte Kollektion an Brautmode in Limburg<\/strong> &#8211; Von klassisch bis modern, wir haben das passende Kleid f\u00fcr Sie.<\/li>\n\n\n\n<li><strong>Bezaubernde Lage<\/strong> &#8211; Das wundersch\u00f6ne Ambiente von Castle East macht Ihren Einweihungsmoment zu etwas ganz Besonderem.<\/li>\n\n\n\n<li><strong>Pers\u00f6nliche Beratung<\/strong> &#8211; Unsere Stylisten helfen Ihnen bei jedem Schritt, das perfekte Kleid zu finden.<\/li>\n\n\n\n<li><strong>Leicht zu erreichen<\/strong> &#8211; Nur 25 Autominuten von Echt entfernt mit ausreichend Parkm\u00f6glichkeiten.<\/li>\n\n\n\n<li><strong>Bekannt aus dem Fernsehen<\/strong> &#8211; Koonings ist ber\u00fchmt f\u00fcr <em>Say Yes to the Dress<\/em> und <em>Married at First Sight<\/em>.<\/li>\n<\/ol>\n<\/div><\/div>\n\n\n\n<div class=\"ghostkit-col ghostkit-col-lg-12 ghostkit-col-2 is-layout-flow wp-block-ghostkit-grid-column-is-layout-flow\"><div class=\"ghostkit-col-content\"><\/div><\/div>\n<\/div><\/div>\n\n<\/div>\r\n            <\/div>\r\n        <\/div>\r\n    <\/div>\r\n\r\n<\/div>\r\n\r\n    \r\n\r\n<div class=\"eye-element fullwidth-row alignfull style-both bg--none  alignfull \" style=\" \">\r\n\r\n    <div class=\"container\">\r\n        <div class=\"row\">\r\n            <div class=\"col-12\">\r\n                <div class=\"acf-innerblocks-container\">\n\n<h2 class=\"wp-block-heading\" id=\"routebeschrijving-van-echt-naar-koonings-the-wedding-castle\">Anfahrtsbeschreibung von Echt nach Koonings The Wedding Castle<\/h2>\n\n\n\n<p>Von Echt aus fahren Sie bequem \u00fcber die Autobahnen A2 und A79 nach Valkenburg. Nehmen Sie die Ausfahrt 4 und folgen Sie der Beschilderung nach Kasteel Oost. An unserem Standort gibt es ausreichend kostenlose Parkpl\u00e4tze. Sehen Sie sich die genaue Route \u00fcber <a href=\"https:\/\/www.google.com\/maps\/dir\/\/Oosterweg+30,+6301+PX+Valkenburg\/@51.4686976,5.7638912,12z\/data=!4m8!4m7!1m0!1m5!1m1!1s0x47c09556dd064395:0x4979aaf79c0c47c4!2m2!1d5.8418127!2d50.8618943\" target=\"_blank\" rel=\"noreferrer noopener\">Google Maps<\/a> an und planen Sie Ihren Besuch.   <\/p>\n\n\n\n<div class=\"ghostkit-grid ghostkit-grid-gap-md\"><div class=\"ghostkit-grid-inner\">\n<div class=\"ghostkit-col ghostkit-col-lg-12 ghostkit-col-2 is-layout-flow wp-block-ghostkit-grid-column-is-layout-flow\"><div class=\"ghostkit-col-content\"><\/div><\/div>\n\n\n\n<div class=\"ghostkit-col ghostkit-col-lg-12 ghostkit-col-8\"><div class=\"ghostkit-col-content is-layout-flow wp-block-ghostkit-grid-column-is-layout-flow\">\n<div class=\"ghostkit-google-maps\" style=\"min-height:350px\" data-lat=\"51.259032721107396\" data-lng=\"5.7598854798944865\" data-zoom=\"8\" data-show-zoom-buttons=\"true\" data-show-map-type-buttons=\"true\" data-show-street-view-button=\"true\" data-show-fullscreen-button=\"true\" data-option-scroll-wheel=\"true\" data-option-draggable=\"true\" data-styles=\"\"><div class=\"ghostkit-google-maps-marker\" data-title=\"Koonings The Wedding Castle\" data-lat=\"50.8620043\" data-lng=\"5.841919499999999\" data-address=\"Oost, Oosterweg 36, 6301 PX Valkenburg, Nederland\"><div class=\"ghostkit-pro-google-maps-marker-info-window-text\" style=\"display:none\"><p>Kasteel Oost, Oosterweg 30, 6301 PX Valkenburg<\/p><\/div><\/div><\/div>\n<\/div><\/div>\n\n\n\n<div class=\"ghostkit-col ghostkit-col-lg-12 ghostkit-col-2 is-layout-flow wp-block-ghostkit-grid-column-is-layout-flow\"><div class=\"ghostkit-col-content\"><\/div><\/div>\n<\/div><\/div>\n\n<\/div>\r\n            <\/div>\r\n        <\/div>\r\n    <\/div>\r\n\r\n<\/div>\r\n\r\n    \r\n\r\n<div class=\"eye-element fullwidth-row alignfull style-both bg--lightgray  alignfull \" style=\" \">\r\n\r\n    <div class=\"container\">\r\n        <div class=\"row\">\r\n            <div class=\"col-12\">\r\n                <div class=\"acf-innerblocks-container\">\n\n<div class=\"ghostkit-grid ghostkit-grid-gap-md\"><div class=\"ghostkit-grid-inner\">\n<div class=\"ghostkit-col ghostkit-col-md-12 ghostkit-col-6\"><div class=\"ghostkit-col-content is-layout-flow wp-block-ghostkit-grid-column-is-layout-flow\">\n<h2 class=\"wp-block-heading\" id=\"bruidsmode-in-zuid-limburg\">Brautmode in S\u00fcdlimburg<\/h2>\n\n\n\n<p>Tr\u00e4umen Sie von dem perfekten Hochzeitskleid f\u00fcr Ihren gro\u00dfen Tag? Dann schauen Sie bei Koonings Brautmode vorbei und lassen Sie sich von der gr\u00f6\u00dften Kollektion an <a href=\"https:\/\/www.koonings.com\/inspiratie\/bruidsmode-in-zuid-limburg\/\">Brautmode in Limburg<\/a> verzaubern. Ob Sie nun aus <a href=\"https:\/\/www.koonings.com\/inspiratie\/bruidswinkel-roermond\/\">Roermond<\/a>, <a href=\"https:\/\/www.koonings.com\/inspiratie\/bruidswinkel-heerlen\/\">Heerlen<\/a> oder Valkenburg selbst kommen. Vereinbaren Sie noch heute einen Termin und finden Sie das Hochzeitskleid Ihrer Tr\u00e4ume!   <\/p>\n\n\n\r\n<div class=\"eye-element bsbutton text-start \" >\r\n\t        <a class=\"btn btn-primary\" href=\"\/bruid\/trouwjurken\"\r\n           target=\"\">Die Kollektion der Brautkleider ansehen<\/a>\r\n\t<\/div>\n\n\r\n<div class=\"eye-block empty-space empty-space--small pt-md-3 pb-md-3 pt-2 pb-2\" ><\/div>\n\n\n<h2 class=\"wp-block-heading\" id=\"bruidsmode-voor-de-hele-bruiloftsgroep\">Brautmode f\u00fcr die ganze Hochzeitsgesellschaft<\/h2>\n\n\n\n<p>Sind Sie auf der Suche nach Brautmode f\u00fcr den Br\u00e4utigam, die Trauzeugen und die Kinder in der N\u00e4he von Echt? Neben einer umfangreichen Kollektion an Brautkleidern finden Sie bei Koonings auch Brautmode f\u00fcr die gesamte Hochzeitsgesellschaft. Ob Sie nun einen schicken Anzug f\u00fcr den Br\u00e4utigam oder ein s\u00fc\u00dfes Outfit f\u00fcr die Blumenm\u00e4dchen suchen, wir haben alles. So wird Ihre Hochzeit bis ins kleinste Detail perfekt gestylt sein.   <\/p>\n<\/div><\/div>\n\n\n\n<div class=\"ghostkit-col ghostkit-col-md-12 ghostkit-col-6\"><div class=\"ghostkit-col-content is-layout-flow wp-block-ghostkit-grid-column-is-layout-flow\">\r\n<div class=\"eye-element images style-default variant-1 multi-image\">\r\n\r\n\t        <div class=\"composition\">\r\n\t\t\t                <div class=\"image-0\">\r\n                    <img decoding=\"async\" class=\"img-fluid\" src=\"https:\/\/www.koonings.com\/wp-content\/uploads\/2024\/08\/koonings-trouwpak-wilvorst-green-wedding-trouwkostuum-gw-look2-a-212x300.jpg\" srcset=\"https:\/\/www.koonings.com\/wp-content\/uploads\/2024\/08\/koonings-trouwpak-wilvorst-green-wedding-trouwkostuum-gw-look2-a-212x300.jpg 212w, https:\/\/www.koonings.com\/wp-content\/uploads\/2024\/08\/koonings-trouwpak-wilvorst-green-wedding-trouwkostuum-gw-look2-a.jpg 679w\" alt=\"\">\r\n                <\/div>\r\n\t\t\t\r\n            <div class=\"swiper images-swiper\">\r\n\r\n\t\t\t\t\r\n                <div class=\"swiper-wrapper\">\r\n\t\t\t\t\t                        <li class=\"swiper-slide\">\r\n                            <img decoding=\"async\" class=\" img-fluid\" src=\"https:\/\/www.koonings.com\/wp-content\/uploads\/2024\/07\/herenpakken-1024x671.png\" srcset=\"https:\/\/www.koonings.com\/wp-content\/uploads\/2024\/07\/herenpakken.png\" alt=\"Koonings herenpakken\">\r\n                        <\/li>\r\n\t\t\t\t\t                <\/div>\r\n\r\n                <div class=\"swiper-pagination\"><\/div>\r\n\r\n                <div class=\"swiper-button-prev\"><\/div>\r\n                <div class=\"swiper-button-next\"><\/div>\r\n\r\n            <\/div>\r\n\r\n        <\/div>\r\n\t\r\n\t<\/div><\/div><\/div>\n<\/div><\/div>\n\n<\/div>\r\n            <\/div>\r\n        <\/div>\r\n    <\/div>\r\n\r\n<\/div>\r\n\r\n    \r\n\r\n<div class=\"eye-element fullwidth-row alignfull style-both bg--none  alignfull \" style=\" \">\r\n\r\n    <div class=\"container\">\r\n        <div class=\"row\">\r\n            <div class=\"col-12\">\r\n                <div class=\"acf-innerblocks-container\">\n\n<h2 class=\"wp-block-heading has-text-align-center\" id=\"maak-een-afspraak-en-vind-jouw-droomjurk\">Vereinbaren Sie einen Termin und finden Sie Ihr Traumkleid<\/h2>\n\n\n\n<p class=\"has-text-align-center\">Sind Sie bereit, das Hochzeitskleid Ihrer Tr\u00e4ume zu finden? Besuchen Sie Koonings The Wedding Castle und finden Sie heraus, warum sich so viele Br\u00e4ute aus Echt und Umgebung f\u00fcr uns entscheiden. Vereinbaren Sie noch heute einen Termin und erleben Sie den Zauber von Koonings!  <\/p>\n\n\n\r\n<div class=\"eye-element bsbutton text-center \" >\r\n\t        <a class=\"btn btn-gold\" href=\"\/afspraak-maken\"\r\n           target=\"\">Vereinbare jetzt deinen Termin<\/a>\r\n\t<\/div>\n<\/div>\r\n            <\/div>\r\n        <\/div>\r\n    <\/div>\r\n\r\n<\/div>\r\n\r\n    ","protected":false},"excerpt":{"rendered":"","protected":false},"author":2,"featured_media":0,"parent":16091,"menu_order":0,"comment_status":"closed","ping_status":"closed","template":"","meta":{"_acf_changed":false,"ghostkit_customizer_options":"","ghostkit_custom_css":"","ghostkit_custom_js_head":"","ghostkit_custom_js_foot":"","ghostkit_typography":"","footnotes":""},"class_list":["post-98498","page","type-page","status-publish","hentry"],"acf":[],"yoast_head":"<!-- This site is optimized with the Yoast SEO plugin v27.3 - https:\/\/yoast.com\/product\/yoast-seo-wordpress\/ -->\n<title>Brautmode Echt | Koonings<\/title>\n<meta name=\"description\" content=\"Wenn Sie auf der Suche nach Brautmode in der N\u00e4he von Echt sind, dann ist Koonings The Wedding Castle in Valkenburg die richtige Adresse f\u00fcr Sie!\" \/>\n<meta name=\"robots\" content=\"index, follow, max-snippet:-1, max-image-preview:large, max-video-preview:-1\" \/>\n<link rel=\"canonical\" href=\"https:\/\/www.koonings.com\/de\/inspiration\/brautmode-echt\/\" \/>\n<meta property=\"og:locale\" content=\"de_DE\" \/>\n<meta property=\"og:type\" content=\"article\" \/>\n<meta property=\"og:title\" content=\"Brautmode Echt | Koonings\" \/>\n<meta property=\"og:description\" content=\"Wenn Sie auf der Suche nach Brautmode in der N\u00e4he von Echt sind, dann ist Koonings The Wedding Castle in Valkenburg die richtige Adresse f\u00fcr Sie!\" \/>\n<meta property=\"og:url\" content=\"https:\/\/www.koonings.com\/de\/inspiration\/brautmode-echt\/\" \/>\n<meta property=\"og:site_name\" content=\"Koonings\" \/>\n<meta property=\"article:publisher\" content=\"https:\/\/www.facebook.com\/kooningstheweddingpalace\" \/>\n<meta property=\"article:modified_time\" content=\"2025-09-29T10:03:21+00:00\" \/>\n<meta property=\"og:image\" content=\"https:\/\/www.koonings.com\/wp-content\/uploads\/2024\/06\/palace-hero-screenshot-1024x575.png\" \/>\n\t<meta property=\"og:image:width\" content=\"1024\" \/>\n\t<meta property=\"og:image:height\" content=\"575\" \/>\n\t<meta property=\"og:image:type\" content=\"image\/png\" \/>\n<meta name=\"twitter:card\" content=\"summary_large_image\" \/>\n<meta name=\"twitter:label1\" content=\"Gesch\u00e4tzte Lesezeit\" \/>\n\t<meta name=\"twitter:data1\" content=\"3\u00a0Minuten\" \/>\n<script type=\"application\/ld+json\" class=\"yoast-schema-graph\">{\"@context\":\"https:\\\/\\\/schema.org\",\"@graph\":[{\"@type\":\"WebPage\",\"@id\":\"https:\\\/\\\/www.koonings.com\\\/de\\\/inspiration\\\/brautmode-echt\\\/\",\"url\":\"https:\\\/\\\/www.koonings.com\\\/de\\\/inspiration\\\/brautmode-echt\\\/\",\"name\":\"Brautmode Echt | Koonings\",\"isPartOf\":{\"@id\":\"https:\\\/\\\/www.koonings.com\\\/de\\\/#website\"},\"datePublished\":\"2025-02-18T13:08:29+00:00\",\"dateModified\":\"2025-09-29T10:03:21+00:00\",\"description\":\"Wenn Sie auf der Suche nach Brautmode in der N\u00e4he von Echt sind, dann ist Koonings The Wedding Castle in Valkenburg die richtige Adresse f\u00fcr Sie!\",\"breadcrumb\":{\"@id\":\"https:\\\/\\\/www.koonings.com\\\/de\\\/inspiration\\\/brautmode-echt\\\/#breadcrumb\"},\"inLanguage\":\"de\",\"potentialAction\":[{\"@type\":\"ReadAction\",\"target\":[\"https:\\\/\\\/www.koonings.com\\\/de\\\/inspiration\\\/brautmode-echt\\\/\"]}]},{\"@type\":\"BreadcrumbList\",\"@id\":\"https:\\\/\\\/www.koonings.com\\\/de\\\/inspiration\\\/brautmode-echt\\\/#breadcrumb\",\"itemListElement\":[{\"@type\":\"ListItem\",\"position\":1,\"name\":\"Home\",\"item\":\"https:\\\/\\\/www.koonings.com\\\/de\\\/\"},{\"@type\":\"ListItem\",\"position\":2,\"name\":\"Inspiration\",\"item\":\"https:\\\/\\\/www.koonings.com\\\/de\\\/inspiration\\\/\"},{\"@type\":\"ListItem\",\"position\":3,\"name\":\"Brautmode Echt\"}]},{\"@type\":\"WebSite\",\"@id\":\"https:\\\/\\\/www.koonings.com\\\/de\\\/#website\",\"url\":\"https:\\\/\\\/www.koonings.com\\\/de\\\/\",\"name\":\"Koonings\",\"description\":\"De grootste bruidsmodewinkel ter wereld\",\"publisher\":{\"@id\":\"https:\\\/\\\/www.koonings.com\\\/de\\\/#organization\"},\"potentialAction\":[{\"@type\":\"SearchAction\",\"target\":{\"@type\":\"EntryPoint\",\"urlTemplate\":\"https:\\\/\\\/www.koonings.com\\\/de\\\/?s={search_term_string}\"},\"query-input\":{\"@type\":\"PropertyValueSpecification\",\"valueRequired\":true,\"valueName\":\"search_term_string\"}}],\"inLanguage\":\"de\"},{\"@type\":\"Organization\",\"@id\":\"https:\\\/\\\/www.koonings.com\\\/de\\\/#organization\",\"name\":\"Koonings\",\"url\":\"https:\\\/\\\/www.koonings.com\\\/de\\\/\",\"logo\":{\"@type\":\"ImageObject\",\"inLanguage\":\"de\",\"@id\":\"https:\\\/\\\/www.koonings.com\\\/de\\\/#\\\/schema\\\/logo\\\/image\\\/\",\"url\":\"https:\\\/\\\/www.koonings.com\\\/wp-content\\\/uploads\\\/2024\\\/07\\\/logo.png\",\"contentUrl\":\"https:\\\/\\\/www.koonings.com\\\/wp-content\\\/uploads\\\/2024\\\/07\\\/logo.png\",\"width\":600,\"height\":428,\"caption\":\"Koonings\"},\"image\":{\"@id\":\"https:\\\/\\\/www.koonings.com\\\/de\\\/#\\\/schema\\\/logo\\\/image\\\/\"},\"sameAs\":[\"https:\\\/\\\/www.facebook.com\\\/kooningstheweddingpalace\",\"https:\\\/\\\/www.instagram.com\\\/kooningstheweddingpalace\",\"https:\\\/\\\/www.pinterest.com\\\/koonings\",\"https:\\\/\\\/www.youtube.com\\\/kooningstheweddingpalace\"]}]}<\/script>\n<!-- \/ Yoast SEO plugin. -->","yoast_head_json":{"title":"Brautmode Echt | Koonings","description":"Wenn Sie auf der Suche nach Brautmode in der N\u00e4he von Echt sind, dann ist Koonings The Wedding Castle in Valkenburg die richtige Adresse f\u00fcr Sie!","robots":{"index":"index","follow":"follow","max-snippet":"max-snippet:-1","max-image-preview":"max-image-preview:large","max-video-preview":"max-video-preview:-1"},"canonical":"https:\/\/www.koonings.com\/de\/inspiration\/brautmode-echt\/","og_locale":"de_DE","og_type":"article","og_title":"Brautmode Echt | Koonings","og_description":"Wenn Sie auf der Suche nach Brautmode in der N\u00e4he von Echt sind, dann ist Koonings The Wedding Castle in Valkenburg die richtige Adresse f\u00fcr Sie!","og_url":"https:\/\/www.koonings.com\/de\/inspiration\/brautmode-echt\/","og_site_name":"Koonings","article_publisher":"https:\/\/www.facebook.com\/kooningstheweddingpalace","article_modified_time":"2025-09-29T10:03:21+00:00","og_image":[{"width":1024,"height":575,"url":"https:\/\/www.koonings.com\/wp-content\/uploads\/2024\/06\/palace-hero-screenshot-1024x575.png","type":"image\/png"}],"twitter_card":"summary_large_image","twitter_misc":{"Gesch\u00e4tzte Lesezeit":"3\u00a0Minuten"},"schema":{"@context":"https:\/\/schema.org","@graph":[{"@type":"WebPage","@id":"https:\/\/www.koonings.com\/de\/inspiration\/brautmode-echt\/","url":"https:\/\/www.koonings.com\/de\/inspiration\/brautmode-echt\/","name":"Brautmode Echt | Koonings","isPartOf":{"@id":"https:\/\/www.koonings.com\/de\/#website"},"datePublished":"2025-02-18T13:08:29+00:00","dateModified":"2025-09-29T10:03:21+00:00","description":"Wenn Sie auf der Suche nach Brautmode in der N\u00e4he von Echt sind, dann ist Koonings The Wedding Castle in Valkenburg die richtige Adresse f\u00fcr Sie!","breadcrumb":{"@id":"https:\/\/www.koonings.com\/de\/inspiration\/brautmode-echt\/#breadcrumb"},"inLanguage":"de","potentialAction":[{"@type":"ReadAction","target":["https:\/\/www.koonings.com\/de\/inspiration\/brautmode-echt\/"]}]},{"@type":"BreadcrumbList","@id":"https:\/\/www.koonings.com\/de\/inspiration\/brautmode-echt\/#breadcrumb","itemListElement":[{"@type":"ListItem","position":1,"name":"Home","item":"https:\/\/www.koonings.com\/de\/"},{"@type":"ListItem","position":2,"name":"Inspiration","item":"https:\/\/www.koonings.com\/de\/inspiration\/"},{"@type":"ListItem","position":3,"name":"Brautmode Echt"}]},{"@type":"WebSite","@id":"https:\/\/www.koonings.com\/de\/#website","url":"https:\/\/www.koonings.com\/de\/","name":"Koonings","description":"De grootste bruidsmodewinkel ter wereld","publisher":{"@id":"https:\/\/www.koonings.com\/de\/#organization"},"potentialAction":[{"@type":"SearchAction","target":{"@type":"EntryPoint","urlTemplate":"https:\/\/www.koonings.com\/de\/?s={search_term_string}"},"query-input":{"@type":"PropertyValueSpecification","valueRequired":true,"valueName":"search_term_string"}}],"inLanguage":"de"},{"@type":"Organization","@id":"https:\/\/www.koonings.com\/de\/#organization","name":"Koonings","url":"https:\/\/www.koonings.com\/de\/","logo":{"@type":"ImageObject","inLanguage":"de","@id":"https:\/\/www.koonings.com\/de\/#\/schema\/logo\/image\/","url":"https:\/\/www.koonings.com\/wp-content\/uploads\/2024\/07\/logo.png","contentUrl":"https:\/\/www.koonings.com\/wp-content\/uploads\/2024\/07\/logo.png","width":600,"height":428,"caption":"Koonings"},"image":{"@id":"https:\/\/www.koonings.com\/de\/#\/schema\/logo\/image\/"},"sameAs":["https:\/\/www.facebook.com\/kooningstheweddingpalace","https:\/\/www.instagram.com\/kooningstheweddingpalace","https:\/\/www.pinterest.com\/koonings","https:\/\/www.youtube.com\/kooningstheweddingpalace"]}]}},"_links":{"self":[{"href":"https:\/\/www.koonings.com\/de\/wp-json\/wp\/v2\/pages\/98498","targetHints":{"allow":["GET"]}}],"collection":[{"href":"https:\/\/www.koonings.com\/de\/wp-json\/wp\/v2\/pages"}],"about":[{"href":"https:\/\/www.koonings.com\/de\/wp-json\/wp\/v2\/types\/page"}],"author":[{"embeddable":true,"href":"https:\/\/www.koonings.com\/de\/wp-json\/wp\/v2\/users\/2"}],"replies":[{"embeddable":true,"href":"https:\/\/www.koonings.com\/de\/wp-json\/wp\/v2\/comments?post=98498"}],"version-history":[{"count":1,"href":"https:\/\/www.koonings.com\/de\/wp-json\/wp\/v2\/pages\/98498\/revisions"}],"predecessor-version":[{"id":98499,"href":"https:\/\/www.koonings.com\/de\/wp-json\/wp\/v2\/pages\/98498\/revisions\/98499"}],"up":[{"embeddable":true,"href":"https:\/\/www.koonings.com\/de\/wp-json\/wp\/v2\/pages\/16091"}],"wp:attachment":[{"href":"https:\/\/www.koonings.com\/de\/wp-json\/wp\/v2\/media?parent=98498"}],"curies":[{"name":"wp","href":"https:\/\/api.w.org\/{rel}","templated":true}]}}