{"id":98468,"date":"2025-06-17T13:39:11","date_gmt":"2025-06-17T11:39:11","guid":{"rendered":"https:\/\/www.koonings.com\/zweige\/"},"modified":"2025-09-29T12:00:06","modified_gmt":"2025-09-29T10:00:06","slug":"zweige","status":"publish","type":"page","link":"https:\/\/www.koonings.com\/de\/zweige\/","title":{"rendered":"Zweige"},"content":{"rendered":"\n<h1 class=\"wp-block-heading has-text-align-center\" id=\"koonings-vestigingen\">Koonings Filialen<\/h1>\n\n<p class=\"has-text-align-center\">F\u00fcr welchen Standort Sie sich auch entscheiden, seien Sie sicher: bei Koonings sind Sie in den besten H\u00e4nden. Erhalten Sie hier ihr liebevolles 360 Grad Hochzeitserlebnis, profitieren Sie von unserer gro\u00dfen Auswahl und vor allem einer pers\u00f6nliche Beratung von Ihrer Stylistin, die sich Zeit nur f\u00fcr Sie und Ihre W\u00fcnsche nimmt.<\/p>\n\r\n\r\n<div class=\"eye-element fullwidth-row alignfull style-both bg--none  alignfull \" style=\" \">\r\n\r\n    <div class=\"container\">\r\n        <div class=\"row\">\r\n            <div class=\"col-12\">\r\n                <div class=\"acf-innerblocks-container\">\n\n<div class=\"ghostkit-grid ghostkit-grid-gap-md\"><div class=\"ghostkit-grid-inner\">\n<div class=\"ghostkit-col ghostkit-col-md-12 ghostkit-col-6\"><div class=\"ghostkit-col-content is-layout-flow wp-block-ghostkit-grid-column-is-layout-flow\">\n<h2 class=\"wp-block-heading has-text-align-center\" id=\"deurne\">Deurne<\/h2>\n\n\n\r\n<article class=\"eye-element imagelinkcard without-sublinks\"\r\n         style=\"position: relative\">\r\n\t    <a href=\"\/deurne\" target=\"\" class=\"main-link\"\r\n       title=\"\">\r\n\t\t        <img decoding=\"async\" src=\"https:\/\/www.koonings.com\/wp-content\/uploads\/2025\/06\/koonings_palace_deurne_thumb-1-768x432-1.jpg\" srcset=\"https:\/\/www.koonings.com\/wp-content\/uploads\/2025\/06\/koonings_palace_deurne_thumb-1-768x432-1.jpg\" alt=\"\"\r\n             class=\"imagelinkcard__image img-fluid\">\r\n\t\t        <!--        <div class=\"shine\"><\/div>-->\r\n    <\/a>\r\n\r\n\t<\/article>\n\n\r\n<div class=\"eye-block empty-space empty-space--small pt-md-3 pb-md-3 pt-2 pb-2\" ><\/div>\n\n\n<p>Einen einzigartigen Tag erleben und w\u00fcnschen sich die gr\u00f6\u00dfte Auswahl an Brautkleidern, die es gibt? Buchen Sie Ihren Termin im gr\u00f6\u00dften Brautmodengesch\u00e4ft der Welt bei Koonings The Wedding Palace in Deurne. In stilvoller Atmosph\u00e4re, zwischen 4.500 Brautkleidern auf \u00fcber 11.000 m\u00b2 finden Sie Modelle in den unterschiedlichsten Stilen, Gr\u00f6\u00dfen und Budgets. Machen Sie Erinnerungsfotos auf unserer ber\u00fchmten Treppe aus der Fernsehshow Say Yes To The Dress und sto\u00dfen Sie im Restaurant auf Ihren Erfolg an oder lassen Sie sich im Sch\u00f6nheitssalon verw\u00f6hnen.   <\/p>\n\n\n\n<ul class=\"wp-block-list\">\n<li>Gr\u00f6\u00dfte der Welt<\/li>\n\n\n\n<li>+ 4.500 Brautkleider<\/li>\n\n\n\n<li>Bekannt aus Say Yes to the Dress<\/li>\n\n\n\n<li>Rosa Restaurant<\/li>\n<\/ul>\n\n\n\r\n<div class=\"eye-element bsbutton text-start  d-block d-md-none\" >\r\n\t        <a class=\"btn btn-primary\" href=\"\/album\/the-wedding-palace\/\"\r\n           target=\"\">Werfen Sie einen Blick ins Innere des Palastes<\/a>\r\n\t<\/div><\/div><\/div>\n\n\n\n<div class=\"ghostkit-col ghostkit-col-md-12 ghostkit-col-6\"><div class=\"ghostkit-col-content is-layout-flow wp-block-ghostkit-grid-column-is-layout-flow\">\n<h2 class=\"wp-block-heading has-text-align-center\" id=\"valkenburg\">Valkenburg<\/h2>\n\n\n\r\n<article class=\"eye-element imagelinkcard without-sublinks\"\r\n         style=\"position: relative\">\r\n\t    <a href=\"\/valkenburg\" target=\"\" class=\"main-link\"\r\n       title=\"\">\r\n\t\t        <img decoding=\"async\" src=\"https:\/\/www.koonings.com\/wp-content\/uploads\/2025\/06\/KOO_Aad_Valkenburg-2-768x438-1.jpeg\" srcset=\"https:\/\/www.koonings.com\/wp-content\/uploads\/2025\/06\/KOO_Aad_Valkenburg-2-768x438-1.jpeg\" alt=\"\"\r\n             class=\"imagelinkcard__image img-fluid\">\r\n\t\t        <!--        <div class=\"shine\"><\/div>-->\r\n    <\/a>\r\n\r\n\t<\/article>\n\n\r\n<div class=\"eye-block empty-space empty-space--small pt-md-3 pb-md-3 pt-2 pb-2\" ><\/div>\n\n\n<p>Oder ist eine exklusive und entschleunigte Suche nach Ihrem Brautkleid in malerischer Umgebung genau das, wie Sie sich diesen besonderen Tag w\u00fcnschen? Bei Koonings The Wedding Castle in Valkenburg probieren Sie in einem der bezaubernden Schlosszimmer Brautkleider an. Erleben Sie das bezahlte VIP Treatment der Extraklasse mit Getr\u00e4nken und H\u00e4ppchen, w\u00e4hrend Sie von Ihrer pers\u00f6nlichen und erfahrenen Stylisten begleitet werden. Genie\u00dfen Sie nach einem Spaziergang durch die Schlossg\u00e4rten k\u00f6stliche Gerichte in einem unserer Restaurants. Und f\u00fcr alle, die von einer M\u00e4rchenhochzeit tr\u00e4umen, k\u00f6nnen diese einzigartigen R\u00e4umlichkeiten auch als Eventlocation buchen.    <\/p>\n\n\n\n<ul class=\"wp-block-list\">\n<li>Passend zu einem romantischen Schloss<\/li>\n\n\n\n<li>Seifenblasen w\u00e4hrend Ihres Termins<\/li>\n\n\n\n<li>Eigener Salon als Umkleidekabine<\/li>\n\n\n\n<li>Restaurant unter der Leitung eines Sternekochs<\/li>\n<\/ul>\n\n\n\r\n<div class=\"eye-element bsbutton text-start  d-block d-md-none\" >\r\n\t        <a class=\"btn btn-primary\" href=\"\/album\/the-wedding-castle-valkenburg\/\"\r\n           target=\"\">Werfen Sie einen Blick ins Innere des Schlosses<\/a>\r\n\t<\/div><\/div><\/div>\n<\/div><\/div>\n\n\n\n<div class=\"ghostkit-grid ghostkit-grid-gap-md d-none d-md-block\"><div class=\"ghostkit-grid-inner\">\n<div class=\"ghostkit-col ghostkit-col-md-12 ghostkit-col-6\"><div class=\"ghostkit-col-content is-layout-flow wp-block-ghostkit-grid-column-is-layout-flow\">\r\n<div class=\"eye-element bsbutton text-start \" >\r\n\t        <a class=\"btn btn-primary\" href=\"\/album\/the-wedding-palace\/\"\r\n           target=\"\">Werfen Sie einen Blick ins Innere des Palastes<\/a>\r\n\t<\/div><\/div><\/div>\n\n\n\n<div class=\"ghostkit-col ghostkit-col-md-12 ghostkit-col-6\"><div class=\"ghostkit-col-content is-layout-flow wp-block-ghostkit-grid-column-is-layout-flow\">\r\n<div class=\"eye-element bsbutton text-start \" >\r\n\t        <a class=\"btn btn-primary\" href=\"\/album\/the-wedding-castle-valkenburg\/\"\r\n           target=\"\">Werfen Sie einen Blick ins Innere des Schlosses<\/a>\r\n\t<\/div><\/div><\/div>\n<\/div><\/div>\n\n<\/div>\r\n            <\/div>\r\n        <\/div>\r\n    <\/div>\r\n\r\n<\/div>\r\n\r\n    ","protected":false},"excerpt":{"rendered":"<p>Koonings Filialen F\u00fcr welchen Standort Sie sich auch entscheiden, seien Sie sicher: bei Koonings sind Sie in den besten H\u00e4nden. Erhalten Sie hier ihr liebevolles 360 Grad Hochzeitserlebnis, profitieren Sie von unserer gro\u00dfen Auswahl und vor allem einer pers\u00f6nliche Beratung von Ihrer Stylistin, die sich Zeit nur f\u00fcr Sie und Ihre W\u00fcnsche nimmt.<\/p>\n","protected":false},"author":2,"featured_media":0,"parent":0,"menu_order":0,"comment_status":"closed","ping_status":"closed","template":"","meta":{"_acf_changed":false,"ghostkit_customizer_options":"","ghostkit_custom_css":"","ghostkit_custom_js_head":"","ghostkit_custom_js_foot":"","ghostkit_typography":"","footnotes":""},"class_list":["post-98468","page","type-page","status-publish","hentry"],"acf":[],"yoast_head":"<!-- This site is optimized with the Yoast SEO plugin v26.8 - https:\/\/yoast.com\/product\/yoast-seo-wordpress\/ -->\n<title>Zweige | Koonings<\/title>\n<meta name=\"robots\" content=\"index, follow, max-snippet:-1, max-image-preview:large, max-video-preview:-1\" \/>\n<link rel=\"canonical\" href=\"https:\/\/www.koonings.com\/de\/zweige\/\" \/>\n<meta property=\"og:locale\" content=\"de_DE\" \/>\n<meta property=\"og:type\" content=\"article\" \/>\n<meta property=\"og:title\" content=\"Zweige | Koonings\" \/>\n<meta property=\"og:description\" content=\"Koonings Filialen F\u00fcr welchen Standort Sie sich auch entscheiden, seien Sie sicher: bei Koonings sind Sie in den besten H\u00e4nden. Erhalten Sie hier ihr liebevolles 360 Grad Hochzeitserlebnis, profitieren Sie von unserer gro\u00dfen Auswahl und vor allem einer pers\u00f6nliche Beratung von Ihrer Stylistin, die sich Zeit nur f\u00fcr Sie und Ihre W\u00fcnsche nimmt.\" \/>\n<meta property=\"og:url\" content=\"https:\/\/www.koonings.com\/de\/zweige\/\" \/>\n<meta property=\"og:site_name\" content=\"Koonings\" \/>\n<meta property=\"article:publisher\" content=\"https:\/\/www.facebook.com\/kooningstheweddingpalace\" \/>\n<meta property=\"article:modified_time\" content=\"2025-09-29T10:00:06+00:00\" \/>\n<meta property=\"og:image\" content=\"https:\/\/www.koonings.com\/wp-content\/uploads\/2024\/06\/palace-hero-screenshot-1024x575.png\" \/>\n\t<meta property=\"og:image:width\" content=\"1024\" \/>\n\t<meta property=\"og:image:height\" content=\"575\" \/>\n\t<meta property=\"og:image:type\" content=\"image\/png\" \/>\n<meta name=\"twitter:card\" content=\"summary_large_image\" \/>\n<meta name=\"twitter:label1\" content=\"Gesch\u00e4tzte Lesezeit\" \/>\n\t<meta name=\"twitter:data1\" content=\"1\u00a0Minute\" \/>\n<script type=\"application\/ld+json\" class=\"yoast-schema-graph\">{\"@context\":\"https:\/\/schema.org\",\"@graph\":[{\"@type\":\"WebPage\",\"@id\":\"https:\/\/www.koonings.com\/de\/zweige\/\",\"url\":\"https:\/\/www.koonings.com\/de\/zweige\/\",\"name\":\"Zweige | Koonings\",\"isPartOf\":{\"@id\":\"https:\/\/www.koonings.com\/de\/#website\"},\"datePublished\":\"2025-06-17T11:39:11+00:00\",\"dateModified\":\"2025-09-29T10:00:06+00:00\",\"breadcrumb\":{\"@id\":\"https:\/\/www.koonings.com\/de\/zweige\/#breadcrumb\"},\"inLanguage\":\"de\",\"potentialAction\":[{\"@type\":\"ReadAction\",\"target\":[\"https:\/\/www.koonings.com\/de\/zweige\/\"]}]},{\"@type\":\"BreadcrumbList\",\"@id\":\"https:\/\/www.koonings.com\/de\/zweige\/#breadcrumb\",\"itemListElement\":[{\"@type\":\"ListItem\",\"position\":1,\"name\":\"Home\",\"item\":\"https:\/\/www.koonings.com\/de\/\"},{\"@type\":\"ListItem\",\"position\":2,\"name\":\"Zweige\"}]},{\"@type\":\"WebSite\",\"@id\":\"https:\/\/www.koonings.com\/de\/#website\",\"url\":\"https:\/\/www.koonings.com\/de\/\",\"name\":\"Koonings\",\"description\":\"De grootste bruidsmodewinkel ter wereld\",\"publisher\":{\"@id\":\"https:\/\/www.koonings.com\/de\/#organization\"},\"potentialAction\":[{\"@type\":\"SearchAction\",\"target\":{\"@type\":\"EntryPoint\",\"urlTemplate\":\"https:\/\/www.koonings.com\/de\/?s={search_term_string}\"},\"query-input\":{\"@type\":\"PropertyValueSpecification\",\"valueRequired\":true,\"valueName\":\"search_term_string\"}}],\"inLanguage\":\"de\"},{\"@type\":\"Organization\",\"@id\":\"https:\/\/www.koonings.com\/de\/#organization\",\"name\":\"Koonings\",\"url\":\"https:\/\/www.koonings.com\/de\/\",\"logo\":{\"@type\":\"ImageObject\",\"inLanguage\":\"de\",\"@id\":\"https:\/\/www.koonings.com\/de\/#\/schema\/logo\/image\/\",\"url\":\"https:\/\/www.koonings.com\/wp-content\/uploads\/2024\/07\/logo.png\",\"contentUrl\":\"https:\/\/www.koonings.com\/wp-content\/uploads\/2024\/07\/logo.png\",\"width\":600,\"height\":428,\"caption\":\"Koonings\"},\"image\":{\"@id\":\"https:\/\/www.koonings.com\/de\/#\/schema\/logo\/image\/\"},\"sameAs\":[\"https:\/\/www.facebook.com\/kooningstheweddingpalace\",\"https:\/\/www.instagram.com\/kooningstheweddingpalace\",\"https:\/\/www.pinterest.com\/koonings\",\"https:\/\/www.youtube.com\/kooningstheweddingpalace\"]}]}<\/script>\n<!-- \/ Yoast SEO plugin. -->","yoast_head_json":{"title":"Zweige | Koonings","robots":{"index":"index","follow":"follow","max-snippet":"max-snippet:-1","max-image-preview":"max-image-preview:large","max-video-preview":"max-video-preview:-1"},"canonical":"https:\/\/www.koonings.com\/de\/zweige\/","og_locale":"de_DE","og_type":"article","og_title":"Zweige | Koonings","og_description":"Koonings Filialen F\u00fcr welchen Standort Sie sich auch entscheiden, seien Sie sicher: bei Koonings sind Sie in den besten H\u00e4nden. Erhalten Sie hier ihr liebevolles 360 Grad Hochzeitserlebnis, profitieren Sie von unserer gro\u00dfen Auswahl und vor allem einer pers\u00f6nliche Beratung von Ihrer Stylistin, die sich Zeit nur f\u00fcr Sie und Ihre W\u00fcnsche nimmt.","og_url":"https:\/\/www.koonings.com\/de\/zweige\/","og_site_name":"Koonings","article_publisher":"https:\/\/www.facebook.com\/kooningstheweddingpalace","article_modified_time":"2025-09-29T10:00:06+00:00","og_image":[{"width":1024,"height":575,"url":"https:\/\/www.koonings.com\/wp-content\/uploads\/2024\/06\/palace-hero-screenshot-1024x575.png","type":"image\/png"}],"twitter_card":"summary_large_image","twitter_misc":{"Gesch\u00e4tzte Lesezeit":"1\u00a0Minute"},"schema":{"@context":"https:\/\/schema.org","@graph":[{"@type":"WebPage","@id":"https:\/\/www.koonings.com\/de\/zweige\/","url":"https:\/\/www.koonings.com\/de\/zweige\/","name":"Zweige | Koonings","isPartOf":{"@id":"https:\/\/www.koonings.com\/de\/#website"},"datePublished":"2025-06-17T11:39:11+00:00","dateModified":"2025-09-29T10:00:06+00:00","breadcrumb":{"@id":"https:\/\/www.koonings.com\/de\/zweige\/#breadcrumb"},"inLanguage":"de","potentialAction":[{"@type":"ReadAction","target":["https:\/\/www.koonings.com\/de\/zweige\/"]}]},{"@type":"BreadcrumbList","@id":"https:\/\/www.koonings.com\/de\/zweige\/#breadcrumb","itemListElement":[{"@type":"ListItem","position":1,"name":"Home","item":"https:\/\/www.koonings.com\/de\/"},{"@type":"ListItem","position":2,"name":"Zweige"}]},{"@type":"WebSite","@id":"https:\/\/www.koonings.com\/de\/#website","url":"https:\/\/www.koonings.com\/de\/","name":"Koonings","description":"De grootste bruidsmodewinkel ter wereld","publisher":{"@id":"https:\/\/www.koonings.com\/de\/#organization"},"potentialAction":[{"@type":"SearchAction","target":{"@type":"EntryPoint","urlTemplate":"https:\/\/www.koonings.com\/de\/?s={search_term_string}"},"query-input":{"@type":"PropertyValueSpecification","valueRequired":true,"valueName":"search_term_string"}}],"inLanguage":"de"},{"@type":"Organization","@id":"https:\/\/www.koonings.com\/de\/#organization","name":"Koonings","url":"https:\/\/www.koonings.com\/de\/","logo":{"@type":"ImageObject","inLanguage":"de","@id":"https:\/\/www.koonings.com\/de\/#\/schema\/logo\/image\/","url":"https:\/\/www.koonings.com\/wp-content\/uploads\/2024\/07\/logo.png","contentUrl":"https:\/\/www.koonings.com\/wp-content\/uploads\/2024\/07\/logo.png","width":600,"height":428,"caption":"Koonings"},"image":{"@id":"https:\/\/www.koonings.com\/de\/#\/schema\/logo\/image\/"},"sameAs":["https:\/\/www.facebook.com\/kooningstheweddingpalace","https:\/\/www.instagram.com\/kooningstheweddingpalace","https:\/\/www.pinterest.com\/koonings","https:\/\/www.youtube.com\/kooningstheweddingpalace"]}]}},"_links":{"self":[{"href":"https:\/\/www.koonings.com\/de\/wp-json\/wp\/v2\/pages\/98468","targetHints":{"allow":["GET"]}}],"collection":[{"href":"https:\/\/www.koonings.com\/de\/wp-json\/wp\/v2\/pages"}],"about":[{"href":"https:\/\/www.koonings.com\/de\/wp-json\/wp\/v2\/types\/page"}],"author":[{"embeddable":true,"href":"https:\/\/www.koonings.com\/de\/wp-json\/wp\/v2\/users\/2"}],"replies":[{"embeddable":true,"href":"https:\/\/www.koonings.com\/de\/wp-json\/wp\/v2\/comments?post=98468"}],"version-history":[{"count":1,"href":"https:\/\/www.koonings.com\/de\/wp-json\/wp\/v2\/pages\/98468\/revisions"}],"predecessor-version":[{"id":98469,"href":"https:\/\/www.koonings.com\/de\/wp-json\/wp\/v2\/pages\/98468\/revisions\/98469"}],"wp:attachment":[{"href":"https:\/\/www.koonings.com\/de\/wp-json\/wp\/v2\/media?parent=98468"}],"curies":[{"name":"wp","href":"https:\/\/api.w.org\/{rel}","templated":true}]}}