{"id":86994,"date":"2025-05-07T16:55:13","date_gmt":"2025-05-07T14:55:13","guid":{"rendered":"https:\/\/www.koonings.com\/addy-van-den-krommenacker\/addys-hochzeitskleider\/"},"modified":"2025-07-07T11:32:08","modified_gmt":"2025-07-07T09:32:08","slug":"addys-hochzeitskleider","status":"publish","type":"page","link":"https:\/\/www.koonings.com\/de\/addy-van-den-krommenacker\/addys-hochzeitskleider\/","title":{"rendered":"Addy&#8217;s Hochzeitskleider"},"content":{"rendered":"\r\n\r\n<div class=\"eye-element fullwidth-row alignfull style-both bg--none  alignfull \" style=\" \">\r\n\r\n    <div class=\"container\">\r\n        <div class=\"row\">\r\n            <div class=\"col-12\">\r\n                <div class=\"acf-innerblocks-container\">\n\n<h1 class=\"wp-block-heading has-text-align-center\" id=\"over-addy-van-den-krommenacker-1\">Addy&#8217;s Hochzeitskleider<\/h1>\n\n\n\n<p class=\"has-text-align-center\">Die Hochzeitskleider von Addy van den Krommenacker haben unz\u00e4hlige (ber\u00fchmte) Br\u00e4ute am sch\u00f6nsten Tag ihres Lebens zum Strahlen gebracht. Seine Hochzeitskleider fangen nicht nur den Moment ein, sondern erz\u00e4hlen eine Geschichte &#8211; elegant, pers\u00f6nlich und zeitlos.   <\/p>\n\n\n\r\n<div class=\"eye-block empty-space empty-space--small pt-md-3 pb-md-3 pt-2 pb-2\" ><\/div>\n\n\n<h3 class=\"wp-block-heading has-text-align-center\" id=\"laat-jouw-trouwjurk-ontwerpen-door-addy\">Lasse dein Hochzeitskleid von Addy entwerfen<\/h3>\n\n\n\n<p class=\"has-text-align-center\">M\u00f6chtest du dein Hochzeitskleid von dem renommiertesten Modedesigner der Niederlande entwerfen lassen? Addy van den Krommenacker l\u00e4sst die Magie in jedem Hochzeitskleid lebendig werden.<\/p>\n\n\n\r\n<div class=\"eye-element bsbutton text-center \" >\r\n\t        <a class=\"btn btn-gold\" href=\"https:\/\/www.koonings.com\/de\/?page_id=107606\"\r\n           target=\"\">Vereinbare jetzt deinen Termin<\/a>\r\n\t<\/div>\n<\/div>\r\n            <\/div>\r\n        <\/div>\r\n    <\/div>\r\n\r\n<\/div>\r\n\r\n    \n\n\n<div class=\"ghostkit-grid ghostkit-grid-gap-md\"><div class=\"ghostkit-grid-inner\">\n<div class=\"ghostkit-col ghostkit-col-lg-12 ghostkit-col-4\"><div class=\"ghostkit-col-content is-layout-flow wp-block-ghostkit-grid-column-is-layout-flow\">\n<figure class=\"wp-block-image size-full is-resized\"><img decoding=\"async\" width=\"450\" height=\"675\" src=\"https:\/\/www.koonings.com\/wp-content\/uploads\/2025\/05\/prinses-Carolina-de-Bourbon-de-Parme-1.jpg\" alt=\"Prinzessin Carolina de Bourbon de Parme in einem Entwurf von Addy van den Krommenacker\" class=\"wp-image-85500\" style=\"width:388px;height:auto\" srcset=\"https:\/\/www.koonings.com\/wp-content\/uploads\/2025\/05\/prinses-Carolina-de-Bourbon-de-Parme-1.jpg 450w, https:\/\/www.koonings.com\/wp-content\/uploads\/2025\/05\/prinses-Carolina-de-Bourbon-de-Parme-1-200x300.jpg 200w\" sizes=\"(max-width: 450px) 100vw, 450px\" \/><figcaption class=\"wp-element-caption\">Prinzessin Carolina de Bourbon de Parme<\/figcaption><\/figure>\n<\/div><\/div>\n\n\n\n<div class=\"ghostkit-col ghostkit-col-lg-12 ghostkit-col-4\"><div class=\"ghostkit-col-content is-layout-flow wp-block-ghostkit-grid-column-is-layout-flow\">\n<figure class=\"wp-block-image size-full\"><img decoding=\"async\" width=\"960\" height=\"1440\" src=\"https:\/\/www.koonings.com\/wp-content\/uploads\/2025\/05\/CHANTAL-JANZEN-2-edited.jpg\" alt=\"Chantal Janzen in einem Entwurf von Addy van den Krommenacker\" class=\"wp-image-85686\" srcset=\"https:\/\/www.koonings.com\/wp-content\/uploads\/2025\/05\/CHANTAL-JANZEN-2-edited.jpg 960w, https:\/\/www.koonings.com\/wp-content\/uploads\/2025\/05\/CHANTAL-JANZEN-2-edited-200x300.jpg 200w, https:\/\/www.koonings.com\/wp-content\/uploads\/2025\/05\/CHANTAL-JANZEN-2-edited-683x1024.jpg 683w, https:\/\/www.koonings.com\/wp-content\/uploads\/2025\/05\/CHANTAL-JANZEN-2-edited-768x1152.jpg 768w\" sizes=\"(max-width: 960px) 100vw, 960px\" \/><figcaption class=\"wp-element-caption\">Chantal Janzen<\/figcaption><\/figure>\n<\/div><\/div>\n\n\n\n<div class=\"ghostkit-col ghostkit-col-lg-12 ghostkit-col-4\"><div class=\"ghostkit-col-content is-layout-flow wp-block-ghostkit-grid-column-is-layout-flow\">\n<figure class=\"wp-block-image size-full\"><img decoding=\"async\" width=\"472\" height=\"708\" src=\"https:\/\/www.koonings.com\/wp-content\/uploads\/2025\/05\/HENRIETTE-DE-NIJS-edited.jpg\" alt=\"Henriette de Nijs in einem Entwurf von Addy van den Krommenacker\" class=\"wp-image-85690\" srcset=\"https:\/\/www.koonings.com\/wp-content\/uploads\/2025\/05\/HENRIETTE-DE-NIJS-edited.jpg 472w, https:\/\/www.koonings.com\/wp-content\/uploads\/2025\/05\/HENRIETTE-DE-NIJS-edited-200x300.jpg 200w\" sizes=\"(max-width: 472px) 100vw, 472px\" \/><figcaption class=\"wp-element-caption\">Henriette de Nijs<\/figcaption><\/figure>\n<\/div><\/div>\n<\/div><\/div>\n\n\n\r\n<div class=\"eye-block empty-space empty-space--large pt-md-5 pb-md-5 pt-4 pb-4\" ><\/div>\n\n\n<div class=\"ghostkit-grid ghostkit-grid-gap-md\"><div class=\"ghostkit-grid-inner\">\n<div class=\"ghostkit-col ghostkit-col-lg-12 ghostkit-col-4\"><div class=\"ghostkit-col-content is-layout-flow wp-block-ghostkit-grid-column-is-layout-flow\">\n<figure class=\"wp-block-image size-full\"><img decoding=\"async\" width=\"427\" height=\"640\" src=\"https:\/\/www.koonings.com\/wp-content\/uploads\/2025\/05\/MARIANNE-TIMMER-edited.jpg\" alt=\"Marianne Timmer in einem Entwurf von Addy van den Krommenacker\" class=\"wp-image-85695\" srcset=\"https:\/\/www.koonings.com\/wp-content\/uploads\/2025\/05\/MARIANNE-TIMMER-edited.jpg 427w, https:\/\/www.koonings.com\/wp-content\/uploads\/2025\/05\/MARIANNE-TIMMER-edited-200x300.jpg 200w\" sizes=\"(max-width: 427px) 100vw, 427px\" \/><figcaption class=\"wp-element-caption\">Marianne Timmer<\/figcaption><\/figure>\n<\/div><\/div>\n\n\n\n<div class=\"ghostkit-col ghostkit-col-lg-12 ghostkit-col-4\"><div class=\"ghostkit-col-content is-layout-flow wp-block-ghostkit-grid-column-is-layout-flow\">\n<figure class=\"wp-block-image size-full\"><img decoding=\"async\" width=\"480\" height=\"720\" src=\"https:\/\/www.koonings.com\/wp-content\/uploads\/2025\/05\/BETTINA-HOLWERDA-edited.jpg\" alt=\"Bettina Holwerda in einem Entwurf von Addy van den Krommenacker\" class=\"wp-image-85699\" srcset=\"https:\/\/www.koonings.com\/wp-content\/uploads\/2025\/05\/BETTINA-HOLWERDA-edited.jpg 480w, https:\/\/www.koonings.com\/wp-content\/uploads\/2025\/05\/BETTINA-HOLWERDA-edited-200x300.jpg 200w\" sizes=\"(max-width: 480px) 100vw, 480px\" \/><figcaption class=\"wp-element-caption\">Bettina Holwerda<\/figcaption><\/figure>\n<\/div><\/div>\n\n\n\n<div class=\"ghostkit-col ghostkit-col-lg-12 ghostkit-col-4\"><div class=\"ghostkit-col-content is-layout-flow wp-block-ghostkit-grid-column-is-layout-flow\">\n<figure class=\"wp-block-image size-full\"><img decoding=\"async\" width=\"474\" height=\"711\" src=\"https:\/\/www.koonings.com\/wp-content\/uploads\/2025\/05\/KRISTEL-HOEKSTRA-edited.jpg\" alt=\"Kristel Hoekstra in einem Entwurf von Addy van den Krommenacker\" class=\"wp-image-85703\" srcset=\"https:\/\/www.koonings.com\/wp-content\/uploads\/2025\/05\/KRISTEL-HOEKSTRA-edited.jpg 474w, https:\/\/www.koonings.com\/wp-content\/uploads\/2025\/05\/KRISTEL-HOEKSTRA-edited-200x300.jpg 200w\" sizes=\"(max-width: 474px) 100vw, 474px\" \/><figcaption class=\"wp-element-caption\">Kristel Hoekstra<\/figcaption><\/figure>\n<\/div><\/div>\n<\/div><\/div>\n\n\n\r\n<div class=\"eye-block empty-space empty-space--large pt-md-5 pb-md-5 pt-4 pb-4\" ><\/div>\n\n\n<div class=\"ghostkit-grid ghostkit-grid-gap-md\"><div class=\"ghostkit-grid-inner\">\n<div class=\"ghostkit-col ghostkit-col-lg-12 ghostkit-col-4\"><div class=\"ghostkit-col-content is-layout-flow wp-block-ghostkit-grid-column-is-layout-flow\">\n<figure class=\"wp-block-image size-full\"><img decoding=\"async\" width=\"480\" height=\"720\" src=\"https:\/\/www.koonings.com\/wp-content\/uploads\/2025\/05\/TRUUS-VAN-GAAL-edited.jpg\" alt=\"Truus van Gaal in einem Entwurf von Addy van den Krommenacker\" class=\"wp-image-85707\" srcset=\"https:\/\/www.koonings.com\/wp-content\/uploads\/2025\/05\/TRUUS-VAN-GAAL-edited.jpg 480w, https:\/\/www.koonings.com\/wp-content\/uploads\/2025\/05\/TRUUS-VAN-GAAL-edited-200x300.jpg 200w\" sizes=\"(max-width: 480px) 100vw, 480px\" \/><figcaption class=\"wp-element-caption\">Truus van Gaal<\/figcaption><\/figure>\n<\/div><\/div>\n\n\n\n<div class=\"ghostkit-col ghostkit-col-lg-12 ghostkit-col-4\"><div class=\"ghostkit-col-content is-layout-flow wp-block-ghostkit-grid-column-is-layout-flow\">\n<figure class=\"wp-block-image size-full\"><img decoding=\"async\" width=\"450\" height=\"675\" src=\"https:\/\/www.koonings.com\/wp-content\/uploads\/2025\/05\/PEARL-JOSEFZOON.jpg\" alt=\"Pearl Josefzoon in einem Entwurf von Addy van den Krommenacker\" class=\"wp-image-85526\" srcset=\"https:\/\/www.koonings.com\/wp-content\/uploads\/2025\/05\/PEARL-JOSEFZOON.jpg 450w, https:\/\/www.koonings.com\/wp-content\/uploads\/2025\/05\/PEARL-JOSEFZOON-200x300.jpg 200w\" sizes=\"(max-width: 450px) 100vw, 450px\" \/><figcaption class=\"wp-element-caption\">Perle Josefzoon<\/figcaption><\/figure>\n<\/div><\/div>\n\n\n\n<div class=\"ghostkit-col ghostkit-col-lg-12 ghostkit-col-4\"><div class=\"ghostkit-col-content is-layout-flow wp-block-ghostkit-grid-column-is-layout-flow\">\n<figure class=\"wp-block-image size-full\"><img decoding=\"async\" width=\"427\" height=\"640\" src=\"https:\/\/www.koonings.com\/wp-content\/uploads\/2025\/05\/LIZ-SNOIJINK-edited.jpg\" alt=\"Liz Snoijink in einem Entwurf von Addy van den Krommenacker\" class=\"wp-image-85711\" srcset=\"https:\/\/www.koonings.com\/wp-content\/uploads\/2025\/05\/LIZ-SNOIJINK-edited.jpg 427w, https:\/\/www.koonings.com\/wp-content\/uploads\/2025\/05\/LIZ-SNOIJINK-edited-200x300.jpg 200w\" sizes=\"(max-width: 427px) 100vw, 427px\" \/><figcaption class=\"wp-element-caption\">Liz Snoijink<\/figcaption><\/figure>\n<\/div><\/div>\n<\/div><\/div>\n\n\n\r\n<div class=\"eye-block empty-space empty-space--large pt-md-5 pb-md-5 pt-4 pb-4\" ><\/div>\n\n\n<div class=\"ghostkit-grid ghostkit-grid-gap-md\"><div class=\"ghostkit-grid-inner\">\n<div class=\"ghostkit-col ghostkit-col-lg-12 ghostkit-col-4\"><div class=\"ghostkit-col-content is-layout-flow wp-block-ghostkit-grid-column-is-layout-flow\">\n<figure class=\"wp-block-image size-full\"><img decoding=\"async\" width=\"461\" height=\"691\" src=\"https:\/\/www.koonings.com\/wp-content\/uploads\/2025\/05\/LEONTIEN-VAN-NISTELROOY-edited.jpg\" alt=\"Leontien van Nistelrooy in einem Entwurf von Addy van den Krommenacker\" class=\"wp-image-85715\" srcset=\"https:\/\/www.koonings.com\/wp-content\/uploads\/2025\/05\/LEONTIEN-VAN-NISTELROOY-edited.jpg 461w, https:\/\/www.koonings.com\/wp-content\/uploads\/2025\/05\/LEONTIEN-VAN-NISTELROOY-edited-200x300.jpg 200w\" sizes=\"(max-width: 461px) 100vw, 461px\" \/><figcaption class=\"wp-element-caption\">Leontien van Nistelrooy<\/figcaption><\/figure>\n<\/div><\/div>\n\n\n\n<div class=\"ghostkit-col ghostkit-col-lg-12 ghostkit-col-4\"><div class=\"ghostkit-col-content is-layout-flow wp-block-ghostkit-grid-column-is-layout-flow\">\n<figure class=\"wp-block-image size-full\"><img decoding=\"async\" width=\"450\" height=\"675\" src=\"https:\/\/www.koonings.com\/wp-content\/uploads\/2025\/05\/STEFANIE-RUCKER.jpg\" alt=\"Stefanie Rucker in einem Entwurf von Addy van den Krommenacker\" class=\"wp-image-85534\" srcset=\"https:\/\/www.koonings.com\/wp-content\/uploads\/2025\/05\/STEFANIE-RUCKER.jpg 450w, https:\/\/www.koonings.com\/wp-content\/uploads\/2025\/05\/STEFANIE-RUCKER-200x300.jpg 200w\" sizes=\"(max-width: 450px) 100vw, 450px\" \/><figcaption class=\"wp-element-caption\">Stefanie Rucker<\/figcaption><\/figure>\n<\/div><\/div>\n\n\n\n<div class=\"ghostkit-col ghostkit-col-lg-12 ghostkit-col-4 is-layout-flow wp-block-ghostkit-grid-column-is-layout-flow\"><div class=\"ghostkit-col-content\"><\/div><\/div>\n<\/div><\/div>\n","protected":false},"excerpt":{"rendered":"","protected":false},"author":2,"featured_media":0,"parent":86758,"menu_order":0,"comment_status":"closed","ping_status":"closed","template":"","meta":{"_acf_changed":false,"ghostkit_customizer_options":"","ghostkit_custom_css":"","ghostkit_custom_js_head":"","ghostkit_custom_js_foot":"","ghostkit_typography":"","footnotes":""},"class_list":["post-86994","page","type-page","status-publish","hentry"],"acf":[],"yoast_head":"<!-- This site is optimized with the Yoast SEO plugin v27.3 - https:\/\/yoast.com\/product\/yoast-seo-wordpress\/ -->\n<title>Addy&#039;s Hochzeitskleider | Koonings<\/title>\n<meta name=\"description\" content=\"Die Hochzeitskleider von Addy van den Krommenacker haben unz\u00e4hlige (ber\u00fchmte) Br\u00e4ute am sch\u00f6nsten Tag ihres Lebens zum Strahlen gebracht.\" \/>\n<meta name=\"robots\" content=\"index, follow, max-snippet:-1, max-image-preview:large, max-video-preview:-1\" \/>\n<link rel=\"canonical\" href=\"https:\/\/www.koonings.com\/de\/addy-van-den-krommenacker\/addys-hochzeitskleider\/\" \/>\n<meta property=\"og:locale\" content=\"de_DE\" \/>\n<meta property=\"og:type\" content=\"article\" \/>\n<meta property=\"og:title\" content=\"Addy&#039;s Hochzeitskleider | Koonings\" \/>\n<meta property=\"og:description\" content=\"Die Hochzeitskleider von Addy van den Krommenacker haben unz\u00e4hlige (ber\u00fchmte) Br\u00e4ute am sch\u00f6nsten Tag ihres Lebens zum Strahlen gebracht.\" \/>\n<meta property=\"og:url\" content=\"https:\/\/www.koonings.com\/de\/addy-van-den-krommenacker\/addys-hochzeitskleider\/\" \/>\n<meta property=\"og:site_name\" content=\"Koonings\" \/>\n<meta property=\"article:publisher\" content=\"https:\/\/www.facebook.com\/kooningstheweddingpalace\" \/>\n<meta property=\"article:modified_time\" content=\"2025-07-07T09:32:08+00:00\" \/>\n<meta property=\"og:image\" content=\"https:\/\/www.koonings.com\/wp-content\/uploads\/2025\/05\/prinses-Carolina-de-Bourbon-de-Parme-1.jpg\" \/>\n\t<meta property=\"og:image:width\" content=\"450\" \/>\n\t<meta property=\"og:image:height\" content=\"675\" \/>\n\t<meta property=\"og:image:type\" content=\"image\/jpeg\" \/>\n<meta name=\"twitter:card\" content=\"summary_large_image\" \/>\n<meta name=\"twitter:label1\" content=\"Gesch\u00e4tzte Lesezeit\" \/>\n\t<meta name=\"twitter:data1\" content=\"1\u00a0Minute\" \/>\n<script type=\"application\/ld+json\" class=\"yoast-schema-graph\">{\"@context\":\"https:\\\/\\\/schema.org\",\"@graph\":[{\"@type\":\"WebPage\",\"@id\":\"https:\\\/\\\/www.koonings.com\\\/de\\\/addy-van-den-krommenacker\\\/addys-hochzeitskleider\\\/\",\"url\":\"https:\\\/\\\/www.koonings.com\\\/de\\\/addy-van-den-krommenacker\\\/addys-hochzeitskleider\\\/\",\"name\":\"Addy's Hochzeitskleider | Koonings\",\"isPartOf\":{\"@id\":\"https:\\\/\\\/www.koonings.com\\\/de\\\/#website\"},\"primaryImageOfPage\":{\"@id\":\"https:\\\/\\\/www.koonings.com\\\/de\\\/addy-van-den-krommenacker\\\/addys-hochzeitskleider\\\/#primaryimage\"},\"image\":{\"@id\":\"https:\\\/\\\/www.koonings.com\\\/de\\\/addy-van-den-krommenacker\\\/addys-hochzeitskleider\\\/#primaryimage\"},\"thumbnailUrl\":\"https:\\\/\\\/www.koonings.com\\\/wp-content\\\/uploads\\\/2025\\\/05\\\/prinses-Carolina-de-Bourbon-de-Parme-1.jpg\",\"datePublished\":\"2025-05-07T14:55:13+00:00\",\"dateModified\":\"2025-07-07T09:32:08+00:00\",\"description\":\"Die Hochzeitskleider von Addy van den Krommenacker haben unz\u00e4hlige (ber\u00fchmte) Br\u00e4ute am sch\u00f6nsten Tag ihres Lebens zum Strahlen gebracht.\",\"breadcrumb\":{\"@id\":\"https:\\\/\\\/www.koonings.com\\\/de\\\/addy-van-den-krommenacker\\\/addys-hochzeitskleider\\\/#breadcrumb\"},\"inLanguage\":\"de\",\"potentialAction\":[{\"@type\":\"ReadAction\",\"target\":[\"https:\\\/\\\/www.koonings.com\\\/de\\\/addy-van-den-krommenacker\\\/addys-hochzeitskleider\\\/\"]}]},{\"@type\":\"ImageObject\",\"inLanguage\":\"de\",\"@id\":\"https:\\\/\\\/www.koonings.com\\\/de\\\/addy-van-den-krommenacker\\\/addys-hochzeitskleider\\\/#primaryimage\",\"url\":\"https:\\\/\\\/www.koonings.com\\\/wp-content\\\/uploads\\\/2025\\\/05\\\/prinses-Carolina-de-Bourbon-de-Parme-1.jpg\",\"contentUrl\":\"https:\\\/\\\/www.koonings.com\\\/wp-content\\\/uploads\\\/2025\\\/05\\\/prinses-Carolina-de-Bourbon-de-Parme-1.jpg\"},{\"@type\":\"BreadcrumbList\",\"@id\":\"https:\\\/\\\/www.koonings.com\\\/de\\\/addy-van-den-krommenacker\\\/addys-hochzeitskleider\\\/#breadcrumb\",\"itemListElement\":[{\"@type\":\"ListItem\",\"position\":1,\"name\":\"Home\",\"item\":\"https:\\\/\\\/www.koonings.com\\\/de\\\/\"},{\"@type\":\"ListItem\",\"position\":2,\"name\":\"Addy van den Krommenacker\",\"item\":\"https:\\\/\\\/www.koonings.com\\\/de\\\/addy-van-den-krommenacker\\\/\"},{\"@type\":\"ListItem\",\"position\":3,\"name\":\"Addy&#8217;s Hochzeitskleider\"}]},{\"@type\":\"WebSite\",\"@id\":\"https:\\\/\\\/www.koonings.com\\\/de\\\/#website\",\"url\":\"https:\\\/\\\/www.koonings.com\\\/de\\\/\",\"name\":\"Koonings\",\"description\":\"De grootste bruidsmodewinkel ter wereld\",\"publisher\":{\"@id\":\"https:\\\/\\\/www.koonings.com\\\/de\\\/#organization\"},\"potentialAction\":[{\"@type\":\"SearchAction\",\"target\":{\"@type\":\"EntryPoint\",\"urlTemplate\":\"https:\\\/\\\/www.koonings.com\\\/de\\\/?s={search_term_string}\"},\"query-input\":{\"@type\":\"PropertyValueSpecification\",\"valueRequired\":true,\"valueName\":\"search_term_string\"}}],\"inLanguage\":\"de\"},{\"@type\":\"Organization\",\"@id\":\"https:\\\/\\\/www.koonings.com\\\/de\\\/#organization\",\"name\":\"Koonings\",\"url\":\"https:\\\/\\\/www.koonings.com\\\/de\\\/\",\"logo\":{\"@type\":\"ImageObject\",\"inLanguage\":\"de\",\"@id\":\"https:\\\/\\\/www.koonings.com\\\/de\\\/#\\\/schema\\\/logo\\\/image\\\/\",\"url\":\"https:\\\/\\\/www.koonings.com\\\/wp-content\\\/uploads\\\/2024\\\/07\\\/logo.png\",\"contentUrl\":\"https:\\\/\\\/www.koonings.com\\\/wp-content\\\/uploads\\\/2024\\\/07\\\/logo.png\",\"width\":600,\"height\":428,\"caption\":\"Koonings\"},\"image\":{\"@id\":\"https:\\\/\\\/www.koonings.com\\\/de\\\/#\\\/schema\\\/logo\\\/image\\\/\"},\"sameAs\":[\"https:\\\/\\\/www.facebook.com\\\/kooningstheweddingpalace\",\"https:\\\/\\\/www.instagram.com\\\/kooningstheweddingpalace\",\"https:\\\/\\\/www.pinterest.com\\\/koonings\",\"https:\\\/\\\/www.youtube.com\\\/kooningstheweddingpalace\"]}]}<\/script>\n<!-- \/ Yoast SEO plugin. -->","yoast_head_json":{"title":"Addy's Hochzeitskleider | Koonings","description":"Die Hochzeitskleider von Addy van den Krommenacker haben unz\u00e4hlige (ber\u00fchmte) Br\u00e4ute am sch\u00f6nsten Tag ihres Lebens zum Strahlen gebracht.","robots":{"index":"index","follow":"follow","max-snippet":"max-snippet:-1","max-image-preview":"max-image-preview:large","max-video-preview":"max-video-preview:-1"},"canonical":"https:\/\/www.koonings.com\/de\/addy-van-den-krommenacker\/addys-hochzeitskleider\/","og_locale":"de_DE","og_type":"article","og_title":"Addy's Hochzeitskleider | Koonings","og_description":"Die Hochzeitskleider von Addy van den Krommenacker haben unz\u00e4hlige (ber\u00fchmte) Br\u00e4ute am sch\u00f6nsten Tag ihres Lebens zum Strahlen gebracht.","og_url":"https:\/\/www.koonings.com\/de\/addy-van-den-krommenacker\/addys-hochzeitskleider\/","og_site_name":"Koonings","article_publisher":"https:\/\/www.facebook.com\/kooningstheweddingpalace","article_modified_time":"2025-07-07T09:32:08+00:00","og_image":[{"width":450,"height":675,"url":"https:\/\/www.koonings.com\/wp-content\/uploads\/2025\/05\/prinses-Carolina-de-Bourbon-de-Parme-1.jpg","type":"image\/jpeg"}],"twitter_card":"summary_large_image","twitter_misc":{"Gesch\u00e4tzte Lesezeit":"1\u00a0Minute"},"schema":{"@context":"https:\/\/schema.org","@graph":[{"@type":"WebPage","@id":"https:\/\/www.koonings.com\/de\/addy-van-den-krommenacker\/addys-hochzeitskleider\/","url":"https:\/\/www.koonings.com\/de\/addy-van-den-krommenacker\/addys-hochzeitskleider\/","name":"Addy's Hochzeitskleider | Koonings","isPartOf":{"@id":"https:\/\/www.koonings.com\/de\/#website"},"primaryImageOfPage":{"@id":"https:\/\/www.koonings.com\/de\/addy-van-den-krommenacker\/addys-hochzeitskleider\/#primaryimage"},"image":{"@id":"https:\/\/www.koonings.com\/de\/addy-van-den-krommenacker\/addys-hochzeitskleider\/#primaryimage"},"thumbnailUrl":"https:\/\/www.koonings.com\/wp-content\/uploads\/2025\/05\/prinses-Carolina-de-Bourbon-de-Parme-1.jpg","datePublished":"2025-05-07T14:55:13+00:00","dateModified":"2025-07-07T09:32:08+00:00","description":"Die Hochzeitskleider von Addy van den Krommenacker haben unz\u00e4hlige (ber\u00fchmte) Br\u00e4ute am sch\u00f6nsten Tag ihres Lebens zum Strahlen gebracht.","breadcrumb":{"@id":"https:\/\/www.koonings.com\/de\/addy-van-den-krommenacker\/addys-hochzeitskleider\/#breadcrumb"},"inLanguage":"de","potentialAction":[{"@type":"ReadAction","target":["https:\/\/www.koonings.com\/de\/addy-van-den-krommenacker\/addys-hochzeitskleider\/"]}]},{"@type":"ImageObject","inLanguage":"de","@id":"https:\/\/www.koonings.com\/de\/addy-van-den-krommenacker\/addys-hochzeitskleider\/#primaryimage","url":"https:\/\/www.koonings.com\/wp-content\/uploads\/2025\/05\/prinses-Carolina-de-Bourbon-de-Parme-1.jpg","contentUrl":"https:\/\/www.koonings.com\/wp-content\/uploads\/2025\/05\/prinses-Carolina-de-Bourbon-de-Parme-1.jpg"},{"@type":"BreadcrumbList","@id":"https:\/\/www.koonings.com\/de\/addy-van-den-krommenacker\/addys-hochzeitskleider\/#breadcrumb","itemListElement":[{"@type":"ListItem","position":1,"name":"Home","item":"https:\/\/www.koonings.com\/de\/"},{"@type":"ListItem","position":2,"name":"Addy van den Krommenacker","item":"https:\/\/www.koonings.com\/de\/addy-van-den-krommenacker\/"},{"@type":"ListItem","position":3,"name":"Addy&#8217;s Hochzeitskleider"}]},{"@type":"WebSite","@id":"https:\/\/www.koonings.com\/de\/#website","url":"https:\/\/www.koonings.com\/de\/","name":"Koonings","description":"De grootste bruidsmodewinkel ter wereld","publisher":{"@id":"https:\/\/www.koonings.com\/de\/#organization"},"potentialAction":[{"@type":"SearchAction","target":{"@type":"EntryPoint","urlTemplate":"https:\/\/www.koonings.com\/de\/?s={search_term_string}"},"query-input":{"@type":"PropertyValueSpecification","valueRequired":true,"valueName":"search_term_string"}}],"inLanguage":"de"},{"@type":"Organization","@id":"https:\/\/www.koonings.com\/de\/#organization","name":"Koonings","url":"https:\/\/www.koonings.com\/de\/","logo":{"@type":"ImageObject","inLanguage":"de","@id":"https:\/\/www.koonings.com\/de\/#\/schema\/logo\/image\/","url":"https:\/\/www.koonings.com\/wp-content\/uploads\/2024\/07\/logo.png","contentUrl":"https:\/\/www.koonings.com\/wp-content\/uploads\/2024\/07\/logo.png","width":600,"height":428,"caption":"Koonings"},"image":{"@id":"https:\/\/www.koonings.com\/de\/#\/schema\/logo\/image\/"},"sameAs":["https:\/\/www.facebook.com\/kooningstheweddingpalace","https:\/\/www.instagram.com\/kooningstheweddingpalace","https:\/\/www.pinterest.com\/koonings","https:\/\/www.youtube.com\/kooningstheweddingpalace"]}]}},"_links":{"self":[{"href":"https:\/\/www.koonings.com\/de\/wp-json\/wp\/v2\/pages\/86994","targetHints":{"allow":["GET"]}}],"collection":[{"href":"https:\/\/www.koonings.com\/de\/wp-json\/wp\/v2\/pages"}],"about":[{"href":"https:\/\/www.koonings.com\/de\/wp-json\/wp\/v2\/types\/page"}],"author":[{"embeddable":true,"href":"https:\/\/www.koonings.com\/de\/wp-json\/wp\/v2\/users\/2"}],"replies":[{"embeddable":true,"href":"https:\/\/www.koonings.com\/de\/wp-json\/wp\/v2\/comments?post=86994"}],"version-history":[{"count":2,"href":"https:\/\/www.koonings.com\/de\/wp-json\/wp\/v2\/pages\/86994\/revisions"}],"predecessor-version":[{"id":87006,"href":"https:\/\/www.koonings.com\/de\/wp-json\/wp\/v2\/pages\/86994\/revisions\/87006"}],"up":[{"embeddable":true,"href":"https:\/\/www.koonings.com\/de\/wp-json\/wp\/v2\/pages\/86758"}],"wp:attachment":[{"href":"https:\/\/www.koonings.com\/de\/wp-json\/wp\/v2\/media?parent=86994"}],"curies":[{"name":"wp","href":"https:\/\/api.w.org\/{rel}","templated":true}]}}