{"id":86992,"date":"2025-04-28T16:14:38","date_gmt":"2025-04-28T14:14:38","guid":{"rendered":"https:\/\/www.koonings.com\/addy-van-den-krommenacker\/addys-autobiographie\/"},"modified":"2025-07-07T11:25:05","modified_gmt":"2025-07-07T09:25:05","slug":"addys-autobiographie","status":"publish","type":"page","link":"https:\/\/www.koonings.com\/de\/addy-van-den-krommenacker\/addys-autobiographie\/","title":{"rendered":"Addy&#8217;s Autobiographie"},"content":{"rendered":"\r\n\r\n<div class=\"eye-element fullwidth-row alignfull style-both bg--none  alignfull \" style=\" \">\r\n\r\n    <div class=\"container\">\r\n        <div class=\"row\">\r\n            <div class=\"col-12\">\r\n                <div class=\"acf-innerblocks-container\">\n\n<h1 class=\"wp-block-heading has-text-align-center\" id=\"over-addy-van-den-krommenacker-1\">Addys Autobiographie: Ein Blick hinter die Couture<\/h1>\n\n\n\n<p class=\"has-text-align-center\">Die Welt von Addy van den Krommenacker ist eine Welt des Handwerks, der Raffinesse und der Inspiration. In seiner Autobiographie <em>&#8220;Addy&#8221;<\/em> nimmt er uns mit auf eine pers\u00f6nliche Reise zu den H\u00f6hepunkten, Zweifeln und Triumphen seiner beeindruckenden Karriere.<\/p>\n\n\n\n<p class=\"has-text-align-center\">Neugierig auf die ganze Geschichte?<\/p>\n\n\n\r\n<div class=\"eye-element bsbutton text-center \" >\r\n\t        <a class=\"btn btn-primary\" href=\"https:\/\/www.addystore.com\/celebration-show-addy-van-den-krommenacker\/\"\r\n           target=\"_blank\">Jetzt die Autobiographie &#8220;Addy&#8221; bestellen<\/a>\r\n\t<\/div>\n<\/div>\r\n            <\/div>\r\n        <\/div>\r\n    <\/div>\r\n\r\n<\/div>\r\n\r\n    \n\n\r\n\r\n<div class=\"eye-element fullwidth-row alignfull style-both bg--none  alignfull \" style=\" \">\r\n\r\n    <div class=\"container\">\r\n        <div class=\"row\">\r\n            <div class=\"col-12\">\r\n                <div class=\"acf-innerblocks-container\">\n\n<div class=\"ghostkit-grid ghostkit-grid-gap-md\"><div class=\"ghostkit-grid-inner\">\n<div class=\"ghostkit-col ghostkit-col-md-12 ghostkit-col-6\"><div class=\"ghostkit-col-content is-layout-flow wp-block-ghostkit-grid-column-is-layout-flow\">\r\n<div class=\"eye-block empty-space empty-space--large pt-md-5 pb-md-5 pt-4 pb-4\" ><\/div>\n\n\n<h2 class=\"wp-block-heading\" id=\"ontdek-het-inspirerende-verhaal-van-addy\">Entdecke die inspirierende Geschichte von Addy<\/h2>\n\n\n\n<p>Die Autobiographie von Addy van den Krommenacker enth\u00fcllt den Menschen hinter der Modesch\u00f6pferin: eine kreative Vision\u00e4rin mit einer beispiellosen Leidenschaft f\u00fcr Sch\u00f6nheit, Stoffe und Weiblichkeit. Eine ehrliche und inspirierende Geschichte dar\u00fcber, sich selbst treu zu bleiben, in einer Welt voller Ruhm, Kritik und Ver\u00e4nderung. <\/p>\n\n\n\n<p><em>&#8220;Addy&#8221;<\/em> wurde anl\u00e4sslich seines 25-j\u00e4hrigen Jubil\u00e4ums als Designer ver\u00f6ffentlicht und bietet einen einzigartigen Einblick in ein Leben voller Mode und Magie.<\/p>\n\n\n\n<p>Die Autobiographie von Addy van den Krommenacker ist exklusiv \u00fcber den <a href=\"https:\/\/www.addystore.com\">Addy Store<\/a> erh\u00e4ltlich und kostet 29,95 \u20ac. Ein Muss f\u00fcr jeden Liebhaber von Haute Couture und Geschichten \u00fcber Widerstandsf\u00e4higkeit, Leidenschaft und Kreativit\u00e4t. <\/p>\n\n\n\r\n<div class=\"eye-element bsbutton text-center \" >\r\n\t        <a class=\"btn btn-primary\" href=\"https:\/\/www.addystore.com\/celebration-show-addy-van-den-krommenacker\/\"\r\n           target=\"_blank\">Jetzt die Autobiographie &#8220;Addy&#8221; bestellen<\/a>\r\n\t<\/div><\/div><\/div>\n\n\n\n<div class=\"ghostkit-col ghostkit-col-md-12 ghostkit-col-6\"><div class=\"ghostkit-col-content is-layout-flow wp-block-ghostkit-grid-column-is-layout-flow\">\n<figure class=\"wp-block-image size-large\"><img decoding=\"async\" width=\"729\" height=\"1024\" src=\"https:\/\/www.koonings.com\/wp-content\/uploads\/2025\/04\/IMG_4247-729x1024.jpeg\" alt=\"Autobiographie Addy van den Krommenacker\" class=\"wp-image-85319\" srcset=\"https:\/\/www.koonings.com\/wp-content\/uploads\/2025\/04\/IMG_4247-729x1024.jpeg 729w, https:\/\/www.koonings.com\/wp-content\/uploads\/2025\/04\/IMG_4247-214x300.jpeg 214w, https:\/\/www.koonings.com\/wp-content\/uploads\/2025\/04\/IMG_4247-768x1078.jpeg 768w, https:\/\/www.koonings.com\/wp-content\/uploads\/2025\/04\/IMG_4247-1094x1536.jpeg 1094w, https:\/\/www.koonings.com\/wp-content\/uploads\/2025\/04\/IMG_4247.jpeg 1213w\" sizes=\"(max-width: 729px) 100vw, 729px\" \/><\/figure>\n<\/div><\/div>\n<\/div><\/div>\n\n<\/div>\r\n            <\/div>\r\n        <\/div>\r\n    <\/div>\r\n\r\n<\/div>\r\n\r\n    ","protected":false},"excerpt":{"rendered":"","protected":false},"author":2,"featured_media":0,"parent":86758,"menu_order":0,"comment_status":"closed","ping_status":"closed","template":"","meta":{"_acf_changed":false,"ghostkit_customizer_options":"","ghostkit_custom_css":"","ghostkit_custom_js_head":"","ghostkit_custom_js_foot":"","ghostkit_typography":"","footnotes":""},"class_list":["post-86992","page","type-page","status-publish","hentry"],"acf":[],"yoast_head":"<!-- This site is optimized with the Yoast SEO plugin v27.3 - https:\/\/yoast.com\/product\/yoast-seo-wordpress\/ -->\n<title>Addy&#039;s Autobiographie | Koonings<\/title>\n<meta name=\"description\" content=\"Tauche ein in die au\u00dfergew\u00f6hnliche Lebensgeschichte des Modedesigners Addy van den Krommenacker. In seiner Autobiographie erz\u00e4hlt er von seiner Reise voller Mode, Leidenschaft und unvergesslicher Momente.\" \/>\n<meta name=\"robots\" content=\"index, follow, max-snippet:-1, max-image-preview:large, max-video-preview:-1\" \/>\n<link rel=\"canonical\" href=\"https:\/\/www.koonings.com\/de\/addy-van-den-krommenacker\/addys-autobiographie\/\" \/>\n<meta property=\"og:locale\" content=\"de_DE\" \/>\n<meta property=\"og:type\" content=\"article\" \/>\n<meta property=\"og:title\" content=\"Addy&#039;s Autobiographie | Koonings\" \/>\n<meta property=\"og:description\" content=\"Tauche ein in die au\u00dfergew\u00f6hnliche Lebensgeschichte des Modedesigners Addy van den Krommenacker. In seiner Autobiographie erz\u00e4hlt er von seiner Reise voller Mode, Leidenschaft und unvergesslicher Momente.\" \/>\n<meta property=\"og:url\" content=\"https:\/\/www.koonings.com\/de\/addy-van-den-krommenacker\/addys-autobiographie\/\" \/>\n<meta property=\"og:site_name\" content=\"Koonings\" \/>\n<meta property=\"article:publisher\" content=\"https:\/\/www.facebook.com\/kooningstheweddingpalace\" \/>\n<meta property=\"article:modified_time\" content=\"2025-07-07T09:25:05+00:00\" \/>\n<meta property=\"og:image\" content=\"https:\/\/www.koonings.com\/wp-content\/uploads\/2025\/04\/IMG_4247.jpeg\" \/>\n\t<meta property=\"og:image:width\" content=\"1213\" \/>\n\t<meta property=\"og:image:height\" content=\"1703\" \/>\n\t<meta property=\"og:image:type\" content=\"image\/jpeg\" \/>\n<meta name=\"twitter:card\" content=\"summary_large_image\" \/>\n<meta name=\"twitter:label1\" content=\"Gesch\u00e4tzte Lesezeit\" \/>\n\t<meta name=\"twitter:data1\" content=\"1\u00a0Minute\" \/>\n<script type=\"application\/ld+json\" class=\"yoast-schema-graph\">{\"@context\":\"https:\\\/\\\/schema.org\",\"@graph\":[{\"@type\":\"WebPage\",\"@id\":\"https:\\\/\\\/www.koonings.com\\\/de\\\/addy-van-den-krommenacker\\\/addys-autobiographie\\\/\",\"url\":\"https:\\\/\\\/www.koonings.com\\\/de\\\/addy-van-den-krommenacker\\\/addys-autobiographie\\\/\",\"name\":\"Addy's Autobiographie | Koonings\",\"isPartOf\":{\"@id\":\"https:\\\/\\\/www.koonings.com\\\/de\\\/#website\"},\"primaryImageOfPage\":{\"@id\":\"https:\\\/\\\/www.koonings.com\\\/de\\\/addy-van-den-krommenacker\\\/addys-autobiographie\\\/#primaryimage\"},\"image\":{\"@id\":\"https:\\\/\\\/www.koonings.com\\\/de\\\/addy-van-den-krommenacker\\\/addys-autobiographie\\\/#primaryimage\"},\"thumbnailUrl\":\"https:\\\/\\\/www.koonings.com\\\/wp-content\\\/uploads\\\/2025\\\/04\\\/IMG_4247-729x1024.jpeg\",\"datePublished\":\"2025-04-28T14:14:38+00:00\",\"dateModified\":\"2025-07-07T09:25:05+00:00\",\"description\":\"Tauche ein in die au\u00dfergew\u00f6hnliche Lebensgeschichte des Modedesigners Addy van den Krommenacker. In seiner Autobiographie erz\u00e4hlt er von seiner Reise voller Mode, Leidenschaft und unvergesslicher Momente.\",\"breadcrumb\":{\"@id\":\"https:\\\/\\\/www.koonings.com\\\/de\\\/addy-van-den-krommenacker\\\/addys-autobiographie\\\/#breadcrumb\"},\"inLanguage\":\"de\",\"potentialAction\":[{\"@type\":\"ReadAction\",\"target\":[\"https:\\\/\\\/www.koonings.com\\\/de\\\/addy-van-den-krommenacker\\\/addys-autobiographie\\\/\"]}]},{\"@type\":\"ImageObject\",\"inLanguage\":\"de\",\"@id\":\"https:\\\/\\\/www.koonings.com\\\/de\\\/addy-van-den-krommenacker\\\/addys-autobiographie\\\/#primaryimage\",\"url\":\"https:\\\/\\\/www.koonings.com\\\/wp-content\\\/uploads\\\/2025\\\/04\\\/IMG_4247-729x1024.jpeg\",\"contentUrl\":\"https:\\\/\\\/www.koonings.com\\\/wp-content\\\/uploads\\\/2025\\\/04\\\/IMG_4247-729x1024.jpeg\"},{\"@type\":\"BreadcrumbList\",\"@id\":\"https:\\\/\\\/www.koonings.com\\\/de\\\/addy-van-den-krommenacker\\\/addys-autobiographie\\\/#breadcrumb\",\"itemListElement\":[{\"@type\":\"ListItem\",\"position\":1,\"name\":\"Home\",\"item\":\"https:\\\/\\\/www.koonings.com\\\/de\\\/\"},{\"@type\":\"ListItem\",\"position\":2,\"name\":\"Addy van den Krommenacker\",\"item\":\"https:\\\/\\\/www.koonings.com\\\/de\\\/addy-van-den-krommenacker\\\/\"},{\"@type\":\"ListItem\",\"position\":3,\"name\":\"Addy&#8217;s Autobiographie\"}]},{\"@type\":\"WebSite\",\"@id\":\"https:\\\/\\\/www.koonings.com\\\/de\\\/#website\",\"url\":\"https:\\\/\\\/www.koonings.com\\\/de\\\/\",\"name\":\"Koonings\",\"description\":\"De grootste bruidsmodewinkel ter wereld\",\"publisher\":{\"@id\":\"https:\\\/\\\/www.koonings.com\\\/de\\\/#organization\"},\"potentialAction\":[{\"@type\":\"SearchAction\",\"target\":{\"@type\":\"EntryPoint\",\"urlTemplate\":\"https:\\\/\\\/www.koonings.com\\\/de\\\/?s={search_term_string}\"},\"query-input\":{\"@type\":\"PropertyValueSpecification\",\"valueRequired\":true,\"valueName\":\"search_term_string\"}}],\"inLanguage\":\"de\"},{\"@type\":\"Organization\",\"@id\":\"https:\\\/\\\/www.koonings.com\\\/de\\\/#organization\",\"name\":\"Koonings\",\"url\":\"https:\\\/\\\/www.koonings.com\\\/de\\\/\",\"logo\":{\"@type\":\"ImageObject\",\"inLanguage\":\"de\",\"@id\":\"https:\\\/\\\/www.koonings.com\\\/de\\\/#\\\/schema\\\/logo\\\/image\\\/\",\"url\":\"https:\\\/\\\/www.koonings.com\\\/wp-content\\\/uploads\\\/2024\\\/07\\\/logo.png\",\"contentUrl\":\"https:\\\/\\\/www.koonings.com\\\/wp-content\\\/uploads\\\/2024\\\/07\\\/logo.png\",\"width\":600,\"height\":428,\"caption\":\"Koonings\"},\"image\":{\"@id\":\"https:\\\/\\\/www.koonings.com\\\/de\\\/#\\\/schema\\\/logo\\\/image\\\/\"},\"sameAs\":[\"https:\\\/\\\/www.facebook.com\\\/kooningstheweddingpalace\",\"https:\\\/\\\/www.instagram.com\\\/kooningstheweddingpalace\",\"https:\\\/\\\/www.pinterest.com\\\/koonings\",\"https:\\\/\\\/www.youtube.com\\\/kooningstheweddingpalace\"]}]}<\/script>\n<!-- \/ Yoast SEO plugin. -->","yoast_head_json":{"title":"Addy's Autobiographie | Koonings","description":"Tauche ein in die au\u00dfergew\u00f6hnliche Lebensgeschichte des Modedesigners Addy van den Krommenacker. In seiner Autobiographie erz\u00e4hlt er von seiner Reise voller Mode, Leidenschaft und unvergesslicher Momente.","robots":{"index":"index","follow":"follow","max-snippet":"max-snippet:-1","max-image-preview":"max-image-preview:large","max-video-preview":"max-video-preview:-1"},"canonical":"https:\/\/www.koonings.com\/de\/addy-van-den-krommenacker\/addys-autobiographie\/","og_locale":"de_DE","og_type":"article","og_title":"Addy's Autobiographie | Koonings","og_description":"Tauche ein in die au\u00dfergew\u00f6hnliche Lebensgeschichte des Modedesigners Addy van den Krommenacker. In seiner Autobiographie erz\u00e4hlt er von seiner Reise voller Mode, Leidenschaft und unvergesslicher Momente.","og_url":"https:\/\/www.koonings.com\/de\/addy-van-den-krommenacker\/addys-autobiographie\/","og_site_name":"Koonings","article_publisher":"https:\/\/www.facebook.com\/kooningstheweddingpalace","article_modified_time":"2025-07-07T09:25:05+00:00","og_image":[{"width":1213,"height":1703,"url":"https:\/\/www.koonings.com\/wp-content\/uploads\/2025\/04\/IMG_4247.jpeg","type":"image\/jpeg"}],"twitter_card":"summary_large_image","twitter_misc":{"Gesch\u00e4tzte Lesezeit":"1\u00a0Minute"},"schema":{"@context":"https:\/\/schema.org","@graph":[{"@type":"WebPage","@id":"https:\/\/www.koonings.com\/de\/addy-van-den-krommenacker\/addys-autobiographie\/","url":"https:\/\/www.koonings.com\/de\/addy-van-den-krommenacker\/addys-autobiographie\/","name":"Addy's Autobiographie | Koonings","isPartOf":{"@id":"https:\/\/www.koonings.com\/de\/#website"},"primaryImageOfPage":{"@id":"https:\/\/www.koonings.com\/de\/addy-van-den-krommenacker\/addys-autobiographie\/#primaryimage"},"image":{"@id":"https:\/\/www.koonings.com\/de\/addy-van-den-krommenacker\/addys-autobiographie\/#primaryimage"},"thumbnailUrl":"https:\/\/www.koonings.com\/wp-content\/uploads\/2025\/04\/IMG_4247-729x1024.jpeg","datePublished":"2025-04-28T14:14:38+00:00","dateModified":"2025-07-07T09:25:05+00:00","description":"Tauche ein in die au\u00dfergew\u00f6hnliche Lebensgeschichte des Modedesigners Addy van den Krommenacker. In seiner Autobiographie erz\u00e4hlt er von seiner Reise voller Mode, Leidenschaft und unvergesslicher Momente.","breadcrumb":{"@id":"https:\/\/www.koonings.com\/de\/addy-van-den-krommenacker\/addys-autobiographie\/#breadcrumb"},"inLanguage":"de","potentialAction":[{"@type":"ReadAction","target":["https:\/\/www.koonings.com\/de\/addy-van-den-krommenacker\/addys-autobiographie\/"]}]},{"@type":"ImageObject","inLanguage":"de","@id":"https:\/\/www.koonings.com\/de\/addy-van-den-krommenacker\/addys-autobiographie\/#primaryimage","url":"https:\/\/www.koonings.com\/wp-content\/uploads\/2025\/04\/IMG_4247-729x1024.jpeg","contentUrl":"https:\/\/www.koonings.com\/wp-content\/uploads\/2025\/04\/IMG_4247-729x1024.jpeg"},{"@type":"BreadcrumbList","@id":"https:\/\/www.koonings.com\/de\/addy-van-den-krommenacker\/addys-autobiographie\/#breadcrumb","itemListElement":[{"@type":"ListItem","position":1,"name":"Home","item":"https:\/\/www.koonings.com\/de\/"},{"@type":"ListItem","position":2,"name":"Addy van den Krommenacker","item":"https:\/\/www.koonings.com\/de\/addy-van-den-krommenacker\/"},{"@type":"ListItem","position":3,"name":"Addy&#8217;s Autobiographie"}]},{"@type":"WebSite","@id":"https:\/\/www.koonings.com\/de\/#website","url":"https:\/\/www.koonings.com\/de\/","name":"Koonings","description":"De grootste bruidsmodewinkel ter wereld","publisher":{"@id":"https:\/\/www.koonings.com\/de\/#organization"},"potentialAction":[{"@type":"SearchAction","target":{"@type":"EntryPoint","urlTemplate":"https:\/\/www.koonings.com\/de\/?s={search_term_string}"},"query-input":{"@type":"PropertyValueSpecification","valueRequired":true,"valueName":"search_term_string"}}],"inLanguage":"de"},{"@type":"Organization","@id":"https:\/\/www.koonings.com\/de\/#organization","name":"Koonings","url":"https:\/\/www.koonings.com\/de\/","logo":{"@type":"ImageObject","inLanguage":"de","@id":"https:\/\/www.koonings.com\/de\/#\/schema\/logo\/image\/","url":"https:\/\/www.koonings.com\/wp-content\/uploads\/2024\/07\/logo.png","contentUrl":"https:\/\/www.koonings.com\/wp-content\/uploads\/2024\/07\/logo.png","width":600,"height":428,"caption":"Koonings"},"image":{"@id":"https:\/\/www.koonings.com\/de\/#\/schema\/logo\/image\/"},"sameAs":["https:\/\/www.facebook.com\/kooningstheweddingpalace","https:\/\/www.instagram.com\/kooningstheweddingpalace","https:\/\/www.pinterest.com\/koonings","https:\/\/www.youtube.com\/kooningstheweddingpalace"]}]}},"_links":{"self":[{"href":"https:\/\/www.koonings.com\/de\/wp-json\/wp\/v2\/pages\/86992","targetHints":{"allow":["GET"]}}],"collection":[{"href":"https:\/\/www.koonings.com\/de\/wp-json\/wp\/v2\/pages"}],"about":[{"href":"https:\/\/www.koonings.com\/de\/wp-json\/wp\/v2\/types\/page"}],"author":[{"embeddable":true,"href":"https:\/\/www.koonings.com\/de\/wp-json\/wp\/v2\/users\/2"}],"replies":[{"embeddable":true,"href":"https:\/\/www.koonings.com\/de\/wp-json\/wp\/v2\/comments?post=86992"}],"version-history":[{"count":3,"href":"https:\/\/www.koonings.com\/de\/wp-json\/wp\/v2\/pages\/86992\/revisions"}],"predecessor-version":[{"id":87001,"href":"https:\/\/www.koonings.com\/de\/wp-json\/wp\/v2\/pages\/86992\/revisions\/87001"}],"up":[{"embeddable":true,"href":"https:\/\/www.koonings.com\/de\/wp-json\/wp\/v2\/pages\/86758"}],"wp:attachment":[{"href":"https:\/\/www.koonings.com\/de\/wp-json\/wp\/v2\/media?parent=86992"}],"curies":[{"name":"wp","href":"https:\/\/api.w.org\/{rel}","templated":true}]}}