{"id":86962,"date":"2025-05-21T16:41:31","date_gmt":"2025-05-21T14:41:31","guid":{"rendered":"https:\/\/www.koonings.com\/braut\/brautschuhe\/"},"modified":"2025-07-01T16:03:43","modified_gmt":"2025-07-01T14:03:43","slug":"brautschuhe","status":"publish","type":"page","link":"https:\/\/www.koonings.com\/de\/braut\/brautschuhe\/","title":{"rendered":"Brautschuhe"},"content":{"rendered":"\r\n\r\n<div class=\"eye-element fullwidth-row alignfull style-both bg--none  alignfull \" style=\" \">\r\n\r\n    <div class=\"container\">\r\n        <div class=\"row\">\r\n            <div class=\"col-12\">\r\n                <div class=\"acf-innerblocks-container\">\n\n<h1 class=\"wp-block-heading has-text-align-center\" id=\"bruidsschoenen-bij-koonings\">Brautschuhe bei Koonings<\/h1>\n\n\n\n<p class=\"has-text-align-center\">Von dem Moment, in dem du zum Altar schreitest, bis zur letzten Drehung auf der Tanzfl\u00e4che, werden deine Hochzeitsschuhe den ganzen Tag \u00fcber dabei sein. Du tr\u00e4gst nicht nur deinen Look, sondern auch dein Gef\u00fchl &#8211; selbstbewusst, stilvoll und ganz du selbst.<\/p>\n\n\n\n<p class=\"has-text-align-center\">Bei Koonings findest du Brautschuhe, die deinen Stil unterstreichen und bequem zu tragen sind. Ob du nun von klassischen Abs\u00e4tzen tr\u00e4umst, von weichen Ballerinas oder einem Hauch von Glamour suchst: Es gibt immer ein Paar, das zu deinem Kleid, deinem Tag und vor allem zu dir passt.<\/p>\n\n\n\r\n\r\n<div class=\"eye-element fullwidth-row alignfull style-both bg--none  alignfull \" style=\" \">\r\n\r\n    <div class=\"container\">\r\n        <div class=\"row\">\r\n            <div class=\"col-12\">\r\n                <div class=\"acf-innerblocks-container\">\n\n<div class=\"ghostkit-grid ghostkit-grid-gap-md\"><div class=\"ghostkit-grid-inner\">\n<div class=\"ghostkit-col ghostkit-col-md-12 ghostkit-col-6\"><div class=\"ghostkit-col-content is-layout-flow wp-block-ghostkit-grid-column-is-layout-flow\">\n<figure class=\"wp-block-image size-large\"><img decoding=\"async\" width=\"1024\" height=\"768\" src=\"https:\/\/www.koonings.com\/wp-content\/uploads\/2024\/09\/trouwschoenen-1024x768.jpg\" alt=\"\" class=\"wp-image-24266\" srcset=\"https:\/\/www.koonings.com\/wp-content\/uploads\/2024\/09\/trouwschoenen-1024x768.jpg 1024w, https:\/\/www.koonings.com\/wp-content\/uploads\/2024\/09\/trouwschoenen-300x225.jpg 300w, https:\/\/www.koonings.com\/wp-content\/uploads\/2024\/09\/trouwschoenen-768x576.jpg 768w, https:\/\/www.koonings.com\/wp-content\/uploads\/2024\/09\/trouwschoenen-1536x1152.jpg 1536w, https:\/\/www.koonings.com\/wp-content\/uploads\/2024\/09\/trouwschoenen-2048x1536.jpg 2048w\" sizes=\"(max-width: 1024px) 100vw, 1024px\" \/><\/figure>\n<\/div><\/div>\n\n\n\n<div class=\"ghostkit-col ghostkit-col-md-12 ghostkit-col-6\"><div class=\"ghostkit-col-content is-layout-flow wp-block-ghostkit-grid-column-is-layout-flow\">\n<h2 class=\"wp-block-heading\" id=\"shoestories-by-elsa\">Marken, die wissen, was du brauchst<\/h2>\n\n\n\n<p>Ganz gleich, ob du zeitlose Eleganz, modernes Flair oder ultimativen Komfort suchst &#8211; unsere Kollektion von Hochzeitsschuhen wurde sorgf\u00e4ltig zusammengestellt, um deine Bed\u00fcrfnisse zu erf\u00fcllen. Jede Marke bietet etwas Einzigartiges, so dass du genau das Paar finden kannst, das deine F\u00fc\u00dfe und dein Herz gl\u00fccklich macht:<\/p>\n\n\n\n<p><strong>Mr. Fiarucci <\/strong> &#8211; F\u00fcr Br\u00e4ute oder weibliche G\u00e4ste, die sich f\u00fcr Extravangz und Stil entscheiden. Ob ungew\u00f6hnliche, flache Schuhe oder auffallende Designs, die ein wenig anders sind &#8211; haben sie eins gemeinsam: sie sind immer stilvoll.<\/p>\n\n\n\n<p><strong>Rainbow Club<\/strong> &#8211; F\u00fcr die Braut, die klassische Sch\u00f6nheit und sanften Luxus liebt. Diese eleganten Modelle mit bequemen Innensohlen lassen erm\u00f6glichen dir den ganzen Tag Tragekomfort.<\/p>\n\n\n\n<p><strong>Fiarucci Bridal &amp; Party<\/strong> &#8211; Trendig und doch bequem, perfekt f\u00fcr Br\u00e4ute, die Stil mit Bewegungsfreiheit kombinieren m\u00f6chten. Ideal f\u00fcr die Party, das Fotoshooting oder einfach immer dann, wenn du du selbst sein willst?<\/p>\n<\/div><\/div>\n<\/div><\/div>\n\n<\/div>\r\n            <\/div>\r\n        <\/div>\r\n    <\/div>\r\n\r\n<\/div>\r\n\r\n    \n\n\r\n\r\n<div class=\"eye-element fullwidth-row alignfull style-both bg--none  alignfull \" style=\" \">\r\n\r\n    <div class=\"container\">\r\n        <div class=\"row\">\r\n            <div class=\"col-12\">\r\n                <div class=\"acf-innerblocks-container\">\n\n<div class=\"ghostkit-grid ghostkit-grid-gap-md\"><div class=\"ghostkit-grid-inner\">\n<div class=\"ghostkit-col ghostkit-col-md-12 ghostkit-col-6\"><div class=\"ghostkit-col-content is-layout-flow wp-block-ghostkit-grid-column-is-layout-flow\">\r\n<div class=\"eye-block empty-space empty-space--small pt-md-3 pb-md-3 pt-2 pb-2\" ><\/div>\n\n\n<h2 class=\"wp-block-heading\" id=\"shoestories-by-elsa\">Shoestories by Elsa<\/h2>\n\n\n\n<p>An deinem Hochzeitstag w\u00fcnschst du dir nichts sehnlicher, als dich sch\u00f6n, selbstbewusst und wohl zu f\u00fchlen &#8211; vom ersten Moment bis zum letzten Tanz. Die Brautschuhe <strong>von Shoestories by Elsa<\/strong> wurden speziell daf\u00fcr entworfen: stilvoll, feminin und erstaunlich bequem tragen sie dich durch den Tag.<\/p>\n\n\n\n<p>Hergestellt aus luxuri\u00f6sen Materialien wie Satin, Spitze und Wildleder, f\u00fchlen sich diese Schuhe genauso gut an, wie sie aussehen. Ob du dich f\u00fcr einen eleganten Absatz entscheidest oder lieber etwas bodenst\u00e4ndiger bleibst, jedes Paar ist in verschiedenen H\u00f6hen erh\u00e4ltlich und kann eingef\u00e4rbt werden, um deine Schuhe nahtlos mit deinem Kleid, deinem Styling oder sogar dem Thema deines Tages abzustimmen.<\/p>\n\n\n\n<p>Es sind Schuhe, die du mit Stolz tr\u00e4gst &#8211; und vielleicht auch noch danach.<\/p>\n<\/div><\/div>\n\n\n\n<div class=\"ghostkit-col ghostkit-col-md-12 ghostkit-col-6\"><div class=\"ghostkit-col-content is-layout-flow wp-block-ghostkit-grid-column-is-layout-flow\">\n<figure class=\"wp-block-image size-full\"><img decoding=\"async\" width=\"800\" height=\"800\" src=\"https:\/\/www.koonings.com\/wp-content\/uploads\/2024\/08\/blog_schoenen1.jpg-2.webp\" alt=\"\" class=\"wp-image-14564\" srcset=\"https:\/\/www.koonings.com\/wp-content\/uploads\/2024\/08\/blog_schoenen1.jpg-2.webp 800w, https:\/\/www.koonings.com\/wp-content\/uploads\/2024\/08\/blog_schoenen1.jpg-2-300x300.webp 300w, https:\/\/www.koonings.com\/wp-content\/uploads\/2024\/08\/blog_schoenen1.jpg-2-150x150.webp 150w, https:\/\/www.koonings.com\/wp-content\/uploads\/2024\/08\/blog_schoenen1.jpg-2-768x768.webp 768w\" sizes=\"(max-width: 800px) 100vw, 800px\" \/><\/figure>\n<\/div><\/div>\n<\/div><\/div>\n\n<\/div>\r\n            <\/div>\r\n        <\/div>\r\n    <\/div>\r\n\r\n<\/div>\r\n\r\n    \n\n\r\n\r\n<div class=\"eye-element fullwidth-row alignfull style-both bg--none  alignfull \" style=\" \">\r\n\r\n    <div class=\"container\">\r\n        <div class=\"row\">\r\n            <div class=\"col-12\">\r\n                <div class=\"acf-innerblocks-container\">\n\n<div class=\"ghostkit-grid ghostkit-grid-gap-md\"><div class=\"ghostkit-grid-inner\">\n<div class=\"ghostkit-col ghostkit-col-md-12 ghostkit-col-6\"><div class=\"ghostkit-col-content is-layout-flow wp-block-ghostkit-grid-column-is-layout-flow\">\n<figure class=\"wp-block-image size-large\"><img decoding=\"async\" width=\"1024\" height=\"999\" src=\"https:\/\/www.koonings.com\/wp-content\/uploads\/2024\/08\/blog_schoenen2.jpg-1-1024x999.webp\" alt=\"\" class=\"wp-image-10999\" srcset=\"https:\/\/www.koonings.com\/wp-content\/uploads\/2024\/08\/blog_schoenen2.jpg-1-1024x999.webp 1024w, https:\/\/www.koonings.com\/wp-content\/uploads\/2024\/08\/blog_schoenen2.jpg-1-300x293.webp 300w, https:\/\/www.koonings.com\/wp-content\/uploads\/2024\/08\/blog_schoenen2.jpg-1-768x749.webp 768w, https:\/\/www.koonings.com\/wp-content\/uploads\/2024\/08\/blog_schoenen2.jpg-1.webp 1300w\" sizes=\"(max-width: 1024px) 100vw, 1024px\" \/><\/figure>\n<\/div><\/div>\n\n\n\n<div class=\"ghostkit-col ghostkit-col-md-12 ghostkit-col-6\"><div class=\"ghostkit-col-content is-layout-flow wp-block-ghostkit-grid-column-is-layout-flow\">\r\n<div class=\"eye-block empty-space empty-space--small pt-md-3 pb-md-3 pt-2 pb-2\" ><\/div>\n\n\n<h2 class=\"wp-block-heading\" id=\"shoestories-by-elsa\">Praktische Tipps von unseren Stylisten<\/h2>\n\n\n\n<p>Eine gute Vorbereitung sorgt daf\u00fcr, dass du an deinem Tag selbstbewusst und sorgenfrei bist. Unsere Stylisten geben dir gerne einige n\u00fctzliche Tipps, damit deine Schuhe nicht nur sch\u00f6n sind &#8211; sondern sich auch gut anf\u00fchlen.<\/p>\n\n\n\n<p><strong>Probieren dein Kleid mit deinen Schuhen an<\/strong> &#8211; so kannst du sicher sein, dass die L\u00e4nge stimmt und der Stil hervorragend kombiniert ist.<\/p>\n\n\n\n<p><strong>Probiere deine Schuhe auf verschiedenen Untergr\u00fcnden<\/strong> aus &#8211; sowohl auf glatten als auch auf rauen, damit du sicher sein kannst, dass du fest stehst.<\/p>\n\n\n\n<p><strong>Tragen deine Schuhe vor dem gro\u00dfen Tag ein<\/strong> &#8211; so vermeidest du sowohl \u00dcberraschungen als auch Blasen.<\/p>\n\n\n\n<p><em><strong>Extra-Tipp:<\/strong> <\/em>Lassen deine Hochzeitsschuhe nach der Hochzeit in einer Farbe deiner Wahl f\u00e4rben. Auf diese Weise bleiben sie nicht nur eine sch\u00f6ne Erinnerung, sondern du kannst sie auch wieder tragen &#8211; dauerhaft und stilvoll.<\/p>\n<\/div><\/div>\n<\/div><\/div>\n\n<\/div>\r\n            <\/div>\r\n        <\/div>\r\n    <\/div>\r\n\r\n<\/div>\r\n\r\n    \n\n\r\n\r\n<div class=\"eye-element fullwidth-row alignfull style-both bg--none  alignfull \" style=\" \">\r\n\r\n    <div class=\"container\">\r\n        <div class=\"row\">\r\n            <div class=\"col-12\">\r\n                <div class=\"acf-innerblocks-container\">\n\n<h2 class=\"wp-block-heading has-text-align-center\" id=\"maak-jouw-look-compleet\"><strong>Vervollst\u00e4ndigen deinen Look<\/strong><\/h2>\n\n\n\n<p class=\"has-text-align-center\">Bei Koonings glauben wir an die Magie eines Gesamtbildes. Unsere Stylisten helfen dir daher nicht nur, das perfekte Kleid zu finden, sondern sorgen auch f\u00fcr den letzten Schliff. Deine Brautschuhe sind mehr als nur ein Detail &#8211; sie geben dir buchst\u00e4blich die Grundlage f\u00fcr einen selbstbewussten, strahlenden Tag.<\/p>\n\n\n\n<p class=\"has-text-align-center\"><strong>Vereinbare noch heute einen Termin und lassen dich von unserem Stylisten beraten.<\/strong><br>Denn wir von Koonings lassen dich von Kopf bis Fu\u00df strahlen.<\/p>\n\n\n\r\n<div class=\"eye-element bsbutton text-center \" >\r\n\t        <a class=\"btn btn-gold\" href=\"https:\/\/www.koonings.com\/de\/termin-machen\/\"\r\n           target=\"\">Vereinbare jetzt deinen Termin<\/a>\r\n\t<\/div>\n<\/div>\r\n            <\/div>\r\n        <\/div>\r\n    <\/div>\r\n\r\n<\/div>\r\n\r\n    \n<\/div>\r\n            <\/div>\r\n        <\/div>\r\n    <\/div>\r\n\r\n<\/div>\r\n\r\n    ","protected":false},"excerpt":{"rendered":"","protected":false},"author":2,"featured_media":0,"parent":15649,"menu_order":0,"comment_status":"closed","ping_status":"closed","template":"","meta":{"_acf_changed":false,"ghostkit_customizer_options":"","ghostkit_custom_css":"","ghostkit_custom_js_head":"","ghostkit_custom_js_foot":"","ghostkit_typography":"","footnotes":""},"class_list":["post-86962","page","type-page","status-publish","hentry"],"acf":[],"yoast_head":"<!-- This site is optimized with the Yoast SEO plugin v27.3 - https:\/\/yoast.com\/product\/yoast-seo-wordpress\/ -->\n<title>Brautschuhe | Koonings<\/title>\n<meta name=\"description\" content=\"Entdecken Sie stilvolle und bequeme Brautschuhe bei Koonings. Von klassischen Abs\u00e4tzen bis hin zu modernen flachen Schuhen - perfekt abgestimmt auf Ihr Hochzeitskleid.\" \/>\n<meta name=\"robots\" content=\"index, follow, max-snippet:-1, max-image-preview:large, max-video-preview:-1\" \/>\n<link rel=\"canonical\" href=\"https:\/\/www.koonings.com\/de\/braut\/brautschuhe\/\" \/>\n<meta property=\"og:locale\" content=\"de_DE\" \/>\n<meta property=\"og:type\" content=\"article\" \/>\n<meta property=\"og:title\" content=\"Brautschuhe | Koonings\" \/>\n<meta property=\"og:description\" content=\"Entdecken Sie stilvolle und bequeme Brautschuhe bei Koonings. Von klassischen Abs\u00e4tzen bis hin zu modernen flachen Schuhen - perfekt abgestimmt auf Ihr Hochzeitskleid.\" \/>\n<meta property=\"og:url\" content=\"https:\/\/www.koonings.com\/de\/braut\/brautschuhe\/\" \/>\n<meta property=\"og:site_name\" content=\"Koonings\" \/>\n<meta property=\"article:publisher\" content=\"https:\/\/www.facebook.com\/kooningstheweddingpalace\" \/>\n<meta property=\"article:modified_time\" content=\"2025-07-01T14:03:43+00:00\" \/>\n<meta property=\"og:image\" content=\"https:\/\/www.koonings.com\/wp-content\/uploads\/2024\/09\/trouwschoenen-scaled.jpg\" \/>\n\t<meta property=\"og:image:width\" content=\"2560\" \/>\n\t<meta property=\"og:image:height\" content=\"1920\" \/>\n\t<meta property=\"og:image:type\" content=\"image\/jpeg\" \/>\n<meta name=\"twitter:card\" content=\"summary_large_image\" \/>\n<meta name=\"twitter:label1\" content=\"Gesch\u00e4tzte Lesezeit\" \/>\n\t<meta name=\"twitter:data1\" content=\"3\u00a0Minuten\" \/>\n<script type=\"application\/ld+json\" class=\"yoast-schema-graph\">{\"@context\":\"https:\\\/\\\/schema.org\",\"@graph\":[{\"@type\":\"WebPage\",\"@id\":\"https:\\\/\\\/www.koonings.com\\\/de\\\/braut\\\/brautschuhe\\\/\",\"url\":\"https:\\\/\\\/www.koonings.com\\\/de\\\/braut\\\/brautschuhe\\\/\",\"name\":\"Brautschuhe | Koonings\",\"isPartOf\":{\"@id\":\"https:\\\/\\\/www.koonings.com\\\/de\\\/#website\"},\"primaryImageOfPage\":{\"@id\":\"https:\\\/\\\/www.koonings.com\\\/de\\\/braut\\\/brautschuhe\\\/#primaryimage\"},\"image\":{\"@id\":\"https:\\\/\\\/www.koonings.com\\\/de\\\/braut\\\/brautschuhe\\\/#primaryimage\"},\"thumbnailUrl\":\"https:\\\/\\\/www.koonings.com\\\/wp-content\\\/uploads\\\/2024\\\/09\\\/trouwschoenen-1024x768.jpg\",\"datePublished\":\"2025-05-21T14:41:31+00:00\",\"dateModified\":\"2025-07-01T14:03:43+00:00\",\"description\":\"Entdecken Sie stilvolle und bequeme Brautschuhe bei Koonings. Von klassischen Abs\u00e4tzen bis hin zu modernen flachen Schuhen - perfekt abgestimmt auf Ihr Hochzeitskleid.\",\"breadcrumb\":{\"@id\":\"https:\\\/\\\/www.koonings.com\\\/de\\\/braut\\\/brautschuhe\\\/#breadcrumb\"},\"inLanguage\":\"de\",\"potentialAction\":[{\"@type\":\"ReadAction\",\"target\":[\"https:\\\/\\\/www.koonings.com\\\/de\\\/braut\\\/brautschuhe\\\/\"]}]},{\"@type\":\"ImageObject\",\"inLanguage\":\"de\",\"@id\":\"https:\\\/\\\/www.koonings.com\\\/de\\\/braut\\\/brautschuhe\\\/#primaryimage\",\"url\":\"https:\\\/\\\/www.koonings.com\\\/wp-content\\\/uploads\\\/2024\\\/09\\\/trouwschoenen-1024x768.jpg\",\"contentUrl\":\"https:\\\/\\\/www.koonings.com\\\/wp-content\\\/uploads\\\/2024\\\/09\\\/trouwschoenen-1024x768.jpg\"},{\"@type\":\"BreadcrumbList\",\"@id\":\"https:\\\/\\\/www.koonings.com\\\/de\\\/braut\\\/brautschuhe\\\/#breadcrumb\",\"itemListElement\":[{\"@type\":\"ListItem\",\"position\":1,\"name\":\"Home\",\"item\":\"https:\\\/\\\/www.koonings.com\\\/de\\\/\"},{\"@type\":\"ListItem\",\"position\":2,\"name\":\"Braut\",\"item\":\"https:\\\/\\\/www.koonings.com\\\/de\\\/braut\\\/\"},{\"@type\":\"ListItem\",\"position\":3,\"name\":\"Brautschuhe\"}]},{\"@type\":\"WebSite\",\"@id\":\"https:\\\/\\\/www.koonings.com\\\/de\\\/#website\",\"url\":\"https:\\\/\\\/www.koonings.com\\\/de\\\/\",\"name\":\"Koonings\",\"description\":\"De grootste bruidsmodewinkel ter wereld\",\"publisher\":{\"@id\":\"https:\\\/\\\/www.koonings.com\\\/de\\\/#organization\"},\"potentialAction\":[{\"@type\":\"SearchAction\",\"target\":{\"@type\":\"EntryPoint\",\"urlTemplate\":\"https:\\\/\\\/www.koonings.com\\\/de\\\/?s={search_term_string}\"},\"query-input\":{\"@type\":\"PropertyValueSpecification\",\"valueRequired\":true,\"valueName\":\"search_term_string\"}}],\"inLanguage\":\"de\"},{\"@type\":\"Organization\",\"@id\":\"https:\\\/\\\/www.koonings.com\\\/de\\\/#organization\",\"name\":\"Koonings\",\"url\":\"https:\\\/\\\/www.koonings.com\\\/de\\\/\",\"logo\":{\"@type\":\"ImageObject\",\"inLanguage\":\"de\",\"@id\":\"https:\\\/\\\/www.koonings.com\\\/de\\\/#\\\/schema\\\/logo\\\/image\\\/\",\"url\":\"https:\\\/\\\/www.koonings.com\\\/wp-content\\\/uploads\\\/2024\\\/07\\\/logo.png\",\"contentUrl\":\"https:\\\/\\\/www.koonings.com\\\/wp-content\\\/uploads\\\/2024\\\/07\\\/logo.png\",\"width\":600,\"height\":428,\"caption\":\"Koonings\"},\"image\":{\"@id\":\"https:\\\/\\\/www.koonings.com\\\/de\\\/#\\\/schema\\\/logo\\\/image\\\/\"},\"sameAs\":[\"https:\\\/\\\/www.facebook.com\\\/kooningstheweddingpalace\",\"https:\\\/\\\/www.instagram.com\\\/kooningstheweddingpalace\",\"https:\\\/\\\/www.pinterest.com\\\/koonings\",\"https:\\\/\\\/www.youtube.com\\\/kooningstheweddingpalace\"]}]}<\/script>\n<!-- \/ Yoast SEO plugin. -->","yoast_head_json":{"title":"Brautschuhe | Koonings","description":"Entdecken Sie stilvolle und bequeme Brautschuhe bei Koonings. Von klassischen Abs\u00e4tzen bis hin zu modernen flachen Schuhen - perfekt abgestimmt auf Ihr Hochzeitskleid.","robots":{"index":"index","follow":"follow","max-snippet":"max-snippet:-1","max-image-preview":"max-image-preview:large","max-video-preview":"max-video-preview:-1"},"canonical":"https:\/\/www.koonings.com\/de\/braut\/brautschuhe\/","og_locale":"de_DE","og_type":"article","og_title":"Brautschuhe | Koonings","og_description":"Entdecken Sie stilvolle und bequeme Brautschuhe bei Koonings. Von klassischen Abs\u00e4tzen bis hin zu modernen flachen Schuhen - perfekt abgestimmt auf Ihr Hochzeitskleid.","og_url":"https:\/\/www.koonings.com\/de\/braut\/brautschuhe\/","og_site_name":"Koonings","article_publisher":"https:\/\/www.facebook.com\/kooningstheweddingpalace","article_modified_time":"2025-07-01T14:03:43+00:00","og_image":[{"width":2560,"height":1920,"url":"https:\/\/www.koonings.com\/wp-content\/uploads\/2024\/09\/trouwschoenen-scaled.jpg","type":"image\/jpeg"}],"twitter_card":"summary_large_image","twitter_misc":{"Gesch\u00e4tzte Lesezeit":"3\u00a0Minuten"},"schema":{"@context":"https:\/\/schema.org","@graph":[{"@type":"WebPage","@id":"https:\/\/www.koonings.com\/de\/braut\/brautschuhe\/","url":"https:\/\/www.koonings.com\/de\/braut\/brautschuhe\/","name":"Brautschuhe | Koonings","isPartOf":{"@id":"https:\/\/www.koonings.com\/de\/#website"},"primaryImageOfPage":{"@id":"https:\/\/www.koonings.com\/de\/braut\/brautschuhe\/#primaryimage"},"image":{"@id":"https:\/\/www.koonings.com\/de\/braut\/brautschuhe\/#primaryimage"},"thumbnailUrl":"https:\/\/www.koonings.com\/wp-content\/uploads\/2024\/09\/trouwschoenen-1024x768.jpg","datePublished":"2025-05-21T14:41:31+00:00","dateModified":"2025-07-01T14:03:43+00:00","description":"Entdecken Sie stilvolle und bequeme Brautschuhe bei Koonings. Von klassischen Abs\u00e4tzen bis hin zu modernen flachen Schuhen - perfekt abgestimmt auf Ihr Hochzeitskleid.","breadcrumb":{"@id":"https:\/\/www.koonings.com\/de\/braut\/brautschuhe\/#breadcrumb"},"inLanguage":"de","potentialAction":[{"@type":"ReadAction","target":["https:\/\/www.koonings.com\/de\/braut\/brautschuhe\/"]}]},{"@type":"ImageObject","inLanguage":"de","@id":"https:\/\/www.koonings.com\/de\/braut\/brautschuhe\/#primaryimage","url":"https:\/\/www.koonings.com\/wp-content\/uploads\/2024\/09\/trouwschoenen-1024x768.jpg","contentUrl":"https:\/\/www.koonings.com\/wp-content\/uploads\/2024\/09\/trouwschoenen-1024x768.jpg"},{"@type":"BreadcrumbList","@id":"https:\/\/www.koonings.com\/de\/braut\/brautschuhe\/#breadcrumb","itemListElement":[{"@type":"ListItem","position":1,"name":"Home","item":"https:\/\/www.koonings.com\/de\/"},{"@type":"ListItem","position":2,"name":"Braut","item":"https:\/\/www.koonings.com\/de\/braut\/"},{"@type":"ListItem","position":3,"name":"Brautschuhe"}]},{"@type":"WebSite","@id":"https:\/\/www.koonings.com\/de\/#website","url":"https:\/\/www.koonings.com\/de\/","name":"Koonings","description":"De grootste bruidsmodewinkel ter wereld","publisher":{"@id":"https:\/\/www.koonings.com\/de\/#organization"},"potentialAction":[{"@type":"SearchAction","target":{"@type":"EntryPoint","urlTemplate":"https:\/\/www.koonings.com\/de\/?s={search_term_string}"},"query-input":{"@type":"PropertyValueSpecification","valueRequired":true,"valueName":"search_term_string"}}],"inLanguage":"de"},{"@type":"Organization","@id":"https:\/\/www.koonings.com\/de\/#organization","name":"Koonings","url":"https:\/\/www.koonings.com\/de\/","logo":{"@type":"ImageObject","inLanguage":"de","@id":"https:\/\/www.koonings.com\/de\/#\/schema\/logo\/image\/","url":"https:\/\/www.koonings.com\/wp-content\/uploads\/2024\/07\/logo.png","contentUrl":"https:\/\/www.koonings.com\/wp-content\/uploads\/2024\/07\/logo.png","width":600,"height":428,"caption":"Koonings"},"image":{"@id":"https:\/\/www.koonings.com\/de\/#\/schema\/logo\/image\/"},"sameAs":["https:\/\/www.facebook.com\/kooningstheweddingpalace","https:\/\/www.instagram.com\/kooningstheweddingpalace","https:\/\/www.pinterest.com\/koonings","https:\/\/www.youtube.com\/kooningstheweddingpalace"]}]}},"_links":{"self":[{"href":"https:\/\/www.koonings.com\/de\/wp-json\/wp\/v2\/pages\/86962","targetHints":{"allow":["GET"]}}],"collection":[{"href":"https:\/\/www.koonings.com\/de\/wp-json\/wp\/v2\/pages"}],"about":[{"href":"https:\/\/www.koonings.com\/de\/wp-json\/wp\/v2\/types\/page"}],"author":[{"embeddable":true,"href":"https:\/\/www.koonings.com\/de\/wp-json\/wp\/v2\/users\/2"}],"replies":[{"embeddable":true,"href":"https:\/\/www.koonings.com\/de\/wp-json\/wp\/v2\/comments?post=86962"}],"version-history":[{"count":2,"href":"https:\/\/www.koonings.com\/de\/wp-json\/wp\/v2\/pages\/86962\/revisions"}],"predecessor-version":[{"id":86965,"href":"https:\/\/www.koonings.com\/de\/wp-json\/wp\/v2\/pages\/86962\/revisions\/86965"}],"up":[{"embeddable":true,"href":"https:\/\/www.koonings.com\/de\/wp-json\/wp\/v2\/pages\/15649"}],"wp:attachment":[{"href":"https:\/\/www.koonings.com\/de\/wp-json\/wp\/v2\/media?parent=86962"}],"curies":[{"name":"wp","href":"https:\/\/api.w.org\/{rel}","templated":true}]}}