{"id":86749,"date":"2025-05-23T16:08:05","date_gmt":"2025-05-23T14:08:05","guid":{"rendered":"https:\/\/www.koonings.com\/braeutigam\/schuhe\/"},"modified":"2025-06-30T10:10:43","modified_gmt":"2025-06-30T08:10:43","slug":"schuhe","status":"publish","type":"page","link":"https:\/\/www.koonings.com\/de\/braeutigam\/schuhe\/","title":{"rendered":"Schuhe"},"content":{"rendered":"\r\n\r\n<div class=\"eye-element fullwidth-row alignfull style-both bg--none  alignfull \" style=\" \">\r\n\r\n    <div class=\"container\">\r\n        <div class=\"row\">\r\n            <div class=\"col-12\">\r\n                <div class=\"acf-innerblocks-container\">\n\n<h1 class=\"wp-block-heading has-text-align-center\" id=\"trouwschoenen-voor-heren\">Hochzeitsschuhe f\u00fcr M\u00e4nner<\/h1>\n\n\n\n<p class=\"has-text-align-center\">Als Br\u00e4utigam willst du nicht nur gut aussehen &#8211; du willst vor allem du selbst sein, mit Stil. Die richtigen Hochzeitsschuhe vervollst\u00e4ndigen deinen Look, st\u00e4rken deine K\u00f6rperhaltung und sorgen daf\u00fcr, dass du den ganzen Tag \u00fcber selbstbewusst bist &#8211; von der Zeremonie bis zur Tanzfl\u00e4che.<\/p>\n\n\n\r\n\r\n<div class=\"eye-element fullwidth-row alignfull style-both bg--none  alignfull \" style=\" \">\r\n\r\n    <div class=\"container\">\r\n        <div class=\"row\">\r\n            <div class=\"col-12\">\r\n                <div class=\"acf-innerblocks-container\">\n\n<div class=\"ghostkit-grid ghostkit-grid-gap-md\"><div class=\"ghostkit-grid-inner\">\n<div class=\"ghostkit-col ghostkit-col-md-12 ghostkit-col-6\"><div class=\"ghostkit-col-content is-layout-flow wp-block-ghostkit-grid-column-is-layout-flow\">\n<h2 class=\"wp-block-heading\" id=\"materiaal-comfort-pasvorm\">Material, Komfort und Passform<\/h2>\n\n\n\n<p>Unsere Hochzeitsschuhe f\u00fcr Herren sind aus hochwertigem Leder, Wildleder oder Lackleder gefertigt &#8211; sorgf\u00e4ltig verarbeitet und auf Komfort ausgelegt. Viele Modelle sind mit weichen Innensohlen und atmungsaktivem Futter ausgestattet, so dass du  sie den ganzen Tag \u00fcber m\u00fchelos tragen kannst. Vom Ja-Wort bis tief in die Nacht.<\/p>\n<\/div><\/div>\n\n\n\n<div class=\"ghostkit-col ghostkit-col-md-12 ghostkit-col-6\"><div class=\"ghostkit-col-content is-layout-flow wp-block-ghostkit-grid-column-is-layout-flow\">\n<figure class=\"wp-block-image size-large\"><img decoding=\"async\" width=\"1024\" height=\"768\" src=\"https:\/\/www.koonings.com\/wp-content\/uploads\/2025\/05\/IMG_6672-1024x768.jpeg\" alt=\"\" class=\"wp-image-86272\" srcset=\"https:\/\/www.koonings.com\/wp-content\/uploads\/2025\/05\/IMG_6672-1024x768.jpeg 1024w, https:\/\/www.koonings.com\/wp-content\/uploads\/2025\/05\/IMG_6672-300x225.jpeg 300w, https:\/\/www.koonings.com\/wp-content\/uploads\/2025\/05\/IMG_6672-768x576.jpeg 768w, https:\/\/www.koonings.com\/wp-content\/uploads\/2025\/05\/IMG_6672-1536x1152.jpeg 1536w, https:\/\/www.koonings.com\/wp-content\/uploads\/2025\/05\/IMG_6672-2048x1536.jpeg 2048w\" sizes=\"(max-width: 1024px) 100vw, 1024px\" \/><\/figure>\n<\/div><\/div>\n<\/div><\/div>\n\n<\/div>\r\n            <\/div>\r\n        <\/div>\r\n    <\/div>\r\n\r\n<\/div>\r\n\r\n    \n\n\r\n\r\n<div class=\"eye-element fullwidth-row alignfull style-both bg--none  alignfull \" style=\" \">\r\n\r\n    <div class=\"container\">\r\n        <div class=\"row\">\r\n            <div class=\"col-12\">\r\n                <div class=\"acf-innerblocks-container\">\n\n<pre class=\"wp-block-verse has-text-align-center\">Stil beginnt mit dem ersten Schritt<br><\/pre>\n\n\n\n<p class=\"has-text-align-center\">Bei Koonings geht es um das gro\u00dfe Ganze. Deine Hochzeitsschuhe sind mehr als nur eine praktische Wahl &#8211; sie sind das Finish f\u00fcr deinen Look. Lass dich beraten, finde heraus, was zu dir passt und vervollst\u00e4ndigen deinen Look.<\/p>\n\n\n\r\n<div class=\"eye-element bsbutton text-center \" >\r\n\t        <a class=\"btn btn-gold\" href=\"https:\/\/www.koonings.com\/de\/?page_id=107606\"\r\n           target=\"\">Vereinbare jetzt deinen Termin<\/a>\r\n\t<\/div>\n<\/div>\r\n            <\/div>\r\n        <\/div>\r\n    <\/div>\r\n\r\n<\/div>\r\n\r\n    \n<\/div>\r\n            <\/div>\r\n        <\/div>\r\n    <\/div>\r\n\r\n<\/div>\r\n\r\n    ","protected":false},"excerpt":{"rendered":"","protected":false},"author":2,"featured_media":0,"parent":15659,"menu_order":0,"comment_status":"closed","ping_status":"closed","template":"","meta":{"_acf_changed":false,"ghostkit_customizer_options":"","ghostkit_custom_css":"","ghostkit_custom_js_head":"","ghostkit_custom_js_foot":"","ghostkit_typography":"","footnotes":""},"class_list":["post-86749","page","type-page","status-publish","hentry"],"acf":[],"yoast_head":"<!-- This site is optimized with the Yoast SEO plugin v27.3 - https:\/\/yoast.com\/product\/yoast-seo-wordpress\/ -->\n<title>Hochzeitsschuhe f\u00fcr M\u00e4nner | Koonings<\/title>\n<meta name=\"description\" content=\"Entdecken Sie stilvolle Hochzeitsschuhe f\u00fcr M\u00e4nner bei Koonings. Klassisch, modern oder ausgefallen - immer perfekt auf Ihren Hochzeitsanzug abgestimmt.\" \/>\n<meta name=\"robots\" content=\"index, follow, max-snippet:-1, max-image-preview:large, max-video-preview:-1\" \/>\n<link rel=\"canonical\" href=\"https:\/\/www.koonings.com\/de\/braeutigam\/schuhe\/\" \/>\n<meta property=\"og:locale\" content=\"de_DE\" \/>\n<meta property=\"og:type\" content=\"article\" \/>\n<meta property=\"og:title\" content=\"Hochzeitsschuhe f\u00fcr M\u00e4nner | Koonings\" \/>\n<meta property=\"og:description\" content=\"Entdecken Sie stilvolle Hochzeitsschuhe f\u00fcr M\u00e4nner bei Koonings. Klassisch, modern oder ausgefallen - immer perfekt auf Ihren Hochzeitsanzug abgestimmt.\" \/>\n<meta property=\"og:url\" content=\"https:\/\/www.koonings.com\/de\/braeutigam\/schuhe\/\" \/>\n<meta property=\"og:site_name\" content=\"Koonings\" \/>\n<meta property=\"article:publisher\" content=\"https:\/\/www.facebook.com\/kooningstheweddingpalace\" \/>\n<meta property=\"article:modified_time\" content=\"2025-06-30T08:10:43+00:00\" \/>\n<meta property=\"og:image\" content=\"https:\/\/www.koonings.com\/wp-content\/uploads\/2025\/05\/IMG_6672-scaled.jpeg\" \/>\n\t<meta property=\"og:image:width\" content=\"2560\" \/>\n\t<meta property=\"og:image:height\" content=\"1920\" \/>\n\t<meta property=\"og:image:type\" content=\"image\/jpeg\" \/>\n<meta name=\"twitter:card\" content=\"summary_large_image\" \/>\n<meta name=\"twitter:label1\" content=\"Gesch\u00e4tzte Lesezeit\" \/>\n\t<meta name=\"twitter:data1\" content=\"1\u00a0Minute\" \/>\n<script type=\"application\/ld+json\" class=\"yoast-schema-graph\">{\"@context\":\"https:\\\/\\\/schema.org\",\"@graph\":[{\"@type\":\"WebPage\",\"@id\":\"https:\\\/\\\/www.koonings.com\\\/de\\\/braeutigam\\\/schuhe\\\/\",\"url\":\"https:\\\/\\\/www.koonings.com\\\/de\\\/braeutigam\\\/schuhe\\\/\",\"name\":\"Hochzeitsschuhe f\u00fcr M\u00e4nner | Koonings\",\"isPartOf\":{\"@id\":\"https:\\\/\\\/www.koonings.com\\\/de\\\/#website\"},\"primaryImageOfPage\":{\"@id\":\"https:\\\/\\\/www.koonings.com\\\/de\\\/braeutigam\\\/schuhe\\\/#primaryimage\"},\"image\":{\"@id\":\"https:\\\/\\\/www.koonings.com\\\/de\\\/braeutigam\\\/schuhe\\\/#primaryimage\"},\"thumbnailUrl\":\"https:\\\/\\\/www.koonings.com\\\/wp-content\\\/uploads\\\/2025\\\/05\\\/IMG_6672-1024x768.jpeg\",\"datePublished\":\"2025-05-23T14:08:05+00:00\",\"dateModified\":\"2025-06-30T08:10:43+00:00\",\"description\":\"Entdecken Sie stilvolle Hochzeitsschuhe f\u00fcr M\u00e4nner bei Koonings. Klassisch, modern oder ausgefallen - immer perfekt auf Ihren Hochzeitsanzug abgestimmt.\",\"breadcrumb\":{\"@id\":\"https:\\\/\\\/www.koonings.com\\\/de\\\/braeutigam\\\/schuhe\\\/#breadcrumb\"},\"inLanguage\":\"de\",\"potentialAction\":[{\"@type\":\"ReadAction\",\"target\":[\"https:\\\/\\\/www.koonings.com\\\/de\\\/braeutigam\\\/schuhe\\\/\"]}]},{\"@type\":\"ImageObject\",\"inLanguage\":\"de\",\"@id\":\"https:\\\/\\\/www.koonings.com\\\/de\\\/braeutigam\\\/schuhe\\\/#primaryimage\",\"url\":\"https:\\\/\\\/www.koonings.com\\\/wp-content\\\/uploads\\\/2025\\\/05\\\/IMG_6672-1024x768.jpeg\",\"contentUrl\":\"https:\\\/\\\/www.koonings.com\\\/wp-content\\\/uploads\\\/2025\\\/05\\\/IMG_6672-1024x768.jpeg\"},{\"@type\":\"BreadcrumbList\",\"@id\":\"https:\\\/\\\/www.koonings.com\\\/de\\\/braeutigam\\\/schuhe\\\/#breadcrumb\",\"itemListElement\":[{\"@type\":\"ListItem\",\"position\":1,\"name\":\"Home\",\"item\":\"https:\\\/\\\/www.koonings.com\\\/de\\\/\"},{\"@type\":\"ListItem\",\"position\":2,\"name\":\"Br\u00e4utigam\",\"item\":\"https:\\\/\\\/www.koonings.com\\\/de\\\/braeutigam\\\/\"},{\"@type\":\"ListItem\",\"position\":3,\"name\":\"Schuhe\"}]},{\"@type\":\"WebSite\",\"@id\":\"https:\\\/\\\/www.koonings.com\\\/de\\\/#website\",\"url\":\"https:\\\/\\\/www.koonings.com\\\/de\\\/\",\"name\":\"Koonings\",\"description\":\"De grootste bruidsmodewinkel ter wereld\",\"publisher\":{\"@id\":\"https:\\\/\\\/www.koonings.com\\\/de\\\/#organization\"},\"potentialAction\":[{\"@type\":\"SearchAction\",\"target\":{\"@type\":\"EntryPoint\",\"urlTemplate\":\"https:\\\/\\\/www.koonings.com\\\/de\\\/?s={search_term_string}\"},\"query-input\":{\"@type\":\"PropertyValueSpecification\",\"valueRequired\":true,\"valueName\":\"search_term_string\"}}],\"inLanguage\":\"de\"},{\"@type\":\"Organization\",\"@id\":\"https:\\\/\\\/www.koonings.com\\\/de\\\/#organization\",\"name\":\"Koonings\",\"url\":\"https:\\\/\\\/www.koonings.com\\\/de\\\/\",\"logo\":{\"@type\":\"ImageObject\",\"inLanguage\":\"de\",\"@id\":\"https:\\\/\\\/www.koonings.com\\\/de\\\/#\\\/schema\\\/logo\\\/image\\\/\",\"url\":\"https:\\\/\\\/www.koonings.com\\\/wp-content\\\/uploads\\\/2024\\\/07\\\/logo.png\",\"contentUrl\":\"https:\\\/\\\/www.koonings.com\\\/wp-content\\\/uploads\\\/2024\\\/07\\\/logo.png\",\"width\":600,\"height\":428,\"caption\":\"Koonings\"},\"image\":{\"@id\":\"https:\\\/\\\/www.koonings.com\\\/de\\\/#\\\/schema\\\/logo\\\/image\\\/\"},\"sameAs\":[\"https:\\\/\\\/www.facebook.com\\\/kooningstheweddingpalace\",\"https:\\\/\\\/www.instagram.com\\\/kooningstheweddingpalace\",\"https:\\\/\\\/www.pinterest.com\\\/koonings\",\"https:\\\/\\\/www.youtube.com\\\/kooningstheweddingpalace\"]}]}<\/script>\n<!-- \/ Yoast SEO plugin. -->","yoast_head_json":{"title":"Hochzeitsschuhe f\u00fcr M\u00e4nner | Koonings","description":"Entdecken Sie stilvolle Hochzeitsschuhe f\u00fcr M\u00e4nner bei Koonings. Klassisch, modern oder ausgefallen - immer perfekt auf Ihren Hochzeitsanzug abgestimmt.","robots":{"index":"index","follow":"follow","max-snippet":"max-snippet:-1","max-image-preview":"max-image-preview:large","max-video-preview":"max-video-preview:-1"},"canonical":"https:\/\/www.koonings.com\/de\/braeutigam\/schuhe\/","og_locale":"de_DE","og_type":"article","og_title":"Hochzeitsschuhe f\u00fcr M\u00e4nner | Koonings","og_description":"Entdecken Sie stilvolle Hochzeitsschuhe f\u00fcr M\u00e4nner bei Koonings. Klassisch, modern oder ausgefallen - immer perfekt auf Ihren Hochzeitsanzug abgestimmt.","og_url":"https:\/\/www.koonings.com\/de\/braeutigam\/schuhe\/","og_site_name":"Koonings","article_publisher":"https:\/\/www.facebook.com\/kooningstheweddingpalace","article_modified_time":"2025-06-30T08:10:43+00:00","og_image":[{"width":2560,"height":1920,"url":"https:\/\/www.koonings.com\/wp-content\/uploads\/2025\/05\/IMG_6672-scaled.jpeg","type":"image\/jpeg"}],"twitter_card":"summary_large_image","twitter_misc":{"Gesch\u00e4tzte Lesezeit":"1\u00a0Minute"},"schema":{"@context":"https:\/\/schema.org","@graph":[{"@type":"WebPage","@id":"https:\/\/www.koonings.com\/de\/braeutigam\/schuhe\/","url":"https:\/\/www.koonings.com\/de\/braeutigam\/schuhe\/","name":"Hochzeitsschuhe f\u00fcr M\u00e4nner | Koonings","isPartOf":{"@id":"https:\/\/www.koonings.com\/de\/#website"},"primaryImageOfPage":{"@id":"https:\/\/www.koonings.com\/de\/braeutigam\/schuhe\/#primaryimage"},"image":{"@id":"https:\/\/www.koonings.com\/de\/braeutigam\/schuhe\/#primaryimage"},"thumbnailUrl":"https:\/\/www.koonings.com\/wp-content\/uploads\/2025\/05\/IMG_6672-1024x768.jpeg","datePublished":"2025-05-23T14:08:05+00:00","dateModified":"2025-06-30T08:10:43+00:00","description":"Entdecken Sie stilvolle Hochzeitsschuhe f\u00fcr M\u00e4nner bei Koonings. Klassisch, modern oder ausgefallen - immer perfekt auf Ihren Hochzeitsanzug abgestimmt.","breadcrumb":{"@id":"https:\/\/www.koonings.com\/de\/braeutigam\/schuhe\/#breadcrumb"},"inLanguage":"de","potentialAction":[{"@type":"ReadAction","target":["https:\/\/www.koonings.com\/de\/braeutigam\/schuhe\/"]}]},{"@type":"ImageObject","inLanguage":"de","@id":"https:\/\/www.koonings.com\/de\/braeutigam\/schuhe\/#primaryimage","url":"https:\/\/www.koonings.com\/wp-content\/uploads\/2025\/05\/IMG_6672-1024x768.jpeg","contentUrl":"https:\/\/www.koonings.com\/wp-content\/uploads\/2025\/05\/IMG_6672-1024x768.jpeg"},{"@type":"BreadcrumbList","@id":"https:\/\/www.koonings.com\/de\/braeutigam\/schuhe\/#breadcrumb","itemListElement":[{"@type":"ListItem","position":1,"name":"Home","item":"https:\/\/www.koonings.com\/de\/"},{"@type":"ListItem","position":2,"name":"Br\u00e4utigam","item":"https:\/\/www.koonings.com\/de\/braeutigam\/"},{"@type":"ListItem","position":3,"name":"Schuhe"}]},{"@type":"WebSite","@id":"https:\/\/www.koonings.com\/de\/#website","url":"https:\/\/www.koonings.com\/de\/","name":"Koonings","description":"De grootste bruidsmodewinkel ter wereld","publisher":{"@id":"https:\/\/www.koonings.com\/de\/#organization"},"potentialAction":[{"@type":"SearchAction","target":{"@type":"EntryPoint","urlTemplate":"https:\/\/www.koonings.com\/de\/?s={search_term_string}"},"query-input":{"@type":"PropertyValueSpecification","valueRequired":true,"valueName":"search_term_string"}}],"inLanguage":"de"},{"@type":"Organization","@id":"https:\/\/www.koonings.com\/de\/#organization","name":"Koonings","url":"https:\/\/www.koonings.com\/de\/","logo":{"@type":"ImageObject","inLanguage":"de","@id":"https:\/\/www.koonings.com\/de\/#\/schema\/logo\/image\/","url":"https:\/\/www.koonings.com\/wp-content\/uploads\/2024\/07\/logo.png","contentUrl":"https:\/\/www.koonings.com\/wp-content\/uploads\/2024\/07\/logo.png","width":600,"height":428,"caption":"Koonings"},"image":{"@id":"https:\/\/www.koonings.com\/de\/#\/schema\/logo\/image\/"},"sameAs":["https:\/\/www.facebook.com\/kooningstheweddingpalace","https:\/\/www.instagram.com\/kooningstheweddingpalace","https:\/\/www.pinterest.com\/koonings","https:\/\/www.youtube.com\/kooningstheweddingpalace"]}]}},"_links":{"self":[{"href":"https:\/\/www.koonings.com\/de\/wp-json\/wp\/v2\/pages\/86749","targetHints":{"allow":["GET"]}}],"collection":[{"href":"https:\/\/www.koonings.com\/de\/wp-json\/wp\/v2\/pages"}],"about":[{"href":"https:\/\/www.koonings.com\/de\/wp-json\/wp\/v2\/types\/page"}],"author":[{"embeddable":true,"href":"https:\/\/www.koonings.com\/de\/wp-json\/wp\/v2\/users\/2"}],"replies":[{"embeddable":true,"href":"https:\/\/www.koonings.com\/de\/wp-json\/wp\/v2\/comments?post=86749"}],"version-history":[{"count":2,"href":"https:\/\/www.koonings.com\/de\/wp-json\/wp\/v2\/pages\/86749\/revisions"}],"predecessor-version":[{"id":86908,"href":"https:\/\/www.koonings.com\/de\/wp-json\/wp\/v2\/pages\/86749\/revisions\/86908"}],"up":[{"embeddable":true,"href":"https:\/\/www.koonings.com\/de\/wp-json\/wp\/v2\/pages\/15659"}],"wp:attachment":[{"href":"https:\/\/www.koonings.com\/de\/wp-json\/wp\/v2\/media?parent=86749"}],"curies":[{"name":"wp","href":"https:\/\/api.w.org\/{rel}","templated":true}]}}