{"id":86743,"date":"2025-05-21T14:09:27","date_gmt":"2025-05-21T12:09:27","guid":{"rendered":"https:\/\/www.koonings.com\/accessoires-und-schuhe\/"},"modified":"2025-09-09T10:34:56","modified_gmt":"2025-09-09T08:34:56","slug":"accessoires-und-schuhe","status":"publish","type":"page","link":"https:\/\/www.koonings.com\/de\/braut\/accessoires-und-schuhe\/","title":{"rendered":"Accessoires und Schuhe"},"content":{"rendered":"\r\n\r\n<div class=\"eye-element fullwidth-row alignfull style-both bg--none  alignfull \" style=\" \">\r\n\r\n    <div class=\"container\">\r\n        <div class=\"row\">\r\n            <div class=\"col-12\">\r\n                <div class=\"acf-innerblocks-container\">\n\n<h1 class=\"wp-block-heading has-text-align-center\" id=\"accessoires-schoenende-finishing-touch-voor-jouw-bridallook\">Accessoires &amp; Schuhe<br\/>der letzte Schliff f\u00fcr Ihren Brautlook<\/h1>\n\n\n\n<p class=\"has-text-align-center\">Brautaccessoires und Brautschuhe vervollst\u00e4ndigen Ihren Brautlook. Sie unterstreichen Ihren Stil, lassen Sie gl\u00e4nzen und sorgen f\u00fcr Komfort an Ihrem gro\u00dfen Tag. Schauen Sie sich die Kollektionen an und lassen Sie sich inspirieren.  <\/p>\n\n\n\r\n<section class=\"eye-block productsindex\">\r\n\r\n    \r\n        <h2 style=\"text-align: center\">PRODUCTOVERZICHT<\/h2>\r\n\r\n    \r\n<\/section>\r\n\r\n\r\n\r\n<section class=\"product_filter_text\">\r\n    <\/section>\n\n\r\n\r\n<div class=\"eye-element fullwidth-row alignfull style-both bg--none  alignfull \" style=\" \">\r\n\r\n    <div class=\"container\">\r\n        <div class=\"row\">\r\n            <div class=\"col-12\">\r\n                <div class=\"acf-innerblocks-container\">\n\r\n\r\n<div class=\"eye-element fullwidth-row alignfull style-both bg--none  alignfull \" style=\" \">\r\n\r\n    <div class=\"container\">\r\n        <div class=\"row\">\r\n            <div class=\"col-12\">\r\n                <div class=\"acf-innerblocks-container\">\n\n<h2 class=\"wp-block-heading has-text-align-center\" id=\"waar-jouw-bridal-look-compleet-wordt\"><strong>Wo Ihr Brautlook komplett ist<\/strong><\/h2>\n\n\n\n<p class=\"has-text-align-center\">Bei Koonings dreht sich alles darum, Ihr ultimatives Brauterlebnis zu schaffen. Der Zauber Ihres Hochzeitstages liegt nicht nur im Kleid, sondern auch in den Details, die Ihren Look vervollst\u00e4ndigen. Denken Sie an funkelnden Schmuck, raffinierte Schleier, stilvollen Haarschmuck und nat\u00fcrlich die perfekten Brautschuhe, in denen Sie gl\u00e4nzen &#8211; und tanzen &#8211; k\u00f6nnen.  <\/p>\n\n\n\n<p class=\"has-text-align-center\">Ob Sie nun klassische Perlenohrringe, ein funkelndes Diadem oder bequeme Abs\u00e4tze suchen, die Sie den ganzen Tag \u00fcber tragen werden, bei Koonings finden Sie alles, was Ihr Traumkleid noch zauberhafter macht. Mit pers\u00f6nlicher Aufmerksamkeit und Stilberatung helfen Ihnen unsere Stylisten, Accessoires zu finden, die Ihre Pers\u00f6nlichkeit und Ihre Silhouette unterstreichen. <\/p>\n\n\n\n<p class=\"has-text-align-center\">Lassen Sie sich von unseren umfangreichen Kollektionen inspirieren und entdecken Sie, wie die richtigen Details Ihren gesamten Brautlook auf die n\u00e4chste Stufe heben. Von romantisch bis modern, dezent bis glamour\u00f6s &#8211; hier beginnt das Styling Ihres M\u00e4rchens. <\/p>\n\n<\/div>\r\n            <\/div>\r\n        <\/div>\r\n    <\/div>\r\n\r\n<\/div>\r\n\r\n    \n<\/div>\r\n            <\/div>\r\n        <\/div>\r\n    <\/div>\r\n\r\n<\/div>\r\n\r\n    \n<\/div>\r\n            <\/div>\r\n        <\/div>\r\n    <\/div>\r\n\r\n<\/div>\r\n\r\n    ","protected":false},"excerpt":{"rendered":"","protected":false},"author":2,"featured_media":0,"parent":15649,"menu_order":0,"comment_status":"closed","ping_status":"closed","template":"","meta":{"_acf_changed":false,"ghostkit_customizer_options":"","ghostkit_custom_css":"","ghostkit_custom_js_head":"","ghostkit_custom_js_foot":"","ghostkit_typography":"","footnotes":""},"class_list":["post-86743","page","type-page","status-publish","hentry"],"acf":[],"yoast_head":"<!-- This site is optimized with the Yoast SEO plugin v27.3 - https:\/\/yoast.com\/product\/yoast-seo-wordpress\/ -->\n<title>Accessoires und Schuhe | Koonings<\/title>\n<meta name=\"robots\" content=\"index, follow, max-snippet:-1, max-image-preview:large, max-video-preview:-1\" \/>\n<link rel=\"canonical\" href=\"https:\/\/www.koonings.com\/de\/braut\/accessoires-und-schuhe\/\" \/>\n<meta property=\"og:locale\" content=\"de_DE\" \/>\n<meta property=\"og:type\" content=\"article\" \/>\n<meta property=\"og:title\" content=\"Accessoires und Schuhe | Koonings\" \/>\n<meta property=\"og:url\" content=\"https:\/\/www.koonings.com\/de\/braut\/accessoires-und-schuhe\/\" \/>\n<meta property=\"og:site_name\" content=\"Koonings\" \/>\n<meta property=\"article:publisher\" content=\"https:\/\/www.facebook.com\/kooningstheweddingpalace\" \/>\n<meta property=\"article:modified_time\" content=\"2025-09-09T08:34:56+00:00\" \/>\n<meta property=\"og:image\" content=\"https:\/\/www.koonings.com\/wp-content\/uploads\/2024\/06\/palace-hero-screenshot-1024x575.png\" \/>\n\t<meta property=\"og:image:width\" content=\"1024\" \/>\n\t<meta property=\"og:image:height\" content=\"575\" \/>\n\t<meta property=\"og:image:type\" content=\"image\/png\" \/>\n<meta name=\"twitter:card\" content=\"summary_large_image\" \/>\n<meta name=\"twitter:label1\" content=\"Gesch\u00e4tzte Lesezeit\" \/>\n\t<meta name=\"twitter:data1\" content=\"1\u00a0Minute\" \/>\n<script type=\"application\/ld+json\" class=\"yoast-schema-graph\">{\"@context\":\"https:\\\/\\\/schema.org\",\"@graph\":[{\"@type\":\"WebPage\",\"@id\":\"https:\\\/\\\/www.koonings.com\\\/de\\\/braut\\\/accessoires-und-schuhe\\\/\",\"url\":\"https:\\\/\\\/www.koonings.com\\\/de\\\/braut\\\/accessoires-und-schuhe\\\/\",\"name\":\"Accessoires und Schuhe | Koonings\",\"isPartOf\":{\"@id\":\"https:\\\/\\\/www.koonings.com\\\/de\\\/#website\"},\"datePublished\":\"2025-05-21T12:09:27+00:00\",\"dateModified\":\"2025-09-09T08:34:56+00:00\",\"breadcrumb\":{\"@id\":\"https:\\\/\\\/www.koonings.com\\\/de\\\/braut\\\/accessoires-und-schuhe\\\/#breadcrumb\"},\"inLanguage\":\"de\",\"potentialAction\":[{\"@type\":\"ReadAction\",\"target\":[\"https:\\\/\\\/www.koonings.com\\\/de\\\/braut\\\/accessoires-und-schuhe\\\/\"]}]},{\"@type\":\"BreadcrumbList\",\"@id\":\"https:\\\/\\\/www.koonings.com\\\/de\\\/braut\\\/accessoires-und-schuhe\\\/#breadcrumb\",\"itemListElement\":[{\"@type\":\"ListItem\",\"position\":1,\"name\":\"Home\",\"item\":\"https:\\\/\\\/www.koonings.com\\\/de\\\/\"},{\"@type\":\"ListItem\",\"position\":2,\"name\":\"Braut\",\"item\":\"https:\\\/\\\/www.koonings.com\\\/de\\\/braut\\\/\"},{\"@type\":\"ListItem\",\"position\":3,\"name\":\"Accessoires und Schuhe\"}]},{\"@type\":\"WebSite\",\"@id\":\"https:\\\/\\\/www.koonings.com\\\/de\\\/#website\",\"url\":\"https:\\\/\\\/www.koonings.com\\\/de\\\/\",\"name\":\"Koonings\",\"description\":\"De grootste bruidsmodewinkel ter wereld\",\"publisher\":{\"@id\":\"https:\\\/\\\/www.koonings.com\\\/de\\\/#organization\"},\"potentialAction\":[{\"@type\":\"SearchAction\",\"target\":{\"@type\":\"EntryPoint\",\"urlTemplate\":\"https:\\\/\\\/www.koonings.com\\\/de\\\/?s={search_term_string}\"},\"query-input\":{\"@type\":\"PropertyValueSpecification\",\"valueRequired\":true,\"valueName\":\"search_term_string\"}}],\"inLanguage\":\"de\"},{\"@type\":\"Organization\",\"@id\":\"https:\\\/\\\/www.koonings.com\\\/de\\\/#organization\",\"name\":\"Koonings\",\"url\":\"https:\\\/\\\/www.koonings.com\\\/de\\\/\",\"logo\":{\"@type\":\"ImageObject\",\"inLanguage\":\"de\",\"@id\":\"https:\\\/\\\/www.koonings.com\\\/de\\\/#\\\/schema\\\/logo\\\/image\\\/\",\"url\":\"https:\\\/\\\/www.koonings.com\\\/wp-content\\\/uploads\\\/2024\\\/07\\\/logo.png\",\"contentUrl\":\"https:\\\/\\\/www.koonings.com\\\/wp-content\\\/uploads\\\/2024\\\/07\\\/logo.png\",\"width\":600,\"height\":428,\"caption\":\"Koonings\"},\"image\":{\"@id\":\"https:\\\/\\\/www.koonings.com\\\/de\\\/#\\\/schema\\\/logo\\\/image\\\/\"},\"sameAs\":[\"https:\\\/\\\/www.facebook.com\\\/kooningstheweddingpalace\",\"https:\\\/\\\/www.instagram.com\\\/kooningstheweddingpalace\",\"https:\\\/\\\/www.pinterest.com\\\/koonings\",\"https:\\\/\\\/www.youtube.com\\\/kooningstheweddingpalace\"]}]}<\/script>\n<!-- \/ Yoast SEO plugin. -->","yoast_head_json":{"title":"Accessoires und Schuhe | Koonings","robots":{"index":"index","follow":"follow","max-snippet":"max-snippet:-1","max-image-preview":"max-image-preview:large","max-video-preview":"max-video-preview:-1"},"canonical":"https:\/\/www.koonings.com\/de\/braut\/accessoires-und-schuhe\/","og_locale":"de_DE","og_type":"article","og_title":"Accessoires und Schuhe | Koonings","og_url":"https:\/\/www.koonings.com\/de\/braut\/accessoires-und-schuhe\/","og_site_name":"Koonings","article_publisher":"https:\/\/www.facebook.com\/kooningstheweddingpalace","article_modified_time":"2025-09-09T08:34:56+00:00","og_image":[{"width":1024,"height":575,"url":"https:\/\/www.koonings.com\/wp-content\/uploads\/2024\/06\/palace-hero-screenshot-1024x575.png","type":"image\/png"}],"twitter_card":"summary_large_image","twitter_misc":{"Gesch\u00e4tzte Lesezeit":"1\u00a0Minute"},"schema":{"@context":"https:\/\/schema.org","@graph":[{"@type":"WebPage","@id":"https:\/\/www.koonings.com\/de\/braut\/accessoires-und-schuhe\/","url":"https:\/\/www.koonings.com\/de\/braut\/accessoires-und-schuhe\/","name":"Accessoires und Schuhe | Koonings","isPartOf":{"@id":"https:\/\/www.koonings.com\/de\/#website"},"datePublished":"2025-05-21T12:09:27+00:00","dateModified":"2025-09-09T08:34:56+00:00","breadcrumb":{"@id":"https:\/\/www.koonings.com\/de\/braut\/accessoires-und-schuhe\/#breadcrumb"},"inLanguage":"de","potentialAction":[{"@type":"ReadAction","target":["https:\/\/www.koonings.com\/de\/braut\/accessoires-und-schuhe\/"]}]},{"@type":"BreadcrumbList","@id":"https:\/\/www.koonings.com\/de\/braut\/accessoires-und-schuhe\/#breadcrumb","itemListElement":[{"@type":"ListItem","position":1,"name":"Home","item":"https:\/\/www.koonings.com\/de\/"},{"@type":"ListItem","position":2,"name":"Braut","item":"https:\/\/www.koonings.com\/de\/braut\/"},{"@type":"ListItem","position":3,"name":"Accessoires und Schuhe"}]},{"@type":"WebSite","@id":"https:\/\/www.koonings.com\/de\/#website","url":"https:\/\/www.koonings.com\/de\/","name":"Koonings","description":"De grootste bruidsmodewinkel ter wereld","publisher":{"@id":"https:\/\/www.koonings.com\/de\/#organization"},"potentialAction":[{"@type":"SearchAction","target":{"@type":"EntryPoint","urlTemplate":"https:\/\/www.koonings.com\/de\/?s={search_term_string}"},"query-input":{"@type":"PropertyValueSpecification","valueRequired":true,"valueName":"search_term_string"}}],"inLanguage":"de"},{"@type":"Organization","@id":"https:\/\/www.koonings.com\/de\/#organization","name":"Koonings","url":"https:\/\/www.koonings.com\/de\/","logo":{"@type":"ImageObject","inLanguage":"de","@id":"https:\/\/www.koonings.com\/de\/#\/schema\/logo\/image\/","url":"https:\/\/www.koonings.com\/wp-content\/uploads\/2024\/07\/logo.png","contentUrl":"https:\/\/www.koonings.com\/wp-content\/uploads\/2024\/07\/logo.png","width":600,"height":428,"caption":"Koonings"},"image":{"@id":"https:\/\/www.koonings.com\/de\/#\/schema\/logo\/image\/"},"sameAs":["https:\/\/www.facebook.com\/kooningstheweddingpalace","https:\/\/www.instagram.com\/kooningstheweddingpalace","https:\/\/www.pinterest.com\/koonings","https:\/\/www.youtube.com\/kooningstheweddingpalace"]}]}},"_links":{"self":[{"href":"https:\/\/www.koonings.com\/de\/wp-json\/wp\/v2\/pages\/86743","targetHints":{"allow":["GET"]}}],"collection":[{"href":"https:\/\/www.koonings.com\/de\/wp-json\/wp\/v2\/pages"}],"about":[{"href":"https:\/\/www.koonings.com\/de\/wp-json\/wp\/v2\/types\/page"}],"author":[{"embeddable":true,"href":"https:\/\/www.koonings.com\/de\/wp-json\/wp\/v2\/users\/2"}],"replies":[{"embeddable":true,"href":"https:\/\/www.koonings.com\/de\/wp-json\/wp\/v2\/comments?post=86743"}],"version-history":[{"count":6,"href":"https:\/\/www.koonings.com\/de\/wp-json\/wp\/v2\/pages\/86743\/revisions"}],"predecessor-version":[{"id":91844,"href":"https:\/\/www.koonings.com\/de\/wp-json\/wp\/v2\/pages\/86743\/revisions\/91844"}],"up":[{"embeddable":true,"href":"https:\/\/www.koonings.com\/de\/wp-json\/wp\/v2\/pages\/15649"}],"wp:attachment":[{"href":"https:\/\/www.koonings.com\/de\/wp-json\/wp\/v2\/media?parent=86743"}],"curies":[{"name":"wp","href":"https:\/\/api.w.org\/{rel}","templated":true}]}}