{"id":86408,"date":"2025-06-06T16:19:05","date_gmt":"2025-06-06T14:19:05","guid":{"rendered":"https:\/\/www.koonings.com\/?page_id=86408"},"modified":"2025-06-16T11:02:40","modified_gmt":"2025-06-16T09:02:40","slug":"taufe-2","status":"publish","type":"page","link":"https:\/\/www.koonings.com\/de\/hochzeitskollektion\/kinder\/taufe-2\/","title":{"rendered":"Blumenm\u00e4dchen und Blumenjungen"},"content":{"rendered":"\r\n\r\n<div class=\"eye-element fullwidth-row alignfull style-both bg--none  alignfull \" style=\" \">\r\n\r\n    <div class=\"container\">\r\n        <div class=\"row\">\r\n            <div class=\"col-12\">\r\n                <div class=\"acf-innerblocks-container\">\n\n<div class=\"ghostkit-grid ghostkit-grid-gap-lg ghostkit-grid-align-items-center\"><div class=\"ghostkit-grid-inner\">\n<div class=\"ghostkit-col ghostkit-col-md-12 ghostkit-col-6\"><div class=\"ghostkit-col-content is-layout-flow wp-block-ghostkit-grid-column-is-layout-flow\">\n<h1 class=\"wp-block-heading\" id=\"doopkleding-bij-koonings\">Blumenm\u00e4dchen und Blumenjungen<\/h1>\n\n\n\n<h3 class=\"wp-block-heading\" id=\"kleine-rollen-grote-indruk\">Kleine Rollen, gro\u00dfer Eindruck<\/h3>\n\n\n\n<p>An eurem gro\u00dfen Tag dreht sich alles um Liebe, Verbundenheit und die Menschen, die euch am n\u00e4chsten stehen. Und was k\u00f6nnte dabei besser sein, als wenn gerade die Kleinsten eine pr\u00e4sente Rolle dabei spielen? Ob es nun deine Nichte ist, die mit Blumen vor dir herl\u00e4uft, oder dein Sohn, der als Trauzeuge stolz neben dir steht: gemeinsam wird der Moment noch besonderer.  <\/p>\n\n\n\n<p>Bei Koonings findest du eine wundersch\u00f6ne Kollektion von Kleidern f\u00fcr Blumenm\u00e4dchen und Blumenjungen. Kleider, Anz\u00fcge und Accessoires in allen m\u00f6glichen Stilen &#8211; von klassisch bis modern &#8211; aber immer stilvoll und mit einem Auge f\u00fcrs Detail. Du willst wirklich etwas Einzigartiges? Dann entwerfen wir mit viel Liebe ein ma\u00dfgeschneidertes Outfit, das zu deinem Kleid, dem Anzug des Br\u00e4utigams oder eurer Farbpalette passt.   <\/p>\n\n\n\r\n<div class=\"eye-element bsbutton text-start \" >\r\n\t        <a class=\"btn btn-gold\" href=\"Termin machen | Koonings\"\r\n           target=\"\">Einen Termin vereinbaren<\/a>\r\n\t<\/div><\/div><\/div>\n\n\n\n<div class=\"ghostkit-col ghostkit-col-md-12 ghostkit-col-6\"><div class=\"ghostkit-col-content is-layout-flow wp-block-ghostkit-grid-column-is-layout-flow\">\r\n<div class=\"eye-element images style-default variant-1 multi-image\">\r\n\r\n\t        <div class=\"composition\">\r\n\t\t\t                <div class=\"image-0\">\r\n                    <img decoding=\"async\" class=\"img-fluid\" src=\"https:\/\/www.koonings.com\/wp-content\/uploads\/2025\/06\/2204-89-225x300.jpeg\" srcset=\"https:\/\/www.koonings.com\/wp-content\/uploads\/2025\/06\/2204-89-225x300.jpeg 225w, https:\/\/www.koonings.com\/wp-content\/uploads\/2025\/06\/2204-89-768x1024.jpeg 768w, https:\/\/www.koonings.com\/wp-content\/uploads\/2025\/06\/2204-89-1152x1536.jpeg 1152w, https:\/\/www.koonings.com\/wp-content\/uploads\/2025\/06\/2204-89-1536x2048.jpeg 1536w, https:\/\/www.koonings.com\/wp-content\/uploads\/2025\/06\/2204-89-scaled.jpeg 1920w\" alt=\"\">\r\n                <\/div>\r\n\t\t\t\r\n            <div class=\"swiper images-swiper\">\r\n\r\n\t\t\t\t\r\n                <div class=\"swiper-wrapper\">\r\n\t\t\t\t\t                        <li class=\"swiper-slide\">\r\n                            <img decoding=\"async\" class=\" img-fluid\" src=\"https:\/\/www.koonings.com\/wp-content\/uploads\/2025\/06\/2204-133-1024x768.jpeg\" srcset=\"https:\/\/www.koonings.com\/wp-content\/uploads\/2025\/06\/2204-133-scaled.jpeg\" alt=\"\">\r\n                        <\/li>\r\n\t\t\t\t\t                <\/div>\r\n\r\n                <div class=\"swiper-pagination\"><\/div>\r\n\r\n                <div class=\"swiper-button-prev\"><\/div>\r\n                <div class=\"swiper-button-next\"><\/div>\r\n\r\n            <\/div>\r\n\r\n        <\/div>\r\n\t\r\n\t<\/div><\/div><\/div>\n<\/div><\/div>\n\n<\/div>\r\n            <\/div>\r\n        <\/div>\r\n    <\/div>\r\n\r\n<\/div>\r\n\r\n    \r\n\r\n<div class=\"eye-element fullwidth-row alignfull style-both bg--none  alignfull \" style=\" \">\r\n\r\n    <div class=\"container\">\r\n        <div class=\"row\">\r\n            <div class=\"col-12\">\r\n                <div class=\"acf-innerblocks-container\">\n\n<div class=\"ghostkit-grid ghostkit-grid-gap-lg ghostkit-grid-align-items-center\"><div class=\"ghostkit-grid-inner\">\n<div class=\"ghostkit-col ghostkit-col-md-12 ghostkit-col-6\"><div class=\"ghostkit-col-content is-layout-flow wp-block-ghostkit-grid-column-is-layout-flow\">\r\n<div class=\"eye-element images style-default variant-2 multi-image\">\r\n\r\n\t        <div class=\"composition\">\r\n\t\t\t                <div class=\"image-0\">\r\n                    <img decoding=\"async\" class=\"img-fluid\" src=\"https:\/\/www.koonings.com\/wp-content\/uploads\/2025\/06\/2204-47-225x300.jpeg\" srcset=\"https:\/\/www.koonings.com\/wp-content\/uploads\/2025\/06\/2204-47-225x300.jpeg 225w, https:\/\/www.koonings.com\/wp-content\/uploads\/2025\/06\/2204-47-768x1024.jpeg 768w, https:\/\/www.koonings.com\/wp-content\/uploads\/2025\/06\/2204-47-1152x1536.jpeg 1152w, https:\/\/www.koonings.com\/wp-content\/uploads\/2025\/06\/2204-47-1536x2048.jpeg 1536w, https:\/\/www.koonings.com\/wp-content\/uploads\/2025\/06\/2204-47-scaled.jpeg 1920w\" alt=\"\">\r\n                <\/div>\r\n\t\t\t\r\n            <div class=\"swiper images-swiper\">\r\n\r\n\t\t\t\t\r\n                <div class=\"swiper-wrapper\">\r\n\t\t\t\t\t                        <li class=\"swiper-slide\">\r\n                            <img decoding=\"async\" class=\" img-fluid\" src=\"https:\/\/www.koonings.com\/wp-content\/uploads\/2025\/06\/2204-28-768x1024.jpeg\" srcset=\"https:\/\/www.koonings.com\/wp-content\/uploads\/2025\/06\/2204-28-scaled-e1749219876222.jpeg\" alt=\"\">\r\n                        <\/li>\r\n\t\t\t\t\t                <\/div>\r\n\r\n                <div class=\"swiper-pagination\"><\/div>\r\n\r\n                <div class=\"swiper-button-prev\"><\/div>\r\n                <div class=\"swiper-button-next\"><\/div>\r\n\r\n            <\/div>\r\n\r\n        <\/div>\r\n\t\r\n\t<\/div><\/div><\/div>\n\n\n\n<div class=\"ghostkit-col ghostkit-col-md-12 ghostkit-col-6\"><div class=\"ghostkit-col-content is-layout-flow wp-block-ghostkit-grid-column-is-layout-flow\">\n<h1 class=\"wp-block-heading\" id=\"doopkleding-bij-koonings\">Blumenm\u00e4dchen<\/h1>\n\n\n\n<p>Eine Blumenm\u00e4dchen in einem Kleid, das perfekt zu deinem Stil passt &#8211; das ist ein Traumbild, das einen r\u00fchrt. Ob du dich f\u00fcr eine Mini-Version deines Hochzeitskleides entscheidest oder f\u00fcr eine luftige, verspielte Version in der gleichen Farbe oder dem gleichen Stoff: wir sorgen daf\u00fcr, dass das Bild stimmt. <\/p>\n\n\n\n<p>Unsere Kollektion an Blumenm\u00e4dchenkleidern umfasst:<\/p>\n\n\n\n<ul class=\"wp-block-list\">\n<li>Luftiger T\u00fcll, Satin oder Spitze<\/li>\n\n\n\n<li>Styles mit oder ohne \u00c4rmel<\/li>\n\n\n\n<li>Wahlweise mit Schleife, Blumen oder Schleifenband<\/li>\n\n\n\n<li>Kleider mit oder ohne Schleppe<\/li>\n\n\n\n<li>H\u00fcte, Haarb\u00e4nder, Schuhe und Socken als passende Accessoires<\/li>\n<\/ul>\n\n\n\n<p>M\u00f6chtest du ein Blumenm\u00e4dchenkleid ganz nach deinen W\u00fcnschen anfertigen lassen? Unsere Schneiderinnen denken mit dir mit und entwerfen sorgf\u00e4ltig ein Design, das perfekt zu deinen W\u00fcnschen, deinem Thema und deinem Tag passt. <\/p>\n\n\n\n<p>Ein Blick auf deine Blumenm\u00e4dchen und schon kommen dir die Tr\u00e4nen. Das sind Momente, die ihr nie vergesst. <\/p>\n\n\n\r\n<div class=\"eye-element bsbutton text-start \" >\r\n\t        <a class=\"btn btn-gold\" href=\"Termin machen | Koonings\"\r\n           target=\"\">Einen Termin vereinbaren<\/a>\r\n\t<\/div><\/div><\/div>\n<\/div><\/div>\n\n<\/div>\r\n            <\/div>\r\n        <\/div>\r\n    <\/div>\r\n\r\n<\/div>\r\n\r\n    \r\n\r\n<div class=\"eye-element fullwidth-row alignfull style-both bg--none  alignfull \" style=\" \">\r\n\r\n    <div class=\"container\">\r\n        <div class=\"row\">\r\n            <div class=\"col-12\">\r\n                <div class=\"acf-innerblocks-container\">\n\n<div class=\"ghostkit-grid ghostkit-grid-gap-lg ghostkit-grid-align-items-center\"><div class=\"ghostkit-grid-inner\">\n<div class=\"ghostkit-col ghostkit-col-md-12 ghostkit-col-6\"><div class=\"ghostkit-col-content is-layout-flow wp-block-ghostkit-grid-column-is-layout-flow\">\n<h1 class=\"wp-block-heading\" id=\"doopkleding-bij-koonings\">Blumenjungen Kleidung<\/h1>\n\n\n\n<p>Auch Jungen verdienen ein Outfit, mit dem sie sich besonders f\u00fchlen. Unsere Kollektion f\u00fcr Blumenjungen besteht aus festlichen Anz\u00fcgen und Kombinationen, die so besonders sind wie ihre Rolle. Dazu geh\u00f6ren zum Beispiel Leinenhosen mit Hosentr\u00e4gern, Westen aus dem Stoff des Br\u00e4utigams oder einen Miniblazer in der gleichen Farbe wie sein Anzug.  <\/p>\n\n\n\n<p>Bei Koonings kannst du w\u00e4hlen zwischen:<\/p>\n\n\n\n<ul class=\"wp-block-list\">\n<li>Klassische oder moderne Anz\u00fcge f\u00fcr Jungen<\/li>\n\n\n\n<li>Westen oder Jacketts aus dem gleichen Stoff wie die des Br\u00e4utigams<\/li>\n\n\n\n<li>Passende Fliegen oder Krawatten<\/li>\n\n\n\n<li>Bequeme Stoffe, die fabelhaft auf Fotos aussehen und dennoch ein Spielen zulassen<\/li>\n<\/ul>\n\n\n\n<p>Und nat\u00fcrlich kannst du auch ein ma\u00dfgeschneidertes Outfit f\u00fcr den Blumenjungen anfertigen lassen &#8211; mit pers\u00f6nlichen Details, die den Tag noch besonderer machen.<\/p>\n\n\n\n<p>Ein kleiner Gentleman mit tollem Aussehen &#8211; bereit f\u00fcr seine Aufgabe an der Seite eines strahlenden Brautpaares.<\/p>\n\n\n\r\n<div class=\"eye-element bsbutton text-start \" >\r\n\t        <a class=\"btn btn-gold\" href=\"Termin machen | Koonings\"\r\n           target=\"\">Einen Termin vereinbaren<\/a>\r\n\t<\/div><\/div><\/div>\n\n\n\n<div class=\"ghostkit-col ghostkit-col-md-12 ghostkit-col-6\"><div class=\"ghostkit-col-content is-layout-flow wp-block-ghostkit-grid-column-is-layout-flow\">\r\n<div class=\"eye-element images style-default variant-1 multi-image\">\r\n\r\n\t        <div class=\"composition\">\r\n\t\t\t                <div class=\"image-0\">\r\n                    <img decoding=\"async\" class=\"img-fluid\" src=\"https:\/\/www.koonings.com\/wp-content\/uploads\/2025\/06\/2204-79-225x300.jpeg\" srcset=\"https:\/\/www.koonings.com\/wp-content\/uploads\/2025\/06\/2204-79-225x300.jpeg 225w, https:\/\/www.koonings.com\/wp-content\/uploads\/2025\/06\/2204-79-768x1024.jpeg 768w, https:\/\/www.koonings.com\/wp-content\/uploads\/2025\/06\/2204-79-1152x1536.jpeg 1152w, https:\/\/www.koonings.com\/wp-content\/uploads\/2025\/06\/2204-79-1536x2048.jpeg 1536w, https:\/\/www.koonings.com\/wp-content\/uploads\/2025\/06\/2204-79-scaled.jpeg 1920w\" alt=\"\">\r\n                <\/div>\r\n\t\t\t\r\n            <div class=\"swiper images-swiper\">\r\n\r\n\t\t\t\t\r\n                <div class=\"swiper-wrapper\">\r\n\t\t\t\t\t                        <li class=\"swiper-slide\">\r\n                            <img decoding=\"async\" class=\" img-fluid\" src=\"https:\/\/www.koonings.com\/wp-content\/uploads\/2025\/06\/2204-64-768x1024.jpeg\" srcset=\"https:\/\/www.koonings.com\/wp-content\/uploads\/2025\/06\/2204-64-scaled-e1748955558624.jpeg\" alt=\"\">\r\n                        <\/li>\r\n\t\t\t\t\t                <\/div>\r\n\r\n                <div class=\"swiper-pagination\"><\/div>\r\n\r\n                <div class=\"swiper-button-prev\"><\/div>\r\n                <div class=\"swiper-button-next\"><\/div>\r\n\r\n            <\/div>\r\n\r\n        <\/div>\r\n\t\r\n\t<\/div><\/div><\/div>\n<\/div><\/div>\n\n\n\r\n\r\n<div class=\"eye-element fullwidth-row alignfull style-both bg--none  alignfull \" style=\" \">\r\n\r\n    <div class=\"container\">\r\n        <div class=\"row\">\r\n            <div class=\"col-12\">\r\n                <div class=\"acf-innerblocks-container\">\n\n<h2 class=\"wp-block-heading has-text-align-center\" id=\"alles-afgestemd-alles-verzorgd\">Abgestimmt von Kopf bis Fu\u00df. <\/h2>\n\n\n\n<p class=\"has-text-align-center\">Eure Outfits bilden zusammen das Gesamtbild. Bei Koonings denken wir an das komplette Styling: von deinem Hochzeitskleid \u00fcber seinen Anzug bis hin zu den Outfits der Kinder. Wir sorgen daf\u00fcr, dass das Ganze ausgewogen ist &#8211; visuell und emotional. Denn der Moment, in dem ein Kind den Hochzeitssaal in einem Kleid oder Anzug betritt, der zu deinem passt? Das ber\u00fchrt.    <\/p>\n\n\n\n<p class=\"has-text-align-center\">Und das Beste daran: Unsere Schneiderinnen lassen eure W\u00fcnsche wahr werden. M\u00f6chtest du also passende Stoffe, die gleiche Spitze, ein Zierband von deinem Schleier oder ein Detail von seiner Jacke in die Outfits der Kinder integrieren? Alles ist m\u00f6glich.  <\/p>\n\n\n\r\n<div class=\"eye-block empty-space empty-space--small pt-md-3 pb-md-3 pt-2 pb-2\" ><\/div>\n\n\n<h2 class=\"wp-block-heading has-text-align-center\" id=\"kom-inspiratie-opdoen\">Lass dich inspirieren<\/h2>\n\n\n\n<p class=\"has-text-align-center\">M\u00f6chtest du dir unsere Kollektion ansehen oder \u00fcber die M\u00f6glichkeiten eines ma\u00dfgeschneiderte Designs sprechen? Dann vereinbare deinen Termin. Wir nehmen uns Zeit f\u00fcr dich und deine W\u00fcnsche und denken gerne mit dir dar\u00fcber nach, wie deine kleinen Brauthelfer einen unvergesslichen Eindruck hinterlassen k\u00f6nnen.  <\/p>\n\n\n\n<p class=\"has-text-align-center\">Dein Moment wird noch sch\u00f6ner, wenn du ihn teilst &#8211; mit einem Brautm\u00e4dchen oder einem Blumenjungen an deiner Seite.<\/p>\n\n\n\r\n<div class=\"eye-element bsbutton text-center \" >\r\n\t        <a class=\"btn btn-gold\" href=\"Termin machen | Koonings\"\r\n           target=\"\">Vereinbare jetzt deinen Termin<\/a>\r\n\t<\/div>\n<\/div>\r\n            <\/div>\r\n        <\/div>\r\n    <\/div>\r\n\r\n<\/div>\r\n\r\n    \n<\/div>\r\n            <\/div>\r\n        <\/div>\r\n    <\/div>\r\n\r\n<\/div>\r\n\r\n    ","protected":false},"excerpt":{"rendered":"","protected":false},"author":2,"featured_media":0,"parent":15679,"menu_order":0,"comment_status":"closed","ping_status":"closed","template":"","meta":{"_acf_changed":false,"ghostkit_customizer_options":"","ghostkit_custom_css":"","ghostkit_custom_js_head":"","ghostkit_custom_js_foot":"","ghostkit_typography":"","footnotes":""},"class_list":["post-86408","page","type-page","status-publish","hentry"],"acf":[],"yoast_head":"<!-- This site is optimized with the Yoast SEO plugin v27.3 - https:\/\/yoast.com\/product\/yoast-seo-wordpress\/ -->\n<title>Blumenm\u00e4dchen &amp; Blumenjunge | Koonings<\/title>\n<meta name=\"description\" content=\"Bei Koonings findest du eine sch\u00f6ne Kollektion von Kleidern f\u00fcr Blumenm\u00e4dchen und Blumenjungen. Kleider, Anz\u00fcge und Accessoires in allen m\u00f6glichen Stilen.\" \/>\n<meta name=\"robots\" content=\"index, follow, max-snippet:-1, max-image-preview:large, max-video-preview:-1\" \/>\n<link rel=\"canonical\" href=\"https:\/\/www.koonings.com\/de\/hochzeitskollektion\/kinder\/taufe-2\/\" \/>\n<meta property=\"og:locale\" content=\"de_DE\" \/>\n<meta property=\"og:type\" content=\"article\" \/>\n<meta property=\"og:title\" content=\"Blumenm\u00e4dchen &amp; Blumenjunge | Koonings\" \/>\n<meta property=\"og:description\" content=\"Bei Koonings findest du eine sch\u00f6ne Kollektion von Kleidern f\u00fcr Blumenm\u00e4dchen und Blumenjungen. Kleider, Anz\u00fcge und Accessoires in allen m\u00f6glichen Stilen.\" \/>\n<meta property=\"og:url\" content=\"https:\/\/www.koonings.com\/de\/hochzeitskollektion\/kinder\/taufe-2\/\" \/>\n<meta property=\"og:site_name\" content=\"Koonings\" \/>\n<meta property=\"article:publisher\" content=\"https:\/\/www.facebook.com\/kooningstheweddingpalace\" \/>\n<meta property=\"article:modified_time\" content=\"2025-06-16T09:02:40+00:00\" \/>\n<meta property=\"og:image\" content=\"https:\/\/www.koonings.com\/wp-content\/uploads\/2024\/06\/palace-hero-screenshot-1024x575.png\" \/>\n\t<meta property=\"og:image:width\" content=\"1024\" \/>\n\t<meta property=\"og:image:height\" content=\"575\" \/>\n\t<meta property=\"og:image:type\" content=\"image\/png\" \/>\n<meta name=\"twitter:card\" content=\"summary_large_image\" \/>\n<meta name=\"twitter:label1\" content=\"Gesch\u00e4tzte Lesezeit\" \/>\n\t<meta name=\"twitter:data1\" content=\"3\u00a0Minuten\" \/>\n<script type=\"application\/ld+json\" class=\"yoast-schema-graph\">{\"@context\":\"https:\\\/\\\/schema.org\",\"@graph\":[{\"@type\":\"WebPage\",\"@id\":\"https:\\\/\\\/www.koonings.com\\\/de\\\/hochzeitskollektion\\\/kinder\\\/taufe-2\\\/\",\"url\":\"https:\\\/\\\/www.koonings.com\\\/de\\\/hochzeitskollektion\\\/kinder\\\/taufe-2\\\/\",\"name\":\"Blumenm\u00e4dchen & Blumenjunge | Koonings\",\"isPartOf\":{\"@id\":\"https:\\\/\\\/www.koonings.com\\\/de\\\/#website\"},\"datePublished\":\"2025-06-06T14:19:05+00:00\",\"dateModified\":\"2025-06-16T09:02:40+00:00\",\"description\":\"Bei Koonings findest du eine sch\u00f6ne Kollektion von Kleidern f\u00fcr Blumenm\u00e4dchen und Blumenjungen. Kleider, Anz\u00fcge und Accessoires in allen m\u00f6glichen Stilen.\",\"breadcrumb\":{\"@id\":\"https:\\\/\\\/www.koonings.com\\\/de\\\/hochzeitskollektion\\\/kinder\\\/taufe-2\\\/#breadcrumb\"},\"inLanguage\":\"de\",\"potentialAction\":[{\"@type\":\"ReadAction\",\"target\":[\"https:\\\/\\\/www.koonings.com\\\/de\\\/hochzeitskollektion\\\/kinder\\\/taufe-2\\\/\"]}]},{\"@type\":\"BreadcrumbList\",\"@id\":\"https:\\\/\\\/www.koonings.com\\\/de\\\/hochzeitskollektion\\\/kinder\\\/taufe-2\\\/#breadcrumb\",\"itemListElement\":[{\"@type\":\"ListItem\",\"position\":1,\"name\":\"Home\",\"item\":\"https:\\\/\\\/www.koonings.com\\\/de\\\/\"},{\"@type\":\"ListItem\",\"position\":2,\"name\":\"Hochzeitskollektion\",\"item\":\"https:\\\/\\\/www.koonings.com\\\/de\\\/hochzeitskollektion\\\/\"},{\"@type\":\"ListItem\",\"position\":3,\"name\":\"Kinder\",\"item\":\"https:\\\/\\\/www.koonings.com\\\/de\\\/hochzeitskollektion\\\/kinder\\\/\"},{\"@type\":\"ListItem\",\"position\":4,\"name\":\"Blumenm\u00e4dchen und Blumenjungen\"}]},{\"@type\":\"WebSite\",\"@id\":\"https:\\\/\\\/www.koonings.com\\\/de\\\/#website\",\"url\":\"https:\\\/\\\/www.koonings.com\\\/de\\\/\",\"name\":\"Koonings\",\"description\":\"De grootste bruidsmodewinkel ter wereld\",\"publisher\":{\"@id\":\"https:\\\/\\\/www.koonings.com\\\/de\\\/#organization\"},\"potentialAction\":[{\"@type\":\"SearchAction\",\"target\":{\"@type\":\"EntryPoint\",\"urlTemplate\":\"https:\\\/\\\/www.koonings.com\\\/de\\\/?s={search_term_string}\"},\"query-input\":{\"@type\":\"PropertyValueSpecification\",\"valueRequired\":true,\"valueName\":\"search_term_string\"}}],\"inLanguage\":\"de\"},{\"@type\":\"Organization\",\"@id\":\"https:\\\/\\\/www.koonings.com\\\/de\\\/#organization\",\"name\":\"Koonings\",\"url\":\"https:\\\/\\\/www.koonings.com\\\/de\\\/\",\"logo\":{\"@type\":\"ImageObject\",\"inLanguage\":\"de\",\"@id\":\"https:\\\/\\\/www.koonings.com\\\/de\\\/#\\\/schema\\\/logo\\\/image\\\/\",\"url\":\"https:\\\/\\\/www.koonings.com\\\/wp-content\\\/uploads\\\/2024\\\/07\\\/logo.png\",\"contentUrl\":\"https:\\\/\\\/www.koonings.com\\\/wp-content\\\/uploads\\\/2024\\\/07\\\/logo.png\",\"width\":600,\"height\":428,\"caption\":\"Koonings\"},\"image\":{\"@id\":\"https:\\\/\\\/www.koonings.com\\\/de\\\/#\\\/schema\\\/logo\\\/image\\\/\"},\"sameAs\":[\"https:\\\/\\\/www.facebook.com\\\/kooningstheweddingpalace\",\"https:\\\/\\\/www.instagram.com\\\/kooningstheweddingpalace\",\"https:\\\/\\\/www.pinterest.com\\\/koonings\",\"https:\\\/\\\/www.youtube.com\\\/kooningstheweddingpalace\"]}]}<\/script>\n<!-- \/ Yoast SEO plugin. -->","yoast_head_json":{"title":"Blumenm\u00e4dchen & Blumenjunge | Koonings","description":"Bei Koonings findest du eine sch\u00f6ne Kollektion von Kleidern f\u00fcr Blumenm\u00e4dchen und Blumenjungen. Kleider, Anz\u00fcge und Accessoires in allen m\u00f6glichen Stilen.","robots":{"index":"index","follow":"follow","max-snippet":"max-snippet:-1","max-image-preview":"max-image-preview:large","max-video-preview":"max-video-preview:-1"},"canonical":"https:\/\/www.koonings.com\/de\/hochzeitskollektion\/kinder\/taufe-2\/","og_locale":"de_DE","og_type":"article","og_title":"Blumenm\u00e4dchen & Blumenjunge | Koonings","og_description":"Bei Koonings findest du eine sch\u00f6ne Kollektion von Kleidern f\u00fcr Blumenm\u00e4dchen und Blumenjungen. Kleider, Anz\u00fcge und Accessoires in allen m\u00f6glichen Stilen.","og_url":"https:\/\/www.koonings.com\/de\/hochzeitskollektion\/kinder\/taufe-2\/","og_site_name":"Koonings","article_publisher":"https:\/\/www.facebook.com\/kooningstheweddingpalace","article_modified_time":"2025-06-16T09:02:40+00:00","og_image":[{"width":1024,"height":575,"url":"https:\/\/www.koonings.com\/wp-content\/uploads\/2024\/06\/palace-hero-screenshot-1024x575.png","type":"image\/png"}],"twitter_card":"summary_large_image","twitter_misc":{"Gesch\u00e4tzte Lesezeit":"3\u00a0Minuten"},"schema":{"@context":"https:\/\/schema.org","@graph":[{"@type":"WebPage","@id":"https:\/\/www.koonings.com\/de\/hochzeitskollektion\/kinder\/taufe-2\/","url":"https:\/\/www.koonings.com\/de\/hochzeitskollektion\/kinder\/taufe-2\/","name":"Blumenm\u00e4dchen & Blumenjunge | Koonings","isPartOf":{"@id":"https:\/\/www.koonings.com\/de\/#website"},"datePublished":"2025-06-06T14:19:05+00:00","dateModified":"2025-06-16T09:02:40+00:00","description":"Bei Koonings findest du eine sch\u00f6ne Kollektion von Kleidern f\u00fcr Blumenm\u00e4dchen und Blumenjungen. Kleider, Anz\u00fcge und Accessoires in allen m\u00f6glichen Stilen.","breadcrumb":{"@id":"https:\/\/www.koonings.com\/de\/hochzeitskollektion\/kinder\/taufe-2\/#breadcrumb"},"inLanguage":"de","potentialAction":[{"@type":"ReadAction","target":["https:\/\/www.koonings.com\/de\/hochzeitskollektion\/kinder\/taufe-2\/"]}]},{"@type":"BreadcrumbList","@id":"https:\/\/www.koonings.com\/de\/hochzeitskollektion\/kinder\/taufe-2\/#breadcrumb","itemListElement":[{"@type":"ListItem","position":1,"name":"Home","item":"https:\/\/www.koonings.com\/de\/"},{"@type":"ListItem","position":2,"name":"Hochzeitskollektion","item":"https:\/\/www.koonings.com\/de\/hochzeitskollektion\/"},{"@type":"ListItem","position":3,"name":"Kinder","item":"https:\/\/www.koonings.com\/de\/hochzeitskollektion\/kinder\/"},{"@type":"ListItem","position":4,"name":"Blumenm\u00e4dchen und Blumenjungen"}]},{"@type":"WebSite","@id":"https:\/\/www.koonings.com\/de\/#website","url":"https:\/\/www.koonings.com\/de\/","name":"Koonings","description":"De grootste bruidsmodewinkel ter wereld","publisher":{"@id":"https:\/\/www.koonings.com\/de\/#organization"},"potentialAction":[{"@type":"SearchAction","target":{"@type":"EntryPoint","urlTemplate":"https:\/\/www.koonings.com\/de\/?s={search_term_string}"},"query-input":{"@type":"PropertyValueSpecification","valueRequired":true,"valueName":"search_term_string"}}],"inLanguage":"de"},{"@type":"Organization","@id":"https:\/\/www.koonings.com\/de\/#organization","name":"Koonings","url":"https:\/\/www.koonings.com\/de\/","logo":{"@type":"ImageObject","inLanguage":"de","@id":"https:\/\/www.koonings.com\/de\/#\/schema\/logo\/image\/","url":"https:\/\/www.koonings.com\/wp-content\/uploads\/2024\/07\/logo.png","contentUrl":"https:\/\/www.koonings.com\/wp-content\/uploads\/2024\/07\/logo.png","width":600,"height":428,"caption":"Koonings"},"image":{"@id":"https:\/\/www.koonings.com\/de\/#\/schema\/logo\/image\/"},"sameAs":["https:\/\/www.facebook.com\/kooningstheweddingpalace","https:\/\/www.instagram.com\/kooningstheweddingpalace","https:\/\/www.pinterest.com\/koonings","https:\/\/www.youtube.com\/kooningstheweddingpalace"]}]}},"_links":{"self":[{"href":"https:\/\/www.koonings.com\/de\/wp-json\/wp\/v2\/pages\/86408","targetHints":{"allow":["GET"]}}],"collection":[{"href":"https:\/\/www.koonings.com\/de\/wp-json\/wp\/v2\/pages"}],"about":[{"href":"https:\/\/www.koonings.com\/de\/wp-json\/wp\/v2\/types\/page"}],"author":[{"embeddable":true,"href":"https:\/\/www.koonings.com\/de\/wp-json\/wp\/v2\/users\/2"}],"replies":[{"embeddable":true,"href":"https:\/\/www.koonings.com\/de\/wp-json\/wp\/v2\/comments?post=86408"}],"version-history":[{"count":3,"href":"https:\/\/www.koonings.com\/de\/wp-json\/wp\/v2\/pages\/86408\/revisions"}],"predecessor-version":[{"id":86491,"href":"https:\/\/www.koonings.com\/de\/wp-json\/wp\/v2\/pages\/86408\/revisions\/86491"}],"up":[{"embeddable":true,"href":"https:\/\/www.koonings.com\/de\/wp-json\/wp\/v2\/pages\/15679"}],"wp:attachment":[{"href":"https:\/\/www.koonings.com\/de\/wp-json\/wp\/v2\/media?parent=86408"}],"curies":[{"name":"wp","href":"https:\/\/api.w.org\/{rel}","templated":true}]}}