{"id":85260,"date":"2025-04-24T11:06:54","date_gmt":"2025-04-24T09:06:54","guid":{"rendered":"https:\/\/www.koonings.com\/?page_id=85260"},"modified":"2025-09-29T12:24:38","modified_gmt":"2025-09-29T10:24:38","slug":"say-yes-to-the-dress-2","status":"publish","type":"page","link":"https:\/\/www.koonings.com\/de\/tv-presse\/say-yes-to-the-dress-2\/","title":{"rendered":"The Real Housewives des S\u00fcdens"},"content":{"rendered":"\r\n\r\n<div class=\"eye-element fullwidth-row alignfull style-both bg--none  alignfull \" style=\" \">\r\n\r\n    <div class=\"container\">\r\n        <div class=\"row\">\r\n            <div class=\"col-12\">\r\n                <div class=\"acf-innerblocks-container\">\n\n<div class=\"ghostkit-grid ghostkit-grid-gap-md ghostkit-grid-align-items-center ghostkit-grid-justify-content-center\"><div class=\"ghostkit-grid-inner\">\n<div class=\"ghostkit-col ghostkit-col-md-12 ghostkit-col-6\"><div class=\"ghostkit-col-content is-layout-flow wp-block-ghostkit-grid-column-is-layout-flow\">\r\n<div class=\"eye-element images style-default variant-2 single-image\">\r\n\r\n\t        <div class=\"composition\">\r\n\t\t\t\r\n            <div class=\"swiper images-swiper\">\r\n\r\n\t\t\t\t\r\n                <div class=\"swiper-wrapper\">\r\n\t\t\t\t\t                        <li class=\"swiper-slide\">\r\n                            <img decoding=\"async\" class=\" img-fluid\" src=\"https:\/\/www.koonings.com\/wp-content\/uploads\/2025\/02\/Real-Housewives-vh-Zuiden-de-goede-683x1024.jpg\" srcset=\"https:\/\/www.koonings.com\/wp-content\/uploads\/2025\/02\/Real-Housewives-vh-Zuiden-de-goede-scaled.jpg\" alt=\"\">\r\n                        <\/li>\r\n\t\t\t\t\t                <\/div>\r\n\r\n                <div class=\"swiper-pagination\"><\/div>\r\n\r\n                <div class=\"swiper-button-prev\"><\/div>\r\n                <div class=\"swiper-button-next\"><\/div>\r\n\r\n            <\/div>\r\n\r\n        <\/div>\r\n\t\r\n\t<\/div><\/div><\/div>\n\n\n\n<div class=\"ghostkit-col ghostkit-col-md-12 ghostkit-col-6\"><div class=\"ghostkit-col-content is-layout-flow wp-block-ghostkit-grid-column-is-layout-flow\">\n<h1 class=\"wp-block-heading\" id=\"say-yes-to-the-dress\">Ramona Koonings gl\u00e4nzt in The Real Housewives of the South<\/h1>\n\n\n\n<p>In <em>The Real Housewives of the South<\/em> folgen Sie acht freim\u00fctigen und erfolgreichen Frauen, die dem S\u00fcden der Niederlande ihren Stempel aufdr\u00fccken. Diese Reality-Serie ist voll von stilvollen Events, pers\u00f6nlichen Geschichten und einer guten Portion Flair &#8211; und nat\u00fcrlich fehlt auch die n\u00f6tige Dosis Drama nicht. <\/p>\n\n\n\n<p>Eine der Protagonistinnen ist keine andere als Ramona Koonings: Powerfrau, Unternehmerin und das Gesicht hinter dem gr\u00f6\u00dften Brautmodenhaus der Welt.<\/p>\n<\/div><\/div>\n<\/div><\/div>\n\n<\/div>\r\n            <\/div>\r\n        <\/div>\r\n    <\/div>\r\n\r\n<\/div>\r\n\r\n    \r\n\r\n<div class=\"eye-element fullwidth-row alignfull style-both bg--lightgray  alignfull \" style=\" \">\r\n\r\n    <div class=\"container\">\r\n        <div class=\"row\">\r\n            <div class=\"col-12\">\r\n                <div class=\"acf-innerblocks-container\">\n\n<h2 class=\"wp-block-heading has-text-align-center\" id=\"ramona-koonings-een-leven-vol-magie-en-ambitie\">Ramona Koonings: ein Leben voller Magie und Ehrgeiz<\/h2>\n\n\n\n<p class=\"has-text-align-center\">Als Gr\u00fcnderin und Inhaberin von Koonings Bridal Fashion und Kasteel Oost in Valkenburg zeigt Ramona in der Serie nicht nur ihr beeindruckendes Unternehmertum, sondern auch, wie sie jeden Tag Tausende von Br\u00e4uten verzaubert. Sie \u00f6ffnet die T\u00fcren ihrer Welt voller Liebe, Luxus und pers\u00f6nlicher Aufmerksamkeit &#8211; und gew\u00e4hrt einen exklusiven Blick hinter die Kulissen ihres Brautmodenimperiums. <\/p>\n\n\n\n<p class=\"has-text-align-center\">Ihre Energie, ihr Flair und ihre Visionen machen sie zu einem inspirierenden Vorbild f\u00fcr Frauen, die von mehr tr\u00e4umen &#8211; ob es nun darum geht, zu heiraten, Unternehmerin zu werden oder einfach das Leben in vollen Z\u00fcgen zu genie\u00dfen.<\/p>\n\n\n\r\n<div class=\"eye-block empty-space empty-space--medium pt-md-4 pb-md-4 pt-3 pb-3\" ><\/div>\n<\/div>\r\n            <\/div>\r\n        <\/div>\r\n    <\/div>\r\n\r\n<\/div>\r\n\r\n    \r\n\r\n<div class=\"eye-element fullwidth-row alignfull style-both bg--none  alignfull \" style=\" \">\r\n\r\n    <div class=\"container\">\r\n        <div class=\"row\">\r\n            <div class=\"col-12\">\r\n                <div class=\"acf-innerblocks-container\">\n\n<div class=\"ghostkit-grid ghostkit-grid-gap-md ghostkit-grid-align-items-center ghostkit-grid-justify-content-center\"><div class=\"ghostkit-grid-inner\">\n<div class=\"ghostkit-col ghostkit-col-md-12 ghostkit-col-6\"><div class=\"ghostkit-col-content is-layout-flow wp-block-ghostkit-grid-column-is-layout-flow\">\n<figure class=\"wp-block-image size-full\"><img decoding=\"async\" width=\"1080\" height=\"707\" src=\"https:\/\/www.koonings.com\/wp-content\/uploads\/2024\/10\/real_housewives_van_het_zuiden.jpg\" alt=\"\" class=\"wp-image-24348\" style=\"aspect-ratio:4\/3;object-fit:cover\" srcset=\"https:\/\/www.koonings.com\/wp-content\/uploads\/2024\/10\/real_housewives_van_het_zuiden.jpg 1080w, https:\/\/www.koonings.com\/wp-content\/uploads\/2024\/10\/real_housewives_van_het_zuiden-300x196.jpg 300w, https:\/\/www.koonings.com\/wp-content\/uploads\/2024\/10\/real_housewives_van_het_zuiden-1024x670.jpg 1024w, https:\/\/www.koonings.com\/wp-content\/uploads\/2024\/10\/real_housewives_van_het_zuiden-768x503.jpg 768w\" sizes=\"(max-width: 1080px) 100vw, 1080px\" \/><\/figure>\n<\/div><\/div>\n\n\n\n<div class=\"ghostkit-col ghostkit-col-md-12 ghostkit-col-6 ghostkit-col-align-self-center\"><div class=\"ghostkit-col-content is-layout-flow wp-block-ghostkit-grid-column-is-layout-flow\">\n<h2 class=\"wp-block-heading\" id=\"say-yes-to-the-dress\">Treffen Sie die Damen des S\u00fcdens<\/h2>\n\n\n\n<p>Neben Ramona werden Sie auch diese beeindruckenden Frauen vorbeikommen sehen:<\/p>\n\n\n\n<p><strong>Petrouschka<\/strong> &#8211; Stilvolle Mutter und Tierliebhaberin mit einem schrulligen Touch.<\/p>\n\n\n\n<p><strong>Annu<\/strong> &#8211; Champagner-K\u00f6nigin und Mitinhaberin des Restaurants GEM.<\/p>\n\n\n\n<p><strong>Brigitte<\/strong> &#8211; Stilvoll und m\u00e4chtig, Besitzerin eines exklusiven Clubs.<\/p>\n\n\n\n<p><strong>Chayenne <\/strong>&#8211; Gesch\u00e4ftsfrau pur, sang im Bausektor und war fu\u00dfballverr\u00fcckt.<\/p>\n\n\n\n<p><strong>Estelle<\/strong> &#8211; Immobilienunternehmerin mit sportlichem Flair und einem Traumhaus im Bau.<\/p>\n\n\n\n<p><strong>Lizbeth<\/strong> &#8211; International im Immobiliengesch\u00e4ft t\u00e4tig, von Dubai bis Mexiko.<\/p>\n\n\n\n<p><strong>Marjan<\/strong> &#8211; Die &#8216;Coco Chanel des S\u00fcdens&#8217;, extravagant und voller Ideen.<\/p>\n\n\n\r\n<div class=\"eye-element bsbutton text-start \" >\r\n\t        <a class=\"btn btn-primary\" href=\"\/de\/ueber-uns\/blog\/the-real-housewives-des-sudens\/lerne-die-ladies-von-the-real-housewives-des-suedens-kennen\/\"\r\n           target=\"\">Dies sind die Damen von The Real Housewives of the South<\/a>\r\n\t<\/div><\/div><\/div>\n<\/div><\/div>\n\n<\/div>\r\n            <\/div>\r\n        <\/div>\r\n    <\/div>\r\n\r\n<\/div>\r\n\r\n    \r\n\r\n<div class=\"eye-element fullwidth-row alignfull style-both bg--lightgray  alignfull \" style=\" \">\r\n\r\n    <div class=\"container\">\r\n        <div class=\"row\">\r\n            <div class=\"col-12\">\r\n                <div class=\"acf-innerblocks-container\">\n\n<h2 class=\"wp-block-heading has-text-align-center\" id=\"ramona-koonings-een-leven-vol-magie-en-ambitie\">Folgen Sie der Geschichte<\/h2>\n\n\n\n<p class=\"has-text-align-center\"><em>The Real Housewives of the South<\/em> bietet eine inspirierende Mischung aus pers\u00f6nlichen Geschichten, Ambitionen und Emotionen. Von glitzernden Outfits bis hin zu intimen Gespr\u00e4chen &#8211; diese Serie zeigt Frauen in ihrer Bl\u00fctezeit, jede auf ihre eigene Art. <\/p>\n\n\n\n<p>Ramonas Pr\u00e4senz ist darin einzigartig: Sie verk\u00f6rpert die Kombination aus Stil, Unternehmertum und echter Erfahrung. Ob Sie sie bei einer strategischen Beratung oder w\u00e4hrend eines emotionalen, passenden Moments in Deurne sehen &#8211; sie strahlt. <\/p>\n\n\n\n<p class=\"has-text-align-center\"><em>Sind Sie neugierig auf die Magie von Ramona?<\/em> Entdecken Sie ihre Geschichte in <em>The Real Housewives of the South<\/em>. T\u00e4glich neue Informationen \u00fcber ihre glamour\u00f6se Welt?   <a href=\"https:\/\/www.instagram.com\/ramonakoonings\/?utm_source=ig_web_button_share_sheet\" target=\"_blank\" rel=\"noreferrer noopener\">Dann folgen Sie Ramona auch auf instagram  &gt;<\/a><\/p>\n\n<\/div>\r\n            <\/div>\r\n        <\/div>\r\n    <\/div>\r\n\r\n<\/div>\r\n\r\n    \r\n\r\n<div class=\"eye-element fullwidth-row alignfull style-both bg--none  alignfull \" style=\" \">\r\n\r\n    <div class=\"container\">\r\n        <div class=\"row\">\r\n            <div class=\"col-12\">\r\n                <div class=\"acf-innerblocks-container\">\n\n<figure class=\"wp-block-embed is-type-video is-provider-vimeo wp-block-embed-vimeo wp-embed-aspect-16-9 wp-has-aspect-ratio\"><div class=\"wp-block-embed__wrapper\">\n<iframe loading=\"lazy\" src=\"https:\/\/player.vimeo.com\/video\/1066588502?dnt=1&amp;app_id=122963\" width=\"500\" height=\"281\" frameborder=\"0\" allow=\"autoplay; fullscreen; picture-in-picture; clipboard-write; encrypted-media; web-share\" referrerpolicy=\"strict-origin-when-cross-origin\"><\/iframe>\n<\/div><\/figure>\n\n<\/div>\r\n            <\/div>\r\n        <\/div>\r\n    <\/div>\r\n\r\n<\/div>\r\n\r\n    ","protected":false},"excerpt":{"rendered":"","protected":false},"author":2,"featured_media":0,"parent":15714,"menu_order":0,"comment_status":"closed","ping_status":"closed","template":"","meta":{"_acf_changed":false,"ghostkit_customizer_options":"","ghostkit_custom_css":"","ghostkit_custom_js_head":"","ghostkit_custom_js_foot":"","ghostkit_typography":"","footnotes":""},"class_list":["post-85260","page","type-page","status-publish","hentry"],"acf":[],"yoast_head":"<!-- This site is optimized with the Yoast SEO plugin v27.3 - https:\/\/yoast.com\/product\/yoast-seo-wordpress\/ -->\n<title>The Real Housewives des S\u00fcdens | Koonings<\/title>\n<meta name=\"robots\" content=\"index, follow, max-snippet:-1, max-image-preview:large, max-video-preview:-1\" \/>\n<link rel=\"canonical\" href=\"https:\/\/www.koonings.com\/de\/tv-presse\/say-yes-to-the-dress-2\/\" \/>\n<meta property=\"og:locale\" content=\"de_DE\" \/>\n<meta property=\"og:type\" content=\"article\" \/>\n<meta property=\"og:title\" content=\"The Real Housewives des S\u00fcdens | Koonings\" \/>\n<meta property=\"og:url\" content=\"https:\/\/www.koonings.com\/de\/tv-presse\/say-yes-to-the-dress-2\/\" \/>\n<meta property=\"og:site_name\" content=\"Koonings\" \/>\n<meta property=\"article:publisher\" content=\"https:\/\/www.facebook.com\/kooningstheweddingpalace\" \/>\n<meta property=\"article:modified_time\" content=\"2025-09-29T10:24:38+00:00\" \/>\n<meta property=\"og:image\" content=\"https:\/\/www.koonings.com\/wp-content\/uploads\/2024\/10\/real_housewives_van_het_zuiden.jpg\" \/>\n<meta name=\"twitter:card\" content=\"summary_large_image\" \/>\n<meta name=\"twitter:label1\" content=\"Gesch\u00e4tzte Lesezeit\" \/>\n\t<meta name=\"twitter:data1\" content=\"2\u00a0Minuten\" \/>\n<script type=\"application\/ld+json\" class=\"yoast-schema-graph\">{\"@context\":\"https:\\\/\\\/schema.org\",\"@graph\":[{\"@type\":\"WebPage\",\"@id\":\"https:\\\/\\\/www.koonings.com\\\/de\\\/tv-presse\\\/say-yes-to-the-dress-2\\\/\",\"url\":\"https:\\\/\\\/www.koonings.com\\\/de\\\/tv-presse\\\/say-yes-to-the-dress-2\\\/\",\"name\":\"The Real Housewives des S\u00fcdens | Koonings\",\"isPartOf\":{\"@id\":\"https:\\\/\\\/www.koonings.com\\\/de\\\/#website\"},\"primaryImageOfPage\":{\"@id\":\"https:\\\/\\\/www.koonings.com\\\/de\\\/tv-presse\\\/say-yes-to-the-dress-2\\\/#primaryimage\"},\"image\":{\"@id\":\"https:\\\/\\\/www.koonings.com\\\/de\\\/tv-presse\\\/say-yes-to-the-dress-2\\\/#primaryimage\"},\"thumbnailUrl\":\"https:\\\/\\\/www.koonings.com\\\/wp-content\\\/uploads\\\/2024\\\/10\\\/real_housewives_van_het_zuiden.jpg\",\"datePublished\":\"2025-04-24T09:06:54+00:00\",\"dateModified\":\"2025-09-29T10:24:38+00:00\",\"breadcrumb\":{\"@id\":\"https:\\\/\\\/www.koonings.com\\\/de\\\/tv-presse\\\/say-yes-to-the-dress-2\\\/#breadcrumb\"},\"inLanguage\":\"de\",\"potentialAction\":[{\"@type\":\"ReadAction\",\"target\":[\"https:\\\/\\\/www.koonings.com\\\/de\\\/tv-presse\\\/say-yes-to-the-dress-2\\\/\"]}]},{\"@type\":\"ImageObject\",\"inLanguage\":\"de\",\"@id\":\"https:\\\/\\\/www.koonings.com\\\/de\\\/tv-presse\\\/say-yes-to-the-dress-2\\\/#primaryimage\",\"url\":\"https:\\\/\\\/www.koonings.com\\\/wp-content\\\/uploads\\\/2024\\\/10\\\/real_housewives_van_het_zuiden.jpg\",\"contentUrl\":\"https:\\\/\\\/www.koonings.com\\\/wp-content\\\/uploads\\\/2024\\\/10\\\/real_housewives_van_het_zuiden.jpg\"},{\"@type\":\"BreadcrumbList\",\"@id\":\"https:\\\/\\\/www.koonings.com\\\/de\\\/tv-presse\\\/say-yes-to-the-dress-2\\\/#breadcrumb\",\"itemListElement\":[{\"@type\":\"ListItem\",\"position\":1,\"name\":\"Home\",\"item\":\"https:\\\/\\\/www.koonings.com\\\/de\\\/\"},{\"@type\":\"ListItem\",\"position\":2,\"name\":\"TV Presse\",\"item\":\"https:\\\/\\\/www.koonings.com\\\/de\\\/tv-presse\\\/\"},{\"@type\":\"ListItem\",\"position\":3,\"name\":\"The Real Housewives des S\u00fcdens\"}]},{\"@type\":\"WebSite\",\"@id\":\"https:\\\/\\\/www.koonings.com\\\/de\\\/#website\",\"url\":\"https:\\\/\\\/www.koonings.com\\\/de\\\/\",\"name\":\"Koonings\",\"description\":\"De grootste bruidsmodewinkel ter wereld\",\"publisher\":{\"@id\":\"https:\\\/\\\/www.koonings.com\\\/de\\\/#organization\"},\"potentialAction\":[{\"@type\":\"SearchAction\",\"target\":{\"@type\":\"EntryPoint\",\"urlTemplate\":\"https:\\\/\\\/www.koonings.com\\\/de\\\/?s={search_term_string}\"},\"query-input\":{\"@type\":\"PropertyValueSpecification\",\"valueRequired\":true,\"valueName\":\"search_term_string\"}}],\"inLanguage\":\"de\"},{\"@type\":\"Organization\",\"@id\":\"https:\\\/\\\/www.koonings.com\\\/de\\\/#organization\",\"name\":\"Koonings\",\"url\":\"https:\\\/\\\/www.koonings.com\\\/de\\\/\",\"logo\":{\"@type\":\"ImageObject\",\"inLanguage\":\"de\",\"@id\":\"https:\\\/\\\/www.koonings.com\\\/de\\\/#\\\/schema\\\/logo\\\/image\\\/\",\"url\":\"https:\\\/\\\/www.koonings.com\\\/wp-content\\\/uploads\\\/2024\\\/07\\\/logo.png\",\"contentUrl\":\"https:\\\/\\\/www.koonings.com\\\/wp-content\\\/uploads\\\/2024\\\/07\\\/logo.png\",\"width\":600,\"height\":428,\"caption\":\"Koonings\"},\"image\":{\"@id\":\"https:\\\/\\\/www.koonings.com\\\/de\\\/#\\\/schema\\\/logo\\\/image\\\/\"},\"sameAs\":[\"https:\\\/\\\/www.facebook.com\\\/kooningstheweddingpalace\",\"https:\\\/\\\/www.instagram.com\\\/kooningstheweddingpalace\",\"https:\\\/\\\/www.pinterest.com\\\/koonings\",\"https:\\\/\\\/www.youtube.com\\\/kooningstheweddingpalace\"]}]}<\/script>\n<!-- \/ Yoast SEO plugin. -->","yoast_head_json":{"title":"The Real Housewives des S\u00fcdens | Koonings","robots":{"index":"index","follow":"follow","max-snippet":"max-snippet:-1","max-image-preview":"max-image-preview:large","max-video-preview":"max-video-preview:-1"},"canonical":"https:\/\/www.koonings.com\/de\/tv-presse\/say-yes-to-the-dress-2\/","og_locale":"de_DE","og_type":"article","og_title":"The Real Housewives des S\u00fcdens | Koonings","og_url":"https:\/\/www.koonings.com\/de\/tv-presse\/say-yes-to-the-dress-2\/","og_site_name":"Koonings","article_publisher":"https:\/\/www.facebook.com\/kooningstheweddingpalace","article_modified_time":"2025-09-29T10:24:38+00:00","og_image":[{"url":"https:\/\/www.koonings.com\/wp-content\/uploads\/2024\/10\/real_housewives_van_het_zuiden.jpg","type":"","width":"","height":""}],"twitter_card":"summary_large_image","twitter_misc":{"Gesch\u00e4tzte Lesezeit":"2\u00a0Minuten"},"schema":{"@context":"https:\/\/schema.org","@graph":[{"@type":"WebPage","@id":"https:\/\/www.koonings.com\/de\/tv-presse\/say-yes-to-the-dress-2\/","url":"https:\/\/www.koonings.com\/de\/tv-presse\/say-yes-to-the-dress-2\/","name":"The Real Housewives des S\u00fcdens | Koonings","isPartOf":{"@id":"https:\/\/www.koonings.com\/de\/#website"},"primaryImageOfPage":{"@id":"https:\/\/www.koonings.com\/de\/tv-presse\/say-yes-to-the-dress-2\/#primaryimage"},"image":{"@id":"https:\/\/www.koonings.com\/de\/tv-presse\/say-yes-to-the-dress-2\/#primaryimage"},"thumbnailUrl":"https:\/\/www.koonings.com\/wp-content\/uploads\/2024\/10\/real_housewives_van_het_zuiden.jpg","datePublished":"2025-04-24T09:06:54+00:00","dateModified":"2025-09-29T10:24:38+00:00","breadcrumb":{"@id":"https:\/\/www.koonings.com\/de\/tv-presse\/say-yes-to-the-dress-2\/#breadcrumb"},"inLanguage":"de","potentialAction":[{"@type":"ReadAction","target":["https:\/\/www.koonings.com\/de\/tv-presse\/say-yes-to-the-dress-2\/"]}]},{"@type":"ImageObject","inLanguage":"de","@id":"https:\/\/www.koonings.com\/de\/tv-presse\/say-yes-to-the-dress-2\/#primaryimage","url":"https:\/\/www.koonings.com\/wp-content\/uploads\/2024\/10\/real_housewives_van_het_zuiden.jpg","contentUrl":"https:\/\/www.koonings.com\/wp-content\/uploads\/2024\/10\/real_housewives_van_het_zuiden.jpg"},{"@type":"BreadcrumbList","@id":"https:\/\/www.koonings.com\/de\/tv-presse\/say-yes-to-the-dress-2\/#breadcrumb","itemListElement":[{"@type":"ListItem","position":1,"name":"Home","item":"https:\/\/www.koonings.com\/de\/"},{"@type":"ListItem","position":2,"name":"TV Presse","item":"https:\/\/www.koonings.com\/de\/tv-presse\/"},{"@type":"ListItem","position":3,"name":"The Real Housewives des S\u00fcdens"}]},{"@type":"WebSite","@id":"https:\/\/www.koonings.com\/de\/#website","url":"https:\/\/www.koonings.com\/de\/","name":"Koonings","description":"De grootste bruidsmodewinkel ter wereld","publisher":{"@id":"https:\/\/www.koonings.com\/de\/#organization"},"potentialAction":[{"@type":"SearchAction","target":{"@type":"EntryPoint","urlTemplate":"https:\/\/www.koonings.com\/de\/?s={search_term_string}"},"query-input":{"@type":"PropertyValueSpecification","valueRequired":true,"valueName":"search_term_string"}}],"inLanguage":"de"},{"@type":"Organization","@id":"https:\/\/www.koonings.com\/de\/#organization","name":"Koonings","url":"https:\/\/www.koonings.com\/de\/","logo":{"@type":"ImageObject","inLanguage":"de","@id":"https:\/\/www.koonings.com\/de\/#\/schema\/logo\/image\/","url":"https:\/\/www.koonings.com\/wp-content\/uploads\/2024\/07\/logo.png","contentUrl":"https:\/\/www.koonings.com\/wp-content\/uploads\/2024\/07\/logo.png","width":600,"height":428,"caption":"Koonings"},"image":{"@id":"https:\/\/www.koonings.com\/de\/#\/schema\/logo\/image\/"},"sameAs":["https:\/\/www.facebook.com\/kooningstheweddingpalace","https:\/\/www.instagram.com\/kooningstheweddingpalace","https:\/\/www.pinterest.com\/koonings","https:\/\/www.youtube.com\/kooningstheweddingpalace"]}]}},"_links":{"self":[{"href":"https:\/\/www.koonings.com\/de\/wp-json\/wp\/v2\/pages\/85260","targetHints":{"allow":["GET"]}}],"collection":[{"href":"https:\/\/www.koonings.com\/de\/wp-json\/wp\/v2\/pages"}],"about":[{"href":"https:\/\/www.koonings.com\/de\/wp-json\/wp\/v2\/types\/page"}],"author":[{"embeddable":true,"href":"https:\/\/www.koonings.com\/de\/wp-json\/wp\/v2\/users\/2"}],"replies":[{"embeddable":true,"href":"https:\/\/www.koonings.com\/de\/wp-json\/wp\/v2\/comments?post=85260"}],"version-history":[{"count":3,"href":"https:\/\/www.koonings.com\/de\/wp-json\/wp\/v2\/pages\/85260\/revisions"}],"predecessor-version":[{"id":98644,"href":"https:\/\/www.koonings.com\/de\/wp-json\/wp\/v2\/pages\/85260\/revisions\/98644"}],"up":[{"embeddable":true,"href":"https:\/\/www.koonings.com\/de\/wp-json\/wp\/v2\/pages\/15714"}],"wp:attachment":[{"href":"https:\/\/www.koonings.com\/de\/wp-json\/wp\/v2\/media?parent=85260"}],"curies":[{"name":"wp","href":"https:\/\/api.w.org\/{rel}","templated":true}]}}