{"id":81880,"date":"2025-03-06T16:23:02","date_gmt":"2025-03-06T15:23:02","guid":{"rendered":"https:\/\/www.koonings.com\/presse-kooperation\/"},"modified":"2025-03-12T14:26:35","modified_gmt":"2025-03-12T13:26:35","slug":"presse-kooperation","status":"publish","type":"page","link":"https:\/\/www.koonings.com\/de\/presse-kooperation\/","title":{"rendered":"Presse &amp; Kooperation"},"content":{"rendered":"\r\n\r\n<div class=\"eye-element fullwidth-row alignfull style-both bg--none  alignfull \" style=\" \">\r\n\r\n    <div class=\"container\">\r\n        <div class=\"row\">\r\n            <div class=\"col-12\">\r\n                <div class=\"acf-innerblocks-container\">\n\n<h1 class=\"wp-block-heading has-text-align-center\" id=\"pers-media-en-samenwerkingen\">Presse, Medien und Kooperationen<\/h1>\n\n\n\n<p class=\"has-text-align-center\">Bei Koonings erhalten wir regelm\u00e4\u00dfig Anfragen von Presse, Medien und f\u00fcr Kooperationen. Um sicherzustellen, dass deine Anfrage den richtigen Ansprechpartner erreicht, haben wir hier die Kontaktm\u00f6glichkeiten aufgelistet.<\/p>\n\n\n\r\n\r\n<div class=\"eye-element fullwidth-row alignfull style-both bg--none  alignfull \" style=\" \">\r\n\r\n    <div class=\"container\">\r\n        <div class=\"row\">\r\n            <div class=\"col-12\">\r\n                <div class=\"acf-innerblocks-container\">\n\r\n<div class=\"eye-block onpagenav  \">\r\n    <div class=\"container-fluid p-sm-0\">\r\n        <nav id=\"onpage-nav\" class=\"navbar navbar-expand text-center\" aria-label=\"Inhoudsopgave\">\r\n            <div class=\" justify-content-center\" id=\"navbarSupportedContent\">\r\n                <ul class=\"nav navbar-nav\">\r\n                    <li class=\"nav-item single-hint d-none\" style=\"pointer-events: none;\">\r\n                        <a class=\"nav-link\" href=\"javascript:void()\">Inhaltsverzeichnis<\/a>\r\n                    <\/li>\r\n                                            <li class=\"nav-item\">\r\n                            <a class=\"nav-link\" href=\"#presseanfragen-section\">Presseanfragen<\/a>\r\n                        <\/li>\r\n                                            <li class=\"nav-item\">\r\n                            <a class=\"nav-link\" href=\"#kollaborationen-partnerschaften-section\">Kollaborationen &amp; Partnerschaften<\/a>\r\n                        <\/li>\r\n                                            <li class=\"nav-item\">\r\n                            <a class=\"nav-link\" href=\"#pressematerialien-bildarchiv-section\">Pressematerialien &amp; Bildarchiv<\/a>\r\n                        <\/li>\r\n                                            <li class=\"nav-item\">\r\n                            <a class=\"nav-link\" href=\"#haeufig-gestellte-fragen-section\">H\u00e4ufig gestellte Fragen<\/a>\r\n                        <\/li>\r\n                                    <\/ul>\r\n            <\/div>\r\n            <div class=\"dropdown\">\r\n                <a class=\"dropdown-toggle btn btn-primary\" id=\"dropdownMenuButton\" data-bs-toggle=\"dropdown\" aria-haspopup=\"true\" aria-expanded=\"false\">\r\n                    <i class=\"fa-solid fa-chevron-down\"><\/i>\r\n                <\/a>\r\n                <div class=\"dropdown-menu dropdown-menu-right\" aria-labelledby=\"dropdownMenuButton\">\r\n                <\/div>\r\n            <\/div>\r\n        <\/nav>\r\n    <\/div>\r\n<\/div>\n<\/div>\r\n            <\/div>\r\n        <\/div>\r\n    <\/div>\r\n\r\n<\/div>\r\n\r\n    \n\n\r\n<div id=\"presseanfragen-section\" class=\"eye-block menu-section\" title=\"presseanfragen\" data-section-name=\"Presseanfragen\"><\/div>\r\n\n\n\n<h2 class=\"wp-block-heading\" id=\"persaanvragen\"><strong>Presseanfragen<\/strong><\/h2>\n\n\n\n<p>F\u00fcr Interviews, Pressemitteilungen und allgemeine Medienanfragen kontaktiere uns bitte unter <strong>marketing@koonings.com.<\/strong> Wir helfen dir gerne mit Informationen \u00fcber Koonings, Presseanfragen und aktuellen Entwicklungen.<\/p>\n\n<\/div>\r\n            <\/div>\r\n        <\/div>\r\n    <\/div>\r\n\r\n<\/div>\r\n\r\n    \n\n\r\n\r\n<div class=\"eye-element fullwidth-row alignfull style-both bg--none  alignfull \" style=\" \">\r\n\r\n    <div class=\"container\">\r\n        <div class=\"row\">\r\n            <div class=\"col-12\">\r\n                <div class=\"acf-innerblocks-container\">\n\r\n<div id=\"kollaborationen-partnerschaften-section\" class=\"eye-block menu-section\" title=\"kollaborationen-partnerschaften\" data-section-name=\"Kollaborationen &amp; Partnerschaften\"><\/div>\r\n\n\n\n<h2 class=\"wp-block-heading\" id=\"samenwerkingen-partnerships\"><strong>Kooperationen &amp; Partnerschaften<\/strong><\/h2>\n\n\n\n<p>Du bist Influencer, Markenpartner oder arbeitest an einer Veranstaltung, bei der Koonings eine gute Erg\u00e4nzung w\u00e4re? Wir sind offen f\u00fcr Kooperationen, die zu unserer Marke passen. Sende uns deinen Vorschlag an <strong>marketing@koonings.com<\/strong> und unser Team wird sich mit dir in Verbindung setzen.<\/p>\n\n\n\r\n<div class=\"eye-block empty-space empty-space--small pt-md-3 pb-md-3 pt-2 pb-2\" ><\/div>\n\n\n<p><em><strong>Models Brautmodenshow<\/strong><\/em><\/p>\n\n\n\n<p>F\u00fcr unsere Brautmodenshows schreiben wir keine Stellen aus, sondern greifen auf eine Modeldatenbank zur\u00fcck. Du m\u00f6chtest dich als Koonings Model registrieren lassen? Dann schreib dich unter untenstehenden Link ein. F\u00fcr jede Show w\u00e4hlen wir die Models aus, die am besten zum Showkonzept und zum Designer passen.<\/p>\n\n\n\n<ul class=\"wp-block-list\">\n<li><a href=\"https:\/\/docs.google.com\/forms\/d\/e\/1FAIpQLSdnvIrBhiFeAGy587uDiXz0rYt6YtJacQw8ts-WHqJ22OCPwA\/viewform\">Registrier dich jetzt als Model.<\/a><br><br><\/li>\n<\/ul>\n\n\n\n<p>Sobald eine Show stattfindet, die zu deinen Angaben passt, werden wir dich benachrichtigen!<\/p>\n\n<\/div>\r\n            <\/div>\r\n        <\/div>\r\n    <\/div>\r\n\r\n<\/div>\r\n\r\n    \n\n\r\n\r\n<div class=\"eye-element fullwidth-row alignfull style-both bg--none  alignfull \" style=\" \">\r\n\r\n    <div class=\"container\">\r\n        <div class=\"row\">\r\n            <div class=\"col-12\">\r\n                <div class=\"acf-innerblocks-container\">\n\r\n<div id=\"pressematerialien-bildarchiv-section\" class=\"eye-block menu-section\" title=\"pressematerialien-bildarchiv\" data-section-name=\"Pressematerialien &amp; Bildarchiv\"><\/div>\r\n\n\n\n<h2 class=\"wp-block-heading\" id=\"persmateriaal-beeldbank\"><strong>Pressematerialien &amp; Bildarchiv<\/strong><\/h2>\n\n\n\n<p>Du suchst nach Logos, Fotos oder anderem Pressematerial? Sende deine Anfrage an <strong>marketing@koonings.com,<\/strong> und wir stellen dir gerne die richtigen Dateien und Richtlinien zur Verf\u00fcgung.<\/p>\n\n<\/div>\r\n            <\/div>\r\n        <\/div>\r\n    <\/div>\r\n\r\n<\/div>\r\n\r\n    \n\n\r\n\r\n<div class=\"eye-element fullwidth-row alignfull style-both bg--none  alignfull \" style=\" \">\r\n\r\n    <div class=\"container\">\r\n        <div class=\"row\">\r\n            <div class=\"col-12\">\r\n                <div class=\"acf-innerblocks-container\">\n\r\n<div id=\"haeufig-gestellte-fragen-section\" class=\"eye-block menu-section\" title=\"haeufig-gestellte-fragen\" data-section-name=\"H\u00e4ufig gestellte Fragen\"><\/div>\r\n\n\n\n<h2 class=\"wp-block-heading\" id=\"veelgestelde-vragen\"><strong>H\u00e4ufig gestellte Fragen<\/strong><\/h2>\n\n\n\n<ul class=\"wp-block-list\">\n<li><strong>Kann ich bei Koonings ein Fotoshooting veranstalten?<\/strong><br>Ja, das ist auf Anfrage m\u00f6glich. Schicke uns deinen Vorschlag an <strong>marketing@koonings.com,<\/strong> einschlie\u00dflich Datum, Konzept und gew\u00fcnschter Ausstattung.<\/li>\n\n\n\n<li><strong>Wo kann ich euer Logo und eure Bilder herunterladen?<\/strong><br>Kontaktiere <strong>marketing@koonings.com<\/strong> und gib an, was und wof\u00fcr du diese ben\u00f6tigst. Wir senden dir gerne die richtigen Dateien und Richtlinien zu.<\/li>\n<\/ul>\n\n<\/div>\r\n            <\/div>\r\n        <\/div>\r\n    <\/div>\r\n\r\n<\/div>\r\n\r\n    \n\n\r\n\r\n<div class=\"eye-element fullwidth-row alignfull style-both bg--none  alignfull \" style=\" \">\r\n\r\n    <div class=\"container\">\r\n        <div class=\"row\">\r\n            <div class=\"col-12\">\r\n                <div class=\"acf-innerblocks-container\">\n\n<h2 class=\"wp-block-heading\" id=\"reactietermijn\"><strong>Antwortfrist<\/strong><\/h2>\n\n\n\n<p>Wir bem\u00fchen uns, Presse- und Kooperationsanfragen innerhalb von <strong>3 Arbeitstagen<\/strong> zu beantworten. Bei <strong>dringenden Anfragen<\/strong> gib dies bitte in der Betreffzeile deiner E-Mail an, damit wir sofort antworten k\u00f6nnen.<\/p>\n\n<\/div>\r\n            <\/div>\r\n        <\/div>\r\n    <\/div>\r\n\r\n<\/div>\r\n\r\n    ","protected":false},"excerpt":{"rendered":"","protected":false},"author":2,"featured_media":0,"parent":0,"menu_order":0,"comment_status":"closed","ping_status":"closed","template":"","meta":{"_acf_changed":false,"ghostkit_customizer_options":"","ghostkit_custom_css":"","ghostkit_custom_js_head":"","ghostkit_custom_js_foot":"","ghostkit_typography":"","footnotes":""},"class_list":["post-81880","page","type-page","status-publish","hentry"],"acf":[],"yoast_head":"<!-- This site is optimized with the Yoast SEO plugin v27.3 - https:\/\/yoast.com\/product\/yoast-seo-wordpress\/ -->\n<title>Presse &amp; Kooperation | Koonings<\/title>\n<meta name=\"robots\" content=\"index, follow, max-snippet:-1, max-image-preview:large, max-video-preview:-1\" \/>\n<link rel=\"canonical\" href=\"https:\/\/www.koonings.com\/de\/presse-kooperation\/\" \/>\n<meta property=\"og:locale\" content=\"de_DE\" \/>\n<meta property=\"og:type\" content=\"article\" \/>\n<meta property=\"og:title\" content=\"Presse &amp; Kooperation | Koonings\" \/>\n<meta property=\"og:url\" content=\"https:\/\/www.koonings.com\/de\/presse-kooperation\/\" \/>\n<meta property=\"og:site_name\" content=\"Koonings\" \/>\n<meta property=\"article:publisher\" content=\"https:\/\/www.facebook.com\/kooningstheweddingpalace\" \/>\n<meta property=\"article:modified_time\" content=\"2025-03-12T13:26:35+00:00\" \/>\n<meta property=\"og:image\" content=\"https:\/\/www.koonings.com\/wp-content\/uploads\/2024\/06\/palace-hero-screenshot-1024x575.png\" \/>\n\t<meta property=\"og:image:width\" content=\"1024\" \/>\n\t<meta property=\"og:image:height\" content=\"575\" \/>\n\t<meta property=\"og:image:type\" content=\"image\/png\" \/>\n<meta name=\"twitter:card\" content=\"summary_large_image\" \/>\n<meta name=\"twitter:label1\" content=\"Gesch\u00e4tzte Lesezeit\" \/>\n\t<meta name=\"twitter:data1\" content=\"2\u00a0Minuten\" \/>\n<script type=\"application\/ld+json\" class=\"yoast-schema-graph\">{\"@context\":\"https:\\\/\\\/schema.org\",\"@graph\":[{\"@type\":\"WebPage\",\"@id\":\"https:\\\/\\\/www.koonings.com\\\/de\\\/presse-kooperation\\\/\",\"url\":\"https:\\\/\\\/www.koonings.com\\\/de\\\/presse-kooperation\\\/\",\"name\":\"Presse &amp; Kooperation | Koonings\",\"isPartOf\":{\"@id\":\"https:\\\/\\\/www.koonings.com\\\/de\\\/#website\"},\"datePublished\":\"2025-03-06T15:23:02+00:00\",\"dateModified\":\"2025-03-12T13:26:35+00:00\",\"breadcrumb\":{\"@id\":\"https:\\\/\\\/www.koonings.com\\\/de\\\/presse-kooperation\\\/#breadcrumb\"},\"inLanguage\":\"de\",\"potentialAction\":[{\"@type\":\"ReadAction\",\"target\":[\"https:\\\/\\\/www.koonings.com\\\/de\\\/presse-kooperation\\\/\"]}]},{\"@type\":\"BreadcrumbList\",\"@id\":\"https:\\\/\\\/www.koonings.com\\\/de\\\/presse-kooperation\\\/#breadcrumb\",\"itemListElement\":[{\"@type\":\"ListItem\",\"position\":1,\"name\":\"Home\",\"item\":\"https:\\\/\\\/www.koonings.com\\\/de\\\/\"},{\"@type\":\"ListItem\",\"position\":2,\"name\":\"Presse &amp; Kooperation\"}]},{\"@type\":\"WebSite\",\"@id\":\"https:\\\/\\\/www.koonings.com\\\/de\\\/#website\",\"url\":\"https:\\\/\\\/www.koonings.com\\\/de\\\/\",\"name\":\"Koonings\",\"description\":\"De grootste bruidsmodewinkel ter wereld\",\"publisher\":{\"@id\":\"https:\\\/\\\/www.koonings.com\\\/de\\\/#organization\"},\"potentialAction\":[{\"@type\":\"SearchAction\",\"target\":{\"@type\":\"EntryPoint\",\"urlTemplate\":\"https:\\\/\\\/www.koonings.com\\\/de\\\/?s={search_term_string}\"},\"query-input\":{\"@type\":\"PropertyValueSpecification\",\"valueRequired\":true,\"valueName\":\"search_term_string\"}}],\"inLanguage\":\"de\"},{\"@type\":\"Organization\",\"@id\":\"https:\\\/\\\/www.koonings.com\\\/de\\\/#organization\",\"name\":\"Koonings\",\"url\":\"https:\\\/\\\/www.koonings.com\\\/de\\\/\",\"logo\":{\"@type\":\"ImageObject\",\"inLanguage\":\"de\",\"@id\":\"https:\\\/\\\/www.koonings.com\\\/de\\\/#\\\/schema\\\/logo\\\/image\\\/\",\"url\":\"https:\\\/\\\/www.koonings.com\\\/wp-content\\\/uploads\\\/2024\\\/07\\\/logo.png\",\"contentUrl\":\"https:\\\/\\\/www.koonings.com\\\/wp-content\\\/uploads\\\/2024\\\/07\\\/logo.png\",\"width\":600,\"height\":428,\"caption\":\"Koonings\"},\"image\":{\"@id\":\"https:\\\/\\\/www.koonings.com\\\/de\\\/#\\\/schema\\\/logo\\\/image\\\/\"},\"sameAs\":[\"https:\\\/\\\/www.facebook.com\\\/kooningstheweddingpalace\",\"https:\\\/\\\/www.instagram.com\\\/kooningstheweddingpalace\",\"https:\\\/\\\/www.pinterest.com\\\/koonings\",\"https:\\\/\\\/www.youtube.com\\\/kooningstheweddingpalace\"]}]}<\/script>\n<!-- \/ Yoast SEO plugin. -->","yoast_head_json":{"title":"Presse &amp; Kooperation | Koonings","robots":{"index":"index","follow":"follow","max-snippet":"max-snippet:-1","max-image-preview":"max-image-preview:large","max-video-preview":"max-video-preview:-1"},"canonical":"https:\/\/www.koonings.com\/de\/presse-kooperation\/","og_locale":"de_DE","og_type":"article","og_title":"Presse &amp; Kooperation | Koonings","og_url":"https:\/\/www.koonings.com\/de\/presse-kooperation\/","og_site_name":"Koonings","article_publisher":"https:\/\/www.facebook.com\/kooningstheweddingpalace","article_modified_time":"2025-03-12T13:26:35+00:00","og_image":[{"width":1024,"height":575,"url":"https:\/\/www.koonings.com\/wp-content\/uploads\/2024\/06\/palace-hero-screenshot-1024x575.png","type":"image\/png"}],"twitter_card":"summary_large_image","twitter_misc":{"Gesch\u00e4tzte Lesezeit":"2\u00a0Minuten"},"schema":{"@context":"https:\/\/schema.org","@graph":[{"@type":"WebPage","@id":"https:\/\/www.koonings.com\/de\/presse-kooperation\/","url":"https:\/\/www.koonings.com\/de\/presse-kooperation\/","name":"Presse &amp; Kooperation | Koonings","isPartOf":{"@id":"https:\/\/www.koonings.com\/de\/#website"},"datePublished":"2025-03-06T15:23:02+00:00","dateModified":"2025-03-12T13:26:35+00:00","breadcrumb":{"@id":"https:\/\/www.koonings.com\/de\/presse-kooperation\/#breadcrumb"},"inLanguage":"de","potentialAction":[{"@type":"ReadAction","target":["https:\/\/www.koonings.com\/de\/presse-kooperation\/"]}]},{"@type":"BreadcrumbList","@id":"https:\/\/www.koonings.com\/de\/presse-kooperation\/#breadcrumb","itemListElement":[{"@type":"ListItem","position":1,"name":"Home","item":"https:\/\/www.koonings.com\/de\/"},{"@type":"ListItem","position":2,"name":"Presse &amp; Kooperation"}]},{"@type":"WebSite","@id":"https:\/\/www.koonings.com\/de\/#website","url":"https:\/\/www.koonings.com\/de\/","name":"Koonings","description":"De grootste bruidsmodewinkel ter wereld","publisher":{"@id":"https:\/\/www.koonings.com\/de\/#organization"},"potentialAction":[{"@type":"SearchAction","target":{"@type":"EntryPoint","urlTemplate":"https:\/\/www.koonings.com\/de\/?s={search_term_string}"},"query-input":{"@type":"PropertyValueSpecification","valueRequired":true,"valueName":"search_term_string"}}],"inLanguage":"de"},{"@type":"Organization","@id":"https:\/\/www.koonings.com\/de\/#organization","name":"Koonings","url":"https:\/\/www.koonings.com\/de\/","logo":{"@type":"ImageObject","inLanguage":"de","@id":"https:\/\/www.koonings.com\/de\/#\/schema\/logo\/image\/","url":"https:\/\/www.koonings.com\/wp-content\/uploads\/2024\/07\/logo.png","contentUrl":"https:\/\/www.koonings.com\/wp-content\/uploads\/2024\/07\/logo.png","width":600,"height":428,"caption":"Koonings"},"image":{"@id":"https:\/\/www.koonings.com\/de\/#\/schema\/logo\/image\/"},"sameAs":["https:\/\/www.facebook.com\/kooningstheweddingpalace","https:\/\/www.instagram.com\/kooningstheweddingpalace","https:\/\/www.pinterest.com\/koonings","https:\/\/www.youtube.com\/kooningstheweddingpalace"]}]}},"_links":{"self":[{"href":"https:\/\/www.koonings.com\/de\/wp-json\/wp\/v2\/pages\/81880","targetHints":{"allow":["GET"]}}],"collection":[{"href":"https:\/\/www.koonings.com\/de\/wp-json\/wp\/v2\/pages"}],"about":[{"href":"https:\/\/www.koonings.com\/de\/wp-json\/wp\/v2\/types\/page"}],"author":[{"embeddable":true,"href":"https:\/\/www.koonings.com\/de\/wp-json\/wp\/v2\/users\/2"}],"replies":[{"embeddable":true,"href":"https:\/\/www.koonings.com\/de\/wp-json\/wp\/v2\/comments?post=81880"}],"version-history":[{"count":3,"href":"https:\/\/www.koonings.com\/de\/wp-json\/wp\/v2\/pages\/81880\/revisions"}],"predecessor-version":[{"id":81885,"href":"https:\/\/www.koonings.com\/de\/wp-json\/wp\/v2\/pages\/81880\/revisions\/81885"}],"wp:attachment":[{"href":"https:\/\/www.koonings.com\/de\/wp-json\/wp\/v2\/media?parent=81880"}],"curies":[{"name":"wp","href":"https:\/\/api.w.org\/{rel}","templated":true}]}}