{"id":19645,"date":"2024-08-13T16:24:00","date_gmt":"2024-08-13T14:24:00","guid":{"rendered":"https:\/\/www.koonings.com\/valkenburg\/geschichte\/"},"modified":"2024-08-14T19:15:09","modified_gmt":"2024-08-14T17:15:09","slug":"geschichte","status":"publish","type":"page","link":"https:\/\/www.koonings.com\/de\/valkenburg\/geschichte\/","title":{"rendered":"Geschichte"},"content":{"rendered":"\r\n\r\n<div class=\"eye-element fullwidth-row alignfull style-both bg--none  alignfull \" style=\" \">\r\n\r\n    <div class=\"container\">\r\n        <div class=\"row\">\r\n            <div class=\"col-12\">\r\n                <div class=\"acf-innerblocks-container\">\n\n<h1 class=\"wp-block-heading has-text-align-center\" id=\"een-plek-met-geschiedenis\"><strong>Ein Ort mit Historie<\/strong><\/h1>\n\n\n\n<p class=\"has-text-align-center\">Auch ist das offizielle Baujahr von Schloss Oost auf das Jahr 1836 datiert, reicht dessen bewegte Geschichte jedoch zur\u00fcck bis in das Jahr 1563, wo es zuerst in Dokumenten, damals noch als Landgut, im Zusammenhang mit geplanten Renovierungs- und Umbauarbeiten gelistet wird. Als Schloss Oost wurde es erstmals im Jahr 1587 w\u00e4hrend des ersten dokumentierten Verkaufs bezeichnet &#8211; den Namen, den es bis heute tr\u00e4gt.  <\/p>\n\n\n\n<p class=\"has-text-align-center\">Schloss Oost blickt damit auf eine jahrhundertelange, ereignisreiche Geschichte zur\u00fcck. Ein prunkvoller Bau, der stets im Eigentum von wohlhabenden Adelsfamilien stand, in denen hochrangige Pers\u00f6nlichkeiten seinerzeit ein und aus gingen. In seiner Bl\u00fctezeit 1626 war Schloss Oost ein Ort, an dem pr\u00e4chtige Feste tagelang andauerten und sich die High Society der feinen Gesellschaft traf. Im Laufe der Jahrhunderte erfuhr das Schloss eine bewegte Geschichte aus Erbschaften und verschiedensten Eigentums\u00fcberg\u00e4ngen, die stets innerhalb des hohen Adels erfolgten. Eines hatten sie alle jedoch gemeinsam: die Verbundenheit und Liebe zum Schloss Oost und seinen L\u00e4ndereien.    <\/p>\n\n<\/div>\r\n            <\/div>\r\n        <\/div>\r\n    <\/div>\r\n\r\n<\/div>\r\n\r\n    \r\n\r\n<div class=\"eye-element fullwidth-row alignfull faux-bg--lightgray style-left  alignfull \" style=\"\">\r\n<div class=\"bg bg--lightgray\" style=\"\"><\/div>\r\n\r\n    <div class=\"container\">\r\n        <div class=\"row\">\r\n            <div class=\"col-12\">\r\n                <div class=\"acf-innerblocks-container\">\n\n<div class=\"ghostkit-grid ghostkit-grid-gap-md\"><div class=\"ghostkit-grid-inner\">\n<div class=\"ghostkit-col ghostkit-col-md-12 ghostkit-col-6 ghostkit-col-align-self-center\"><div class=\"ghostkit-col-content is-layout-flow wp-block-ghostkit-grid-column-is-layout-flow\">\n<h2 class=\"wp-block-heading\" id=\"verbouwing-van-het-pand\"><strong>Umgestaltung des Anwesens<\/strong><\/h2>\n\n\n\n<p>Einen besonderen Einfluss nahm ab 1830 der belgische Eigent\u00fcmer und Jonkheer de Pit\u00e9, der mit seinen baulichen Ma\u00dfnahmen ma\u00dfgeblich die heutige Architektur des Schlosses Oost pr\u00e4gte. So lie\u00df er unter anderem den Westfl\u00fcgel zu seiner heutigen Gr\u00f6\u00dfe ausbauen, schenkte es den heutigen ockergelben Anstrich und lie\u00df das Wappen am Giebel des Daches der Vorderseite integrieren, das bis heute den Eingang ziert. Er verlieh damit dem Schloss seinen heute noch erhaltenen neoklassizistischen Stil.  <\/p>\n<\/div><\/div>\n\n\n\n<div class=\"ghostkit-col ghostkit-col-md-12 ghostkit-col-6\"><div class=\"ghostkit-col-content is-layout-flow wp-block-ghostkit-grid-column-is-layout-flow\">\r\n<div class=\"eye-element images style-default variant-1 single-image\">\r\n\r\n\t        <div class=\"composition\">\r\n\t\t\t\r\n            <div class=\"swiper images-swiper\">\r\n\r\n\t\t\t\t\r\n                <div class=\"swiper-wrapper\">\r\n\t\t\t\t\t                        <li class=\"swiper-slide\">\r\n                            <img decoding=\"async\" class=\" img-fluid\" src=\"https:\/\/www.koonings.com\/wp-content\/uploads\/2024\/06\/KOO_Aad_Valkenburg-2-1024x585.jpeg\" srcset=\"https:\/\/www.koonings.com\/wp-content\/uploads\/2024\/06\/KOO_Aad_Valkenburg-2.jpeg\" alt=\"\">\r\n                        <\/li>\r\n\t\t\t\t\t                <\/div>\r\n\r\n                <div class=\"swiper-pagination\"><\/div>\r\n\r\n                <div class=\"swiper-button-prev\"><\/div>\r\n                <div class=\"swiper-button-next\"><\/div>\r\n\r\n            <\/div>\r\n\r\n        <\/div>\r\n\t\r\n\t<\/div><\/div><\/div>\n<\/div><\/div>\n\n<\/div>\r\n            <\/div>\r\n        <\/div>\r\n    <\/div>\r\n\r\n<\/div>\r\n\r\n    \r\n\r\n<div class=\"eye-element fullwidth-row alignfull style-both bg--none  alignfull \" style=\" \">\r\n\r\n    <div class=\"container\">\r\n        <div class=\"row\">\r\n            <div class=\"col-12\">\r\n                <div class=\"acf-innerblocks-container\">\n\n<h2 class=\"wp-block-heading has-text-align-center\" id=\"de-draai\"><strong>Die Wende<\/strong><\/h2>\n\n\n\n<p class=\"has-text-align-center\">Ohne es zu wissen, sollte er schon einer der letzten privaten und adeligen Eigent\u00fcmer des Anwesens sein. De Pit\u00e9\u2019s Tochter Alide und sp\u00e4tere Barones von Schrader sowie ihre Tochter Helene, sp\u00e4tere Wolff Metternich heirateten, wie es die Namen schon vermuten lassen, beide M\u00e4nner deutscher Herkunft. Vor dem Hintergrund der damaligen geschichtlichen Entwicklungen, war dies mit Beginn des Zweiten Weltkrieges Grund genug f\u00fcr die Niederlande, das Anwesen als feindlichen Besitz zu konfiszieren und von nun an als Staatseigentum zu f\u00fchren.   <\/p>\n\n\n\n<p class=\"has-text-align-center\">Zwar kamen zu Beginn der 1940er Jahre erste Ideen zur Umnutzung in ein Casino mit Hotel und Teegarten auf, diese konnten auf Grund der deutschen Besetzung jedoch nicht umgesetzt werden.<\/p>\n\n<\/div>\r\n            <\/div>\r\n        <\/div>\r\n    <\/div>\r\n\r\n<\/div>\r\n\r\n    \r\n\r\n<div class=\"eye-element fullwidth-row alignfull faux-bg--lightgray style-right  alignfull \" style=\"\">\r\n<div class=\"bg bg--lightgray\" style=\"\"><\/div>\r\n\r\n    <div class=\"container\">\r\n        <div class=\"row\">\r\n            <div class=\"col-12\">\r\n                <div class=\"acf-innerblocks-container\">\n\n<div class=\"ghostkit-grid ghostkit-grid-gap-md ghostkit-grid-align-items-center\"><div class=\"ghostkit-grid-inner\">\n<div class=\"ghostkit-col ghostkit-col-md-12 ghostkit-col-6\"><div class=\"ghostkit-col-content is-layout-flow wp-block-ghostkit-grid-column-is-layout-flow\">\r\n<div class=\"eye-element images style-default variant-2 single-image\">\r\n\r\n\t        <div class=\"composition\">\r\n\t\t\t\r\n            <div class=\"swiper images-swiper\">\r\n\r\n\t\t\t\t\r\n                <div class=\"swiper-wrapper\">\r\n\t\t\t\t\t                        <li class=\"swiper-slide\">\r\n                            <img decoding=\"async\" class=\" img-fluid\" src=\"https:\/\/www.koonings.com\/wp-content\/uploads\/2024\/07\/rijksmonument_36828_kasteel_oost_valkenburg_0-1024x768.jpeg\" srcset=\"https:\/\/www.koonings.com\/wp-content\/uploads\/2024\/07\/rijksmonument_36828_kasteel_oost_valkenburg_0-scaled-e1720178932176.jpeg\" alt=\"The Wedding Castle - Kasteel Oost Valkenburg\">\r\n                        <\/li>\r\n\t\t\t\t\t                <\/div>\r\n\r\n                <div class=\"swiper-pagination\"><\/div>\r\n\r\n                <div class=\"swiper-button-prev\"><\/div>\r\n                <div class=\"swiper-button-next\"><\/div>\r\n\r\n            <\/div>\r\n\r\n        <\/div>\r\n\t\r\n\t<\/div><\/div><\/div>\n\n\n\n<div class=\"ghostkit-col ghostkit-col-md-12 ghostkit-col-6\"><div class=\"ghostkit-col-content is-layout-flow wp-block-ghostkit-grid-column-is-layout-flow\">\n<h2 class=\"wp-block-heading\" id=\"nieuwe-gebruik\"><strong>Neue Nutzung<\/strong><\/h2>\n\n\n\n<p>Nach Kriegsende, ab 1946 fand das Schloss Oost eine neue Nutzung durch die damalige Landwirtschaftsschule Valkenburg, die seinerseits ebenfalls starken Einfluss auf die Gestaltung und Nutzung des Anwesens nahm. Umfangreiche Renovierungs- und Elektroarbeiten, die r\u00e4umliche Umgestaltung der obersten Etage des Hauptgeb\u00e4udes sowie die Errichtungen von Wohnungen im Westfl\u00fcgel erfolgten bis 1957 und f\u00fchrten damit zu einer vollumf\u00e4nglichen Umnutzung des Schlosses. In den rund 25 Jahren wurden \u00fcber 422 Landwirte ausgebildet, bevor die Schule aufgrund von wirtschaftlichen Umstrukturierungsma\u00dfnahmen geschlossen wurde. Viele Jahre folgten, in denen das Schloss aufwendigen Restaurierungsarbeiten unterzogen wurde, jedoch nutzungsfrei leer stand.   <\/p>\n\n\n\n<p>Ab 1978 erlebte das Schloss im unteren Stockwerk eine neue Wiederbelebung durch die Gemeinde Valkenburg selbst, als sie beschloss, hier einen &#8216;romantischen Hochzeitspalast&#8217; zu bauen, in dem das erste Paar am 26. August 1978 das Eheversprechen ablegte.\nEin Palast, dem Dutzende von anderen folgen sollten und in Zukunft nach Koonings The Wedding Castle zur\u00fcckkehren wird. <\/p>\n<\/div><\/div>\n<\/div><\/div>\n\n<\/div>\r\n            <\/div>\r\n        <\/div>\r\n    <\/div>\r\n\r\n<\/div>\r\n\r\n    \r\n\r\n<div class=\"eye-element fullwidth-row alignfull style-both bg--none  alignfull \" style=\" \">\r\n\r\n    <div class=\"container\">\r\n        <div class=\"row\">\r\n            <div class=\"col-12\">\r\n                <div class=\"acf-innerblocks-container\">\n\n<div class=\"ghostkit-grid ghostkit-grid-gap-md ghostkit-grid-align-items-center\"><div class=\"ghostkit-grid-inner\">\n<div class=\"ghostkit-col ghostkit-col-md-12 ghostkit-col-6\"><div class=\"ghostkit-col-content is-layout-flow wp-block-ghostkit-grid-column-is-layout-flow\">\n<h2 class=\"wp-block-heading\" id=\"2018-vandaag\"><strong>M\u00e4rchen schreiben<\/strong><\/h2>\n\n\n\n<p>Denn 2023 erhielt Ramona Koonings, die Eigent\u00fcmerin von Koonings The Wedding Palace, die M\u00f6glichkeit, an der Ausschreibung f\u00fcr den Verkauf des Schlosses Oost teilzunehmen und endlich ihren langgehegten Traum wahr zu machen und ein Hochzeitsschloss zu er\u00f6ffnen. Mit einem umfangreichen und liebevoll ausgearbeiteten Gesamtkonzept f\u00fcr dieses einzigartige Anwesen entscheidet sie die Ausschreibung f\u00fcr sich und wird 2024 Eigent\u00fcmerin des Schlosses Oost. Der Grundstein f\u00fcr Koonings The Wedding Castle ist hiermit gelegt.  <\/p>\n<\/div><\/div>\n\n\n\n<div class=\"ghostkit-col ghostkit-col-md-12 ghostkit-col-6\"><div class=\"ghostkit-col-content is-layout-flow wp-block-ghostkit-grid-column-is-layout-flow\">\r\n<div class=\"eye-element images style-default variant-1 multi-image\">\r\n\r\n\t        <div class=\"composition\">\r\n\t\t\t                <div class=\"image-0\">\r\n                    <img decoding=\"async\" class=\"img-fluid\" src=\"https:\/\/www.koonings.com\/wp-content\/uploads\/2024\/08\/koo_valkenburg_vacature_binnenkant_3.png-300x212.webp\" srcset=\"https:\/\/www.koonings.com\/wp-content\/uploads\/2024\/08\/koo_valkenburg_vacature_binnenkant_3.png-300x212.webp 300w, https:\/\/www.koonings.com\/wp-content\/uploads\/2024\/08\/koo_valkenburg_vacature_binnenkant_3.png-1024x724.webp 1024w, https:\/\/www.koonings.com\/wp-content\/uploads\/2024\/08\/koo_valkenburg_vacature_binnenkant_3.png-768x543.webp 768w, https:\/\/www.koonings.com\/wp-content\/uploads\/2024\/08\/koo_valkenburg_vacature_binnenkant_3.png.webp 1300w\" alt=\"Binnenkant\">\r\n                <\/div>\r\n\t\t\t\r\n            <div class=\"swiper images-swiper\">\r\n\r\n\t\t\t\t\r\n                <div class=\"swiper-wrapper\">\r\n\t\t\t\t\t                        <li class=\"swiper-slide\">\r\n                            <img decoding=\"async\" class=\" img-fluid\" src=\"https:\/\/www.koonings.com\/wp-content\/uploads\/2024\/08\/koo_valkenburg_vacature_binnenkant_1.png-1024x724.webp\" srcset=\"https:\/\/www.koonings.com\/wp-content\/uploads\/2024\/08\/koo_valkenburg_vacature_binnenkant_1.png.webp\" alt=\"Binnenkant Valkenburg\">\r\n                        <\/li>\r\n\t\t\t\t\t                <\/div>\r\n\r\n                <div class=\"swiper-pagination\"><\/div>\r\n\r\n                <div class=\"swiper-button-prev\"><\/div>\r\n                <div class=\"swiper-button-next\"><\/div>\r\n\r\n            <\/div>\r\n\r\n        <\/div>\r\n\t\r\n\t        <a href=\"https:\/\/www.koonings.com\/album\/the-wedding-castle-valkenburg\/\" title=\"alle Bilder ansehen\">\r\n            <i class=\"fa-light fa-rectangle-vertical-history me-1\"><\/i>\r\n            <span>alle Bilder ansehen<\/span>\r\n        <\/a>\r\n\t<\/div><\/div><\/div>\n<\/div><\/div>\n\n<\/div>\r\n            <\/div>\r\n        <\/div>\r\n    <\/div>\r\n\r\n<\/div>\r\n\r\n    ","protected":false},"excerpt":{"rendered":"","protected":false},"author":1,"featured_media":0,"parent":15724,"menu_order":0,"comment_status":"closed","ping_status":"closed","template":"","meta":{"_acf_changed":false,"ghostkit_customizer_options":"","ghostkit_custom_css":"","ghostkit_custom_js_head":"","ghostkit_custom_js_foot":"","ghostkit_typography":"","footnotes":""},"class_list":["post-19645","page","type-page","status-publish","hentry"],"acf":[],"yoast_head":"<!-- This site is optimized with the Yoast SEO plugin v27.3 - https:\/\/yoast.com\/product\/yoast-seo-wordpress\/ -->\n<title>Geschichte | Koonings<\/title>\n<meta name=\"robots\" content=\"index, follow, max-snippet:-1, max-image-preview:large, max-video-preview:-1\" \/>\n<link rel=\"canonical\" href=\"https:\/\/www.koonings.com\/de\/valkenburg\/geschichte\/\" \/>\n<meta property=\"og:locale\" content=\"de_DE\" \/>\n<meta property=\"og:type\" content=\"article\" \/>\n<meta property=\"og:title\" content=\"Geschichte | Koonings\" \/>\n<meta property=\"og:url\" content=\"https:\/\/www.koonings.com\/de\/valkenburg\/geschichte\/\" \/>\n<meta property=\"og:site_name\" content=\"Koonings\" \/>\n<meta property=\"article:publisher\" content=\"https:\/\/www.facebook.com\/kooningstheweddingpalace\" \/>\n<meta property=\"article:modified_time\" content=\"2024-08-14T17:15:09+00:00\" \/>\n<meta property=\"og:image\" content=\"https:\/\/www.koonings.com\/wp-content\/uploads\/2024\/06\/palace-hero-screenshot-1024x575.png\" \/>\n\t<meta property=\"og:image:width\" content=\"1024\" \/>\n\t<meta property=\"og:image:height\" content=\"575\" \/>\n\t<meta property=\"og:image:type\" content=\"image\/png\" \/>\n<meta name=\"twitter:card\" content=\"summary_large_image\" \/>\n<meta name=\"twitter:label1\" content=\"Gesch\u00e4tzte Lesezeit\" \/>\n\t<meta name=\"twitter:data1\" content=\"3\u00a0Minuten\" \/>\n<script type=\"application\/ld+json\" class=\"yoast-schema-graph\">{\"@context\":\"https:\\\/\\\/schema.org\",\"@graph\":[{\"@type\":\"WebPage\",\"@id\":\"https:\\\/\\\/www.koonings.com\\\/de\\\/valkenburg\\\/geschichte\\\/\",\"url\":\"https:\\\/\\\/www.koonings.com\\\/de\\\/valkenburg\\\/geschichte\\\/\",\"name\":\"Geschichte | Koonings\",\"isPartOf\":{\"@id\":\"https:\\\/\\\/www.koonings.com\\\/de\\\/#website\"},\"datePublished\":\"2024-08-13T14:24:00+00:00\",\"dateModified\":\"2024-08-14T17:15:09+00:00\",\"breadcrumb\":{\"@id\":\"https:\\\/\\\/www.koonings.com\\\/de\\\/valkenburg\\\/geschichte\\\/#breadcrumb\"},\"inLanguage\":\"de\",\"potentialAction\":[{\"@type\":\"ReadAction\",\"target\":[\"https:\\\/\\\/www.koonings.com\\\/de\\\/valkenburg\\\/geschichte\\\/\"]}]},{\"@type\":\"BreadcrumbList\",\"@id\":\"https:\\\/\\\/www.koonings.com\\\/de\\\/valkenburg\\\/geschichte\\\/#breadcrumb\",\"itemListElement\":[{\"@type\":\"ListItem\",\"position\":1,\"name\":\"Home\",\"item\":\"https:\\\/\\\/www.koonings.com\\\/de\\\/\"},{\"@type\":\"ListItem\",\"position\":2,\"name\":\"Valkenburg\",\"item\":\"https:\\\/\\\/www.koonings.com\\\/de\\\/valkenburg\\\/\"},{\"@type\":\"ListItem\",\"position\":3,\"name\":\"Geschichte\"}]},{\"@type\":\"WebSite\",\"@id\":\"https:\\\/\\\/www.koonings.com\\\/de\\\/#website\",\"url\":\"https:\\\/\\\/www.koonings.com\\\/de\\\/\",\"name\":\"Koonings\",\"description\":\"De grootste bruidsmodewinkel ter wereld\",\"publisher\":{\"@id\":\"https:\\\/\\\/www.koonings.com\\\/de\\\/#organization\"},\"potentialAction\":[{\"@type\":\"SearchAction\",\"target\":{\"@type\":\"EntryPoint\",\"urlTemplate\":\"https:\\\/\\\/www.koonings.com\\\/de\\\/?s={search_term_string}\"},\"query-input\":{\"@type\":\"PropertyValueSpecification\",\"valueRequired\":true,\"valueName\":\"search_term_string\"}}],\"inLanguage\":\"de\"},{\"@type\":\"Organization\",\"@id\":\"https:\\\/\\\/www.koonings.com\\\/de\\\/#organization\",\"name\":\"Koonings\",\"url\":\"https:\\\/\\\/www.koonings.com\\\/de\\\/\",\"logo\":{\"@type\":\"ImageObject\",\"inLanguage\":\"de\",\"@id\":\"https:\\\/\\\/www.koonings.com\\\/de\\\/#\\\/schema\\\/logo\\\/image\\\/\",\"url\":\"https:\\\/\\\/www.koonings.com\\\/wp-content\\\/uploads\\\/2024\\\/07\\\/logo.png\",\"contentUrl\":\"https:\\\/\\\/www.koonings.com\\\/wp-content\\\/uploads\\\/2024\\\/07\\\/logo.png\",\"width\":600,\"height\":428,\"caption\":\"Koonings\"},\"image\":{\"@id\":\"https:\\\/\\\/www.koonings.com\\\/de\\\/#\\\/schema\\\/logo\\\/image\\\/\"},\"sameAs\":[\"https:\\\/\\\/www.facebook.com\\\/kooningstheweddingpalace\",\"https:\\\/\\\/www.instagram.com\\\/kooningstheweddingpalace\",\"https:\\\/\\\/www.pinterest.com\\\/koonings\",\"https:\\\/\\\/www.youtube.com\\\/kooningstheweddingpalace\"]}]}<\/script>\n<!-- \/ Yoast SEO plugin. -->","yoast_head_json":{"title":"Geschichte | Koonings","robots":{"index":"index","follow":"follow","max-snippet":"max-snippet:-1","max-image-preview":"max-image-preview:large","max-video-preview":"max-video-preview:-1"},"canonical":"https:\/\/www.koonings.com\/de\/valkenburg\/geschichte\/","og_locale":"de_DE","og_type":"article","og_title":"Geschichte | Koonings","og_url":"https:\/\/www.koonings.com\/de\/valkenburg\/geschichte\/","og_site_name":"Koonings","article_publisher":"https:\/\/www.facebook.com\/kooningstheweddingpalace","article_modified_time":"2024-08-14T17:15:09+00:00","og_image":[{"width":1024,"height":575,"url":"https:\/\/www.koonings.com\/wp-content\/uploads\/2024\/06\/palace-hero-screenshot-1024x575.png","type":"image\/png"}],"twitter_card":"summary_large_image","twitter_misc":{"Gesch\u00e4tzte Lesezeit":"3\u00a0Minuten"},"schema":{"@context":"https:\/\/schema.org","@graph":[{"@type":"WebPage","@id":"https:\/\/www.koonings.com\/de\/valkenburg\/geschichte\/","url":"https:\/\/www.koonings.com\/de\/valkenburg\/geschichte\/","name":"Geschichte | Koonings","isPartOf":{"@id":"https:\/\/www.koonings.com\/de\/#website"},"datePublished":"2024-08-13T14:24:00+00:00","dateModified":"2024-08-14T17:15:09+00:00","breadcrumb":{"@id":"https:\/\/www.koonings.com\/de\/valkenburg\/geschichte\/#breadcrumb"},"inLanguage":"de","potentialAction":[{"@type":"ReadAction","target":["https:\/\/www.koonings.com\/de\/valkenburg\/geschichte\/"]}]},{"@type":"BreadcrumbList","@id":"https:\/\/www.koonings.com\/de\/valkenburg\/geschichte\/#breadcrumb","itemListElement":[{"@type":"ListItem","position":1,"name":"Home","item":"https:\/\/www.koonings.com\/de\/"},{"@type":"ListItem","position":2,"name":"Valkenburg","item":"https:\/\/www.koonings.com\/de\/valkenburg\/"},{"@type":"ListItem","position":3,"name":"Geschichte"}]},{"@type":"WebSite","@id":"https:\/\/www.koonings.com\/de\/#website","url":"https:\/\/www.koonings.com\/de\/","name":"Koonings","description":"De grootste bruidsmodewinkel ter wereld","publisher":{"@id":"https:\/\/www.koonings.com\/de\/#organization"},"potentialAction":[{"@type":"SearchAction","target":{"@type":"EntryPoint","urlTemplate":"https:\/\/www.koonings.com\/de\/?s={search_term_string}"},"query-input":{"@type":"PropertyValueSpecification","valueRequired":true,"valueName":"search_term_string"}}],"inLanguage":"de"},{"@type":"Organization","@id":"https:\/\/www.koonings.com\/de\/#organization","name":"Koonings","url":"https:\/\/www.koonings.com\/de\/","logo":{"@type":"ImageObject","inLanguage":"de","@id":"https:\/\/www.koonings.com\/de\/#\/schema\/logo\/image\/","url":"https:\/\/www.koonings.com\/wp-content\/uploads\/2024\/07\/logo.png","contentUrl":"https:\/\/www.koonings.com\/wp-content\/uploads\/2024\/07\/logo.png","width":600,"height":428,"caption":"Koonings"},"image":{"@id":"https:\/\/www.koonings.com\/de\/#\/schema\/logo\/image\/"},"sameAs":["https:\/\/www.facebook.com\/kooningstheweddingpalace","https:\/\/www.instagram.com\/kooningstheweddingpalace","https:\/\/www.pinterest.com\/koonings","https:\/\/www.youtube.com\/kooningstheweddingpalace"]}]}},"_links":{"self":[{"href":"https:\/\/www.koonings.com\/de\/wp-json\/wp\/v2\/pages\/19645","targetHints":{"allow":["GET"]}}],"collection":[{"href":"https:\/\/www.koonings.com\/de\/wp-json\/wp\/v2\/pages"}],"about":[{"href":"https:\/\/www.koonings.com\/de\/wp-json\/wp\/v2\/types\/page"}],"author":[{"embeddable":true,"href":"https:\/\/www.koonings.com\/de\/wp-json\/wp\/v2\/users\/1"}],"replies":[{"embeddable":true,"href":"https:\/\/www.koonings.com\/de\/wp-json\/wp\/v2\/comments?post=19645"}],"version-history":[{"count":2,"href":"https:\/\/www.koonings.com\/de\/wp-json\/wp\/v2\/pages\/19645\/revisions"}],"predecessor-version":[{"id":21596,"href":"https:\/\/www.koonings.com\/de\/wp-json\/wp\/v2\/pages\/19645\/revisions\/21596"}],"up":[{"embeddable":true,"href":"https:\/\/www.koonings.com\/de\/wp-json\/wp\/v2\/pages\/15724"}],"wp:attachment":[{"href":"https:\/\/www.koonings.com\/de\/wp-json\/wp\/v2\/media?parent=19645"}],"curies":[{"name":"wp","href":"https:\/\/api.w.org\/{rel}","templated":true}]}}