{"id":17323,"date":"2024-08-12T14:22:41","date_gmt":"2024-08-12T12:22:41","guid":{"rendered":"https:\/\/www.koonings.com\/inspiration\/kleiderordnung-festival-chic\/"},"modified":"2024-08-13T22:27:48","modified_gmt":"2024-08-13T20:27:48","slug":"kleiderordnung-festival-chic","status":"publish","type":"page","link":"https:\/\/www.koonings.com\/de\/inspiration\/kleiderordnung-festival-chic\/","title":{"rendered":"Kleiderordnung Festival-Chic"},"content":{"rendered":"\r\n\r\n<div class=\"eye-element fullwidth-row alignfull style-both bg--none  alignfull \" style=\" \">\r\n\r\n    <div class=\"container\">\r\n        <div class=\"row\">\r\n            <div class=\"col-12\">\r\n                <div class=\"acf-innerblocks-container\">\n\n<h1 class=\"wp-block-heading has-text-align-center\" id=\"vind-jouw-unieke-festival-chique-bruiloft-look\">Finden Sie Ihren einzigartigen Festival Chic Hochzeitslook<div><strong style=\"box-sizing: inherit; margin-bottom: 0px; margin-top: 0px;\"><\/strong><span lang=\"EN-GB\" style=\"box-sizing: inherit; margin-bottom: 0px;\"><\/span><\/div><\/h1>\n\n\n\n<p class=\"has-text-align-center\">Den Festival-Chic gibt es noch nicht lange, aber er ist sehr beliebt.\nDer moderne Dresscode wird auf Hochzeiten immer h\u00e4ufiger verwendet.\nM\u00f6chten Sie wissen, wie Sie das perfekte Festival-Chic-Outfit f\u00fcr eine Hochzeit zusammenstellen?\nDann lesen Sie schnell weiter.     <\/p>\n\n\n\r\n<div class=\"eye-block empty-space empty-space--small pt-md-3 pb-md-3 pt-2 pb-2\" ><\/div>\n\n\r\n<div class=\"eye-block onpagenav  \">\r\n    <div class=\"container-fluid p-sm-0\">\r\n        <nav id=\"onpage-nav\" class=\"navbar navbar-expand text-center\" aria-label=\"Inhoudsopgave\">\r\n            <div class=\" justify-content-center\" id=\"navbarSupportedContent\">\r\n                <ul class=\"nav navbar-nav\">\r\n                    <li class=\"nav-item single-hint d-none\" style=\"pointer-events: none;\">\r\n                        <a class=\"nav-link\" href=\"javascript:void()\">Inhaltsverzeichnis<\/a>\r\n                    <\/li>\r\n                                            <li class=\"nav-item\">\r\n                            <a class=\"nav-link\" href=\"#das-ist-die-kleiderordnung-fuer-den-festival-chic-section\">Das ist die Kleiderordnung f\u00fcr den Festival-Chic<\/a>\r\n                        <\/li>\r\n                                            <li class=\"nav-item\">\r\n                            <a class=\"nav-link\" href=\"#festival-chic-fuer-damen-section\">Festival-Chic f\u00fcr Damen<\/a>\r\n                        <\/li>\r\n                                            <li class=\"nav-item\">\r\n                            <a class=\"nav-link\" href=\"#festival-chic-fuer-maenner-section\">Festival-Chic f\u00fcr M\u00e4nner<\/a>\r\n                        <\/li>\r\n                                            <li class=\"nav-item\">\r\n                            <a class=\"nav-link\" href=\"#dos-donts-des-festival-chics-section\">Do&#8217;s &amp; Don&#8217;ts des Festival-Chics<\/a>\r\n                        <\/li>\r\n                                            <li class=\"nav-item\">\r\n                            <a class=\"nav-link\" href=\"#andere-kleiderordnungen-section\">Andere Kleiderordnungen<\/a>\r\n                        <\/li>\r\n                                    <\/ul>\r\n            <\/div>\r\n            <div class=\"dropdown\">\r\n                <a class=\"dropdown-toggle btn btn-primary\" id=\"dropdownMenuButton\" data-bs-toggle=\"dropdown\" aria-haspopup=\"true\" aria-expanded=\"false\">\r\n                    <i class=\"fa-solid fa-chevron-down\"><\/i>\r\n                <\/a>\r\n                <div class=\"dropdown-menu dropdown-menu-right\" aria-labelledby=\"dropdownMenuButton\">\r\n                <\/div>\r\n            <\/div>\r\n        <\/nav>\r\n    <\/div>\r\n<\/div>\n\n\r\n<div class=\"eye-block empty-space empty-space--medium pt-md-4 pb-md-4 pt-3 pb-3\" ><\/div>\n\n\r\n<div id=\"das-ist-die-kleiderordnung-fuer-den-festival-chic-section\" class=\"eye-block menu-section\" title=\"das-ist-die-kleiderordnung-fuer-den-festival-chic\" data-section-name=\"Das ist die Kleiderordnung f\u00fcr den Festival-Chic\"><\/div>\r\n\n\n\n<h2 class=\"wp-block-heading\" id=\"summerchique\">Das ist die Kleiderordnung f\u00fcr den Festival-Chic<\/h2>\n\n\n\n<p>Sind Sie zu einer Hochzeit eingeladen, die im Zeichen eines Festivals steht?\nOder steht der Dresscode &#8220;Festival Chic&#8221; auf der Hochzeitskarte?\nDann brauchen Sie das perfekte Outfit.\nBei der Kleiderordnung f\u00fcr den Festival-Chic dreht sich alles um die Sommerstimmung.\nAber wie schaffen Sie es, einen kreativen Look mit Festivalcharakter zu kreieren und trotzdem stilvoll genug f\u00fcr eine Hochzeit zu sein?\nDieser Spagat ist eine ziemliche Herausforderung, und wir verstehen das vollkommen.\nAlso erkl\u00e4ren wir es Ihnen!      <\/p>\n\n\n\r\n<div class=\"eye-block empty-space empty-space--medium pt-md-4 pb-md-4 pt-3 pb-3\" ><\/div>\n\n\r\n<div id=\"festival-chic-fuer-damen-section\" class=\"eye-block menu-section\" title=\"festival-chic-fuer-damen\" data-section-name=\"Festival-Chic f\u00fcr Damen\"><\/div>\r\n\n\n\n<h2 class=\"wp-block-heading\" id=\"summerchique\">Festival-Chic f\u00fcr Damen<\/h2>\n\n\n\n<p>Bei den Damen dreht sich beim Festival-Chic alles um einen sommerlichen, kreativen und fr\u00f6hlichen Look.\nUnd Farben und Drucke passen perfekt dazu.\nVon leuchtenden Farben und bunten Prints bis hin zu neutralen T\u00f6nen und ruhigen Prints.\nKleider, R\u00f6cke und Jumpsuits sind die idealen Outfit-Optionen.\nW\u00e4hlen Sie vorzugsweise kein Wildleder, Leder oder Pelz als Material.\nTragen Sie f\u00fcr den Festival-Chic bequeme und luftige Kleidung.       <\/p>\n\n\n\n<p>Aber vergessen Sie nicht das Wort schick in der Kleiderordnung.\nAchten Sie darauf, dass Ihr Outfit stilvoll genug f\u00fcr eine Hochzeit ist.\nAlso keine Tank Tops oder Shorts.\nDekollet\u00e9 und nackte Beine sind in Ordnung, aber machen Sie es nicht zu nackt.   <\/p>\n\n\n\n<p><br\/>A<strong>ccessoires <\/strong> Was die<a href=\"https:\/\/www.koonings.com\/de\/braut\/accessoires\/\">Accessoires<\/a> angeht, k\u00f6nnen Sie alles kombinieren.\nNichts ist zu verr\u00fcckt, alles geht!\nSchmuck wie lange Halsketten, mehrere d\u00fcnne Armb\u00e4nder oder Statement-Ringe verleihen Ihrem Outfit einen verspielten Effekt.\nUnd Accessoires wie H\u00fcte, Sonnenbrillen, Kopft\u00fccher und Blumen sorgen f\u00fcr eine sommerliche Stimmung, die perfekt zum Dresscode des Festivals passt.   <\/p>\n\n\n\n<p><br\/>S<strong>chuhe <\/strong> Wenn es um Schuhe geht, entscheiden Sie sich am besten f\u00fcr Sandalen oder Wedges.\nWenn Ihr Outfit ein bisschen schicker ist, k\u00f6nnen Sie es mit einem Paar robuster Stiefel kombinieren.\nTragen Sie vor allem keine Pumps, sie sind zu schick f\u00fcr diesen Dresscode  <\/p>\n\n\n\r\n<div class=\"eye-block empty-space empty-space--medium pt-md-4 pb-md-4 pt-3 pb-3\" ><\/div>\n\n\n<h2 class=\"wp-block-heading\" id=\"dameskort\">Festival-Chic f\u00fcr Damen in K\u00fcrze<\/h2>\n\n\n\n<ul class=\"wp-block-list\">\n<li>L\u00e4ssiger Dresscode, aber gerade genug Klasse<\/li>\n\n\n\n<li>Mischen und kombinieren: Seien Sie kreativ!<\/li>\n\n\n\n<li>Viele sommerliche Accessoires, wie Schmuck, Sonnenbrille und Hut<\/li>\n\n\n\n<li>Sandalen oder Keile anstelle von Pumps<\/li>\n<\/ul>\n\n\n\r\n<div class=\"eye-element bsbutton text-start \" >\r\n\t        <a class=\"btn btn-primary\" href=\"https:\/\/www.koonings.com\/de\/hochzeitskollektion\/gaeste\/damenmode\/\"\r\n           target=\"\">Sehen Sie sich die Damenmodekollektion an<\/a>\r\n\t<\/div>\n\n\r\n<div class=\"eye-block empty-space empty-space--medium pt-md-4 pb-md-4 pt-3 pb-3\" ><\/div>\n\n\r\n<div id=\"festival-chic-fuer-maenner-section\" class=\"eye-block menu-section\" title=\"festival-chic-fuer-maenner\" data-section-name=\"Festival-Chic f\u00fcr M\u00e4nner\"><\/div>\r\n\n\n\n<h2 class=\"wp-block-heading\" id=\"hiermee-moet-je-rekening-houden\">Festival-Chic f\u00fcr M\u00e4nner<\/h2>\n\n\n\n<p>Auch bei den M\u00e4nnern dreht sich beim Festival-Chic alles um einen fr\u00f6hlichen, sommerlichen und kreativen Look.\nKein dreiteiliger Anzug oder adrette Lackschuhe.\nEin leichtes und bequemes Outfit passt perfekt, aber achten Sie darauf, dass Sie keine \u00fcbergro\u00dfen Kleider tragen.\nSlimfit verleiht Ihrem Look ein wenig mehr Klasse.\nW\u00e4hlen Sie Leinen oder leichte Baumwolle mit einem fr\u00f6hlichen Druck oder Farbe.      <\/p>\n\n\n\n<p>Mit einem sch\u00f6nen Anzug liegen Sie bei diesem Dresscode immer richtig.\nAber Festival-Chic erfordert eine gewisse L\u00e4ssigkeit.\nIhr Anzug muss daher nicht aus einer passenden Hose und einem Blazer bestehen.\nSeien Sie kreativ und kombinieren Sie Farben und Drucke.\nDenken Sie daran, dass es einen Unterschied zwischen fr\u00f6hlich und falsch gibt.      <\/p>\n\n\n\n<p>Sie m\u00f6chten lieber keinen Anzug tragen?\nDann k\u00f6nnen Sie sich auch f\u00fcr eine Chinohose mit einem sch\u00f6nen Poloshirt entscheiden.\nOder entscheiden Sie sich f\u00fcr einen noch legereren Look und tragen Sie Ihr Polo \u00fcber Shorts.    <\/p>\n\n\n\n<p><br\/>A<strong>ccessoires <\/strong> Sie haben ein Outfit mit einem auff\u00e4lligen Print?\nDann gleichen Sie Ihren Look mit wenigen und ruhigen Accessoires aus.\nHaben Sie ein ruhiges Outfit?\nDann k\u00f6nnen Sie es mit Accessoires so verr\u00fcckt machen, wie Sie wollen.\nEin Hut, Lederarmb\u00e4nder oder eine Sonnenbrille.    <\/p>\n\n\n\n<p><br\/>S<strong>chuhe<\/strong> Betreffend Schuhe<strong> <\/strong>der Dresscode Festival-Chic ist genauso einfach.<strong> <\/strong>Tragen Sie dazu Ihre schicken Turnschuhe oder ein Paar sommerliche Slipper.\nSie m\u00f6chten sichergehen, dass es zum Rest Ihres Outfits passt?\nDann w\u00e4hlen Sie Schuhe in einer Farbe, die zum Rest Ihres Outfits passt.  <\/p>\n\n\n\r\n<div class=\"eye-block empty-space empty-space--medium pt-md-4 pb-md-4 pt-3 pb-3\" ><\/div>\n\n\n<h2 class=\"wp-block-heading\" id=\"herenkort\">Festival-Chic f\u00fcr M\u00e4nner in K\u00fcrze<\/h2>\n\n\n\n<ul class=\"wp-block-list\">\n<li>L\u00e4ssiger Dresscode, aber gerade genug Klasse<\/li>\n\n\n\n<li>Slimfit oder luftig<\/li>\n\n\n\n<li>Accessoires wie ein Hut oder eine Sonnenbrille<\/li>\n\n\n\n<li>H\u00fcbsche Turnschuhe oder Sommer-Slipper<\/li>\n<\/ul>\n\n\n\r\n<div class=\"eye-element bsbutton text-start \" >\r\n\t        <a class=\"btn btn-primary\" href=\"https:\/\/www.koonings.com\/de\/hochzeitskollektion\/gaeste\/maennliche-hochzeitsgaeste\/\"\r\n           target=\"\">Sehen Sie sich die Herrenmodekollektion an<\/a>\r\n\t<\/div>\n\n\r\n<div class=\"eye-block empty-space empty-space--medium pt-md-4 pb-md-4 pt-3 pb-3\" ><\/div>\n\n\r\n<div id=\"dos-donts-des-festival-chics-section\" class=\"eye-block menu-section\" title=\"dos-donts-des-festival-chics\" data-section-name=\"Do's &amp; Don'ts des Festival-Chics\"><\/div>\r\n\n\n\n<h2 class=\"wp-block-heading\" id=\"do\">Do&#8217;s &amp; Don&#8217;ts des Festival-Chics<\/h2>\n\n\n\n<h3 class=\"wp-block-heading\" id=\"dames\">Frauen<\/h3>\n\n\n\n<p><strong>Do&#8217;s<\/strong><\/p>\n\n\n\n<ul class=\"wp-block-list\">\n<li>Entscheiden Sie sich f\u00fcr einen luftigen Stoff<\/li>\n\n\n\n<li>Fr\u00f6hliche Farben und Drucke<\/li>\n\n\n\n<li>Verwenden Sie sommerliche Accessoires<\/li>\n\n\n\n<li>Sandalen oder Keile<\/li>\n<\/ul>\n\n\n\n<p><strong>Tadeln<\/strong><\/p>\n\n\n\n<ul class=\"wp-block-list\">\n<li>Vergessen Sie das Wort schick nicht<\/li>\n\n\n\n<li>Keine Tank Tops oder Shorts<\/li>\n\n\n\n<li>Vermeiden Sie Wildleder, Leder und Pelz<\/li>\n<\/ul>\n\n\n\n<h3 class=\"wp-block-heading\" id=\"heren\">M\u00e4nner <\/h3>\n\n\n\n<p><strong>Do&#8217;s<\/strong><\/p>\n\n\n\n<ul class=\"wp-block-list\">\n<li>Entscheiden Sie sich f\u00fcr einen luftigen Stoff<\/li>\n\n\n\n<li>Fr\u00f6hliche Farben und Drucke<\/li>\n\n\n\n<li>Verwenden Sie sommerliche Accessoires<\/li>\n\n\n\n<li>Turnschuhe oder Faulenzer<\/li>\n<\/ul>\n\n\n\n<p><strong>Tadeln<\/strong><\/p>\n\n\n\n<ul class=\"wp-block-list\">\n<li>Vergessen Sie das Wort schick nicht<\/li>\n\n\n\n<li>Keine \u00fcbergro\u00dfe Kleidung<\/li>\n\n\n\n<li>Vermeiden Sie Wildleder, Leder und Pelz<\/li>\n<\/ul>\n\n\n\r\n<div class=\"eye-block empty-space empty-space--medium pt-md-4 pb-md-4 pt-3 pb-3\" ><\/div>\n\n\r\n<div id=\"andere-kleiderordnungen-section\" class=\"eye-block menu-section\" title=\"andere-kleiderordnungen\" data-section-name=\"Andere Kleiderordnungen\"><\/div>\r\n\n\n\n<h2 class=\"wp-block-heading\" id=\"andere\"><strong>Andere Kleiderordnungen<\/strong><\/h2>\n\n\n\n<p>Haben Sie bald eine Hochzeit mit einer anderen Kleiderordnung?\nWenn ja, dann lesen Sie die Richtlinien f\u00fcr diese beliebten <a href=\"\"><strong>Hochzeitskleidercodes<\/strong><\/a>: <\/p>\n\n\n\n<p><a href=\"https:\/\/www.koonings.com\/de\/inspiration\/kleiderordnung-winter-chic\/\"><strong>Winter chic<\/strong><\/a><\/p>\n\n\n\n<p><strong><a href=\"https:\/\/www.koonings.com\/de\/inspiration\/kleiderordnung-cocktail\/\">Cocktail<\/a><\/strong><\/p>\n\n\n\n<p><strong><a href=\"https:\/\/www.koonings.com\/de\/inspiration\/kleiderordnung-tenue-de-ville\/\">Tenue de ville<\/a><\/strong><\/p>\n\n\n\n<p><strong><a href=\"https:\/\/www.koonings.com\/de\/inspiration\/kleiderordnung-laessig-schick\/\">L\u00e4ssiger Schick<\/a><\/strong><\/p>\n\n\n\n<p><strong><a href=\"https:\/\/www.koonings.com\/de\/inspiration\/kleiderordnung-boehmisch\/\">Bohemian<\/a><\/strong><\/p>\n\n\n\n<p><strong><a href=\"https:\/\/www.koonings.com\/de\/inspiration\/dresscode-schwarze-krawatte\/\">Schwarze Krawatte<\/a><\/strong><\/p>\n\n\n\n<p><strong><a href=\"https:\/\/www.koonings.com\/de\/inspiration\/kleiderordnung-smart-casual\/\">L\u00e4ssig elegant<\/a><\/strong><\/p>\n\n\n\n<p><strong><a href=\"https:\/\/www.koonings.com\/de\/inspiration\/kleiderordnung-festival-chic\/\">Festival chic<\/a><\/strong><\/p>\n\n<\/div>\r\n            <\/div>\r\n        <\/div>\r\n    <\/div>\r\n\r\n<\/div>\r\n\r\n    ","protected":false},"excerpt":{"rendered":"","protected":false},"author":1,"featured_media":0,"parent":16091,"menu_order":0,"comment_status":"closed","ping_status":"closed","template":"","meta":{"_acf_changed":false,"ghostkit_customizer_options":"","ghostkit_custom_css":"","ghostkit_custom_js_head":"","ghostkit_custom_js_foot":"","ghostkit_typography":"","footnotes":""},"class_list":["post-17323","page","type-page","status-publish","hentry"],"acf":[],"yoast_head":"<!-- This site is optimized with the Yoast SEO plugin v27.3 - https:\/\/yoast.com\/product\/yoast-seo-wordpress\/ -->\n<title>Schicker Dresscode f\u00fcr Festivals | Koonings<\/title>\n<meta name=\"description\" content=\"Den Festival-Chic gibt es noch nicht lange, aber er ist sehr beliebt. Finden Sie hier heraus, wie Sie das perfekte Festival-Outfit f\u00fcr eine Hochzeit zusammenstellen k\u00f6nnen!\" \/>\n<meta name=\"robots\" content=\"index, follow, max-snippet:-1, max-image-preview:large, max-video-preview:-1\" \/>\n<link rel=\"canonical\" href=\"https:\/\/www.koonings.com\/de\/inspiration\/kleiderordnung-festival-chic\/\" \/>\n<meta property=\"og:locale\" content=\"de_DE\" \/>\n<meta property=\"og:type\" content=\"article\" \/>\n<meta property=\"og:title\" content=\"Schicker Dresscode f\u00fcr Festivals | Koonings\" \/>\n<meta property=\"og:description\" content=\"Den Festival-Chic gibt es noch nicht lange, aber er ist sehr beliebt. Finden Sie hier heraus, wie Sie das perfekte Festival-Outfit f\u00fcr eine Hochzeit zusammenstellen k\u00f6nnen!\" \/>\n<meta property=\"og:url\" content=\"https:\/\/www.koonings.com\/de\/inspiration\/kleiderordnung-festival-chic\/\" \/>\n<meta property=\"og:site_name\" content=\"Koonings\" \/>\n<meta property=\"article:publisher\" content=\"https:\/\/www.facebook.com\/kooningstheweddingpalace\" \/>\n<meta property=\"article:modified_time\" content=\"2024-08-13T20:27:48+00:00\" \/>\n<meta property=\"og:image\" content=\"https:\/\/www.koonings.com\/wp-content\/uploads\/2024\/06\/palace-hero-screenshot-1024x575.png\" \/>\n\t<meta property=\"og:image:width\" content=\"1024\" \/>\n\t<meta property=\"og:image:height\" content=\"575\" \/>\n\t<meta property=\"og:image:type\" content=\"image\/png\" \/>\n<meta name=\"twitter:card\" content=\"summary_large_image\" \/>\n<meta name=\"twitter:label1\" content=\"Gesch\u00e4tzte Lesezeit\" \/>\n\t<meta name=\"twitter:data1\" content=\"4\u00a0Minuten\" \/>\n<script type=\"application\/ld+json\" class=\"yoast-schema-graph\">{\"@context\":\"https:\\\/\\\/schema.org\",\"@graph\":[{\"@type\":\"WebPage\",\"@id\":\"https:\\\/\\\/www.koonings.com\\\/de\\\/inspiration\\\/kleiderordnung-festival-chic\\\/\",\"url\":\"https:\\\/\\\/www.koonings.com\\\/de\\\/inspiration\\\/kleiderordnung-festival-chic\\\/\",\"name\":\"Schicker Dresscode f\u00fcr Festivals | Koonings\",\"isPartOf\":{\"@id\":\"https:\\\/\\\/www.koonings.com\\\/de\\\/#website\"},\"datePublished\":\"2024-08-12T12:22:41+00:00\",\"dateModified\":\"2024-08-13T20:27:48+00:00\",\"description\":\"Den Festival-Chic gibt es noch nicht lange, aber er ist sehr beliebt. Finden Sie hier heraus, wie Sie das perfekte Festival-Outfit f\u00fcr eine Hochzeit zusammenstellen k\u00f6nnen!\",\"breadcrumb\":{\"@id\":\"https:\\\/\\\/www.koonings.com\\\/de\\\/inspiration\\\/kleiderordnung-festival-chic\\\/#breadcrumb\"},\"inLanguage\":\"de\",\"potentialAction\":[{\"@type\":\"ReadAction\",\"target\":[\"https:\\\/\\\/www.koonings.com\\\/de\\\/inspiration\\\/kleiderordnung-festival-chic\\\/\"]}]},{\"@type\":\"BreadcrumbList\",\"@id\":\"https:\\\/\\\/www.koonings.com\\\/de\\\/inspiration\\\/kleiderordnung-festival-chic\\\/#breadcrumb\",\"itemListElement\":[{\"@type\":\"ListItem\",\"position\":1,\"name\":\"Home\",\"item\":\"https:\\\/\\\/www.koonings.com\\\/de\\\/\"},{\"@type\":\"ListItem\",\"position\":2,\"name\":\"Inspiration\",\"item\":\"https:\\\/\\\/www.koonings.com\\\/de\\\/inspiration\\\/\"},{\"@type\":\"ListItem\",\"position\":3,\"name\":\"Kleiderordnung Festival-Chic\"}]},{\"@type\":\"WebSite\",\"@id\":\"https:\\\/\\\/www.koonings.com\\\/de\\\/#website\",\"url\":\"https:\\\/\\\/www.koonings.com\\\/de\\\/\",\"name\":\"Koonings\",\"description\":\"De grootste bruidsmodewinkel ter wereld\",\"publisher\":{\"@id\":\"https:\\\/\\\/www.koonings.com\\\/de\\\/#organization\"},\"potentialAction\":[{\"@type\":\"SearchAction\",\"target\":{\"@type\":\"EntryPoint\",\"urlTemplate\":\"https:\\\/\\\/www.koonings.com\\\/de\\\/?s={search_term_string}\"},\"query-input\":{\"@type\":\"PropertyValueSpecification\",\"valueRequired\":true,\"valueName\":\"search_term_string\"}}],\"inLanguage\":\"de\"},{\"@type\":\"Organization\",\"@id\":\"https:\\\/\\\/www.koonings.com\\\/de\\\/#organization\",\"name\":\"Koonings\",\"url\":\"https:\\\/\\\/www.koonings.com\\\/de\\\/\",\"logo\":{\"@type\":\"ImageObject\",\"inLanguage\":\"de\",\"@id\":\"https:\\\/\\\/www.koonings.com\\\/de\\\/#\\\/schema\\\/logo\\\/image\\\/\",\"url\":\"https:\\\/\\\/www.koonings.com\\\/wp-content\\\/uploads\\\/2024\\\/07\\\/logo.png\",\"contentUrl\":\"https:\\\/\\\/www.koonings.com\\\/wp-content\\\/uploads\\\/2024\\\/07\\\/logo.png\",\"width\":600,\"height\":428,\"caption\":\"Koonings\"},\"image\":{\"@id\":\"https:\\\/\\\/www.koonings.com\\\/de\\\/#\\\/schema\\\/logo\\\/image\\\/\"},\"sameAs\":[\"https:\\\/\\\/www.facebook.com\\\/kooningstheweddingpalace\",\"https:\\\/\\\/www.instagram.com\\\/kooningstheweddingpalace\",\"https:\\\/\\\/www.pinterest.com\\\/koonings\",\"https:\\\/\\\/www.youtube.com\\\/kooningstheweddingpalace\"]}]}<\/script>\n<!-- \/ Yoast SEO plugin. -->","yoast_head_json":{"title":"Schicker Dresscode f\u00fcr Festivals | Koonings","description":"Den Festival-Chic gibt es noch nicht lange, aber er ist sehr beliebt. Finden Sie hier heraus, wie Sie das perfekte Festival-Outfit f\u00fcr eine Hochzeit zusammenstellen k\u00f6nnen!","robots":{"index":"index","follow":"follow","max-snippet":"max-snippet:-1","max-image-preview":"max-image-preview:large","max-video-preview":"max-video-preview:-1"},"canonical":"https:\/\/www.koonings.com\/de\/inspiration\/kleiderordnung-festival-chic\/","og_locale":"de_DE","og_type":"article","og_title":"Schicker Dresscode f\u00fcr Festivals | Koonings","og_description":"Den Festival-Chic gibt es noch nicht lange, aber er ist sehr beliebt. Finden Sie hier heraus, wie Sie das perfekte Festival-Outfit f\u00fcr eine Hochzeit zusammenstellen k\u00f6nnen!","og_url":"https:\/\/www.koonings.com\/de\/inspiration\/kleiderordnung-festival-chic\/","og_site_name":"Koonings","article_publisher":"https:\/\/www.facebook.com\/kooningstheweddingpalace","article_modified_time":"2024-08-13T20:27:48+00:00","og_image":[{"width":1024,"height":575,"url":"https:\/\/www.koonings.com\/wp-content\/uploads\/2024\/06\/palace-hero-screenshot-1024x575.png","type":"image\/png"}],"twitter_card":"summary_large_image","twitter_misc":{"Gesch\u00e4tzte Lesezeit":"4\u00a0Minuten"},"schema":{"@context":"https:\/\/schema.org","@graph":[{"@type":"WebPage","@id":"https:\/\/www.koonings.com\/de\/inspiration\/kleiderordnung-festival-chic\/","url":"https:\/\/www.koonings.com\/de\/inspiration\/kleiderordnung-festival-chic\/","name":"Schicker Dresscode f\u00fcr Festivals | Koonings","isPartOf":{"@id":"https:\/\/www.koonings.com\/de\/#website"},"datePublished":"2024-08-12T12:22:41+00:00","dateModified":"2024-08-13T20:27:48+00:00","description":"Den Festival-Chic gibt es noch nicht lange, aber er ist sehr beliebt. Finden Sie hier heraus, wie Sie das perfekte Festival-Outfit f\u00fcr eine Hochzeit zusammenstellen k\u00f6nnen!","breadcrumb":{"@id":"https:\/\/www.koonings.com\/de\/inspiration\/kleiderordnung-festival-chic\/#breadcrumb"},"inLanguage":"de","potentialAction":[{"@type":"ReadAction","target":["https:\/\/www.koonings.com\/de\/inspiration\/kleiderordnung-festival-chic\/"]}]},{"@type":"BreadcrumbList","@id":"https:\/\/www.koonings.com\/de\/inspiration\/kleiderordnung-festival-chic\/#breadcrumb","itemListElement":[{"@type":"ListItem","position":1,"name":"Home","item":"https:\/\/www.koonings.com\/de\/"},{"@type":"ListItem","position":2,"name":"Inspiration","item":"https:\/\/www.koonings.com\/de\/inspiration\/"},{"@type":"ListItem","position":3,"name":"Kleiderordnung Festival-Chic"}]},{"@type":"WebSite","@id":"https:\/\/www.koonings.com\/de\/#website","url":"https:\/\/www.koonings.com\/de\/","name":"Koonings","description":"De grootste bruidsmodewinkel ter wereld","publisher":{"@id":"https:\/\/www.koonings.com\/de\/#organization"},"potentialAction":[{"@type":"SearchAction","target":{"@type":"EntryPoint","urlTemplate":"https:\/\/www.koonings.com\/de\/?s={search_term_string}"},"query-input":{"@type":"PropertyValueSpecification","valueRequired":true,"valueName":"search_term_string"}}],"inLanguage":"de"},{"@type":"Organization","@id":"https:\/\/www.koonings.com\/de\/#organization","name":"Koonings","url":"https:\/\/www.koonings.com\/de\/","logo":{"@type":"ImageObject","inLanguage":"de","@id":"https:\/\/www.koonings.com\/de\/#\/schema\/logo\/image\/","url":"https:\/\/www.koonings.com\/wp-content\/uploads\/2024\/07\/logo.png","contentUrl":"https:\/\/www.koonings.com\/wp-content\/uploads\/2024\/07\/logo.png","width":600,"height":428,"caption":"Koonings"},"image":{"@id":"https:\/\/www.koonings.com\/de\/#\/schema\/logo\/image\/"},"sameAs":["https:\/\/www.facebook.com\/kooningstheweddingpalace","https:\/\/www.instagram.com\/kooningstheweddingpalace","https:\/\/www.pinterest.com\/koonings","https:\/\/www.youtube.com\/kooningstheweddingpalace"]}]}},"_links":{"self":[{"href":"https:\/\/www.koonings.com\/de\/wp-json\/wp\/v2\/pages\/17323","targetHints":{"allow":["GET"]}}],"collection":[{"href":"https:\/\/www.koonings.com\/de\/wp-json\/wp\/v2\/pages"}],"about":[{"href":"https:\/\/www.koonings.com\/de\/wp-json\/wp\/v2\/types\/page"}],"author":[{"embeddable":true,"href":"https:\/\/www.koonings.com\/de\/wp-json\/wp\/v2\/users\/1"}],"replies":[{"embeddable":true,"href":"https:\/\/www.koonings.com\/de\/wp-json\/wp\/v2\/comments?post=17323"}],"version-history":[{"count":1,"href":"https:\/\/www.koonings.com\/de\/wp-json\/wp\/v2\/pages\/17323\/revisions"}],"predecessor-version":[{"id":17324,"href":"https:\/\/www.koonings.com\/de\/wp-json\/wp\/v2\/pages\/17323\/revisions\/17324"}],"up":[{"embeddable":true,"href":"https:\/\/www.koonings.com\/de\/wp-json\/wp\/v2\/pages\/16091"}],"wp:attachment":[{"href":"https:\/\/www.koonings.com\/de\/wp-json\/wp\/v2\/media?parent=17323"}],"curies":[{"name":"wp","href":"https:\/\/api.w.org\/{rel}","templated":true}]}}