{"id":17319,"date":"2024-08-12T14:22:31","date_gmt":"2024-08-12T12:22:31","guid":{"rendered":"https:\/\/www.koonings.com\/inspiration\/kleiderordnung-smart-casual\/"},"modified":"2024-08-13T22:28:23","modified_gmt":"2024-08-13T20:28:23","slug":"kleiderordnung-smart-casual","status":"publish","type":"page","link":"https:\/\/www.koonings.com\/de\/inspiration\/kleiderordnung-smart-casual\/","title":{"rendered":"Kleiderordnung smart casual"},"content":{"rendered":"\r\n\r\n<div class=\"eye-element fullwidth-row alignfull style-both bg--none  alignfull \" style=\" \">\r\n\r\n    <div class=\"container\">\r\n        <div class=\"row\">\r\n            <div class=\"col-12\">\r\n                <div class=\"acf-innerblocks-container\">\n\n<h1 class=\"wp-block-heading has-text-align-center\" id=\"stijlvol-en-comfortabel-zo-draag-je-de-smart-casual-dresscode\"><strong>Stilvoll und bequem: So tragen Sie den Smart<\/strong>Casual Dress Code<br\/><div><span lang=\"EN-GB\" style=\"box-sizing: inherit; margin-bottom: 0px;\"><\/span><\/div><\/h1>\n\n\n\n<p class=\"has-text-align-center\">Der Name ist Programm.\nDer Smart-Casual-Dresscode ist leger, aber mit einem gewissen Schick.\nEin eleganter, modischer und gepflegter Look ist der Ausgangspunkt.\nSie sind super frei in der Wahl Ihrer Kleidung, weshalb dieser Dresscode immer beliebter wird.\nAber das macht es auch schwierig zu beurteilen, welches Outfit geeignet ist.\nWas genau der Smart Casual Dresscode beinhaltet, k\u00f6nnen Sie hier nachlesen!     <br\/><\/p>\n\n\n\r\n<div class=\"eye-block empty-space empty-space--small pt-md-3 pb-md-3 pt-2 pb-2\" ><\/div>\n\n\r\n<div class=\"eye-block onpagenav  \">\r\n    <div class=\"container-fluid p-sm-0\">\r\n        <nav id=\"onpage-nav\" class=\"navbar navbar-expand text-center\" aria-label=\"Inhoudsopgave\">\r\n            <div class=\" justify-content-center\" id=\"navbarSupportedContent\">\r\n                <ul class=\"nav navbar-nav\">\r\n                    <li class=\"nav-item single-hint d-none\" style=\"pointer-events: none;\">\r\n                        <a class=\"nav-link\" href=\"javascript:void()\">Inhaltsverzeichnis<\/a>\r\n                    <\/li>\r\n                                            <li class=\"nav-item\">\r\n                            <a class=\"nav-link\" href=\"#was-ist-smart-casual-section\">Was ist Smart Casual?<\/a>\r\n                        <\/li>\r\n                                            <li class=\"nav-item\">\r\n                            <a class=\"nav-link\" href=\"#smart-casual-fuer-frauen-section\">Smart Casual f\u00fcr Frauen<\/a>\r\n                        <\/li>\r\n                                            <li class=\"nav-item\">\r\n                            <a class=\"nav-link\" href=\"#smart-casual-fuer-maenner-section\">Smart Casual f\u00fcr M\u00e4nner<\/a>\r\n                        <\/li>\r\n                                            <li class=\"nav-item\">\r\n                            <a class=\"nav-link\" href=\"#dos-donts-von-smart-casual-section\">Do&#8217;s &amp; Don&#8217;ts von Smart Casual<\/a>\r\n                        <\/li>\r\n                                            <li class=\"nav-item\">\r\n                            <a class=\"nav-link\" href=\"#der-unterschied-zwischen-smart-casual-und-casual-chic-section\">Der Unterschied zwischen Smart Casual und Casual Chic  <\/a>\r\n                        <\/li>\r\n                                            <li class=\"nav-item\">\r\n                            <a class=\"nav-link\" href=\"#andere-kleiderordnungen-section\">Andere Kleiderordnungen<\/a>\r\n                        <\/li>\r\n                                    <\/ul>\r\n            <\/div>\r\n            <div class=\"dropdown\">\r\n                <a class=\"dropdown-toggle btn btn-primary\" id=\"dropdownMenuButton\" data-bs-toggle=\"dropdown\" aria-haspopup=\"true\" aria-expanded=\"false\">\r\n                    <i class=\"fa-solid fa-chevron-down\"><\/i>\r\n                <\/a>\r\n                <div class=\"dropdown-menu dropdown-menu-right\" aria-labelledby=\"dropdownMenuButton\">\r\n                <\/div>\r\n            <\/div>\r\n        <\/nav>\r\n    <\/div>\r\n<\/div>\n\n\r\n<div class=\"eye-block empty-space empty-space--medium pt-md-4 pb-md-4 pt-3 pb-3\" ><\/div>\n\n\r\n<div id=\"was-ist-smart-casual-section\" class=\"eye-block menu-section\" title=\"was-ist-smart-casual\" data-section-name=\"Was ist Smart Casual?\"><\/div>\r\n\n\n\n<h2 class=\"wp-block-heading\" id=\"summerchique\">Was ist Smart Casual?<\/h2>\n\n\n\n<p>Smart steht in diesem Fall f\u00fcr ordentlich.\nDer Name der Kleiderordnung sagt also eigentlich genau, was er bedeutet.\nAuf kreative und spielerische Weise kombinieren Sie Ihre Kleidung, um das perfekte Gleichgewicht zu finden.\nAber diese Kleiderordnung ist nicht so einfach in einer kurzen Zusammenfassung zu beschreiben.\nDenn Smart Casual ist sehr weit gefasst und kann auf viele verschiedene Arten interpretiert werden.\nWas angemessen ist, h\u00e4ngt vom jeweiligen Anlass ab.\nWir sagen Ihnen, wie Sie den Smart Casual Dresscode f\u00fcr eine Hochzeit anwenden k\u00f6nnen.      <\/p>\n\n\n\r\n<div class=\"eye-block empty-space empty-space--medium pt-md-4 pb-md-4 pt-3 pb-3\" ><\/div>\n\n\r\n<div id=\"smart-casual-fuer-frauen-section\" class=\"eye-block menu-section\" title=\"smart-casual-fuer-frauen\" data-section-name=\"Smart Casual f\u00fcr Frauen\"><\/div>\r\n\n\n\n<h2 class=\"wp-block-heading\" id=\"summerchique\">Smart Casual f\u00fcr Frauen<\/h2>\n\n\n\n<p>Smart Casual f\u00fcr Damen bedeutet einen gepflegten Look, aber nicht zu overdressed.\nEs geht darum, die perfekte Balance zwischen bequem und schick zu finden.\nDenken Sie an ein sch\u00f6nes, trendiges Kleid oder einen Rock.\nOder w\u00e4hlen Sie eine trendige Hose oder einen modernen Jumpsuit mit einem Blazer oder einer Strickjacke.   <\/p>\n\n\n\n<p>Smart Casual ist ein zug\u00e4nglicher und informeller Dresscode.\nW\u00e4hrend bei formellen Kleiderordnungen die Verwendung von Farben und Drucken oft ein echtes No-Go ist, wird sie hier sogar gef\u00f6rdert.\nMachen Sie Ihr Outfit mit bunten Farben und fr\u00f6hlichen Prints pers\u00f6nlich und einzigartig.\nSolange Sie die Balance zwischen leger und schick halten, k\u00f6nnen Sie Ihrer Kreativit\u00e4t freien Lauf lassen.   <\/p>\n\n\n\n<p>Achten Sie nur darauf, dass Ihr Outfit nicht zu sexy ist.\nAchten Sie auf einen stilvollen Look und lassen Sie nicht zu viel Haut frei.\nObwohl Smart Casual ein freier Dresscode ist, handelt es sich immer noch um eine Hochzeit.\nVermeiden Sie also kurze Hosen, Jeans und Flip-Flops.     <\/p>\n\n\n\n<p>Mit Ihren Accessoires und Schuhen schaffen Sie unendliche M\u00f6glichkeiten.\nIst Ihre Kleidung ein wenig zu leger?\nDann gleichen Sie das mit einem schicken Pumps aus.\nIst Ihr Outfit ein bisschen zu schick?\nDann k\u00f6nnen Sie Ihrem Outfit mit farbigem Schmuck einen l\u00e4ssigen Touch verleihen.\nDenken Sie daran, dass der Smart-Casual-Dresscode in Bezug auf Accessoires Zur\u00fcckhaltung verlangt.\nAuff\u00e4lliger Statement-Schmuck wird daher am besten vermieden.      <\/p>\n\n\n\r\n<div class=\"eye-block empty-space empty-space--medium pt-md-4 pb-md-4 pt-3 pb-3\" ><\/div>\n\n\n<h2 class=\"wp-block-heading\" id=\"dameskort\">Smart Casual f\u00fcr Frauen in K\u00fcrze<\/h2>\n\n\n\n<ul class=\"wp-block-list\">\n<li>L\u00e4ssige Kleidung mit einem Hauch von Chic<\/li>\n\n\n\n<li>Ein halb-formelles Outfit<\/li>\n\n\n\n<li>Farben und Drucke sind erlaubt<\/li>\n\n\n\n<li>Vermeiden Sie kurze Hosen, Jeans und Flip-Flops<\/li>\n\n\n\n<li>Schaffen Sie Gleichgewicht mit den richtigen Accessoires<\/li>\n<\/ul>\n\n\n\r\n<div class=\"eye-element bsbutton text-start \" >\r\n\t        <a class=\"btn btn-primary\" href=\"https:\/\/www.koonings.com\/de\/hochzeitskollektion\/gaeste\/damenmode\/\"\r\n           target=\"\">Sehen Sie sich die Damenmodekollektion an<\/a>\r\n\t<\/div>\n\n\r\n<div class=\"eye-block empty-space empty-space--medium pt-md-4 pb-md-4 pt-3 pb-3\" ><\/div>\n\n\r\n<div id=\"smart-casual-fuer-maenner-section\" class=\"eye-block menu-section\" title=\"smart-casual-fuer-maenner\" data-section-name=\"Smart Casual f\u00fcr M\u00e4nner\"><\/div>\r\n\n\n\n<h2 class=\"wp-block-heading\" id=\"hiermee-moet-je-rekening-houden\">Smart Casual f\u00fcr M\u00e4nner<\/h2>\n\n\n\n<p>Auch f\u00fcr M\u00e4nner geht es um ein bequemes, aber gepflegtes Outfit.\nDie Grundlage des Smart-Casual-Dresscodes ist daher ein ordentliches Hemd.\nKombinieren Sie Ihr Hemd mit einer gepflegten Hose, wenn Sie einen klassischeren Look bevorzugen, oder w\u00e4hlen Sie eine sch\u00f6ne Chino, wenn Sie eher zu einem legeren Look tendieren.  <\/p>\n\n\n\n<p>Jeans sind in vielen F\u00e4llen zu leger.\nBesonders die mit L\u00f6chern, Rissen oder einer auff\u00e4lligen Waschung m\u00fcssen bei diesem Dresscode nicht den Schrank verlassen.\nWenn Sie sich doch f\u00fcr ein Paar Skinny Jeans entscheiden, sollten Sie den Rest Ihres Outfits mit einem gepflegten Hemd und einer Krawatte aufpeppen.  <\/p>\n\n\n\n<p>Ist es am Tag der Hochzeit ein bisschen k\u00e4lter?\nDann k\u00f6nnen Sie eine trendige Jacke tragen.\nAchten Sie darauf, dass Ihr Outfit damit nicht zu schick wird.    <\/p>\n\n\n\n<p>Vervollst\u00e4ndigen Sie Ihr elegantes Freizeitoutfit mit den perfekten Schuhen und Accessoires.\nEine Krawatte ist erlaubt, macht ein Outfit aber auch sofort formeller.\nEin Accessoire, das bei dieser Kleiderordnung definitiv nicht notwendig ist.  <\/p>\n\n\n\n<p>Turnschuhe sind oft einfach zu leger f\u00fcr den legeren Dresscode bei Hochzeiten.\nIst Ihr Outfit einigerma\u00dfen schick?\nDann ist ein anst\u00e4ndiges Paar Turnschuhe genau das Richtige.\nAndernfalls lassen Sie die Turnschuhe im Schrank und entscheiden sich f\u00fcr ein schickes Paar Slipper oder Schn\u00fcrschuhe.   <\/p>\n\n\n\r\n<div class=\"eye-block empty-space empty-space--medium pt-md-4 pb-md-4 pt-3 pb-3\" ><\/div>\n\n\n<h2 class=\"wp-block-heading\" id=\"herenkort\">Smart Casual f\u00fcr M\u00e4nner in K\u00fcrze<\/h2>\n\n\n\n<ul class=\"wp-block-list\">\n<li>Smart Casual ist legere Kleidung mit einem eleganten Twist<\/li>\n\n\n\n<li>Ein halb-formelles Outfit<\/li>\n\n\n\n<li>Ein gepflegtes Hemd ist die Grundlage<\/li>\n\n\n\n<li>Vermeiden Sie kurze Hosen, Jeans und Flip-Flops<\/li>\n<\/ul>\n\n\n\r\n<div class=\"eye-element bsbutton text-start \" >\r\n\t        <a class=\"btn btn-primary\" href=\"https:\/\/www.koonings.com\/de\/hochzeitskollektion\/gaeste\/maennliche-hochzeitsgaeste\/\"\r\n           target=\"\">Sehen Sie sich die Herrenmodekollektion an<\/a>\r\n\t<\/div>\n\n\r\n<div class=\"eye-block empty-space empty-space--medium pt-md-4 pb-md-4 pt-3 pb-3\" ><\/div>\n\n\r\n<div id=\"dos-donts-von-smart-casual-section\" class=\"eye-block menu-section\" title=\"dos-donts-von-smart-casual\" data-section-name=\"Do's &amp; Don'ts von Smart Casual\"><\/div>\r\n\n\n\n<h2 class=\"wp-block-heading\" id=\"do\">Do&#8217;s &amp; Don&#8217;ts von Smart Casual<\/h2>\n\n\n\n<h3 class=\"wp-block-heading\" id=\"dames\">Frauen  <\/h3>\n\n\n\n<p><strong>Do&#8217;s<\/strong><\/p>\n\n\n\n<ul class=\"wp-block-list\">\n<li>Verwenden Sie Farben und Drucke<\/li>\n\n\n\n<li>Tragen Sie ordentliche Schuhe<\/li>\n\n\n\n<li>Schaffen Sie ein Gleichgewicht mit Ihren Accessoires<\/li>\n\n\n\n<li>Halten Sie es stilvoll<\/li>\n<\/ul>\n\n\n\n<p><strong>Tadeln<\/strong><\/p>\n\n\n\n<ul class=\"wp-block-list\">\n<li>Keine Shorts oder Jeans<\/li>\n\n\n\n<li>Tragen Sie keine Flip-Flops oder Turnschuhe<\/li>\n\n\n\n<li>Vermeiden Sie auff\u00e4lligen Statement-Schmuck<\/li>\n<\/ul>\n\n\n\n<h3 class=\"wp-block-heading\" id=\"heren\">Heren<\/h3>\n\n\n\n<p><strong>Do&#8217;s<\/strong><\/p>\n\n\n\n<ul class=\"wp-block-list\">\n<li>Ein ordentliches Hemd ist ein Muss<\/li>\n\n\n\n<li>Tragen Sie Hosen oder gepflegte Chinos<\/li>\n\n\n\n<li>Kombinieren Sie mit gepflegten Schuhen<\/li>\n<\/ul>\n\n\n\n<p><strong>Tadeln<\/strong><\/p>\n\n\n\n<ul class=\"wp-block-list\">\n<li>Vermeiden Sie kurze Hosen oder Jeans<\/li>\n\n\n\n<li>Tragen Sie keine Flip-Flops oder Turnschuhe<\/li>\n<\/ul>\n\n\n\r\n<div class=\"eye-block empty-space empty-space--medium pt-md-4 pb-md-4 pt-3 pb-3\" ><\/div>\n\n\r\n<div id=\"der-unterschied-zwischen-smart-casual-und-casual-chic-section\" class=\"eye-block menu-section\" title=\"der-unterschied-zwischen-smart-casual-und-casual-chic\" data-section-name=\"Der Unterschied zwischen Smart Casual und Casual Chic  \"><\/div>\r\n\n\n\n<h2 class=\"wp-block-heading\" id=\"andere\">Der Unterschied zwischen Smart Casual und Casual Chic  <\/h2>\n\n\n\n<p>Die Begriffe &#8220;smart casual&#8221; und &#8220;casual chic&#8221; werden oft synonym verwendet, aber es gibt subtile Unterschiede zwischen den beiden Dresscodes.\nBeide Stile mischen legere und formelle Elemente, aber sie haben unterschiedliche Nuancen und Akzente. <\/p>\n\n\n\n<p><br\/>F<strong>ormalit\u00e4t: <\/strong> Smart Casual ist etwas formeller als Casual Chic.<\/p>\n\n\n\n<p><br\/>F<strong>okus:<\/strong> Smart Casual konzentriert sich mehr auf ein gepflegtes Aussehen, w\u00e4hrend Casual Chic sich mehr auf Mode und trendige Elemente konzentriert.<\/p>\n\n\n\n<p><strong>Accessoires:<\/strong> <br\/>Smart Casual h\u00e4lt die Accessoires dezent, w\u00e4hrend Casual Chic auff\u00e4lligere und modischere Accessoires beinhalten kann.<\/p>\n\n\n\r\n<div class=\"eye-block empty-space empty-space--medium pt-md-4 pb-md-4 pt-3 pb-3\" ><\/div>\n\n\r\n<div id=\"andere-kleiderordnungen-section\" class=\"eye-block menu-section\" title=\"andere-kleiderordnungen\" data-section-name=\"Andere Kleiderordnungen\"><\/div>\r\n\n\n\n<h2 class=\"wp-block-heading\" id=\"andere\"><strong>Andere Kleiderordnungen<\/strong><\/h2>\n\n\n\n<p>Haben Sie bald eine Hochzeit mit einer anderen Kleiderordnung?\nWenn ja, dann lesen Sie die Richtlinien f\u00fcr diese beliebten <a href=\"\"><strong>Hochzeitskleidercodes<\/strong><\/a>: <\/p>\n\n\n\n<p><a href=\"https:\/\/www.koonings.com\/de\/inspiration\/kleiderordnung-winter-chic\/\"><strong>Winter chic<\/strong><\/a><\/p>\n\n\n\n<p><strong><a href=\"https:\/\/www.koonings.com\/de\/inspiration\/kleiderordnung-cocktail\/\">Cocktail<\/a><\/strong><\/p>\n\n\n\n<p><strong><a href=\"https:\/\/www.koonings.com\/de\/inspiration\/kleiderordnung-tenue-de-ville\/\">Tenue de ville<\/a><\/strong><\/p>\n\n\n\n<p><strong><a href=\"https:\/\/www.koonings.com\/de\/inspiration\/kleiderordnung-laessig-schick\/\">L\u00e4ssiger Schick<\/a><\/strong><\/p>\n\n\n\n<p><strong><a href=\"https:\/\/www.koonings.com\/de\/inspiration\/kleiderordnung-boehmisch\/\">Bohemian<\/a><\/strong><\/p>\n\n\n\n<p><strong><a href=\"https:\/\/www.koonings.com\/de\/inspiration\/dresscode-schwarze-krawatte\/\">Schwarze Krawatte<\/a><\/strong><\/p>\n\n\n\n<p><strong><a href=\"https:\/\/www.koonings.com\/de\/inspiration\/kleiderordnung-smart-casual\/\">L\u00e4ssig elegant<\/a><\/strong><\/p>\n\n\n\n<p><strong><a href=\"https:\/\/www.koonings.com\/de\/inspiration\/kleiderordnung-festival-chic\/\">Festival chic<\/a><\/strong><\/p>\n\n<\/div>\r\n            <\/div>\r\n        <\/div>\r\n    <\/div>\r\n\r\n<\/div>\r\n\r\n    ","protected":false},"excerpt":{"rendered":"","protected":false},"author":1,"featured_media":0,"parent":16091,"menu_order":0,"comment_status":"closed","ping_status":"closed","template":"","meta":{"_acf_changed":false,"ghostkit_customizer_options":"","ghostkit_custom_css":"","ghostkit_custom_js_head":"","ghostkit_custom_js_foot":"","ghostkit_typography":"","footnotes":""},"class_list":["post-17319","page","type-page","status-publish","hentry"],"acf":[],"yoast_head":"<!-- This site is optimized with the Yoast SEO plugin v27.3 - https:\/\/yoast.com\/product\/yoast-seo-wordpress\/ -->\n<title>Legere Kleiderordnung | Koonings<\/title>\n<meta name=\"description\" content=\"Der Smart Casual Dress Code ist sehr weit gefasst. Das macht es schwierig zu beurteilen, welches Outfit geeignet ist. Lesen Sie hier, was der Smart-Casual-Dresscode beinhaltet!\" \/>\n<meta name=\"robots\" content=\"index, follow, max-snippet:-1, max-image-preview:large, max-video-preview:-1\" \/>\n<link rel=\"canonical\" href=\"https:\/\/www.koonings.com\/de\/inspiration\/kleiderordnung-smart-casual\/\" \/>\n<meta property=\"og:locale\" content=\"de_DE\" \/>\n<meta property=\"og:type\" content=\"article\" \/>\n<meta property=\"og:title\" content=\"Legere Kleiderordnung | Koonings\" \/>\n<meta property=\"og:description\" content=\"Der Smart Casual Dress Code ist sehr weit gefasst. Das macht es schwierig zu beurteilen, welches Outfit geeignet ist. Lesen Sie hier, was der Smart-Casual-Dresscode beinhaltet!\" \/>\n<meta property=\"og:url\" content=\"https:\/\/www.koonings.com\/de\/inspiration\/kleiderordnung-smart-casual\/\" \/>\n<meta property=\"og:site_name\" content=\"Koonings\" \/>\n<meta property=\"article:publisher\" content=\"https:\/\/www.facebook.com\/kooningstheweddingpalace\" \/>\n<meta property=\"article:modified_time\" content=\"2024-08-13T20:28:23+00:00\" \/>\n<meta property=\"og:image\" content=\"https:\/\/www.koonings.com\/wp-content\/uploads\/2024\/06\/palace-hero-screenshot-1024x575.png\" \/>\n\t<meta property=\"og:image:width\" content=\"1024\" \/>\n\t<meta property=\"og:image:height\" content=\"575\" \/>\n\t<meta property=\"og:image:type\" content=\"image\/png\" \/>\n<meta name=\"twitter:card\" content=\"summary_large_image\" \/>\n<meta name=\"twitter:label1\" content=\"Gesch\u00e4tzte Lesezeit\" \/>\n\t<meta name=\"twitter:data1\" content=\"5\u00a0Minuten\" \/>\n<script type=\"application\/ld+json\" class=\"yoast-schema-graph\">{\"@context\":\"https:\\\/\\\/schema.org\",\"@graph\":[{\"@type\":\"WebPage\",\"@id\":\"https:\\\/\\\/www.koonings.com\\\/de\\\/inspiration\\\/kleiderordnung-smart-casual\\\/\",\"url\":\"https:\\\/\\\/www.koonings.com\\\/de\\\/inspiration\\\/kleiderordnung-smart-casual\\\/\",\"name\":\"Legere Kleiderordnung | Koonings\",\"isPartOf\":{\"@id\":\"https:\\\/\\\/www.koonings.com\\\/de\\\/#website\"},\"datePublished\":\"2024-08-12T12:22:31+00:00\",\"dateModified\":\"2024-08-13T20:28:23+00:00\",\"description\":\"Der Smart Casual Dress Code ist sehr weit gefasst. Das macht es schwierig zu beurteilen, welches Outfit geeignet ist. Lesen Sie hier, was der Smart-Casual-Dresscode beinhaltet!\",\"breadcrumb\":{\"@id\":\"https:\\\/\\\/www.koonings.com\\\/de\\\/inspiration\\\/kleiderordnung-smart-casual\\\/#breadcrumb\"},\"inLanguage\":\"de\",\"potentialAction\":[{\"@type\":\"ReadAction\",\"target\":[\"https:\\\/\\\/www.koonings.com\\\/de\\\/inspiration\\\/kleiderordnung-smart-casual\\\/\"]}]},{\"@type\":\"BreadcrumbList\",\"@id\":\"https:\\\/\\\/www.koonings.com\\\/de\\\/inspiration\\\/kleiderordnung-smart-casual\\\/#breadcrumb\",\"itemListElement\":[{\"@type\":\"ListItem\",\"position\":1,\"name\":\"Home\",\"item\":\"https:\\\/\\\/www.koonings.com\\\/de\\\/\"},{\"@type\":\"ListItem\",\"position\":2,\"name\":\"Inspiration\",\"item\":\"https:\\\/\\\/www.koonings.com\\\/de\\\/inspiration\\\/\"},{\"@type\":\"ListItem\",\"position\":3,\"name\":\"Kleiderordnung smart casual\"}]},{\"@type\":\"WebSite\",\"@id\":\"https:\\\/\\\/www.koonings.com\\\/de\\\/#website\",\"url\":\"https:\\\/\\\/www.koonings.com\\\/de\\\/\",\"name\":\"Koonings\",\"description\":\"De grootste bruidsmodewinkel ter wereld\",\"publisher\":{\"@id\":\"https:\\\/\\\/www.koonings.com\\\/de\\\/#organization\"},\"potentialAction\":[{\"@type\":\"SearchAction\",\"target\":{\"@type\":\"EntryPoint\",\"urlTemplate\":\"https:\\\/\\\/www.koonings.com\\\/de\\\/?s={search_term_string}\"},\"query-input\":{\"@type\":\"PropertyValueSpecification\",\"valueRequired\":true,\"valueName\":\"search_term_string\"}}],\"inLanguage\":\"de\"},{\"@type\":\"Organization\",\"@id\":\"https:\\\/\\\/www.koonings.com\\\/de\\\/#organization\",\"name\":\"Koonings\",\"url\":\"https:\\\/\\\/www.koonings.com\\\/de\\\/\",\"logo\":{\"@type\":\"ImageObject\",\"inLanguage\":\"de\",\"@id\":\"https:\\\/\\\/www.koonings.com\\\/de\\\/#\\\/schema\\\/logo\\\/image\\\/\",\"url\":\"https:\\\/\\\/www.koonings.com\\\/wp-content\\\/uploads\\\/2024\\\/07\\\/logo.png\",\"contentUrl\":\"https:\\\/\\\/www.koonings.com\\\/wp-content\\\/uploads\\\/2024\\\/07\\\/logo.png\",\"width\":600,\"height\":428,\"caption\":\"Koonings\"},\"image\":{\"@id\":\"https:\\\/\\\/www.koonings.com\\\/de\\\/#\\\/schema\\\/logo\\\/image\\\/\"},\"sameAs\":[\"https:\\\/\\\/www.facebook.com\\\/kooningstheweddingpalace\",\"https:\\\/\\\/www.instagram.com\\\/kooningstheweddingpalace\",\"https:\\\/\\\/www.pinterest.com\\\/koonings\",\"https:\\\/\\\/www.youtube.com\\\/kooningstheweddingpalace\"]}]}<\/script>\n<!-- \/ Yoast SEO plugin. -->","yoast_head_json":{"title":"Legere Kleiderordnung | Koonings","description":"Der Smart Casual Dress Code ist sehr weit gefasst. Das macht es schwierig zu beurteilen, welches Outfit geeignet ist. Lesen Sie hier, was der Smart-Casual-Dresscode beinhaltet!","robots":{"index":"index","follow":"follow","max-snippet":"max-snippet:-1","max-image-preview":"max-image-preview:large","max-video-preview":"max-video-preview:-1"},"canonical":"https:\/\/www.koonings.com\/de\/inspiration\/kleiderordnung-smart-casual\/","og_locale":"de_DE","og_type":"article","og_title":"Legere Kleiderordnung | Koonings","og_description":"Der Smart Casual Dress Code ist sehr weit gefasst. Das macht es schwierig zu beurteilen, welches Outfit geeignet ist. Lesen Sie hier, was der Smart-Casual-Dresscode beinhaltet!","og_url":"https:\/\/www.koonings.com\/de\/inspiration\/kleiderordnung-smart-casual\/","og_site_name":"Koonings","article_publisher":"https:\/\/www.facebook.com\/kooningstheweddingpalace","article_modified_time":"2024-08-13T20:28:23+00:00","og_image":[{"width":1024,"height":575,"url":"https:\/\/www.koonings.com\/wp-content\/uploads\/2024\/06\/palace-hero-screenshot-1024x575.png","type":"image\/png"}],"twitter_card":"summary_large_image","twitter_misc":{"Gesch\u00e4tzte Lesezeit":"5\u00a0Minuten"},"schema":{"@context":"https:\/\/schema.org","@graph":[{"@type":"WebPage","@id":"https:\/\/www.koonings.com\/de\/inspiration\/kleiderordnung-smart-casual\/","url":"https:\/\/www.koonings.com\/de\/inspiration\/kleiderordnung-smart-casual\/","name":"Legere Kleiderordnung | Koonings","isPartOf":{"@id":"https:\/\/www.koonings.com\/de\/#website"},"datePublished":"2024-08-12T12:22:31+00:00","dateModified":"2024-08-13T20:28:23+00:00","description":"Der Smart Casual Dress Code ist sehr weit gefasst. Das macht es schwierig zu beurteilen, welches Outfit geeignet ist. Lesen Sie hier, was der Smart-Casual-Dresscode beinhaltet!","breadcrumb":{"@id":"https:\/\/www.koonings.com\/de\/inspiration\/kleiderordnung-smart-casual\/#breadcrumb"},"inLanguage":"de","potentialAction":[{"@type":"ReadAction","target":["https:\/\/www.koonings.com\/de\/inspiration\/kleiderordnung-smart-casual\/"]}]},{"@type":"BreadcrumbList","@id":"https:\/\/www.koonings.com\/de\/inspiration\/kleiderordnung-smart-casual\/#breadcrumb","itemListElement":[{"@type":"ListItem","position":1,"name":"Home","item":"https:\/\/www.koonings.com\/de\/"},{"@type":"ListItem","position":2,"name":"Inspiration","item":"https:\/\/www.koonings.com\/de\/inspiration\/"},{"@type":"ListItem","position":3,"name":"Kleiderordnung smart casual"}]},{"@type":"WebSite","@id":"https:\/\/www.koonings.com\/de\/#website","url":"https:\/\/www.koonings.com\/de\/","name":"Koonings","description":"De grootste bruidsmodewinkel ter wereld","publisher":{"@id":"https:\/\/www.koonings.com\/de\/#organization"},"potentialAction":[{"@type":"SearchAction","target":{"@type":"EntryPoint","urlTemplate":"https:\/\/www.koonings.com\/de\/?s={search_term_string}"},"query-input":{"@type":"PropertyValueSpecification","valueRequired":true,"valueName":"search_term_string"}}],"inLanguage":"de"},{"@type":"Organization","@id":"https:\/\/www.koonings.com\/de\/#organization","name":"Koonings","url":"https:\/\/www.koonings.com\/de\/","logo":{"@type":"ImageObject","inLanguage":"de","@id":"https:\/\/www.koonings.com\/de\/#\/schema\/logo\/image\/","url":"https:\/\/www.koonings.com\/wp-content\/uploads\/2024\/07\/logo.png","contentUrl":"https:\/\/www.koonings.com\/wp-content\/uploads\/2024\/07\/logo.png","width":600,"height":428,"caption":"Koonings"},"image":{"@id":"https:\/\/www.koonings.com\/de\/#\/schema\/logo\/image\/"},"sameAs":["https:\/\/www.facebook.com\/kooningstheweddingpalace","https:\/\/www.instagram.com\/kooningstheweddingpalace","https:\/\/www.pinterest.com\/koonings","https:\/\/www.youtube.com\/kooningstheweddingpalace"]}]}},"_links":{"self":[{"href":"https:\/\/www.koonings.com\/de\/wp-json\/wp\/v2\/pages\/17319","targetHints":{"allow":["GET"]}}],"collection":[{"href":"https:\/\/www.koonings.com\/de\/wp-json\/wp\/v2\/pages"}],"about":[{"href":"https:\/\/www.koonings.com\/de\/wp-json\/wp\/v2\/types\/page"}],"author":[{"embeddable":true,"href":"https:\/\/www.koonings.com\/de\/wp-json\/wp\/v2\/users\/1"}],"replies":[{"embeddable":true,"href":"https:\/\/www.koonings.com\/de\/wp-json\/wp\/v2\/comments?post=17319"}],"version-history":[{"count":2,"href":"https:\/\/www.koonings.com\/de\/wp-json\/wp\/v2\/pages\/17319\/revisions"}],"predecessor-version":[{"id":18122,"href":"https:\/\/www.koonings.com\/de\/wp-json\/wp\/v2\/pages\/17319\/revisions\/18122"}],"up":[{"embeddable":true,"href":"https:\/\/www.koonings.com\/de\/wp-json\/wp\/v2\/pages\/16091"}],"wp:attachment":[{"href":"https:\/\/www.koonings.com\/de\/wp-json\/wp\/v2\/media?parent=17319"}],"curies":[{"name":"wp","href":"https:\/\/api.w.org\/{rel}","templated":true}]}}