{"id":17305,"date":"2024-08-12T14:22:08","date_gmt":"2024-08-12T12:22:08","guid":{"rendered":"https:\/\/www.koonings.com\/inspiration\/kleiderordnung-boehmisch\/"},"modified":"2024-08-13T22:27:31","modified_gmt":"2024-08-13T20:27:31","slug":"kleiderordnung-boehmisch","status":"publish","type":"page","link":"https:\/\/www.koonings.com\/de\/inspiration\/kleiderordnung-boehmisch\/","title":{"rendered":"Kleiderordnung b\u00f6hmisch"},"content":{"rendered":"\r\n\r\n<div class=\"eye-element fullwidth-row alignfull style-both bg--none  alignfull \" style=\" \">\r\n\r\n    <div class=\"container\">\r\n        <div class=\"row\">\r\n            <div class=\"col-12\">\r\n                <div class=\"acf-innerblocks-container\">\n\n<h1 class=\"wp-block-heading has-text-align-center\" id=\"bohemian-dresscode-de-stijl-voor-de-relaxte-bruiloft\">Bohemian Dresscode; der Stil f\u00fcr die entspannte Hochzeit<\/h1>\n\n\n\n<p class=\"has-text-align-center\">Der Boh\u00e8me-Stil, der oft mit Boho abgek\u00fcrzt wird, ist sehr beliebt und das aus gutem Grund.\nDieser moderne Dresscode ist perfekt f\u00fcr entspannte, aber festliche Anl\u00e4sse.\nDie sommerliche und legere Stimmung passt hervorragend zu einer Hochzeit am Strand, im Garten oder auf einem Festival.\nM\u00f6chten Sie genau wissen, was die b\u00f6hmische Kleiderordnung bedeutet?\nDann lesen Sie weiter!    <br\/><\/p>\n\n\n\r\n<div class=\"eye-block empty-space empty-space--small pt-md-3 pb-md-3 pt-2 pb-2\" ><\/div>\n\n\r\n<div class=\"eye-block onpagenav  \">\r\n    <div class=\"container-fluid p-sm-0\">\r\n        <nav id=\"onpage-nav\" class=\"navbar navbar-expand text-center\" aria-label=\"Inhoudsopgave\">\r\n            <div class=\" justify-content-center\" id=\"navbarSupportedContent\">\r\n                <ul class=\"nav navbar-nav\">\r\n                    <li class=\"nav-item single-hint d-none\" style=\"pointer-events: none;\">\r\n                        <a class=\"nav-link\" href=\"javascript:void()\">Inhaltsverzeichnis<\/a>\r\n                    <\/li>\r\n                                            <li class=\"nav-item\">\r\n                            <a class=\"nav-link\" href=\"#das-ist-die-boehmische-kleiderordnung-section\">Das ist die b\u00f6hmische Kleiderordnung<\/a>\r\n                        <\/li>\r\n                                            <li class=\"nav-item\">\r\n                            <a class=\"nav-link\" href=\"#boheme-fuer-frauen-section\">Boh\u00e8me f\u00fcr Frauen<\/a>\r\n                        <\/li>\r\n                                            <li class=\"nav-item\">\r\n                            <a class=\"nav-link\" href=\"#boheme-fuer-maenner-section\">Boh\u00e8me f\u00fcr M\u00e4nner<\/a>\r\n                        <\/li>\r\n                                            <li class=\"nav-item\">\r\n                            <a class=\"nav-link\" href=\"#dos-donts-der-boehmischen-kleiderordnung-section\">Do&#8217;s &amp; Don&#8217;ts der b\u00f6hmischen Kleiderordnung<\/a>\r\n                        <\/li>\r\n                                            <li class=\"nav-item\">\r\n                            <a class=\"nav-link\" href=\"#andere-kleiderordnungen-section\">Andere Kleiderordnungen<\/a>\r\n                        <\/li>\r\n                                    <\/ul>\r\n            <\/div>\r\n            <div class=\"dropdown\">\r\n                <a class=\"dropdown-toggle btn btn-primary\" id=\"dropdownMenuButton\" data-bs-toggle=\"dropdown\" aria-haspopup=\"true\" aria-expanded=\"false\">\r\n                    <i class=\"fa-solid fa-chevron-down\"><\/i>\r\n                <\/a>\r\n                <div class=\"dropdown-menu dropdown-menu-right\" aria-labelledby=\"dropdownMenuButton\">\r\n                <\/div>\r\n            <\/div>\r\n        <\/nav>\r\n    <\/div>\r\n<\/div>\n\n\r\n<div class=\"eye-block empty-space empty-space--medium pt-md-4 pb-md-4 pt-3 pb-3\" ><\/div>\n\n\r\n<div id=\"das-ist-die-boehmische-kleiderordnung-section\" class=\"eye-block menu-section\" title=\"das-ist-die-boehmische-kleiderordnung\" data-section-name=\"Das ist die b\u00f6hmische Kleiderordnung\"><\/div>\r\n\n\n\n<h2 class=\"wp-block-heading\" id=\"perfect dames\">Das ist die b\u00f6hmische Kleiderordnung<\/h2>\n\n\n\n<p>Der b\u00f6hmische Dresscode steht f\u00fcr eine entspannte und legere Atmosph\u00e4re.\nHelle Farben, nat\u00fcrliche Elemente, lockere Stoffe und weite Silhouetten stehen im Mittelpunkt.\nDenken Sie an Maxikleider und lange R\u00f6cke mit Blumendrucken und Spitzendetails.\n&#8220;Weniger ist mehr&#8221; gilt bei diesem Dresscode nicht.\nSie k\u00f6nnen sich also bei den Accessoires austoben.      <\/p>\n\n\n\n<p>Wenn Sie denken, dass die hippieartigen Einfl\u00fcsse der b\u00f6hmischen Kleiderordnung zu leger f\u00fcr eine Hochzeit sind, liegen Sie falsch.\nSie k\u00f6nnen es sogar noch ein bisschen legerer machen mit dem <a href=\"\"><strong>Festival-Chic Kleiderordnung<\/strong><\/a>.\nM\u00f6chten Sie es ein wenig eleganter haben?\nDann k\u00f6nnen Sie sich f\u00fcr den Bohemian Chic entscheiden.\nDie perfekte Kombination aus der L\u00e4ssigkeit des Hippie-Looks und schicken Details.      <\/p>\n\n\n\n<p>Beim Bohemian Chic Dresscode ber\u00fccksichtigen Sie etwas andere Dinge.\nW\u00e4hlen Sie zum Beispiel luxuri\u00f6sere Stoffe und schicke Details.\nBehalten Sie aber die entspannte Stimmung bei, die den Bohemian Chic ausmacht.  <\/p>\n\n\n\r\n<div class=\"eye-block empty-space empty-space--medium pt-md-4 pb-md-4 pt-3 pb-3\" ><\/div>\n\n\r\n<div id=\"boheme-fuer-frauen-section\" class=\"eye-block menu-section\" title=\"boheme-fuer-frauen\" data-section-name=\"Boh\u00e8me f\u00fcr Frauen\"><\/div>\r\n\n\n\n<h2 class=\"wp-block-heading\" id=\"dames\">Boh\u00e8me f\u00fcr Frauen<\/h2>\n\n\n\n<p>Sind Sie zu einer Hochzeit eingeladen und der Dresscode Bohemian steht auf der Hochzeitskarte?\nDann m\u00f6chten Sie sicherstellen, dass Sie das perfekte <a href=\"\"><strong>Outfit f\u00fcr die Hochzeit<\/strong><\/a> w\u00e4hlen.\nMachen Sie sich keine Sorgen.\nBehalten Sie diese Richtlinien im Hinterkopf und Sie werden den perfekten Look zusammenstellen.   <\/p>\n\n\n\n<p>Der entspannte Look ist das Herzst\u00fcck dieses Dresscodes.\nBohemian ist die perfekte Kombination aus L\u00e4ssigkeit und Schick.\nMit leichten und geschmeidigen Stoffen in nat\u00fcrlichen Farben k\u00f6nnen Sie nichts falsch machen.\nDenken Sie an Maxikleider und lange R\u00f6cke.\nAber auch kurze Kleider k\u00f6nnen diesen Boho-Look ausstrahlen.      <\/p>\n\n\n\n<p>W\u00e4hlen Sie ein Outfit in nat\u00fcrlichen und erdigen Farben, aber vermeiden Sie Wei\u00df.\nSchlie\u00dflich ist es immer noch eine Hochzeit.\nBeige, Terrakotta und Pastellt\u00f6ne kommen immer gut an.\nM\u00f6chten Sie ein wenig mehr auffallen?\nDann entscheiden Sie sich f\u00fcr einen nat\u00fcrlichen Gr\u00fcnton.    <\/p>\n\n\n\n<p>Fransen, Stickereien und Spitzendetails verleihen Ihrem Outfit sofort ein Boho-Gef\u00fchl.\nSie passen normalerweise nicht zu Ihrem Stil?\nScheuen Sie sich nicht, sie f\u00fcr den Boho-Kleidungsstil trotzdem hinzuzuf\u00fcgen.\nSie werden erstaunt sein, welche Wirkung ein kleines Detail haben kann.   <\/p>\n\n\n\n<p><br\/>S<strong>chuhe<\/strong> Passen Sie Ihr Outfit mit den perfekten Schuhen ab!\nMit der b\u00f6hmischen Kleiderordnung haben Sie dabei reichlich Auswahl.\nUnd der gro\u00dfe Vorteil?\nDas Ziel ist, dass Ihr Outfit bequem ist, und das gilt auch f\u00fcr Ihre Schuhe.\nEntscheiden Sie sich f\u00fcr niedliche Stiefeletten mit Fransen, ziehen Sie h\u00fcbsche Sandalen an oder entscheiden Sie sich f\u00fcr ein s\u00fc\u00dfes Paar Espadrilles.    <\/p>\n\n\n\n<p><br\/>A<strong>ccessoires<\/strong> Ihr Outfit wird durch<a href=\"https:\/\/www.koonings.com\/bruid\/bruidsaccessoires\">Accessoires<\/a> erst richtig komplett.\n&#8220;Weniger ist mehr&#8221; gilt nicht f\u00fcr die b\u00f6hmische Kleiderordnung.\nHalten Sie sich an Akzente und Farben, die zu dem nat\u00fcrlichen Vibe passen, und Sie liegen immer richtig.\nSchmuck mit Federn, Kn\u00f6chel- und Zehenringe, H\u00fcte, geflochtene Rattantaschen und andere florale Accessoires runden Ihren Look ab.   <\/p>\n\n\n\n<p>Sie m\u00fcssen sich auch keine Sorgen um Ihr Haar machen.\nKeine strengen Frisuren, sondern eine l\u00e4ssige Hochsteckfrisur, ein Haarband oder Bandana f\u00fcr den Boh\u00e8me-Stil! <\/p>\n\n\n\n<h3 class=\"wp-block-heading\" id=\"bohemian-chic\"><strong>Boh\u00e8me<\/strong><strong> schick<\/strong><\/h3>\n\n\n\n<p>Haben sich die Braut und der Br\u00e4utigam f\u00fcr den Boh\u00e8me-Chic entschieden?\nDann denken Sie daran, dass Ihr Outfit etwas anders sein sollte.\nDie Grundz\u00fcge bleiben die gleichen, aber entscheiden Sie sich f\u00fcr luxuri\u00f6sere Stoffe und l\u00e4ngere Kleider.\nAuch Ihre Schuhe k\u00f6nnen ein Upgrade erhalten, indem Sie einen Absatz hinzuf\u00fcgen.\nEntscheiden Sie sich f\u00fcr eine l\u00e4ssige Sandale mit Absatz oder f\u00fcr h\u00fcbsche Keilabs\u00e4tze mit Seilumwicklung.    <\/p>\n\n\n\r\n<div class=\"eye-element bsbutton text-start \" >\r\n\t        <a class=\"btn btn-primary\" href=\"https:\/\/www.koonings.com\/de\/hochzeitskollektion\/gaeste\/damenmode\/\"\r\n           target=\"\">Sehen Sie sich die Damenmode-Kollektion an<\/a>\r\n\t<\/div>\n\n\r\n<div class=\"eye-block empty-space empty-space--medium pt-md-4 pb-md-4 pt-3 pb-3\" ><\/div>\n\n\n<h2 class=\"wp-block-heading\" id=\"andere\">Bohemian f\u00fcr Frauen in K\u00fcrze<\/h2>\n\n\n\n<ul class=\"wp-block-list\">\n<li>Entspannt aber schick<\/li>\n\n\n\n<li>Leichte und geschmeidige Stoffe<\/li>\n\n\n\n<li>Nat\u00fcrliche Farben<\/li>\n\n\n\n<li>Sandalen, Espadrilles oder Fransenstiefel<\/li>\n\n\n\n<li>Blumen und Federn als Accessoires<\/li>\n<\/ul>\n\n\n\r\n<div class=\"eye-block empty-space empty-space--medium pt-md-4 pb-md-4 pt-3 pb-3\" ><\/div>\n\n\r\n<div id=\"boheme-fuer-maenner-section\" class=\"eye-block menu-section\" title=\"boheme-fuer-maenner\" data-section-name=\"Boh\u00e8me f\u00fcr M\u00e4nner\"><\/div>\r\n\n\n\n<h2 class=\"wp-block-heading\" id=\"dames\">Boh\u00e8me f\u00fcr M\u00e4nner<\/h2>\n\n\n\n<p>Obwohl sich die b\u00f6hmische Kleiderordnung oft haupts\u00e4chlich auf die Damen konzentriert, wird das diesem Stil nicht gerecht.\nDenn auch M\u00e4nner k\u00f6nnen modisch aussehen.\nEntscheiden Sie sich auch als Gentleman f\u00fcr leichte und geschmeidige Stoffe wie Leinen.\nDas schafft sofort eine entspannte Atmosph\u00e4re.\nSie m\u00fcssen sich nicht gleich f\u00fcr \u00dcbergr\u00f6\u00dfen entscheiden.\nAber achten Sie darauf, dass Ihre Kleidung nicht zu eng ist, denn das passt nicht zum Boho-Style.       <\/p>\n\n\n\n<p>Entscheiden Sie sich f\u00fcr eine Hose mit einem Hemd?\nDann lassen Sie den obersten Knopf offen f\u00fcr einen besonders legeren Look.\nIst es am Tag der Hochzeit sehr hei\u00df?\nDann haben Sie mit dieser Kleiderordnung Gl\u00fcck, denn sogar kurze Hosen sind erlaubt!   <\/p>\n\n\n\n<p>Halten Sie sich an nat\u00fcrliche Farben wie Beige, Ockergelb und Terrakotta.\nOder entscheiden Sie sich f\u00fcr Pastellt\u00f6ne. <\/p>\n\n\n\n<p><br\/>S<strong>chuhe<\/strong> Loafers sind die perfekten Schuhe f\u00fcr M\u00e4nner im Rahmen der b\u00f6hmischen Kleiderordnung.\nAuch Sandalen passen gut zu der entspannten Stimmung.\nObwohl Turnschuhe l\u00e4ssig sind, sind sie zu sportlich f\u00fcr diesen Dresscode.\nLassen Sie Ihre Turnschuhe also im Schrank.   <\/p>\n\n\n\n<p>Was das Material angeht, k\u00f6nnen Sie w\u00e4hlen, was Ihnen gef\u00e4llt, aber achten Sie auf den Look.\nWildleder hat einen weichen Look, der gut zum Boho-Stil passt.\nVersuchen Sie, Leder in jedem Fall zu vermeiden.  <\/p>\n\n\n\n<p><br\/>A<strong>ccessoires<\/strong> Der Hut ist das ideale Accessoire im Boho-Stil f\u00fcr Frauen und M\u00e4nner.\nSie sind kein Hut-Typ?\nDann entscheiden Sie sich f\u00fcr Schmuck wie ein geflochtenes Armband oder ein Stoffarmband oder tragen Sie eine Halskette aus Holz.\nAuch hier sollten Sie erdige T\u00f6ne und Materialien w\u00e4hlen.   <\/p>\n\n\n\r\n<div class=\"eye-element bsbutton text-start \" >\r\n\t        <a class=\"btn btn-primary\" href=\"https:\/\/www.koonings.com\/de\/hochzeitskollektion\/gaeste\/maennliche-hochzeitsgaeste\/\"\r\n           target=\"\">Sehen Sie sich die Herrenmode-Kollektion an<\/a>\r\n\t<\/div>\n\n\r\n<div class=\"eye-block empty-space empty-space--medium pt-md-4 pb-md-4 pt-3 pb-3\" ><\/div>\n\n\n<h2 class=\"wp-block-heading\" id=\"herenkort\">Bohemian f\u00fcr M\u00e4nner in K\u00fcrze<\/h2>\n\n\n\n<ul class=\"wp-block-list\">\n<li>Entspannt aber schick<\/li>\n\n\n\n<li>Nat\u00fcrliche Farben<\/li>\n\n\n\n<li>Leichte, geschmeidige Stoffe<\/li>\n\n\n\n<li>Loafers oder Sandalen<\/li>\n\n\n\n<li>Geflochtene Armb\u00e4nder oder H\u00fcte<\/li>\n<\/ul>\n\n\n\r\n<div class=\"eye-block empty-space empty-space--medium pt-md-4 pb-md-4 pt-3 pb-3\" ><\/div>\n\n\r\n<div id=\"dos-donts-der-boehmischen-kleiderordnung-section\" class=\"eye-block menu-section\" title=\"dos-donts-der-boehmischen-kleiderordnung\" data-section-name=\"Do's &amp; Don'ts der b\u00f6hmischen Kleiderordnung\"><\/div>\r\n\n\n\n<h2 class=\"wp-block-heading\" id=\"do\">Do&#8217;s &amp; Don&#8217;ts der b\u00f6hmischen Kleiderordnung<\/h2>\n\n\n\n<p><strong>Do&#8217;s<\/strong><\/p>\n\n\n\n<ul class=\"wp-block-list\">\n<li>Entscheiden Sie sich f\u00fcr nat\u00fcrliche Farben<\/li>\n\n\n\n<li>W\u00e4hlen Sie leichte und geschmeidige Stoffe<\/li>\n\n\n\n<li>Tragen Sie ein bequemes Outfit<\/li>\n\n\n\n<li>Verwenden Sie Fransen und Stickereien<\/li>\n<\/ul>\n\n\n\n<p><strong>Tadeln<\/strong><\/p>\n\n\n\n<ul class=\"wp-block-list\">\n<li>Vermeiden Sie helle und dunkle Farben  <\/li>\n\n\n\n<li>Kommen Sie nicht in Jeans oder Trainingsanz\u00fcgen  <\/li>\n<\/ul>\n\n\n\r\n<div class=\"eye-block empty-space empty-space--medium pt-md-4 pb-md-4 pt-3 pb-3\" ><\/div>\n\n\r\n<div id=\"andere-kleiderordnungen-section\" class=\"eye-block menu-section\" title=\"andere-kleiderordnungen\" data-section-name=\"Andere Kleiderordnungen\"><\/div>\r\n\n\n\n<h2 class=\"wp-block-heading\" id=\"andere\"><strong>Andere Kleiderordnungen<\/strong><\/h2>\n\n\n\n<p>Haben Sie bald eine Hochzeit mit einer anderen Kleiderordnung?\nWenn ja, dann lesen Sie die Richtlinien f\u00fcr diese beliebten <a href=\"https:\/\/www.koonings.com\/de\/inspiration\/kleiderordnung-fuer-hochzeiten\/\"><strong>Hochzeitskleidercodes<\/strong><\/a>: <\/p>\n\n\n\n<p><a href=\"https:\/\/www.koonings.com\/de\/inspiration\/kleiderordnung-winter-chic\/\"><strong>Winter chic<\/strong><\/a><\/p>\n\n\n\n<p><strong><a href=\"https:\/\/www.koonings.com\/de\/inspiration\/kleiderordnung-cocktail\/\">Cocktail<\/a><\/strong><\/p>\n\n\n\n<p><strong><a href=\"https:\/\/www.koonings.com\/de\/inspiration\/kleiderordnung-tenue-de-ville\/\">Tenue de ville<\/a><\/strong><\/p>\n\n\n\n<p><strong><a href=\"https:\/\/www.koonings.com\/de\/inspiration\/kleiderordnung-laessig-schick\/\">L\u00e4ssiger Schick<\/a><\/strong><\/p>\n\n\n\n<p><strong><a href=\"https:\/\/www.koonings.com\/de\/inspiration\/kleiderordnung-boehmisch\/\">Bohemian<\/a><\/strong><\/p>\n\n\n\n<p><strong><a href=\"https:\/\/www.koonings.com\/de\/inspiration\/dresscode-schwarze-krawatte\/\">Schwarze Krawatte<\/a><\/strong><\/p>\n\n\n\n<p><strong><a href=\"https:\/\/www.koonings.com\/de\/inspiration\/kleiderordnung-smart-casual\/\">L\u00e4ssig elegant<\/a><\/strong><\/p>\n\n\n\n<p><strong><a href=\"https:\/\/www.koonings.com\/de\/inspiration\/kleiderordnung-festival-chic\/\">Festival chic<\/a><\/strong><\/p>\n\n<\/div>\r\n            <\/div>\r\n        <\/div>\r\n    <\/div>\r\n\r\n<\/div>\r\n\r\n    ","protected":false},"excerpt":{"rendered":"","protected":false},"author":1,"featured_media":0,"parent":16091,"menu_order":0,"comment_status":"closed","ping_status":"closed","template":"","meta":{"_acf_changed":false,"ghostkit_customizer_options":"","ghostkit_custom_css":"","ghostkit_custom_js_head":"","ghostkit_custom_js_foot":"","ghostkit_typography":"","footnotes":""},"class_list":["post-17305","page","type-page","status-publish","hentry"],"acf":[],"yoast_head":"<!-- This site is optimized with the Yoast SEO plugin v27.3 - https:\/\/yoast.com\/product\/yoast-seo-wordpress\/ -->\n<title>Boh\u00e8me Kleiderordnung | Koonings<\/title>\n<meta name=\"description\" content=\"Der Boh\u00e8me-Stil, der oft mit Boho abgek\u00fcrzt wird, ist sehr beliebt und das aus gutem Grund. M\u00f6chten Sie genau wissen, was die b\u00f6hmische Kleiderordnung bedeutet? Dann lesen Sie weiter!\" \/>\n<meta name=\"robots\" content=\"index, follow, max-snippet:-1, max-image-preview:large, max-video-preview:-1\" \/>\n<link rel=\"canonical\" href=\"https:\/\/www.koonings.com\/de\/inspiration\/kleiderordnung-boehmisch\/\" \/>\n<meta property=\"og:locale\" content=\"de_DE\" \/>\n<meta property=\"og:type\" content=\"article\" \/>\n<meta property=\"og:title\" content=\"Boh\u00e8me Kleiderordnung | Koonings\" \/>\n<meta property=\"og:description\" content=\"Der Boh\u00e8me-Stil, der oft mit Boho abgek\u00fcrzt wird, ist sehr beliebt und das aus gutem Grund. M\u00f6chten Sie genau wissen, was die b\u00f6hmische Kleiderordnung bedeutet? Dann lesen Sie weiter!\" \/>\n<meta property=\"og:url\" content=\"https:\/\/www.koonings.com\/de\/inspiration\/kleiderordnung-boehmisch\/\" \/>\n<meta property=\"og:site_name\" content=\"Koonings\" \/>\n<meta property=\"article:publisher\" content=\"https:\/\/www.facebook.com\/kooningstheweddingpalace\" \/>\n<meta property=\"article:modified_time\" content=\"2024-08-13T20:27:31+00:00\" \/>\n<meta property=\"og:image\" content=\"https:\/\/www.koonings.com\/wp-content\/uploads\/2024\/06\/palace-hero-screenshot-1024x575.png\" \/>\n\t<meta property=\"og:image:width\" content=\"1024\" \/>\n\t<meta property=\"og:image:height\" content=\"575\" \/>\n\t<meta property=\"og:image:type\" content=\"image\/png\" \/>\n<meta name=\"twitter:card\" content=\"summary_large_image\" \/>\n<meta name=\"twitter:label1\" content=\"Gesch\u00e4tzte Lesezeit\" \/>\n\t<meta name=\"twitter:data1\" content=\"5\u00a0Minuten\" \/>\n<script type=\"application\/ld+json\" class=\"yoast-schema-graph\">{\"@context\":\"https:\\\/\\\/schema.org\",\"@graph\":[{\"@type\":\"WebPage\",\"@id\":\"https:\\\/\\\/www.koonings.com\\\/de\\\/inspiration\\\/kleiderordnung-boehmisch\\\/\",\"url\":\"https:\\\/\\\/www.koonings.com\\\/de\\\/inspiration\\\/kleiderordnung-boehmisch\\\/\",\"name\":\"Boh\u00e8me Kleiderordnung | Koonings\",\"isPartOf\":{\"@id\":\"https:\\\/\\\/www.koonings.com\\\/de\\\/#website\"},\"datePublished\":\"2024-08-12T12:22:08+00:00\",\"dateModified\":\"2024-08-13T20:27:31+00:00\",\"description\":\"Der Boh\u00e8me-Stil, der oft mit Boho abgek\u00fcrzt wird, ist sehr beliebt und das aus gutem Grund. M\u00f6chten Sie genau wissen, was die b\u00f6hmische Kleiderordnung bedeutet? Dann lesen Sie weiter!\",\"breadcrumb\":{\"@id\":\"https:\\\/\\\/www.koonings.com\\\/de\\\/inspiration\\\/kleiderordnung-boehmisch\\\/#breadcrumb\"},\"inLanguage\":\"de\",\"potentialAction\":[{\"@type\":\"ReadAction\",\"target\":[\"https:\\\/\\\/www.koonings.com\\\/de\\\/inspiration\\\/kleiderordnung-boehmisch\\\/\"]}]},{\"@type\":\"BreadcrumbList\",\"@id\":\"https:\\\/\\\/www.koonings.com\\\/de\\\/inspiration\\\/kleiderordnung-boehmisch\\\/#breadcrumb\",\"itemListElement\":[{\"@type\":\"ListItem\",\"position\":1,\"name\":\"Home\",\"item\":\"https:\\\/\\\/www.koonings.com\\\/de\\\/\"},{\"@type\":\"ListItem\",\"position\":2,\"name\":\"Inspiration\",\"item\":\"https:\\\/\\\/www.koonings.com\\\/de\\\/inspiration\\\/\"},{\"@type\":\"ListItem\",\"position\":3,\"name\":\"Kleiderordnung b\u00f6hmisch\"}]},{\"@type\":\"WebSite\",\"@id\":\"https:\\\/\\\/www.koonings.com\\\/de\\\/#website\",\"url\":\"https:\\\/\\\/www.koonings.com\\\/de\\\/\",\"name\":\"Koonings\",\"description\":\"De grootste bruidsmodewinkel ter wereld\",\"publisher\":{\"@id\":\"https:\\\/\\\/www.koonings.com\\\/de\\\/#organization\"},\"potentialAction\":[{\"@type\":\"SearchAction\",\"target\":{\"@type\":\"EntryPoint\",\"urlTemplate\":\"https:\\\/\\\/www.koonings.com\\\/de\\\/?s={search_term_string}\"},\"query-input\":{\"@type\":\"PropertyValueSpecification\",\"valueRequired\":true,\"valueName\":\"search_term_string\"}}],\"inLanguage\":\"de\"},{\"@type\":\"Organization\",\"@id\":\"https:\\\/\\\/www.koonings.com\\\/de\\\/#organization\",\"name\":\"Koonings\",\"url\":\"https:\\\/\\\/www.koonings.com\\\/de\\\/\",\"logo\":{\"@type\":\"ImageObject\",\"inLanguage\":\"de\",\"@id\":\"https:\\\/\\\/www.koonings.com\\\/de\\\/#\\\/schema\\\/logo\\\/image\\\/\",\"url\":\"https:\\\/\\\/www.koonings.com\\\/wp-content\\\/uploads\\\/2024\\\/07\\\/logo.png\",\"contentUrl\":\"https:\\\/\\\/www.koonings.com\\\/wp-content\\\/uploads\\\/2024\\\/07\\\/logo.png\",\"width\":600,\"height\":428,\"caption\":\"Koonings\"},\"image\":{\"@id\":\"https:\\\/\\\/www.koonings.com\\\/de\\\/#\\\/schema\\\/logo\\\/image\\\/\"},\"sameAs\":[\"https:\\\/\\\/www.facebook.com\\\/kooningstheweddingpalace\",\"https:\\\/\\\/www.instagram.com\\\/kooningstheweddingpalace\",\"https:\\\/\\\/www.pinterest.com\\\/koonings\",\"https:\\\/\\\/www.youtube.com\\\/kooningstheweddingpalace\"]}]}<\/script>\n<!-- \/ Yoast SEO plugin. -->","yoast_head_json":{"title":"Boh\u00e8me Kleiderordnung | Koonings","description":"Der Boh\u00e8me-Stil, der oft mit Boho abgek\u00fcrzt wird, ist sehr beliebt und das aus gutem Grund. M\u00f6chten Sie genau wissen, was die b\u00f6hmische Kleiderordnung bedeutet? Dann lesen Sie weiter!","robots":{"index":"index","follow":"follow","max-snippet":"max-snippet:-1","max-image-preview":"max-image-preview:large","max-video-preview":"max-video-preview:-1"},"canonical":"https:\/\/www.koonings.com\/de\/inspiration\/kleiderordnung-boehmisch\/","og_locale":"de_DE","og_type":"article","og_title":"Boh\u00e8me Kleiderordnung | Koonings","og_description":"Der Boh\u00e8me-Stil, der oft mit Boho abgek\u00fcrzt wird, ist sehr beliebt und das aus gutem Grund. M\u00f6chten Sie genau wissen, was die b\u00f6hmische Kleiderordnung bedeutet? Dann lesen Sie weiter!","og_url":"https:\/\/www.koonings.com\/de\/inspiration\/kleiderordnung-boehmisch\/","og_site_name":"Koonings","article_publisher":"https:\/\/www.facebook.com\/kooningstheweddingpalace","article_modified_time":"2024-08-13T20:27:31+00:00","og_image":[{"width":1024,"height":575,"url":"https:\/\/www.koonings.com\/wp-content\/uploads\/2024\/06\/palace-hero-screenshot-1024x575.png","type":"image\/png"}],"twitter_card":"summary_large_image","twitter_misc":{"Gesch\u00e4tzte Lesezeit":"5\u00a0Minuten"},"schema":{"@context":"https:\/\/schema.org","@graph":[{"@type":"WebPage","@id":"https:\/\/www.koonings.com\/de\/inspiration\/kleiderordnung-boehmisch\/","url":"https:\/\/www.koonings.com\/de\/inspiration\/kleiderordnung-boehmisch\/","name":"Boh\u00e8me Kleiderordnung | Koonings","isPartOf":{"@id":"https:\/\/www.koonings.com\/de\/#website"},"datePublished":"2024-08-12T12:22:08+00:00","dateModified":"2024-08-13T20:27:31+00:00","description":"Der Boh\u00e8me-Stil, der oft mit Boho abgek\u00fcrzt wird, ist sehr beliebt und das aus gutem Grund. M\u00f6chten Sie genau wissen, was die b\u00f6hmische Kleiderordnung bedeutet? Dann lesen Sie weiter!","breadcrumb":{"@id":"https:\/\/www.koonings.com\/de\/inspiration\/kleiderordnung-boehmisch\/#breadcrumb"},"inLanguage":"de","potentialAction":[{"@type":"ReadAction","target":["https:\/\/www.koonings.com\/de\/inspiration\/kleiderordnung-boehmisch\/"]}]},{"@type":"BreadcrumbList","@id":"https:\/\/www.koonings.com\/de\/inspiration\/kleiderordnung-boehmisch\/#breadcrumb","itemListElement":[{"@type":"ListItem","position":1,"name":"Home","item":"https:\/\/www.koonings.com\/de\/"},{"@type":"ListItem","position":2,"name":"Inspiration","item":"https:\/\/www.koonings.com\/de\/inspiration\/"},{"@type":"ListItem","position":3,"name":"Kleiderordnung b\u00f6hmisch"}]},{"@type":"WebSite","@id":"https:\/\/www.koonings.com\/de\/#website","url":"https:\/\/www.koonings.com\/de\/","name":"Koonings","description":"De grootste bruidsmodewinkel ter wereld","publisher":{"@id":"https:\/\/www.koonings.com\/de\/#organization"},"potentialAction":[{"@type":"SearchAction","target":{"@type":"EntryPoint","urlTemplate":"https:\/\/www.koonings.com\/de\/?s={search_term_string}"},"query-input":{"@type":"PropertyValueSpecification","valueRequired":true,"valueName":"search_term_string"}}],"inLanguage":"de"},{"@type":"Organization","@id":"https:\/\/www.koonings.com\/de\/#organization","name":"Koonings","url":"https:\/\/www.koonings.com\/de\/","logo":{"@type":"ImageObject","inLanguage":"de","@id":"https:\/\/www.koonings.com\/de\/#\/schema\/logo\/image\/","url":"https:\/\/www.koonings.com\/wp-content\/uploads\/2024\/07\/logo.png","contentUrl":"https:\/\/www.koonings.com\/wp-content\/uploads\/2024\/07\/logo.png","width":600,"height":428,"caption":"Koonings"},"image":{"@id":"https:\/\/www.koonings.com\/de\/#\/schema\/logo\/image\/"},"sameAs":["https:\/\/www.facebook.com\/kooningstheweddingpalace","https:\/\/www.instagram.com\/kooningstheweddingpalace","https:\/\/www.pinterest.com\/koonings","https:\/\/www.youtube.com\/kooningstheweddingpalace"]}]}},"_links":{"self":[{"href":"https:\/\/www.koonings.com\/de\/wp-json\/wp\/v2\/pages\/17305","targetHints":{"allow":["GET"]}}],"collection":[{"href":"https:\/\/www.koonings.com\/de\/wp-json\/wp\/v2\/pages"}],"about":[{"href":"https:\/\/www.koonings.com\/de\/wp-json\/wp\/v2\/types\/page"}],"author":[{"embeddable":true,"href":"https:\/\/www.koonings.com\/de\/wp-json\/wp\/v2\/users\/1"}],"replies":[{"embeddable":true,"href":"https:\/\/www.koonings.com\/de\/wp-json\/wp\/v2\/comments?post=17305"}],"version-history":[{"count":2,"href":"https:\/\/www.koonings.com\/de\/wp-json\/wp\/v2\/pages\/17305\/revisions"}],"predecessor-version":[{"id":18110,"href":"https:\/\/www.koonings.com\/de\/wp-json\/wp\/v2\/pages\/17305\/revisions\/18110"}],"up":[{"embeddable":true,"href":"https:\/\/www.koonings.com\/de\/wp-json\/wp\/v2\/pages\/16091"}],"wp:attachment":[{"href":"https:\/\/www.koonings.com\/de\/wp-json\/wp\/v2\/media?parent=17305"}],"curies":[{"name":"wp","href":"https:\/\/api.w.org\/{rel}","templated":true}]}}