{"id":17297,"date":"2024-08-12T14:21:45","date_gmt":"2024-08-12T12:21:45","guid":{"rendered":"https:\/\/www.koonings.com\/inspiration\/kleiderordnung-laessig-schick\/"},"modified":"2025-11-24T17:04:16","modified_gmt":"2025-11-24T16:04:16","slug":"kleiderordnung-laessig-schick","status":"publish","type":"page","link":"https:\/\/www.koonings.com\/de\/inspiration\/kleiderordnung-laessig-schick\/","title":{"rendered":"Kleiderordnung l\u00e4ssig schick"},"content":{"rendered":"\r\n\r\n<div class=\"eye-element fullwidth-row alignfull style-both bg--none  alignfull \" style=\" \">\r\n\r\n    <div class=\"container\">\r\n        <div class=\"row\">\r\n            <div class=\"col-12\">\r\n                <div class=\"acf-innerblocks-container\">\n\n<h1 class=\"wp-block-heading has-text-align-center\" id=\"casual-chic-de-perfecte-balans-tussen-comfort-en-stijl\">Casual Chic: die perfekte Balance zwischen Komfort und Stil<br\/><\/h1>\n\n\n\n<p class=\"has-text-align-center\">Wenn es um Kleiderordnungen f\u00fcr Hochzeiten geht, ist der Casual Chic einer der beliebtesten Stile. Kein Wunder, finden wir, denn diese Kleiderordnung ist genau der feine Mittelweg zwischen elegant und entspannt. Ideal f\u00fcr einen Tag, an dem Sie sch\u00f6n aussehen, sich aber auch frei bewegen und genie\u00dfen m\u00f6chten.  <\/p>\n\n\n\n<p class=\"has-text-align-center\">Beim Casual Chic geht es um einen gepflegten, sauberen Look, ohne dass er formell sein muss. Es ist ein zug\u00e4nglicher Stil, der Raum zum Wohlf\u00fchlen bietet. Sie k\u00f6nnen also an einen sch\u00f6nen Rock oder eine Bluse f\u00fcr die Damen denken oder an einen Blazer mit einem frischen, gepflegten Look f\u00fcr die Herren. Das Sch\u00f6ne an diesem Dresscode ist, dass es nur wenige strenge Regeln gibt. Also mit dieser <a href=\"https:\/\/www.koonings.com\/de\/inspiration\/kleiderordnung-fuer-hochzeiten\/\"><strong>Kleiderordnung f\u00fcr Ihre Hochzeit<\/strong><\/a> geben Sie Ihren G\u00e4sten die Freiheit, etwas zu tragen, in dem sie sich wohlf\u00fchlen, w\u00e4hrend Sie gleichzeitig f\u00fcr einen gepflegten und festlichen Look sorgen.    <br\/><\/p>\n\n\n\r\n<div class=\"eye-block empty-space empty-space--medium pt-md-4 pb-md-4 pt-3 pb-3\" ><\/div>\n\n\n<div class=\"ghostkit-grid ghostkit-grid-gap-md ghostkit-grid-align-items-center\"><div class=\"ghostkit-grid-inner\">\n<div class=\"ghostkit-col ghostkit-col-md-12 ghostkit-col-6\"><div class=\"ghostkit-col-content is-layout-flow wp-block-ghostkit-grid-column-is-layout-flow\">\n<h2 class=\"wp-block-heading\" id=\"perfect dames\">L\u00e4ssiger Schick f\u00fcr Frauen<\/h2>\n\n\n\n<p>F\u00fcr Damen ist der Casual Chic eine gute Gelegenheit, ein Outfit zu w\u00e4hlen, das sowohl bequem als auch elegant ist. Bei dieser Kleiderordnung geht es um die Balance zwischen informell und gepflegt, genau dazwischen finden Sie den perfekten Look. <\/p>\n\n\n\n<p>Sie k\u00f6nnen in jede Richtung gehen, denken Sie an eine gepflegte Bluse mit einer eleganten Hose, ein festliches Kleid oder einen sch\u00f6nen Rock, der mit einem einfachen, aber raffinierten Oberteil kombiniert wird. Solange es sauber, ordentlich und leicht schick aussieht, ist alles in Ordnung. Vervollst\u00e4ndigen Sie Ihr Outfit mit dezentem Schmuck und einer h\u00fcbschen Tasche, um Ihrem Look das gewisse Etwas zu verleihen.  <\/p>\n\n\n\n<p>Casual Chic ist ein weit gefasster Dresscode, und das macht die Suche manchmal ein wenig schwierig. Sie wissen nicht, wo Sie anfangen sollen? Dann schauen Sie sich zuerst die Art der Hochzeit an. A <a href=\"https:\/\/www.koonings.com\/de\/inspiration\/sommerhochzeit\/\"><strong>Sommerhochzeit<\/strong><\/a> verlangt oft nach luftigen Stoffen und hellen Farben, w\u00e4hrend bei einer <a href=\"https:\/\/www.koonings.com\/de\/inspiration\/winter-hochzeit\/\"><strong>Winterhochzeit<\/strong><\/a> Sie sich vielleicht f\u00fcr kr\u00e4ftigere Stoffe oder w\u00e4rmere Farben entscheiden &#8211; auch wenn der Dresscode genau derselbe ist. Der Casual Chic l\u00e4sst Ihnen, der Dame, also viel Spielraum, um Ihr Outfit an Ihren Stil und die Jahreszeit anzupassen. Zu Ihrer Erleichterung haben wir im Folgenden die wichtigsten Punkte zusammengefasst.     <\/p>\n\n\n\r\n<div class=\"eye-element bsbutton text-center \" >\r\n\t        <a class=\"btn btn-primary\" href=\"https:\/\/www.koonings.com\/de\/hochzeitskollektion\/gaeste\/damenmode\/\"\r\n           target=\"\">Alle Hochzeitskleidung f\u00fcr Frauen ansehen<\/a>\r\n\t<\/div><\/div><\/div>\n\n\n\n<div class=\"ghostkit-col ghostkit-col-md-12 ghostkit-col-6\"><div class=\"ghostkit-col-content is-layout-flow wp-block-ghostkit-grid-column-is-layout-flow\">\n<figure class=\"wp-block-image size-large\"><img decoding=\"async\" width=\"723\" height=\"1024\" src=\"https:\/\/www.koonings.com\/wp-content\/uploads\/2024\/08\/koonings-avondmode-cocktailkleding-galakleding-sonia-pena-1230074-b-1-723x1024.jpg\" alt=\"\" class=\"wp-image-17143\" style=\"aspect-ratio:3\/4;object-fit:cover\" srcset=\"https:\/\/www.koonings.com\/wp-content\/uploads\/2024\/08\/koonings-avondmode-cocktailkleding-galakleding-sonia-pena-1230074-b-1-723x1024.jpg 723w, https:\/\/www.koonings.com\/wp-content\/uploads\/2024\/08\/koonings-avondmode-cocktailkleding-galakleding-sonia-pena-1230074-b-1-212x300.jpg 212w, https:\/\/www.koonings.com\/wp-content\/uploads\/2024\/08\/koonings-avondmode-cocktailkleding-galakleding-sonia-pena-1230074-b-1-768x1087.jpg 768w, https:\/\/www.koonings.com\/wp-content\/uploads\/2024\/08\/koonings-avondmode-cocktailkleding-galakleding-sonia-pena-1230074-b-1-1085x1536.jpg 1085w, https:\/\/www.koonings.com\/wp-content\/uploads\/2024\/08\/koonings-avondmode-cocktailkleding-galakleding-sonia-pena-1230074-b-1-1447x2048.jpg 1447w, https:\/\/www.koonings.com\/wp-content\/uploads\/2024\/08\/koonings-avondmode-cocktailkleding-galakleding-sonia-pena-1230074-b-1-scaled.jpg 1808w\" sizes=\"(max-width: 723px) 100vw, 723px\" \/><\/figure>\n<\/div><\/div>\n<\/div><\/div>\n\n\n\r\n<div class=\"eye-block empty-space empty-space--medium pt-md-4 pb-md-4 pt-3 pb-3\" ><\/div>\n\n\n<h2 class=\"wp-block-heading\" id=\"casual-chic-voor-dames-in-het-kort\">L\u00e4ssiger Schick f\u00fcr Frauen in K\u00fcrze<\/h2>\n\n\n\n<p>Sch\u00f6ner \u00dcberblick, hier ist, worauf Sie achten sollten:<\/p>\n\n\n\n<ul class=\"wp-block-list\">\n<li>Halten Sie Ihr Make-up dezent und nat\u00fcrlich<\/li>\n\n\n\n<li>Mischen Sie l\u00e4ssig mit schick; Turnschuhe unter einem adretten Kleid sind zum Beispiel genau das Richtige.<\/li>\n\n\n\n<li>Es gibt keine festen Regeln f\u00fcr die L\u00e4nge Ihres Kleides oder Rockes<\/li>\n\n\n\n<li>Nackte Beine sind einfach erlaubt<\/li>\n\n\n\n<li>Vermeiden Sie Kleidung mit Ausfransungen, verblassten Flecken oder Schrammen<\/li>\n\n\n\n<li>Mit <a href=\"https:\/\/www.koonings.com\/bruid\/bruidsaccessoires\/\"><strong>Accessoires<\/strong><\/a> k\u00f6nnen Sie Ihr Outfit schicker oder legerer gestalten<\/li>\n<\/ul>\n\n\n\r\n<div class=\"eye-block empty-space empty-space--medium pt-md-4 pb-md-4 pt-3 pb-3\" ><\/div>\n\n\n<h2 class=\"wp-block-heading\" id=\"hiermee-moet-je-rekening-houden\">L\u00e4ssiger Schick f\u00fcr M\u00e4nner<\/h2>\n\n\n\n<p>F\u00fcr M\u00e4nner ist der Casual Chic die perfekte Art, stilvoll auszusehen, ohne dass es zu formell sein muss. Es geht um ein gepflegtes Aussehen mit einem entspannten Twist. Genau die richtige Balance zwischen schick und bequem.  <\/p>\n\n\n\n<p>Denken Sie an eine sch\u00f6ne Hose mit einem knackigen Hemd, einen stilvollen Pullover oder einen Blazer in einem gepflegten Farbton. Ein dreiteiliger Anzug ist sicherlich nicht notwendig, aber achten Sie darauf, dass Ihr Outfit nicht zu leger wird. Vermeiden Sie daher Kleidungsst\u00fccke wie Jeans oder Kleidungsst\u00fccke mit einem zu l\u00e4ssigen Look. Auf diese Weise behalten Sie einen gepflegten und f\u00fcr eine Hochzeit angemessenen Look.   <\/p>\n\n\n\n<p>Halten Sie Ihre Accessoires dezent. Ein klassischer G\u00fcrtel, eine sch\u00f6ne Uhr und schicke Schuhe reichen oft aus, um Ihr Outfit zu vervollst\u00e4ndigen. Passen Sie Ihren Look auch an die Jahreszeit und den Ort der Hochzeit an: W\u00e4hlen Sie f\u00fcr eine Sommerhochzeit leichte, luftige Materialien wie Leinen und im Winter w\u00e4rmere Stoffe und etwas dunklere Farbt\u00f6ne. Auf diese Weise bleiben Sie immer stilvoll und bequem.   <\/p>\n\n\n\r\n<div class=\"eye-element bsbutton text-center \" >\r\n\t        <a class=\"btn btn-primary\" href=\"https:\/\/www.koonings.com\/de\/hochzeitskollektion\/gaeste\/maennliche-hochzeitsgaeste\/\"\r\n           target=\"\">Alle Hochzeitskleidung f\u00fcr M\u00e4nner ansehen<\/a>\r\n\t<\/div>\n\n\r\n<div class=\"eye-block empty-space empty-space--medium pt-md-4 pb-md-4 pt-3 pb-3\" ><\/div>\n\n\n<h2 class=\"wp-block-heading\" id=\"casual-chic-voor-heren-in-het-kort\">L\u00e4ssiger Schick f\u00fcr M\u00e4nner in K\u00fcrze<\/h2>\n\n\n\n<ul class=\"wp-block-list\">\n<li>Halten Sie Ihre Accessoires dezent, ein G\u00fcrtel und eine Uhr reichen aus<\/li>\n\n\n\n<li>Vermeiden Sie Kleidung mit Ausfransungen, verblassten Flecken oder Schrammen<\/li>\n\n\n\n<li>Tragen Sie immer saubere Schuhe<\/li>\n\n\n\n<li>Entscheiden Sie sich f\u00fcr helle, luftige Materialien<\/li>\n\n\n\n<li>Hosen sind immer die richtige Wahl<\/li>\n<\/ul>\n\n\n\r\n<div class=\"eye-block empty-space empty-space--medium pt-md-4 pb-md-4 pt-3 pb-3\" ><\/div>\n\n\n<div class=\"ghostkit-grid ghostkit-grid-gap-md ghostkit-grid-align-items-center\"><div class=\"ghostkit-grid-inner\">\n<div class=\"ghostkit-col ghostkit-col-md-12 ghostkit-col-6\"><div class=\"ghostkit-col-content is-layout-flow wp-block-ghostkit-grid-column-is-layout-flow\">\n<h2 class=\"wp-block-heading\" id=\"perfect dames\">L\u00e4ssiger Schick &#8211; Do&#8217;s and Don&#8217;ts<\/h2>\n\n\n\n<p>Um es Ihnen wirklich leicht zu machen, haben wir die wichtigsten Do&#8217;s &amp; Don&#8217;ts f\u00fcr Sie aufgelistet. N\u00fctzlich, wenn Sie Ihr Casual Chic-Outfit perfekt zusammenstellen wollen! <\/p>\n\n\n\n<p><strong>Do&#8217;s<\/strong><\/p>\n\n\n\n<p>Damit werden Sie immer Recht haben:<\/p>\n\n\n\n<ul class=\"wp-block-list\">\n<li>Entscheiden Sie sich f\u00fcr sch\u00f6ne, hochwertige Stoffe und gut gepflegte Accessoires<\/li>\n\n\n\n<li>Stimmen Sie Ihr Outfit auf die Jahreszeit und den Ort der Hochzeit ab<\/li>\n\n\n\n<li>Sorgen Sie daf\u00fcr, dass Ihr Look immer ordentlich und aufger\u00e4umt ist<\/li>\n\n\n\n<li>Kombinieren Sie ruhig verschiedene Texturen, Farben und Muster, die Ihrem Outfit einen einzigartigen Casual Chic Look verleihen k\u00f6nnen.<\/li>\n<\/ul>\n\n\n\n<p><strong>Tadeln<\/strong><\/p>\n\n\n\n<p>Dies ist am besten zu vermeiden:<\/p>\n\n\n\n<ul class=\"wp-block-list\">\n<li>Kleidungsst\u00fccke mit Ausfransungen, blassen Flecken oder Schrammen<\/li>\n\n\n\n<li>Zu legere Kleidungsst\u00fccke, wie Jeans<\/li>\n\n\n\n<li>Zu viele Accessoires, halten Sie es dezent und ausgewogen<\/li>\n<\/ul>\n<\/div><\/div>\n\n\n\n<div class=\"ghostkit-col ghostkit-col-md-12 ghostkit-col-6\"><div class=\"ghostkit-col-content is-layout-flow wp-block-ghostkit-grid-column-is-layout-flow\">\n<figure class=\"wp-block-image size-large\"><img decoding=\"async\" width=\"724\" height=\"1024\" src=\"https:\/\/www.koonings.com\/wp-content\/uploads\/2024\/08\/koonings-avondmode-cocktailkleding-galakleding-sonia-pena-1230069-b-1-724x1024.jpg\" alt=\"Koonings Abendmode Cocktailkleid Gala Kleid Sonia Pe&#xF1;a 1230069\" class=\"wp-image-17147\" style=\"aspect-ratio:3\/4;object-fit:cover\" srcset=\"https:\/\/www.koonings.com\/wp-content\/uploads\/2024\/08\/koonings-avondmode-cocktailkleding-galakleding-sonia-pena-1230069-b-1-724x1024.jpg 724w, https:\/\/www.koonings.com\/wp-content\/uploads\/2024\/08\/koonings-avondmode-cocktailkleding-galakleding-sonia-pena-1230069-b-1-212x300.jpg 212w, https:\/\/www.koonings.com\/wp-content\/uploads\/2024\/08\/koonings-avondmode-cocktailkleding-galakleding-sonia-pena-1230069-b-1-768x1086.jpg 768w, https:\/\/www.koonings.com\/wp-content\/uploads\/2024\/08\/koonings-avondmode-cocktailkleding-galakleding-sonia-pena-1230069-b-1-1086x1536.jpg 1086w, https:\/\/www.koonings.com\/wp-content\/uploads\/2024\/08\/koonings-avondmode-cocktailkleding-galakleding-sonia-pena-1230069-b-1-1448x2048.jpg 1448w, https:\/\/www.koonings.com\/wp-content\/uploads\/2024\/08\/koonings-avondmode-cocktailkleding-galakleding-sonia-pena-1230069-b-1-scaled.jpg 1810w\" sizes=\"(max-width: 724px) 100vw, 724px\" \/><\/figure>\n<\/div><\/div>\n<\/div><\/div>\n\n\n\r\n<div class=\"eye-block empty-space empty-space--medium pt-md-4 pb-md-4 pt-3 pb-3\" ><\/div>\n\n\n<h2 class=\"wp-block-heading\" id=\"do's\">Unterschied zwischen Casual Chic und Sommer-Chic<\/h2>\n\n\n\n<p>Neben dem Casual Chic werden Sie auch regelm\u00e4\u00dfig auf <a href=\"https:\/\/www.koonings.com\/de\/kleiderordnung-sommer-chic\/\"><strong>Sommer-Chic<\/strong><\/a> als Kleiderordnung. Obwohl beide Stile etwas informeller sind als traditionelle Kleiderordnungen, gibt es einen deutlichen Unterschied zwischen ihnen. <\/p>\n\n\n\n<p>Beim Summer Chic geht es um einen frischen, sonnigen Look mit leichten Stoffen, fr\u00f6hlichen (Pastell-)Farben und subtilen, schicken Details.<\/p>\n\n\n\n<p>Der Casual Chic hingegen legt mehr Wert auf einen gepflegten Look, der sich bequem anf\u00fchlt und weniger saisonal ist. So hat jeder Dresscode seine eigene Ausstrahlung und Sie wissen genau, in welche Richtung Sie mit Ihrem Outfit gehen m\u00fcssen. <\/p>\n\n\n\r\n<div class=\"eye-block empty-space empty-space--medium pt-md-4 pb-md-4 pt-3 pb-3\" ><\/div>\n\n\r\n<div id=\"andere-kleiderordnungen-section\" class=\"eye-block menu-section\" title=\"andere-kleiderordnungen\" data-section-name=\"Andere Kleiderordnungen\"><\/div>\r\n\n\n\n<h2 class=\"wp-block-heading\" id=\"andere\"><strong>Andere Kleiderordnungen<\/strong><\/h2>\n\n\n\n<p>Haben Sie bald eine Hochzeit mit einer anderen Kleiderordnung? Wenn ja, dann lesen Sie die Richtlinien f\u00fcr diese beliebten <a href=\"https:\/\/www.koonings.com\/de\/inspiration\/kleiderordnung-fuer-hochzeiten\/\"><strong>Hochzeitskleidercodes<\/strong><\/a>: <\/p>\n\n\n\n<p><a href=\"https:\/\/www.koonings.com\/de\/inspiration\/kleiderordnung-winter-chic\/\"><strong>Winter chic<\/strong><\/a><\/p>\n\n\n\n<p><strong><a href=\"https:\/\/www.koonings.com\/de\/inspiration\/kleiderordnung-cocktail\/\">Cocktail<\/a><\/strong><\/p>\n\n\n\n<p><strong><a href=\"https:\/\/www.koonings.com\/de\/inspiration\/kleiderordnung-tenue-de-ville\/\">Tenue de ville<\/a><\/strong><\/p>\n\n\n\n<p><strong><a href=\"https:\/\/www.koonings.com\/de\/inspiration\/kleiderordnung-laessig-schick\/\">L\u00e4ssiger Schick<\/a><\/strong><\/p>\n\n\n\n<p><strong><a href=\"https:\/\/www.koonings.com\/de\/inspiration\/kleiderordnung-boehmisch\/\">Bohemian<\/a><\/strong><\/p>\n\n\n\n<p><strong><a href=\"https:\/\/www.koonings.com\/de\/inspiration\/dresscode-schwarze-krawatte\/\">Schwarze Krawatte<\/a><\/strong><\/p>\n\n\n\n<p><strong><a href=\"https:\/\/www.koonings.com\/de\/inspiration\/kleiderordnung-smart-casual\/\">L\u00e4ssig elegant<\/a><\/strong><\/p>\n\n\n\n<p><strong><a href=\"https:\/\/www.koonings.com\/de\/inspiration\/kleiderordnung-festival-chic\/\">Festival chic<\/a><\/strong><\/p>\n\n<\/div>\r\n            <\/div>\r\n        <\/div>\r\n    <\/div>\r\n\r\n<\/div>\r\n\r\n    ","protected":false},"excerpt":{"rendered":"","protected":false},"author":1,"featured_media":0,"parent":16091,"menu_order":0,"comment_status":"closed","ping_status":"closed","template":"","meta":{"_acf_changed":false,"ghostkit_customizer_options":"","ghostkit_custom_css":"","ghostkit_custom_js_head":"","ghostkit_custom_js_foot":"","ghostkit_typography":"","footnotes":""},"class_list":["post-17297","page","type-page","status-publish","hentry"],"acf":[],"yoast_head":"<!-- This site is optimized with the Yoast SEO plugin v27.3 - https:\/\/yoast.com\/product\/yoast-seo-wordpress\/ -->\n<title>Entdecken Sie die l\u00e4ssig-schicke Kleiderordnung f\u00fcr Hochzeiten<\/title>\n<meta name=\"description\" content=\"Wenn es um die Kleiderordnung geht, steht legerer Chic ganz oben auf der Liste. Es ist die goldene Mitte zwischen Eleganz und Komfort. Finden Sie hier heraus, was diese Kleiderordnung beinhaltet!\" \/>\n<meta name=\"robots\" content=\"index, follow, max-snippet:-1, max-image-preview:large, max-video-preview:-1\" \/>\n<link rel=\"canonical\" href=\"https:\/\/www.koonings.com\/de\/inspiration\/kleiderordnung-laessig-schick\/\" \/>\n<meta property=\"og:locale\" content=\"de_DE\" \/>\n<meta property=\"og:type\" content=\"article\" \/>\n<meta property=\"og:title\" content=\"Entdecken Sie die l\u00e4ssig-schicke Kleiderordnung f\u00fcr Hochzeiten\" \/>\n<meta property=\"og:description\" content=\"Wenn es um die Kleiderordnung geht, steht legerer Chic ganz oben auf der Liste. Es ist die goldene Mitte zwischen Eleganz und Komfort. Finden Sie hier heraus, was diese Kleiderordnung beinhaltet!\" \/>\n<meta property=\"og:url\" content=\"https:\/\/www.koonings.com\/de\/inspiration\/kleiderordnung-laessig-schick\/\" \/>\n<meta property=\"og:site_name\" content=\"Koonings\" \/>\n<meta property=\"article:publisher\" content=\"https:\/\/www.facebook.com\/kooningstheweddingpalace\" \/>\n<meta property=\"article:modified_time\" content=\"2025-11-24T16:04:16+00:00\" \/>\n<meta property=\"og:image\" content=\"https:\/\/www.koonings.com\/wp-content\/uploads\/2024\/08\/koonings-avondmode-cocktailkleding-galakleding-sonia-pena-1230074-b-1-scaled.jpg\" \/>\n\t<meta property=\"og:image:width\" content=\"1808\" \/>\n\t<meta property=\"og:image:height\" content=\"2560\" \/>\n\t<meta property=\"og:image:type\" content=\"image\/jpeg\" \/>\n<meta name=\"twitter:card\" content=\"summary_large_image\" \/>\n<meta name=\"twitter:label1\" content=\"Gesch\u00e4tzte Lesezeit\" \/>\n\t<meta name=\"twitter:data1\" content=\"5\u00a0Minuten\" \/>\n<script type=\"application\/ld+json\" class=\"yoast-schema-graph\">{\"@context\":\"https:\\\/\\\/schema.org\",\"@graph\":[{\"@type\":\"WebPage\",\"@id\":\"https:\\\/\\\/www.koonings.com\\\/de\\\/inspiration\\\/kleiderordnung-laessig-schick\\\/\",\"url\":\"https:\\\/\\\/www.koonings.com\\\/de\\\/inspiration\\\/kleiderordnung-laessig-schick\\\/\",\"name\":\"Entdecken Sie die l\u00e4ssig-schicke Kleiderordnung f\u00fcr Hochzeiten\",\"isPartOf\":{\"@id\":\"https:\\\/\\\/www.koonings.com\\\/de\\\/#website\"},\"primaryImageOfPage\":{\"@id\":\"https:\\\/\\\/www.koonings.com\\\/de\\\/inspiration\\\/kleiderordnung-laessig-schick\\\/#primaryimage\"},\"image\":{\"@id\":\"https:\\\/\\\/www.koonings.com\\\/de\\\/inspiration\\\/kleiderordnung-laessig-schick\\\/#primaryimage\"},\"thumbnailUrl\":\"https:\\\/\\\/www.koonings.com\\\/wp-content\\\/uploads\\\/2024\\\/08\\\/koonings-avondmode-cocktailkleding-galakleding-sonia-pena-1230074-b-1-723x1024.jpg\",\"datePublished\":\"2024-08-12T12:21:45+00:00\",\"dateModified\":\"2025-11-24T16:04:16+00:00\",\"description\":\"Wenn es um die Kleiderordnung geht, steht legerer Chic ganz oben auf der Liste. Es ist die goldene Mitte zwischen Eleganz und Komfort. Finden Sie hier heraus, was diese Kleiderordnung beinhaltet!\",\"breadcrumb\":{\"@id\":\"https:\\\/\\\/www.koonings.com\\\/de\\\/inspiration\\\/kleiderordnung-laessig-schick\\\/#breadcrumb\"},\"inLanguage\":\"de\",\"potentialAction\":[{\"@type\":\"ReadAction\",\"target\":[\"https:\\\/\\\/www.koonings.com\\\/de\\\/inspiration\\\/kleiderordnung-laessig-schick\\\/\"]}]},{\"@type\":\"ImageObject\",\"inLanguage\":\"de\",\"@id\":\"https:\\\/\\\/www.koonings.com\\\/de\\\/inspiration\\\/kleiderordnung-laessig-schick\\\/#primaryimage\",\"url\":\"https:\\\/\\\/www.koonings.com\\\/wp-content\\\/uploads\\\/2024\\\/08\\\/koonings-avondmode-cocktailkleding-galakleding-sonia-pena-1230074-b-1-723x1024.jpg\",\"contentUrl\":\"https:\\\/\\\/www.koonings.com\\\/wp-content\\\/uploads\\\/2024\\\/08\\\/koonings-avondmode-cocktailkleding-galakleding-sonia-pena-1230074-b-1-723x1024.jpg\"},{\"@type\":\"BreadcrumbList\",\"@id\":\"https:\\\/\\\/www.koonings.com\\\/de\\\/inspiration\\\/kleiderordnung-laessig-schick\\\/#breadcrumb\",\"itemListElement\":[{\"@type\":\"ListItem\",\"position\":1,\"name\":\"Home\",\"item\":\"https:\\\/\\\/www.koonings.com\\\/de\\\/\"},{\"@type\":\"ListItem\",\"position\":2,\"name\":\"Inspiration\",\"item\":\"https:\\\/\\\/www.koonings.com\\\/de\\\/inspiration\\\/\"},{\"@type\":\"ListItem\",\"position\":3,\"name\":\"Kleiderordnung l\u00e4ssig schick\"}]},{\"@type\":\"WebSite\",\"@id\":\"https:\\\/\\\/www.koonings.com\\\/de\\\/#website\",\"url\":\"https:\\\/\\\/www.koonings.com\\\/de\\\/\",\"name\":\"Koonings\",\"description\":\"De grootste bruidsmodewinkel ter wereld\",\"publisher\":{\"@id\":\"https:\\\/\\\/www.koonings.com\\\/de\\\/#organization\"},\"potentialAction\":[{\"@type\":\"SearchAction\",\"target\":{\"@type\":\"EntryPoint\",\"urlTemplate\":\"https:\\\/\\\/www.koonings.com\\\/de\\\/?s={search_term_string}\"},\"query-input\":{\"@type\":\"PropertyValueSpecification\",\"valueRequired\":true,\"valueName\":\"search_term_string\"}}],\"inLanguage\":\"de\"},{\"@type\":\"Organization\",\"@id\":\"https:\\\/\\\/www.koonings.com\\\/de\\\/#organization\",\"name\":\"Koonings\",\"url\":\"https:\\\/\\\/www.koonings.com\\\/de\\\/\",\"logo\":{\"@type\":\"ImageObject\",\"inLanguage\":\"de\",\"@id\":\"https:\\\/\\\/www.koonings.com\\\/de\\\/#\\\/schema\\\/logo\\\/image\\\/\",\"url\":\"https:\\\/\\\/www.koonings.com\\\/wp-content\\\/uploads\\\/2024\\\/07\\\/logo.png\",\"contentUrl\":\"https:\\\/\\\/www.koonings.com\\\/wp-content\\\/uploads\\\/2024\\\/07\\\/logo.png\",\"width\":600,\"height\":428,\"caption\":\"Koonings\"},\"image\":{\"@id\":\"https:\\\/\\\/www.koonings.com\\\/de\\\/#\\\/schema\\\/logo\\\/image\\\/\"},\"sameAs\":[\"https:\\\/\\\/www.facebook.com\\\/kooningstheweddingpalace\",\"https:\\\/\\\/www.instagram.com\\\/kooningstheweddingpalace\",\"https:\\\/\\\/www.pinterest.com\\\/koonings\",\"https:\\\/\\\/www.youtube.com\\\/kooningstheweddingpalace\"]}]}<\/script>\n<!-- \/ Yoast SEO plugin. -->","yoast_head_json":{"title":"Entdecken Sie die l\u00e4ssig-schicke Kleiderordnung f\u00fcr Hochzeiten","description":"Wenn es um die Kleiderordnung geht, steht legerer Chic ganz oben auf der Liste. Es ist die goldene Mitte zwischen Eleganz und Komfort. Finden Sie hier heraus, was diese Kleiderordnung beinhaltet!","robots":{"index":"index","follow":"follow","max-snippet":"max-snippet:-1","max-image-preview":"max-image-preview:large","max-video-preview":"max-video-preview:-1"},"canonical":"https:\/\/www.koonings.com\/de\/inspiration\/kleiderordnung-laessig-schick\/","og_locale":"de_DE","og_type":"article","og_title":"Entdecken Sie die l\u00e4ssig-schicke Kleiderordnung f\u00fcr Hochzeiten","og_description":"Wenn es um die Kleiderordnung geht, steht legerer Chic ganz oben auf der Liste. Es ist die goldene Mitte zwischen Eleganz und Komfort. Finden Sie hier heraus, was diese Kleiderordnung beinhaltet!","og_url":"https:\/\/www.koonings.com\/de\/inspiration\/kleiderordnung-laessig-schick\/","og_site_name":"Koonings","article_publisher":"https:\/\/www.facebook.com\/kooningstheweddingpalace","article_modified_time":"2025-11-24T16:04:16+00:00","og_image":[{"width":1808,"height":2560,"url":"https:\/\/www.koonings.com\/wp-content\/uploads\/2024\/08\/koonings-avondmode-cocktailkleding-galakleding-sonia-pena-1230074-b-1-scaled.jpg","type":"image\/jpeg"}],"twitter_card":"summary_large_image","twitter_misc":{"Gesch\u00e4tzte Lesezeit":"5\u00a0Minuten"},"schema":{"@context":"https:\/\/schema.org","@graph":[{"@type":"WebPage","@id":"https:\/\/www.koonings.com\/de\/inspiration\/kleiderordnung-laessig-schick\/","url":"https:\/\/www.koonings.com\/de\/inspiration\/kleiderordnung-laessig-schick\/","name":"Entdecken Sie die l\u00e4ssig-schicke Kleiderordnung f\u00fcr Hochzeiten","isPartOf":{"@id":"https:\/\/www.koonings.com\/de\/#website"},"primaryImageOfPage":{"@id":"https:\/\/www.koonings.com\/de\/inspiration\/kleiderordnung-laessig-schick\/#primaryimage"},"image":{"@id":"https:\/\/www.koonings.com\/de\/inspiration\/kleiderordnung-laessig-schick\/#primaryimage"},"thumbnailUrl":"https:\/\/www.koonings.com\/wp-content\/uploads\/2024\/08\/koonings-avondmode-cocktailkleding-galakleding-sonia-pena-1230074-b-1-723x1024.jpg","datePublished":"2024-08-12T12:21:45+00:00","dateModified":"2025-11-24T16:04:16+00:00","description":"Wenn es um die Kleiderordnung geht, steht legerer Chic ganz oben auf der Liste. Es ist die goldene Mitte zwischen Eleganz und Komfort. Finden Sie hier heraus, was diese Kleiderordnung beinhaltet!","breadcrumb":{"@id":"https:\/\/www.koonings.com\/de\/inspiration\/kleiderordnung-laessig-schick\/#breadcrumb"},"inLanguage":"de","potentialAction":[{"@type":"ReadAction","target":["https:\/\/www.koonings.com\/de\/inspiration\/kleiderordnung-laessig-schick\/"]}]},{"@type":"ImageObject","inLanguage":"de","@id":"https:\/\/www.koonings.com\/de\/inspiration\/kleiderordnung-laessig-schick\/#primaryimage","url":"https:\/\/www.koonings.com\/wp-content\/uploads\/2024\/08\/koonings-avondmode-cocktailkleding-galakleding-sonia-pena-1230074-b-1-723x1024.jpg","contentUrl":"https:\/\/www.koonings.com\/wp-content\/uploads\/2024\/08\/koonings-avondmode-cocktailkleding-galakleding-sonia-pena-1230074-b-1-723x1024.jpg"},{"@type":"BreadcrumbList","@id":"https:\/\/www.koonings.com\/de\/inspiration\/kleiderordnung-laessig-schick\/#breadcrumb","itemListElement":[{"@type":"ListItem","position":1,"name":"Home","item":"https:\/\/www.koonings.com\/de\/"},{"@type":"ListItem","position":2,"name":"Inspiration","item":"https:\/\/www.koonings.com\/de\/inspiration\/"},{"@type":"ListItem","position":3,"name":"Kleiderordnung l\u00e4ssig schick"}]},{"@type":"WebSite","@id":"https:\/\/www.koonings.com\/de\/#website","url":"https:\/\/www.koonings.com\/de\/","name":"Koonings","description":"De grootste bruidsmodewinkel ter wereld","publisher":{"@id":"https:\/\/www.koonings.com\/de\/#organization"},"potentialAction":[{"@type":"SearchAction","target":{"@type":"EntryPoint","urlTemplate":"https:\/\/www.koonings.com\/de\/?s={search_term_string}"},"query-input":{"@type":"PropertyValueSpecification","valueRequired":true,"valueName":"search_term_string"}}],"inLanguage":"de"},{"@type":"Organization","@id":"https:\/\/www.koonings.com\/de\/#organization","name":"Koonings","url":"https:\/\/www.koonings.com\/de\/","logo":{"@type":"ImageObject","inLanguage":"de","@id":"https:\/\/www.koonings.com\/de\/#\/schema\/logo\/image\/","url":"https:\/\/www.koonings.com\/wp-content\/uploads\/2024\/07\/logo.png","contentUrl":"https:\/\/www.koonings.com\/wp-content\/uploads\/2024\/07\/logo.png","width":600,"height":428,"caption":"Koonings"},"image":{"@id":"https:\/\/www.koonings.com\/de\/#\/schema\/logo\/image\/"},"sameAs":["https:\/\/www.facebook.com\/kooningstheweddingpalace","https:\/\/www.instagram.com\/kooningstheweddingpalace","https:\/\/www.pinterest.com\/koonings","https:\/\/www.youtube.com\/kooningstheweddingpalace"]}]}},"_links":{"self":[{"href":"https:\/\/www.koonings.com\/de\/wp-json\/wp\/v2\/pages\/17297","targetHints":{"allow":["GET"]}}],"collection":[{"href":"https:\/\/www.koonings.com\/de\/wp-json\/wp\/v2\/pages"}],"about":[{"href":"https:\/\/www.koonings.com\/de\/wp-json\/wp\/v2\/types\/page"}],"author":[{"embeddable":true,"href":"https:\/\/www.koonings.com\/de\/wp-json\/wp\/v2\/users\/1"}],"replies":[{"embeddable":true,"href":"https:\/\/www.koonings.com\/de\/wp-json\/wp\/v2\/comments?post=17297"}],"version-history":[{"count":3,"href":"https:\/\/www.koonings.com\/de\/wp-json\/wp\/v2\/pages\/17297\/revisions"}],"predecessor-version":[{"id":105362,"href":"https:\/\/www.koonings.com\/de\/wp-json\/wp\/v2\/pages\/17297\/revisions\/105362"}],"up":[{"embeddable":true,"href":"https:\/\/www.koonings.com\/de\/wp-json\/wp\/v2\/pages\/16091"}],"wp:attachment":[{"href":"https:\/\/www.koonings.com\/de\/wp-json\/wp\/v2\/media?parent=17297"}],"curies":[{"name":"wp","href":"https:\/\/api.w.org\/{rel}","templated":true}]}}