{"id":17076,"date":"2024-08-07T21:18:29","date_gmt":"2024-08-07T19:18:29","guid":{"rendered":"https:\/\/www.koonings.com\/inspiration\/ihr-friseur-in-deurne\/"},"modified":"2025-09-29T12:23:23","modified_gmt":"2025-09-29T10:23:23","slug":"ihr-friseur-in-deurne","status":"publish","type":"page","link":"https:\/\/www.koonings.com\/de\/inspiration\/ihr-friseur-in-deurne\/","title":{"rendered":"Ihr Friseur in Deurne"},"content":{"rendered":"\r\n\r\n<div class=\"eye-element fullwidth-row alignfull style-both bg--none  alignfull \" style=\" \">\r\n\r\n    <div class=\"container\">\r\n        <div class=\"row\">\r\n            <div class=\"col-12\">\r\n                <div class=\"acf-innerblocks-container\">\n\n<h1 class=\"wp-block-heading has-text-align-center\" id=\"welke-bruiloft-kleding-draag-je-als-gast\"><br\/>Koonings Hair &amp; Beauty: der erfahrene Friseur in Deurne <\/h1>\n\n\n\n<p class=\"has-text-align-center\">Sie suchen einen Friseur in Deurne, der mehr bietet als nur einen Haarschnitt? Dann suchen Sie nicht weiter! Bei uns geht es um mehr als nur um Haare. Hier dreht sich alles um Sie. Ein Besuch in unserem Salon ist nicht nur ein Termin, sondern ein Verw\u00f6hnmoment f\u00fcr Sie selbst.    <\/p>\n\n\n\r\n<div class=\"eye-element bsbutton text-center \" >\r\n\t        <a class=\"btn btn-gold\" href=\"https:\/\/www.koonings.com\/deurne\/beauty\/maak-online-jouw-afspraak\/\"\r\n           target=\"\">Vereinbare jetzt deinen Termin<\/a>\r\n\t<\/div>\n<\/div>\r\n            <\/div>\r\n        <\/div>\r\n    <\/div>\r\n\r\n<\/div>\r\n\r\n    \r\n\r\n<div class=\"eye-element fullwidth-row alignfull style-both bg--none  alignfull \" style=\" \">\r\n\r\n    <div class=\"container\">\r\n        <div class=\"row\">\r\n            <div class=\"col-12\">\r\n                <div class=\"acf-innerblocks-container\">\n\n<h2 class=\"wp-block-heading has-text-align-center\" id=\"van-klassiek-tot-hedendaags-een-overvloed-aan-stijlen\">Der Erlebnisfriseur von Deurne<\/h2>\n\n\n\n<p class=\"has-text-align-center\">Bei uns glauben wir, dass ein Friseurbesuch ein echtes Erlebnis sein sollte. Es ist ein Moment, um der t\u00e4glichen Hektik zu entfliehen und sich zu entspannen. Unser Friseursalon in Deurne ist mehr als nur ein Ort, an dem Sie sich die Haare stylen lassen k\u00f6nnen; es ist ein Ort, an dem Sie sich verw\u00f6hnen lassen k\u00f6nnen. Wir haben speziell f\u00fcr Sie einen Ort geschaffen, an dem Sie sich entspannen und genie\u00dfen k\u00f6nnen.   <\/p>\n\n<\/div>\r\n            <\/div>\r\n        <\/div>\r\n    <\/div>\r\n\r\n<\/div>\r\n\r\n    \r\n\r\n<div class=\"eye-element fullwidth-row alignfull style-both bg--none  alignfull \" style=\" \">\r\n\r\n    <div class=\"container\">\r\n        <div class=\"row\">\r\n            <div class=\"col-12\">\r\n                <div class=\"acf-innerblocks-container\">\n\n<div class=\"ghostkit-grid ghostkit-grid-gap-md ghostkit-grid-align-items-center\"><div class=\"ghostkit-grid-inner\">\n<div class=\"ghostkit-col ghostkit-col-md-12 ghostkit-col-6\"><div class=\"ghostkit-col-content is-layout-flow wp-block-ghostkit-grid-column-is-layout-flow\">\n<h2 class=\"wp-block-heading\" id=\"trouwkostuums-van-topmerken\">Friseur mit ultimativem Verw\u00f6hnprogramm<\/h2>\n\n\n\n<p>Wer m\u00f6chte sich beim Friseur nicht einmal richtig verw\u00f6hnen lassen? In Deurne finden Sie den echten Erlebnisfriseur! Unser Salon verf\u00fcgt nicht nur \u00fcber fachkundige Stylisten, sondern auch \u00fcber eine Bar, in der Sie ein erfrischendes Getr\u00e4nk genie\u00dfen k\u00f6nnen, w\u00e4hrend Sie sich verw\u00f6hnen lassen. Ob Sie nun Lust auf einen Cappuccino oder ein Glas Sekt haben, unsere Bar bietet eine Reihe von k\u00f6stlichen Optionen, um Ihren Besuch noch sch\u00f6ner zu machen.   <\/p>\n\n\n\n<p>Suchen Sie mehr als nur einen Friseur? In Deurne finden Sie Ihren Erlebnis-Salon. Nicht nur Schneiden und F\u00e4rben, sondern auch Haar- und Make-up-Styling, Pedik\u00fcre, Sch\u00f6nheitsbehandlungen und ultimative Verw\u00f6hnung!  <\/p>\n\n\n\r\n<div class=\"eye-element bsbutton text-start \" >\r\n\t        <a class=\"btn btn-primary\" href=\"https:\/\/www.koonings.com\/deurne\/beauty\/\"\r\n           target=\"\">Entdecken Sie Ihren Salon<\/a>\r\n\t<\/div><\/div><\/div>\n\n\n\n<div class=\"ghostkit-col ghostkit-col-md-12 ghostkit-col-6\"><div class=\"ghostkit-col-content is-layout-flow wp-block-ghostkit-grid-column-is-layout-flow\">\n<figure class=\"wp-block-image size-large\"><img decoding=\"async\" width=\"768\" height=\"1024\" src=\"https:\/\/www.koonings.com\/wp-content\/uploads\/2024\/08\/88082582_632425727490425_2731700269426409472_n-768x1024.jpg\" alt=\"Koonings Ineke's Restaurant Hoher Wein\" class=\"wp-image-14833\" style=\"aspect-ratio:3\/4;object-fit:cover\" srcset=\"https:\/\/www.koonings.com\/wp-content\/uploads\/2024\/08\/88082582_632425727490425_2731700269426409472_n-768x1024.jpg 768w, https:\/\/www.koonings.com\/wp-content\/uploads\/2024\/08\/88082582_632425727490425_2731700269426409472_n-225x300.jpg 225w, https:\/\/www.koonings.com\/wp-content\/uploads\/2024\/08\/88082582_632425727490425_2731700269426409472_n-1152x1536.jpg 1152w, https:\/\/www.koonings.com\/wp-content\/uploads\/2024\/08\/88082582_632425727490425_2731700269426409472_n.jpg 1200w\" sizes=\"(max-width: 768px) 100vw, 768px\" \/><\/figure>\n<\/div><\/div>\n<\/div><\/div>\n\n<\/div>\r\n            <\/div>\r\n        <\/div>\r\n    <\/div>\r\n\r\n<\/div>\r\n\r\n    \r\n\r\n<div class=\"eye-element fullwidth-row alignfull style-both bg--none  alignfull \" style=\" \">\r\n\r\n    <div class=\"container\">\r\n        <div class=\"row\">\r\n            <div class=\"col-12\">\r\n                <div class=\"acf-innerblocks-container\">\n\n<h2 class=\"wp-block-heading has-text-align-center\" id=\"draag\">Schneiden, F\u00e4rben, Stylen<\/h2>\n\n\n\n<p>Ob Sie f\u00fcr einen frischen Schnitt, eine trendige Farbe oder eine totale Verwandlung kommen. Bei unserem Friseur in Deurne dreht sich alles um das Haar. Bei uns dreht sich alles um die beste Pflege f\u00fcr Ihr Haar. Wir haben ein Auge auf die neuesten Trends und sorgen daf\u00fcr, dass Ihr Glam Coup perfekt zu Ihnen passt.   <\/p>\n\n\n\r\n<div class=\"eye-block empty-space empty-space--medium pt-md-4 pb-md-4 pt-3 pb-3\" ><\/div>\n\n\n<div class=\"ghostkit-grid ghostkit-grid-gap-lg ghostkit-grid-justify-content-center\"><div class=\"ghostkit-grid-inner\">\n<div class=\"ghostkit-col ghostkit-col-md-12 ghostkit-col-5\"><div class=\"ghostkit-col-content is-layout-flow wp-block-ghostkit-grid-column-is-layout-flow\">\n<figure class=\"wp-block-image size-large\"><img decoding=\"async\" width=\"768\" height=\"1024\" src=\"https:\/\/www.koonings.com\/wp-content\/uploads\/2024\/08\/krullen.jpg-768x1024.webp\" alt=\"Lockige Schnitte\" class=\"wp-image-14825\" style=\"aspect-ratio:1;object-fit:cover\" srcset=\"https:\/\/www.koonings.com\/wp-content\/uploads\/2024\/08\/krullen.jpg-768x1024.webp 768w, https:\/\/www.koonings.com\/wp-content\/uploads\/2024\/08\/krullen.jpg-225x300.webp 225w, https:\/\/www.koonings.com\/wp-content\/uploads\/2024\/08\/krullen.jpg.webp 975w\" sizes=\"(max-width: 768px) 100vw, 768px\" \/><\/figure>\n\n\n\r\n<div class=\"eye-block empty-space empty-space--small pt-md-3 pb-md-3 pt-2 pb-2\" ><\/div>\n\n\n<p class=\"has-text-align-left\"><strong>Curly Cuts<\/strong><br\/>Lockiges Haar ist wundersch\u00f6n, und Locken zu schneiden ist eine Kunst f\u00fcr sich. F\u00fcr einen guten Lockenfriseur reist man schnell ans andere Ende des Landes. Aber das ist auch in Deurne m\u00f6glich. Unsere Friseure sind wahre Lockenspezialisten, die die Geheimnisse des lockigen Haares verstehen. Ihre Locken stehen an erster Stelle!    <\/p>\n<\/div><\/div>\n\n\n\n<div class=\"ghostkit-col ghostkit-col-md-12 ghostkit-col-5\"><div class=\"ghostkit-col-content is-layout-flow wp-block-ghostkit-grid-column-is-layout-flow\">\n<figure class=\"wp-block-image size-full\"><img decoding=\"async\" width=\"800\" height=\"997\" src=\"https:\/\/www.koonings.com\/wp-content\/uploads\/2024\/08\/haartrends1.jpg-3.webp\" alt=\"Colors\" class=\"wp-image-14829\" style=\"aspect-ratio:1;object-fit:cover\" srcset=\"https:\/\/www.koonings.com\/wp-content\/uploads\/2024\/08\/haartrends1.jpg-3.webp 800w, https:\/\/www.koonings.com\/wp-content\/uploads\/2024\/08\/haartrends1.jpg-3-241x300.webp 241w, https:\/\/www.koonings.com\/wp-content\/uploads\/2024\/08\/haartrends1.jpg-3-768x957.webp 768w\" sizes=\"(max-width: 800px) 100vw, 800px\" \/><\/figure>\n\n\n\r\n<div class=\"eye-block empty-space empty-space--small pt-md-3 pb-md-3 pt-2 pb-2\" ><\/div>\n\n\n<p class=\"has-text-align-left\"><strong>Farben<\/strong><br\/>Ganz gleich, ob Sie eine dezente Ver\u00e4nderung oder einen kr\u00e4ftigen neuen Farbton w\u00fcnschen. Nach einer Auffrischung oder einer kompletten Farbbehandlung. Oder m\u00f6chten Sie Ihr Haar mit einem Sunkissed-Effekt zum Strahlen bringen? Das Glam-Team wird daf\u00fcr sorgen, dass Sie den Salon mit fabelhaftem Haar verlassen.   <\/p>\n<\/div><\/div>\n<\/div><\/div>\n\n<\/div>\r\n            <\/div>\r\n        <\/div>\r\n    <\/div>\r\n\r\n<\/div>\r\n\r\n    \r\n\r\n<div class=\"eye-element fullwidth-row alignfull style-both bg--lightgray  alignfull \" style=\" \">\r\n\r\n    <div class=\"container\">\r\n        <div class=\"row\">\r\n            <div class=\"col-12\">\r\n                <div class=\"acf-innerblocks-container\">\n\n<h2 class=\"wp-block-heading has-text-align-center\" id=\"openingstijden\">\u00d6ffnungszeiten<\/h2>\n\n\n\n<figure class=\"wp-block-table aligncenter text-table\"><table class=\"has-fixed-layout\"><tbody><tr><td class=\"has-text-align-left\" data-align=\"left\">Montag<\/td><td class=\"has-text-align-left\" data-align=\"left\">*NEU* ab 06.10: ge\u00f6ffnet in ungeraden Wochen 9:30 &#8211; 17:00<\/td><\/tr><tr><td class=\"has-text-align-left\" data-align=\"left\">Dienstag<\/td><td class=\"has-text-align-left\" data-align=\"left\">Geschlossen<\/td><\/tr><tr><td class=\"has-text-align-left\" data-align=\"left\">Mittwoch<\/td><td class=\"has-text-align-left\" data-align=\"left\">09:00 &#8211; 17:00<\/td><\/tr><tr><td class=\"has-text-align-left\" data-align=\"left\">Donnerstag<\/td><td class=\"has-text-align-left\" data-align=\"left\">11:00 &#8211; 20:00<\/td><\/tr><tr><td class=\"has-text-align-left\" data-align=\"left\">Freitag<\/td><td class=\"has-text-align-left\" data-align=\"left\">09:00 &#8211; 17:00<\/td><\/tr><tr><td class=\"has-text-align-left\" data-align=\"left\">Samstag<\/td><td class=\"has-text-align-left\" data-align=\"left\">09:00 &#8211; 17:00<\/td><\/tr><tr><td class=\"has-text-align-left\" data-align=\"left\">Sonntag<\/td><td class=\"has-text-align-left\" data-align=\"left\">Geschlossen<\/td><\/tr><\/tbody><\/table><\/figure>\n\n\n\r\n<div class=\"eye-block empty-space empty-space--small pt-md-3 pb-md-3 pt-2 pb-2\" ><\/div>\n\n\n<p class=\"has-text-align-center\">Wir wissen, dass Ihre Zeit wertvoll ist. Sie kommen nicht ohne Grund zu einem Friseur in Deurne in Ihrer N\u00e4he. Ganz gleich, ob Sie einen morgendlichen oder abendlichen Besuch bevorzugen, wir wollen Ihr Erlebnisfriseur sein, ganz wie Sie es w\u00fcnschen.  <\/p>\n\n<\/div>\r\n            <\/div>\r\n        <\/div>\r\n    <\/div>\r\n\r\n<\/div>\r\n\r\n    \r\n\r\n<div class=\"eye-element fullwidth-row alignfull style-both bg--none  alignfull \" style=\" \">\r\n\r\n    <div class=\"container\">\r\n        <div class=\"row\">\r\n            <div class=\"col-12\">\r\n                <div class=\"acf-innerblocks-container\">\n\n<div class=\"ghostkit-grid ghostkit-grid-gap-md ghostkit-grid-align-items-center\"><div class=\"ghostkit-grid-inner\">\n<div class=\"ghostkit-col ghostkit-col-md-12 ghostkit-col-6\"><div class=\"ghostkit-col-content is-layout-flow wp-block-ghostkit-grid-column-is-layout-flow\">\n<h2 class=\"wp-block-heading has-text-align-left\" id=\"the-perfect-match\">Treffen Sie Ihren Friseur in Deurne<\/h2>\n\n\n\n<p>Unser Glam-Team ist bereit, Sie zum Strahlen zu bringen. M\u00f6chten Sie wissen, wer Ihnen jeden Tag in den Mauern des Palastes in Deurne helfen m\u00f6chte? Unsere Friseure stellen sich vor!  <\/p>\n\n\n\r\n<div class=\"eye-element bsbutton text-start \" >\r\n\t        <a class=\"btn btn-outline-secondary\" href=\"https:\/\/www.koonings.com\/deurne\/beauty\/team\/\"\r\n           target=\"\">Treffen Sie das Team<\/a>\r\n\t<\/div><\/div><\/div>\n\n\n\n<div class=\"ghostkit-col ghostkit-col-md-12 ghostkit-col-6\"><div class=\"ghostkit-col-content is-layout-flow wp-block-ghostkit-grid-column-is-layout-flow\">\n<figure class=\"wp-block-image size-full\"><img decoding=\"async\" width=\"526\" height=\"520\" src=\"https:\/\/www.koonings.com\/wp-content\/uploads\/2024\/08\/Screenshot-2024-08-07-at-21.51.42.png\" alt=\"Sch&#xF6;nheitsteam\" class=\"wp-image-14821\" style=\"aspect-ratio:1;object-fit:cover\" srcset=\"https:\/\/www.koonings.com\/wp-content\/uploads\/2024\/08\/Screenshot-2024-08-07-at-21.51.42.png 526w, https:\/\/www.koonings.com\/wp-content\/uploads\/2024\/08\/Screenshot-2024-08-07-at-21.51.42-300x297.png 300w\" sizes=\"(max-width: 526px) 100vw, 526px\" \/><\/figure>\n<\/div><\/div>\n<\/div><\/div>\n\n\n\r\n<div class=\"eye-block empty-space empty-space--large pt-md-5 pb-md-5 pt-4 pb-4\" ><\/div>\n\n\n<h2 class=\"wp-block-heading has-text-align-center\" id=\"jouw-best-man-een-eervolle-rol-een-stijlvol-kostuum\"><strong>Vereinbaren Sie einen Termin und verwandeln Sie Ihr Haar<\/strong><\/h2>\n\n\n\n<p class=\"has-text-align-center\">Willkommen bei Ihrem Friseur in Deurne, wo Stil, Service und Erfahrung zusammenkommen. Wir sind hier, um Sie zum Strahlen zu bringen. Vereinbaren Sie noch heute einen Termin und entdecken Sie die Magie unserer umfassenden Haarpflege. Sie haben es sich verdient!   <\/p>\n\n\n\n<div class=\"wp-block-group is-content-justification-center is-layout-flex wp-container-core-group-is-layout-64b26803 wp-block-group-is-layout-flex\">\r\n<div class=\"eye-element bsbutton text-start \" >\r\n\t        <a class=\"btn btn-gold\" href=\"https:\/\/www.koonings.com\/deurne\/beauty\/maak-online-jouw-afspraak\/\"\r\n           target=\"\">Vereinbare jetzt deinen Termin<\/a>\r\n\t<\/div><\/div>\n\n<\/div>\r\n            <\/div>\r\n        <\/div>\r\n    <\/div>\r\n\r\n<\/div>\r\n\r\n    ","protected":false},"excerpt":{"rendered":"","protected":false},"author":1,"featured_media":0,"parent":16091,"menu_order":0,"comment_status":"closed","ping_status":"closed","template":"","meta":{"_acf_changed":false,"ghostkit_customizer_options":"","ghostkit_custom_css":"","ghostkit_custom_js_head":"","ghostkit_custom_js_foot":"","ghostkit_typography":"","footnotes":""},"class_list":["post-17076","page","type-page","status-publish","hentry"],"acf":[],"yoast_head":"<!-- This site is optimized with the Yoast SEO plugin v27.3 - https:\/\/yoast.com\/product\/yoast-seo-wordpress\/ -->\n<title>Friseur in Deurne | Koonings<\/title>\n<meta name=\"description\" content=\"Sie suchen einen Friseur in Deurne, der mehr bietet als nur einen Haarschnitt? Suchen Sie nicht weiter. Buchen Sie jetzt Ihren Verw\u00f6hnmoment beim Erlebnisfriseur in Deurne!\" \/>\n<meta name=\"robots\" content=\"index, follow, max-snippet:-1, max-image-preview:large, max-video-preview:-1\" \/>\n<link rel=\"canonical\" href=\"https:\/\/www.koonings.com\/de\/inspiration\/ihr-friseur-in-deurne\/\" \/>\n<meta property=\"og:locale\" content=\"de_DE\" \/>\n<meta property=\"og:type\" content=\"article\" \/>\n<meta property=\"og:title\" content=\"Friseur in Deurne | Koonings\" \/>\n<meta property=\"og:description\" content=\"Sie suchen einen Friseur in Deurne, der mehr bietet als nur einen Haarschnitt? Suchen Sie nicht weiter. Buchen Sie jetzt Ihren Verw\u00f6hnmoment beim Erlebnisfriseur in Deurne!\" \/>\n<meta property=\"og:url\" content=\"https:\/\/www.koonings.com\/de\/inspiration\/ihr-friseur-in-deurne\/\" \/>\n<meta property=\"og:site_name\" content=\"Koonings\" \/>\n<meta property=\"article:publisher\" content=\"https:\/\/www.facebook.com\/kooningstheweddingpalace\" \/>\n<meta property=\"article:modified_time\" content=\"2025-09-29T10:23:23+00:00\" \/>\n<meta property=\"og:image\" content=\"https:\/\/www.koonings.com\/wp-content\/uploads\/2024\/08\/88082582_632425727490425_2731700269426409472_n.jpg\" \/>\n\t<meta property=\"og:image:width\" content=\"1200\" \/>\n\t<meta property=\"og:image:height\" content=\"1600\" \/>\n\t<meta property=\"og:image:type\" content=\"image\/jpeg\" \/>\n<meta name=\"twitter:card\" content=\"summary_large_image\" \/>\n<meta name=\"twitter:label1\" content=\"Gesch\u00e4tzte Lesezeit\" \/>\n\t<meta name=\"twitter:data1\" content=\"3\u00a0Minuten\" \/>\n<script type=\"application\/ld+json\" class=\"yoast-schema-graph\">{\"@context\":\"https:\\\/\\\/schema.org\",\"@graph\":[{\"@type\":\"WebPage\",\"@id\":\"https:\\\/\\\/www.koonings.com\\\/de\\\/inspiration\\\/ihr-friseur-in-deurne\\\/\",\"url\":\"https:\\\/\\\/www.koonings.com\\\/de\\\/inspiration\\\/ihr-friseur-in-deurne\\\/\",\"name\":\"Friseur in Deurne | Koonings\",\"isPartOf\":{\"@id\":\"https:\\\/\\\/www.koonings.com\\\/de\\\/#website\"},\"primaryImageOfPage\":{\"@id\":\"https:\\\/\\\/www.koonings.com\\\/de\\\/inspiration\\\/ihr-friseur-in-deurne\\\/#primaryimage\"},\"image\":{\"@id\":\"https:\\\/\\\/www.koonings.com\\\/de\\\/inspiration\\\/ihr-friseur-in-deurne\\\/#primaryimage\"},\"thumbnailUrl\":\"https:\\\/\\\/www.koonings.com\\\/wp-content\\\/uploads\\\/2024\\\/08\\\/88082582_632425727490425_2731700269426409472_n-768x1024.jpg\",\"datePublished\":\"2024-08-07T19:18:29+00:00\",\"dateModified\":\"2025-09-29T10:23:23+00:00\",\"description\":\"Sie suchen einen Friseur in Deurne, der mehr bietet als nur einen Haarschnitt? Suchen Sie nicht weiter. Buchen Sie jetzt Ihren Verw\u00f6hnmoment beim Erlebnisfriseur in Deurne!\",\"breadcrumb\":{\"@id\":\"https:\\\/\\\/www.koonings.com\\\/de\\\/inspiration\\\/ihr-friseur-in-deurne\\\/#breadcrumb\"},\"inLanguage\":\"de\",\"potentialAction\":[{\"@type\":\"ReadAction\",\"target\":[\"https:\\\/\\\/www.koonings.com\\\/de\\\/inspiration\\\/ihr-friseur-in-deurne\\\/\"]}]},{\"@type\":\"ImageObject\",\"inLanguage\":\"de\",\"@id\":\"https:\\\/\\\/www.koonings.com\\\/de\\\/inspiration\\\/ihr-friseur-in-deurne\\\/#primaryimage\",\"url\":\"https:\\\/\\\/www.koonings.com\\\/wp-content\\\/uploads\\\/2024\\\/08\\\/88082582_632425727490425_2731700269426409472_n-768x1024.jpg\",\"contentUrl\":\"https:\\\/\\\/www.koonings.com\\\/wp-content\\\/uploads\\\/2024\\\/08\\\/88082582_632425727490425_2731700269426409472_n-768x1024.jpg\"},{\"@type\":\"BreadcrumbList\",\"@id\":\"https:\\\/\\\/www.koonings.com\\\/de\\\/inspiration\\\/ihr-friseur-in-deurne\\\/#breadcrumb\",\"itemListElement\":[{\"@type\":\"ListItem\",\"position\":1,\"name\":\"Home\",\"item\":\"https:\\\/\\\/www.koonings.com\\\/de\\\/\"},{\"@type\":\"ListItem\",\"position\":2,\"name\":\"Inspiration\",\"item\":\"https:\\\/\\\/www.koonings.com\\\/de\\\/inspiration\\\/\"},{\"@type\":\"ListItem\",\"position\":3,\"name\":\"Ihr Friseur in Deurne\"}]},{\"@type\":\"WebSite\",\"@id\":\"https:\\\/\\\/www.koonings.com\\\/de\\\/#website\",\"url\":\"https:\\\/\\\/www.koonings.com\\\/de\\\/\",\"name\":\"Koonings\",\"description\":\"De grootste bruidsmodewinkel ter wereld\",\"publisher\":{\"@id\":\"https:\\\/\\\/www.koonings.com\\\/de\\\/#organization\"},\"potentialAction\":[{\"@type\":\"SearchAction\",\"target\":{\"@type\":\"EntryPoint\",\"urlTemplate\":\"https:\\\/\\\/www.koonings.com\\\/de\\\/?s={search_term_string}\"},\"query-input\":{\"@type\":\"PropertyValueSpecification\",\"valueRequired\":true,\"valueName\":\"search_term_string\"}}],\"inLanguage\":\"de\"},{\"@type\":\"Organization\",\"@id\":\"https:\\\/\\\/www.koonings.com\\\/de\\\/#organization\",\"name\":\"Koonings\",\"url\":\"https:\\\/\\\/www.koonings.com\\\/de\\\/\",\"logo\":{\"@type\":\"ImageObject\",\"inLanguage\":\"de\",\"@id\":\"https:\\\/\\\/www.koonings.com\\\/de\\\/#\\\/schema\\\/logo\\\/image\\\/\",\"url\":\"https:\\\/\\\/www.koonings.com\\\/wp-content\\\/uploads\\\/2024\\\/07\\\/logo.png\",\"contentUrl\":\"https:\\\/\\\/www.koonings.com\\\/wp-content\\\/uploads\\\/2024\\\/07\\\/logo.png\",\"width\":600,\"height\":428,\"caption\":\"Koonings\"},\"image\":{\"@id\":\"https:\\\/\\\/www.koonings.com\\\/de\\\/#\\\/schema\\\/logo\\\/image\\\/\"},\"sameAs\":[\"https:\\\/\\\/www.facebook.com\\\/kooningstheweddingpalace\",\"https:\\\/\\\/www.instagram.com\\\/kooningstheweddingpalace\",\"https:\\\/\\\/www.pinterest.com\\\/koonings\",\"https:\\\/\\\/www.youtube.com\\\/kooningstheweddingpalace\"]}]}<\/script>\n<!-- \/ Yoast SEO plugin. -->","yoast_head_json":{"title":"Friseur in Deurne | Koonings","description":"Sie suchen einen Friseur in Deurne, der mehr bietet als nur einen Haarschnitt? Suchen Sie nicht weiter. Buchen Sie jetzt Ihren Verw\u00f6hnmoment beim Erlebnisfriseur in Deurne!","robots":{"index":"index","follow":"follow","max-snippet":"max-snippet:-1","max-image-preview":"max-image-preview:large","max-video-preview":"max-video-preview:-1"},"canonical":"https:\/\/www.koonings.com\/de\/inspiration\/ihr-friseur-in-deurne\/","og_locale":"de_DE","og_type":"article","og_title":"Friseur in Deurne | Koonings","og_description":"Sie suchen einen Friseur in Deurne, der mehr bietet als nur einen Haarschnitt? Suchen Sie nicht weiter. Buchen Sie jetzt Ihren Verw\u00f6hnmoment beim Erlebnisfriseur in Deurne!","og_url":"https:\/\/www.koonings.com\/de\/inspiration\/ihr-friseur-in-deurne\/","og_site_name":"Koonings","article_publisher":"https:\/\/www.facebook.com\/kooningstheweddingpalace","article_modified_time":"2025-09-29T10:23:23+00:00","og_image":[{"width":1200,"height":1600,"url":"https:\/\/www.koonings.com\/wp-content\/uploads\/2024\/08\/88082582_632425727490425_2731700269426409472_n.jpg","type":"image\/jpeg"}],"twitter_card":"summary_large_image","twitter_misc":{"Gesch\u00e4tzte Lesezeit":"3\u00a0Minuten"},"schema":{"@context":"https:\/\/schema.org","@graph":[{"@type":"WebPage","@id":"https:\/\/www.koonings.com\/de\/inspiration\/ihr-friseur-in-deurne\/","url":"https:\/\/www.koonings.com\/de\/inspiration\/ihr-friseur-in-deurne\/","name":"Friseur in Deurne | Koonings","isPartOf":{"@id":"https:\/\/www.koonings.com\/de\/#website"},"primaryImageOfPage":{"@id":"https:\/\/www.koonings.com\/de\/inspiration\/ihr-friseur-in-deurne\/#primaryimage"},"image":{"@id":"https:\/\/www.koonings.com\/de\/inspiration\/ihr-friseur-in-deurne\/#primaryimage"},"thumbnailUrl":"https:\/\/www.koonings.com\/wp-content\/uploads\/2024\/08\/88082582_632425727490425_2731700269426409472_n-768x1024.jpg","datePublished":"2024-08-07T19:18:29+00:00","dateModified":"2025-09-29T10:23:23+00:00","description":"Sie suchen einen Friseur in Deurne, der mehr bietet als nur einen Haarschnitt? Suchen Sie nicht weiter. Buchen Sie jetzt Ihren Verw\u00f6hnmoment beim Erlebnisfriseur in Deurne!","breadcrumb":{"@id":"https:\/\/www.koonings.com\/de\/inspiration\/ihr-friseur-in-deurne\/#breadcrumb"},"inLanguage":"de","potentialAction":[{"@type":"ReadAction","target":["https:\/\/www.koonings.com\/de\/inspiration\/ihr-friseur-in-deurne\/"]}]},{"@type":"ImageObject","inLanguage":"de","@id":"https:\/\/www.koonings.com\/de\/inspiration\/ihr-friseur-in-deurne\/#primaryimage","url":"https:\/\/www.koonings.com\/wp-content\/uploads\/2024\/08\/88082582_632425727490425_2731700269426409472_n-768x1024.jpg","contentUrl":"https:\/\/www.koonings.com\/wp-content\/uploads\/2024\/08\/88082582_632425727490425_2731700269426409472_n-768x1024.jpg"},{"@type":"BreadcrumbList","@id":"https:\/\/www.koonings.com\/de\/inspiration\/ihr-friseur-in-deurne\/#breadcrumb","itemListElement":[{"@type":"ListItem","position":1,"name":"Home","item":"https:\/\/www.koonings.com\/de\/"},{"@type":"ListItem","position":2,"name":"Inspiration","item":"https:\/\/www.koonings.com\/de\/inspiration\/"},{"@type":"ListItem","position":3,"name":"Ihr Friseur in Deurne"}]},{"@type":"WebSite","@id":"https:\/\/www.koonings.com\/de\/#website","url":"https:\/\/www.koonings.com\/de\/","name":"Koonings","description":"De grootste bruidsmodewinkel ter wereld","publisher":{"@id":"https:\/\/www.koonings.com\/de\/#organization"},"potentialAction":[{"@type":"SearchAction","target":{"@type":"EntryPoint","urlTemplate":"https:\/\/www.koonings.com\/de\/?s={search_term_string}"},"query-input":{"@type":"PropertyValueSpecification","valueRequired":true,"valueName":"search_term_string"}}],"inLanguage":"de"},{"@type":"Organization","@id":"https:\/\/www.koonings.com\/de\/#organization","name":"Koonings","url":"https:\/\/www.koonings.com\/de\/","logo":{"@type":"ImageObject","inLanguage":"de","@id":"https:\/\/www.koonings.com\/de\/#\/schema\/logo\/image\/","url":"https:\/\/www.koonings.com\/wp-content\/uploads\/2024\/07\/logo.png","contentUrl":"https:\/\/www.koonings.com\/wp-content\/uploads\/2024\/07\/logo.png","width":600,"height":428,"caption":"Koonings"},"image":{"@id":"https:\/\/www.koonings.com\/de\/#\/schema\/logo\/image\/"},"sameAs":["https:\/\/www.facebook.com\/kooningstheweddingpalace","https:\/\/www.instagram.com\/kooningstheweddingpalace","https:\/\/www.pinterest.com\/koonings","https:\/\/www.youtube.com\/kooningstheweddingpalace"]}]}},"_links":{"self":[{"href":"https:\/\/www.koonings.com\/de\/wp-json\/wp\/v2\/pages\/17076","targetHints":{"allow":["GET"]}}],"collection":[{"href":"https:\/\/www.koonings.com\/de\/wp-json\/wp\/v2\/pages"}],"about":[{"href":"https:\/\/www.koonings.com\/de\/wp-json\/wp\/v2\/types\/page"}],"author":[{"embeddable":true,"href":"https:\/\/www.koonings.com\/de\/wp-json\/wp\/v2\/users\/1"}],"replies":[{"embeddable":true,"href":"https:\/\/www.koonings.com\/de\/wp-json\/wp\/v2\/comments?post=17076"}],"version-history":[{"count":6,"href":"https:\/\/www.koonings.com\/de\/wp-json\/wp\/v2\/pages\/17076\/revisions"}],"predecessor-version":[{"id":98638,"href":"https:\/\/www.koonings.com\/de\/wp-json\/wp\/v2\/pages\/17076\/revisions\/98638"}],"up":[{"embeddable":true,"href":"https:\/\/www.koonings.com\/de\/wp-json\/wp\/v2\/pages\/16091"}],"wp:attachment":[{"href":"https:\/\/www.koonings.com\/de\/wp-json\/wp\/v2\/media?parent=17076"}],"curies":[{"name":"wp","href":"https:\/\/api.w.org\/{rel}","templated":true}]}}