{"id":17050,"date":"2024-08-07T22:01:12","date_gmt":"2024-08-07T20:01:12","guid":{"rendered":"https:\/\/www.koonings.com\/inspiration\/fruehjahrshochzeit\/"},"modified":"2024-08-13T22:29:40","modified_gmt":"2024-08-13T20:29:40","slug":"fruehjahrshochzeit","status":"publish","type":"page","link":"https:\/\/www.koonings.com\/de\/inspiration\/fruehjahrshochzeit\/","title":{"rendered":"Fr\u00fchjahrshochzeit"},"content":{"rendered":"\r\n\r\n<div class=\"eye-element fullwidth-row alignfull style-both bg--none  alignfull \" style=\" \">\r\n\r\n    <div class=\"container\">\r\n        <div class=\"row\">\r\n            <div class=\"col-12\">\r\n                <div class=\"acf-innerblocks-container\">\n\n<h1 class=\"wp-block-heading has-text-align-center\" id=\"vier-het-leven-en-de-liefde-met-een-lente-bruiloft\">Feiern Sie das Leben und die Liebe mit einer Fr\u00fchlingshochzeit<\/h1>\n\n\n\n<p class=\"has-text-align-center\">Eine Hochzeit und der Fr\u00fchling stehen f\u00fcr den Beginn von etwas Neuem.\nF\u00fcr neues Leben und Erneuerung.\nEine Fr\u00fchlingshochzeit eignet sich perfekt f\u00fcr den Beginn Ihres neuen Kapitels.\nDie Natur erwacht, die Blumen fangen an zu bl\u00fchen, die Sonne beginnt zu scheinen.\nEs gibt keine bessere Kombination.\nUnd deshalb erkl\u00e4ren wir Ihnen, warum Sie Ihre Hochzeit im Fr\u00fchling planen sollten!     <br\/><\/p>\n\n<\/div>\r\n            <\/div>\r\n        <\/div>\r\n    <\/div>\r\n\r\n<\/div>\r\n\r\n    \n<div class=\"ghostkit-grid ghostkit-grid-gap-md ghostkit-grid-align-items-center\"><div class=\"ghostkit-grid-inner\">\n<div class=\"ghostkit-col ghostkit-col-md-12 ghostkit-col-6\"><div class=\"ghostkit-col-content is-layout-flow wp-block-ghostkit-grid-column-is-layout-flow\">\n<h2 class=\"wp-block-heading\" id=\"de-voordelen-van-een-lente-bruiloft\">Die Vorteile einer Fr\u00fchlingshochzeit<\/h2>\n\n\n\n<p><strong>Farbenfroh:<\/strong> Mit all den bl\u00fchenden Blumen und Bl\u00fcten haben Sie eine gro\u00dfe Auswahl an farbenfroher Dekoration f\u00fcr Ihre Hochzeit.\nDer Fr\u00fchling schafft M\u00f6glichkeiten f\u00fcr Ihren Brautstrau\u00df, Ihre Brautfrisur und die Ansteckblume des Br\u00e4utigams.   <\/p>\n\n\n\n<p><strong>Sch\u00f6nes Wetter:<\/strong> Die milden Temperaturen und sonnigen Tage des Fr\u00fchlings bieten das perfekte Klima f\u00fcr eine Hochzeit im Freien.<\/p>\n\n\n\n<p><strong>Symbolische Bedeutung:<\/strong> Die Jahreszeit der Wiedergeburt und der Erneuerung passt perfekt zum Versprechen des Neubeginns und macht Ihre Verbindung noch besonderer.<\/p>\n\n\n\n<p><strong>Alles bl\u00fcht:<\/strong> Von \u00fcppigen G\u00e4rten bis zu bezaubernden Landschaften steht alles in voller Bl\u00fcte, um Ihren Tag noch sch\u00f6ner zu machen.\nEine Fr\u00fchlingshochzeit bringt automatisch eine bezaubernde Kulisse f\u00fcr Ihren besonderen Tag mit sich. <\/p>\n\n\n\n<h2 class=\"wp-block-heading\" id=\"de-nadelen-van-trouwen-in-de-lente\">Die Nachteile einer Heirat im Fr\u00fchling<\/h2>\n\n\n\n<p>Wie jede Jahreszeit hat auch eine Hochzeit im Fr\u00fchling nicht nur Vorteile, sondern auch einige Nachteile.\nM\u00f6chten Sie eine Fr\u00fchlingshochzeit?\nDann sollten Sie dies ber\u00fccksichtigen:  <\/p>\n\n\n\n<p><strong>Es kann k\u00fchl sein:<\/strong> Obwohl der Fr\u00fchling mild ist, kann das Wetter immer noch ein wenig k\u00fchl sein.\nEs ist ratsam, sich auf k\u00fchlere Temperaturen einzustellen. <\/p>\n\n\n\n<p><strong>Chance auf Regen:<\/strong> Die Launen des Aprils k\u00f6nnen uns manchmal einen Strich durch die Rechnung machen.\nEin Plan B f\u00fcr unerwartete Regenschauer ist ein Muss.\nSorgen Sie zum Beispiel f\u00fcr ein \u00fcberdachtes Zelt oder eine zus\u00e4tzliche \u00fcberdachte Location f\u00fcr Ihre Fr\u00fchlingshochzeit.  <\/p>\n\n\n\n<p><strong>Beliebte Jahreszeit:<\/strong> Der Fr\u00fchling ist eine beliebte Jahreszeit zum Heiraten. Stellen Sie also sicher, dass Sie rechtzeitig Veranstaltungsorte und Catering buchen, um Entt\u00e4uschungen zu vermeiden.<\/p>\n<\/div><\/div>\n\n\n\n<div class=\"ghostkit-col ghostkit-col-md-12 ghostkit-col-6\"><div class=\"ghostkit-col-content is-layout-flow wp-block-ghostkit-grid-column-is-layout-flow\">\n<figure class=\"wp-block-image size-full\"><img decoding=\"async\" width=\"626\" height=\"886\" src=\"https:\/\/www.koonings.com\/wp-content\/uploads\/2024\/08\/koonings-trouwpak-wilvorst-green-wedding-trouwkostuum-gw-look7-a.jpg\" alt=\"Koonings Hochzeitsanzug Wilvorst Gr&#xFC;n Hochzeit GW Look 7\" class=\"wp-image-17028\" style=\"aspect-ratio:3\/4;object-fit:cover\" srcset=\"https:\/\/www.koonings.com\/wp-content\/uploads\/2024\/08\/koonings-trouwpak-wilvorst-green-wedding-trouwkostuum-gw-look7-a.jpg 626w, https:\/\/www.koonings.com\/wp-content\/uploads\/2024\/08\/koonings-trouwpak-wilvorst-green-wedding-trouwkostuum-gw-look7-a-212x300.jpg 212w\" sizes=\"(max-width: 626px) 100vw, 626px\" \/><\/figure>\n<\/div><\/div>\n<\/div><\/div>\n\r\n\r\n<div class=\"eye-element fullwidth-row alignfull style-both bg--none  alignfull \" style=\" \">\r\n\r\n    <div class=\"container\">\r\n        <div class=\"row\">\r\n            <div class=\"col-12\">\r\n                <div class=\"acf-innerblocks-container\"><\/div>\r\n            <\/div>\r\n        <\/div>\r\n    <\/div>\r\n\r\n<\/div>\r\n\r\n    \n<h2 class=\"wp-block-heading\" id=\"wanneer-kan-ik-trouwen-in-de-winter\">Das perfekte Hochzeitskleid f\u00fcr den Fr\u00fchling<\/h2>\n\n<p>Eine Fr\u00fchlingshochzeit verlangt nach einem Kleid, das die Frische und Zartheit der Jahreszeit widerspiegelt.\nDenken Sie an leichte Stoffe, romantische Details und einen Hauch von Blumenpracht.\nA <a href=\"\"><strong>A-Linien-Brautkleid<\/strong><\/a> mit Spitzendetails ist eine beliebte Wahl, w\u00e4hrend ein zarter Pastellton perfekt zur Fr\u00fchlingsstimmung passt.\nF\u00fcr eine informelle Hochzeit im Freien k\u00f6nnen Sie sich sogar f\u00fcr ein <a href=\"\"><strong>k\u00fcrzeres Hochzeitskleid<\/strong><\/a> oder ein <a href=\"\"><strong>b\u00f6hmisches Hochzeitskleid<\/strong><\/a>.   <\/p>\n\r\n<div class=\"eye-element bsbutton text-start \" >\r\n\t        <a class=\"btn btn-primary\" href=\"https:\/\/www.koonings.com\/de\/braut\/hochzeitskleider\/\"\r\n           target=\"\">Hochzeitskleider<\/a>\r\n\t<\/div>\r\n<div class=\"eye-block empty-space empty-space--medium pt-md-4 pb-md-4 pt-3 pb-3\" ><\/div>\n<div class=\"ghostkit-grid ghostkit-grid-gap-md\"><div class=\"ghostkit-grid-inner\">\n<div class=\"ghostkit-col ghostkit-col-lg-12 ghostkit-col-4\"><div class=\"ghostkit-col-content is-layout-flow wp-block-ghostkit-grid-column-is-layout-flow\">\n<figure class=\"wp-block-image size-large\"><img decoding=\"async\" width=\"723\" height=\"1024\" src=\"https:\/\/www.koonings.com\/wp-content\/uploads\/2024\/08\/koonings-trouwjurk-modeca-collection-amir-bruidsmode-brautmode-wedding-dress-a-723x1024.jpg\" alt=\"Koonings Brautkleid Modeca Kollektion Amir bridal brautmode Brautkleid\" class=\"wp-image-17041\" style=\"aspect-ratio:3\/4;object-fit:cover\" srcset=\"https:\/\/www.koonings.com\/wp-content\/uploads\/2024\/08\/koonings-trouwjurk-modeca-collection-amir-bruidsmode-brautmode-wedding-dress-a-723x1024.jpg 723w, https:\/\/www.koonings.com\/wp-content\/uploads\/2024\/08\/koonings-trouwjurk-modeca-collection-amir-bruidsmode-brautmode-wedding-dress-a-212x300.jpg 212w, https:\/\/www.koonings.com\/wp-content\/uploads\/2024\/08\/koonings-trouwjurk-modeca-collection-amir-bruidsmode-brautmode-wedding-dress-a-768x1087.jpg 768w, https:\/\/www.koonings.com\/wp-content\/uploads\/2024\/08\/koonings-trouwjurk-modeca-collection-amir-bruidsmode-brautmode-wedding-dress-a.jpg 821w\" sizes=\"(max-width: 723px) 100vw, 723px\" \/><\/figure>\n<\/div><\/div>\n\n\n\n<div class=\"ghostkit-col ghostkit-col-lg-12 ghostkit-col-4\"><div class=\"ghostkit-col-content is-layout-flow wp-block-ghostkit-grid-column-is-layout-flow\">\n<figure class=\"wp-block-image size-large\"><img decoding=\"async\" width=\"683\" height=\"1024\" src=\"https:\/\/www.koonings.com\/wp-content\/uploads\/2024\/08\/koonings_trouwjurken_milla_nova_giorgia_bruidsmode_hochzeitskleid_bridal_dress-683x1024.jpg\" alt=\"Koonings Brautkleider Milla Nova braut hochzeitskleid brautkleid\" class=\"wp-image-17037\" style=\"aspect-ratio:3\/4;object-fit:cover\" srcset=\"https:\/\/www.koonings.com\/wp-content\/uploads\/2024\/08\/koonings_trouwjurken_milla_nova_giorgia_bruidsmode_hochzeitskleid_bridal_dress-683x1024.jpg 683w, https:\/\/www.koonings.com\/wp-content\/uploads\/2024\/08\/koonings_trouwjurken_milla_nova_giorgia_bruidsmode_hochzeitskleid_bridal_dress-200x300.jpg 200w, https:\/\/www.koonings.com\/wp-content\/uploads\/2024\/08\/koonings_trouwjurken_milla_nova_giorgia_bruidsmode_hochzeitskleid_bridal_dress-768x1152.jpg 768w, https:\/\/www.koonings.com\/wp-content\/uploads\/2024\/08\/koonings_trouwjurken_milla_nova_giorgia_bruidsmode_hochzeitskleid_bridal_dress-1024x1536.jpg 1024w, https:\/\/www.koonings.com\/wp-content\/uploads\/2024\/08\/koonings_trouwjurken_milla_nova_giorgia_bruidsmode_hochzeitskleid_bridal_dress-1366x2048.jpg 1366w, https:\/\/www.koonings.com\/wp-content\/uploads\/2024\/08\/koonings_trouwjurken_milla_nova_giorgia_bruidsmode_hochzeitskleid_bridal_dress-scaled.jpg 1707w\" sizes=\"(max-width: 683px) 100vw, 683px\" \/><\/figure>\n<\/div><\/div>\n\n\n\n<div class=\"ghostkit-col ghostkit-col-lg-12 ghostkit-col-4\"><div class=\"ghostkit-col-content is-layout-flow wp-block-ghostkit-grid-column-is-layout-flow\">\n<figure class=\"wp-block-image size-large\"><img decoding=\"async\" width=\"726\" height=\"1024\" src=\"https:\/\/www.koonings.com\/wp-content\/uploads\/2024\/08\/koonings-trouwjurk-michela-ferriero-avignone-bruidsmode-hochzeitskleid-bridal-dress-2-726x1024.jpg\" alt=\"Koonings Brautkleider Michela Ferriero braut hochzeitskleid brautkleid\" class=\"wp-image-17033\" style=\"aspect-ratio:3\/4;object-fit:cover\" srcset=\"https:\/\/www.koonings.com\/wp-content\/uploads\/2024\/08\/koonings-trouwjurk-michela-ferriero-avignone-bruidsmode-hochzeitskleid-bridal-dress-2-726x1024.jpg 726w, https:\/\/www.koonings.com\/wp-content\/uploads\/2024\/08\/koonings-trouwjurk-michela-ferriero-avignone-bruidsmode-hochzeitskleid-bridal-dress-2-213x300.jpg 213w, https:\/\/www.koonings.com\/wp-content\/uploads\/2024\/08\/koonings-trouwjurk-michela-ferriero-avignone-bruidsmode-hochzeitskleid-bridal-dress-2-768x1084.jpg 768w, https:\/\/www.koonings.com\/wp-content\/uploads\/2024\/08\/koonings-trouwjurk-michela-ferriero-avignone-bruidsmode-hochzeitskleid-bridal-dress-2.jpg 1005w\" sizes=\"(max-width: 726px) 100vw, 726px\" \/><\/figure>\n<\/div><\/div>\n<\/div><\/div>\n\r\n<div class=\"eye-block empty-space empty-space--medium pt-md-4 pb-md-4 pt-3 pb-3\" ><\/div>\n<h2 class=\"wp-block-heading\" id=\"tips-voor-de-perfecte-lente-bruiloft\">Tipps f\u00fcr die perfekte Fr\u00fchlingshochzeit<\/h2>\n\n<p><br\/>F<strong>r\u00f6hliche Farben:<\/strong> Lassen Sie sich von den Pastellt\u00f6nen des Fr\u00fchlings inspirieren und bringen Sie einen Hauch von Freude in Ihre Hochzeit.\nDenken Sie an zartes Rosa, Lavendel, Pfirsich und Mintgr\u00fcn f\u00fcr einen frischen und romantischen Look. <\/p>\n\n<p><strong>Blumige Dekorationen:<\/strong> <br\/>Nutzen Sie die F\u00fclle an Blumen und Bl\u00fcten als Dekoration f\u00fcr ein m\u00e4rchenhaftes Ambiente bei Ihrer Hochzeit.\nDer Fr\u00fchling bietet endlose M\u00f6glichkeiten f\u00fcr Blumenkr\u00e4nze f\u00fcr die Braut und die Brautjungfern, florale Tischarrangements und einen Blumenbogen f\u00fcr die Zeremonie. <\/p>\n\n<p><strong>Nat\u00fcrliche Elemente:<\/strong> <br\/>Lassen Sie die Natur ihre eigene Sch\u00f6nheit zu Ihrer Feier hinzuf\u00fcgen, indem Sie im Freien heiraten oder nat\u00fcrliche Elemente in Ihre Dekoration einbeziehen.\nDekorieren Sie den Veranstaltungsort mit h\u00f6lzernen Akzenten, Moos, \u00c4sten und Zweigen f\u00fcr einen rustikalen Touch. <\/p>\n\n<p><strong>Wetterfester Plan:<\/strong> <br\/>Halten Sie immer einen Notfallplan in Reserve, falls Mutter Natur ihre eigenen Pl\u00e4ne hat.\nStellen Sie Zelte oder \u00fcberdachte Bereiche f\u00fcr die Zeremonie und den Empfang sowie Annehmlichkeiten wie Sonnenschirme und Decken f\u00fcr die G\u00e4ste bereit. <\/p>\n\r\n<div class=\"eye-block empty-space empty-space--medium pt-md-4 pb-md-4 pt-3 pb-3\" ><\/div>\n<h2 class=\"wp-block-heading\" id=\"de-leukste-dresscodes-voor-een-lente-bruiloft\">Die sch\u00f6nsten Kleiderordnungen f\u00fcr eine Fr\u00fchlingshochzeit<\/h2>\n\n<p>M\u00f6chten Sie die Stimmung Ihrer Fr\u00fchlingshochzeit verbessern?\nDann w\u00e4hlen Sie einen <a href=\"\">Dresscode f\u00fcr Ihre Hochzeit<\/a>! Aber wie w\u00e4hlen Sie einen aus?\nWas sollten Sie dabei beachten?\nUnd warum sollten Sie ihn \u00fcberhaupt w\u00e4hlen?     <\/p>\n\n<p><br\/>T<strong>enue de Ville: Eine Mischung aus klassisch und modern<\/strong> W\u00e4hlen Sie ein stilvolles, aber nicht \u00fcberm\u00e4\u00dfig schickes Outfit, das perfekt f\u00fcr die Stadt geeignet ist.<a href=\"https:\/\/www.koonings.com\/inspiratie\/dresscode-tenue-de-ville\"><strong>Tenue de Ville Kleiderordnung<\/strong><\/a>.\nF\u00fcr Damen bedeutet dies ein elegantes Kleid oder einen Rock, der knapp \u00fcber das Knie f\u00e4llt.\nPerfekt f\u00fcr die Temperaturen bei einer Fr\u00fchlingshochzeit.\nKombinieren Sie Ihr Outfit mit klassischen Pumps und dezenten Accessoires.\nHerren k\u00f6nnen einen farblich zur\u00fcckhaltenden, ma\u00dfgeschneiderten Anzug mit einer verspielten Variante in Form von fr\u00f6hlichen Socken oder einer gewagten Krawatte w\u00e4hlen.    <\/p>\n\n<p><br\/>C<strong>ocktail: festlich und stilvoll<\/strong> Die Cocktail-Kleiderordnung gibt den G\u00e4sten die Freiheit, mit ihrem Outfit zu spielen und dennoch einen Hauch von Eleganz zu wahren.\nDamen k\u00f6nnen in einem festlichen Kleid mit passenden Accessoires gl\u00e4nzen, w\u00e4hrend Herren sich f\u00fcr einen modischen Ma\u00dfanzug ohne Krawatte f\u00fcr einen entspannteren Look entscheiden k\u00f6nnen. <\/p>\n\n<p><br\/>S<strong>ummer Chic: frisch und elegant<\/strong> F\u00fcr eine Hochzeit im sp\u00e4ten Fr\u00fchling, bei der bereits der Sommer in der Luft liegt, ist der<a href=\"https:\/\/www.koonings.com\/inspiratie\/dresscode-summer-chique\"><strong>Kleiderordnung Summer Chic<\/strong><\/a> perfekt.\nEntscheiden Sie sich f\u00fcr kr\u00e4ftige Drucke und helle Farben, um die Frische der Saison zu unterstreichen.\nEin Sommerkleid f\u00fcr Frauen und eine schicke Hose mit einem luftigen Hemd f\u00fcr M\u00e4nner sind die ideale Wahl f\u00fcr eine sonnige Feier.  <\/p>\n\r\n<div class=\"eye-block empty-space empty-space--medium pt-md-4 pb-md-4 pt-3 pb-3\" ><\/div>\n<h2 class=\"wp-block-heading\" id=\"trouwen-in-een-andere-periode\">Heiraten Sie zu einem anderen Zeitpunkt?<\/h2>\n\n<p>Ist die Fr\u00fchlingshochzeit nichts f\u00fcr Sie?\nErfahren Sie alles, was Sie wissen m\u00fcssen, um <a href=\"\"><strong>den perfekten Hochzeitstermin finden<\/strong><\/a> der zu Ihrer einzigartigen Liebesgeschichte passt, unabh\u00e4ngig von der Jahreszeit.\nDenn Ihr Hochzeitstag ist mehr als nur ein Datum im Kalender; er ist der Beginn eines neuen Abenteuers voller Liebe und Erinnerungen, die ein Leben lang halten werden.  <\/p>\n","protected":false},"excerpt":{"rendered":"<p>Das perfekte Hochzeitskleid f\u00fcr den Fr\u00fchling Eine Fr\u00fchlingshochzeit verlangt nach einem Kleid, das die Frische und Zartheit der Jahreszeit widerspiegelt. Denken Sie an leichte Stoffe, romantische Details und einen Hauch von Blumenpracht. A A-Linien-Brautkleid mit Spitzendetails ist eine beliebte Wahl, w\u00e4hrend ein zarter Pastellton perfekt zur Fr\u00fchlingsstimmung passt. F\u00fcr eine informelle Hochzeit im Freien k\u00f6nnen [&hellip;]<\/p>\n","protected":false},"author":1,"featured_media":0,"parent":16091,"menu_order":0,"comment_status":"closed","ping_status":"closed","template":"","meta":{"_acf_changed":false,"ghostkit_customizer_options":"","ghostkit_custom_css":"","ghostkit_custom_js_head":"","ghostkit_custom_js_foot":"","ghostkit_typography":"","footnotes":""},"class_list":["post-17050","page","type-page","status-publish","hentry"],"acf":[],"yoast_head":"<!-- This site is optimized with the Yoast SEO plugin v27.3 - https:\/\/yoast.com\/product\/yoast-seo-wordpress\/ -->\n<title>Feiern Sie das Leben und die Liebe mit einer Fr\u00fchlingshochzeit | Koonings<\/title>\n<meta name=\"description\" content=\"Eine Hochzeit im Fr\u00fchling eignet sich perfekt f\u00fcr den Beginn eines neuen Kapitels. Wir erkl\u00e4ren, warum Sie Ihre Hochzeit im Fr\u00fchling planen sollten!\" \/>\n<meta name=\"robots\" content=\"index, follow, max-snippet:-1, max-image-preview:large, max-video-preview:-1\" \/>\n<link rel=\"canonical\" href=\"https:\/\/www.koonings.com\/de\/inspiration\/fruehjahrshochzeit\/\" \/>\n<meta property=\"og:locale\" content=\"de_DE\" \/>\n<meta property=\"og:type\" content=\"article\" \/>\n<meta property=\"og:title\" content=\"Feiern Sie das Leben und die Liebe mit einer Fr\u00fchlingshochzeit | Koonings\" \/>\n<meta property=\"og:description\" content=\"Eine Hochzeit im Fr\u00fchling eignet sich perfekt f\u00fcr den Beginn eines neuen Kapitels. Wir erkl\u00e4ren, warum Sie Ihre Hochzeit im Fr\u00fchling planen sollten!\" \/>\n<meta property=\"og:url\" content=\"https:\/\/www.koonings.com\/de\/inspiration\/fruehjahrshochzeit\/\" \/>\n<meta property=\"og:site_name\" content=\"Koonings\" \/>\n<meta property=\"article:publisher\" content=\"https:\/\/www.facebook.com\/kooningstheweddingpalace\" \/>\n<meta property=\"article:modified_time\" content=\"2024-08-13T20:29:40+00:00\" \/>\n<meta property=\"og:image\" content=\"https:\/\/www.koonings.com\/wp-content\/uploads\/2024\/08\/koonings-trouwpak-wilvorst-green-wedding-trouwkostuum-gw-look7-a.jpg\" \/>\n<meta name=\"twitter:card\" content=\"summary_large_image\" \/>\n<meta name=\"twitter:label1\" content=\"Gesch\u00e4tzte Lesezeit\" \/>\n\t<meta name=\"twitter:data1\" content=\"5\u00a0Minuten\" \/>\n<script type=\"application\/ld+json\" class=\"yoast-schema-graph\">{\"@context\":\"https:\\\/\\\/schema.org\",\"@graph\":[{\"@type\":\"WebPage\",\"@id\":\"https:\\\/\\\/www.koonings.com\\\/de\\\/inspiration\\\/fruehjahrshochzeit\\\/\",\"url\":\"https:\\\/\\\/www.koonings.com\\\/de\\\/inspiration\\\/fruehjahrshochzeit\\\/\",\"name\":\"Feiern Sie das Leben und die Liebe mit einer Fr\u00fchlingshochzeit | Koonings\",\"isPartOf\":{\"@id\":\"https:\\\/\\\/www.koonings.com\\\/de\\\/#website\"},\"primaryImageOfPage\":{\"@id\":\"https:\\\/\\\/www.koonings.com\\\/de\\\/inspiration\\\/fruehjahrshochzeit\\\/#primaryimage\"},\"image\":{\"@id\":\"https:\\\/\\\/www.koonings.com\\\/de\\\/inspiration\\\/fruehjahrshochzeit\\\/#primaryimage\"},\"thumbnailUrl\":\"https:\\\/\\\/www.koonings.com\\\/wp-content\\\/uploads\\\/2024\\\/08\\\/koonings-trouwpak-wilvorst-green-wedding-trouwkostuum-gw-look7-a.jpg\",\"datePublished\":\"2024-08-07T20:01:12+00:00\",\"dateModified\":\"2024-08-13T20:29:40+00:00\",\"description\":\"Eine Hochzeit im Fr\u00fchling eignet sich perfekt f\u00fcr den Beginn eines neuen Kapitels. Wir erkl\u00e4ren, warum Sie Ihre Hochzeit im Fr\u00fchling planen sollten!\",\"breadcrumb\":{\"@id\":\"https:\\\/\\\/www.koonings.com\\\/de\\\/inspiration\\\/fruehjahrshochzeit\\\/#breadcrumb\"},\"inLanguage\":\"de\",\"potentialAction\":[{\"@type\":\"ReadAction\",\"target\":[\"https:\\\/\\\/www.koonings.com\\\/de\\\/inspiration\\\/fruehjahrshochzeit\\\/\"]}]},{\"@type\":\"ImageObject\",\"inLanguage\":\"de\",\"@id\":\"https:\\\/\\\/www.koonings.com\\\/de\\\/inspiration\\\/fruehjahrshochzeit\\\/#primaryimage\",\"url\":\"https:\\\/\\\/www.koonings.com\\\/wp-content\\\/uploads\\\/2024\\\/08\\\/koonings-trouwpak-wilvorst-green-wedding-trouwkostuum-gw-look7-a.jpg\",\"contentUrl\":\"https:\\\/\\\/www.koonings.com\\\/wp-content\\\/uploads\\\/2024\\\/08\\\/koonings-trouwpak-wilvorst-green-wedding-trouwkostuum-gw-look7-a.jpg\"},{\"@type\":\"BreadcrumbList\",\"@id\":\"https:\\\/\\\/www.koonings.com\\\/de\\\/inspiration\\\/fruehjahrshochzeit\\\/#breadcrumb\",\"itemListElement\":[{\"@type\":\"ListItem\",\"position\":1,\"name\":\"Home\",\"item\":\"https:\\\/\\\/www.koonings.com\\\/de\\\/\"},{\"@type\":\"ListItem\",\"position\":2,\"name\":\"Inspiration\",\"item\":\"https:\\\/\\\/www.koonings.com\\\/de\\\/inspiration\\\/\"},{\"@type\":\"ListItem\",\"position\":3,\"name\":\"Fr\u00fchjahrshochzeit\"}]},{\"@type\":\"WebSite\",\"@id\":\"https:\\\/\\\/www.koonings.com\\\/de\\\/#website\",\"url\":\"https:\\\/\\\/www.koonings.com\\\/de\\\/\",\"name\":\"Koonings\",\"description\":\"De grootste bruidsmodewinkel ter wereld\",\"publisher\":{\"@id\":\"https:\\\/\\\/www.koonings.com\\\/de\\\/#organization\"},\"potentialAction\":[{\"@type\":\"SearchAction\",\"target\":{\"@type\":\"EntryPoint\",\"urlTemplate\":\"https:\\\/\\\/www.koonings.com\\\/de\\\/?s={search_term_string}\"},\"query-input\":{\"@type\":\"PropertyValueSpecification\",\"valueRequired\":true,\"valueName\":\"search_term_string\"}}],\"inLanguage\":\"de\"},{\"@type\":\"Organization\",\"@id\":\"https:\\\/\\\/www.koonings.com\\\/de\\\/#organization\",\"name\":\"Koonings\",\"url\":\"https:\\\/\\\/www.koonings.com\\\/de\\\/\",\"logo\":{\"@type\":\"ImageObject\",\"inLanguage\":\"de\",\"@id\":\"https:\\\/\\\/www.koonings.com\\\/de\\\/#\\\/schema\\\/logo\\\/image\\\/\",\"url\":\"https:\\\/\\\/www.koonings.com\\\/wp-content\\\/uploads\\\/2024\\\/07\\\/logo.png\",\"contentUrl\":\"https:\\\/\\\/www.koonings.com\\\/wp-content\\\/uploads\\\/2024\\\/07\\\/logo.png\",\"width\":600,\"height\":428,\"caption\":\"Koonings\"},\"image\":{\"@id\":\"https:\\\/\\\/www.koonings.com\\\/de\\\/#\\\/schema\\\/logo\\\/image\\\/\"},\"sameAs\":[\"https:\\\/\\\/www.facebook.com\\\/kooningstheweddingpalace\",\"https:\\\/\\\/www.instagram.com\\\/kooningstheweddingpalace\",\"https:\\\/\\\/www.pinterest.com\\\/koonings\",\"https:\\\/\\\/www.youtube.com\\\/kooningstheweddingpalace\"]}]}<\/script>\n<!-- \/ Yoast SEO plugin. -->","yoast_head_json":{"title":"Feiern Sie das Leben und die Liebe mit einer Fr\u00fchlingshochzeit | Koonings","description":"Eine Hochzeit im Fr\u00fchling eignet sich perfekt f\u00fcr den Beginn eines neuen Kapitels. Wir erkl\u00e4ren, warum Sie Ihre Hochzeit im Fr\u00fchling planen sollten!","robots":{"index":"index","follow":"follow","max-snippet":"max-snippet:-1","max-image-preview":"max-image-preview:large","max-video-preview":"max-video-preview:-1"},"canonical":"https:\/\/www.koonings.com\/de\/inspiration\/fruehjahrshochzeit\/","og_locale":"de_DE","og_type":"article","og_title":"Feiern Sie das Leben und die Liebe mit einer Fr\u00fchlingshochzeit | Koonings","og_description":"Eine Hochzeit im Fr\u00fchling eignet sich perfekt f\u00fcr den Beginn eines neuen Kapitels. Wir erkl\u00e4ren, warum Sie Ihre Hochzeit im Fr\u00fchling planen sollten!","og_url":"https:\/\/www.koonings.com\/de\/inspiration\/fruehjahrshochzeit\/","og_site_name":"Koonings","article_publisher":"https:\/\/www.facebook.com\/kooningstheweddingpalace","article_modified_time":"2024-08-13T20:29:40+00:00","og_image":[{"url":"https:\/\/www.koonings.com\/wp-content\/uploads\/2024\/08\/koonings-trouwpak-wilvorst-green-wedding-trouwkostuum-gw-look7-a.jpg","type":"","width":"","height":""}],"twitter_card":"summary_large_image","twitter_misc":{"Gesch\u00e4tzte Lesezeit":"5\u00a0Minuten"},"schema":{"@context":"https:\/\/schema.org","@graph":[{"@type":"WebPage","@id":"https:\/\/www.koonings.com\/de\/inspiration\/fruehjahrshochzeit\/","url":"https:\/\/www.koonings.com\/de\/inspiration\/fruehjahrshochzeit\/","name":"Feiern Sie das Leben und die Liebe mit einer Fr\u00fchlingshochzeit | Koonings","isPartOf":{"@id":"https:\/\/www.koonings.com\/de\/#website"},"primaryImageOfPage":{"@id":"https:\/\/www.koonings.com\/de\/inspiration\/fruehjahrshochzeit\/#primaryimage"},"image":{"@id":"https:\/\/www.koonings.com\/de\/inspiration\/fruehjahrshochzeit\/#primaryimage"},"thumbnailUrl":"https:\/\/www.koonings.com\/wp-content\/uploads\/2024\/08\/koonings-trouwpak-wilvorst-green-wedding-trouwkostuum-gw-look7-a.jpg","datePublished":"2024-08-07T20:01:12+00:00","dateModified":"2024-08-13T20:29:40+00:00","description":"Eine Hochzeit im Fr\u00fchling eignet sich perfekt f\u00fcr den Beginn eines neuen Kapitels. Wir erkl\u00e4ren, warum Sie Ihre Hochzeit im Fr\u00fchling planen sollten!","breadcrumb":{"@id":"https:\/\/www.koonings.com\/de\/inspiration\/fruehjahrshochzeit\/#breadcrumb"},"inLanguage":"de","potentialAction":[{"@type":"ReadAction","target":["https:\/\/www.koonings.com\/de\/inspiration\/fruehjahrshochzeit\/"]}]},{"@type":"ImageObject","inLanguage":"de","@id":"https:\/\/www.koonings.com\/de\/inspiration\/fruehjahrshochzeit\/#primaryimage","url":"https:\/\/www.koonings.com\/wp-content\/uploads\/2024\/08\/koonings-trouwpak-wilvorst-green-wedding-trouwkostuum-gw-look7-a.jpg","contentUrl":"https:\/\/www.koonings.com\/wp-content\/uploads\/2024\/08\/koonings-trouwpak-wilvorst-green-wedding-trouwkostuum-gw-look7-a.jpg"},{"@type":"BreadcrumbList","@id":"https:\/\/www.koonings.com\/de\/inspiration\/fruehjahrshochzeit\/#breadcrumb","itemListElement":[{"@type":"ListItem","position":1,"name":"Home","item":"https:\/\/www.koonings.com\/de\/"},{"@type":"ListItem","position":2,"name":"Inspiration","item":"https:\/\/www.koonings.com\/de\/inspiration\/"},{"@type":"ListItem","position":3,"name":"Fr\u00fchjahrshochzeit"}]},{"@type":"WebSite","@id":"https:\/\/www.koonings.com\/de\/#website","url":"https:\/\/www.koonings.com\/de\/","name":"Koonings","description":"De grootste bruidsmodewinkel ter wereld","publisher":{"@id":"https:\/\/www.koonings.com\/de\/#organization"},"potentialAction":[{"@type":"SearchAction","target":{"@type":"EntryPoint","urlTemplate":"https:\/\/www.koonings.com\/de\/?s={search_term_string}"},"query-input":{"@type":"PropertyValueSpecification","valueRequired":true,"valueName":"search_term_string"}}],"inLanguage":"de"},{"@type":"Organization","@id":"https:\/\/www.koonings.com\/de\/#organization","name":"Koonings","url":"https:\/\/www.koonings.com\/de\/","logo":{"@type":"ImageObject","inLanguage":"de","@id":"https:\/\/www.koonings.com\/de\/#\/schema\/logo\/image\/","url":"https:\/\/www.koonings.com\/wp-content\/uploads\/2024\/07\/logo.png","contentUrl":"https:\/\/www.koonings.com\/wp-content\/uploads\/2024\/07\/logo.png","width":600,"height":428,"caption":"Koonings"},"image":{"@id":"https:\/\/www.koonings.com\/de\/#\/schema\/logo\/image\/"},"sameAs":["https:\/\/www.facebook.com\/kooningstheweddingpalace","https:\/\/www.instagram.com\/kooningstheweddingpalace","https:\/\/www.pinterest.com\/koonings","https:\/\/www.youtube.com\/kooningstheweddingpalace"]}]}},"_links":{"self":[{"href":"https:\/\/www.koonings.com\/de\/wp-json\/wp\/v2\/pages\/17050","targetHints":{"allow":["GET"]}}],"collection":[{"href":"https:\/\/www.koonings.com\/de\/wp-json\/wp\/v2\/pages"}],"about":[{"href":"https:\/\/www.koonings.com\/de\/wp-json\/wp\/v2\/types\/page"}],"author":[{"embeddable":true,"href":"https:\/\/www.koonings.com\/de\/wp-json\/wp\/v2\/users\/1"}],"replies":[{"embeddable":true,"href":"https:\/\/www.koonings.com\/de\/wp-json\/wp\/v2\/comments?post=17050"}],"version-history":[{"count":2,"href":"https:\/\/www.koonings.com\/de\/wp-json\/wp\/v2\/pages\/17050\/revisions"}],"predecessor-version":[{"id":18146,"href":"https:\/\/www.koonings.com\/de\/wp-json\/wp\/v2\/pages\/17050\/revisions\/18146"}],"up":[{"embeddable":true,"href":"https:\/\/www.koonings.com\/de\/wp-json\/wp\/v2\/pages\/16091"}],"wp:attachment":[{"href":"https:\/\/www.koonings.com\/de\/wp-json\/wp\/v2\/media?parent=17050"}],"curies":[{"name":"wp","href":"https:\/\/api.w.org\/{rel}","templated":true}]}}