{"id":16711,"date":"2024-07-23T15:23:27","date_gmt":"2024-07-23T13:23:27","guid":{"rendered":"https:\/\/www.koonings.com\/bedingungen-datenschutz\/"},"modified":"2024-08-29T13:31:58","modified_gmt":"2024-08-29T11:31:58","slug":"bedingungen-datenschutz","status":"publish","type":"page","link":"https:\/\/www.koonings.com\/de\/bedingungen-datenschutz\/","title":{"rendered":"Bedingungen &amp; Datenschutz"},"content":{"rendered":"\r\n\r\n<div class=\"eye-element fullwidth-row alignfull style-both bg--none  alignfull \" style=\" \">\r\n\r\n    <div class=\"container\">\r\n        <div class=\"row\">\r\n            <div class=\"col-12\">\r\n                <div class=\"acf-innerblocks-container\">\n\n<h1 class=\"wp-block-heading has-text-align-center\" id=\"voorwaarden-privacy\">Bedingungen &amp; Datenschutz<\/h1>\n\n<\/div>\r\n            <\/div>\r\n        <\/div>\r\n    <\/div>\r\n\r\n<\/div>\r\n\r\n    \n\n\r\n<div class=\"eye-block onpagenav  \">\r\n    <div class=\"container-fluid p-sm-0\">\r\n        <nav id=\"onpage-nav\" class=\"navbar navbar-expand text-center\" aria-label=\"Inhoudsopgave\">\r\n            <div class=\" justify-content-center\" id=\"navbarSupportedContent\">\r\n                <ul class=\"nav navbar-nav\">\r\n                    <li class=\"nav-item single-hint d-none\" style=\"pointer-events: none;\">\r\n                        <a class=\"nav-link\" href=\"javascript:void()\">Inhaltsverzeichnis<\/a>\r\n                    <\/li>\r\n                                            <li class=\"nav-item\">\r\n                            <a class=\"nav-link\" href=\"#geschaeftsbedingungen-section\">Gesch\u00e4ftsbedingungen<\/a>\r\n                        <\/li>\r\n                                            <li class=\"nav-item\">\r\n                            <a class=\"nav-link\" href=\"#datenschutzerklaerung-section\">Datenschutzerkl\u00e4rung<\/a>\r\n                        <\/li>\r\n                                    <\/ul>\r\n            <\/div>\r\n            <div class=\"dropdown\">\r\n                <a class=\"dropdown-toggle btn btn-primary\" id=\"dropdownMenuButton\" data-bs-toggle=\"dropdown\" aria-haspopup=\"true\" aria-expanded=\"false\">\r\n                    <i class=\"fa-solid fa-chevron-down\"><\/i>\r\n                <\/a>\r\n                <div class=\"dropdown-menu dropdown-menu-right\" aria-labelledby=\"dropdownMenuButton\">\r\n                <\/div>\r\n            <\/div>\r\n        <\/nav>\r\n    <\/div>\r\n<\/div>\n\n\r\n\r\n<div class=\"eye-element fullwidth-row alignfull style-both bg--none  alignfull \" style=\" \">\r\n\r\n    <div class=\"container\">\r\n        <div class=\"row\">\r\n            <div class=\"col-12\">\r\n                <div class=\"acf-innerblocks-container\">\n\r\n<div id=\"geschaeftsbedingungen-section\" class=\"eye-block menu-section\" title=\"geschaeftsbedingungen\" data-section-name=\"Gesch\u00e4ftsbedingungen\"><\/div>\r\n\n\n\n<h2 class=\"wp-block-heading\" id=\"algemene-voorwaarden\">Gesch\u00e4ftsbedingungen<\/h2>\n\n\n\n<p>Die Bedingungen sind nur auf <a href=\"https:\/\/www.koonings.com\/voorwaarden\/\">Niederl\u00e4ndisch<\/a> und <a href=\"https:\/\/www.koonings.com\/en\/terms-privacy\/\">Englisch<\/a> verf\u00fcgbar.<\/p>\n\n\n\r\n<div class=\"eye-block empty-space empty-space--medium pt-md-4 pb-md-4 pt-3 pb-3\" ><\/div>\n\n\n<hr class=\"wp-block-separator has-alpha-channel-opacity\"\/>\n\n\n\r\n<div class=\"eye-block empty-space empty-space--medium pt-md-4 pb-md-4 pt-3 pb-3\" ><\/div>\n\n\r\n<div id=\"datenschutzerklaerung-section\" class=\"eye-block menu-section\" title=\"datenschutzerklaerung\" data-section-name=\"Datenschutzerkl\u00e4rung\"><\/div>\r\n\n\n\n<h2 class=\"wp-block-heading\" id=\"privacybeleid\">Datenschutzerkl\u00e4rung<\/h2>\n\n\n\n<p>Koonings The Wedding Palace, mit Sitz in Dukaat 5A, 5751 PW in Deurne, ist f\u00fcr die Verarbeitung personenbezogener Daten gem\u00e4\u00df dieser Datenschutzerkl\u00e4rung verantwortlich.<br><br><strong>Kontaktdetails<\/strong><br>Koonings der Hochzeitspalast<br><a href=\"https:\/\/www.koonings.com\/\">https:\/\/www.koonings.com<\/a><br>Dukaat 5A<br>5751 PW, Deurne<br>+31 493 313 220<br><br>Ramona Poels ist f\u00fcr den Datenschutz bei Koonings The Wedding Palace zust\u00e4ndig. Ramona ist unter der E-Mail-Adresse&nbsp;<a href=\"https:\/\/ramona@koonings.com\/\">ramona@koonings.com<\/a>&nbsp;erreichbar.<br><br><strong>Personenbezogene Daten, die wir verarbeiten<\/strong><br>Der Wedding Palace verarbeitet Ihre Daten, da Sie unseren Diensten nutzen und uns diese Informationen zur Verf\u00fcgung stellen.<\/p>\n\n\n\n<p>Nachfolgend finden Sie eine \u00dcbersicht \u00fcber die von uns verarbeiteten personenbezogenen Daten:<\/p>\n\n\n\n<ul class=\"wp-block-list\">\n<li>Vor- und Nachname<\/li>\n\n\n\n<li>Telefonnummer<\/li>\n\n\n\n<li>E-Mail-Adresse<\/li>\n\n\n\n<li>IP-Adresse<\/li>\n\n\n\n<li>Informationen \u00fcber Ihre Aktivit\u00e4ten auf unserer Website<\/li>\n\n\n\n<li>Internetbrowser und Ger\u00e4tetyp<\/li>\n<\/ul>\n\n\n\n<p><strong>Einzigartige und sensible personenbezogene Daten, die wir verarbeiten:<\/strong><br>Unsere Website und unser Dienst beabsichtigen nicht, Daten \u00fcber Besucher unter 16 Jahren zu sammeln. Ohne die Zustimmung der Eltern oder Erziehungsberechtigten k\u00f6nnen wir keine \u00dcberpr\u00fcfung vornehmen, ob ein Besucher \u00e4lter als 16 Jahre ist. Wir empfehlen Eltern, sich an den Online-Aktivit\u00e4ten ihrer Kinder zu beteiligen, um zu verhindern, dass Daten \u00fcber Kinder ohne elterliche Zustimmung gesammelt werden. Wenn Sie der Meinung sind, dass wir personenbezogene Daten \u00fcber einen Minderj\u00e4hrigen gesammelt haben, kontaktieren Sie uns bitte unter&nbsp;<a href=\"mailto:info@koonings.com\">info@koonings.com<\/a>. Wir werden diese Daten l\u00f6schen. Welche Zwecke und auf welcher Rechtsgrundlage verarbeiten wir Ihre personenbezogenen Daten? Die Verarbeitung Ihrer Daten durch Koonings, The Wedding Palace, dient den folgenden Zwecken:<\/p>\n\n\n\n<ul class=\"wp-block-list\">\n<li>Um Sie anrufen oder per E-Mail kontaktieren zu k\u00f6nnen, wenn dies f\u00fcr die Erbringung unserer Dienstleistungen erforderlich ist<\/li>\n<\/ul>\n\n\n\n<p><strong>Automatisierte Entscheidungsfindung<\/strong><br>Koonings, The Wedding Palace, trifft keine Entscheidungen auf der Grundlage einer automatisierten Verarbeitung von Angelegenheiten, die erhebliche Auswirkungen auf Menschen haben k\u00f6nnen. Dieses ist eine Entscheidung, die von Computerprogrammen oder -systemen getroffen wird, ohne dass jemand beteiligt ist (zum Beispiel ein Mitarbeiter von Koonings The Wedding Palace)<br><br><strong>Wie lange speichern wir personenbezogene Daten?<\/strong><br>Koonings, The Wedding Palace speichert Ihre Daten nicht l\u00e4nger als unbedingt erforderlich, um die Zwecke zu erreichen, f\u00fcr die Ihre Daten erhoben werden. Wir verwenden die folgenden Aufbewahrungsfristen f\u00fcr die folgenden Kategorien personenbezogener Daten.<\/p>\n\n\n\n<figure class=\"wp-block-table\"><table class=\"has-fixed-layout\"><tbody><tr><td>Website mit personenbezogenen Daten&nbsp;<\/td><td>+\/ 3 Monate&nbsp;&gt; um kommunizieren zu k\u00f6nnen<\/td><\/tr><tr><td>Pers\u00f6nliche Daten<\/td><td>+\/ 3 Monate&nbsp;&gt; Im Kontext der Kommunikation<\/td><\/tr><tr><td>Und so weiter<\/td><td>+\/ 3 Monate<\/td><\/tr><\/tbody><\/table><\/figure>\n\n\n\n<p><br>Alle \u00fcber die Website bereitgestellten Daten werden durchschnittlich 3 Monate gespeichert. Die auf der Website bereitgestellten Informationen werden ausschlie\u00dflich f\u00fcr die Kommunikation \u00fcber unsere Website und Dienstleistungen verwendet.<br><br><strong>Weitergabe personenbezogener Daten an Dritte<\/strong><br>Die Koonings, The Wedding Palace, verkauft Ihre Daten nicht an Dritte und gibt sie nur weiter, wenn dies f\u00fcr die Erf\u00fcllung unserer vertraglichen Verpflichtungen erforderlich ist. Wir schlie\u00dfen mit Unternehmen, die Ihre Daten in unserem Auftrag verarbeiten, einen Verarbeitungsvertrag ab, um die gleiche Sicherheit und Vertraulichkeit Ihrer Daten zu garantieren. Koonings, The Wedding Palace bleibt f\u00fcr diese Verarbeitungsvorg\u00e4nge verantwortlich.<\/p>\n\n\n\n<p><strong>Daten anzeigen, \u00e4ndern oder l\u00f6schen.<\/strong><br>Sie haben das Recht, Ihre Daten einzusehen, zu korrigieren oder l\u00f6schen zu lassen. Zudem haben Sie das Recht, Ihre Einwilligung zur Datenverarbeitung zu widerrufen oder der Verarbeitung Ihrer Daten durch Koonings The Wedding Palace zu widersprechen. Sie haben das Recht auf Daten\u00fcbertragbarkeit. Sie haben das Recht, eine Anfrage an uns zu richten, um die personenbezogenen Daten, die wir \u00fcber Sie gespeichert haben, in einer Datei an Sie oder eine andere von Ihnen genannte Organisation zu senden.<\/p>\n\n\n\n<p>Sie k\u00f6nnen eine Anfrage zur \u00c4nderung, L\u00f6schung oder Daten\u00fcbertragung Ihrer Daten oder einen Antrag auf Widerruf Ihrer Einwilligung oder Widerspruch gegen die Verarbeitung Ihrer Daten an&nbsp;<a href=\"https:\/\/info@koonings.com\/\">info@koonings.com<\/a>&nbsp;senden.<\/p>\n\n\n\n<p>Bitte f\u00fcgen Sie dem Antrag eine Kopie Ihres Identit\u00e4tsnachweises bei, um sicherzustellen, dass Sie berechtigt sind eine Einsichtnahme zu beantragen. Machen Sie in dieser Kopie Ihr Passfoto, MRZ (maschinenlesbare Zone, der Nummernstreifen am unteren Rand des Passes), Passnummer und B\u00fcrgerservicenummer schwarz. Dies ist ein Schutz Ihrer Privatsph\u00e4re. Unser Ziel ist es, Ihre Anfrage innerhalb von vier Wochen zu beantworten.<\/p>\n\n\n\n<p>Koonings, The Wedding Palace, empfiehlt Ihnen, eine Beschwerde bei der nationalen Aufsichtsbeh\u00f6rde, der niederl\u00e4ndischen Datenschutzbeh\u00f6rde, einzureichen. Dies kann \u00fcber den folgenden Link erfolgen:&nbsp;&nbsp;<a href=\"https:\/\/autoriteitpersoonsgegevens.nl\/nl\/contact-met-de-autoriteit-persoonsgegevens\/tip-ons\" target=\"_blank\" rel=\"noreferrer noopener\">https:\/\/autoriteitpersoonsgegevens.nl\/nl\/contact-met-de-autoriteit-persoonsgegevens\/tip-ons<\/a><\/p>\n\n\n\n<p><strong>Wie wir personenbezogene Daten sch\u00fctzen.<\/strong><br>Koonings, The Wedding Palace, sch\u00fctzt die Daten der Nutzer sehr ernst und ergreift geeignete Ma\u00dfnahmen, um Missbrauch, Verlust, unbefugten Zugriff, unerw\u00fcnschte Offenlegung und unbefugte \u00c4nderungen zu verhindern. Wenn Sie der Meinung sind, dass Ihre Daten nicht ausreichend gesichert sind oder Anzeichen f\u00fcr einen Missbrauch vorliegen, wenden Sie sich bitte an unseren Kundenservice oder senden Sie eine E-Mail an&nbsp;<a href=\"https:\/\/info@koonings.com\/\">info@koonings.com<\/a>.ease get in touch with our customer service or via&nbsp;<a href=\"mailto:info@koonings.com\">info@koonings.com<\/a><\/p>\n\n\n\n<h3 class=\"wp-block-heading\" id=\"cookies\"><strong>Cookies<\/strong><\/h3>\n\n\n\n<p>[cookie_declaration lang=&#8221;de&#8221;]<\/p>\n\n<\/div>\r\n            <\/div>\r\n        <\/div>\r\n    <\/div>\r\n\r\n<\/div>\r\n\r\n    ","protected":false},"excerpt":{"rendered":"","protected":false},"author":1,"featured_media":0,"parent":0,"menu_order":0,"comment_status":"closed","ping_status":"closed","template":"","meta":{"_acf_changed":false,"ghostkit_customizer_options":"","ghostkit_custom_css":"","ghostkit_custom_js_head":"","ghostkit_custom_js_foot":"","ghostkit_typography":"","footnotes":""},"class_list":["post-16711","page","type-page","status-publish","hentry"],"acf":[],"yoast_head":"<!-- This site is optimized with the Yoast SEO plugin v26.8 - https:\/\/yoast.com\/product\/yoast-seo-wordpress\/ -->\n<title>Bedingungen &amp; Datenschutz | Koonings<\/title>\n<meta name=\"robots\" content=\"index, follow, max-snippet:-1, max-image-preview:large, max-video-preview:-1\" \/>\n<link rel=\"canonical\" href=\"https:\/\/www.koonings.com\/de\/bedingungen-datenschutz\/\" \/>\n<meta property=\"og:locale\" content=\"de_DE\" \/>\n<meta property=\"og:type\" content=\"article\" \/>\n<meta property=\"og:title\" content=\"Bedingungen &amp; Datenschutz | Koonings\" \/>\n<meta property=\"og:url\" content=\"https:\/\/www.koonings.com\/de\/bedingungen-datenschutz\/\" \/>\n<meta property=\"og:site_name\" content=\"Koonings\" \/>\n<meta property=\"article:publisher\" content=\"https:\/\/www.facebook.com\/kooningstheweddingpalace\" \/>\n<meta property=\"article:modified_time\" content=\"2024-08-29T11:31:58+00:00\" \/>\n<meta property=\"og:image\" content=\"https:\/\/www.koonings.com\/wp-content\/uploads\/2024\/06\/palace-hero-screenshot-1024x575.png\" \/>\n\t<meta property=\"og:image:width\" content=\"1024\" \/>\n\t<meta property=\"og:image:height\" content=\"575\" \/>\n\t<meta property=\"og:image:type\" content=\"image\/png\" \/>\n<meta name=\"twitter:card\" content=\"summary_large_image\" \/>\n<meta name=\"twitter:label1\" content=\"Gesch\u00e4tzte Lesezeit\" \/>\n\t<meta name=\"twitter:data1\" content=\"4\u00a0Minuten\" \/>\n<script type=\"application\/ld+json\" class=\"yoast-schema-graph\">{\"@context\":\"https:\/\/schema.org\",\"@graph\":[{\"@type\":\"WebPage\",\"@id\":\"https:\/\/www.koonings.com\/de\/bedingungen-datenschutz\/\",\"url\":\"https:\/\/www.koonings.com\/de\/bedingungen-datenschutz\/\",\"name\":\"Bedingungen &amp; Datenschutz | Koonings\",\"isPartOf\":{\"@id\":\"https:\/\/www.koonings.com\/de\/#website\"},\"datePublished\":\"2024-07-23T13:23:27+00:00\",\"dateModified\":\"2024-08-29T11:31:58+00:00\",\"breadcrumb\":{\"@id\":\"https:\/\/www.koonings.com\/de\/bedingungen-datenschutz\/#breadcrumb\"},\"inLanguage\":\"de\",\"potentialAction\":[{\"@type\":\"ReadAction\",\"target\":[\"https:\/\/www.koonings.com\/de\/bedingungen-datenschutz\/\"]}]},{\"@type\":\"BreadcrumbList\",\"@id\":\"https:\/\/www.koonings.com\/de\/bedingungen-datenschutz\/#breadcrumb\",\"itemListElement\":[{\"@type\":\"ListItem\",\"position\":1,\"name\":\"Home\",\"item\":\"https:\/\/www.koonings.com\/de\/\"},{\"@type\":\"ListItem\",\"position\":2,\"name\":\"Bedingungen &amp; Datenschutz\"}]},{\"@type\":\"WebSite\",\"@id\":\"https:\/\/www.koonings.com\/de\/#website\",\"url\":\"https:\/\/www.koonings.com\/de\/\",\"name\":\"Koonings\",\"description\":\"De grootste bruidsmodewinkel ter wereld\",\"publisher\":{\"@id\":\"https:\/\/www.koonings.com\/de\/#organization\"},\"potentialAction\":[{\"@type\":\"SearchAction\",\"target\":{\"@type\":\"EntryPoint\",\"urlTemplate\":\"https:\/\/www.koonings.com\/de\/?s={search_term_string}\"},\"query-input\":{\"@type\":\"PropertyValueSpecification\",\"valueRequired\":true,\"valueName\":\"search_term_string\"}}],\"inLanguage\":\"de\"},{\"@type\":\"Organization\",\"@id\":\"https:\/\/www.koonings.com\/de\/#organization\",\"name\":\"Koonings\",\"url\":\"https:\/\/www.koonings.com\/de\/\",\"logo\":{\"@type\":\"ImageObject\",\"inLanguage\":\"de\",\"@id\":\"https:\/\/www.koonings.com\/de\/#\/schema\/logo\/image\/\",\"url\":\"https:\/\/www.koonings.com\/wp-content\/uploads\/2024\/07\/logo.png\",\"contentUrl\":\"https:\/\/www.koonings.com\/wp-content\/uploads\/2024\/07\/logo.png\",\"width\":600,\"height\":428,\"caption\":\"Koonings\"},\"image\":{\"@id\":\"https:\/\/www.koonings.com\/de\/#\/schema\/logo\/image\/\"},\"sameAs\":[\"https:\/\/www.facebook.com\/kooningstheweddingpalace\",\"https:\/\/www.instagram.com\/kooningstheweddingpalace\",\"https:\/\/www.pinterest.com\/koonings\",\"https:\/\/www.youtube.com\/kooningstheweddingpalace\"]}]}<\/script>\n<!-- \/ Yoast SEO plugin. -->","yoast_head_json":{"title":"Bedingungen &amp; Datenschutz | Koonings","robots":{"index":"index","follow":"follow","max-snippet":"max-snippet:-1","max-image-preview":"max-image-preview:large","max-video-preview":"max-video-preview:-1"},"canonical":"https:\/\/www.koonings.com\/de\/bedingungen-datenschutz\/","og_locale":"de_DE","og_type":"article","og_title":"Bedingungen &amp; Datenschutz | Koonings","og_url":"https:\/\/www.koonings.com\/de\/bedingungen-datenschutz\/","og_site_name":"Koonings","article_publisher":"https:\/\/www.facebook.com\/kooningstheweddingpalace","article_modified_time":"2024-08-29T11:31:58+00:00","og_image":[{"width":1024,"height":575,"url":"https:\/\/www.koonings.com\/wp-content\/uploads\/2024\/06\/palace-hero-screenshot-1024x575.png","type":"image\/png"}],"twitter_card":"summary_large_image","twitter_misc":{"Gesch\u00e4tzte Lesezeit":"4\u00a0Minuten"},"schema":{"@context":"https:\/\/schema.org","@graph":[{"@type":"WebPage","@id":"https:\/\/www.koonings.com\/de\/bedingungen-datenschutz\/","url":"https:\/\/www.koonings.com\/de\/bedingungen-datenschutz\/","name":"Bedingungen &amp; Datenschutz | Koonings","isPartOf":{"@id":"https:\/\/www.koonings.com\/de\/#website"},"datePublished":"2024-07-23T13:23:27+00:00","dateModified":"2024-08-29T11:31:58+00:00","breadcrumb":{"@id":"https:\/\/www.koonings.com\/de\/bedingungen-datenschutz\/#breadcrumb"},"inLanguage":"de","potentialAction":[{"@type":"ReadAction","target":["https:\/\/www.koonings.com\/de\/bedingungen-datenschutz\/"]}]},{"@type":"BreadcrumbList","@id":"https:\/\/www.koonings.com\/de\/bedingungen-datenschutz\/#breadcrumb","itemListElement":[{"@type":"ListItem","position":1,"name":"Home","item":"https:\/\/www.koonings.com\/de\/"},{"@type":"ListItem","position":2,"name":"Bedingungen &amp; Datenschutz"}]},{"@type":"WebSite","@id":"https:\/\/www.koonings.com\/de\/#website","url":"https:\/\/www.koonings.com\/de\/","name":"Koonings","description":"De grootste bruidsmodewinkel ter wereld","publisher":{"@id":"https:\/\/www.koonings.com\/de\/#organization"},"potentialAction":[{"@type":"SearchAction","target":{"@type":"EntryPoint","urlTemplate":"https:\/\/www.koonings.com\/de\/?s={search_term_string}"},"query-input":{"@type":"PropertyValueSpecification","valueRequired":true,"valueName":"search_term_string"}}],"inLanguage":"de"},{"@type":"Organization","@id":"https:\/\/www.koonings.com\/de\/#organization","name":"Koonings","url":"https:\/\/www.koonings.com\/de\/","logo":{"@type":"ImageObject","inLanguage":"de","@id":"https:\/\/www.koonings.com\/de\/#\/schema\/logo\/image\/","url":"https:\/\/www.koonings.com\/wp-content\/uploads\/2024\/07\/logo.png","contentUrl":"https:\/\/www.koonings.com\/wp-content\/uploads\/2024\/07\/logo.png","width":600,"height":428,"caption":"Koonings"},"image":{"@id":"https:\/\/www.koonings.com\/de\/#\/schema\/logo\/image\/"},"sameAs":["https:\/\/www.facebook.com\/kooningstheweddingpalace","https:\/\/www.instagram.com\/kooningstheweddingpalace","https:\/\/www.pinterest.com\/koonings","https:\/\/www.youtube.com\/kooningstheweddingpalace"]}]}},"_links":{"self":[{"href":"https:\/\/www.koonings.com\/de\/wp-json\/wp\/v2\/pages\/16711","targetHints":{"allow":["GET"]}}],"collection":[{"href":"https:\/\/www.koonings.com\/de\/wp-json\/wp\/v2\/pages"}],"about":[{"href":"https:\/\/www.koonings.com\/de\/wp-json\/wp\/v2\/types\/page"}],"author":[{"embeddable":true,"href":"https:\/\/www.koonings.com\/de\/wp-json\/wp\/v2\/users\/1"}],"replies":[{"embeddable":true,"href":"https:\/\/www.koonings.com\/de\/wp-json\/wp\/v2\/comments?post=16711"}],"version-history":[{"count":6,"href":"https:\/\/www.koonings.com\/de\/wp-json\/wp\/v2\/pages\/16711\/revisions"}],"predecessor-version":[{"id":16863,"href":"https:\/\/www.koonings.com\/de\/wp-json\/wp\/v2\/pages\/16711\/revisions\/16863"}],"wp:attachment":[{"href":"https:\/\/www.koonings.com\/de\/wp-json\/wp\/v2\/media?parent=16711"}],"curies":[{"name":"wp","href":"https:\/\/api.w.org\/{rel}","templated":true}]}}