{"id":16697,"date":"2024-07-19T13:43:25","date_gmt":"2024-07-19T11:43:25","guid":{"rendered":"https:\/\/www.koonings.com\/vip-paket\/"},"modified":"2025-04-09T14:23:32","modified_gmt":"2025-04-09T12:23:32","slug":"vip-paket","status":"publish","type":"page","link":"https:\/\/www.koonings.com\/de\/vip-paket\/","title":{"rendered":"VIP-Paket"},"content":{"rendered":"\r\n\r\n<div class=\"eye-element fullwidth-row alignfull style-both bg--none  alignfull \" style=\" \">\r\n\r\n    <div class=\"container\">\r\n        <div class=\"row\">\r\n            <div class=\"col-12\">\r\n                <div class=\"acf-innerblocks-container\">\n\n<h1 class=\"wp-block-heading has-text-align-center\" id=\"jouw-droom-wordt-onze-missie\">Dein Traum ist unsere Mission<\/h1>\n\n\n\n<p class=\"has-text-align-center\">Genie\u00df die Suche nach deinem Hochzeitskleid. Mit einem Glas Champagner wirst du und deine Entourage im extra gro\u00dfen VIP-Raum von einem unserer Stylisten empfangen. Leckere Snacks und deine eigene Champagnerbar warten auf dich. Deine pers\u00f6nliche Stylistin wird dir helfen, das perfekte Kleid zu finden, w\u00e4hrend deine Entourage es sich auf unseren sch\u00f6nen Sofas bequem macht.<\/p>\n\n\n\r\n<div class=\"eye-element bsbutton text-center \" >\r\n\t        <a class=\"btn btn-primary\" href=\"#arrangementen\"\r\n           target=\"\">Das VIP-Paket ansehen<\/a>\r\n\t<\/div>\n\n\r\n<div class=\"eye-block empty-space empty-space--small pt-md-3 pb-md-3 pt-2 pb-2\" ><\/div>\n<\/div>\r\n            <\/div>\r\n        <\/div>\r\n    <\/div>\r\n\r\n<\/div>\r\n\r\n    \n\n\r\n\r\n<div class=\"eye-element fullwidth-row alignfull style-both bg--none  alignfull \" style=\" \">\r\n\r\n    <div class=\"container\">\r\n        <div class=\"row\">\r\n            <div class=\"col-12\">\r\n                <div class=\"acf-innerblocks-container\">\n\n<div class=\"ghostkit-grid ghostkit-grid-gap-md ghostkit-grid-align-items-center\"><div class=\"ghostkit-grid-inner\">\n<div class=\"ghostkit-col ghostkit-col-md-12 ghostkit-col-6\"><div class=\"ghostkit-col-content is-layout-flow wp-block-ghostkit-grid-column-is-layout-flow\">\n<h2 class=\"wp-block-heading\" id=\"ervaar-het-gevoel-van-trouwjurken-passen\">Du stehst im Mittelpunkt<\/h2>\n\n\n\n<p>Zwei Stunden sind f\u00fcr dich reserviert, damit du in aller Ruhe ausw\u00e4hlen und anprobieren kannst. W\u00e4hrend es deiner Entourage an nichts fehlt, wirst du von deiner pers\u00f6nlichen Stylistin bei der Suche nach deinem Brautkleid unterst\u00fctzt. Das Ziel: das Hochzeitskleid zu finden, das zu dir passt. Entscheidest du dich f\u00fcr Couture oder vielleicht sogar f\u00fcr ein ma\u00dfgefertigtes Kleid?  Dein Traum ist unserer Mission!<\/p>\n<\/div><\/div>\n\n\n\n<div class=\"ghostkit-col ghostkit-col-md-12 ghostkit-col-6\"><div class=\"ghostkit-col-content is-layout-flow wp-block-ghostkit-grid-column-is-layout-flow\">\r\n<div class=\"eye-element images style-default variant-1 multi-image\">\r\n\r\n\t        <div class=\"composition\">\r\n\t\t\t                <div class=\"image-0\">\r\n                    <img decoding=\"async\" class=\"img-fluid\" src=\"https:\/\/www.koonings.com\/wp-content\/uploads\/2025\/01\/2444-105-300x188.jpg\" srcset=\"https:\/\/www.koonings.com\/wp-content\/uploads\/2025\/01\/2444-105-300x188.jpg 300w, https:\/\/www.koonings.com\/wp-content\/uploads\/2025\/01\/2444-105-1024x640.jpg 1024w, https:\/\/www.koonings.com\/wp-content\/uploads\/2025\/01\/2444-105-768x480.jpg 768w, https:\/\/www.koonings.com\/wp-content\/uploads\/2025\/01\/2444-105-1536x960.jpg 1536w, https:\/\/www.koonings.com\/wp-content\/uploads\/2025\/01\/2444-105-2048x1280.jpg 2048w\" alt=\"\">\r\n                <\/div>\r\n\t\t\t\r\n            <div class=\"swiper images-swiper\">\r\n\r\n\t\t\t\t\r\n                <div class=\"swiper-wrapper\">\r\n\t\t\t\t\t                        <li class=\"swiper-slide\">\r\n                            <img decoding=\"async\" class=\" img-fluid\" src=\"https:\/\/www.koonings.com\/wp-content\/uploads\/2025\/01\/2444-101-1024x768.jpg\" srcset=\"https:\/\/www.koonings.com\/wp-content\/uploads\/2025\/01\/2444-101-scaled.jpg\" alt=\"\">\r\n                        <\/li>\r\n\t\t\t\t\t                <\/div>\r\n\r\n                <div class=\"swiper-pagination\"><\/div>\r\n\r\n                <div class=\"swiper-button-prev\"><\/div>\r\n                <div class=\"swiper-button-next\"><\/div>\r\n\r\n            <\/div>\r\n\r\n        <\/div>\r\n\t\r\n\t<\/div><\/div><\/div>\n<\/div><\/div>\n\n\n\r\n<div class=\"eye-block empty-space empty-space--large pt-md-5 pb-md-5 pt-4 pb-4\" ><\/div>\n<\/div>\r\n            <\/div>\r\n        <\/div>\r\n    <\/div>\r\n\r\n<\/div>\r\n\r\n    \n\n\r\n\r\n<div class=\"eye-element fullwidth-row alignfull style-both bg--lightgray  alignfull \" style=\" \">\r\n\r\n    <div class=\"container\">\r\n        <div class=\"row\">\r\n            <div class=\"col-12\">\r\n                <div class=\"acf-innerblocks-container\">\n\n<div class=\"ghostkit-grid ghostkit-grid-gap-md ghostkit-grid-align-items-center\"><div class=\"ghostkit-grid-inner\">\n<div class=\"ghostkit-col ghostkit-col-md-12 ghostkit-col-6\"><div class=\"ghostkit-col-content is-layout-flow wp-block-ghostkit-grid-column-is-layout-flow\">\r\n<div class=\"eye-element images style-default variant-4 multi-image\">\r\n\r\n\t        <div class=\"composition\">\r\n\t\t\t                <div class=\"image-0\">\r\n                    <img decoding=\"async\" class=\"img-fluid\" src=\"https:\/\/www.koonings.com\/wp-content\/uploads\/2025\/01\/2444-106-2-300x300.jpg\" srcset=\"https:\/\/www.koonings.com\/wp-content\/uploads\/2025\/01\/2444-106-2-300x300.jpg 300w, https:\/\/www.koonings.com\/wp-content\/uploads\/2025\/01\/2444-106-2-1024x1024.jpg 1024w, https:\/\/www.koonings.com\/wp-content\/uploads\/2025\/01\/2444-106-2-150x150.jpg 150w, https:\/\/www.koonings.com\/wp-content\/uploads\/2025\/01\/2444-106-2-768x768.jpg 768w, https:\/\/www.koonings.com\/wp-content\/uploads\/2025\/01\/2444-106-2-1536x1536.jpg 1536w, https:\/\/www.koonings.com\/wp-content\/uploads\/2025\/01\/2444-106-2-2048x2048.jpg 2048w\" alt=\"\">\r\n                <\/div>\r\n\t\t\t\r\n            <div class=\"swiper images-swiper\">\r\n\r\n\t\t\t\t\r\n                <div class=\"swiper-wrapper\">\r\n\t\t\t\t\t                        <li class=\"swiper-slide\">\r\n                            <img decoding=\"async\" class=\" img-fluid\" src=\"https:\/\/www.koonings.com\/wp-content\/uploads\/2025\/01\/2444-81-1024x640.jpg\" srcset=\"https:\/\/www.koonings.com\/wp-content\/uploads\/2025\/01\/2444-81-scaled.jpg\" alt=\"\">\r\n                        <\/li>\r\n\t\t\t\t\t                <\/div>\r\n\r\n                <div class=\"swiper-pagination\"><\/div>\r\n\r\n                <div class=\"swiper-button-prev\"><\/div>\r\n                <div class=\"swiper-button-next\"><\/div>\r\n\r\n            <\/div>\r\n\r\n        <\/div>\r\n\t\r\n\t<\/div><\/div><\/div>\n\n\n\n<div class=\"ghostkit-col ghostkit-col-md-12 ghostkit-col-6\"><div class=\"ghostkit-col-content is-layout-flow wp-block-ghostkit-grid-column-is-layout-flow\">\n<h2 class=\"wp-block-heading\" id=\"ervaar-het-gevoel-van-trouwjurken-passen\">Mache deinen Termin zu etwas ganz Besonderem<\/h2>\n\n\n\n<p>W\u00e4hrend deine Entourage auf deinen Laufstegmomente wartet, genie\u00dfen sie k\u00f6stliche Snacks und eine Auswahl an hei\u00dfen und kalten Getr\u00e4nken. Kurzum, ein Erlebnis f\u00fcr alle.<\/p>\n<\/div><\/div>\n<\/div><\/div>\n\n<\/div>\r\n            <\/div>\r\n        <\/div>\r\n    <\/div>\r\n\r\n<\/div>\r\n\r\n    \n\n\n<div class=\"ghostkit-grid ghostkit-grid-gap-md\"><div class=\"ghostkit-grid-inner\">\n<div class=\"ghostkit-col ghostkit-col-lg-12 ghostkit-col-4\"><div class=\"ghostkit-col-content is-layout-flow wp-block-ghostkit-grid-column-is-layout-flow\">\n<figure class=\"wp-block-image size-large\"><img decoding=\"async\" width=\"1024\" height=\"689\" src=\"https:\/\/www.koonings.com\/wp-content\/uploads\/2024\/07\/vip_1_0-1024x689.jpg\" alt=\"VIP Umkleideraum mit Laufsteg\" class=\"wp-image-4022\" style=\"aspect-ratio:3\/4;object-fit:cover\" srcset=\"https:\/\/www.koonings.com\/wp-content\/uploads\/2024\/07\/vip_1_0-1024x689.jpg 1024w, https:\/\/www.koonings.com\/wp-content\/uploads\/2024\/07\/vip_1_0-300x202.jpg 300w, https:\/\/www.koonings.com\/wp-content\/uploads\/2024\/07\/vip_1_0-768x517.jpg 768w, https:\/\/www.koonings.com\/wp-content\/uploads\/2024\/07\/vip_1_0-1536x1033.jpg 1536w, https:\/\/www.koonings.com\/wp-content\/uploads\/2024\/07\/vip_1_0-2048x1378.jpg 2048w\" sizes=\"(max-width: 1024px) 100vw, 1024px\" \/><\/figure>\n\n\n\n<p class=\"has-text-align-center\">Eigener Anprobesalon mit Laufsteg<\/p>\n<\/div><\/div>\n\n\n\n<div class=\"ghostkit-col ghostkit-col-lg-12 ghostkit-col-4\"><div class=\"ghostkit-col-content is-layout-flow wp-block-ghostkit-grid-column-is-layout-flow\">\n<figure class=\"wp-block-image size-large\"><img decoding=\"async\" width=\"683\" height=\"1024\" src=\"https:\/\/www.koonings.com\/wp-content\/uploads\/2024\/07\/60826606_2340075836013595_4536958393545392128_n-683x1024.jpeg\" alt=\"VIP-Braut mit Stylistin Romy\" class=\"wp-image-4018\" style=\"aspect-ratio:3\/4;object-fit:cover\" srcset=\"https:\/\/www.koonings.com\/wp-content\/uploads\/2024\/07\/60826606_2340075836013595_4536958393545392128_n-683x1024.jpeg 683w, https:\/\/www.koonings.com\/wp-content\/uploads\/2024\/07\/60826606_2340075836013595_4536958393545392128_n-200x300.jpeg 200w, https:\/\/www.koonings.com\/wp-content\/uploads\/2024\/07\/60826606_2340075836013595_4536958393545392128_n-768x1152.jpeg 768w, https:\/\/www.koonings.com\/wp-content\/uploads\/2024\/07\/60826606_2340075836013595_4536958393545392128_n-1024x1536.jpeg 1024w, https:\/\/www.koonings.com\/wp-content\/uploads\/2024\/07\/60826606_2340075836013595_4536958393545392128_n.jpeg 1365w\" sizes=\"(max-width: 683px) 100vw, 683px\" \/><\/figure>\n\n\n\n<p class=\"has-text-align-center\">Beratung und Brautkleidanprobe mit deiner pers\u00f6nlichen Stylistin<\/p>\n<\/div><\/div>\n\n\n\n<div class=\"ghostkit-col ghostkit-col-lg-12 ghostkit-col-4\"><div class=\"ghostkit-col-content is-layout-flow wp-block-ghostkit-grid-column-is-layout-flow\">\n<figure class=\"wp-block-image size-large\"><img decoding=\"async\" width=\"683\" height=\"1024\" src=\"https:\/\/www.koonings.com\/wp-content\/uploads\/2024\/07\/60349226_2340075462680299_49238673312448512_n-683x1024.jpeg\" alt=\"Moet Champagner wird im VIP-Showroom serviert\" class=\"wp-image-4014\" style=\"aspect-ratio:3\/4;object-fit:cover\" srcset=\"https:\/\/www.koonings.com\/wp-content\/uploads\/2024\/07\/60349226_2340075462680299_49238673312448512_n-683x1024.jpeg 683w, https:\/\/www.koonings.com\/wp-content\/uploads\/2024\/07\/60349226_2340075462680299_49238673312448512_n-200x300.jpeg 200w, https:\/\/www.koonings.com\/wp-content\/uploads\/2024\/07\/60349226_2340075462680299_49238673312448512_n-768x1152.jpeg 768w, https:\/\/www.koonings.com\/wp-content\/uploads\/2024\/07\/60349226_2340075462680299_49238673312448512_n-1024x1536.jpeg 1024w, https:\/\/www.koonings.com\/wp-content\/uploads\/2024\/07\/60349226_2340075462680299_49238673312448512_n.jpeg 1365w\" sizes=\"(max-width: 683px) 100vw, 683px\" \/><\/figure>\n\n\n\n<p class=\"has-text-align-center\">Champagner an der Champagnerbar<br><\/p>\n<\/div><\/div>\n<\/div><\/div>\n\n\n\r\n\r\n<div class=\"eye-element fullwidth-row alignfull style-both bg--none  alignfull \" style=\" \">\r\n\r\n    <div class=\"container\">\r\n        <div class=\"row\">\r\n            <div class=\"col-12\">\r\n                <div class=\"acf-innerblocks-container\">\n\n<h2 class=\"wp-block-heading has-text-align-center\" id=\"arrangementen\">Buche deinen VIP-Termin<\/h2>\n\n\n\n<h2 class=\"wp-block-heading\" id=\"preise\">Preise<\/h2>\n\n\n\n<p><strong>Kosten VIP- Paket<\/strong><br>45,00\u20ac pro Person* <br>Der Preis versteht sich inklusive einer Flasche Mo\u00ebt &amp; Chandon Champagner f\u00fcr dich und deine Entourage, sowie drei weiteren Getr\u00e4nken (Auswahl aus kalten und warmen Getr\u00e4nken) sowie herrlichen H\u00e4ppchen zum zwischendurch Genie\u00dfen. Kurzum: ein wundervoller Moment in der eigenen privaten Anprobe inklusive Laufsteg, um die Liebe in stimmungsvoller Atmosph\u00e4re zu feiern.<br><br>*f\u00fcr Gruppen mit weniger als f\u00fcnf Personen gilt ein Mindestbetrag zur Buchung des VIP Pakets von 225,00\u20ac<br><em>(Zus\u00e4tzliche Getr\u00e4nke k\u00f6nnen selbstverst\u00e4ndlich gern bestellt werden, diese k\u00f6nnen im Anschluss an den Termin direkt im Restaurant bezahlt werden)<\/em><\/p>\n\n\n\n<p><\/p>\n\n\n\n<p><\/p>\n\n\n\n<p><strong>Mache dein VIP-Paket noch spezieller mit untenstehenden Extra&#8217;s<\/strong><br><em>(Gib deine Upgradew\u00fcnsche bitte vor dem Termin an uns durch)<\/em><\/p>\n\n\n\n<p><strong>Champagner<\/strong><br><em>von 49,00-990,00\u20ac  serviert in unserer Champagnerbar<\/em><\/p>\n\n\n\n<p><strong>Austern<\/strong><br><em>von 2,50-4,00\u20ac per St\u00fcck &#8211; serviert durch unseren Chefkoch<\/em><\/p>\n\n\n\n<p><strong>Kaviar<\/strong><br><em>von 65,00-225,00\u20ac serviert mit Blinis<\/em><\/p>\n\n\n\r\n<div class=\"eye-element bsbutton text-center \" >\r\n\t        <a class=\"btn btn-gold\" href=\"https:\/\/www.koonings.com\/de\/?page_id=107606\"\r\n           target=\"\">Vereinbare deinen Termin<\/a>\r\n\t<\/div>\n<\/div>\r\n            <\/div>\r\n        <\/div>\r\n    <\/div>\r\n\r\n<\/div>\r\n\r\n    ","protected":false},"excerpt":{"rendered":"","protected":false},"author":1,"featured_media":0,"parent":0,"menu_order":0,"comment_status":"closed","ping_status":"closed","template":"","meta":{"_acf_changed":false,"ghostkit_customizer_options":"","ghostkit_custom_css":"","ghostkit_custom_js_head":"","ghostkit_custom_js_foot":"","ghostkit_typography":"","footnotes":""},"class_list":["post-16697","page","type-page","status-publish","hentry"],"acf":[],"yoast_head":"<!-- This site is optimized with the Yoast SEO plugin v26.8 - https:\/\/yoast.com\/product\/yoast-seo-wordpress\/ -->\n<title>VIP-Paket | Koonings<\/title>\n<meta name=\"robots\" content=\"index, follow, max-snippet:-1, max-image-preview:large, max-video-preview:-1\" \/>\n<link rel=\"canonical\" href=\"https:\/\/www.koonings.com\/de\/vip-paket\/\" \/>\n<meta property=\"og:locale\" content=\"de_DE\" \/>\n<meta property=\"og:type\" content=\"article\" \/>\n<meta property=\"og:title\" content=\"VIP-Paket | Koonings\" \/>\n<meta property=\"og:url\" content=\"https:\/\/www.koonings.com\/de\/vip-paket\/\" \/>\n<meta property=\"og:site_name\" content=\"Koonings\" \/>\n<meta property=\"article:publisher\" content=\"https:\/\/www.facebook.com\/kooningstheweddingpalace\" \/>\n<meta property=\"article:modified_time\" content=\"2025-04-09T12:23:32+00:00\" \/>\n<meta property=\"og:image\" content=\"https:\/\/www.koonings.com\/wp-content\/uploads\/2024\/07\/vip_1_0-1024x689.jpg\" \/>\n<meta name=\"twitter:card\" content=\"summary_large_image\" \/>\n<meta name=\"twitter:label1\" content=\"Gesch\u00e4tzte Lesezeit\" \/>\n\t<meta name=\"twitter:data1\" content=\"2\u00a0Minuten\" \/>\n<script type=\"application\/ld+json\" class=\"yoast-schema-graph\">{\"@context\":\"https:\/\/schema.org\",\"@graph\":[{\"@type\":\"WebPage\",\"@id\":\"https:\/\/www.koonings.com\/de\/vip-paket\/\",\"url\":\"https:\/\/www.koonings.com\/de\/vip-paket\/\",\"name\":\"VIP-Paket | Koonings\",\"isPartOf\":{\"@id\":\"https:\/\/www.koonings.com\/de\/#website\"},\"primaryImageOfPage\":{\"@id\":\"https:\/\/www.koonings.com\/de\/vip-paket\/#primaryimage\"},\"image\":{\"@id\":\"https:\/\/www.koonings.com\/de\/vip-paket\/#primaryimage\"},\"thumbnailUrl\":\"https:\/\/www.koonings.com\/wp-content\/uploads\/2024\/07\/vip_1_0-1024x689.jpg\",\"datePublished\":\"2024-07-19T11:43:25+00:00\",\"dateModified\":\"2025-04-09T12:23:32+00:00\",\"breadcrumb\":{\"@id\":\"https:\/\/www.koonings.com\/de\/vip-paket\/#breadcrumb\"},\"inLanguage\":\"de\",\"potentialAction\":[{\"@type\":\"ReadAction\",\"target\":[\"https:\/\/www.koonings.com\/de\/vip-paket\/\"]}]},{\"@type\":\"ImageObject\",\"inLanguage\":\"de\",\"@id\":\"https:\/\/www.koonings.com\/de\/vip-paket\/#primaryimage\",\"url\":\"https:\/\/www.koonings.com\/wp-content\/uploads\/2024\/07\/vip_1_0-1024x689.jpg\",\"contentUrl\":\"https:\/\/www.koonings.com\/wp-content\/uploads\/2024\/07\/vip_1_0-1024x689.jpg\"},{\"@type\":\"BreadcrumbList\",\"@id\":\"https:\/\/www.koonings.com\/de\/vip-paket\/#breadcrumb\",\"itemListElement\":[{\"@type\":\"ListItem\",\"position\":1,\"name\":\"Home\",\"item\":\"https:\/\/www.koonings.com\/de\/\"},{\"@type\":\"ListItem\",\"position\":2,\"name\":\"VIP-Paket\"}]},{\"@type\":\"WebSite\",\"@id\":\"https:\/\/www.koonings.com\/de\/#website\",\"url\":\"https:\/\/www.koonings.com\/de\/\",\"name\":\"Koonings\",\"description\":\"De grootste bruidsmodewinkel ter wereld\",\"publisher\":{\"@id\":\"https:\/\/www.koonings.com\/de\/#organization\"},\"potentialAction\":[{\"@type\":\"SearchAction\",\"target\":{\"@type\":\"EntryPoint\",\"urlTemplate\":\"https:\/\/www.koonings.com\/de\/?s={search_term_string}\"},\"query-input\":{\"@type\":\"PropertyValueSpecification\",\"valueRequired\":true,\"valueName\":\"search_term_string\"}}],\"inLanguage\":\"de\"},{\"@type\":\"Organization\",\"@id\":\"https:\/\/www.koonings.com\/de\/#organization\",\"name\":\"Koonings\",\"url\":\"https:\/\/www.koonings.com\/de\/\",\"logo\":{\"@type\":\"ImageObject\",\"inLanguage\":\"de\",\"@id\":\"https:\/\/www.koonings.com\/de\/#\/schema\/logo\/image\/\",\"url\":\"https:\/\/www.koonings.com\/wp-content\/uploads\/2024\/07\/logo.png\",\"contentUrl\":\"https:\/\/www.koonings.com\/wp-content\/uploads\/2024\/07\/logo.png\",\"width\":600,\"height\":428,\"caption\":\"Koonings\"},\"image\":{\"@id\":\"https:\/\/www.koonings.com\/de\/#\/schema\/logo\/image\/\"},\"sameAs\":[\"https:\/\/www.facebook.com\/kooningstheweddingpalace\",\"https:\/\/www.instagram.com\/kooningstheweddingpalace\",\"https:\/\/www.pinterest.com\/koonings\",\"https:\/\/www.youtube.com\/kooningstheweddingpalace\"]}]}<\/script>\n<!-- \/ Yoast SEO plugin. -->","yoast_head_json":{"title":"VIP-Paket | Koonings","robots":{"index":"index","follow":"follow","max-snippet":"max-snippet:-1","max-image-preview":"max-image-preview:large","max-video-preview":"max-video-preview:-1"},"canonical":"https:\/\/www.koonings.com\/de\/vip-paket\/","og_locale":"de_DE","og_type":"article","og_title":"VIP-Paket | Koonings","og_url":"https:\/\/www.koonings.com\/de\/vip-paket\/","og_site_name":"Koonings","article_publisher":"https:\/\/www.facebook.com\/kooningstheweddingpalace","article_modified_time":"2025-04-09T12:23:32+00:00","og_image":[{"url":"https:\/\/www.koonings.com\/wp-content\/uploads\/2024\/07\/vip_1_0-1024x689.jpg","type":"","width":"","height":""}],"twitter_card":"summary_large_image","twitter_misc":{"Gesch\u00e4tzte Lesezeit":"2\u00a0Minuten"},"schema":{"@context":"https:\/\/schema.org","@graph":[{"@type":"WebPage","@id":"https:\/\/www.koonings.com\/de\/vip-paket\/","url":"https:\/\/www.koonings.com\/de\/vip-paket\/","name":"VIP-Paket | Koonings","isPartOf":{"@id":"https:\/\/www.koonings.com\/de\/#website"},"primaryImageOfPage":{"@id":"https:\/\/www.koonings.com\/de\/vip-paket\/#primaryimage"},"image":{"@id":"https:\/\/www.koonings.com\/de\/vip-paket\/#primaryimage"},"thumbnailUrl":"https:\/\/www.koonings.com\/wp-content\/uploads\/2024\/07\/vip_1_0-1024x689.jpg","datePublished":"2024-07-19T11:43:25+00:00","dateModified":"2025-04-09T12:23:32+00:00","breadcrumb":{"@id":"https:\/\/www.koonings.com\/de\/vip-paket\/#breadcrumb"},"inLanguage":"de","potentialAction":[{"@type":"ReadAction","target":["https:\/\/www.koonings.com\/de\/vip-paket\/"]}]},{"@type":"ImageObject","inLanguage":"de","@id":"https:\/\/www.koonings.com\/de\/vip-paket\/#primaryimage","url":"https:\/\/www.koonings.com\/wp-content\/uploads\/2024\/07\/vip_1_0-1024x689.jpg","contentUrl":"https:\/\/www.koonings.com\/wp-content\/uploads\/2024\/07\/vip_1_0-1024x689.jpg"},{"@type":"BreadcrumbList","@id":"https:\/\/www.koonings.com\/de\/vip-paket\/#breadcrumb","itemListElement":[{"@type":"ListItem","position":1,"name":"Home","item":"https:\/\/www.koonings.com\/de\/"},{"@type":"ListItem","position":2,"name":"VIP-Paket"}]},{"@type":"WebSite","@id":"https:\/\/www.koonings.com\/de\/#website","url":"https:\/\/www.koonings.com\/de\/","name":"Koonings","description":"De grootste bruidsmodewinkel ter wereld","publisher":{"@id":"https:\/\/www.koonings.com\/de\/#organization"},"potentialAction":[{"@type":"SearchAction","target":{"@type":"EntryPoint","urlTemplate":"https:\/\/www.koonings.com\/de\/?s={search_term_string}"},"query-input":{"@type":"PropertyValueSpecification","valueRequired":true,"valueName":"search_term_string"}}],"inLanguage":"de"},{"@type":"Organization","@id":"https:\/\/www.koonings.com\/de\/#organization","name":"Koonings","url":"https:\/\/www.koonings.com\/de\/","logo":{"@type":"ImageObject","inLanguage":"de","@id":"https:\/\/www.koonings.com\/de\/#\/schema\/logo\/image\/","url":"https:\/\/www.koonings.com\/wp-content\/uploads\/2024\/07\/logo.png","contentUrl":"https:\/\/www.koonings.com\/wp-content\/uploads\/2024\/07\/logo.png","width":600,"height":428,"caption":"Koonings"},"image":{"@id":"https:\/\/www.koonings.com\/de\/#\/schema\/logo\/image\/"},"sameAs":["https:\/\/www.facebook.com\/kooningstheweddingpalace","https:\/\/www.instagram.com\/kooningstheweddingpalace","https:\/\/www.pinterest.com\/koonings","https:\/\/www.youtube.com\/kooningstheweddingpalace"]}]}},"_links":{"self":[{"href":"https:\/\/www.koonings.com\/de\/wp-json\/wp\/v2\/pages\/16697","targetHints":{"allow":["GET"]}}],"collection":[{"href":"https:\/\/www.koonings.com\/de\/wp-json\/wp\/v2\/pages"}],"about":[{"href":"https:\/\/www.koonings.com\/de\/wp-json\/wp\/v2\/types\/page"}],"author":[{"embeddable":true,"href":"https:\/\/www.koonings.com\/de\/wp-json\/wp\/v2\/users\/1"}],"replies":[{"embeddable":true,"href":"https:\/\/www.koonings.com\/de\/wp-json\/wp\/v2\/comments?post=16697"}],"version-history":[{"count":8,"href":"https:\/\/www.koonings.com\/de\/wp-json\/wp\/v2\/pages\/16697\/revisions"}],"predecessor-version":[{"id":83652,"href":"https:\/\/www.koonings.com\/de\/wp-json\/wp\/v2\/pages\/16697\/revisions\/83652"}],"wp:attachment":[{"href":"https:\/\/www.koonings.com\/de\/wp-json\/wp\/v2\/media?parent=16697"}],"curies":[{"name":"wp","href":"https:\/\/api.w.org\/{rel}","templated":true}]}}